{"id":6430,"date":"2025-04-14T10:17:38","date_gmt":"2025-04-14T08:17:38","guid":{"rendered":"https:\/\/www.kliinikum.ee\/ho\/?page_id=6430"},"modified":"2026-02-19T12:42:40","modified_gmt":"2026-02-19T10:42:40","slug":"olulised-kontaktid","status":"publish","type":"page","link":"https:\/\/www.kliinikum.ee\/ho\/patsiendile\/olulised-kontaktid\/","title":{"rendered":"Olulised kontaktid"},"content":{"rendered":"\n<details class=\"wp-block-details has-base-background-color has-background is-layout-flow wp-block-details-is-layout-flow\" style=\"font-size:clamp(0.929rem, 0.929rem + ((1vw - 0.2rem) * 0.856), 1.4rem);\"><summary>Hematoloogia arstide telefoni k\u00f5netunnid<\/summary>\n<p>V\u00f5tke \u00fchendust, kui <br>\u2022 soovite teada saada oma uuringute v\u00f5i anal\u00fc\u00fcside vastuseid<br>\u2022 soovite edastada eelneva kokkuleppe alusel perearsti poolt teostatud anal\u00fc\u00fcside vastuseid<\/p>\n\n\n\n<p><\/p>\n\n\n\n<figure class=\"wp-block-table has-medium-font-size\"><table class=\"has-fixed-layout\"><tbody><tr><td>Ain Kaare<\/td><td>Kontakt l\u00e4bi \u00f5e vastuv\u00f5tu<\/td><td><\/td><\/tr><tr><td>Mari Punab<\/td><td>K 12:00-13:00<\/td><td>731 9661<\/td><\/tr><tr><td>Julia Abubikirova<\/td><td>N 12:30-13:00<\/td><td>731 9567<\/td><\/tr><tr><td>Jelena \u0160arina<br><br><\/td><td>K 12:30-13:00<br>N 15:00-15:30<br><\/td><td>731 9567<br>731 9848<br><\/td><\/tr><tr><td>Jane Lehtmaa<\/td><td>T 15:00-16:00<\/td><td>731 9567<\/td><\/tr><tr><td>Lenne-Triin K\u00f5rgvee<\/td><td>N 14:00-15:00<\/td><td>731 9661<\/td><\/tr><tr><td>Maris P\u00e4rnat<\/td><td>T 12:00-13:00<\/td><td>731 9848<\/td><\/tr><tr><td>Hazem M.M. Ali<\/td><td>K 12:00-12:30<br>R 12:00-12:30<\/td><td>731 9848<\/td><\/tr><tr><td>Marju Hein<\/td><td>K 15:00-15:30<\/td><td>731 9848<\/td><\/tr><tr><td>Sirje Mikkel<\/td><td>T 11:00-12:00<br>N 14:00-15:00<\/td><td>731 9661<br>731 9814<\/td><\/tr><tr><td>Olga R\u00e4tsep<\/td><td>Kontakt l\u00e4bi \u00f5e vastuv\u00f5tu<\/td><td><\/td><\/tr><tr><td>Ann Bell<\/td><td>K 12:30-13:00<\/td><td>731 9567<\/td><\/tr><tr><td>Triin Pohlak<\/td><td>N 11:30-12:30<\/td><td>731 9661<\/td><\/tr><tr><td>Bruno Saar<\/td><td>E-R 9:00-15:00<\/td><td>5321 7270<\/td><\/tr><\/tbody><\/table><\/figure>\n<\/details>\n\n\n\n<p><\/p>\n\n\n\n<details class=\"wp-block-details has-base-background-color has-background is-layout-flow wp-block-details-is-layout-flow\" style=\"font-size:clamp(0.929rem, 0.929rem + ((1vw - 0.2rem) * 0.856), 1.4rem);\"><summary>Hematoloogia \u00f5de-n\u00f5ustaja<\/summary>\n<p>5331 9893, 731 9893<br>hematoloogiaode@kliinikum.ee<\/p>\n\n\n\n<p>V\u00f5tke \u00fchendust t\u00f6\u00f6ajal E-R 9:00-14:00, kui <\/p>\n\n\n\n<p>\u2022 on tekkinud erakorraline tervisliku seisundi muutus<br>\u2022 mistahes probleemide korral, mis puudutavad teie tervislikku seisundit ja ravi<br>\u2022 soovite retsepti pikendada.<\/p>\n<\/details>\n\n\n\n<p><\/p>\n\n\n\n<p><\/p>\n\n\n\n<div class=\"wp-block-group has-global-padding\"><div class=\"wp-block-group__inner-container is-layout-constrained wp-block-group-is-layout-constrained\">\n<details class=\"wp-block-details has-base-background-color has-background is-layout-flow wp-block-details-is-layout-flow\" style=\"font-size:clamp(0.929rem, 0.929rem + ((1vw - 0.2rem) * 0.856), 1.4rem);\"><summary>Hematoloogia arsti assistent<\/summary>\n<p>Telefon 731 9567, 731 9848 ja 731 9661<\/p>\n\n\n\n<p>V\u00f5tke \u00fchendust E-R 8:00-14:00, kui soovite vastuv\u00f5tuaega muuta v\u00f5i vajate korduvat vastuv\u00f5tuaega.<\/p>\n\n\n\n<p><\/p>\n<\/details>\n<\/div><\/div>\n\n\n\n<p><\/p>\n\n\n\n<details class=\"wp-block-details has-base-background-color has-background is-layout-flow wp-block-details-is-layout-flow\" style=\"font-size:clamp(0.929rem, 0.929rem + ((1vw - 0.2rem) * 0.856), 1.4rem);\"><summary>Radio- ja onkoteraapia arstide k\u00f5netunnid<\/summary>\n<figure class=\"wp-block-table has-medium-font-size\"><table class=\"has-fixed-layout\"><tbody><tr><td>Elina Lehtmaa<\/td><td>T ja R       9:00-10:00<\/td><td>731 7260<\/td><\/tr><tr><td>Hannes J\u00fcrgens<\/td><td>E, T ja N 10:00-12:00<\/td><td>731 9163<\/td><\/tr><tr><td>Jana Jaal<\/td><td>N 14:00-15:00<\/td><td>731 9821<\/td><\/tr><tr><td>Erich Soomere<\/td><td>N 10:00-11:00<\/td><td>731 7256<\/td><\/tr><tr><td>Jaanika Narits<\/td><td>T 12:30-14:30<\/td><td>731 9817<\/td><\/tr><tr><td>Kaarel Nurk<\/td><td>E, K, N ja R 10:00-11:00<\/td><td>731 7264<\/td><\/tr><tr><td>Karin Klaup<\/td><td>Karin.Klaup@kliinikum.ee<\/td><td><\/td><\/tr><tr><td>Kersti Kallak<\/td><td>T 14:00-15:00<br>N 10:00-11:00<\/td><td>731 8816<\/td><\/tr><tr><td>Kertu Kuldsaar<\/td><td>T ja N 10:00-14:00<\/td><td>731 9989<\/td><\/tr><tr><td>Krista Leppik<\/td><td>N 10:00-11:00<\/td><td>731 9812<\/td><\/tr><tr><td>Madis Joonsalu<\/td><td>E, T ja N 13:00-15:00<\/td><td>731 8815<\/td><\/tr><tr><td>Margit-Maie Marjam\u00e4gi<\/td><td>T, K ja N 7:45-9:00<\/td><td>731 9810<\/td><\/tr><tr><td>Marju Kase<\/td><td>T 13:00-14:00<\/td><td>731 9049<\/td><\/tr><tr><td>Peeter Padrik<\/td><td>T 15:00-15:30<\/td><td>731 9824 v\u00f5i 5331 9800<\/td><\/tr><tr><td>Triin K\u00fctt<\/td><td>T, K, ja R 8:00-16:00<\/td><td>731 9818<\/td><\/tr><tr><td>T\u00f5nu J\u00f5gi<\/td><td>E ja R 10:00-11:00<\/td><td>731 8819<\/td><\/tr><tr><td>Vladislav Panenko<\/td><td>E, T ja N 10:00-11:00<\/td><td>731 7269<\/td><\/tr><\/tbody><\/table><\/figure>\n<\/details>\n\n\n\n<p><\/p>\n\n\n\n<p><\/p>\n\n\n\n<details class=\"wp-block-details has-base-background-color has-background is-layout-flow wp-block-details-is-layout-flow\" style=\"font-size:clamp(0.929rem, 0.929rem + ((1vw - 0.2rem) * 0.856), 1.4rem);\"><summary>Radio- ja onkoteraapia \u00f5de-n\u00f5ustaja<\/summary>\n<p>V\u00f5tke \u00fchendust t\u00f6\u00f6ajal E-R 8:00-15:00, kui on tekkinud tervisliku seisundi muutus ning mistahes probleemide korral, mis puudutavad teie tervislikku seisundit ja ravi.<\/p>\n\n\n\n<figure class=\"wp-block-table has-medium-font-size\"><table class=\"has-fixed-layout\"><tbody><tr><td>Natalja Ostapenko<\/td><td>5331 9892<\/td><td>natalja.ostapenko@kliinikum.ee<\/td><\/tr><tr><td>Maarja Saarm\u00e4e<\/td><td>5331 9883<\/td><td>maarja.saarmae@kliinikum.ee<\/td><\/tr><tr><td>Kadi Timma<\/td><td>5331 9809<\/td><td>kadi.timma@kliinikum.ee<\/td><\/tr><tr><td>Liidia Klemmer<\/td><td>5321 7255<\/td><td>liidia.klemmer@kliinikum.ee<\/td><\/tr><\/tbody><\/table><\/figure>\n<\/details>\n\n\n\n<p><\/p>\n\n\n\n<details class=\"wp-block-details has-base-background-color has-background is-layout-flow wp-block-details-is-layout-flow\" style=\"font-size:clamp(0.929rem, 0.929rem + ((1vw - 0.2rem) * 0.856), 1.4rem);\"><summary>Toetav ehk palliatiivravi<\/summary>\n<p><strong>Ulvi Toots<\/strong> <\/p>\n\n\n\n<p>telefon 5331 9823<\/p>\n\n\n\n<p>V\u00f5tke \u00fchendust E-R 8:30-16:00, kui vajate ambulatoorset v\u00f5i statsionaarset palliatiivravi ning kui vajate hospiitsteenust.<\/p>\n\n\n\n<p>Palliatiivravi \u00f5de-koordinaator, telefon 731 7113, palliatiivravi@kliinikum.ee<\/p>\n<\/details>\n\n\n\n<p><\/p>\n\n\n\n<details class=\"wp-block-details has-base-background-color has-background is-layout-flow wp-block-details-is-layout-flow\" style=\"font-size:clamp(0.929rem, 0.929rem + ((1vw - 0.2rem) * 0.856), 1.4rem);\"><summary>Kliiniline ps\u00fchholoog<\/summary>\n<p>Signe Punnisk<br>Geoffrey Robert Longhurst<\/p>\n\n\n\n<p>Vastuv\u00f5tule registreerimine: 7318 802 v\u00f5i onkopsuhholoog@kliinikum.ee<\/p>\n\n\n\n<p>\u2022 Vajate kriisiabi.<br>\u2022 Vajate abi ps\u00fchholoogiliste vajaduste m\u00e4\u00e4ratlemisel.<br>\u2022 Vajate individuaalset ja\/v\u00f5i peren\u00f5ustamist, ps\u00fchhoteraapiat.<br>\u2022 Vajate oskusi ja teadmisi, kuidas raskustega efektiivselt toime tulla.<br>\u2022 Teie l\u00e4hedane v\u00f5i pere vajab ps\u00fchholoogilist tuge.<\/p>\n\n\n\n<p><\/p>\n<\/details>\n\n\n\n<p><\/p>\n\n\n\n<details class=\"wp-block-details has-base-background-color has-background is-layout-flow wp-block-details-is-layout-flow\" style=\"font-size:clamp(0.929rem, 0.929rem + ((1vw - 0.2rem) * 0.856), 1.4rem);\"><summary>Sotsiaalt\u00f6\u00f6taja<\/summary>\n<p>Katrin Kirsim\u00e4e<\/p>\n\n\n\n<p>53318604, 731 8604<br>katrin.kirsimae@kliinikum.ee<\/p>\n\n\n\n<p>\u2022 Vajate infot kohaliku omavalituse ning eraorganisatsioonide poolt pakutavate toetuste ja teenuste kohta nt hooldus-ja \u00f5endusabiteenused (statsionaarne \u00f5endusabi, kodu\u00f5endus, koduhooldus, p\u00e4evakeskused, hooldekodud).<br>\u2022 Vajate abi t\u00f6\u00f6v\u00f5ime hindamise ja puude raskusastme tuvastamise taotlemisel, rehabilitatsiooniteenuste saamisel.<br>\u2022 Vajate n\u00f5u, milliseid sobivaid teenuseid ja toetusi vajaksite ning milliseid teenusepakkujaid on olemas.<br>\u2022 Vajate abi suhtlemisel, asjaajamisel ja vajalike dokumentide vormistamisel ametiasutustega (sotsiaalkindlustusamet, haigekassa, t\u00f6\u00f6tukassa).<br>\u2022 Raviarsti otsusest l\u00e4htuvalt vajate abi j\u00e4relravile suunamisel (statsionaarne \u00f5endusabi, j\u00e4relravi haiglas, kodu\u00f5endus jm).<\/p>\n<\/details>\n","protected":false},"excerpt":{"rendered":"","protected":false},"author":34,"featured_media":0,"parent":15,"menu_order":0,"comment_status":"closed","ping_status":"closed","template":"","meta":{"_acf_changed":false,"_uag_custom_page_level_css":"","footnotes":""},"class_list":["post-6430","page","type-page","status-publish","hentry"],"acf":[],"yoast_head":"<!-- This site is optimized with the Yoast SEO plugin v27.4 - https:\/\/yoast.com\/product\/yoast-seo-wordpress\/ -->\n<title>Olulised kontaktid - Hematoloogia-onkoloogia kliinik<\/title>\n<meta name=\"robots\" content=\"index, follow, max-snippet:-1, max-image-preview:large, max-video-preview:-1\" \/>\n<link rel=\"canonical\" href=\"https:\/\/www.kliinikum.ee\/ho\/patsiendile\/olulised-kontaktid\/\" \/>\n<meta property=\"og:locale\" content=\"et_EE\" \/>\n<meta property=\"og:type\" content=\"article\" \/>\n<meta property=\"og:title\" content=\"Olulised kontaktid - Hematoloogia-onkoloogia kliinik\" \/>\n<meta property=\"og:url\" content=\"https:\/\/www.kliinikum.ee\/ho\/patsiendile\/olulised-kontaktid\/\" \/>\n<meta property=\"og:site_name\" content=\"Hematoloogia-onkoloogia kliinik\" \/>\n<meta property=\"article:modified_time\" content=\"2026-02-19T10:42:40+00:00\" \/>\n<meta name=\"twitter:card\" content=\"summary_large_image\" \/>\n<meta name=\"twitter:label1\" content=\"Est. reading time\" \/>\n\t<meta name=\"twitter:data1\" content=\"3 minutit\" \/>\n<script type=\"application\/ld+json\" class=\"yoast-schema-graph\">{\"@context\":\"https:\\\/\\\/schema.org\",\"@graph\":[{\"@type\":\"WebPage\",\"@id\":\"https:\\\/\\\/www.kliinikum.ee\\\/ho\\\/patsiendile\\\/olulised-kontaktid\\\/\",\"url\":\"https:\\\/\\\/www.kliinikum.ee\\\/ho\\\/patsiendile\\\/olulised-kontaktid\\\/\",\"name\":\"Olulised kontaktid - Hematoloogia-onkoloogia kliinik\",\"isPartOf\":{\"@id\":\"https:\\\/\\\/www.kliinikum.ee\\\/ho\\\/#website\"},\"datePublished\":\"2025-04-14T08:17:38+00:00\",\"dateModified\":\"2026-02-19T10:42:40+00:00\",\"breadcrumb\":{\"@id\":\"https:\\\/\\\/www.kliinikum.ee\\\/ho\\\/patsiendile\\\/olulised-kontaktid\\\/#breadcrumb\"},\"inLanguage\":\"et\",\"potentialAction\":[{\"@type\":\"ReadAction\",\"target\":[\"https:\\\/\\\/www.kliinikum.ee\\\/ho\\\/patsiendile\\\/olulised-kontaktid\\\/\"]}]},{\"@type\":\"BreadcrumbList\",\"@id\":\"https:\\\/\\\/www.kliinikum.ee\\\/ho\\\/patsiendile\\\/olulised-kontaktid\\\/#breadcrumb\",\"itemListElement\":[{\"@type\":\"ListItem\",\"position\":1,\"name\":\"Home\",\"item\":\"https:\\\/\\\/www.kliinikum.ee\\\/ho\\\/\"},{\"@type\":\"ListItem\",\"position\":2,\"name\":\"Patsiendile\",\"item\":\"https:\\\/\\\/www.kliinikum.ee\\\/ho\\\/patsiendile\\\/\"},{\"@type\":\"ListItem\",\"position\":3,\"name\":\"Olulised kontaktid\"}]},{\"@type\":\"WebSite\",\"@id\":\"https:\\\/\\\/www.kliinikum.ee\\\/ho\\\/#website\",\"url\":\"https:\\\/\\\/www.kliinikum.ee\\\/ho\\\/\",\"name\":\"Hematoloogia-onkoloogia kliinik\",\"description\":\"Hoolivus, Uuendusmeelsus, P\u00e4devus ja Usaldusv\u00e4\u00e4rsus\",\"potentialAction\":[{\"@type\":\"SearchAction\",\"target\":{\"@type\":\"EntryPoint\",\"urlTemplate\":\"https:\\\/\\\/www.kliinikum.ee\\\/ho\\\/?s={search_term_string}\"},\"query-input\":{\"@type\":\"PropertyValueSpecification\",\"valueRequired\":true,\"valueName\":\"search_term_string\"}}],\"inLanguage\":\"et\"}]}<\/script>\n<!-- \/ Yoast SEO plugin. -->","yoast_head_json":{"title":"Olulised kontaktid - Hematoloogia-onkoloogia kliinik","robots":{"index":"index","follow":"follow","max-snippet":"max-snippet:-1","max-image-preview":"max-image-preview:large","max-video-preview":"max-video-preview:-1"},"canonical":"https:\/\/www.kliinikum.ee\/ho\/patsiendile\/olulised-kontaktid\/","og_locale":"et_EE","og_type":"article","og_title":"Olulised kontaktid - Hematoloogia-onkoloogia kliinik","og_url":"https:\/\/www.kliinikum.ee\/ho\/patsiendile\/olulised-kontaktid\/","og_site_name":"Hematoloogia-onkoloogia kliinik","article_modified_time":"2026-02-19T10:42:40+00:00","twitter_card":"summary_large_image","twitter_misc":{"Est. reading time":"3 minutit"},"schema":{"@context":"https:\/\/schema.org","@graph":[{"@type":"WebPage","@id":"https:\/\/www.kliinikum.ee\/ho\/patsiendile\/olulised-kontaktid\/","url":"https:\/\/www.kliinikum.ee\/ho\/patsiendile\/olulised-kontaktid\/","name":"Olulised kontaktid - Hematoloogia-onkoloogia kliinik","isPartOf":{"@id":"https:\/\/www.kliinikum.ee\/ho\/#website"},"datePublished":"2025-04-14T08:17:38+00:00","dateModified":"2026-02-19T10:42:40+00:00","breadcrumb":{"@id":"https:\/\/www.kliinikum.ee\/ho\/patsiendile\/olulised-kontaktid\/#breadcrumb"},"inLanguage":"et","potentialAction":[{"@type":"ReadAction","target":["https:\/\/www.kliinikum.ee\/ho\/patsiendile\/olulised-kontaktid\/"]}]},{"@type":"BreadcrumbList","@id":"https:\/\/www.kliinikum.ee\/ho\/patsiendile\/olulised-kontaktid\/#breadcrumb","itemListElement":[{"@type":"ListItem","position":1,"name":"Home","item":"https:\/\/www.kliinikum.ee\/ho\/"},{"@type":"ListItem","position":2,"name":"Patsiendile","item":"https:\/\/www.kliinikum.ee\/ho\/patsiendile\/"},{"@type":"ListItem","position":3,"name":"Olulised kontaktid"}]},{"@type":"WebSite","@id":"https:\/\/www.kliinikum.ee\/ho\/#website","url":"https:\/\/www.kliinikum.ee\/ho\/","name":"Hematoloogia-onkoloogia kliinik","description":"Hoolivus, Uuendusmeelsus, P\u00e4devus ja Usaldusv\u00e4\u00e4rsus","potentialAction":[{"@type":"SearchAction","target":{"@type":"EntryPoint","urlTemplate":"https:\/\/www.kliinikum.ee\/ho\/?s={search_term_string}"},"query-input":{"@type":"PropertyValueSpecification","valueRequired":true,"valueName":"search_term_string"}}],"inLanguage":"et"}]}},"uagb_featured_image_src":{"full":false,"thumbnail":false,"medium":false,"medium_large":false,"large":false,"1536x1536":false,"2048x2048":false},"uagb_author_info":{"display_name":"Jane Freimann","author_link":"https:\/\/www.kliinikum.ee\/ho\/author\/janef\/"},"uagb_comment_info":0,"uagb_excerpt":null,"_links":{"self":[{"href":"https:\/\/www.kliinikum.ee\/ho\/wp-json\/wp\/v2\/pages\/6430","targetHints":{"allow":["GET"]}}],"collection":[{"href":"https:\/\/www.kliinikum.ee\/ho\/wp-json\/wp\/v2\/pages"}],"about":[{"href":"https:\/\/www.kliinikum.ee\/ho\/wp-json\/wp\/v2\/types\/page"}],"author":[{"embeddable":true,"href":"https:\/\/www.kliinikum.ee\/ho\/wp-json\/wp\/v2\/users\/34"}],"replies":[{"embeddable":true,"href":"https:\/\/www.kliinikum.ee\/ho\/wp-json\/wp\/v2\/comments?post=6430"}],"version-history":[{"count":0,"href":"https:\/\/www.kliinikum.ee\/ho\/wp-json\/wp\/v2\/pages\/6430\/revisions"}],"up":[{"embeddable":true,"href":"https:\/\/www.kliinikum.ee\/ho\/wp-json\/wp\/v2\/pages\/15"}],"wp:attachment":[{"href":"https:\/\/www.kliinikum.ee\/ho\/wp-json\/wp\/v2\/media?parent=6430"}],"curies":[{"name":"wp","href":"https:\/\/api.w.org\/{rel}","templated":true}]}}