{"id":6432,"date":"2025-04-14T10:18:34","date_gmt":"2025-04-14T08:18:34","guid":{"rendered":"https:\/\/www.kliinikum.ee\/ho\/?page_id=6432"},"modified":"2026-03-09T09:52:46","modified_gmt":"2026-03-09T07:52:46","slug":"laborianaluusid","status":"publish","type":"page","link":"https:\/\/www.kliinikum.ee\/ho\/patsiendile\/laborianaluusid\/","title":{"rendered":"Laborianal\u00fc\u00fcside andmine"},"content":{"rendered":"\n<p class=\"has-medium-font-size\">Hematoloogia osakonna patsiendid saavad vereanal\u00fc\u00fcse anda J-korpuse kabinetis Jxx ja Jxx, selleks tuleb v\u00f5tta Jxx ukse k\u00f5rval asuvast numbriautomaadist \u201eveenivere v\u00f5tmine\u201c ja otsida v\u00e4lja isikut t\u00f5endav dokument.<\/p>\n\n\n\n<p class=\"has-medium-font-size\">J\u00e4rjekorranumbrid ilmuvad ukse kohal asuvale tabloole. Kui teie number ilmub tabloole, sisenege kabinetti, kus teil v\u00f5etakse vereanal\u00fc\u00fcs.<\/p>\n\n\n\n<p class=\"has-medium-font-size\">Onko- ja radioteraapia osakonna patsiendid saavad vereanal\u00fc\u00fcse anda J-korpuse kabinetis 32, selleks tuleb v\u00f5tta ukse k\u00f5rval asuvast numbriautomaadist \u201eveenivere v\u00f5tmine\u201c ja otsida v\u00e4lja isikut t\u00f5endav dokument.<\/p>\n\n\n\n<p class=\"has-medium-font-size\">Numbrid ilmuvad ukse kohal asuvale tabloole. Kui teie number ilmub tabloole, sisenege kabinetti, kus teil v\u00f5etakse vereanal\u00fc\u00fcs.<\/p>\n\n\n\n<p class=\"has-medium-font-size\">Vereanal\u00fc\u00fcse on v\u00f5imalik anda ka kodukoha haiglas p\u00e4ev varem. Kui Teil on selline v\u00f5imalus, siis kindlasti soovitame seda kasutada. Sellisel puhul on Teie ajakulu v\u00e4iksem, sest sellel juhul j\u00e4\u00e4b vastuv\u00f5tu p\u00e4eval  \u00e4ra anal\u00fc\u00fcside vastuste saabumise ooteaeg.<\/p>\n\n\n\n<div class=\"wp-block-uagb-icon-list uagb-block-503f006f\"><div class=\"uagb-icon-list__wrap\">\n<div class=\"wp-block-uagb-icon-list-child uagb-block-e961846b\"><a target=\"_blank\" aria-label=\"Tartus\" rel=\"noopener noreferrer\" href=\"https:\/\/www.kliinikum.ee\/yhendlabor\/patsiendile\/laborianaluusi-andmine-kodulahedases-haiglas\/\"> <\/a><span class=\"uagb-icon-list__source-wrap\"><svg xmlns=\"https:\/\/www.w3.org\/2000\/svg\" viewBox=\"0 0 512 512\"><path d=\"M256 0C114.6 0 0 114.6 0 256c0 141.4 114.6 256 256 256s256-114.6 256-256C512 114.6 397.4 0 256 0zM406.6 278.6l-103.1 103.1c-12.5 12.5-32.75 12.5-45.25 0s-12.5-32.75 0-45.25L306.8 288H128C110.3 288 96 273.7 96 256s14.31-32 32-32h178.8l-49.38-49.38c-12.5-12.5-12.5-32.75 0-45.25s32.75-12.5 45.25 0l103.1 103.1C414.6 241.3 416 251.1 416 256C416 260.9 414.6 270.7 406.6 278.6z\"><\/path><\/svg><\/span><span class=\"uagb-icon-list__label\">Tartus<\/span><\/div>\n\n\n\n<div class=\"wp-block-uagb-icon-list-child uagb-block-0d71fb6f\"><a target=\"_blank\" aria-label=\"Tallinnas\" rel=\"noopener noreferrer\" href=\"https:\/\/www.kliinikum.ee\/yhendlabor\/patsiendile\/laborianaluusi-andmine-kodulahedases-haiglas\/\"> <\/a><span class=\"uagb-icon-list__source-wrap\"><svg xmlns=\"https:\/\/www.w3.org\/2000\/svg\" viewBox=\"0 0 512 512\"><path d=\"M256 0C114.6 0 0 114.6 0 256c0 141.4 114.6 256 256 256s256-114.6 256-256C512 114.6 397.4 0 256 0zM406.6 278.6l-103.1 103.1c-12.5 12.5-32.75 12.5-45.25 0s-12.5-32.75 0-45.25L306.8 288H128C110.3 288 96 273.7 96 256s14.31-32 32-32h178.8l-49.38-49.38c-12.5-12.5-12.5-32.75 0-45.25s32.75-12.5 45.25 0l103.1 103.1C414.6 241.3 416 251.1 416 256C416 260.9 414.6 270.7 406.6 278.6z\"><\/path><\/svg><\/span><span class=\"uagb-icon-list__label\">Tallinnas<\/span><\/div>\n\n\n\n<div class=\"wp-block-uagb-icon-list-child uagb-block-6cf4bc4c\"><a target=\"_blank\" aria-label=\"Ida Virumaal\" rel=\"noopener noreferrer\" href=\"https:\/\/www.kliinikum.ee\/ho\/laborianaluusid-ida-virus\/\"> <\/a><span class=\"uagb-icon-list__source-wrap\"><svg xmlns=\"https:\/\/www.w3.org\/2000\/svg\" viewBox=\"0 0 512 512\"><path d=\"M256 0C114.6 0 0 114.6 0 256c0 141.4 114.6 256 256 256s256-114.6 256-256C512 114.6 397.4 0 256 0zM406.6 278.6l-103.1 103.1c-12.5 12.5-32.75 12.5-45.25 0s-12.5-32.75 0-45.25L306.8 288H128C110.3 288 96 273.7 96 256s14.31-32 32-32h178.8l-49.38-49.38c-12.5-12.5-12.5-32.75 0-45.25s32.75-12.5 45.25 0l103.1 103.1C414.6 241.3 416 251.1 416 256C416 260.9 414.6 270.7 406.6 278.6z\"><\/path><\/svg><\/span><span class=\"uagb-icon-list__label\">Ida Virumaal<\/span><\/div>\n\n\n\n<div class=\"wp-block-uagb-icon-list-child uagb-block-6d5da291\"><a target=\"_blank\" aria-label=\"V\u00f5rus\" rel=\"noopener noreferrer\" href=\"https:\/\/www.kliinikum.ee\/yhendlabor\/patsiendile\/laborianaluusi-andmine-kodulahedases-haiglas\/\"> <\/a><span class=\"uagb-icon-list__source-wrap\"><svg xmlns=\"https:\/\/www.w3.org\/2000\/svg\" viewBox=\"0 0 512 512\"><path d=\"M256 0C114.6 0 0 114.6 0 256c0 141.4 114.6 256 256 256s256-114.6 256-256C512 114.6 397.4 0 256 0zM406.6 278.6l-103.1 103.1c-12.5 12.5-32.75 12.5-45.25 0s-12.5-32.75 0-45.25L306.8 288H128C110.3 288 96 273.7 96 256s14.31-32 32-32h178.8l-49.38-49.38c-12.5-12.5-12.5-32.75 0-45.25s32.75-12.5 45.25 0l103.1 103.1C414.6 241.3 416 251.1 416 256C416 260.9 414.6 270.7 406.6 278.6z\"><\/path><\/svg><\/span><span class=\"uagb-icon-list__label\">V\u00f5rus<\/span><\/div>\n\n\n\n<div class=\"wp-block-uagb-icon-list-child uagb-block-ecb023f7\"><a target=\"_blank\" aria-label=\"Valgas\" rel=\"noopener noreferrer\" href=\"https:\/\/www.kliinikum.ee\/yhendlabor\/patsiendile\/laborianaluusi-andmine-kodulahedases-haiglas\/\"> <\/a><span class=\"uagb-icon-list__source-wrap\"><svg xmlns=\"https:\/\/www.w3.org\/2000\/svg\" viewBox=\"0 0 512 512\"><path d=\"M256 0C114.6 0 0 114.6 0 256c0 141.4 114.6 256 256 256s256-114.6 256-256C512 114.6 397.4 0 256 0zM406.6 278.6l-103.1 103.1c-12.5 12.5-32.75 12.5-45.25 0s-12.5-32.75 0-45.25L306.8 288H128C110.3 288 96 273.7 96 256s14.31-32 32-32h178.8l-49.38-49.38c-12.5-12.5-12.5-32.75 0-45.25s32.75-12.5 45.25 0l103.1 103.1C414.6 241.3 416 251.1 416 256C416 260.9 414.6 270.7 406.6 278.6z\"><\/path><\/svg><\/span><span class=\"uagb-icon-list__label\">Valgas<\/span><\/div>\n\n\n\n<div class=\"wp-block-uagb-icon-list-child uagb-block-5cb665e5\"><a target=\"_blank\" aria-label=\"Viljandis\" rel=\"noopener noreferrer\" href=\"https:\/\/www.kliinikum.ee\/yhendlabor\/patsiendile\/laborianaluusi-andmine-kodulahedases-haiglas\/\"> <\/a><span class=\"uagb-icon-list__source-wrap\"><svg xmlns=\"https:\/\/www.w3.org\/2000\/svg\" viewBox=\"0 0 512 512\"><path d=\"M256 0C114.6 0 0 114.6 0 256c0 141.4 114.6 256 256 256s256-114.6 256-256C512 114.6 397.4 0 256 0zM406.6 278.6l-103.1 103.1c-12.5 12.5-32.75 12.5-45.25 0s-12.5-32.75 0-45.25L306.8 288H128C110.3 288 96 273.7 96 256s14.31-32 32-32h178.8l-49.38-49.38c-12.5-12.5-12.5-32.75 0-45.25s32.75-12.5 45.25 0l103.1 103.1C414.6 241.3 416 251.1 416 256C416 260.9 414.6 270.7 406.6 278.6z\"><\/path><\/svg><\/span><span class=\"uagb-icon-list__label\">Viljandis<\/span><\/div>\n\n\n\n<div class=\"wp-block-uagb-icon-list-child uagb-block-e3cc3572\"><a target=\"_blank\" aria-label=\"P\u00f5lvas\" rel=\"noopener noreferrer\" href=\"https:\/\/www.kliinikum.ee\/yhendlabor\/patsiendile\/laborianaluusi-andmine-kodulahedases-haiglas\/\"> <\/a><span class=\"uagb-icon-list__source-wrap\"><svg xmlns=\"https:\/\/www.w3.org\/2000\/svg\" viewBox=\"0 0 512 512\"><path d=\"M256 0C114.6 0 0 114.6 0 256c0 141.4 114.6 256 256 256s256-114.6 256-256C512 114.6 397.4 0 256 0zM406.6 278.6l-103.1 103.1c-12.5 12.5-32.75 12.5-45.25 0s-12.5-32.75 0-45.25L306.8 288H128C110.3 288 96 273.7 96 256s14.31-32 32-32h178.8l-49.38-49.38c-12.5-12.5-12.5-32.75 0-45.25s32.75-12.5 45.25 0l103.1 103.1C414.6 241.3 416 251.1 416 256C416 260.9 414.6 270.7 406.6 278.6z\"><\/path><\/svg><\/span><span class=\"uagb-icon-list__label\">P\u00f5lvas<\/span><\/div>\n<\/div><\/div>\n\n\n\n<p><\/p>\n","protected":false},"excerpt":{"rendered":"<p>Hematoloogia osakonna patsiendid saavad vereanal\u00fc\u00fcse anda J-korpuse kabinetis Jxx ja Jxx, selleks tuleb v\u00f5tta Jxx ukse k\u00f5rval asuvast numbriautomaadist \u201eveenivere v\u00f5tmine\u201c ja otsida v\u00e4lja isikut t\u00f5endav dokument. J\u00e4rjekorranumbrid ilmuvad ukse kohal asuvale tabloole. Kui teie number ilmub tabloole, sisenege kabinetti, kus teil v\u00f5etakse vereanal\u00fc\u00fcs. Onko- ja radioteraapia osakonna patsiendid saavad vereanal\u00fc\u00fcse anda J-korpuse kabinetis 32, [&hellip;]<\/p>\n","protected":false},"author":34,"featured_media":0,"parent":15,"menu_order":0,"comment_status":"closed","ping_status":"closed","template":"","meta":{"_acf_changed":false,"_uag_custom_page_level_css":"","footnotes":""},"class_list":["post-6432","page","type-page","status-publish","hentry"],"acf":[],"yoast_head":"<!-- This site is optimized with the Yoast SEO plugin v27.4 - https:\/\/yoast.com\/product\/yoast-seo-wordpress\/ -->\n<title>Laborianal\u00fc\u00fcside andmine - Hematoloogia-onkoloogia kliinik<\/title>\n<meta name=\"robots\" content=\"index, follow, max-snippet:-1, max-image-preview:large, max-video-preview:-1\" \/>\n<link rel=\"canonical\" href=\"https:\/\/www.kliinikum.ee\/ho\/patsiendile\/laborianaluusid\/\" \/>\n<meta property=\"og:locale\" content=\"et_EE\" \/>\n<meta property=\"og:type\" content=\"article\" \/>\n<meta property=\"og:title\" content=\"Laborianal\u00fc\u00fcside andmine - Hematoloogia-onkoloogia kliinik\" \/>\n<meta property=\"og:description\" content=\"Hematoloogia osakonna patsiendid saavad vereanal\u00fc\u00fcse anda J-korpuse kabinetis Jxx ja Jxx, selleks tuleb v\u00f5tta Jxx ukse k\u00f5rval asuvast numbriautomaadist \u201eveenivere v\u00f5tmine\u201c ja otsida v\u00e4lja isikut t\u00f5endav dokument. J\u00e4rjekorranumbrid ilmuvad ukse kohal asuvale tabloole. Kui teie number ilmub tabloole, sisenege kabinetti, kus teil v\u00f5etakse vereanal\u00fc\u00fcs. Onko- ja radioteraapia osakonna patsiendid saavad vereanal\u00fc\u00fcse anda J-korpuse kabinetis 32, [&hellip;]\" \/>\n<meta property=\"og:url\" content=\"https:\/\/www.kliinikum.ee\/ho\/patsiendile\/laborianaluusid\/\" \/>\n<meta property=\"og:site_name\" content=\"Hematoloogia-onkoloogia kliinik\" \/>\n<meta property=\"article:modified_time\" content=\"2026-03-09T07:52:46+00:00\" \/>\n<meta name=\"twitter:card\" content=\"summary_large_image\" \/>\n<meta name=\"twitter:label1\" content=\"Est. reading time\" \/>\n\t<meta name=\"twitter:data1\" content=\"1 minut\" \/>\n<script type=\"application\/ld+json\" class=\"yoast-schema-graph\">{\"@context\":\"https:\\\/\\\/schema.org\",\"@graph\":[{\"@type\":\"WebPage\",\"@id\":\"https:\\\/\\\/www.kliinikum.ee\\\/ho\\\/patsiendile\\\/laborianaluusid\\\/\",\"url\":\"https:\\\/\\\/www.kliinikum.ee\\\/ho\\\/patsiendile\\\/laborianaluusid\\\/\",\"name\":\"Laborianal\u00fc\u00fcside andmine - Hematoloogia-onkoloogia kliinik\",\"isPartOf\":{\"@id\":\"https:\\\/\\\/www.kliinikum.ee\\\/ho\\\/#website\"},\"datePublished\":\"2025-04-14T08:18:34+00:00\",\"dateModified\":\"2026-03-09T07:52:46+00:00\",\"breadcrumb\":{\"@id\":\"https:\\\/\\\/www.kliinikum.ee\\\/ho\\\/patsiendile\\\/laborianaluusid\\\/#breadcrumb\"},\"inLanguage\":\"et\",\"potentialAction\":[{\"@type\":\"ReadAction\",\"target\":[\"https:\\\/\\\/www.kliinikum.ee\\\/ho\\\/patsiendile\\\/laborianaluusid\\\/\"]}]},{\"@type\":\"BreadcrumbList\",\"@id\":\"https:\\\/\\\/www.kliinikum.ee\\\/ho\\\/patsiendile\\\/laborianaluusid\\\/#breadcrumb\",\"itemListElement\":[{\"@type\":\"ListItem\",\"position\":1,\"name\":\"Home\",\"item\":\"https:\\\/\\\/www.kliinikum.ee\\\/ho\\\/\"},{\"@type\":\"ListItem\",\"position\":2,\"name\":\"Patsiendile\",\"item\":\"https:\\\/\\\/www.kliinikum.ee\\\/ho\\\/patsiendile\\\/\"},{\"@type\":\"ListItem\",\"position\":3,\"name\":\"Laborianal\u00fc\u00fcside andmine\"}]},{\"@type\":\"WebSite\",\"@id\":\"https:\\\/\\\/www.kliinikum.ee\\\/ho\\\/#website\",\"url\":\"https:\\\/\\\/www.kliinikum.ee\\\/ho\\\/\",\"name\":\"Hematoloogia-onkoloogia kliinik\",\"description\":\"Hoolivus, Uuendusmeelsus, P\u00e4devus ja Usaldusv\u00e4\u00e4rsus\",\"potentialAction\":[{\"@type\":\"SearchAction\",\"target\":{\"@type\":\"EntryPoint\",\"urlTemplate\":\"https:\\\/\\\/www.kliinikum.ee\\\/ho\\\/?s={search_term_string}\"},\"query-input\":{\"@type\":\"PropertyValueSpecification\",\"valueRequired\":true,\"valueName\":\"search_term_string\"}}],\"inLanguage\":\"et\"}]}<\/script>\n<!-- \/ Yoast SEO plugin. -->","yoast_head_json":{"title":"Laborianal\u00fc\u00fcside andmine - Hematoloogia-onkoloogia kliinik","robots":{"index":"index","follow":"follow","max-snippet":"max-snippet:-1","max-image-preview":"max-image-preview:large","max-video-preview":"max-video-preview:-1"},"canonical":"https:\/\/www.kliinikum.ee\/ho\/patsiendile\/laborianaluusid\/","og_locale":"et_EE","og_type":"article","og_title":"Laborianal\u00fc\u00fcside andmine - Hematoloogia-onkoloogia kliinik","og_description":"Hematoloogia osakonna patsiendid saavad vereanal\u00fc\u00fcse anda J-korpuse kabinetis Jxx ja Jxx, selleks tuleb v\u00f5tta Jxx ukse k\u00f5rval asuvast numbriautomaadist \u201eveenivere v\u00f5tmine\u201c ja otsida v\u00e4lja isikut t\u00f5endav dokument. J\u00e4rjekorranumbrid ilmuvad ukse kohal asuvale tabloole. Kui teie number ilmub tabloole, sisenege kabinetti, kus teil v\u00f5etakse vereanal\u00fc\u00fcs. Onko- ja radioteraapia osakonna patsiendid saavad vereanal\u00fc\u00fcse anda J-korpuse kabinetis 32, [&hellip;]","og_url":"https:\/\/www.kliinikum.ee\/ho\/patsiendile\/laborianaluusid\/","og_site_name":"Hematoloogia-onkoloogia kliinik","article_modified_time":"2026-03-09T07:52:46+00:00","twitter_card":"summary_large_image","twitter_misc":{"Est. reading time":"1 minut"},"schema":{"@context":"https:\/\/schema.org","@graph":[{"@type":"WebPage","@id":"https:\/\/www.kliinikum.ee\/ho\/patsiendile\/laborianaluusid\/","url":"https:\/\/www.kliinikum.ee\/ho\/patsiendile\/laborianaluusid\/","name":"Laborianal\u00fc\u00fcside andmine - Hematoloogia-onkoloogia kliinik","isPartOf":{"@id":"https:\/\/www.kliinikum.ee\/ho\/#website"},"datePublished":"2025-04-14T08:18:34+00:00","dateModified":"2026-03-09T07:52:46+00:00","breadcrumb":{"@id":"https:\/\/www.kliinikum.ee\/ho\/patsiendile\/laborianaluusid\/#breadcrumb"},"inLanguage":"et","potentialAction":[{"@type":"ReadAction","target":["https:\/\/www.kliinikum.ee\/ho\/patsiendile\/laborianaluusid\/"]}]},{"@type":"BreadcrumbList","@id":"https:\/\/www.kliinikum.ee\/ho\/patsiendile\/laborianaluusid\/#breadcrumb","itemListElement":[{"@type":"ListItem","position":1,"name":"Home","item":"https:\/\/www.kliinikum.ee\/ho\/"},{"@type":"ListItem","position":2,"name":"Patsiendile","item":"https:\/\/www.kliinikum.ee\/ho\/patsiendile\/"},{"@type":"ListItem","position":3,"name":"Laborianal\u00fc\u00fcside andmine"}]},{"@type":"WebSite","@id":"https:\/\/www.kliinikum.ee\/ho\/#website","url":"https:\/\/www.kliinikum.ee\/ho\/","name":"Hematoloogia-onkoloogia kliinik","description":"Hoolivus, Uuendusmeelsus, P\u00e4devus ja Usaldusv\u00e4\u00e4rsus","potentialAction":[{"@type":"SearchAction","target":{"@type":"EntryPoint","urlTemplate":"https:\/\/www.kliinikum.ee\/ho\/?s={search_term_string}"},"query-input":{"@type":"PropertyValueSpecification","valueRequired":true,"valueName":"search_term_string"}}],"inLanguage":"et"}]}},"uagb_featured_image_src":{"full":false,"thumbnail":false,"medium":false,"medium_large":false,"large":false,"1536x1536":false,"2048x2048":false},"uagb_author_info":{"display_name":"Jane Freimann","author_link":"https:\/\/www.kliinikum.ee\/ho\/author\/janef\/"},"uagb_comment_info":0,"uagb_excerpt":"Hematoloogia osakonna patsiendid saavad vereanal\u00fc\u00fcse anda J-korpuse kabinetis Jxx ja Jxx, selleks tuleb v\u00f5tta Jxx ukse k\u00f5rval asuvast numbriautomaadist \u201eveenivere v\u00f5tmine\u201c ja otsida v\u00e4lja isikut t\u00f5endav dokument. J\u00e4rjekorranumbrid ilmuvad ukse kohal asuvale tabloole. Kui teie number ilmub tabloole, sisenege kabinetti, kus teil v\u00f5etakse vereanal\u00fc\u00fcs. Onko- ja radioteraapia osakonna patsiendid saavad vereanal\u00fc\u00fcse anda J-korpuse kabinetis 32,&hellip;","_links":{"self":[{"href":"https:\/\/www.kliinikum.ee\/ho\/wp-json\/wp\/v2\/pages\/6432","targetHints":{"allow":["GET"]}}],"collection":[{"href":"https:\/\/www.kliinikum.ee\/ho\/wp-json\/wp\/v2\/pages"}],"about":[{"href":"https:\/\/www.kliinikum.ee\/ho\/wp-json\/wp\/v2\/types\/page"}],"author":[{"embeddable":true,"href":"https:\/\/www.kliinikum.ee\/ho\/wp-json\/wp\/v2\/users\/34"}],"replies":[{"embeddable":true,"href":"https:\/\/www.kliinikum.ee\/ho\/wp-json\/wp\/v2\/comments?post=6432"}],"version-history":[{"count":0,"href":"https:\/\/www.kliinikum.ee\/ho\/wp-json\/wp\/v2\/pages\/6432\/revisions"}],"up":[{"embeddable":true,"href":"https:\/\/www.kliinikum.ee\/ho\/wp-json\/wp\/v2\/pages\/15"}],"wp:attachment":[{"href":"https:\/\/www.kliinikum.ee\/ho\/wp-json\/wp\/v2\/media?parent=6432"}],"curies":[{"name":"wp","href":"https:\/\/api.w.org\/{rel}","templated":true}]}}