{"id":6450,"date":"2025-04-14T11:53:22","date_gmt":"2025-04-14T09:53:22","guid":{"rendered":"https:\/\/www.kliinikum.ee\/ho\/?page_id=6450"},"modified":"2026-02-10T09:08:45","modified_gmt":"2026-02-10T07:08:45","slug":"teisene-arvamus","status":"publish","type":"page","link":"https:\/\/www.kliinikum.ee\/ho\/patsiendile\/teisene-arvamus\/","title":{"rendered":"Teisene arvamus"},"content":{"rendered":"\n<p>Teisene arvamus on teise tervishoiuteenuse osutajast eriarsti s\u00f5ltumatu arvamus, mille eesm\u00e4rk on anda hinnang esmase arvamuse andnud eriarsti poolt pandud diagnoosi \u00f5igsuse, m\u00e4\u00e4ratud ravimi v\u00f5i tervishoiuteenuse vajalikkuse, selgitatud alternatiivide ja oodatava m\u00f5ju ning tervishoiuteenuse osutamisega seotud riskide kohta.\u00a0Lisainfo v\u00e4hiravi teiseseks arvamuseks <a href=\"https:\/\/www.kliinikum.ee\/vahikeskus\/patsiendile\/tasulised-teenused\/\" target=\"_blank\" rel=\"noreferrer noopener\">SIIN<\/a>.<\/p>\n\n\n\n<p><\/p>\n","protected":false},"excerpt":{"rendered":"<p>Teisene arvamus on teise tervishoiuteenuse osutajast eriarsti s\u00f5ltumatu arvamus, mille eesm\u00e4rk on anda hinnang esmase arvamuse andnud eriarsti poolt pandud diagnoosi \u00f5igsuse, m\u00e4\u00e4ratud ravimi v\u00f5i tervishoiuteenuse vajalikkuse, selgitatud alternatiivide ja oodatava m\u00f5ju ning tervishoiuteenuse osutamisega seotud riskide kohta.\u00a0Lisainfo v\u00e4hiravi teiseseks arvamuseks SIIN.<\/p>\n","protected":false},"author":34,"featured_media":0,"parent":15,"menu_order":8,"comment_status":"closed","ping_status":"closed","template":"","meta":{"_acf_changed":false,"_uag_custom_page_level_css":"","footnotes":""},"class_list":["post-6450","page","type-page","status-publish","hentry"],"acf":[],"yoast_head":"<!-- This site is optimized with the Yoast SEO plugin v27.4 - https:\/\/yoast.com\/product\/yoast-seo-wordpress\/ -->\n<title>Teisene arvamus - Hematoloogia-onkoloogia kliinik<\/title>\n<meta name=\"robots\" content=\"index, follow, max-snippet:-1, max-image-preview:large, max-video-preview:-1\" \/>\n<link rel=\"canonical\" href=\"https:\/\/www.kliinikum.ee\/ho\/patsiendile\/teisene-arvamus\/\" \/>\n<meta property=\"og:locale\" content=\"et_EE\" \/>\n<meta property=\"og:type\" content=\"article\" \/>\n<meta property=\"og:title\" content=\"Teisene arvamus - Hematoloogia-onkoloogia kliinik\" \/>\n<meta property=\"og:description\" content=\"Teisene arvamus on teise tervishoiuteenuse osutajast eriarsti s\u00f5ltumatu arvamus, mille eesm\u00e4rk on anda hinnang esmase arvamuse andnud eriarsti poolt pandud diagnoosi \u00f5igsuse, m\u00e4\u00e4ratud ravimi v\u00f5i tervishoiuteenuse vajalikkuse, selgitatud alternatiivide ja oodatava m\u00f5ju ning tervishoiuteenuse osutamisega seotud riskide kohta.\u00a0Lisainfo v\u00e4hiravi teiseseks arvamuseks SIIN.\" \/>\n<meta property=\"og:url\" content=\"https:\/\/www.kliinikum.ee\/ho\/patsiendile\/teisene-arvamus\/\" \/>\n<meta property=\"og:site_name\" content=\"Hematoloogia-onkoloogia kliinik\" \/>\n<meta property=\"article:modified_time\" content=\"2026-02-10T07:08:45+00:00\" \/>\n<meta name=\"twitter:card\" content=\"summary_large_image\" \/>\n<meta name=\"twitter:label1\" content=\"Est. reading time\" \/>\n\t<meta name=\"twitter:data1\" content=\"1 minut\" \/>\n<script type=\"application\/ld+json\" class=\"yoast-schema-graph\">{\"@context\":\"https:\\\/\\\/schema.org\",\"@graph\":[{\"@type\":\"WebPage\",\"@id\":\"https:\\\/\\\/www.kliinikum.ee\\\/ho\\\/patsiendile\\\/teisene-arvamus\\\/\",\"url\":\"https:\\\/\\\/www.kliinikum.ee\\\/ho\\\/patsiendile\\\/teisene-arvamus\\\/\",\"name\":\"Teisene arvamus - Hematoloogia-onkoloogia kliinik\",\"isPartOf\":{\"@id\":\"https:\\\/\\\/www.kliinikum.ee\\\/ho\\\/#website\"},\"datePublished\":\"2025-04-14T09:53:22+00:00\",\"dateModified\":\"2026-02-10T07:08:45+00:00\",\"breadcrumb\":{\"@id\":\"https:\\\/\\\/www.kliinikum.ee\\\/ho\\\/patsiendile\\\/teisene-arvamus\\\/#breadcrumb\"},\"inLanguage\":\"et\",\"potentialAction\":[{\"@type\":\"ReadAction\",\"target\":[\"https:\\\/\\\/www.kliinikum.ee\\\/ho\\\/patsiendile\\\/teisene-arvamus\\\/\"]}]},{\"@type\":\"BreadcrumbList\",\"@id\":\"https:\\\/\\\/www.kliinikum.ee\\\/ho\\\/patsiendile\\\/teisene-arvamus\\\/#breadcrumb\",\"itemListElement\":[{\"@type\":\"ListItem\",\"position\":1,\"name\":\"Home\",\"item\":\"https:\\\/\\\/www.kliinikum.ee\\\/ho\\\/\"},{\"@type\":\"ListItem\",\"position\":2,\"name\":\"Patsiendile\",\"item\":\"https:\\\/\\\/www.kliinikum.ee\\\/ho\\\/patsiendile\\\/\"},{\"@type\":\"ListItem\",\"position\":3,\"name\":\"Teisene arvamus\"}]},{\"@type\":\"WebSite\",\"@id\":\"https:\\\/\\\/www.kliinikum.ee\\\/ho\\\/#website\",\"url\":\"https:\\\/\\\/www.kliinikum.ee\\\/ho\\\/\",\"name\":\"Hematoloogia-onkoloogia kliinik\",\"description\":\"Hoolivus, Uuendusmeelsus, P\u00e4devus ja Usaldusv\u00e4\u00e4rsus\",\"potentialAction\":[{\"@type\":\"SearchAction\",\"target\":{\"@type\":\"EntryPoint\",\"urlTemplate\":\"https:\\\/\\\/www.kliinikum.ee\\\/ho\\\/?s={search_term_string}\"},\"query-input\":{\"@type\":\"PropertyValueSpecification\",\"valueRequired\":true,\"valueName\":\"search_term_string\"}}],\"inLanguage\":\"et\"}]}<\/script>\n<!-- \/ Yoast SEO plugin. -->","yoast_head_json":{"title":"Teisene arvamus - Hematoloogia-onkoloogia kliinik","robots":{"index":"index","follow":"follow","max-snippet":"max-snippet:-1","max-image-preview":"max-image-preview:large","max-video-preview":"max-video-preview:-1"},"canonical":"https:\/\/www.kliinikum.ee\/ho\/patsiendile\/teisene-arvamus\/","og_locale":"et_EE","og_type":"article","og_title":"Teisene arvamus - Hematoloogia-onkoloogia kliinik","og_description":"Teisene arvamus on teise tervishoiuteenuse osutajast eriarsti s\u00f5ltumatu arvamus, mille eesm\u00e4rk on anda hinnang esmase arvamuse andnud eriarsti poolt pandud diagnoosi \u00f5igsuse, m\u00e4\u00e4ratud ravimi v\u00f5i tervishoiuteenuse vajalikkuse, selgitatud alternatiivide ja oodatava m\u00f5ju ning tervishoiuteenuse osutamisega seotud riskide kohta.\u00a0Lisainfo v\u00e4hiravi teiseseks arvamuseks SIIN.","og_url":"https:\/\/www.kliinikum.ee\/ho\/patsiendile\/teisene-arvamus\/","og_site_name":"Hematoloogia-onkoloogia kliinik","article_modified_time":"2026-02-10T07:08:45+00:00","twitter_card":"summary_large_image","twitter_misc":{"Est. reading time":"1 minut"},"schema":{"@context":"https:\/\/schema.org","@graph":[{"@type":"WebPage","@id":"https:\/\/www.kliinikum.ee\/ho\/patsiendile\/teisene-arvamus\/","url":"https:\/\/www.kliinikum.ee\/ho\/patsiendile\/teisene-arvamus\/","name":"Teisene arvamus - Hematoloogia-onkoloogia kliinik","isPartOf":{"@id":"https:\/\/www.kliinikum.ee\/ho\/#website"},"datePublished":"2025-04-14T09:53:22+00:00","dateModified":"2026-02-10T07:08:45+00:00","breadcrumb":{"@id":"https:\/\/www.kliinikum.ee\/ho\/patsiendile\/teisene-arvamus\/#breadcrumb"},"inLanguage":"et","potentialAction":[{"@type":"ReadAction","target":["https:\/\/www.kliinikum.ee\/ho\/patsiendile\/teisene-arvamus\/"]}]},{"@type":"BreadcrumbList","@id":"https:\/\/www.kliinikum.ee\/ho\/patsiendile\/teisene-arvamus\/#breadcrumb","itemListElement":[{"@type":"ListItem","position":1,"name":"Home","item":"https:\/\/www.kliinikum.ee\/ho\/"},{"@type":"ListItem","position":2,"name":"Patsiendile","item":"https:\/\/www.kliinikum.ee\/ho\/patsiendile\/"},{"@type":"ListItem","position":3,"name":"Teisene arvamus"}]},{"@type":"WebSite","@id":"https:\/\/www.kliinikum.ee\/ho\/#website","url":"https:\/\/www.kliinikum.ee\/ho\/","name":"Hematoloogia-onkoloogia kliinik","description":"Hoolivus, Uuendusmeelsus, P\u00e4devus ja Usaldusv\u00e4\u00e4rsus","potentialAction":[{"@type":"SearchAction","target":{"@type":"EntryPoint","urlTemplate":"https:\/\/www.kliinikum.ee\/ho\/?s={search_term_string}"},"query-input":{"@type":"PropertyValueSpecification","valueRequired":true,"valueName":"search_term_string"}}],"inLanguage":"et"}]}},"uagb_featured_image_src":{"full":false,"thumbnail":false,"medium":false,"medium_large":false,"large":false,"1536x1536":false,"2048x2048":false},"uagb_author_info":{"display_name":"Jane Freimann","author_link":"https:\/\/www.kliinikum.ee\/ho\/author\/janef\/"},"uagb_comment_info":0,"uagb_excerpt":"Teisene arvamus on teise tervishoiuteenuse osutajast eriarsti s\u00f5ltumatu arvamus, mille eesm\u00e4rk on anda hinnang esmase arvamuse andnud eriarsti poolt pandud diagnoosi \u00f5igsuse, m\u00e4\u00e4ratud ravimi v\u00f5i tervishoiuteenuse vajalikkuse, selgitatud alternatiivide ja oodatava m\u00f5ju ning tervishoiuteenuse osutamisega seotud riskide kohta.\u00a0Lisainfo v\u00e4hiravi teiseseks arvamuseks SIIN.","_links":{"self":[{"href":"https:\/\/www.kliinikum.ee\/ho\/wp-json\/wp\/v2\/pages\/6450","targetHints":{"allow":["GET"]}}],"collection":[{"href":"https:\/\/www.kliinikum.ee\/ho\/wp-json\/wp\/v2\/pages"}],"about":[{"href":"https:\/\/www.kliinikum.ee\/ho\/wp-json\/wp\/v2\/types\/page"}],"author":[{"embeddable":true,"href":"https:\/\/www.kliinikum.ee\/ho\/wp-json\/wp\/v2\/users\/34"}],"replies":[{"embeddable":true,"href":"https:\/\/www.kliinikum.ee\/ho\/wp-json\/wp\/v2\/comments?post=6450"}],"version-history":[{"count":0,"href":"https:\/\/www.kliinikum.ee\/ho\/wp-json\/wp\/v2\/pages\/6450\/revisions"}],"up":[{"embeddable":true,"href":"https:\/\/www.kliinikum.ee\/ho\/wp-json\/wp\/v2\/pages\/15"}],"wp:attachment":[{"href":"https:\/\/www.kliinikum.ee\/ho\/wp-json\/wp\/v2\/media?parent=6450"}],"curies":[{"name":"wp","href":"https:\/\/api.w.org\/{rel}","templated":true}]}}