{"id":6478,"date":"2025-04-14T12:50:11","date_gmt":"2025-04-14T10:50:11","guid":{"rendered":"https:\/\/www.kliinikum.ee\/ho\/?page_id=6478"},"modified":"2026-03-20T14:02:39","modified_gmt":"2026-03-20T12:02:39","slug":"ambulatoorsele-vastuvotule-suunamine","status":"publish","type":"page","link":"https:\/\/www.kliinikum.ee\/ho\/perearstile-ja-kolleegile\/ambulatoorsele-vastuvotule-suunamine\/","title":{"rendered":"Ambulatoorsele vastuv\u00f5tule suunamine"},"content":{"rendered":"\n<p style=\"font-size:clamp(0.929rem, 0.929rem + ((1vw - 0.2rem) * 0.856), 1.4rem);\">Hematoloogile saab perearst v\u00f5i teise eriala eriarst patsienti suunata vaid e- konsultatsiooni kaudu.<\/p>\n\n\n\n<p style=\"font-size:clamp(0.929rem, 0.929rem + ((1vw - 0.2rem) * 0.856), 1.4rem);\">Eelnevalt soovitame tutvuda <a href=\"https:\/\/www.kliinikum.ee\/ho\/wp-content\/uploads\/2026\/03\/Hematoloogilisele_erialakonsultatsioonile_suunamise_juhend_web.pdf\" type=\"link\" id=\"https:\/\/www.kliinikum.ee\/ho\/wp-content\/uploads\/2026\/03\/Hematoloogilisele_erialakonsultatsioonile_suunamise_juhend_web.pdf\" target=\"_blank\" rel=\"noreferrer noopener\">Hematoloogilisele erialakonsultatsioonile suunamise juhendiga<\/a><\/p>\n\n\n\n<p><\/p>\n\n\n\n<p style=\"font-size:clamp(0.929rem, 0.929rem + ((1vw - 0.2rem) * 0.856), 1.4rem);\">Parim viis patsiendi onkoloogi vastuv\u00f5tule suunamiseks on e-konsultatsioon. Onkoloogia eriala e-konsultatsiooni kaudu saab patsiendi suunata ka onkokirurgi vastuv\u00f5tule.<\/p>\n\n\n\n<p style=\"font-size:clamp(0.929rem, 0.929rem + ((1vw - 0.2rem) * 0.856), 1.4rem);\">Samuti kehtib (digiloo) tavasaatekiri, kuid sellisel juhul soovitame patsiendil aja broneerimiseks helistada Kliinikumi \u00fcldregistratuuri (tel 731 9100) \u2013 see tagab, et patsient j\u00f5uab vastava kasvajapaikmega tegeleva onkoloogi vastuv\u00f5tule.<\/p>\n\n\n\n<p style=\"font-size:clamp(0.929rem, 0.929rem + ((1vw - 0.2rem) * 0.856), 1.4rem);\">Siiski on m\u00f5ned erisused, mille puhul v\u00f5iks kasvaja(kahtluse)ga patsiendi suunata teise eriala spetsialisti vastuv\u00f5tule, et tagada patsiendi jaoks kiireim diagnostika, raviteekond ning \u00f5igeaegne k\u00e4sitlus:<\/p>\n\n\n\n<ul class=\"wp-block-list\">\n<li style=\"font-size:clamp(0.929rem, 0.929rem + ((1vw - 0.2rem) * 0.856), 1.4rem);\">Eesn\u00e4\u00e4rmev\u00e4hk- uroloog<\/li>\n\n\n\n<li style=\"font-size:clamp(0.929rem, 0.929rem + ((1vw - 0.2rem) * 0.856), 1.4rem);\">Kopsuv\u00e4hk- torakaalkirurg\/pulmonoloog<\/li>\n\n\n\n<li style=\"font-size:clamp(0.929rem, 0.929rem + ((1vw - 0.2rem) * 0.856), 1.4rem);\">V\u00e4ikesed basalioomid- dermatoloog<\/li>\n\n\n\n<li style=\"font-size:clamp(0.929rem, 0.929rem + ((1vw - 0.2rem) * 0.856), 1.4rem);\">Rinnav\u00e4hk- mammoloog<\/li>\n<\/ul>\n\n\n\n<p><\/p>\n","protected":false},"excerpt":{"rendered":"<p>Hematoloogile saab perearst v\u00f5i teise eriala eriarst patsienti suunata vaid e- konsultatsiooni kaudu. Eelnevalt soovitame tutvuda Hematoloogilisele erialakonsultatsioonile suunamise juhendiga Parim viis patsiendi onkoloogi vastuv\u00f5tule suunamiseks on e-konsultatsioon. Onkoloogia eriala e-konsultatsiooni kaudu saab patsiendi suunata ka onkokirurgi vastuv\u00f5tule. Samuti kehtib (digiloo) tavasaatekiri, kuid sellisel juhul soovitame patsiendil aja broneerimiseks helistada Kliinikumi \u00fcldregistratuuri (tel 731 9100) [&hellip;]<\/p>\n","protected":false},"author":34,"featured_media":0,"parent":6400,"menu_order":0,"comment_status":"closed","ping_status":"closed","template":"","meta":{"_acf_changed":false,"_uag_custom_page_level_css":"","footnotes":""},"class_list":["post-6478","page","type-page","status-publish","hentry"],"acf":[],"yoast_head":"<!-- This site is optimized with the Yoast SEO plugin v27.4 - https:\/\/yoast.com\/product\/yoast-seo-wordpress\/ -->\n<title>Ambulatoorsele vastuv\u00f5tule suunamine - Hematoloogia-onkoloogia kliinik<\/title>\n<meta name=\"robots\" content=\"index, follow, max-snippet:-1, max-image-preview:large, max-video-preview:-1\" \/>\n<link rel=\"canonical\" href=\"https:\/\/www.kliinikum.ee\/ho\/perearstile-ja-kolleegile\/ambulatoorsele-vastuvotule-suunamine\/\" \/>\n<meta property=\"og:locale\" content=\"et_EE\" \/>\n<meta property=\"og:type\" content=\"article\" \/>\n<meta property=\"og:title\" content=\"Ambulatoorsele vastuv\u00f5tule suunamine - Hematoloogia-onkoloogia kliinik\" \/>\n<meta property=\"og:description\" content=\"Hematoloogile saab perearst v\u00f5i teise eriala eriarst patsienti suunata vaid e- konsultatsiooni kaudu. Eelnevalt soovitame tutvuda Hematoloogilisele erialakonsultatsioonile suunamise juhendiga Parim viis patsiendi onkoloogi vastuv\u00f5tule suunamiseks on e-konsultatsioon. Onkoloogia eriala e-konsultatsiooni kaudu saab patsiendi suunata ka onkokirurgi vastuv\u00f5tule. Samuti kehtib (digiloo) tavasaatekiri, kuid sellisel juhul soovitame patsiendil aja broneerimiseks helistada Kliinikumi \u00fcldregistratuuri (tel 731 9100) [&hellip;]\" \/>\n<meta property=\"og:url\" content=\"https:\/\/www.kliinikum.ee\/ho\/perearstile-ja-kolleegile\/ambulatoorsele-vastuvotule-suunamine\/\" \/>\n<meta property=\"og:site_name\" content=\"Hematoloogia-onkoloogia kliinik\" \/>\n<meta property=\"article:modified_time\" content=\"2026-03-20T12:02:39+00:00\" \/>\n<meta name=\"twitter:card\" content=\"summary_large_image\" \/>\n<meta name=\"twitter:label1\" content=\"Est. reading time\" \/>\n\t<meta name=\"twitter:data1\" content=\"1 minut\" \/>\n<script type=\"application\/ld+json\" class=\"yoast-schema-graph\">{\"@context\":\"https:\\\/\\\/schema.org\",\"@graph\":[{\"@type\":\"WebPage\",\"@id\":\"https:\\\/\\\/www.kliinikum.ee\\\/ho\\\/perearstile-ja-kolleegile\\\/ambulatoorsele-vastuvotule-suunamine\\\/\",\"url\":\"https:\\\/\\\/www.kliinikum.ee\\\/ho\\\/perearstile-ja-kolleegile\\\/ambulatoorsele-vastuvotule-suunamine\\\/\",\"name\":\"Ambulatoorsele vastuv\u00f5tule suunamine - Hematoloogia-onkoloogia kliinik\",\"isPartOf\":{\"@id\":\"https:\\\/\\\/www.kliinikum.ee\\\/ho\\\/#website\"},\"datePublished\":\"2025-04-14T10:50:11+00:00\",\"dateModified\":\"2026-03-20T12:02:39+00:00\",\"breadcrumb\":{\"@id\":\"https:\\\/\\\/www.kliinikum.ee\\\/ho\\\/perearstile-ja-kolleegile\\\/ambulatoorsele-vastuvotule-suunamine\\\/#breadcrumb\"},\"inLanguage\":\"et\",\"potentialAction\":[{\"@type\":\"ReadAction\",\"target\":[\"https:\\\/\\\/www.kliinikum.ee\\\/ho\\\/perearstile-ja-kolleegile\\\/ambulatoorsele-vastuvotule-suunamine\\\/\"]}]},{\"@type\":\"BreadcrumbList\",\"@id\":\"https:\\\/\\\/www.kliinikum.ee\\\/ho\\\/perearstile-ja-kolleegile\\\/ambulatoorsele-vastuvotule-suunamine\\\/#breadcrumb\",\"itemListElement\":[{\"@type\":\"ListItem\",\"position\":1,\"name\":\"Home\",\"item\":\"https:\\\/\\\/www.kliinikum.ee\\\/ho\\\/\"},{\"@type\":\"ListItem\",\"position\":2,\"name\":\"Perearstile ja kolleegile\",\"item\":\"https:\\\/\\\/www.kliinikum.ee\\\/ho\\\/perearstile-ja-kolleegile\\\/\"},{\"@type\":\"ListItem\",\"position\":3,\"name\":\"Ambulatoorsele vastuv\u00f5tule suunamine\"}]},{\"@type\":\"WebSite\",\"@id\":\"https:\\\/\\\/www.kliinikum.ee\\\/ho\\\/#website\",\"url\":\"https:\\\/\\\/www.kliinikum.ee\\\/ho\\\/\",\"name\":\"Hematoloogia-onkoloogia kliinik\",\"description\":\"Hoolivus, Uuendusmeelsus, P\u00e4devus ja Usaldusv\u00e4\u00e4rsus\",\"potentialAction\":[{\"@type\":\"SearchAction\",\"target\":{\"@type\":\"EntryPoint\",\"urlTemplate\":\"https:\\\/\\\/www.kliinikum.ee\\\/ho\\\/?s={search_term_string}\"},\"query-input\":{\"@type\":\"PropertyValueSpecification\",\"valueRequired\":true,\"valueName\":\"search_term_string\"}}],\"inLanguage\":\"et\"}]}<\/script>\n<!-- \/ Yoast SEO plugin. -->","yoast_head_json":{"title":"Ambulatoorsele vastuv\u00f5tule suunamine - Hematoloogia-onkoloogia kliinik","robots":{"index":"index","follow":"follow","max-snippet":"max-snippet:-1","max-image-preview":"max-image-preview:large","max-video-preview":"max-video-preview:-1"},"canonical":"https:\/\/www.kliinikum.ee\/ho\/perearstile-ja-kolleegile\/ambulatoorsele-vastuvotule-suunamine\/","og_locale":"et_EE","og_type":"article","og_title":"Ambulatoorsele vastuv\u00f5tule suunamine - Hematoloogia-onkoloogia kliinik","og_description":"Hematoloogile saab perearst v\u00f5i teise eriala eriarst patsienti suunata vaid e- konsultatsiooni kaudu. Eelnevalt soovitame tutvuda Hematoloogilisele erialakonsultatsioonile suunamise juhendiga Parim viis patsiendi onkoloogi vastuv\u00f5tule suunamiseks on e-konsultatsioon. Onkoloogia eriala e-konsultatsiooni kaudu saab patsiendi suunata ka onkokirurgi vastuv\u00f5tule. Samuti kehtib (digiloo) tavasaatekiri, kuid sellisel juhul soovitame patsiendil aja broneerimiseks helistada Kliinikumi \u00fcldregistratuuri (tel 731 9100) [&hellip;]","og_url":"https:\/\/www.kliinikum.ee\/ho\/perearstile-ja-kolleegile\/ambulatoorsele-vastuvotule-suunamine\/","og_site_name":"Hematoloogia-onkoloogia kliinik","article_modified_time":"2026-03-20T12:02:39+00:00","twitter_card":"summary_large_image","twitter_misc":{"Est. reading time":"1 minut"},"schema":{"@context":"https:\/\/schema.org","@graph":[{"@type":"WebPage","@id":"https:\/\/www.kliinikum.ee\/ho\/perearstile-ja-kolleegile\/ambulatoorsele-vastuvotule-suunamine\/","url":"https:\/\/www.kliinikum.ee\/ho\/perearstile-ja-kolleegile\/ambulatoorsele-vastuvotule-suunamine\/","name":"Ambulatoorsele vastuv\u00f5tule suunamine - Hematoloogia-onkoloogia kliinik","isPartOf":{"@id":"https:\/\/www.kliinikum.ee\/ho\/#website"},"datePublished":"2025-04-14T10:50:11+00:00","dateModified":"2026-03-20T12:02:39+00:00","breadcrumb":{"@id":"https:\/\/www.kliinikum.ee\/ho\/perearstile-ja-kolleegile\/ambulatoorsele-vastuvotule-suunamine\/#breadcrumb"},"inLanguage":"et","potentialAction":[{"@type":"ReadAction","target":["https:\/\/www.kliinikum.ee\/ho\/perearstile-ja-kolleegile\/ambulatoorsele-vastuvotule-suunamine\/"]}]},{"@type":"BreadcrumbList","@id":"https:\/\/www.kliinikum.ee\/ho\/perearstile-ja-kolleegile\/ambulatoorsele-vastuvotule-suunamine\/#breadcrumb","itemListElement":[{"@type":"ListItem","position":1,"name":"Home","item":"https:\/\/www.kliinikum.ee\/ho\/"},{"@type":"ListItem","position":2,"name":"Perearstile ja kolleegile","item":"https:\/\/www.kliinikum.ee\/ho\/perearstile-ja-kolleegile\/"},{"@type":"ListItem","position":3,"name":"Ambulatoorsele vastuv\u00f5tule suunamine"}]},{"@type":"WebSite","@id":"https:\/\/www.kliinikum.ee\/ho\/#website","url":"https:\/\/www.kliinikum.ee\/ho\/","name":"Hematoloogia-onkoloogia kliinik","description":"Hoolivus, Uuendusmeelsus, P\u00e4devus ja Usaldusv\u00e4\u00e4rsus","potentialAction":[{"@type":"SearchAction","target":{"@type":"EntryPoint","urlTemplate":"https:\/\/www.kliinikum.ee\/ho\/?s={search_term_string}"},"query-input":{"@type":"PropertyValueSpecification","valueRequired":true,"valueName":"search_term_string"}}],"inLanguage":"et"}]}},"uagb_featured_image_src":{"full":false,"thumbnail":false,"medium":false,"medium_large":false,"large":false,"1536x1536":false,"2048x2048":false},"uagb_author_info":{"display_name":"Jane Freimann","author_link":"https:\/\/www.kliinikum.ee\/ho\/author\/janef\/"},"uagb_comment_info":0,"uagb_excerpt":"Hematoloogile saab perearst v\u00f5i teise eriala eriarst patsienti suunata vaid e- konsultatsiooni kaudu. Eelnevalt soovitame tutvuda Hematoloogilisele erialakonsultatsioonile suunamise juhendiga Parim viis patsiendi onkoloogi vastuv\u00f5tule suunamiseks on e-konsultatsioon. Onkoloogia eriala e-konsultatsiooni kaudu saab patsiendi suunata ka onkokirurgi vastuv\u00f5tule. Samuti kehtib (digiloo) tavasaatekiri, kuid sellisel juhul soovitame patsiendil aja broneerimiseks helistada Kliinikumi \u00fcldregistratuuri (tel 731 9100)&hellip;","_links":{"self":[{"href":"https:\/\/www.kliinikum.ee\/ho\/wp-json\/wp\/v2\/pages\/6478","targetHints":{"allow":["GET"]}}],"collection":[{"href":"https:\/\/www.kliinikum.ee\/ho\/wp-json\/wp\/v2\/pages"}],"about":[{"href":"https:\/\/www.kliinikum.ee\/ho\/wp-json\/wp\/v2\/types\/page"}],"author":[{"embeddable":true,"href":"https:\/\/www.kliinikum.ee\/ho\/wp-json\/wp\/v2\/users\/34"}],"replies":[{"embeddable":true,"href":"https:\/\/www.kliinikum.ee\/ho\/wp-json\/wp\/v2\/comments?post=6478"}],"version-history":[{"count":0,"href":"https:\/\/www.kliinikum.ee\/ho\/wp-json\/wp\/v2\/pages\/6478\/revisions"}],"up":[{"embeddable":true,"href":"https:\/\/www.kliinikum.ee\/ho\/wp-json\/wp\/v2\/pages\/6400"}],"wp:attachment":[{"href":"https:\/\/www.kliinikum.ee\/ho\/wp-json\/wp\/v2\/media?parent=6478"}],"curies":[{"name":"wp","href":"https:\/\/api.w.org\/{rel}","templated":true}]}}