{"id":6519,"date":"2025-05-13T14:17:24","date_gmt":"2025-05-13T12:17:24","guid":{"rendered":"https:\/\/www.kliinikum.ee\/ho\/?page_id=6519"},"modified":"2025-05-13T14:17:29","modified_gmt":"2025-05-13T12:17:29","slug":"laborianaluusid-ida-virus","status":"publish","type":"page","link":"https:\/\/www.kliinikum.ee\/ho\/laborianaluusid-ida-virus\/","title":{"rendered":"Laborianal\u00fc\u00fcsid Ida Virus"},"content":{"rendered":"\n<p>Vereanal\u00fc\u00fcsi andmiseks minge m\u00e4\u00e4ratud kuup\u00e4eval Teile sobivasse kohta (eelnevalt ei ole aega vaja broneerida) ning v\u00f5tke\u00a0 kaasa:<\/p>\n\n\n\n<ul class=\"wp-block-list\">\n<li>oma ID-kaart ja raviarstilt eelnevalt saadud vereanal\u00fc\u00fcside tellimiselehed juhul kui te annate anal\u00fc\u00fcsid J\u00e4rve tervisemajas, Ahtme tervisemajas, Sillam\u00e4e tervisekeskuses v\u00f5i Kivi\u00f5li tervisekeskuses<\/li>\n\n\n\n<li>&nbsp;oma ID-kaart, kui te annate anal\u00fc\u00fcsid Narva haiglas<\/li>\n<\/ul>\n\n\n\n<p><strong>LABORIANAL\u00dc\u00dcSIDE SAATE ANDA J\u00c4RGMISTES KOHTADES:<\/strong><\/p>\n\n\n\n<figure class=\"wp-block-table\"><table class=\"has-fixed-layout\"><tbody><tr><td><strong>Aadress<\/strong><\/td><td><strong>Vastuv\u00f5tuaeg<\/strong><\/td><td><strong>Telefoninumber<\/strong><\/td><\/tr><tr><td>J\u00e4rve tervisemaja (Ravi 10d), ruumid D1024, D1025<\/td><td>D1024 &nbsp;E-R 7.45-15.45 D1025 &nbsp;E-R 8.00-12.00<\/td><td>331 1126<\/td><\/tr><tr><td>Ahtme tervisemaja (Ilmajaama 14), ruumid L1006, L1010<\/td><td>L1006 &nbsp;E-R 8.00-14.00 L1010 &nbsp;E-R&nbsp;7.45-15.45<\/td><td>331 1779, 331 1706<\/td><\/tr><tr><td>Sillam\u00e4e tervisekeskus (Kajaka 9),<br>ruum E205<\/td><td><br>E,T,N,R 8.00-11.00<\/td><td>331 1407<\/td><\/tr><tr><td>Kivi\u00f5li tervisekeskus (Kesk puiestee 36),<br>ruum Z28<\/td><td>&nbsp; E,K,R 8.00-11.00<\/td><td>335 7150<\/td><\/tr><tr><td>Narva Haigla (Haigla 1)<br>Ruum 217<\/td><td><br>E 8.00-12.00<\/td><td>3571870<\/td><\/tr><\/tbody><\/table><\/figure>\n","protected":false},"excerpt":{"rendered":"<p>Vereanal\u00fc\u00fcsi andmiseks minge m\u00e4\u00e4ratud kuup\u00e4eval Teile sobivasse kohta (eelnevalt ei ole aega vaja broneerida) ning v\u00f5tke\u00a0 kaasa: LABORIANAL\u00dc\u00dcSIDE SAATE ANDA J\u00c4RGMISTES KOHTADES: Aadress Vastuv\u00f5tuaeg Telefoninumber J\u00e4rve tervisemaja (Ravi 10d), ruumid D1024, D1025 D1024 &nbsp;E-R 7.45-15.45 D1025 &nbsp;E-R 8.00-12.00 331 1126 Ahtme tervisemaja (Ilmajaama 14), ruumid L1006, L1010 L1006 &nbsp;E-R 8.00-14.00 L1010 &nbsp;E-R&nbsp;7.45-15.45 331 1779, 331 [&hellip;]<\/p>\n","protected":false},"author":36,"featured_media":0,"parent":0,"menu_order":0,"comment_status":"closed","ping_status":"closed","template":"","meta":{"_acf_changed":false,"_uag_custom_page_level_css":"","footnotes":""},"class_list":["post-6519","page","type-page","status-publish","hentry"],"acf":[],"yoast_head":"<!-- This site is optimized with the Yoast SEO plugin v27.4 - https:\/\/yoast.com\/product\/yoast-seo-wordpress\/ -->\n<title>Laborianal\u00fc\u00fcsid Ida Virus - Hematoloogia-onkoloogia kliinik<\/title>\n<meta name=\"robots\" content=\"index, follow, max-snippet:-1, max-image-preview:large, max-video-preview:-1\" \/>\n<link rel=\"canonical\" href=\"https:\/\/www.kliinikum.ee\/ho\/laborianaluusid-ida-virus\/\" \/>\n<meta property=\"og:locale\" content=\"et_EE\" \/>\n<meta property=\"og:type\" content=\"article\" \/>\n<meta property=\"og:title\" content=\"Laborianal\u00fc\u00fcsid Ida Virus - Hematoloogia-onkoloogia kliinik\" \/>\n<meta property=\"og:description\" content=\"Vereanal\u00fc\u00fcsi andmiseks minge m\u00e4\u00e4ratud kuup\u00e4eval Teile sobivasse kohta (eelnevalt ei ole aega vaja broneerida) ning v\u00f5tke\u00a0 kaasa: LABORIANAL\u00dc\u00dcSIDE SAATE ANDA J\u00c4RGMISTES KOHTADES: Aadress Vastuv\u00f5tuaeg Telefoninumber J\u00e4rve tervisemaja (Ravi 10d), ruumid D1024, D1025 D1024 &nbsp;E-R 7.45-15.45 D1025 &nbsp;E-R 8.00-12.00 331 1126 Ahtme tervisemaja (Ilmajaama 14), ruumid L1006, L1010 L1006 &nbsp;E-R 8.00-14.00 L1010 &nbsp;E-R&nbsp;7.45-15.45 331 1779, 331 [&hellip;]\" \/>\n<meta property=\"og:url\" content=\"https:\/\/www.kliinikum.ee\/ho\/laborianaluusid-ida-virus\/\" \/>\n<meta property=\"og:site_name\" content=\"Hematoloogia-onkoloogia kliinik\" \/>\n<meta property=\"article:modified_time\" content=\"2025-05-13T12:17:29+00:00\" \/>\n<meta name=\"twitter:card\" content=\"summary_large_image\" \/>\n<meta name=\"twitter:label1\" content=\"Est. reading time\" \/>\n\t<meta name=\"twitter:data1\" content=\"1 minut\" \/>\n<script type=\"application\/ld+json\" class=\"yoast-schema-graph\">{\"@context\":\"https:\\\/\\\/schema.org\",\"@graph\":[{\"@type\":\"WebPage\",\"@id\":\"https:\\\/\\\/www.kliinikum.ee\\\/ho\\\/laborianaluusid-ida-virus\\\/\",\"url\":\"https:\\\/\\\/www.kliinikum.ee\\\/ho\\\/laborianaluusid-ida-virus\\\/\",\"name\":\"Laborianal\u00fc\u00fcsid Ida Virus - Hematoloogia-onkoloogia kliinik\",\"isPartOf\":{\"@id\":\"https:\\\/\\\/www.kliinikum.ee\\\/ho\\\/#website\"},\"datePublished\":\"2025-05-13T12:17:24+00:00\",\"dateModified\":\"2025-05-13T12:17:29+00:00\",\"breadcrumb\":{\"@id\":\"https:\\\/\\\/www.kliinikum.ee\\\/ho\\\/laborianaluusid-ida-virus\\\/#breadcrumb\"},\"inLanguage\":\"et\",\"potentialAction\":[{\"@type\":\"ReadAction\",\"target\":[\"https:\\\/\\\/www.kliinikum.ee\\\/ho\\\/laborianaluusid-ida-virus\\\/\"]}]},{\"@type\":\"BreadcrumbList\",\"@id\":\"https:\\\/\\\/www.kliinikum.ee\\\/ho\\\/laborianaluusid-ida-virus\\\/#breadcrumb\",\"itemListElement\":[{\"@type\":\"ListItem\",\"position\":1,\"name\":\"Home\",\"item\":\"https:\\\/\\\/www.kliinikum.ee\\\/ho\\\/\"},{\"@type\":\"ListItem\",\"position\":2,\"name\":\"Laborianal\u00fc\u00fcsid Ida Virus\"}]},{\"@type\":\"WebSite\",\"@id\":\"https:\\\/\\\/www.kliinikum.ee\\\/ho\\\/#website\",\"url\":\"https:\\\/\\\/www.kliinikum.ee\\\/ho\\\/\",\"name\":\"Hematoloogia-onkoloogia kliinik\",\"description\":\"Hoolivus, Uuendusmeelsus, P\u00e4devus ja Usaldusv\u00e4\u00e4rsus\",\"potentialAction\":[{\"@type\":\"SearchAction\",\"target\":{\"@type\":\"EntryPoint\",\"urlTemplate\":\"https:\\\/\\\/www.kliinikum.ee\\\/ho\\\/?s={search_term_string}\"},\"query-input\":{\"@type\":\"PropertyValueSpecification\",\"valueRequired\":true,\"valueName\":\"search_term_string\"}}],\"inLanguage\":\"et\"}]}<\/script>\n<!-- \/ Yoast SEO plugin. -->","yoast_head_json":{"title":"Laborianal\u00fc\u00fcsid Ida Virus - Hematoloogia-onkoloogia kliinik","robots":{"index":"index","follow":"follow","max-snippet":"max-snippet:-1","max-image-preview":"max-image-preview:large","max-video-preview":"max-video-preview:-1"},"canonical":"https:\/\/www.kliinikum.ee\/ho\/laborianaluusid-ida-virus\/","og_locale":"et_EE","og_type":"article","og_title":"Laborianal\u00fc\u00fcsid Ida Virus - Hematoloogia-onkoloogia kliinik","og_description":"Vereanal\u00fc\u00fcsi andmiseks minge m\u00e4\u00e4ratud kuup\u00e4eval Teile sobivasse kohta (eelnevalt ei ole aega vaja broneerida) ning v\u00f5tke\u00a0 kaasa: LABORIANAL\u00dc\u00dcSIDE SAATE ANDA J\u00c4RGMISTES KOHTADES: Aadress Vastuv\u00f5tuaeg Telefoninumber J\u00e4rve tervisemaja (Ravi 10d), ruumid D1024, D1025 D1024 &nbsp;E-R 7.45-15.45 D1025 &nbsp;E-R 8.00-12.00 331 1126 Ahtme tervisemaja (Ilmajaama 14), ruumid L1006, L1010 L1006 &nbsp;E-R 8.00-14.00 L1010 &nbsp;E-R&nbsp;7.45-15.45 331 1779, 331 [&hellip;]","og_url":"https:\/\/www.kliinikum.ee\/ho\/laborianaluusid-ida-virus\/","og_site_name":"Hematoloogia-onkoloogia kliinik","article_modified_time":"2025-05-13T12:17:29+00:00","twitter_card":"summary_large_image","twitter_misc":{"Est. reading time":"1 minut"},"schema":{"@context":"https:\/\/schema.org","@graph":[{"@type":"WebPage","@id":"https:\/\/www.kliinikum.ee\/ho\/laborianaluusid-ida-virus\/","url":"https:\/\/www.kliinikum.ee\/ho\/laborianaluusid-ida-virus\/","name":"Laborianal\u00fc\u00fcsid Ida Virus - Hematoloogia-onkoloogia kliinik","isPartOf":{"@id":"https:\/\/www.kliinikum.ee\/ho\/#website"},"datePublished":"2025-05-13T12:17:24+00:00","dateModified":"2025-05-13T12:17:29+00:00","breadcrumb":{"@id":"https:\/\/www.kliinikum.ee\/ho\/laborianaluusid-ida-virus\/#breadcrumb"},"inLanguage":"et","potentialAction":[{"@type":"ReadAction","target":["https:\/\/www.kliinikum.ee\/ho\/laborianaluusid-ida-virus\/"]}]},{"@type":"BreadcrumbList","@id":"https:\/\/www.kliinikum.ee\/ho\/laborianaluusid-ida-virus\/#breadcrumb","itemListElement":[{"@type":"ListItem","position":1,"name":"Home","item":"https:\/\/www.kliinikum.ee\/ho\/"},{"@type":"ListItem","position":2,"name":"Laborianal\u00fc\u00fcsid Ida Virus"}]},{"@type":"WebSite","@id":"https:\/\/www.kliinikum.ee\/ho\/#website","url":"https:\/\/www.kliinikum.ee\/ho\/","name":"Hematoloogia-onkoloogia kliinik","description":"Hoolivus, Uuendusmeelsus, P\u00e4devus ja Usaldusv\u00e4\u00e4rsus","potentialAction":[{"@type":"SearchAction","target":{"@type":"EntryPoint","urlTemplate":"https:\/\/www.kliinikum.ee\/ho\/?s={search_term_string}"},"query-input":{"@type":"PropertyValueSpecification","valueRequired":true,"valueName":"search_term_string"}}],"inLanguage":"et"}]}},"uagb_featured_image_src":{"full":false,"thumbnail":false,"medium":false,"medium_large":false,"large":false,"1536x1536":false,"2048x2048":false},"uagb_author_info":{"display_name":"Ain Kaare","author_link":"https:\/\/www.kliinikum.ee\/ho\/author\/ainka\/"},"uagb_comment_info":0,"uagb_excerpt":"Vereanal\u00fc\u00fcsi andmiseks minge m\u00e4\u00e4ratud kuup\u00e4eval Teile sobivasse kohta (eelnevalt ei ole aega vaja broneerida) ning v\u00f5tke\u00a0 kaasa: LABORIANAL\u00dc\u00dcSIDE SAATE ANDA J\u00c4RGMISTES KOHTADES: Aadress Vastuv\u00f5tuaeg Telefoninumber J\u00e4rve tervisemaja (Ravi 10d), ruumid D1024, D1025 D1024 &nbsp;E-R 7.45-15.45 D1025 &nbsp;E-R 8.00-12.00 331 1126 Ahtme tervisemaja (Ilmajaama 14), ruumid L1006, L1010 L1006 &nbsp;E-R 8.00-14.00 L1010 &nbsp;E-R&nbsp;7.45-15.45 331 1779, 331&hellip;","_links":{"self":[{"href":"https:\/\/www.kliinikum.ee\/ho\/wp-json\/wp\/v2\/pages\/6519","targetHints":{"allow":["GET"]}}],"collection":[{"href":"https:\/\/www.kliinikum.ee\/ho\/wp-json\/wp\/v2\/pages"}],"about":[{"href":"https:\/\/www.kliinikum.ee\/ho\/wp-json\/wp\/v2\/types\/page"}],"author":[{"embeddable":true,"href":"https:\/\/www.kliinikum.ee\/ho\/wp-json\/wp\/v2\/users\/36"}],"replies":[{"embeddable":true,"href":"https:\/\/www.kliinikum.ee\/ho\/wp-json\/wp\/v2\/comments?post=6519"}],"version-history":[{"count":0,"href":"https:\/\/www.kliinikum.ee\/ho\/wp-json\/wp\/v2\/pages\/6519\/revisions"}],"wp:attachment":[{"href":"https:\/\/www.kliinikum.ee\/ho\/wp-json\/wp\/v2\/media?parent=6519"}],"curies":[{"name":"wp","href":"https:\/\/api.w.org\/{rel}","templated":true}]}}