{"id":6962,"date":"2026-03-20T14:08:17","date_gmt":"2026-03-20T12:08:17","guid":{"rendered":"https:\/\/www.kliinikum.ee\/ho\/?page_id=6962"},"modified":"2026-03-20T14:24:58","modified_gmt":"2026-03-20T12:24:58","slug":"hematoloogiliste-seisundite-kasitlusjuhendid","status":"publish","type":"page","link":"https:\/\/www.kliinikum.ee\/ho\/perearstile-ja-kolleegile\/hematoloogiliste-seisundite-kasitlusjuhendid\/","title":{"rendered":"Hematoloogiliste seisundite k\u00e4sitlusjuhendid"},"content":{"rendered":"\n<p style=\"font-size:clamp(0.929rem, 0.929rem + ((1vw - 0.2rem) * 0.856), 1.4rem);\"><a href=\"https:\/\/www.kliinikum.ee\/ho\/wp-content\/uploads\/2026\/03\/Hematoloogilisele_erialakonsultatsioonile_suunamise_juhend_web.pdf\" target=\"_blank\" rel=\"noreferrer noopener\">Hematoloogilisele erialakonsultatsioonile suunamise juhend<\/a><\/p>\n\n\n\n<p style=\"font-size:clamp(0.929rem, 0.929rem + ((1vw - 0.2rem) * 0.856), 1.4rem);\"><a href=\"https:\/\/www.kliinikum.ee\/ho\/wp-content\/uploads\/2026\/03\/Rauavaegusaneemia-kasitlus-2020.pdf\" target=\"_blank\" rel=\"noreferrer noopener\">Rauavaegusaneemia k\u00e4sitlusjuhend<\/a><\/p>\n\n\n\n<p><\/p>\n","protected":false},"excerpt":{"rendered":"<p>Hematoloogilisele erialakonsultatsioonile suunamise juhend Rauavaegusaneemia k\u00e4sitlusjuhend<\/p>\n","protected":false},"author":36,"featured_media":0,"parent":6400,"menu_order":0,"comment_status":"closed","ping_status":"closed","template":"","meta":{"_acf_changed":false,"_uag_custom_page_level_css":"","footnotes":""},"class_list":["post-6962","page","type-page","status-publish","hentry"],"acf":[],"yoast_head":"<!-- This site is optimized with the Yoast SEO plugin v27.4 - https:\/\/yoast.com\/product\/yoast-seo-wordpress\/ -->\n<title>Hematoloogiliste seisundite k\u00e4sitlusjuhendid - Hematoloogia-onkoloogia kliinik<\/title>\n<meta name=\"robots\" content=\"index, follow, max-snippet:-1, max-image-preview:large, max-video-preview:-1\" \/>\n<link rel=\"canonical\" href=\"https:\/\/www.kliinikum.ee\/ho\/perearstile-ja-kolleegile\/hematoloogiliste-seisundite-kasitlusjuhendid\/\" \/>\n<meta property=\"og:locale\" content=\"et_EE\" \/>\n<meta property=\"og:type\" content=\"article\" \/>\n<meta property=\"og:title\" content=\"Hematoloogiliste seisundite k\u00e4sitlusjuhendid - Hematoloogia-onkoloogia kliinik\" \/>\n<meta property=\"og:description\" content=\"Hematoloogilisele erialakonsultatsioonile suunamise juhend Rauavaegusaneemia k\u00e4sitlusjuhend\" \/>\n<meta property=\"og:url\" content=\"https:\/\/www.kliinikum.ee\/ho\/perearstile-ja-kolleegile\/hematoloogiliste-seisundite-kasitlusjuhendid\/\" \/>\n<meta property=\"og:site_name\" content=\"Hematoloogia-onkoloogia kliinik\" \/>\n<meta property=\"article:modified_time\" content=\"2026-03-20T12:24:58+00:00\" \/>\n<meta name=\"twitter:card\" content=\"summary_large_image\" \/>\n<meta name=\"twitter:label1\" content=\"Est. reading time\" \/>\n\t<meta name=\"twitter:data1\" content=\"1 minut\" \/>\n<script type=\"application\/ld+json\" class=\"yoast-schema-graph\">{\"@context\":\"https:\\\/\\\/schema.org\",\"@graph\":[{\"@type\":\"WebPage\",\"@id\":\"https:\\\/\\\/www.kliinikum.ee\\\/ho\\\/perearstile-ja-kolleegile\\\/hematoloogiliste-seisundite-kasitlusjuhendid\\\/\",\"url\":\"https:\\\/\\\/www.kliinikum.ee\\\/ho\\\/perearstile-ja-kolleegile\\\/hematoloogiliste-seisundite-kasitlusjuhendid\\\/\",\"name\":\"Hematoloogiliste seisundite k\u00e4sitlusjuhendid - Hematoloogia-onkoloogia kliinik\",\"isPartOf\":{\"@id\":\"https:\\\/\\\/www.kliinikum.ee\\\/ho\\\/#website\"},\"datePublished\":\"2026-03-20T12:08:17+00:00\",\"dateModified\":\"2026-03-20T12:24:58+00:00\",\"breadcrumb\":{\"@id\":\"https:\\\/\\\/www.kliinikum.ee\\\/ho\\\/perearstile-ja-kolleegile\\\/hematoloogiliste-seisundite-kasitlusjuhendid\\\/#breadcrumb\"},\"inLanguage\":\"et\",\"potentialAction\":[{\"@type\":\"ReadAction\",\"target\":[\"https:\\\/\\\/www.kliinikum.ee\\\/ho\\\/perearstile-ja-kolleegile\\\/hematoloogiliste-seisundite-kasitlusjuhendid\\\/\"]}]},{\"@type\":\"BreadcrumbList\",\"@id\":\"https:\\\/\\\/www.kliinikum.ee\\\/ho\\\/perearstile-ja-kolleegile\\\/hematoloogiliste-seisundite-kasitlusjuhendid\\\/#breadcrumb\",\"itemListElement\":[{\"@type\":\"ListItem\",\"position\":1,\"name\":\"Home\",\"item\":\"https:\\\/\\\/www.kliinikum.ee\\\/ho\\\/\"},{\"@type\":\"ListItem\",\"position\":2,\"name\":\"Perearstile ja kolleegile\",\"item\":\"https:\\\/\\\/www.kliinikum.ee\\\/ho\\\/perearstile-ja-kolleegile\\\/\"},{\"@type\":\"ListItem\",\"position\":3,\"name\":\"Hematoloogiliste seisundite k\u00e4sitlusjuhendid\"}]},{\"@type\":\"WebSite\",\"@id\":\"https:\\\/\\\/www.kliinikum.ee\\\/ho\\\/#website\",\"url\":\"https:\\\/\\\/www.kliinikum.ee\\\/ho\\\/\",\"name\":\"Hematoloogia-onkoloogia kliinik\",\"description\":\"Hoolivus, Uuendusmeelsus, P\u00e4devus ja Usaldusv\u00e4\u00e4rsus\",\"potentialAction\":[{\"@type\":\"SearchAction\",\"target\":{\"@type\":\"EntryPoint\",\"urlTemplate\":\"https:\\\/\\\/www.kliinikum.ee\\\/ho\\\/?s={search_term_string}\"},\"query-input\":{\"@type\":\"PropertyValueSpecification\",\"valueRequired\":true,\"valueName\":\"search_term_string\"}}],\"inLanguage\":\"et\"}]}<\/script>\n<!-- \/ Yoast SEO plugin. -->","yoast_head_json":{"title":"Hematoloogiliste seisundite k\u00e4sitlusjuhendid - Hematoloogia-onkoloogia kliinik","robots":{"index":"index","follow":"follow","max-snippet":"max-snippet:-1","max-image-preview":"max-image-preview:large","max-video-preview":"max-video-preview:-1"},"canonical":"https:\/\/www.kliinikum.ee\/ho\/perearstile-ja-kolleegile\/hematoloogiliste-seisundite-kasitlusjuhendid\/","og_locale":"et_EE","og_type":"article","og_title":"Hematoloogiliste seisundite k\u00e4sitlusjuhendid - Hematoloogia-onkoloogia kliinik","og_description":"Hematoloogilisele erialakonsultatsioonile suunamise juhend Rauavaegusaneemia k\u00e4sitlusjuhend","og_url":"https:\/\/www.kliinikum.ee\/ho\/perearstile-ja-kolleegile\/hematoloogiliste-seisundite-kasitlusjuhendid\/","og_site_name":"Hematoloogia-onkoloogia kliinik","article_modified_time":"2026-03-20T12:24:58+00:00","twitter_card":"summary_large_image","twitter_misc":{"Est. reading time":"1 minut"},"schema":{"@context":"https:\/\/schema.org","@graph":[{"@type":"WebPage","@id":"https:\/\/www.kliinikum.ee\/ho\/perearstile-ja-kolleegile\/hematoloogiliste-seisundite-kasitlusjuhendid\/","url":"https:\/\/www.kliinikum.ee\/ho\/perearstile-ja-kolleegile\/hematoloogiliste-seisundite-kasitlusjuhendid\/","name":"Hematoloogiliste seisundite k\u00e4sitlusjuhendid - Hematoloogia-onkoloogia kliinik","isPartOf":{"@id":"https:\/\/www.kliinikum.ee\/ho\/#website"},"datePublished":"2026-03-20T12:08:17+00:00","dateModified":"2026-03-20T12:24:58+00:00","breadcrumb":{"@id":"https:\/\/www.kliinikum.ee\/ho\/perearstile-ja-kolleegile\/hematoloogiliste-seisundite-kasitlusjuhendid\/#breadcrumb"},"inLanguage":"et","potentialAction":[{"@type":"ReadAction","target":["https:\/\/www.kliinikum.ee\/ho\/perearstile-ja-kolleegile\/hematoloogiliste-seisundite-kasitlusjuhendid\/"]}]},{"@type":"BreadcrumbList","@id":"https:\/\/www.kliinikum.ee\/ho\/perearstile-ja-kolleegile\/hematoloogiliste-seisundite-kasitlusjuhendid\/#breadcrumb","itemListElement":[{"@type":"ListItem","position":1,"name":"Home","item":"https:\/\/www.kliinikum.ee\/ho\/"},{"@type":"ListItem","position":2,"name":"Perearstile ja kolleegile","item":"https:\/\/www.kliinikum.ee\/ho\/perearstile-ja-kolleegile\/"},{"@type":"ListItem","position":3,"name":"Hematoloogiliste seisundite k\u00e4sitlusjuhendid"}]},{"@type":"WebSite","@id":"https:\/\/www.kliinikum.ee\/ho\/#website","url":"https:\/\/www.kliinikum.ee\/ho\/","name":"Hematoloogia-onkoloogia kliinik","description":"Hoolivus, Uuendusmeelsus, P\u00e4devus ja Usaldusv\u00e4\u00e4rsus","potentialAction":[{"@type":"SearchAction","target":{"@type":"EntryPoint","urlTemplate":"https:\/\/www.kliinikum.ee\/ho\/?s={search_term_string}"},"query-input":{"@type":"PropertyValueSpecification","valueRequired":true,"valueName":"search_term_string"}}],"inLanguage":"et"}]}},"uagb_featured_image_src":{"full":false,"thumbnail":false,"medium":false,"medium_large":false,"large":false,"1536x1536":false,"2048x2048":false},"uagb_author_info":{"display_name":"Ain Kaare","author_link":"https:\/\/www.kliinikum.ee\/ho\/author\/ainka\/"},"uagb_comment_info":0,"uagb_excerpt":"Hematoloogilisele erialakonsultatsioonile suunamise juhend Rauavaegusaneemia k\u00e4sitlusjuhend","_links":{"self":[{"href":"https:\/\/www.kliinikum.ee\/ho\/wp-json\/wp\/v2\/pages\/6962","targetHints":{"allow":["GET"]}}],"collection":[{"href":"https:\/\/www.kliinikum.ee\/ho\/wp-json\/wp\/v2\/pages"}],"about":[{"href":"https:\/\/www.kliinikum.ee\/ho\/wp-json\/wp\/v2\/types\/page"}],"author":[{"embeddable":true,"href":"https:\/\/www.kliinikum.ee\/ho\/wp-json\/wp\/v2\/users\/36"}],"replies":[{"embeddable":true,"href":"https:\/\/www.kliinikum.ee\/ho\/wp-json\/wp\/v2\/comments?post=6962"}],"version-history":[{"count":0,"href":"https:\/\/www.kliinikum.ee\/ho\/wp-json\/wp\/v2\/pages\/6962\/revisions"}],"up":[{"embeddable":true,"href":"https:\/\/www.kliinikum.ee\/ho\/wp-json\/wp\/v2\/pages\/6400"}],"wp:attachment":[{"href":"https:\/\/www.kliinikum.ee\/ho\/wp-json\/wp\/v2\/media?parent=6962"}],"curies":[{"name":"wp","href":"https:\/\/api.w.org\/{rel}","templated":true}]}}