{"id":5849,"date":"2023-05-09T08:05:38","date_gmt":"2023-05-09T06:05:38","guid":{"rendered":"https:\/\/www.kliinikum.ee\/infarkt\/?page_id=5849"},"modified":"2025-11-27T23:36:46","modified_gmt":"2025-11-27T21:36:46","slug":"tutvustus","status":"publish","type":"page","link":"https:\/\/www.kliinikum.ee\/infarkt\/tutvustus\/","title":{"rendered":"Tutvustus"},"content":{"rendered":"\n<p class=\"has-medium-font-size\"><strong>M\u00fcokardiinfarktiregister<\/strong>&nbsp;(MIR) on Eesti Vabariigi &nbsp;\"<a href=\"https:\/\/www.riigiteataja.ee\/akt\/RTHS\" target=\"_blank\" rel=\"noreferrer noopener\">Rahvatervishoiu&nbsp;seaduse<\/a>\"&nbsp;\u00a7 27 alusel peetav andmekogu, mis loodi 2012. aastal riikliku andmekoguna.<\/p>\n\n\n\n<p class=\"has-medium-font-size\">Registrit peetakse<\/p>\n\n\n\n<ul class=\"wp-block-list\">\n<li class=\"has-medium-font-size\">m\u00fcokardiinfarkti haigestumuse ja m\u00fcokardiinfarktihaigete elumuse anal\u00fc\u00fcsimiseks,<\/li>\n\n\n\n<li class=\"has-medium-font-size\">tervishoiuteenuse korraldamiseks,<\/li>\n\n\n\n<li class=\"has-medium-font-size\">tervisepoliitika v\u00e4ljat\u00f6\u00f6tamiseks,<\/li>\n\n\n\n<li class=\"has-medium-font-size\">m\u00fcokardiinfarkti diagnostika ja ravi k\u00e4sitluse hindamiseks,<\/li>\n\n\n\n<li class=\"has-medium-font-size\">statistika ja teadusliku uurimist\u00f6\u00f6, sealhulgas epidemioloogiliste uuringute tegemiseks.<\/li>\n<\/ul>\n\n\n\n<p class=\"has-medium-font-size\">MIR vastutav t\u00f6\u00f6tleja on Sotsiaalministeerium ja volitatud t\u00f6\u00f6tleja SA Tartu \u00dclikooli Kliinikum. MIR vastutava t\u00f6\u00f6tleja n\u00f5ustamiseks on&nbsp;06.04.2021 Tervise- ja t\u00f6\u00f6ministri k\u00e4skkirjaga kinnitatud 12 liikmelise<\/p>\n\n\n\n<p class=\"has-medium-font-size\">MIR teadusn\u00f5ukogu koosseis (<a href=\"https:\/\/adr.rik.ee\/som\/dokument\/9019101\"><\/a><a href=\"https:\/\/adr.rik.ee\/som\/dokument\/9019101\">https:\/\/adr.rik.ee\/som\/dokument\/9019101<\/a>)<\/p>\n\n\n\n<p class=\"has-medium-font-size\">Registri alustamisel reguleeris registri pidamist EV peaministri poolt 15. detsembril 2011 allkirjastatud EV valitsuse m\u00e4\u00e4rus nr 156: \u201e<a href=\"https:\/\/www.riigiteataja.ee\/akt\/121122011008\" target=\"_blank\" rel=\"noreferrer noopener\">M\u00fcokardiinfarktiregistri asutamise ja registri pidamise p\u00f5him\u00e4\u00e4rus<\/a>\u201c.<\/p>\n\n\n\n<p class=\"has-medium-font-size\">Momendil reguleerib registri pidamist 01. septembrist 2025 kehtiv Sotsiaalministri m\u00e4\u00e4rus: \"<a href=\"https:\/\/www.riigiteataja.ee\/akt\/122082025011\" target=\"_blank\" rel=\"noreferrer noopener\">M\u00fcokardiinfarktiregistri p\u00f5him\u00e4\u00e4rus<\/a>\".<\/p>\n\n\n\n<p class=\"has-medium-font-size\">Alates 1. veebruarist 2012 on SA T\u00dc Kliinikumil teenistus - M\u00fcokardiinfarktiregister, kes tegeleb riikliku m\u00fcokardiinfarktiregistri pidamisega.<\/p>\n\n\n\n<p><\/p>\n","protected":false},"excerpt":{"rendered":"<p>M\u00fcokardiinfarktiregister&nbsp;(MIR) on Eesti Vabariigi &nbsp;\"Rahvatervishoiu&nbsp;seaduse\"&nbsp;\u00a7 27 alusel peetav andmekogu, mis loodi 2012. aastal riikliku andmekoguna. Registrit peetakse MIR vastutav t\u00f6\u00f6tleja on Sotsiaalministeerium ja volitatud t\u00f6\u00f6tleja SA Tartu \u00dclikooli Kliinikum. MIR vastutava t\u00f6\u00f6tleja n\u00f5ustamiseks on&nbsp;06.04.2021 Tervise- ja t\u00f6\u00f6ministri k\u00e4skkirjaga kinnitatud 12 liikmelise MIR teadusn\u00f5ukogu koosseis (https:\/\/adr.rik.ee\/som\/dokument\/9019101) Registri alustamisel reguleeris registri pidamist EV peaministri poolt 15. detsembril [&hellip;]<\/p>\n","protected":false},"author":32,"featured_media":0,"parent":0,"menu_order":0,"comment_status":"closed","ping_status":"closed","template":"","meta":{"_acf_changed":false,"_uag_custom_page_level_css":"","footnotes":""},"class_list":["post-5849","page","type-page","status-publish","hentry"],"acf":[],"yoast_head":"<!-- This site is optimized with the Yoast SEO plugin v27.5 - https:\/\/yoast.com\/product\/yoast-seo-wordpress\/ -->\n<title>Tutvustus - M\u00fcokardiinfarktiregister<\/title>\n<meta name=\"robots\" content=\"index, follow, max-snippet:-1, max-image-preview:large, max-video-preview:-1\" \/>\n<link rel=\"canonical\" href=\"https:\/\/www.kliinikum.ee\/infarkt\/tutvustus\/\" \/>\n<meta property=\"og:locale\" content=\"et_EE\" \/>\n<meta property=\"og:type\" content=\"article\" \/>\n<meta property=\"og:title\" content=\"Tutvustus - M\u00fcokardiinfarktiregister\" \/>\n<meta property=\"og:description\" content=\"M\u00fcokardiinfarktiregister&nbsp;(MIR) on Eesti Vabariigi &nbsp;&quot;Rahvatervishoiu&nbsp;seaduse&quot;&nbsp;\u00a7 27 alusel peetav andmekogu, mis loodi 2012. aastal riikliku andmekoguna. Registrit peetakse MIR vastutav t\u00f6\u00f6tleja on Sotsiaalministeerium ja volitatud t\u00f6\u00f6tleja SA Tartu \u00dclikooli Kliinikum. MIR vastutava t\u00f6\u00f6tleja n\u00f5ustamiseks on&nbsp;06.04.2021 Tervise- ja t\u00f6\u00f6ministri k\u00e4skkirjaga kinnitatud 12 liikmelise MIR teadusn\u00f5ukogu koosseis (https:\/\/adr.rik.ee\/som\/dokument\/9019101) Registri alustamisel reguleeris registri pidamist EV peaministri poolt 15. detsembril [&hellip;]\" \/>\n<meta property=\"og:url\" content=\"https:\/\/www.kliinikum.ee\/infarkt\/tutvustus\/\" \/>\n<meta property=\"og:site_name\" content=\"M\u00fcokardiinfarktiregister\" \/>\n<meta property=\"article:modified_time\" content=\"2025-11-27T21:36:46+00:00\" \/>\n<meta name=\"twitter:card\" content=\"summary_large_image\" \/>\n<meta name=\"twitter:label1\" content=\"Est. reading time\" \/>\n\t<meta name=\"twitter:data1\" content=\"1 minut\" \/>\n<script type=\"application\/ld+json\" class=\"yoast-schema-graph\">{\"@context\":\"https:\\\/\\\/schema.org\",\"@graph\":[{\"@type\":\"WebPage\",\"@id\":\"https:\\\/\\\/www.kliinikum.ee\\\/infarkt\\\/tutvustus\\\/\",\"url\":\"https:\\\/\\\/www.kliinikum.ee\\\/infarkt\\\/tutvustus\\\/\",\"name\":\"Tutvustus - M\u00fcokardiinfarktiregister\",\"isPartOf\":{\"@id\":\"https:\\\/\\\/www.kliinikum.ee\\\/infarkt\\\/#website\"},\"datePublished\":\"2023-05-09T06:05:38+00:00\",\"dateModified\":\"2025-11-27T21:36:46+00:00\",\"breadcrumb\":{\"@id\":\"https:\\\/\\\/www.kliinikum.ee\\\/infarkt\\\/tutvustus\\\/#breadcrumb\"},\"inLanguage\":\"et\",\"potentialAction\":[{\"@type\":\"ReadAction\",\"target\":[\"https:\\\/\\\/www.kliinikum.ee\\\/infarkt\\\/tutvustus\\\/\"]}]},{\"@type\":\"BreadcrumbList\",\"@id\":\"https:\\\/\\\/www.kliinikum.ee\\\/infarkt\\\/tutvustus\\\/#breadcrumb\",\"itemListElement\":[{\"@type\":\"ListItem\",\"position\":1,\"name\":\"Home\",\"item\":\"https:\\\/\\\/www.kliinikum.ee\\\/infarkt\\\/\"},{\"@type\":\"ListItem\",\"position\":2,\"name\":\"Tutvustus\"}]},{\"@type\":\"WebSite\",\"@id\":\"https:\\\/\\\/www.kliinikum.ee\\\/infarkt\\\/#website\",\"url\":\"https:\\\/\\\/www.kliinikum.ee\\\/infarkt\\\/\",\"name\":\"M\u00fcokardiinfarktiregister\",\"description\":\"Hoolivus, Uuendusmeelsus, P\u00e4devus ja Usaldusv\u00e4\u00e4rsus\",\"potentialAction\":[{\"@type\":\"SearchAction\",\"target\":{\"@type\":\"EntryPoint\",\"urlTemplate\":\"https:\\\/\\\/www.kliinikum.ee\\\/infarkt\\\/?s={search_term_string}\"},\"query-input\":{\"@type\":\"PropertyValueSpecification\",\"valueRequired\":true,\"valueName\":\"search_term_string\"}}],\"inLanguage\":\"et\"}]}<\/script>\n<!-- \/ Yoast SEO plugin. -->","yoast_head_json":{"title":"Tutvustus - M\u00fcokardiinfarktiregister","robots":{"index":"index","follow":"follow","max-snippet":"max-snippet:-1","max-image-preview":"max-image-preview:large","max-video-preview":"max-video-preview:-1"},"canonical":"https:\/\/www.kliinikum.ee\/infarkt\/tutvustus\/","og_locale":"et_EE","og_type":"article","og_title":"Tutvustus - M\u00fcokardiinfarktiregister","og_description":"M\u00fcokardiinfarktiregister&nbsp;(MIR) on Eesti Vabariigi &nbsp;\"Rahvatervishoiu&nbsp;seaduse\"&nbsp;\u00a7 27 alusel peetav andmekogu, mis loodi 2012. aastal riikliku andmekoguna. Registrit peetakse MIR vastutav t\u00f6\u00f6tleja on Sotsiaalministeerium ja volitatud t\u00f6\u00f6tleja SA Tartu \u00dclikooli Kliinikum. MIR vastutava t\u00f6\u00f6tleja n\u00f5ustamiseks on&nbsp;06.04.2021 Tervise- ja t\u00f6\u00f6ministri k\u00e4skkirjaga kinnitatud 12 liikmelise MIR teadusn\u00f5ukogu koosseis (https:\/\/adr.rik.ee\/som\/dokument\/9019101) Registri alustamisel reguleeris registri pidamist EV peaministri poolt 15. detsembril [&hellip;]","og_url":"https:\/\/www.kliinikum.ee\/infarkt\/tutvustus\/","og_site_name":"M\u00fcokardiinfarktiregister","article_modified_time":"2025-11-27T21:36:46+00:00","twitter_card":"summary_large_image","twitter_misc":{"Est. reading time":"1 minut"},"schema":{"@context":"https:\/\/schema.org","@graph":[{"@type":"WebPage","@id":"https:\/\/www.kliinikum.ee\/infarkt\/tutvustus\/","url":"https:\/\/www.kliinikum.ee\/infarkt\/tutvustus\/","name":"Tutvustus - M\u00fcokardiinfarktiregister","isPartOf":{"@id":"https:\/\/www.kliinikum.ee\/infarkt\/#website"},"datePublished":"2023-05-09T06:05:38+00:00","dateModified":"2025-11-27T21:36:46+00:00","breadcrumb":{"@id":"https:\/\/www.kliinikum.ee\/infarkt\/tutvustus\/#breadcrumb"},"inLanguage":"et","potentialAction":[{"@type":"ReadAction","target":["https:\/\/www.kliinikum.ee\/infarkt\/tutvustus\/"]}]},{"@type":"BreadcrumbList","@id":"https:\/\/www.kliinikum.ee\/infarkt\/tutvustus\/#breadcrumb","itemListElement":[{"@type":"ListItem","position":1,"name":"Home","item":"https:\/\/www.kliinikum.ee\/infarkt\/"},{"@type":"ListItem","position":2,"name":"Tutvustus"}]},{"@type":"WebSite","@id":"https:\/\/www.kliinikum.ee\/infarkt\/#website","url":"https:\/\/www.kliinikum.ee\/infarkt\/","name":"M\u00fcokardiinfarktiregister","description":"Hoolivus, Uuendusmeelsus, P\u00e4devus ja Usaldusv\u00e4\u00e4rsus","potentialAction":[{"@type":"SearchAction","target":{"@type":"EntryPoint","urlTemplate":"https:\/\/www.kliinikum.ee\/infarkt\/?s={search_term_string}"},"query-input":{"@type":"PropertyValueSpecification","valueRequired":true,"valueName":"search_term_string"}}],"inLanguage":"et"}]}},"uagb_featured_image_src":{"full":false,"thumbnail":false,"medium":false,"medium_large":false,"large":false,"1536x1536":false,"2048x2048":false},"uagb_author_info":{"display_name":"Jane Freimann","author_link":"https:\/\/www.kliinikum.ee\/infarkt\/author\/janef\/"},"uagb_comment_info":0,"uagb_excerpt":"M\u00fcokardiinfarktiregister&nbsp;(MIR) on Eesti Vabariigi &nbsp;\"Rahvatervishoiu&nbsp;seaduse\"&nbsp;\u00a7 27 alusel peetav andmekogu, mis loodi 2012. aastal riikliku andmekoguna. Registrit peetakse MIR vastutav t\u00f6\u00f6tleja on Sotsiaalministeerium ja volitatud t\u00f6\u00f6tleja SA Tartu \u00dclikooli Kliinikum. MIR vastutava t\u00f6\u00f6tleja n\u00f5ustamiseks on&nbsp;06.04.2021 Tervise- ja t\u00f6\u00f6ministri k\u00e4skkirjaga kinnitatud 12 liikmelise MIR teadusn\u00f5ukogu koosseis (https:\/\/adr.rik.ee\/som\/dokument\/9019101) Registri alustamisel reguleeris registri pidamist EV peaministri poolt 15. detsembril&hellip;","_links":{"self":[{"href":"https:\/\/www.kliinikum.ee\/infarkt\/wp-json\/wp\/v2\/pages\/5849","targetHints":{"allow":["GET"]}}],"collection":[{"href":"https:\/\/www.kliinikum.ee\/infarkt\/wp-json\/wp\/v2\/pages"}],"about":[{"href":"https:\/\/www.kliinikum.ee\/infarkt\/wp-json\/wp\/v2\/types\/page"}],"author":[{"embeddable":true,"href":"https:\/\/www.kliinikum.ee\/infarkt\/wp-json\/wp\/v2\/users\/32"}],"replies":[{"embeddable":true,"href":"https:\/\/www.kliinikum.ee\/infarkt\/wp-json\/wp\/v2\/comments?post=5849"}],"version-history":[{"count":0,"href":"https:\/\/www.kliinikum.ee\/infarkt\/wp-json\/wp\/v2\/pages\/5849\/revisions"}],"wp:attachment":[{"href":"https:\/\/www.kliinikum.ee\/infarkt\/wp-json\/wp\/v2\/media?parent=5849"}],"curies":[{"name":"wp","href":"https:\/\/api.w.org\/{rel}","templated":true}]}}