{"id":5852,"date":"2023-05-09T08:36:13","date_gmt":"2023-05-09T06:36:13","guid":{"rendered":"https:\/\/www.kliinikum.ee\/infarkt\/?page_id=5852"},"modified":"2025-09-10T17:02:33","modified_gmt":"2025-09-10T15:02:33","slug":"juhendid","status":"publish","type":"page","link":"https:\/\/www.kliinikum.ee\/infarkt\/juhendid\/","title":{"rendered":"Juhendid"},"content":{"rendered":"\n<p class=\"has-medium-font-size\">Eesti Arst 2019; 98(4):235\u2013242 on avaldanud uuendatud m\u00fcokardiinfarkti ravijuhendi <a href=\"https:\/\/www.kliinikum.ee\/infarkt\/pildid\/MI_definitsioon_Eesti_Arst_aprill_2019.pdf\" target=\"_blank\" rel=\"noreferrer noopener\">M\u00fcokardiinfarkti neljas universaalne definitsioon<\/a>.<\/p>\n\n\n\n<p class=\"has-medium-font-size\">Antud dokumendi on heaks kiitnud Eesti Kardioloogide Selts 15.03.2019, Eesti Laborimeditsiini \u00dching 25.03.2019 ja Eesti Radioloogia \u00dching 25.02.2019.<\/p>\n\n\n\n<h2 class=\"wp-block-heading\">Registri juhendid<\/h2>\n\n\n\n<p class=\"has-medium-font-size\">M\u00fcokardiinfarktiregistriga seotud juhendid leiate allpool olevast loetelust. Juhendite lugemiseks on vajalik kasutada tarkvara&nbsp;<a href=\"http:\/\/get.adobe.com\/reader\/?promoid=BUIGO\" target=\"_blank\" rel=\"noreferrer noopener\">Adobe Reader<\/a>.<\/p>\n\n\n\n<p class=\"has-medium-font-size\">MIRi teatise andmekoosseis on koosk\u00f5las CARDS (Cardiology Audit and Registration Data Standards) projekti dokumendiga, mis v\u00f5eti vastu Euroopa Liidu tasandil 2004. aastal. Nimetatud konsensusdokument on koostatud tihedas koost\u00f6\u00f6s Euroopa Kardioloogide Seltsi ja liikmesriikide esindajatega eesm\u00e4rgiga \u00fchtlustada Euroopa Liidus andmete kogumise standardid ja panna alus riikidevahelisele v\u00f5rdsusele (dokument on allalaaditav:&nbsp;<a href=\"http:\/\/www.escardio.org\/\" target=\"_blank\" rel=\"noreferrer noopener\">http:\/\/www.escardio.org<\/a>). MIR teatis on kinnitatud Eesti Kardioloogide Seltsi juurde loodud M\u00fcokardiinfarktiregistri Teadusn\u00f5ukogu poolt ning teatis edastatakse andmebaasi elektrooniliselt.<\/p>\n\n\n\n<p class=\"has-medium-font-size\"><a href=\"https:\/\/www.kliinikum.ee\/infarkt\/wp-content\/uploads\/2023\/10\/EMIR_teatise_andmekoosseis_2012.pdf\">MIR teatise andmekoosseis 2012<\/a><\/p>\n\n\n\n<p class=\"has-medium-font-size\"><a href=\"https:\/\/www.kliinikum.ee\/infarkt\/wp-content\/uploads\/2023\/10\/Eesti_Muokardiinfarktiregistri_andmekoosseis_2019_18.04.2019.pdf\">MIR teatise andmekoosseis 2019<\/a><\/p>\n\n\n\n<p><strong><a href=\"https:\/\/www.kliinikum.ee\/infarkt\/wp-content\/uploads\/2025\/09\/Eesti-Muokardiinfarktiregistri-andmekoosseis-2025_01.09.2025.pdf\">MIR teatise andmekoosseis 2025<\/a><\/strong><\/p>\n\n\n\n<p class=\"has-medium-font-size\"><a href=\"https:\/\/www.kliinikum.ee\/infarkt\/wp-content\/uploads\/2023\/10\/MIR_teatise_taitmise_juhend_01.05.2012_2.pdf\">MIR teatise t\u00e4itmise juhend 01.01.2012<\/a><\/p>\n\n\n\n<p class=\"has-medium-font-size\"><a href=\"https:\/\/www.kliinikum.ee\/infarkt\/wp-content\/uploads\/2023\/10\/MIR_teatise_taitmise_juhend__ver_01.04.2019.pdf\"><strong>MIR teatise t\u00e4itmise juhend 01.04.2019<\/strong><\/a><\/p>\n\n\n\n<p class=\"has-medium-font-size\"><a href=\"https:\/\/www.kliinikum.ee\/infarkt\/wp-content\/uploads\/2023\/10\/EMIR_teatise_taitmise_juhend_01.01.2012_RU.pdf\">MIR teatise t\u00e4itmise juhend 01.01.2012 RU<\/a><\/p>\n\n\n\n<p class=\"has-medium-font-size\"><a href=\"https:\/\/www.kliinikum.ee\/infarkt\/wp-content\/uploads\/2023\/10\/EMIR_andmebaasi_kasutusjuhend_2019.pdf\"><strong>MIR andmebaasi kasutusjuhend 2019<\/strong><\/a><\/p>\n\n\n\n<p><\/p>\n\n\n\n<p><\/p>\n","protected":false},"excerpt":{"rendered":"<p>Eesti Arst 2019; 98(4):235\u2013242 on avaldanud uuendatud m\u00fcokardiinfarkti ravijuhendi M\u00fcokardiinfarkti neljas universaalne definitsioon. Antud dokumendi on heaks kiitnud Eesti Kardioloogide Selts 15.03.2019, Eesti Laborimeditsiini \u00dching 25.03.2019 ja Eesti Radioloogia \u00dching 25.02.2019. Registri juhendid M\u00fcokardiinfarktiregistriga seotud juhendid leiate allpool olevast loetelust. Juhendite lugemiseks on vajalik kasutada tarkvara&nbsp;Adobe Reader. MIRi teatise andmekoosseis on koosk\u00f5las CARDS (Cardiology Audit [&hellip;]<\/p>\n","protected":false},"author":32,"featured_media":0,"parent":0,"menu_order":0,"comment_status":"closed","ping_status":"closed","template":"","meta":{"_acf_changed":false,"_uag_custom_page_level_css":"","footnotes":""},"class_list":["post-5852","page","type-page","status-publish","hentry"],"acf":[],"yoast_head":"<!-- This site is optimized with the Yoast SEO plugin v27.3 - https:\/\/yoast.com\/product\/yoast-seo-wordpress\/ -->\n<title>Juhendid - M\u00fcokardiinfarktiregister<\/title>\n<meta name=\"robots\" content=\"index, follow, max-snippet:-1, max-image-preview:large, max-video-preview:-1\" \/>\n<link rel=\"canonical\" href=\"https:\/\/www.kliinikum.ee\/infarkt\/juhendid\/\" \/>\n<meta property=\"og:locale\" content=\"et_EE\" \/>\n<meta property=\"og:type\" content=\"article\" \/>\n<meta property=\"og:title\" content=\"Juhendid - M\u00fcokardiinfarktiregister\" \/>\n<meta property=\"og:description\" content=\"Eesti Arst 2019; 98(4):235\u2013242 on avaldanud uuendatud m\u00fcokardiinfarkti ravijuhendi M\u00fcokardiinfarkti neljas universaalne definitsioon. Antud dokumendi on heaks kiitnud Eesti Kardioloogide Selts 15.03.2019, Eesti Laborimeditsiini \u00dching 25.03.2019 ja Eesti Radioloogia \u00dching 25.02.2019. Registri juhendid M\u00fcokardiinfarktiregistriga seotud juhendid leiate allpool olevast loetelust. Juhendite lugemiseks on vajalik kasutada tarkvara&nbsp;Adobe Reader. MIRi teatise andmekoosseis on koosk\u00f5las CARDS (Cardiology Audit [&hellip;]\" \/>\n<meta property=\"og:url\" content=\"https:\/\/www.kliinikum.ee\/infarkt\/juhendid\/\" \/>\n<meta property=\"og:site_name\" content=\"M\u00fcokardiinfarktiregister\" \/>\n<meta property=\"article:modified_time\" content=\"2025-09-10T15:02:33+00:00\" \/>\n<meta name=\"twitter:card\" content=\"summary_large_image\" \/>\n<meta name=\"twitter:label1\" content=\"Est. reading time\" \/>\n\t<meta name=\"twitter:data1\" content=\"1 minut\" \/>\n<script type=\"application\/ld+json\" class=\"yoast-schema-graph\">{\"@context\":\"https:\\\/\\\/schema.org\",\"@graph\":[{\"@type\":\"WebPage\",\"@id\":\"https:\\\/\\\/www.kliinikum.ee\\\/infarkt\\\/juhendid\\\/\",\"url\":\"https:\\\/\\\/www.kliinikum.ee\\\/infarkt\\\/juhendid\\\/\",\"name\":\"Juhendid - M\u00fcokardiinfarktiregister\",\"isPartOf\":{\"@id\":\"https:\\\/\\\/www.kliinikum.ee\\\/infarkt\\\/#website\"},\"datePublished\":\"2023-05-09T06:36:13+00:00\",\"dateModified\":\"2025-09-10T15:02:33+00:00\",\"breadcrumb\":{\"@id\":\"https:\\\/\\\/www.kliinikum.ee\\\/infarkt\\\/juhendid\\\/#breadcrumb\"},\"inLanguage\":\"et\",\"potentialAction\":[{\"@type\":\"ReadAction\",\"target\":[\"https:\\\/\\\/www.kliinikum.ee\\\/infarkt\\\/juhendid\\\/\"]}]},{\"@type\":\"BreadcrumbList\",\"@id\":\"https:\\\/\\\/www.kliinikum.ee\\\/infarkt\\\/juhendid\\\/#breadcrumb\",\"itemListElement\":[{\"@type\":\"ListItem\",\"position\":1,\"name\":\"Home\",\"item\":\"https:\\\/\\\/www.kliinikum.ee\\\/infarkt\\\/\"},{\"@type\":\"ListItem\",\"position\":2,\"name\":\"Juhendid\"}]},{\"@type\":\"WebSite\",\"@id\":\"https:\\\/\\\/www.kliinikum.ee\\\/infarkt\\\/#website\",\"url\":\"https:\\\/\\\/www.kliinikum.ee\\\/infarkt\\\/\",\"name\":\"M\u00fcokardiinfarktiregister\",\"description\":\"Hoolivus, Uuendusmeelsus, P\u00e4devus ja Usaldusv\u00e4\u00e4rsus\",\"potentialAction\":[{\"@type\":\"SearchAction\",\"target\":{\"@type\":\"EntryPoint\",\"urlTemplate\":\"https:\\\/\\\/www.kliinikum.ee\\\/infarkt\\\/?s={search_term_string}\"},\"query-input\":{\"@type\":\"PropertyValueSpecification\",\"valueRequired\":true,\"valueName\":\"search_term_string\"}}],\"inLanguage\":\"et\"}]}<\/script>\n<!-- \/ Yoast SEO plugin. -->","yoast_head_json":{"title":"Juhendid - M\u00fcokardiinfarktiregister","robots":{"index":"index","follow":"follow","max-snippet":"max-snippet:-1","max-image-preview":"max-image-preview:large","max-video-preview":"max-video-preview:-1"},"canonical":"https:\/\/www.kliinikum.ee\/infarkt\/juhendid\/","og_locale":"et_EE","og_type":"article","og_title":"Juhendid - M\u00fcokardiinfarktiregister","og_description":"Eesti Arst 2019; 98(4):235\u2013242 on avaldanud uuendatud m\u00fcokardiinfarkti ravijuhendi M\u00fcokardiinfarkti neljas universaalne definitsioon. Antud dokumendi on heaks kiitnud Eesti Kardioloogide Selts 15.03.2019, Eesti Laborimeditsiini \u00dching 25.03.2019 ja Eesti Radioloogia \u00dching 25.02.2019. Registri juhendid M\u00fcokardiinfarktiregistriga seotud juhendid leiate allpool olevast loetelust. Juhendite lugemiseks on vajalik kasutada tarkvara&nbsp;Adobe Reader. MIRi teatise andmekoosseis on koosk\u00f5las CARDS (Cardiology Audit [&hellip;]","og_url":"https:\/\/www.kliinikum.ee\/infarkt\/juhendid\/","og_site_name":"M\u00fcokardiinfarktiregister","article_modified_time":"2025-09-10T15:02:33+00:00","twitter_card":"summary_large_image","twitter_misc":{"Est. reading time":"1 minut"},"schema":{"@context":"https:\/\/schema.org","@graph":[{"@type":"WebPage","@id":"https:\/\/www.kliinikum.ee\/infarkt\/juhendid\/","url":"https:\/\/www.kliinikum.ee\/infarkt\/juhendid\/","name":"Juhendid - M\u00fcokardiinfarktiregister","isPartOf":{"@id":"https:\/\/www.kliinikum.ee\/infarkt\/#website"},"datePublished":"2023-05-09T06:36:13+00:00","dateModified":"2025-09-10T15:02:33+00:00","breadcrumb":{"@id":"https:\/\/www.kliinikum.ee\/infarkt\/juhendid\/#breadcrumb"},"inLanguage":"et","potentialAction":[{"@type":"ReadAction","target":["https:\/\/www.kliinikum.ee\/infarkt\/juhendid\/"]}]},{"@type":"BreadcrumbList","@id":"https:\/\/www.kliinikum.ee\/infarkt\/juhendid\/#breadcrumb","itemListElement":[{"@type":"ListItem","position":1,"name":"Home","item":"https:\/\/www.kliinikum.ee\/infarkt\/"},{"@type":"ListItem","position":2,"name":"Juhendid"}]},{"@type":"WebSite","@id":"https:\/\/www.kliinikum.ee\/infarkt\/#website","url":"https:\/\/www.kliinikum.ee\/infarkt\/","name":"M\u00fcokardiinfarktiregister","description":"Hoolivus, Uuendusmeelsus, P\u00e4devus ja Usaldusv\u00e4\u00e4rsus","potentialAction":[{"@type":"SearchAction","target":{"@type":"EntryPoint","urlTemplate":"https:\/\/www.kliinikum.ee\/infarkt\/?s={search_term_string}"},"query-input":{"@type":"PropertyValueSpecification","valueRequired":true,"valueName":"search_term_string"}}],"inLanguage":"et"}]}},"uagb_featured_image_src":{"full":false,"thumbnail":false,"medium":false,"medium_large":false,"large":false,"1536x1536":false,"2048x2048":false},"uagb_author_info":{"display_name":"Jane Freimann","author_link":"https:\/\/www.kliinikum.ee\/infarkt\/author\/janef\/"},"uagb_comment_info":0,"uagb_excerpt":"Eesti Arst 2019; 98(4):235\u2013242 on avaldanud uuendatud m\u00fcokardiinfarkti ravijuhendi M\u00fcokardiinfarkti neljas universaalne definitsioon. Antud dokumendi on heaks kiitnud Eesti Kardioloogide Selts 15.03.2019, Eesti Laborimeditsiini \u00dching 25.03.2019 ja Eesti Radioloogia \u00dching 25.02.2019. Registri juhendid M\u00fcokardiinfarktiregistriga seotud juhendid leiate allpool olevast loetelust. Juhendite lugemiseks on vajalik kasutada tarkvara&nbsp;Adobe Reader. MIRi teatise andmekoosseis on koosk\u00f5las CARDS (Cardiology Audit&hellip;","_links":{"self":[{"href":"https:\/\/www.kliinikum.ee\/infarkt\/wp-json\/wp\/v2\/pages\/5852","targetHints":{"allow":["GET"]}}],"collection":[{"href":"https:\/\/www.kliinikum.ee\/infarkt\/wp-json\/wp\/v2\/pages"}],"about":[{"href":"https:\/\/www.kliinikum.ee\/infarkt\/wp-json\/wp\/v2\/types\/page"}],"author":[{"embeddable":true,"href":"https:\/\/www.kliinikum.ee\/infarkt\/wp-json\/wp\/v2\/users\/32"}],"replies":[{"embeddable":true,"href":"https:\/\/www.kliinikum.ee\/infarkt\/wp-json\/wp\/v2\/comments?post=5852"}],"version-history":[{"count":0,"href":"https:\/\/www.kliinikum.ee\/infarkt\/wp-json\/wp\/v2\/pages\/5852\/revisions"}],"wp:attachment":[{"href":"https:\/\/www.kliinikum.ee\/infarkt\/wp-json\/wp\/v2\/media?parent=5852"}],"curies":[{"name":"wp","href":"https:\/\/api.w.org\/{rel}","templated":true}]}}