{"id":5857,"date":"2023-05-09T08:38:08","date_gmt":"2023-05-09T06:38:08","guid":{"rendered":"https:\/\/www.kliinikum.ee\/infarkt\/?page_id=5857"},"modified":"2026-02-13T12:55:04","modified_gmt":"2026-02-13T10:55:04","slug":"aruanded","status":"publish","type":"page","link":"https:\/\/www.kliinikum.ee\/infarkt\/aruanded\/","title":{"rendered":"Aruanded"},"content":{"rendered":"\n<p class=\"has-medium-font-size\">MIRile teatisi edastavatele haiglatele esitatakse kord aastas aastaaruanne \u00c4MI ravikvaliteedi ja \u2013tulemuste kohta. V\u00f5rdluseks lisatakse n\u00e4itajate registri keskmised.<\/p>\n\n\n\n<p class=\"has-medium-font-size\">MIR ei avalikusta aastaaruannete tulemusi haiglate tasandil, vaid ainult registri keskmiste tulemustena. Ainult konkreetsel haiglal on \u00f5igus enda aruande tulemusi avalikustada.<\/p>\n\n\n\n<p><\/p>\n\n\n\n<ul class=\"wp-block-list\">\n<li class=\"has-medium-font-size\"><a href=\"https:\/\/www.kliinikum.ee\/infarkt\/wp-content\/uploads\/2023\/10\/MIR-2011-aruanne_26.09.2013.pdf\">MIR 2011 aruanne<\/a><\/li>\n\n\n\n<li class=\"has-medium-font-size\"><a href=\"https:\/\/www.kliinikum.ee\/infarkt\/wp-content\/uploads\/2023\/10\/MIR-2012-aruanne.pdf\">MIR 2012 aruanne<\/a><\/li>\n\n\n\n<li class=\"has-medium-font-size\"><a href=\"https:\/\/www.kliinikum.ee\/infarkt\/wp-content\/uploads\/2023\/10\/MIR-2013-aruanne.pdf\">MIR 2013 aruanne<\/a><\/li>\n\n\n\n<li class=\"has-medium-font-size\"><a href=\"https:\/\/www.kliinikum.ee\/infarkt\/wp-content\/uploads\/2023\/10\/Tegevusaruanne_2014_17.02.2016k.pdf\">MIR 2014 aruanne<\/a><\/li>\n\n\n\n<li class=\"has-medium-font-size\"><a href=\"https:\/\/www.kliinikum.ee\/infarkt\/wp-content\/uploads\/2023\/10\/Tegevusaruanne_2015_30.11.2016.pdf\">MIR 2015 aruanne<\/a><\/li>\n\n\n\n<li class=\"has-medium-font-size\"><a href=\"https:\/\/www.kliinikum.ee\/infarkt\/wp-content\/uploads\/2023\/10\/MIR_2016_aruanne.pdf\">MIR 2016 aruanne<\/a><\/li>\n\n\n\n<li class=\"has-medium-font-size\"><a href=\"https:\/\/www.kliinikum.ee\/infarkt\/wp-content\/uploads\/2023\/10\/MIR_2017_aruanne.pdf\">MIR 2017 aruanne<\/a><\/li>\n\n\n\n<li class=\"has-medium-font-size\"><a href=\"https:\/\/www.kliinikum.ee\/infarkt\/wp-content\/uploads\/2023\/10\/MIR_Aruanne_2018_6.02.2020__.pdf\">MIR 2018 aruanne<\/a><\/li>\n\n\n\n<li class=\"has-medium-font-size\"><a href=\"https:\/\/www.kliinikum.ee\/infarkt\/wp-content\/uploads\/2023\/10\/MIR_aruanne_2019_161220.pdf\">MIR 2019 aruanne<\/a><\/li>\n\n\n\n<li class=\"has-medium-font-size\"><a href=\"https:\/\/www.kliinikum.ee\/infarkt\/wp-content\/uploads\/2023\/10\/MIR_Aruanne_2020.pdf\">MIR 2020 aruanne<\/a><\/li>\n\n\n\n<li class=\"has-medium-font-size\"><a href=\"https:\/\/www.kliinikum.ee\/infarkt\/wp-content\/uploads\/2024\/04\/MIR_aruanne_2021_10.05.2023_loplik_-12.pdf\" target=\"_blank\" rel=\"noreferrer noopener\">MIR 2021 aruanne<\/a><\/li>\n\n\n\n<li class=\"has-medium-font-size\"><a href=\"https:\/\/www.kliinikum.ee\/infarkt\/wp-content\/uploads\/2026\/02\/MIR-aruanne-2022_20.12.2025-luhend-9.pdf\" target=\"_blank\" rel=\"noreferrer noopener\">MIR  2022 <\/a><a href=\"https:\/\/www.kliinikum.ee\/infarkt\/mir_aruanne_2021_10-05-2023_loplik_\/\" target=\"_blank\" rel=\"noreferrer noopener\">aruanne<\/a><\/li>\n\n\n\n<li><a href=\"https:\/\/www.kliinikum.ee\/infarkt\/wp-content\/uploads\/2026\/02\/MIR-aruanne-2022_20.12.2025-luhend-9.pdf\" target=\"_blank\" rel=\"noreferrer noopener\">MIR 2023 <\/a><a href=\"https:\/\/www.kliinikum.ee\/infarkt\/mir_aruanne_2021_10-05-2023_loplik_\/\" target=\"_blank\" rel=\"noreferrer noopener\">aruanne<\/a><\/li>\n<\/ul>\n","protected":false},"excerpt":{"rendered":"<p>MIRile teatisi edastavatele haiglatele esitatakse kord aastas aastaaruanne \u00c4MI ravikvaliteedi ja \u2013tulemuste kohta. V\u00f5rdluseks lisatakse n\u00e4itajate registri keskmised. MIR ei avalikusta aastaaruannete tulemusi haiglate tasandil, vaid ainult registri keskmiste tulemustena. Ainult konkreetsel haiglal on \u00f5igus enda aruande tulemusi avalikustada.<\/p>\n","protected":false},"author":32,"featured_media":0,"parent":0,"menu_order":0,"comment_status":"closed","ping_status":"closed","template":"","meta":{"_acf_changed":false,"_uag_custom_page_level_css":"","footnotes":""},"class_list":["post-5857","page","type-page","status-publish","hentry"],"acf":[],"yoast_head":"<!-- This site is optimized with the Yoast SEO plugin v27.3 - https:\/\/yoast.com\/product\/yoast-seo-wordpress\/ -->\n<title>Aruanded - M\u00fcokardiinfarktiregister<\/title>\n<meta name=\"robots\" content=\"index, follow, max-snippet:-1, max-image-preview:large, max-video-preview:-1\" \/>\n<link rel=\"canonical\" href=\"https:\/\/www.kliinikum.ee\/infarkt\/aruanded\/\" \/>\n<meta property=\"og:locale\" content=\"et_EE\" \/>\n<meta property=\"og:type\" content=\"article\" \/>\n<meta property=\"og:title\" content=\"Aruanded - M\u00fcokardiinfarktiregister\" \/>\n<meta property=\"og:description\" content=\"MIRile teatisi edastavatele haiglatele esitatakse kord aastas aastaaruanne \u00c4MI ravikvaliteedi ja \u2013tulemuste kohta. V\u00f5rdluseks lisatakse n\u00e4itajate registri keskmised. MIR ei avalikusta aastaaruannete tulemusi haiglate tasandil, vaid ainult registri keskmiste tulemustena. Ainult konkreetsel haiglal on \u00f5igus enda aruande tulemusi avalikustada.\" \/>\n<meta property=\"og:url\" content=\"https:\/\/www.kliinikum.ee\/infarkt\/aruanded\/\" \/>\n<meta property=\"og:site_name\" content=\"M\u00fcokardiinfarktiregister\" \/>\n<meta property=\"article:modified_time\" content=\"2026-02-13T10:55:04+00:00\" \/>\n<meta name=\"twitter:card\" content=\"summary_large_image\" \/>\n<meta name=\"twitter:label1\" content=\"Est. reading time\" \/>\n\t<meta name=\"twitter:data1\" content=\"1 minut\" \/>\n<script type=\"application\/ld+json\" class=\"yoast-schema-graph\">{\"@context\":\"https:\\\/\\\/schema.org\",\"@graph\":[{\"@type\":\"WebPage\",\"@id\":\"https:\\\/\\\/www.kliinikum.ee\\\/infarkt\\\/aruanded\\\/\",\"url\":\"https:\\\/\\\/www.kliinikum.ee\\\/infarkt\\\/aruanded\\\/\",\"name\":\"Aruanded - M\u00fcokardiinfarktiregister\",\"isPartOf\":{\"@id\":\"https:\\\/\\\/www.kliinikum.ee\\\/infarkt\\\/#website\"},\"datePublished\":\"2023-05-09T06:38:08+00:00\",\"dateModified\":\"2026-02-13T10:55:04+00:00\",\"breadcrumb\":{\"@id\":\"https:\\\/\\\/www.kliinikum.ee\\\/infarkt\\\/aruanded\\\/#breadcrumb\"},\"inLanguage\":\"et\",\"potentialAction\":[{\"@type\":\"ReadAction\",\"target\":[\"https:\\\/\\\/www.kliinikum.ee\\\/infarkt\\\/aruanded\\\/\"]}]},{\"@type\":\"BreadcrumbList\",\"@id\":\"https:\\\/\\\/www.kliinikum.ee\\\/infarkt\\\/aruanded\\\/#breadcrumb\",\"itemListElement\":[{\"@type\":\"ListItem\",\"position\":1,\"name\":\"Home\",\"item\":\"https:\\\/\\\/www.kliinikum.ee\\\/infarkt\\\/\"},{\"@type\":\"ListItem\",\"position\":2,\"name\":\"Aruanded\"}]},{\"@type\":\"WebSite\",\"@id\":\"https:\\\/\\\/www.kliinikum.ee\\\/infarkt\\\/#website\",\"url\":\"https:\\\/\\\/www.kliinikum.ee\\\/infarkt\\\/\",\"name\":\"M\u00fcokardiinfarktiregister\",\"description\":\"Hoolivus, Uuendusmeelsus, P\u00e4devus ja Usaldusv\u00e4\u00e4rsus\",\"potentialAction\":[{\"@type\":\"SearchAction\",\"target\":{\"@type\":\"EntryPoint\",\"urlTemplate\":\"https:\\\/\\\/www.kliinikum.ee\\\/infarkt\\\/?s={search_term_string}\"},\"query-input\":{\"@type\":\"PropertyValueSpecification\",\"valueRequired\":true,\"valueName\":\"search_term_string\"}}],\"inLanguage\":\"et\"}]}<\/script>\n<!-- \/ Yoast SEO plugin. -->","yoast_head_json":{"title":"Aruanded - M\u00fcokardiinfarktiregister","robots":{"index":"index","follow":"follow","max-snippet":"max-snippet:-1","max-image-preview":"max-image-preview:large","max-video-preview":"max-video-preview:-1"},"canonical":"https:\/\/www.kliinikum.ee\/infarkt\/aruanded\/","og_locale":"et_EE","og_type":"article","og_title":"Aruanded - M\u00fcokardiinfarktiregister","og_description":"MIRile teatisi edastavatele haiglatele esitatakse kord aastas aastaaruanne \u00c4MI ravikvaliteedi ja \u2013tulemuste kohta. V\u00f5rdluseks lisatakse n\u00e4itajate registri keskmised. MIR ei avalikusta aastaaruannete tulemusi haiglate tasandil, vaid ainult registri keskmiste tulemustena. Ainult konkreetsel haiglal on \u00f5igus enda aruande tulemusi avalikustada.","og_url":"https:\/\/www.kliinikum.ee\/infarkt\/aruanded\/","og_site_name":"M\u00fcokardiinfarktiregister","article_modified_time":"2026-02-13T10:55:04+00:00","twitter_card":"summary_large_image","twitter_misc":{"Est. reading time":"1 minut"},"schema":{"@context":"https:\/\/schema.org","@graph":[{"@type":"WebPage","@id":"https:\/\/www.kliinikum.ee\/infarkt\/aruanded\/","url":"https:\/\/www.kliinikum.ee\/infarkt\/aruanded\/","name":"Aruanded - M\u00fcokardiinfarktiregister","isPartOf":{"@id":"https:\/\/www.kliinikum.ee\/infarkt\/#website"},"datePublished":"2023-05-09T06:38:08+00:00","dateModified":"2026-02-13T10:55:04+00:00","breadcrumb":{"@id":"https:\/\/www.kliinikum.ee\/infarkt\/aruanded\/#breadcrumb"},"inLanguage":"et","potentialAction":[{"@type":"ReadAction","target":["https:\/\/www.kliinikum.ee\/infarkt\/aruanded\/"]}]},{"@type":"BreadcrumbList","@id":"https:\/\/www.kliinikum.ee\/infarkt\/aruanded\/#breadcrumb","itemListElement":[{"@type":"ListItem","position":1,"name":"Home","item":"https:\/\/www.kliinikum.ee\/infarkt\/"},{"@type":"ListItem","position":2,"name":"Aruanded"}]},{"@type":"WebSite","@id":"https:\/\/www.kliinikum.ee\/infarkt\/#website","url":"https:\/\/www.kliinikum.ee\/infarkt\/","name":"M\u00fcokardiinfarktiregister","description":"Hoolivus, Uuendusmeelsus, P\u00e4devus ja Usaldusv\u00e4\u00e4rsus","potentialAction":[{"@type":"SearchAction","target":{"@type":"EntryPoint","urlTemplate":"https:\/\/www.kliinikum.ee\/infarkt\/?s={search_term_string}"},"query-input":{"@type":"PropertyValueSpecification","valueRequired":true,"valueName":"search_term_string"}}],"inLanguage":"et"}]}},"uagb_featured_image_src":{"full":false,"thumbnail":false,"medium":false,"medium_large":false,"large":false,"1536x1536":false,"2048x2048":false},"uagb_author_info":{"display_name":"Jane Freimann","author_link":"https:\/\/www.kliinikum.ee\/infarkt\/author\/janef\/"},"uagb_comment_info":0,"uagb_excerpt":"MIRile teatisi edastavatele haiglatele esitatakse kord aastas aastaaruanne \u00c4MI ravikvaliteedi ja \u2013tulemuste kohta. V\u00f5rdluseks lisatakse n\u00e4itajate registri keskmised. MIR ei avalikusta aastaaruannete tulemusi haiglate tasandil, vaid ainult registri keskmiste tulemustena. Ainult konkreetsel haiglal on \u00f5igus enda aruande tulemusi avalikustada.","_links":{"self":[{"href":"https:\/\/www.kliinikum.ee\/infarkt\/wp-json\/wp\/v2\/pages\/5857","targetHints":{"allow":["GET"]}}],"collection":[{"href":"https:\/\/www.kliinikum.ee\/infarkt\/wp-json\/wp\/v2\/pages"}],"about":[{"href":"https:\/\/www.kliinikum.ee\/infarkt\/wp-json\/wp\/v2\/types\/page"}],"author":[{"embeddable":true,"href":"https:\/\/www.kliinikum.ee\/infarkt\/wp-json\/wp\/v2\/users\/32"}],"replies":[{"embeddable":true,"href":"https:\/\/www.kliinikum.ee\/infarkt\/wp-json\/wp\/v2\/comments?post=5857"}],"version-history":[{"count":0,"href":"https:\/\/www.kliinikum.ee\/infarkt\/wp-json\/wp\/v2\/pages\/5857\/revisions"}],"wp:attachment":[{"href":"https:\/\/www.kliinikum.ee\/infarkt\/wp-json\/wp\/v2\/media?parent=5857"}],"curies":[{"name":"wp","href":"https:\/\/api.w.org\/{rel}","templated":true}]}}