{"id":5862,"date":"2023-05-09T08:53:55","date_gmt":"2023-05-09T06:53:55","guid":{"rendered":"https:\/\/www.kliinikum.ee\/infarkt\/?page_id=5862"},"modified":"2025-12-16T14:56:48","modified_gmt":"2025-12-16T12:56:48","slug":"publikatsioonid","status":"publish","type":"page","link":"https:\/\/www.kliinikum.ee\/infarkt\/publikatsioonid\/","title":{"rendered":"Publikatsioonid"},"content":{"rendered":"\n<p class=\"has-medium-font-size\">18. jaanuaril 2013 kaitses Mai Bl\u00f6ndal filosoofiadoktori kraadi (PhD (arstiteadus))\u00a0doktoriv\u00e4itekirjaga <a href=\"http:\/\/dspace.utlib.ee\/dspace\/bitstream\/handle\/10062\/28550\/bl6ndal_mai.pdf?sequence=1\" target=\"_blank\" rel=\"noreferrer noopener\">\u00a0\"Changes in the baseline characteristics, management and outcomes of acute myocardial infarction in Estonia\"\u00a0<\/a>\u00a0(\u00c4ge m\u00fcokardiinfarkt Eestis: muutused kliinilistes tunnustes, ravik\u00e4sitluses ja -tulemustes),\u00a0mis muu hulgas anal\u00fc\u00fcsib ka m\u00fcokardiinfarktiregistri andmeid.<\/p>\n\n\n\n<p class=\"has-medium-font-size\">28. augustil 2017 esitasime&nbsp;konverentsil \"ESC Congress Barcelona 2017\" MIR andmeid kajastava&nbsp;posterettekande&nbsp;\"The characteristics, treatment and outcomes of patients with acute myocardial infarction from 2012-2015 in Estonian Myocardial Infarction Registry\". <a href=\"https:\/\/www.kliinikum.ee\/infarkt\/wp-content\/uploads\/2023\/10\/Poster_Veldre-et-al-ESC-2017.pdf\">EMIR poster at ESC Congress Barcelona 2017<\/a><\/p>\n\n\n\n<p class=\"has-medium-font-size\">13. septembril 2019 kaitses Aet Saar\u00a0filosoofiadoktori kraadi (PhD (arstiteadus))\u00a0doktoriv\u00e4itekirjaga <a href=\"https:\/\/dspace.ut.ee\/bitstream\/handle\/10062\/64801\/saar_aet.pdf?sequence=1&amp;isAllowed=y\" target=\"_blank\" rel=\"noreferrer noopener\">\"Acute myocardial infarction in Estonia 2001\u20132014: towards risk-based prevention and management\"<\/a>, millest \u00fcks osa kajastab ka\u00a0ka m\u00fcokardiinfarktiregistri andmeid.<\/p>\n\n\n\n<p class=\"has-medium-font-size\"><a href=\"https:\/\/ojs.utlib.ee\/index.php\/EA\/article\/view\/18712\/13434\">10 AASTAT EESTI M\u00dcOKARDIINFARKTIREGISTRIT. Erinumber. Eesti Arst 2022; 101(Lisa 1):1-52.<\/a><\/p>\n\n\n\n<p>12. detsembril 2025 kaitses Piret Asser filosoofiadoktori kraadi (PhD (arstiteadus)) doktoriv\u00e4itekirjaga <a href=\"http:\/\/chrome-extension:\/\/efaidnbmnnnibpcajpcglclefindmkaj\/https:\/\/dspace.ut.ee\/server\/api\/core\/bitstreams\/4272db03-b0de-415e-8885-9b4030f0bf34\/content\">\"From registry to reality: insights into myocardial infarction care and prevention across Estonia and Europe\"<\/a>, mis p\u00f5hineb surmaregistri, haigekassa ja retseptikeskuse infoga t\u00e4iendatud m\u00fcokardiinfarktiregistri andmete uuringul ning anal\u00fc\u00fcsib Eesti m\u00fcokardiinfarktipatsientide ravi ja ravitulemusi, andes tervikliku \u00fclevaate patsientide kliinilistest tunnustest, ravipraktikatest ja ravitulemustest ning asetades need rahvusvahelisse konteksti.<\/p>\n\n\n\n<p><\/p>\n","protected":false},"excerpt":{"rendered":"<p>18. jaanuaril 2013 kaitses Mai Bl\u00f6ndal filosoofiadoktori kraadi (PhD (arstiteadus))\u00a0doktoriv\u00e4itekirjaga \u00a0\"Changes in the baseline characteristics, management and outcomes of acute myocardial infarction in Estonia\"\u00a0\u00a0(\u00c4ge m\u00fcokardiinfarkt Eestis: muutused kliinilistes tunnustes, ravik\u00e4sitluses ja -tulemustes),\u00a0mis muu hulgas anal\u00fc\u00fcsib ka m\u00fcokardiinfarktiregistri andmeid. 28. augustil 2017 esitasime&nbsp;konverentsil \"ESC Congress Barcelona 2017\" MIR andmeid kajastava&nbsp;posterettekande&nbsp;\"The characteristics, treatment and outcomes of patients [&hellip;]<\/p>\n","protected":false},"author":32,"featured_media":0,"parent":0,"menu_order":0,"comment_status":"closed","ping_status":"closed","template":"","meta":{"_acf_changed":false,"_uag_custom_page_level_css":"","footnotes":""},"class_list":["post-5862","page","type-page","status-publish","hentry"],"acf":[],"yoast_head":"<!-- This site is optimized with the Yoast SEO plugin v27.3 - https:\/\/yoast.com\/product\/yoast-seo-wordpress\/ -->\n<title>Publikatsioonid - M\u00fcokardiinfarktiregister<\/title>\n<meta name=\"robots\" content=\"index, follow, max-snippet:-1, max-image-preview:large, max-video-preview:-1\" \/>\n<link rel=\"canonical\" href=\"https:\/\/www.kliinikum.ee\/infarkt\/publikatsioonid\/\" \/>\n<meta property=\"og:locale\" content=\"et_EE\" \/>\n<meta property=\"og:type\" content=\"article\" \/>\n<meta property=\"og:title\" content=\"Publikatsioonid - M\u00fcokardiinfarktiregister\" \/>\n<meta property=\"og:description\" content=\"18. jaanuaril 2013 kaitses Mai Bl\u00f6ndal filosoofiadoktori kraadi (PhD (arstiteadus))\u00a0doktoriv\u00e4itekirjaga \u00a0&quot;Changes in the baseline characteristics, management and outcomes of acute myocardial infarction in Estonia&quot;\u00a0\u00a0(\u00c4ge m\u00fcokardiinfarkt Eestis: muutused kliinilistes tunnustes, ravik\u00e4sitluses ja -tulemustes),\u00a0mis muu hulgas anal\u00fc\u00fcsib ka m\u00fcokardiinfarktiregistri andmeid. 28. augustil 2017 esitasime&nbsp;konverentsil &quot;ESC Congress Barcelona 2017&quot; MIR andmeid kajastava&nbsp;posterettekande&nbsp;&quot;The characteristics, treatment and outcomes of patients [&hellip;]\" \/>\n<meta property=\"og:url\" content=\"https:\/\/www.kliinikum.ee\/infarkt\/publikatsioonid\/\" \/>\n<meta property=\"og:site_name\" content=\"M\u00fcokardiinfarktiregister\" \/>\n<meta property=\"article:modified_time\" content=\"2025-12-16T12:56:48+00:00\" \/>\n<meta name=\"twitter:card\" content=\"summary_large_image\" \/>\n<meta name=\"twitter:label1\" content=\"Est. reading time\" \/>\n\t<meta name=\"twitter:data1\" content=\"1 minut\" \/>\n<script type=\"application\/ld+json\" class=\"yoast-schema-graph\">{\"@context\":\"https:\\\/\\\/schema.org\",\"@graph\":[{\"@type\":\"WebPage\",\"@id\":\"https:\\\/\\\/www.kliinikum.ee\\\/infarkt\\\/publikatsioonid\\\/\",\"url\":\"https:\\\/\\\/www.kliinikum.ee\\\/infarkt\\\/publikatsioonid\\\/\",\"name\":\"Publikatsioonid - M\u00fcokardiinfarktiregister\",\"isPartOf\":{\"@id\":\"https:\\\/\\\/www.kliinikum.ee\\\/infarkt\\\/#website\"},\"datePublished\":\"2023-05-09T06:53:55+00:00\",\"dateModified\":\"2025-12-16T12:56:48+00:00\",\"breadcrumb\":{\"@id\":\"https:\\\/\\\/www.kliinikum.ee\\\/infarkt\\\/publikatsioonid\\\/#breadcrumb\"},\"inLanguage\":\"et\",\"potentialAction\":[{\"@type\":\"ReadAction\",\"target\":[\"https:\\\/\\\/www.kliinikum.ee\\\/infarkt\\\/publikatsioonid\\\/\"]}]},{\"@type\":\"BreadcrumbList\",\"@id\":\"https:\\\/\\\/www.kliinikum.ee\\\/infarkt\\\/publikatsioonid\\\/#breadcrumb\",\"itemListElement\":[{\"@type\":\"ListItem\",\"position\":1,\"name\":\"Home\",\"item\":\"https:\\\/\\\/www.kliinikum.ee\\\/infarkt\\\/\"},{\"@type\":\"ListItem\",\"position\":2,\"name\":\"Publikatsioonid\"}]},{\"@type\":\"WebSite\",\"@id\":\"https:\\\/\\\/www.kliinikum.ee\\\/infarkt\\\/#website\",\"url\":\"https:\\\/\\\/www.kliinikum.ee\\\/infarkt\\\/\",\"name\":\"M\u00fcokardiinfarktiregister\",\"description\":\"Hoolivus, Uuendusmeelsus, P\u00e4devus ja Usaldusv\u00e4\u00e4rsus\",\"potentialAction\":[{\"@type\":\"SearchAction\",\"target\":{\"@type\":\"EntryPoint\",\"urlTemplate\":\"https:\\\/\\\/www.kliinikum.ee\\\/infarkt\\\/?s={search_term_string}\"},\"query-input\":{\"@type\":\"PropertyValueSpecification\",\"valueRequired\":true,\"valueName\":\"search_term_string\"}}],\"inLanguage\":\"et\"}]}<\/script>\n<!-- \/ Yoast SEO plugin. -->","yoast_head_json":{"title":"Publikatsioonid - M\u00fcokardiinfarktiregister","robots":{"index":"index","follow":"follow","max-snippet":"max-snippet:-1","max-image-preview":"max-image-preview:large","max-video-preview":"max-video-preview:-1"},"canonical":"https:\/\/www.kliinikum.ee\/infarkt\/publikatsioonid\/","og_locale":"et_EE","og_type":"article","og_title":"Publikatsioonid - M\u00fcokardiinfarktiregister","og_description":"18. jaanuaril 2013 kaitses Mai Bl\u00f6ndal filosoofiadoktori kraadi (PhD (arstiteadus))\u00a0doktoriv\u00e4itekirjaga \u00a0\"Changes in the baseline characteristics, management and outcomes of acute myocardial infarction in Estonia\"\u00a0\u00a0(\u00c4ge m\u00fcokardiinfarkt Eestis: muutused kliinilistes tunnustes, ravik\u00e4sitluses ja -tulemustes),\u00a0mis muu hulgas anal\u00fc\u00fcsib ka m\u00fcokardiinfarktiregistri andmeid. 28. augustil 2017 esitasime&nbsp;konverentsil \"ESC Congress Barcelona 2017\" MIR andmeid kajastava&nbsp;posterettekande&nbsp;\"The characteristics, treatment and outcomes of patients [&hellip;]","og_url":"https:\/\/www.kliinikum.ee\/infarkt\/publikatsioonid\/","og_site_name":"M\u00fcokardiinfarktiregister","article_modified_time":"2025-12-16T12:56:48+00:00","twitter_card":"summary_large_image","twitter_misc":{"Est. reading time":"1 minut"},"schema":{"@context":"https:\/\/schema.org","@graph":[{"@type":"WebPage","@id":"https:\/\/www.kliinikum.ee\/infarkt\/publikatsioonid\/","url":"https:\/\/www.kliinikum.ee\/infarkt\/publikatsioonid\/","name":"Publikatsioonid - M\u00fcokardiinfarktiregister","isPartOf":{"@id":"https:\/\/www.kliinikum.ee\/infarkt\/#website"},"datePublished":"2023-05-09T06:53:55+00:00","dateModified":"2025-12-16T12:56:48+00:00","breadcrumb":{"@id":"https:\/\/www.kliinikum.ee\/infarkt\/publikatsioonid\/#breadcrumb"},"inLanguage":"et","potentialAction":[{"@type":"ReadAction","target":["https:\/\/www.kliinikum.ee\/infarkt\/publikatsioonid\/"]}]},{"@type":"BreadcrumbList","@id":"https:\/\/www.kliinikum.ee\/infarkt\/publikatsioonid\/#breadcrumb","itemListElement":[{"@type":"ListItem","position":1,"name":"Home","item":"https:\/\/www.kliinikum.ee\/infarkt\/"},{"@type":"ListItem","position":2,"name":"Publikatsioonid"}]},{"@type":"WebSite","@id":"https:\/\/www.kliinikum.ee\/infarkt\/#website","url":"https:\/\/www.kliinikum.ee\/infarkt\/","name":"M\u00fcokardiinfarktiregister","description":"Hoolivus, Uuendusmeelsus, P\u00e4devus ja Usaldusv\u00e4\u00e4rsus","potentialAction":[{"@type":"SearchAction","target":{"@type":"EntryPoint","urlTemplate":"https:\/\/www.kliinikum.ee\/infarkt\/?s={search_term_string}"},"query-input":{"@type":"PropertyValueSpecification","valueRequired":true,"valueName":"search_term_string"}}],"inLanguage":"et"}]}},"uagb_featured_image_src":{"full":false,"thumbnail":false,"medium":false,"medium_large":false,"large":false,"1536x1536":false,"2048x2048":false},"uagb_author_info":{"display_name":"Jane Freimann","author_link":"https:\/\/www.kliinikum.ee\/infarkt\/author\/janef\/"},"uagb_comment_info":0,"uagb_excerpt":"18. jaanuaril 2013 kaitses Mai Bl\u00f6ndal filosoofiadoktori kraadi (PhD (arstiteadus))\u00a0doktoriv\u00e4itekirjaga \u00a0\"Changes in the baseline characteristics, management and outcomes of acute myocardial infarction in Estonia\"\u00a0\u00a0(\u00c4ge m\u00fcokardiinfarkt Eestis: muutused kliinilistes tunnustes, ravik\u00e4sitluses ja -tulemustes),\u00a0mis muu hulgas anal\u00fc\u00fcsib ka m\u00fcokardiinfarktiregistri andmeid. 28. augustil 2017 esitasime&nbsp;konverentsil \"ESC Congress Barcelona 2017\" MIR andmeid kajastava&nbsp;posterettekande&nbsp;\"The characteristics, treatment and outcomes of patients&hellip;","_links":{"self":[{"href":"https:\/\/www.kliinikum.ee\/infarkt\/wp-json\/wp\/v2\/pages\/5862","targetHints":{"allow":["GET"]}}],"collection":[{"href":"https:\/\/www.kliinikum.ee\/infarkt\/wp-json\/wp\/v2\/pages"}],"about":[{"href":"https:\/\/www.kliinikum.ee\/infarkt\/wp-json\/wp\/v2\/types\/page"}],"author":[{"embeddable":true,"href":"https:\/\/www.kliinikum.ee\/infarkt\/wp-json\/wp\/v2\/users\/32"}],"replies":[{"embeddable":true,"href":"https:\/\/www.kliinikum.ee\/infarkt\/wp-json\/wp\/v2\/comments?post=5862"}],"version-history":[{"count":0,"href":"https:\/\/www.kliinikum.ee\/infarkt\/wp-json\/wp\/v2\/pages\/5862\/revisions"}],"wp:attachment":[{"href":"https:\/\/www.kliinikum.ee\/infarkt\/wp-json\/wp\/v2\/media?parent=5862"}],"curies":[{"name":"wp","href":"https:\/\/api.w.org\/{rel}","templated":true}]}}