{"id":5870,"date":"2023-05-09T09:11:16","date_gmt":"2023-05-09T07:11:16","guid":{"rendered":"https:\/\/www.kliinikum.ee\/infarkt\/?page_id=5870"},"modified":"2023-10-19T09:51:06","modified_gmt":"2023-10-19T07:51:06","slug":"infoparing","status":"publish","type":"page","link":"https:\/\/www.kliinikum.ee\/infarkt\/infoparing\/","title":{"rendered":"Infop\u00e4ring"},"content":{"rendered":"\n<p class=\"has-medium-font-size\">Registriandmetele v\u00f5imaldatakse juurdep\u00e4\u00e4s koosk\u00f5las \u201e<a href=\"https:\/\/www.riigiteataja.ee\/akt\/119122012005\" target=\"_blank\" rel=\"noreferrer noopener\">Avaliku teabe seadusega<\/a>\u201d ja \u201e<a href=\"https:\/\/www.riigiteataja.ee\/akt\/130122010011&amp;leiaKehtiv\" target=\"_blank\" rel=\"noreferrer noopener\">Isikuandmete kaitse seadusega<\/a>\u201d. Infop\u00e4ringu esitamiseks tuleb t\u00e4ita infop\u00e4ringu&nbsp;<a href=\"https:\/\/valisveeb.kliinikum.ee\/vormid\/index.php?mod=infarkt\" target=\"_blank\" rel=\"noreferrer noopener\">vorm<\/a>.<\/p>\n\n\n\n<p class=\"has-medium-font-size\">Infop\u00e4ringu vormi, millega k\u00fcsitakse registrilt isikuandmete v\u00e4ljastamist, palume registrile esitada digitaalselt v\u00f5i paberkandjal&nbsp;allkirjastatuna.<\/p>\n\n\n\n<p class=\"has-medium-font-size\">Digitaalallkirjastamiseks palume vormi t\u00e4itmise j\u00e4rgselt loodud PDF-formaadis dokument&nbsp;salvestada&nbsp;arvutisse ja digitaalallkirjastada. Digitaalallkirjastamise juhend on aadressil&nbsp;<a href=\"http:\/\/www.id.ee\/\">www.id.ee<\/a>.<\/p>\n\n\n\n<p class=\"has-medium-font-size\">Infop\u00e4ringu ja vajadusel lisadokumentide (nt eetikakomitee koosk\u00f5lastused) n\u00f5uetele vastavuse osas annab registri t\u00f6\u00f6taja tagasisidet 3 t\u00f6\u00f6p\u00e4eva jooksul.<\/p>\n\n\n\n<p class=\"has-medium-font-size\">Isikustatud andmete v\u00e4ljastamine koosk\u00f5lastatakse sotsiaalministeeriumi kui registri vastutava t\u00f6\u00f6tlejaga.<\/p>\n","protected":false},"excerpt":{"rendered":"<p>Registriandmetele v\u00f5imaldatakse juurdep\u00e4\u00e4s koosk\u00f5las \u201eAvaliku teabe seadusega\u201d ja \u201eIsikuandmete kaitse seadusega\u201d. Infop\u00e4ringu esitamiseks tuleb t\u00e4ita infop\u00e4ringu&nbsp;vorm. Infop\u00e4ringu vormi, millega k\u00fcsitakse registrilt isikuandmete v\u00e4ljastamist, palume registrile esitada digitaalselt v\u00f5i paberkandjal&nbsp;allkirjastatuna. Digitaalallkirjastamiseks palume vormi t\u00e4itmise j\u00e4rgselt loodud PDF-formaadis dokument&nbsp;salvestada&nbsp;arvutisse ja digitaalallkirjastada. Digitaalallkirjastamise juhend on aadressil&nbsp;www.id.ee. Infop\u00e4ringu ja vajadusel lisadokumentide (nt eetikakomitee koosk\u00f5lastused) n\u00f5uetele vastavuse osas annab registri [&hellip;]<\/p>\n","protected":false},"author":32,"featured_media":0,"parent":0,"menu_order":0,"comment_status":"closed","ping_status":"closed","template":"","meta":{"_acf_changed":false,"_uag_custom_page_level_css":"","footnotes":""},"class_list":["post-5870","page","type-page","status-publish","hentry"],"acf":[],"yoast_head":"<!-- This site is optimized with the Yoast SEO plugin v27.3 - https:\/\/yoast.com\/product\/yoast-seo-wordpress\/ -->\n<title>Infop\u00e4ring - M\u00fcokardiinfarktiregister<\/title>\n<meta name=\"robots\" content=\"index, follow, max-snippet:-1, max-image-preview:large, max-video-preview:-1\" \/>\n<link rel=\"canonical\" href=\"https:\/\/www.kliinikum.ee\/infarkt\/infoparing\/\" \/>\n<meta property=\"og:locale\" content=\"et_EE\" \/>\n<meta property=\"og:type\" content=\"article\" \/>\n<meta property=\"og:title\" content=\"Infop\u00e4ring - M\u00fcokardiinfarktiregister\" \/>\n<meta property=\"og:description\" content=\"Registriandmetele v\u00f5imaldatakse juurdep\u00e4\u00e4s koosk\u00f5las \u201eAvaliku teabe seadusega\u201d ja \u201eIsikuandmete kaitse seadusega\u201d. Infop\u00e4ringu esitamiseks tuleb t\u00e4ita infop\u00e4ringu&nbsp;vorm. Infop\u00e4ringu vormi, millega k\u00fcsitakse registrilt isikuandmete v\u00e4ljastamist, palume registrile esitada digitaalselt v\u00f5i paberkandjal&nbsp;allkirjastatuna. Digitaalallkirjastamiseks palume vormi t\u00e4itmise j\u00e4rgselt loodud PDF-formaadis dokument&nbsp;salvestada&nbsp;arvutisse ja digitaalallkirjastada. Digitaalallkirjastamise juhend on aadressil&nbsp;www.id.ee. Infop\u00e4ringu ja vajadusel lisadokumentide (nt eetikakomitee koosk\u00f5lastused) n\u00f5uetele vastavuse osas annab registri [&hellip;]\" \/>\n<meta property=\"og:url\" content=\"https:\/\/www.kliinikum.ee\/infarkt\/infoparing\/\" \/>\n<meta property=\"og:site_name\" content=\"M\u00fcokardiinfarktiregister\" \/>\n<meta property=\"article:modified_time\" content=\"2023-10-19T07:51:06+00:00\" \/>\n<meta name=\"twitter:card\" content=\"summary_large_image\" \/>\n<meta name=\"twitter:label1\" content=\"Est. reading time\" \/>\n\t<meta name=\"twitter:data1\" content=\"1 minut\" \/>\n<script type=\"application\/ld+json\" class=\"yoast-schema-graph\">{\"@context\":\"https:\\\/\\\/schema.org\",\"@graph\":[{\"@type\":\"WebPage\",\"@id\":\"https:\\\/\\\/www.kliinikum.ee\\\/infarkt\\\/infoparing\\\/\",\"url\":\"https:\\\/\\\/www.kliinikum.ee\\\/infarkt\\\/infoparing\\\/\",\"name\":\"Infop\u00e4ring - M\u00fcokardiinfarktiregister\",\"isPartOf\":{\"@id\":\"https:\\\/\\\/www.kliinikum.ee\\\/infarkt\\\/#website\"},\"datePublished\":\"2023-05-09T07:11:16+00:00\",\"dateModified\":\"2023-10-19T07:51:06+00:00\",\"breadcrumb\":{\"@id\":\"https:\\\/\\\/www.kliinikum.ee\\\/infarkt\\\/infoparing\\\/#breadcrumb\"},\"inLanguage\":\"et\",\"potentialAction\":[{\"@type\":\"ReadAction\",\"target\":[\"https:\\\/\\\/www.kliinikum.ee\\\/infarkt\\\/infoparing\\\/\"]}]},{\"@type\":\"BreadcrumbList\",\"@id\":\"https:\\\/\\\/www.kliinikum.ee\\\/infarkt\\\/infoparing\\\/#breadcrumb\",\"itemListElement\":[{\"@type\":\"ListItem\",\"position\":1,\"name\":\"Home\",\"item\":\"https:\\\/\\\/www.kliinikum.ee\\\/infarkt\\\/\"},{\"@type\":\"ListItem\",\"position\":2,\"name\":\"Infop\u00e4ring\"}]},{\"@type\":\"WebSite\",\"@id\":\"https:\\\/\\\/www.kliinikum.ee\\\/infarkt\\\/#website\",\"url\":\"https:\\\/\\\/www.kliinikum.ee\\\/infarkt\\\/\",\"name\":\"M\u00fcokardiinfarktiregister\",\"description\":\"Hoolivus, Uuendusmeelsus, P\u00e4devus ja Usaldusv\u00e4\u00e4rsus\",\"potentialAction\":[{\"@type\":\"SearchAction\",\"target\":{\"@type\":\"EntryPoint\",\"urlTemplate\":\"https:\\\/\\\/www.kliinikum.ee\\\/infarkt\\\/?s={search_term_string}\"},\"query-input\":{\"@type\":\"PropertyValueSpecification\",\"valueRequired\":true,\"valueName\":\"search_term_string\"}}],\"inLanguage\":\"et\"}]}<\/script>\n<!-- \/ Yoast SEO plugin. -->","yoast_head_json":{"title":"Infop\u00e4ring - M\u00fcokardiinfarktiregister","robots":{"index":"index","follow":"follow","max-snippet":"max-snippet:-1","max-image-preview":"max-image-preview:large","max-video-preview":"max-video-preview:-1"},"canonical":"https:\/\/www.kliinikum.ee\/infarkt\/infoparing\/","og_locale":"et_EE","og_type":"article","og_title":"Infop\u00e4ring - M\u00fcokardiinfarktiregister","og_description":"Registriandmetele v\u00f5imaldatakse juurdep\u00e4\u00e4s koosk\u00f5las \u201eAvaliku teabe seadusega\u201d ja \u201eIsikuandmete kaitse seadusega\u201d. Infop\u00e4ringu esitamiseks tuleb t\u00e4ita infop\u00e4ringu&nbsp;vorm. Infop\u00e4ringu vormi, millega k\u00fcsitakse registrilt isikuandmete v\u00e4ljastamist, palume registrile esitada digitaalselt v\u00f5i paberkandjal&nbsp;allkirjastatuna. Digitaalallkirjastamiseks palume vormi t\u00e4itmise j\u00e4rgselt loodud PDF-formaadis dokument&nbsp;salvestada&nbsp;arvutisse ja digitaalallkirjastada. Digitaalallkirjastamise juhend on aadressil&nbsp;www.id.ee. Infop\u00e4ringu ja vajadusel lisadokumentide (nt eetikakomitee koosk\u00f5lastused) n\u00f5uetele vastavuse osas annab registri [&hellip;]","og_url":"https:\/\/www.kliinikum.ee\/infarkt\/infoparing\/","og_site_name":"M\u00fcokardiinfarktiregister","article_modified_time":"2023-10-19T07:51:06+00:00","twitter_card":"summary_large_image","twitter_misc":{"Est. reading time":"1 minut"},"schema":{"@context":"https:\/\/schema.org","@graph":[{"@type":"WebPage","@id":"https:\/\/www.kliinikum.ee\/infarkt\/infoparing\/","url":"https:\/\/www.kliinikum.ee\/infarkt\/infoparing\/","name":"Infop\u00e4ring - M\u00fcokardiinfarktiregister","isPartOf":{"@id":"https:\/\/www.kliinikum.ee\/infarkt\/#website"},"datePublished":"2023-05-09T07:11:16+00:00","dateModified":"2023-10-19T07:51:06+00:00","breadcrumb":{"@id":"https:\/\/www.kliinikum.ee\/infarkt\/infoparing\/#breadcrumb"},"inLanguage":"et","potentialAction":[{"@type":"ReadAction","target":["https:\/\/www.kliinikum.ee\/infarkt\/infoparing\/"]}]},{"@type":"BreadcrumbList","@id":"https:\/\/www.kliinikum.ee\/infarkt\/infoparing\/#breadcrumb","itemListElement":[{"@type":"ListItem","position":1,"name":"Home","item":"https:\/\/www.kliinikum.ee\/infarkt\/"},{"@type":"ListItem","position":2,"name":"Infop\u00e4ring"}]},{"@type":"WebSite","@id":"https:\/\/www.kliinikum.ee\/infarkt\/#website","url":"https:\/\/www.kliinikum.ee\/infarkt\/","name":"M\u00fcokardiinfarktiregister","description":"Hoolivus, Uuendusmeelsus, P\u00e4devus ja Usaldusv\u00e4\u00e4rsus","potentialAction":[{"@type":"SearchAction","target":{"@type":"EntryPoint","urlTemplate":"https:\/\/www.kliinikum.ee\/infarkt\/?s={search_term_string}"},"query-input":{"@type":"PropertyValueSpecification","valueRequired":true,"valueName":"search_term_string"}}],"inLanguage":"et"}]}},"uagb_featured_image_src":{"full":false,"thumbnail":false,"medium":false,"medium_large":false,"large":false,"1536x1536":false,"2048x2048":false},"uagb_author_info":{"display_name":"Jane Freimann","author_link":"https:\/\/www.kliinikum.ee\/infarkt\/author\/janef\/"},"uagb_comment_info":0,"uagb_excerpt":"Registriandmetele v\u00f5imaldatakse juurdep\u00e4\u00e4s koosk\u00f5las \u201eAvaliku teabe seadusega\u201d ja \u201eIsikuandmete kaitse seadusega\u201d. Infop\u00e4ringu esitamiseks tuleb t\u00e4ita infop\u00e4ringu&nbsp;vorm. Infop\u00e4ringu vormi, millega k\u00fcsitakse registrilt isikuandmete v\u00e4ljastamist, palume registrile esitada digitaalselt v\u00f5i paberkandjal&nbsp;allkirjastatuna. Digitaalallkirjastamiseks palume vormi t\u00e4itmise j\u00e4rgselt loodud PDF-formaadis dokument&nbsp;salvestada&nbsp;arvutisse ja digitaalallkirjastada. Digitaalallkirjastamise juhend on aadressil&nbsp;www.id.ee. Infop\u00e4ringu ja vajadusel lisadokumentide (nt eetikakomitee koosk\u00f5lastused) n\u00f5uetele vastavuse osas annab registri&hellip;","_links":{"self":[{"href":"https:\/\/www.kliinikum.ee\/infarkt\/wp-json\/wp\/v2\/pages\/5870","targetHints":{"allow":["GET"]}}],"collection":[{"href":"https:\/\/www.kliinikum.ee\/infarkt\/wp-json\/wp\/v2\/pages"}],"about":[{"href":"https:\/\/www.kliinikum.ee\/infarkt\/wp-json\/wp\/v2\/types\/page"}],"author":[{"embeddable":true,"href":"https:\/\/www.kliinikum.ee\/infarkt\/wp-json\/wp\/v2\/users\/32"}],"replies":[{"embeddable":true,"href":"https:\/\/www.kliinikum.ee\/infarkt\/wp-json\/wp\/v2\/comments?post=5870"}],"version-history":[{"count":0,"href":"https:\/\/www.kliinikum.ee\/infarkt\/wp-json\/wp\/v2\/pages\/5870\/revisions"}],"wp:attachment":[{"href":"https:\/\/www.kliinikum.ee\/infarkt\/wp-json\/wp\/v2\/media?parent=5870"}],"curies":[{"name":"wp","href":"https:\/\/api.w.org\/{rel}","templated":true}]}}