{"id":6202,"date":"2023-04-19T14:12:41","date_gmt":"2023-04-19T12:12:41","guid":{"rendered":"https:\/\/www.kliinikum.ee\/kirurgiakliinik\/?page_id=6202"},"modified":"2025-06-26T09:40:50","modified_gmt":"2025-06-26T07:40:50","slug":"residentuur","status":"publish","type":"page","link":"https:\/\/www.kliinikum.ee\/kirurgiakliinik\/residentuur\/","title":{"rendered":"Residentuur"},"content":{"rendered":"\n<p>Et sooritada residentuurits\u00fcklit&nbsp;T\u00dcK kirurgia osakondades, peavad arst-residendid kokku leppima kirurgiakliiniku sekret\u00e4ri Kaia Linkbergiga (kaia.linkberg@kliinikum.ee, tel 7318238).<\/p>\n\n\n\n<p><\/p>\n\n\n\n<p><a href=\"https:\/\/www.kliinikum.ee\/kirurgiakliinik\/teoreetilised-taiendustsuklid-2025-2026\/\">Teoreetilised t\u00e4iendusts\u00fcklid 2025\/2026<\/a><\/p>\n\n\n\n<p><a href=\"https:\/\/www.kliinikum.ee\/kirurgiakliinik\/wp-content\/uploads\/2025\/04\/Uldkirurgia-vaheeksami-kordsamiskusimused.pdf\">Vaheeksami kordamisk\u00fcsimused \u00fcldkirurgias<\/a><\/p>\n\n\n\n<p><\/p>\n","protected":false},"excerpt":{"rendered":"<p>Et sooritada residentuurits\u00fcklit&nbsp;T\u00dcK kirurgia osakondades, peavad arst-residendid kokku leppima kirurgiakliiniku sekret\u00e4ri Kaia Linkbergiga (kaia.linkberg@kliinikum.ee, tel 7318238). Teoreetilised t\u00e4iendusts\u00fcklid 2025\/2026 Vaheeksami kordamisk\u00fcsimused \u00fcldkirurgias<\/p>\n","protected":false},"author":32,"featured_media":0,"parent":0,"menu_order":0,"comment_status":"closed","ping_status":"closed","template":"","meta":{"_acf_changed":false,"_uag_custom_page_level_css":"","footnotes":""},"class_list":["post-6202","page","type-page","status-publish","hentry"],"acf":[],"yoast_head":"<!-- This site is optimized with the Yoast SEO plugin v27.3 - https:\/\/yoast.com\/product\/yoast-seo-wordpress\/ -->\n<title>Residentuur - Kirurgiakliinik<\/title>\n<meta name=\"robots\" content=\"index, follow, max-snippet:-1, max-image-preview:large, max-video-preview:-1\" \/>\n<link rel=\"canonical\" href=\"https:\/\/www.kliinikum.ee\/kirurgiakliinik\/residentuur\/\" \/>\n<meta property=\"og:locale\" content=\"et_EE\" \/>\n<meta property=\"og:type\" content=\"article\" \/>\n<meta property=\"og:title\" content=\"Residentuur - Kirurgiakliinik\" \/>\n<meta property=\"og:description\" content=\"Et sooritada residentuurits\u00fcklit&nbsp;T\u00dcK kirurgia osakondades, peavad arst-residendid kokku leppima kirurgiakliiniku sekret\u00e4ri Kaia Linkbergiga (kaia.linkberg@kliinikum.ee, tel 7318238). Teoreetilised t\u00e4iendusts\u00fcklid 2025\/2026 Vaheeksami kordamisk\u00fcsimused \u00fcldkirurgias\" \/>\n<meta property=\"og:url\" content=\"https:\/\/www.kliinikum.ee\/kirurgiakliinik\/residentuur\/\" \/>\n<meta property=\"og:site_name\" content=\"Kirurgiakliinik\" \/>\n<meta property=\"article:modified_time\" content=\"2025-06-26T07:40:50+00:00\" \/>\n<meta name=\"twitter:card\" content=\"summary_large_image\" \/>\n<meta name=\"twitter:label1\" content=\"Est. reading time\" \/>\n\t<meta name=\"twitter:data1\" content=\"1 minut\" \/>\n<script type=\"application\/ld+json\" class=\"yoast-schema-graph\">{\"@context\":\"https:\\\/\\\/schema.org\",\"@graph\":[{\"@type\":\"WebPage\",\"@id\":\"https:\\\/\\\/www.kliinikum.ee\\\/kirurgiakliinik\\\/residentuur\\\/\",\"url\":\"https:\\\/\\\/www.kliinikum.ee\\\/kirurgiakliinik\\\/residentuur\\\/\",\"name\":\"Residentuur - Kirurgiakliinik\",\"isPartOf\":{\"@id\":\"https:\\\/\\\/www.kliinikum.ee\\\/kirurgiakliinik\\\/#website\"},\"datePublished\":\"2023-04-19T12:12:41+00:00\",\"dateModified\":\"2025-06-26T07:40:50+00:00\",\"breadcrumb\":{\"@id\":\"https:\\\/\\\/www.kliinikum.ee\\\/kirurgiakliinik\\\/residentuur\\\/#breadcrumb\"},\"inLanguage\":\"et\",\"potentialAction\":[{\"@type\":\"ReadAction\",\"target\":[\"https:\\\/\\\/www.kliinikum.ee\\\/kirurgiakliinik\\\/residentuur\\\/\"]}]},{\"@type\":\"BreadcrumbList\",\"@id\":\"https:\\\/\\\/www.kliinikum.ee\\\/kirurgiakliinik\\\/residentuur\\\/#breadcrumb\",\"itemListElement\":[{\"@type\":\"ListItem\",\"position\":1,\"name\":\"Home\",\"item\":\"https:\\\/\\\/www.kliinikum.ee\\\/kirurgiakliinik\\\/\"},{\"@type\":\"ListItem\",\"position\":2,\"name\":\"Residentuur\"}]},{\"@type\":\"WebSite\",\"@id\":\"https:\\\/\\\/www.kliinikum.ee\\\/kirurgiakliinik\\\/#website\",\"url\":\"https:\\\/\\\/www.kliinikum.ee\\\/kirurgiakliinik\\\/\",\"name\":\"Kirurgiakliinik\",\"description\":\"Hoolivus, Uuendusmeelsus, P\u00e4devus ja Usaldusv\u00e4\u00e4rsus\",\"potentialAction\":[{\"@type\":\"SearchAction\",\"target\":{\"@type\":\"EntryPoint\",\"urlTemplate\":\"https:\\\/\\\/www.kliinikum.ee\\\/kirurgiakliinik\\\/?s={search_term_string}\"},\"query-input\":{\"@type\":\"PropertyValueSpecification\",\"valueRequired\":true,\"valueName\":\"search_term_string\"}}],\"inLanguage\":\"et\"}]}<\/script>\n<!-- \/ Yoast SEO plugin. -->","yoast_head_json":{"title":"Residentuur - Kirurgiakliinik","robots":{"index":"index","follow":"follow","max-snippet":"max-snippet:-1","max-image-preview":"max-image-preview:large","max-video-preview":"max-video-preview:-1"},"canonical":"https:\/\/www.kliinikum.ee\/kirurgiakliinik\/residentuur\/","og_locale":"et_EE","og_type":"article","og_title":"Residentuur - Kirurgiakliinik","og_description":"Et sooritada residentuurits\u00fcklit&nbsp;T\u00dcK kirurgia osakondades, peavad arst-residendid kokku leppima kirurgiakliiniku sekret\u00e4ri Kaia Linkbergiga (kaia.linkberg@kliinikum.ee, tel 7318238). Teoreetilised t\u00e4iendusts\u00fcklid 2025\/2026 Vaheeksami kordamisk\u00fcsimused \u00fcldkirurgias","og_url":"https:\/\/www.kliinikum.ee\/kirurgiakliinik\/residentuur\/","og_site_name":"Kirurgiakliinik","article_modified_time":"2025-06-26T07:40:50+00:00","twitter_card":"summary_large_image","twitter_misc":{"Est. reading time":"1 minut"},"schema":{"@context":"https:\/\/schema.org","@graph":[{"@type":"WebPage","@id":"https:\/\/www.kliinikum.ee\/kirurgiakliinik\/residentuur\/","url":"https:\/\/www.kliinikum.ee\/kirurgiakliinik\/residentuur\/","name":"Residentuur - Kirurgiakliinik","isPartOf":{"@id":"https:\/\/www.kliinikum.ee\/kirurgiakliinik\/#website"},"datePublished":"2023-04-19T12:12:41+00:00","dateModified":"2025-06-26T07:40:50+00:00","breadcrumb":{"@id":"https:\/\/www.kliinikum.ee\/kirurgiakliinik\/residentuur\/#breadcrumb"},"inLanguage":"et","potentialAction":[{"@type":"ReadAction","target":["https:\/\/www.kliinikum.ee\/kirurgiakliinik\/residentuur\/"]}]},{"@type":"BreadcrumbList","@id":"https:\/\/www.kliinikum.ee\/kirurgiakliinik\/residentuur\/#breadcrumb","itemListElement":[{"@type":"ListItem","position":1,"name":"Home","item":"https:\/\/www.kliinikum.ee\/kirurgiakliinik\/"},{"@type":"ListItem","position":2,"name":"Residentuur"}]},{"@type":"WebSite","@id":"https:\/\/www.kliinikum.ee\/kirurgiakliinik\/#website","url":"https:\/\/www.kliinikum.ee\/kirurgiakliinik\/","name":"Kirurgiakliinik","description":"Hoolivus, Uuendusmeelsus, P\u00e4devus ja Usaldusv\u00e4\u00e4rsus","potentialAction":[{"@type":"SearchAction","target":{"@type":"EntryPoint","urlTemplate":"https:\/\/www.kliinikum.ee\/kirurgiakliinik\/?s={search_term_string}"},"query-input":{"@type":"PropertyValueSpecification","valueRequired":true,"valueName":"search_term_string"}}],"inLanguage":"et"}]}},"uagb_featured_image_src":{"full":false,"thumbnail":false,"medium":false,"medium_large":false,"large":false,"1536x1536":false,"2048x2048":false},"uagb_author_info":{"display_name":"Jane Freimann","author_link":"https:\/\/www.kliinikum.ee\/kirurgiakliinik\/author\/janef\/"},"uagb_comment_info":0,"uagb_excerpt":"Et sooritada residentuurits\u00fcklit&nbsp;T\u00dcK kirurgia osakondades, peavad arst-residendid kokku leppima kirurgiakliiniku sekret\u00e4ri Kaia Linkbergiga (kaia.linkberg@kliinikum.ee, tel 7318238). Teoreetilised t\u00e4iendusts\u00fcklid 2025\/2026 Vaheeksami kordamisk\u00fcsimused \u00fcldkirurgias","_links":{"self":[{"href":"https:\/\/www.kliinikum.ee\/kirurgiakliinik\/wp-json\/wp\/v2\/pages\/6202","targetHints":{"allow":["GET"]}}],"collection":[{"href":"https:\/\/www.kliinikum.ee\/kirurgiakliinik\/wp-json\/wp\/v2\/pages"}],"about":[{"href":"https:\/\/www.kliinikum.ee\/kirurgiakliinik\/wp-json\/wp\/v2\/types\/page"}],"author":[{"embeddable":true,"href":"https:\/\/www.kliinikum.ee\/kirurgiakliinik\/wp-json\/wp\/v2\/users\/32"}],"replies":[{"embeddable":true,"href":"https:\/\/www.kliinikum.ee\/kirurgiakliinik\/wp-json\/wp\/v2\/comments?post=6202"}],"version-history":[{"count":0,"href":"https:\/\/www.kliinikum.ee\/kirurgiakliinik\/wp-json\/wp\/v2\/pages\/6202\/revisions"}],"wp:attachment":[{"href":"https:\/\/www.kliinikum.ee\/kirurgiakliinik\/wp-json\/wp\/v2\/media?parent=6202"}],"curies":[{"name":"wp","href":"https:\/\/api.w.org\/{rel}","templated":true}]}}