{"id":6207,"date":"2023-04-19T14:20:15","date_gmt":"2023-04-19T12:20:15","guid":{"rendered":"https:\/\/www.kliinikum.ee\/kirurgiakliinik\/?page_id=6207"},"modified":"2025-10-30T13:19:04","modified_gmt":"2025-10-30T11:19:04","slug":"abdominaalkirurgia-osakond","status":"publish","type":"page","link":"https:\/\/www.kliinikum.ee\/kirurgiakliinik\/kliinikust\/abdominaalkirurgia-osakond\/","title":{"rendered":"Abdominaalkirurgia osakond"},"content":{"rendered":"\n<p><strong>Kontaktandmed<\/strong><\/p>\n\n\n\n<p>L. Puusepa 8, A-korpus, 3. korrus<\/p>\n\n\n\n<p>Telefoninumbrid<\/p>\n\n\n\n<ul class=\"wp-block-list\">\n<li>Sekret\u00e4r Jaana M\u00f6ller:&nbsp;<strong>731 8228 <\/strong>(E-R 08.00-16.00), e-post: <a href=\"mailto:jaana.moller@kliinikum.ee\">jaana.moller@kliinikum.ee<\/a><\/li>\n\n\n\n<li>Valve\u00f5de:&nbsp;<strong>731 8233<\/strong><\/li>\n<\/ul>\n\n\n\n<p>Abdominaalkirurgia osakonna n\u00e4ol on tegemist \u00fcldkirurgilist abi pakkuva \u00fcksusega. Teostatakse&nbsp; erinevaid&nbsp; \u00fcldkirurgilist t\u00fc\u00fcpi operatsioone, seejuures suur osa l\u00f5ikustest teostatakse v\u00f5imalusel laparoskoopilisel (patsiendi jaoks v\u00e4heminvasiivsel) meetodil. Lisaks tavap\u00e4rasele tegevusele on osakond&nbsp; p\u00f5hjalikumalt spetsialiseerunud ka maksasiirdamisele, proktoloogiale ja bariaatrilisele kirurgiale.<\/p>\n\n\n\n<p>Osakond tegeleb peamiselt j\u00e4rgmiste haiguste diagnostika ja raviga:<\/p>\n\n\n\n<ul class=\"wp-block-list\">\n<li>k\u00f5huseina songad<\/li>\n\n\n\n<li>sapip\u00f5ie ja sapiteede haigused<\/li>\n\n\n\n<li>gastro\u00f6sofageaalne reflukshaigus (GERD), s\u00f6\u00f6gitorulahi song<\/li>\n\n\n\n<li>seedetrakti kirurgilised haigused<\/li>\n\n\n\n<li>proktoloogilised patoloogiad<\/li>\n\n\n\n<li>bariaatriline kirurgia<\/li>\n\n\n\n<li>maksakirurgia ja maksasiirdamine<\/li>\n<\/ul>\n\n\n\n<div style=\"height:100px\" aria-hidden=\"true\" class=\"wp-block-spacer\"><\/div>\n\n\n<div class=\"wp-block-uagb-faq uagb-faq__outer-wrap uagb-block-c460372f uagb-faq-icon-row uagb-faq-layout-accordion uagb-faq-expand-first-false uagb-faq-inactive-other-true uagb-faq__wrap uagb-buttons-layout-wrap uagb-faq-equal-height     \" data-faqtoggle=\"true\" role=\"tablist\"><div class=\"wp-block-uagb-faq-child uagb-faq-child__outer-wrap uagb-faq-item uagb-block-1bd11195 \" role=\"tab\" tabindex=\"0\"><div class=\"uagb-faq-questions-button uagb-faq-questions\">\t\t\t<span class=\"uagb-icon uagb-faq-icon-wrap\">\n\t\t\t\t\t\t\t\t<svg xmlns=\"https:\/\/www.w3.org\/2000\/svg\" viewBox= \"0 0 448 512\"><path d=\"M432 256c0 17.69-14.33 32.01-32 32.01H256v144c0 17.69-14.33 31.99-32 31.99s-32-14.3-32-31.99v-144H48c-17.67 0-32-14.32-32-32.01s14.33-31.99 32-31.99H192v-144c0-17.69 14.33-32.01 32-32.01s32 14.32 32 32.01v144h144C417.7 224 432 238.3 432 256z\"><\/path><\/svg>\n\t\t\t\t\t\t\t<\/span>\n\t\t\t\t\t\t<span class=\"uagb-icon-active uagb-faq-icon-wrap\">\n\t\t\t\t\t\t\t\t<svg xmlns=\"https:\/\/www.w3.org\/2000\/svg\" viewBox= \"0 0 448 512\"><path d=\"M400 288h-352c-17.69 0-32-14.32-32-32.01s14.31-31.99 32-31.99h352c17.69 0 32 14.3 32 31.99S417.7 288 400 288z\"><\/path><\/svg>\n\t\t\t\t\t\t\t<\/span>\n\t\t\t<span class=\"uagb-question\">Ravimeeskonnad<\/span><\/div><div class=\"uagb-faq-content\"><p><strong>Bariaatriline kirurgia<\/strong>: dr T. Sillakivi, dr J. Suumann, dr M.-H. L\u00f5hmus <br><strong>K\u00f5huseina songade kirurgia<\/strong>: dr A. Uksov, dr A. Tein, dr J. Suumann, dr. T. Sillakivi, dr M.-H. L\u00f5hmus <br><strong>Maksasiirdamine ja maksa-sapiteede muu kirurgia<\/strong>:  dr A. Tein, dr A. Uksov <br><strong>Reflukshaiguse kirurgia<\/strong>: dr T. Sillakivi, dr A. Uksov, dr A. Tein, dr J. Suumann, dr M.-H. L\u00f5hmus<br><strong>Proktoloogiline kirurgia<\/strong>: dr M. Peetsalu, dr K. Saarniit<br><strong>Neerupealise kirurgia<\/strong>: dr J. Suumann<\/p><\/div><\/div><\/div>\n\n<div class=\"wp-block-uagb-faq uagb-faq__outer-wrap uagb-block-063830fa uagb-faq-icon-row uagb-faq-layout-accordion uagb-faq-expand-first-false uagb-faq-inactive-other-true uagb-faq__wrap uagb-buttons-layout-wrap uagb-faq-equal-height     \" data-faqtoggle=\"true\" role=\"tablist\"><div class=\"wp-block-uagb-faq-child uagb-faq-child__outer-wrap uagb-faq-item uagb-block-254c3ebc \" role=\"tab\" tabindex=\"0\"><div class=\"uagb-faq-questions-button uagb-faq-questions\">\t\t\t<span class=\"uagb-icon uagb-faq-icon-wrap\">\n\t\t\t\t\t\t\t\t<svg xmlns=\"https:\/\/www.w3.org\/2000\/svg\" viewBox= \"0 0 448 512\"><path d=\"M432 256c0 17.69-14.33 32.01-32 32.01H256v144c0 17.69-14.33 31.99-32 31.99s-32-14.3-32-31.99v-144H48c-17.67 0-32-14.32-32-32.01s14.33-31.99 32-31.99H192v-144c0-17.69 14.33-32.01 32-32.01s32 14.32 32 32.01v144h144C417.7 224 432 238.3 432 256z\"><\/path><\/svg>\n\t\t\t\t\t\t\t<\/span>\n\t\t\t\t\t\t<span class=\"uagb-icon-active uagb-faq-icon-wrap\">\n\t\t\t\t\t\t\t\t<svg xmlns=\"https:\/\/www.w3.org\/2000\/svg\" viewBox= \"0 0 448 512\"><path d=\"M400 288h-352c-17.69 0-32-14.32-32-32.01s14.31-31.99 32-31.99h352c17.69 0 32 14.3 32 31.99S417.7 288 400 288z\"><\/path><\/svg>\n\t\t\t\t\t\t\t<\/span>\n\t\t\t<span class=\"uagb-question\">Teadussuunad<\/span><\/div><div class=\"uagb-faq-content\"><p>1) Bariaatrilises kirurgias on teadust\u00f6\u00f6 olnud ravitegevusega integreeritud juba 15 aastat, olles seotud ka 3 doktorandi uurimustega. Momendil k\u00e4igus selles valdkonnas 3 uuringut.<br>2) Maksasiirdamise programmi raames siirdatud patsientidega seotud valdkonna uurimine.<\/p><\/div><\/div><div class=\"wp-block-uagb-faq-child uagb-faq-child__outer-wrap uagb-faq-item uagb-block-77af9d60 \" role=\"tab\" tabindex=\"0\"><div class=\"uagb-faq-questions-button uagb-faq-questions\">\t\t\t<span class=\"uagb-icon uagb-faq-icon-wrap\">\n\t\t\t\t\t\t\t\t<svg xmlns=\"https:\/\/www.w3.org\/2000\/svg\" viewBox= \"0 0 448 512\"><path d=\"M432 256c0 17.69-14.33 32.01-32 32.01H256v144c0 17.69-14.33 31.99-32 31.99s-32-14.3-32-31.99v-144H48c-17.67 0-32-14.32-32-32.01s14.33-31.99 32-31.99H192v-144c0-17.69 14.33-32.01 32-32.01s32 14.32 32 32.01v144h144C417.7 224 432 238.3 432 256z\"><\/path><\/svg>\n\t\t\t\t\t\t\t<\/span>\n\t\t\t\t\t\t<span class=\"uagb-icon-active uagb-faq-icon-wrap\">\n\t\t\t\t\t\t\t\t<svg xmlns=\"https:\/\/www.w3.org\/2000\/svg\" viewBox= \"0 0 448 512\"><path d=\"M400 288h-352c-17.69 0-32-14.32-32-32.01s14.31-31.99 32-31.99h352c17.69 0 32 14.3 32 31.99S417.7 288 400 288z\"><\/path><\/svg>\n\t\t\t\t\t\t\t<\/span>\n\t\t\t<span class=\"uagb-question\">Kaitstud dissertatsioonid<\/span><\/div><div class=\"uagb-faq-content\"><p>1972 - prof Ants Peetsalu kandidaadiv\u00e4itekiri\u00a0 \u201eMuutused vere h\u00fc\u00fcbimiss\u00fcsteemis gastroduodenaalsete haavandite ja neist p\u00f5hjustatud verejooksude korral\u201c.<br>1987 \u2013 emeriitdotsent Toomas V\u00e4li kandidaadiv\u00e4itekiri \"Vagotoomia ja p\u00fcroloplastika m\u00f5ju laktoosi selektiivse malabsortsiooni kliinilisele manifesteerumisele\".<br>1992 - prof Ants Peetsalu doktoriv\u00e4itekiri \u201eVagotoomia duodenaalhaavandi korral. Maohappesuse, seerum-pepsinogeen-1, maolimaskesta histoloogia ja <em>Helicobacter pylori<\/em> uurimine\u201c.<br>2003 \u2013 kaasprofessor Toomas Sillakivi doktoriv\u00e4itekiri \u201ePerforeerunud peptiline haavand Eestis: epidemioloogia, riskifaktorid ning seosed <em>Helicobacter pyloriga\u201c.<\/em><br>2003 \u2013 kaasprofessor Margot Peetsalu doktoriv\u00e4itekiri \u201cDuodenaalhaavandi t\u00f5ttu tehtud vagotoomia j\u00e4rgne pikaajaline uuring: retsidiivhaavand, muutused mao limaskesta funktsioonis, morfoloogias ja Helicobacter pylori kolonisatsioonis\u201d.<br>2003 - dr Jaan Soplepmann doktoriv\u00e4itekiri \"Peptilise haavandi verejooks Eestis: epidemioloogia, prognostilised faktorid, ravi ja tulemused\".<br>2023 \u2013 dr Jaanus Suumann doktoriv\u00e4itekiri \u201eMao biomarkerid ja nende d\u00fcnaamika kui v\u00e4heinvasiivne meetod mao seisundi hindamiseks bariaatrilise kirurgia patsientidel \u201c.<\/p><\/div><\/div><div class=\"wp-block-uagb-faq-child uagb-faq-child__outer-wrap uagb-faq-item uagb-block-6691e840 \" role=\"tab\" tabindex=\"0\"><div class=\"uagb-faq-questions-button uagb-faq-questions\">\t\t\t<span class=\"uagb-icon uagb-faq-icon-wrap\">\n\t\t\t\t\t\t\t\t<svg xmlns=\"https:\/\/www.w3.org\/2000\/svg\" viewBox= \"0 0 448 512\"><path d=\"M432 256c0 17.69-14.33 32.01-32 32.01H256v144c0 17.69-14.33 31.99-32 31.99s-32-14.3-32-31.99v-144H48c-17.67 0-32-14.32-32-32.01s14.33-31.99 32-31.99H192v-144c0-17.69 14.33-32.01 32-32.01s32 14.32 32 32.01v144h144C417.7 224 432 238.3 432 256z\"><\/path><\/svg>\n\t\t\t\t\t\t\t<\/span>\n\t\t\t\t\t\t<span class=\"uagb-icon-active uagb-faq-icon-wrap\">\n\t\t\t\t\t\t\t\t<svg xmlns=\"https:\/\/www.w3.org\/2000\/svg\" viewBox= \"0 0 448 512\"><path d=\"M400 288h-352c-17.69 0-32-14.32-32-32.01s14.31-31.99 32-31.99h352c17.69 0 32 14.3 32 31.99S417.7 288 400 288z\"><\/path><\/svg>\n\t\t\t\t\t\t\t<\/span>\n\t\t\t<span class=\"uagb-question\">Olulisemad publikatsioonid<\/span><\/div><div class=\"uagb-faq-content\"><p>1. \u0160ebunova N., \u0160t\u0161epetova J., Kullisaar T., Suija K., R\u00e4tsep A., Junkin I., Soeorg H., Lember M., Sillakivi T., M\u00e4ndar R. Changes in Adipokine Levels and Metabolic Profiles Following Bariatric Surgery. BMC Endocr. Disord. 2022;22:33. doi: 10.1186\/s12902-022-00942-7. - <a href=\"https:\/\/doi.org\/10.1186\/s12902-022-00942-7\">DOI <\/a>- <a href=\"http:\/\/www.ncbi.nlm.nih.gov\/pmc\/articles\/pmc8812034\/\">PMC <\/a>- <a href=\"https:\/\/pubmed.ncbi.nlm.nih.gov\/35114975\/\">PubMed<\/a><br>2. J.Suumann, T. Sillakivi, Z. Riispere, K. Syrj\u00e4nen, P. Sipponen, \u00dc. Kirsim\u00e4gi, A. Peetsalu. Serum Gastric Biomarker Levels After Sleeve Gastrectomy and Roux-en-Y Gastric Bypass Operations: A Prospective Study with 1-year Follow-up. Surg.Gastroenterol.Oncol.2019;24(2):86-94. DOI: 10.21614\/sgo-24-2-86<br>3. K.Syrj\u00e4nen, M.Eskelinen, A.Peetsalu, T.Sillakivi, P.Sipponen, M.H\u00e4rkonen, L.Paloheimo, M.M\u00e4ki, T.Tusanen, O.Suovaniemi, F.DiMario, ZP. Fan. GastroPanel\u00ae Biomarker Assay: The Most Comprehensive Test for Helicobacter pylori Infection and Its Clinical Sequelae. A Critical Review. Anticancer Research 2019 March, 39 (3) 1091-1104. doi: 10.21873\/anticanres.13218<br>4. E-M.Kikkas, T. Sillakivi, J. Suumann, \u00dc. Kirsim\u00e4gi, T.Tikk, P-R. V\u00e4rk. Five-year outcome of laparoscopic sleeve gastrectomy, resolution of comorbidities and risk for cumulative nutritional deficiencies. Scand J Surg. 2019 Mar;108(1):10-16. <a href=\"https:\/\/doi.org\/10.1177%2F1457496918783723\">doi.org\/10.1177\/1457496918783723<\/a><br>5. N. \u0160ebunova , J. \u0160t\u0161epetova , T. Sillakivi, R.M\u00e4ndar. The Prevalence of Helicobacter pylori in Estonian Bariatric Surgery Patients. Int. J. Mol. Sci. 2018, 19, 338; doi:10.3390\/ijms19020338<br>J.Suumann, T.Sillakivi, \u017d. Riispere, K.Syrj\u00e4nen, P.Sipponen, \u00dc.Kirsim\u00e4gi, A.Peetsalu Serological biomarker testing helps\u00a0 avoiding unnecessary endoscopies in obese\u00a0 patients before bariatric surgery. BMC Obesity (2018) 5:9, https:\/\/doi.org\/10.1186\/s40608-018-0185-5<br>6. T.Sillakivi, J.Suumann, \u00dc.Kirsim\u00e4gi, A.Peetsalu. Plasma levels of gastric biomarkers in patients after bariatric surgery. Hepatogastroenterol\u00a0 2013;128 (60):2129-2132.<br>7. T.V\u00e4li, A.Tein T.Tikk, T. Sillakivi. Surgical Complications Accompanying Liver Transplantation in Estonia, Transplantation Proceedings, 42, 4455-4456, 2010 <a href=\"https:\/\/doi.org\/10.1016\/j.transproceed.2010.09.112\" target=\"_blank\" rel=\"noreferrer noopener\">doi.org\/10.1016\/j.transproceed.2010.09.112<\/a><br>8. H. Andreson, T. Sillakivi, M. Peetsalu, A. Peetsalu and M. Mikelsaar. Persistence of Helicobacter pylori infection in patients with peptic ulcer perforation. Scand J Gastroenterol. 42:324-329, 2007.<br>9. H. Andreson, K. L\u00f5ivukene, T. Sillakivi, H.-I. Maaroos, M. Ustav, A. Peetsalu and M. Mikelsaar. Association of <em>cagA<\/em> and <em>vacA<\/em> genotypes of <em>Helicobacter pylori <\/em>with gastric diseases in Estonia. J Clin Microbiol 40: 298-300, 2002 DOI: <a href=\"https:\/\/www.researchgate.net\/deref\/http%3A%2F%2Fdx.doi.org%2F10.1128%2FJCM.40.1.298-300.2002\" target=\"_blank\" rel=\"noreferrer noopener\">10.1128\/JCM.40.1.298-300.2002<\/a><br>10. T. Sillakivi, H. Aro, M. Ustav, M. Peetsalu, A. Peetsalu, M. Mikelsaar. Diversity of <em>Helicobacter pylori<\/em> genotypes among Estonian and Russian patients with perforated peptic ulcer, living in Southern Estonia. FEMS Microbiol Letters.195:29-33, 2001.<br>11. T. Sillakivi, Q. Yang, A. Peetsalu, C.Ohmann. Perforated peptic ulcer: Is there a difference between Eastern Europe and Germany? Langenbeck`s Arch Surg 385: 344-349, 2000. DOI: <a href=\"https:\/\/www.researchgate.net\/deref\/http%3A%2F%2Fdx.doi.org%2F10.1007%2Fs004230000158\" target=\"_blank\" rel=\"noreferrer noopener\">10.1007\/s004230000158<\/a><br>12. T. Sillakivi, A. Lang, A. Tein, A. Peetsalu. Evaluation of risk factors for mortality in surgically treated perforated peptic ulcer. Hepato-gastroenterol. 47:1765-1768, 2000<\/p><\/div><\/div><\/div>\n\n\n<div style=\"height:100px\" aria-hidden=\"true\" class=\"wp-block-spacer\"><\/div>\n\n\n<div class=\"wp-block-uagb-faq uagb-faq__outer-wrap uagb-block-6c9ab90f uagb-faq-icon-row uagb-faq-layout-accordion uagb-faq-expand-first-false uagb-faq-inactive-other-true uagb-faq__wrap uagb-buttons-layout-wrap uagb-faq-equal-height     \" data-faqtoggle=\"true\" role=\"tablist\"><div class=\"wp-block-uagb-faq-child uagb-faq-child__outer-wrap uagb-faq-item uagb-block-85138440 \" role=\"tab\" tabindex=\"0\"><div class=\"uagb-faq-questions-button uagb-faq-questions\">\t\t\t<span class=\"uagb-icon uagb-faq-icon-wrap\">\n\t\t\t\t\t\t\t\t<svg xmlns=\"https:\/\/www.w3.org\/2000\/svg\" viewBox= \"0 0 448 512\"><path d=\"M432 256c0 17.69-14.33 32.01-32 32.01H256v144c0 17.69-14.33 31.99-32 31.99s-32-14.3-32-31.99v-144H48c-17.67 0-32-14.32-32-32.01s14.33-31.99 32-31.99H192v-144c0-17.69 14.33-32.01 32-32.01s32 14.32 32 32.01v144h144C417.7 224 432 238.3 432 256z\"><\/path><\/svg>\n\t\t\t\t\t\t\t<\/span>\n\t\t\t\t\t\t<span class=\"uagb-icon-active uagb-faq-icon-wrap\">\n\t\t\t\t\t\t\t\t<svg xmlns=\"https:\/\/www.w3.org\/2000\/svg\" viewBox= \"0 0 448 512\"><path d=\"M400 288h-352c-17.69 0-32-14.32-32-32.01s14.31-31.99 32-31.99h352c17.69 0 32 14.3 32 31.99S417.7 288 400 288z\"><\/path><\/svg>\n\t\t\t\t\t\t\t<\/span>\n\t\t\t<span class=\"uagb-question\">Osakonna ajalugu<\/span><\/div><div class=\"uagb-faq-content\"><p>Oma praegusel pinnal tegutseb osakond aastast 1976, millal uude valminud korpusesse Puusepa 8 kolis \u00fcle Maarjam\u00f5isa v\u00e4ljal tegutsenud kirurgia\u00fcksus. Oma praegust nime (abdominaalkirurgia) kannab osakond alates kliinikumi loomisest 2000. a. Varasemalt on osakonna nimi olnud ka torakaal-abdominaalkirurgia, gastrokirurgia ja II kirurgia osakond. Osakonda on l\u00e4bi aegade juhatanud dr Vootele Laisaar, dr Toomas V\u00e4li, dr Toomas Tikk ja dr Toomas Sillakivi.<br>Osakonna algaastatel seitsmek\u00fcmnendatel on olnud juhtivaks suunaks maokirurgia, sealhulgas on juurutatud mitmesuguseid tollal uudseid maokirurgia meetodeid (rekonstruktiivsed maooperatsioonid, vagotoomiad, duodeno- ja p\u00fcloroplastika jt.)<br>1978 - fiiberendoskoopia kasutuselev\u00f5tt seedetrakti \u00fclaosa verejooksude diagnostikas.<br>1980 - seedetrakti verejooksude peatamise juurutamine endoskoopilise elektrokoagulatsiooni meetodil ja skleroseerivate ainete injektsiooni meetodil.<br>1991-1996 maksasiirdamise eksperimentaalse programmi l\u00e4biviimine prof Ants Peetsalu algatusel, mis viis esimese maksasiirdamiseni Eestis dots Toomas V\u00e4li juhtimisel 1999. a.<br>1993 - laparoskoopilise kolets\u00fcstektoomia juurutamine ning seej\u00e4rel laparoskoopilise kirurgia laiendamine teistele organitele: reflukshaiguse korral Nisseni operatsioon, peptilise haavandi perforatsiooni \u00fcle\u00f5mblus, apendektoomia, splenektoomia, k\u00f5hutraumade korral diagnostika<br>ja parenh\u00fcmatoossete organite vigastustest tingitud verejooksude sulgemine;<br>Alates 2000 aastatest uudsed proktoloogilised l\u00f5ikusmeetodid (STARR jt) kaasprof Margot Peetsalu juhtimisel.<br>2008 \u2013 bariaatrilise kirurgia juurutamine Tartus dr Toomas Tikk, kaasprof Toomas Sillakivi.<\/p><\/div><\/div><\/div>\n\n\n<p><\/p>\n","protected":false},"excerpt":{"rendered":"<p>Kontaktandmed L. Puusepa 8, A-korpus, 3. korrus Telefoninumbrid Abdominaalkirurgia osakonna n\u00e4ol on tegemist \u00fcldkirurgilist abi pakkuva \u00fcksusega. Teostatakse&nbsp; erinevaid&nbsp; \u00fcldkirurgilist t\u00fc\u00fcpi operatsioone, seejuures suur osa l\u00f5ikustest teostatakse v\u00f5imalusel laparoskoopilisel (patsiendi jaoks v\u00e4heminvasiivsel) meetodil. Lisaks tavap\u00e4rasele tegevusele on osakond&nbsp; p\u00f5hjalikumalt spetsialiseerunud ka maksasiirdamisele, proktoloogiale ja bariaatrilisele kirurgiale. Osakond tegeleb peamiselt j\u00e4rgmiste haiguste diagnostika ja raviga:<\/p>\n","protected":false},"author":32,"featured_media":0,"parent":17,"menu_order":1,"comment_status":"closed","ping_status":"closed","template":"","meta":{"_acf_changed":false,"_uag_custom_page_level_css":"","footnotes":""},"class_list":["post-6207","page","type-page","status-publish","hentry"],"acf":[],"yoast_head":"<!-- This site is optimized with the Yoast SEO plugin v27.5 - https:\/\/yoast.com\/product\/yoast-seo-wordpress\/ -->\n<title>Abdominaalkirurgia osakond - Kirurgiakliinik<\/title>\n<meta name=\"robots\" content=\"index, follow, max-snippet:-1, max-image-preview:large, max-video-preview:-1\" \/>\n<link rel=\"canonical\" href=\"https:\/\/www.kliinikum.ee\/kirurgiakliinik\/kliinikust\/abdominaalkirurgia-osakond\/\" \/>\n<meta property=\"og:locale\" content=\"et_EE\" \/>\n<meta property=\"og:type\" content=\"article\" \/>\n<meta property=\"og:title\" content=\"Abdominaalkirurgia osakond - Kirurgiakliinik\" \/>\n<meta property=\"og:description\" content=\"Kontaktandmed L. Puusepa 8, A-korpus, 3. korrus Telefoninumbrid Abdominaalkirurgia osakonna n\u00e4ol on tegemist \u00fcldkirurgilist abi pakkuva \u00fcksusega. Teostatakse&nbsp; erinevaid&nbsp; \u00fcldkirurgilist t\u00fc\u00fcpi operatsioone, seejuures suur osa l\u00f5ikustest teostatakse v\u00f5imalusel laparoskoopilisel (patsiendi jaoks v\u00e4heminvasiivsel) meetodil. Lisaks tavap\u00e4rasele tegevusele on osakond&nbsp; p\u00f5hjalikumalt spetsialiseerunud ka maksasiirdamisele, proktoloogiale ja bariaatrilisele kirurgiale. Osakond tegeleb peamiselt j\u00e4rgmiste haiguste diagnostika ja raviga:\" \/>\n<meta property=\"og:url\" content=\"https:\/\/www.kliinikum.ee\/kirurgiakliinik\/kliinikust\/abdominaalkirurgia-osakond\/\" \/>\n<meta property=\"og:site_name\" content=\"Kirurgiakliinik\" \/>\n<meta property=\"article:modified_time\" content=\"2025-10-30T11:19:04+00:00\" \/>\n<meta name=\"twitter:card\" content=\"summary_large_image\" \/>\n<meta name=\"twitter:label1\" content=\"Est. reading time\" \/>\n\t<meta name=\"twitter:data1\" content=\"1 minut\" \/>\n<script type=\"application\/ld+json\" class=\"yoast-schema-graph\">{\"@context\":\"https:\\\/\\\/schema.org\",\"@graph\":[{\"@type\":\"WebPage\",\"@id\":\"https:\\\/\\\/www.kliinikum.ee\\\/kirurgiakliinik\\\/kliinikust\\\/abdominaalkirurgia-osakond\\\/\",\"url\":\"https:\\\/\\\/www.kliinikum.ee\\\/kirurgiakliinik\\\/kliinikust\\\/abdominaalkirurgia-osakond\\\/\",\"name\":\"Abdominaalkirurgia osakond - Kirurgiakliinik\",\"isPartOf\":{\"@id\":\"https:\\\/\\\/www.kliinikum.ee\\\/kirurgiakliinik\\\/#website\"},\"datePublished\":\"2023-04-19T12:20:15+00:00\",\"dateModified\":\"2025-10-30T11:19:04+00:00\",\"breadcrumb\":{\"@id\":\"https:\\\/\\\/www.kliinikum.ee\\\/kirurgiakliinik\\\/kliinikust\\\/abdominaalkirurgia-osakond\\\/#breadcrumb\"},\"inLanguage\":\"et\",\"potentialAction\":[{\"@type\":\"ReadAction\",\"target\":[\"https:\\\/\\\/www.kliinikum.ee\\\/kirurgiakliinik\\\/kliinikust\\\/abdominaalkirurgia-osakond\\\/\"]}]},{\"@type\":\"BreadcrumbList\",\"@id\":\"https:\\\/\\\/www.kliinikum.ee\\\/kirurgiakliinik\\\/kliinikust\\\/abdominaalkirurgia-osakond\\\/#breadcrumb\",\"itemListElement\":[{\"@type\":\"ListItem\",\"position\":1,\"name\":\"Home\",\"item\":\"https:\\\/\\\/www.kliinikum.ee\\\/kirurgiakliinik\\\/\"},{\"@type\":\"ListItem\",\"position\":2,\"name\":\"Kliinikust\",\"item\":\"https:\\\/\\\/www.kliinikum.ee\\\/kirurgiakliinik\\\/kliinikust\\\/\"},{\"@type\":\"ListItem\",\"position\":3,\"name\":\"Abdominaalkirurgia osakond\"}]},{\"@type\":\"WebSite\",\"@id\":\"https:\\\/\\\/www.kliinikum.ee\\\/kirurgiakliinik\\\/#website\",\"url\":\"https:\\\/\\\/www.kliinikum.ee\\\/kirurgiakliinik\\\/\",\"name\":\"Kirurgiakliinik\",\"description\":\"Hoolivus, Uuendusmeelsus, P\u00e4devus ja Usaldusv\u00e4\u00e4rsus\",\"potentialAction\":[{\"@type\":\"SearchAction\",\"target\":{\"@type\":\"EntryPoint\",\"urlTemplate\":\"https:\\\/\\\/www.kliinikum.ee\\\/kirurgiakliinik\\\/?s={search_term_string}\"},\"query-input\":{\"@type\":\"PropertyValueSpecification\",\"valueRequired\":true,\"valueName\":\"search_term_string\"}}],\"inLanguage\":\"et\"}]}<\/script>\n<!-- \/ Yoast SEO plugin. -->","yoast_head_json":{"title":"Abdominaalkirurgia osakond - Kirurgiakliinik","robots":{"index":"index","follow":"follow","max-snippet":"max-snippet:-1","max-image-preview":"max-image-preview:large","max-video-preview":"max-video-preview:-1"},"canonical":"https:\/\/www.kliinikum.ee\/kirurgiakliinik\/kliinikust\/abdominaalkirurgia-osakond\/","og_locale":"et_EE","og_type":"article","og_title":"Abdominaalkirurgia osakond - Kirurgiakliinik","og_description":"Kontaktandmed L. Puusepa 8, A-korpus, 3. korrus Telefoninumbrid Abdominaalkirurgia osakonna n\u00e4ol on tegemist \u00fcldkirurgilist abi pakkuva \u00fcksusega. Teostatakse&nbsp; erinevaid&nbsp; \u00fcldkirurgilist t\u00fc\u00fcpi operatsioone, seejuures suur osa l\u00f5ikustest teostatakse v\u00f5imalusel laparoskoopilisel (patsiendi jaoks v\u00e4heminvasiivsel) meetodil. Lisaks tavap\u00e4rasele tegevusele on osakond&nbsp; p\u00f5hjalikumalt spetsialiseerunud ka maksasiirdamisele, proktoloogiale ja bariaatrilisele kirurgiale. Osakond tegeleb peamiselt j\u00e4rgmiste haiguste diagnostika ja raviga:","og_url":"https:\/\/www.kliinikum.ee\/kirurgiakliinik\/kliinikust\/abdominaalkirurgia-osakond\/","og_site_name":"Kirurgiakliinik","article_modified_time":"2025-10-30T11:19:04+00:00","twitter_card":"summary_large_image","twitter_misc":{"Est. reading time":"1 minut"},"schema":{"@context":"https:\/\/schema.org","@graph":[{"@type":"WebPage","@id":"https:\/\/www.kliinikum.ee\/kirurgiakliinik\/kliinikust\/abdominaalkirurgia-osakond\/","url":"https:\/\/www.kliinikum.ee\/kirurgiakliinik\/kliinikust\/abdominaalkirurgia-osakond\/","name":"Abdominaalkirurgia osakond - Kirurgiakliinik","isPartOf":{"@id":"https:\/\/www.kliinikum.ee\/kirurgiakliinik\/#website"},"datePublished":"2023-04-19T12:20:15+00:00","dateModified":"2025-10-30T11:19:04+00:00","breadcrumb":{"@id":"https:\/\/www.kliinikum.ee\/kirurgiakliinik\/kliinikust\/abdominaalkirurgia-osakond\/#breadcrumb"},"inLanguage":"et","potentialAction":[{"@type":"ReadAction","target":["https:\/\/www.kliinikum.ee\/kirurgiakliinik\/kliinikust\/abdominaalkirurgia-osakond\/"]}]},{"@type":"BreadcrumbList","@id":"https:\/\/www.kliinikum.ee\/kirurgiakliinik\/kliinikust\/abdominaalkirurgia-osakond\/#breadcrumb","itemListElement":[{"@type":"ListItem","position":1,"name":"Home","item":"https:\/\/www.kliinikum.ee\/kirurgiakliinik\/"},{"@type":"ListItem","position":2,"name":"Kliinikust","item":"https:\/\/www.kliinikum.ee\/kirurgiakliinik\/kliinikust\/"},{"@type":"ListItem","position":3,"name":"Abdominaalkirurgia osakond"}]},{"@type":"WebSite","@id":"https:\/\/www.kliinikum.ee\/kirurgiakliinik\/#website","url":"https:\/\/www.kliinikum.ee\/kirurgiakliinik\/","name":"Kirurgiakliinik","description":"Hoolivus, Uuendusmeelsus, P\u00e4devus ja Usaldusv\u00e4\u00e4rsus","potentialAction":[{"@type":"SearchAction","target":{"@type":"EntryPoint","urlTemplate":"https:\/\/www.kliinikum.ee\/kirurgiakliinik\/?s={search_term_string}"},"query-input":{"@type":"PropertyValueSpecification","valueRequired":true,"valueName":"search_term_string"}}],"inLanguage":"et"}]}},"uagb_featured_image_src":{"full":false,"thumbnail":false,"medium":false,"medium_large":false,"large":false,"1536x1536":false,"2048x2048":false},"uagb_author_info":{"display_name":"Jane Freimann","author_link":"https:\/\/www.kliinikum.ee\/kirurgiakliinik\/author\/janef\/"},"uagb_comment_info":0,"uagb_excerpt":"Kontaktandmed L. Puusepa 8, A-korpus, 3. korrus Telefoninumbrid Abdominaalkirurgia osakonna n\u00e4ol on tegemist \u00fcldkirurgilist abi pakkuva \u00fcksusega. Teostatakse&nbsp; erinevaid&nbsp; \u00fcldkirurgilist t\u00fc\u00fcpi operatsioone, seejuures suur osa l\u00f5ikustest teostatakse v\u00f5imalusel laparoskoopilisel (patsiendi jaoks v\u00e4heminvasiivsel) meetodil. Lisaks tavap\u00e4rasele tegevusele on osakond&nbsp; p\u00f5hjalikumalt spetsialiseerunud ka maksasiirdamisele, proktoloogiale ja bariaatrilisele kirurgiale. Osakond tegeleb peamiselt j\u00e4rgmiste haiguste diagnostika ja raviga:","_links":{"self":[{"href":"https:\/\/www.kliinikum.ee\/kirurgiakliinik\/wp-json\/wp\/v2\/pages\/6207","targetHints":{"allow":["GET"]}}],"collection":[{"href":"https:\/\/www.kliinikum.ee\/kirurgiakliinik\/wp-json\/wp\/v2\/pages"}],"about":[{"href":"https:\/\/www.kliinikum.ee\/kirurgiakliinik\/wp-json\/wp\/v2\/types\/page"}],"author":[{"embeddable":true,"href":"https:\/\/www.kliinikum.ee\/kirurgiakliinik\/wp-json\/wp\/v2\/users\/32"}],"replies":[{"embeddable":true,"href":"https:\/\/www.kliinikum.ee\/kirurgiakliinik\/wp-json\/wp\/v2\/comments?post=6207"}],"version-history":[{"count":0,"href":"https:\/\/www.kliinikum.ee\/kirurgiakliinik\/wp-json\/wp\/v2\/pages\/6207\/revisions"}],"up":[{"embeddable":true,"href":"https:\/\/www.kliinikum.ee\/kirurgiakliinik\/wp-json\/wp\/v2\/pages\/17"}],"wp:attachment":[{"href":"https:\/\/www.kliinikum.ee\/kirurgiakliinik\/wp-json\/wp\/v2\/media?parent=6207"}],"curies":[{"name":"wp","href":"https:\/\/api.w.org\/{rel}","templated":true}]}}