{"id":6209,"date":"2023-04-19T14:21:01","date_gmt":"2023-04-19T12:21:01","guid":{"rendered":"https:\/\/www.kliinikum.ee\/kirurgiakliinik\/?page_id=6209"},"modified":"2024-12-02T15:17:30","modified_gmt":"2024-12-02T13:17:30","slug":"uldkirurgia-ja-plastilise-kirurgia-osakond","status":"publish","type":"page","link":"https:\/\/www.kliinikum.ee\/kirurgiakliinik\/kliinikust\/uldkirurgia-ja-plastilise-kirurgia-osakond\/","title":{"rendered":"\u00dcldkirurgia ja plastilise kirurgia osakond"},"content":{"rendered":"\n<p><strong>Kontaktandmed<\/strong><\/p>\n\n\n\n<p>L. Puusepa 8, A-korpus, 4. korrus<\/p>\n\n\n\n<p>Telefoninumbrid<\/p>\n\n\n\n<ul class=\"wp-block-list\">\n<li>Tervishoiusekret\u00e4r Evelin Michelson:\u00a0<strong>731 8248, 5331 8248\u00a0<\/strong>(E-R 08.00-16.00), e-post: <a href=\"mailto:evelin.michelson@kliinikum.ee\">evelin.michelson@kliinikum.ee<\/a><\/li>\n\n\n\n<li>Valve\u00f5de:&nbsp;<strong>731 8243<\/strong>, <strong>731 8244<\/strong><\/li>\n<\/ul>\n\n\n\n<p>\u00dcldkirurgia osakonnas ravitakse peamiselt seedetrakti ja kilpn\u00e4\u00e4rme kirurgiliste haigustega patsiente. Seedetrakti haigustest k\u00e4sitletakse selles osakonnas eelk\u00f5ige healoomulisi sapiteede, k\u00f5hun\u00e4\u00e4rme (sh. k\u00f5hun\u00e4\u00e4rme siirdamine), peen- ja j\u00e4mesoole ning p\u00e4rasoole haiguseid. Lisaks tegeletakse k\u00f5huseina songade plastikaga ja healoomuliste nahamoodustiste eemaldamisega. T\u00fc\u00fcpilised erakorralist kirurgilist ravi vajavad haigused, mida selles osakonnas ravitakse, on \u00e4ge ussripiku p\u00f5letik ja sapikivit\u00f5bi. Soolesulgus, seedetrakti organite mulgustumine ja pitsunud songad on samuti sagedased erakorralist k\u00e4sitlust vajavad haigused. Ka osad enamasti mitte-kirurgilist ravi vajavad patsiendid saavad leevendust oma probleemidele selles osakonnas (nt. \u00e4ge k\u00f5hun\u00e4\u00e4rme p\u00f5letik ehk pankreatiit, seedetrakti verejooks).<\/p>\n\n\n\n<p>Plastikakirurgid tegelevad pehmete kudede korrigeerimisega (nt. rippuva k\u00f5hu plastika), defektide katmisega (erinevad haavandid), rinnav\u00e4hikirurgia j\u00e4rgse rinnataastamise operatsioonidega. Plastikakirurgid teostavad ka esteetilisi operatsioone (rindade suurendamine, k\u00f5huplastika jms.), mille eest tasub patsient ise.<\/p>\n\n\n\n<div style=\"height:100px\" aria-hidden=\"true\" class=\"wp-block-spacer\"><\/div>\n\n\n<div class=\"wp-block-uagb-faq uagb-faq__outer-wrap uagb-block-43bd141d uagb-faq-icon-row uagb-faq-layout-accordion uagb-faq-expand-first-false uagb-faq-inactive-other-true uagb-faq__wrap uagb-buttons-layout-wrap uagb-faq-equal-height     \" data-faqtoggle=\"true\" role=\"tablist\"><div class=\"wp-block-uagb-faq-child uagb-faq-child__outer-wrap uagb-faq-item uagb-block-00b9600c \" role=\"tab\" tabindex=\"0\"><div class=\"uagb-faq-questions-button uagb-faq-questions\">\t\t\t<span class=\"uagb-icon uagb-faq-icon-wrap\">\n\t\t\t\t\t\t\t\t<svg xmlns=\"https:\/\/www.w3.org\/2000\/svg\" viewBox= \"0 0 448 512\"><path d=\"M432 256c0 17.69-14.33 32.01-32 32.01H256v144c0 17.69-14.33 31.99-32 31.99s-32-14.3-32-31.99v-144H48c-17.67 0-32-14.32-32-32.01s14.33-31.99 32-31.99H192v-144c0-17.69 14.33-32.01 32-32.01s32 14.32 32 32.01v144h144C417.7 224 432 238.3 432 256z\"><\/path><\/svg>\n\t\t\t\t\t\t\t<\/span>\n\t\t\t\t\t\t<span class=\"uagb-icon-active uagb-faq-icon-wrap\">\n\t\t\t\t\t\t\t\t<svg xmlns=\"https:\/\/www.w3.org\/2000\/svg\" viewBox= \"0 0 448 512\"><path d=\"M400 288h-352c-17.69 0-32-14.32-32-32.01s14.31-31.99 32-31.99h352c17.69 0 32 14.3 32 31.99S417.7 288 400 288z\"><\/path><\/svg>\n\t\t\t\t\t\t\t<\/span>\n\t\t\t<span class=\"uagb-question\">Ravimeeskonnad<\/span><\/div><div class=\"uagb-faq-content\"><p><strong>Endokriinkirurgia<\/strong>: dr C. Nikkolo, dr U. Lepner, dr T. Vaasna, dr K. Kase, dr M. Murruste <br><strong>K\u00f5huseina songade kirurgia<\/strong>: dr C. Nikkolo, dr S. Saarniit, dr L. Jaanim\u00e4e, dr K. Kase, dr M. Murruste<br><strong>Reflukshaiguse kirurgia<\/strong>: dr S. Saarniit <br><strong>Pankreasesiirdamine ja pankrease muu kirurgia<\/strong>: dr M. Murruste, dr K. Kase <br><strong>Sapiteede kirurgia<\/strong>: dr M. Murruste, dr K. Kase <br><strong>Proktoloogiline kirurgia<\/strong>: dr C. Nikkolo, dr L. Jaanim\u00e4e <br><strong>P\u00f5letikuliste soolehaiguste kirurgia<\/strong>: dr T. Vaasna, dr S. Saarniit <br><strong>Plastika- ja rekonstruktiivkirurgia<\/strong>: dr T. Arak, dr A. Tuulik <br><strong>Esteetiline kirurgia<\/strong>: dr T. Arak, dr A. Tuulik<\/p><\/div><\/div><\/div>\n\n<div class=\"wp-block-uagb-faq uagb-faq__outer-wrap uagb-block-e6dfbda6 uagb-faq-icon-row uagb-faq-layout-accordion uagb-faq-expand-first-false uagb-faq-inactive-other-true uagb-faq__wrap uagb-buttons-layout-wrap uagb-faq-equal-height     \" data-faqtoggle=\"true\" role=\"tablist\"><div class=\"wp-block-uagb-faq-child uagb-faq-child__outer-wrap uagb-faq-item uagb-block-0e9afdd0 \" role=\"tab\" tabindex=\"0\"><div class=\"uagb-faq-questions-button uagb-faq-questions\">\t\t\t<span class=\"uagb-icon uagb-faq-icon-wrap\">\n\t\t\t\t\t\t\t\t<svg xmlns=\"https:\/\/www.w3.org\/2000\/svg\" viewBox= \"0 0 448 512\"><path d=\"M432 256c0 17.69-14.33 32.01-32 32.01H256v144c0 17.69-14.33 31.99-32 31.99s-32-14.3-32-31.99v-144H48c-17.67 0-32-14.32-32-32.01s14.33-31.99 32-31.99H192v-144c0-17.69 14.33-32.01 32-32.01s32 14.32 32 32.01v144h144C417.7 224 432 238.3 432 256z\"><\/path><\/svg>\n\t\t\t\t\t\t\t<\/span>\n\t\t\t\t\t\t<span class=\"uagb-icon-active uagb-faq-icon-wrap\">\n\t\t\t\t\t\t\t\t<svg xmlns=\"https:\/\/www.w3.org\/2000\/svg\" viewBox= \"0 0 448 512\"><path d=\"M400 288h-352c-17.69 0-32-14.32-32-32.01s14.31-31.99 32-31.99h352c17.69 0 32 14.3 32 31.99S417.7 288 400 288z\"><\/path><\/svg>\n\t\t\t\t\t\t\t<\/span>\n\t\t\t<span class=\"uagb-question\">Teadust\u00f6\u00f6 suunad<\/span><\/div><div class=\"uagb-faq-content\"><p>Peensoole sulguse optimaalne diagnostika ja ravi<br>Kilpn\u00e4\u00e4rme operatsioonide j\u00e4rgse h\u00fcpokaltseemia esinemine ja k\u00e4sitlus<\/p><\/div><\/div><div class=\"wp-block-uagb-faq-child uagb-faq-child__outer-wrap uagb-faq-item uagb-block-97a6cc62 \" role=\"tab\" tabindex=\"0\"><div class=\"uagb-faq-questions-button uagb-faq-questions\">\t\t\t<span class=\"uagb-icon uagb-faq-icon-wrap\">\n\t\t\t\t\t\t\t\t<svg xmlns=\"https:\/\/www.w3.org\/2000\/svg\" viewBox= \"0 0 448 512\"><path d=\"M432 256c0 17.69-14.33 32.01-32 32.01H256v144c0 17.69-14.33 31.99-32 31.99s-32-14.3-32-31.99v-144H48c-17.67 0-32-14.32-32-32.01s14.33-31.99 32-31.99H192v-144c0-17.69 14.33-32.01 32-32.01s32 14.32 32 32.01v144h144C417.7 224 432 238.3 432 256z\"><\/path><\/svg>\n\t\t\t\t\t\t\t<\/span>\n\t\t\t\t\t\t<span class=\"uagb-icon-active uagb-faq-icon-wrap\">\n\t\t\t\t\t\t\t\t<svg xmlns=\"https:\/\/www.w3.org\/2000\/svg\" viewBox= \"0 0 448 512\"><path d=\"M400 288h-352c-17.69 0-32-14.32-32-32.01s14.31-31.99 32-31.99h352c17.69 0 32 14.3 32 31.99S417.7 288 400 288z\"><\/path><\/svg>\n\t\t\t\t\t\t\t<\/span>\n\t\t\t<span class=\"uagb-question\">Kaitstud dissertatsioonid <\/span><\/div><div class=\"uagb-faq-content\"><p>1986 Urmas Lepner, med kand (PhD), Kordusoperatsioonid aordi-niudearteritel ja reie-p\u00f5lve\u00f5ndlaarteritel.  <br>2014 Ceith Nikkolo,  PhD \u201eImpact of different mesh parameters on chronic pain and foreign body feeling after open inguinal hernia repair\u201c (\u201eAlloplastika v\u00f5rkude m\u00f5ju kroonilise valu ja v\u00f5\u00f5rkehatunde tekkimisele kubemesonga ravis\u201c).<br>2022 Marko Murruste, PhD \u201eShort- and long-term outcomes of surgical management of chronic pancreatitis\u201c (\u201eProspektiivne uuring kroonilise pankreatiidi kirurgilise ravi l\u00e4hi- ja kaugtulemustest\u201c).<\/p><\/div><\/div><\/div>\n\n\n<div style=\"height:100px\" aria-hidden=\"true\" class=\"wp-block-spacer\"><\/div>\n\n\n<div class=\"wp-block-uagb-faq uagb-faq__outer-wrap uagb-block-84e35f07 uagb-faq-icon-row uagb-faq-layout-accordion uagb-faq-expand-first-false uagb-faq-inactive-other-true uagb-faq__wrap uagb-buttons-layout-wrap uagb-faq-equal-height     \" data-faqtoggle=\"true\" role=\"tablist\"><div class=\"wp-block-uagb-faq-child uagb-faq-child__outer-wrap uagb-faq-item uagb-block-0c11486f \" role=\"tab\" tabindex=\"0\"><div class=\"uagb-faq-questions-button uagb-faq-questions\">\t\t\t<span class=\"uagb-icon uagb-faq-icon-wrap\">\n\t\t\t\t\t\t\t\t<svg xmlns=\"https:\/\/www.w3.org\/2000\/svg\" viewBox= \"0 0 448 512\"><path d=\"M432 256c0 17.69-14.33 32.01-32 32.01H256v144c0 17.69-14.33 31.99-32 31.99s-32-14.3-32-31.99v-144H48c-17.67 0-32-14.32-32-32.01s14.33-31.99 32-31.99H192v-144c0-17.69 14.33-32.01 32-32.01s32 14.32 32 32.01v144h144C417.7 224 432 238.3 432 256z\"><\/path><\/svg>\n\t\t\t\t\t\t\t<\/span>\n\t\t\t\t\t\t<span class=\"uagb-icon-active uagb-faq-icon-wrap\">\n\t\t\t\t\t\t\t\t<svg xmlns=\"https:\/\/www.w3.org\/2000\/svg\" viewBox= \"0 0 448 512\"><path d=\"M400 288h-352c-17.69 0-32-14.32-32-32.01s14.31-31.99 32-31.99h352c17.69 0 32 14.3 32 31.99S417.7 288 400 288z\"><\/path><\/svg>\n\t\t\t\t\t\t\t<\/span>\n\t\t\t<span class=\"uagb-question\">Osakonna ajalugu<\/span><\/div><div class=\"uagb-faq-content\"><p>T\u00e4nase \u00fcldkirurgia ja plastilise kirurgia osakonna eelk\u00e4ija oli Tartu Vabariikliku Kliinilise Haigla kirurgia osakond, mis moodustus Maarjam\u00f5isa Haigla ja Toome Haavakliiniku kirurgia osakondadest 1976. aastal. Antud osakond hakkas tegutsema \u00fcldkirurgia osakonna praeguses asukohas Puusepa tn. 8, A korpuses kandes nime I kirurgia osakond. Sel ajal oli osakonnas avatud 50 voodikohta ja aastas raviti haiglas veidi \u00fcle 1000 patsiendi. 1980ndate teises pooles oli voodikohtade arv juba 80 ja aastas viibis haiglaravil \u00fcle 2100 haige. <br>T\u00e4nap\u00e4evase nimetus \u00fcldkirurgia ja plastilise kirurgia osakond sai osakond 2000. aastal kliinikumi moodustamisega, mil alustati tegevust plastikakirurgia alal dr I. Amj\u00e4rve eestvedamisel. <br>T\u00e4naseks on seoses ravimeetodite paranemisega (nt. laparoskoopilised operatsioonid, kus k\u00f5hu\u00f5\u00f5ne operatsioon teostatakse l\u00e4bi v\u00e4ikeste haavade) ja p\u00e4evakirurgia (st. peale operatsiooni saab patsient samal p\u00e4eval j\u00e4tkata koduse raviga) arenguga vajalik oluliselt v\u00e4iksem voodikohtade arv (hetkel 24 voodikohta; aastas ravitakse \u00a0\u00a0\u03341500 patsienti, kellest\u00a0\u00a0 \u03341000 opereeritakse; lisaks \u00a0\u00a0\u0334300 p\u00e4evaravi operatsiooni).<br>Osakonnajuhtidena on varasemalt tegutsenud Heino Kokk (1976-1997), Urmas Lepner (1997-2012) ja Tiit Vaasna (2012-2023). Vanem\u00f5e rollis on olnud Tiiu Unt (Tammela; 1976-1990) ja Maie Liinev (1990-2020).<br><\/p><\/div><\/div><\/div>","protected":false},"excerpt":{"rendered":"<p>Kontaktandmed L. Puusepa 8, A-korpus, 4. korrus Telefoninumbrid \u00dcldkirurgia osakonnas ravitakse peamiselt seedetrakti ja kilpn\u00e4\u00e4rme kirurgiliste haigustega patsiente. Seedetrakti haigustest k\u00e4sitletakse selles osakonnas eelk\u00f5ige healoomulisi sapiteede, k\u00f5hun\u00e4\u00e4rme (sh. k\u00f5hun\u00e4\u00e4rme siirdamine), peen- ja j\u00e4mesoole ning p\u00e4rasoole haiguseid. Lisaks tegeletakse k\u00f5huseina songade plastikaga ja healoomuliste nahamoodustiste eemaldamisega. T\u00fc\u00fcpilised erakorralist kirurgilist ravi vajavad haigused, mida selles osakonnas ravitakse, [&hellip;]<\/p>\n","protected":false},"author":32,"featured_media":0,"parent":17,"menu_order":2,"comment_status":"closed","ping_status":"closed","template":"","meta":{"_acf_changed":false,"_uag_custom_page_level_css":"","footnotes":""},"class_list":["post-6209","page","type-page","status-publish","hentry"],"acf":[],"yoast_head":"<!-- This site is optimized with the Yoast SEO plugin v27.3 - https:\/\/yoast.com\/product\/yoast-seo-wordpress\/ -->\n<title>\u00dcldkirurgia ja plastilise kirurgia osakond - Kirurgiakliinik<\/title>\n<meta name=\"robots\" content=\"index, follow, max-snippet:-1, max-image-preview:large, max-video-preview:-1\" \/>\n<link rel=\"canonical\" href=\"https:\/\/www.kliinikum.ee\/kirurgiakliinik\/kliinikust\/uldkirurgia-ja-plastilise-kirurgia-osakond\/\" \/>\n<meta property=\"og:locale\" content=\"et_EE\" \/>\n<meta property=\"og:type\" content=\"article\" \/>\n<meta property=\"og:title\" content=\"\u00dcldkirurgia ja plastilise kirurgia osakond - Kirurgiakliinik\" \/>\n<meta property=\"og:description\" content=\"Kontaktandmed L. Puusepa 8, A-korpus, 4. korrus Telefoninumbrid \u00dcldkirurgia osakonnas ravitakse peamiselt seedetrakti ja kilpn\u00e4\u00e4rme kirurgiliste haigustega patsiente. Seedetrakti haigustest k\u00e4sitletakse selles osakonnas eelk\u00f5ige healoomulisi sapiteede, k\u00f5hun\u00e4\u00e4rme (sh. k\u00f5hun\u00e4\u00e4rme siirdamine), peen- ja j\u00e4mesoole ning p\u00e4rasoole haiguseid. Lisaks tegeletakse k\u00f5huseina songade plastikaga ja healoomuliste nahamoodustiste eemaldamisega. T\u00fc\u00fcpilised erakorralist kirurgilist ravi vajavad haigused, mida selles osakonnas ravitakse, [&hellip;]\" \/>\n<meta property=\"og:url\" content=\"https:\/\/www.kliinikum.ee\/kirurgiakliinik\/kliinikust\/uldkirurgia-ja-plastilise-kirurgia-osakond\/\" \/>\n<meta property=\"og:site_name\" content=\"Kirurgiakliinik\" \/>\n<meta property=\"article:modified_time\" content=\"2024-12-02T13:17:30+00:00\" \/>\n<meta name=\"twitter:card\" content=\"summary_large_image\" \/>\n<meta name=\"twitter:label1\" content=\"Est. reading time\" \/>\n\t<meta name=\"twitter:data1\" content=\"1 minut\" \/>\n<script type=\"application\/ld+json\" class=\"yoast-schema-graph\">{\"@context\":\"https:\\\/\\\/schema.org\",\"@graph\":[{\"@type\":\"WebPage\",\"@id\":\"https:\\\/\\\/www.kliinikum.ee\\\/kirurgiakliinik\\\/kliinikust\\\/uldkirurgia-ja-plastilise-kirurgia-osakond\\\/\",\"url\":\"https:\\\/\\\/www.kliinikum.ee\\\/kirurgiakliinik\\\/kliinikust\\\/uldkirurgia-ja-plastilise-kirurgia-osakond\\\/\",\"name\":\"\u00dcldkirurgia ja plastilise kirurgia osakond - Kirurgiakliinik\",\"isPartOf\":{\"@id\":\"https:\\\/\\\/www.kliinikum.ee\\\/kirurgiakliinik\\\/#website\"},\"datePublished\":\"2023-04-19T12:21:01+00:00\",\"dateModified\":\"2024-12-02T13:17:30+00:00\",\"breadcrumb\":{\"@id\":\"https:\\\/\\\/www.kliinikum.ee\\\/kirurgiakliinik\\\/kliinikust\\\/uldkirurgia-ja-plastilise-kirurgia-osakond\\\/#breadcrumb\"},\"inLanguage\":\"et\",\"potentialAction\":[{\"@type\":\"ReadAction\",\"target\":[\"https:\\\/\\\/www.kliinikum.ee\\\/kirurgiakliinik\\\/kliinikust\\\/uldkirurgia-ja-plastilise-kirurgia-osakond\\\/\"]}]},{\"@type\":\"BreadcrumbList\",\"@id\":\"https:\\\/\\\/www.kliinikum.ee\\\/kirurgiakliinik\\\/kliinikust\\\/uldkirurgia-ja-plastilise-kirurgia-osakond\\\/#breadcrumb\",\"itemListElement\":[{\"@type\":\"ListItem\",\"position\":1,\"name\":\"Home\",\"item\":\"https:\\\/\\\/www.kliinikum.ee\\\/kirurgiakliinik\\\/\"},{\"@type\":\"ListItem\",\"position\":2,\"name\":\"Kliinikust\",\"item\":\"https:\\\/\\\/www.kliinikum.ee\\\/kirurgiakliinik\\\/kliinikust\\\/\"},{\"@type\":\"ListItem\",\"position\":3,\"name\":\"\u00dcldkirurgia ja plastilise kirurgia osakond\"}]},{\"@type\":\"WebSite\",\"@id\":\"https:\\\/\\\/www.kliinikum.ee\\\/kirurgiakliinik\\\/#website\",\"url\":\"https:\\\/\\\/www.kliinikum.ee\\\/kirurgiakliinik\\\/\",\"name\":\"Kirurgiakliinik\",\"description\":\"Hoolivus, Uuendusmeelsus, P\u00e4devus ja Usaldusv\u00e4\u00e4rsus\",\"potentialAction\":[{\"@type\":\"SearchAction\",\"target\":{\"@type\":\"EntryPoint\",\"urlTemplate\":\"https:\\\/\\\/www.kliinikum.ee\\\/kirurgiakliinik\\\/?s={search_term_string}\"},\"query-input\":{\"@type\":\"PropertyValueSpecification\",\"valueRequired\":true,\"valueName\":\"search_term_string\"}}],\"inLanguage\":\"et\"}]}<\/script>\n<!-- \/ Yoast SEO plugin. -->","yoast_head_json":{"title":"\u00dcldkirurgia ja plastilise kirurgia osakond - Kirurgiakliinik","robots":{"index":"index","follow":"follow","max-snippet":"max-snippet:-1","max-image-preview":"max-image-preview:large","max-video-preview":"max-video-preview:-1"},"canonical":"https:\/\/www.kliinikum.ee\/kirurgiakliinik\/kliinikust\/uldkirurgia-ja-plastilise-kirurgia-osakond\/","og_locale":"et_EE","og_type":"article","og_title":"\u00dcldkirurgia ja plastilise kirurgia osakond - Kirurgiakliinik","og_description":"Kontaktandmed L. Puusepa 8, A-korpus, 4. korrus Telefoninumbrid \u00dcldkirurgia osakonnas ravitakse peamiselt seedetrakti ja kilpn\u00e4\u00e4rme kirurgiliste haigustega patsiente. Seedetrakti haigustest k\u00e4sitletakse selles osakonnas eelk\u00f5ige healoomulisi sapiteede, k\u00f5hun\u00e4\u00e4rme (sh. k\u00f5hun\u00e4\u00e4rme siirdamine), peen- ja j\u00e4mesoole ning p\u00e4rasoole haiguseid. Lisaks tegeletakse k\u00f5huseina songade plastikaga ja healoomuliste nahamoodustiste eemaldamisega. T\u00fc\u00fcpilised erakorralist kirurgilist ravi vajavad haigused, mida selles osakonnas ravitakse, [&hellip;]","og_url":"https:\/\/www.kliinikum.ee\/kirurgiakliinik\/kliinikust\/uldkirurgia-ja-plastilise-kirurgia-osakond\/","og_site_name":"Kirurgiakliinik","article_modified_time":"2024-12-02T13:17:30+00:00","twitter_card":"summary_large_image","twitter_misc":{"Est. reading time":"1 minut"},"schema":{"@context":"https:\/\/schema.org","@graph":[{"@type":"WebPage","@id":"https:\/\/www.kliinikum.ee\/kirurgiakliinik\/kliinikust\/uldkirurgia-ja-plastilise-kirurgia-osakond\/","url":"https:\/\/www.kliinikum.ee\/kirurgiakliinik\/kliinikust\/uldkirurgia-ja-plastilise-kirurgia-osakond\/","name":"\u00dcldkirurgia ja plastilise kirurgia osakond - Kirurgiakliinik","isPartOf":{"@id":"https:\/\/www.kliinikum.ee\/kirurgiakliinik\/#website"},"datePublished":"2023-04-19T12:21:01+00:00","dateModified":"2024-12-02T13:17:30+00:00","breadcrumb":{"@id":"https:\/\/www.kliinikum.ee\/kirurgiakliinik\/kliinikust\/uldkirurgia-ja-plastilise-kirurgia-osakond\/#breadcrumb"},"inLanguage":"et","potentialAction":[{"@type":"ReadAction","target":["https:\/\/www.kliinikum.ee\/kirurgiakliinik\/kliinikust\/uldkirurgia-ja-plastilise-kirurgia-osakond\/"]}]},{"@type":"BreadcrumbList","@id":"https:\/\/www.kliinikum.ee\/kirurgiakliinik\/kliinikust\/uldkirurgia-ja-plastilise-kirurgia-osakond\/#breadcrumb","itemListElement":[{"@type":"ListItem","position":1,"name":"Home","item":"https:\/\/www.kliinikum.ee\/kirurgiakliinik\/"},{"@type":"ListItem","position":2,"name":"Kliinikust","item":"https:\/\/www.kliinikum.ee\/kirurgiakliinik\/kliinikust\/"},{"@type":"ListItem","position":3,"name":"\u00dcldkirurgia ja plastilise kirurgia osakond"}]},{"@type":"WebSite","@id":"https:\/\/www.kliinikum.ee\/kirurgiakliinik\/#website","url":"https:\/\/www.kliinikum.ee\/kirurgiakliinik\/","name":"Kirurgiakliinik","description":"Hoolivus, Uuendusmeelsus, P\u00e4devus ja Usaldusv\u00e4\u00e4rsus","potentialAction":[{"@type":"SearchAction","target":{"@type":"EntryPoint","urlTemplate":"https:\/\/www.kliinikum.ee\/kirurgiakliinik\/?s={search_term_string}"},"query-input":{"@type":"PropertyValueSpecification","valueRequired":true,"valueName":"search_term_string"}}],"inLanguage":"et"}]}},"uagb_featured_image_src":{"full":false,"thumbnail":false,"medium":false,"medium_large":false,"large":false,"1536x1536":false,"2048x2048":false},"uagb_author_info":{"display_name":"Jane Freimann","author_link":"https:\/\/www.kliinikum.ee\/kirurgiakliinik\/author\/janef\/"},"uagb_comment_info":0,"uagb_excerpt":"Kontaktandmed L. Puusepa 8, A-korpus, 4. korrus Telefoninumbrid \u00dcldkirurgia osakonnas ravitakse peamiselt seedetrakti ja kilpn\u00e4\u00e4rme kirurgiliste haigustega patsiente. Seedetrakti haigustest k\u00e4sitletakse selles osakonnas eelk\u00f5ige healoomulisi sapiteede, k\u00f5hun\u00e4\u00e4rme (sh. k\u00f5hun\u00e4\u00e4rme siirdamine), peen- ja j\u00e4mesoole ning p\u00e4rasoole haiguseid. Lisaks tegeletakse k\u00f5huseina songade plastikaga ja healoomuliste nahamoodustiste eemaldamisega. T\u00fc\u00fcpilised erakorralist kirurgilist ravi vajavad haigused, mida selles osakonnas ravitakse,&hellip;","_links":{"self":[{"href":"https:\/\/www.kliinikum.ee\/kirurgiakliinik\/wp-json\/wp\/v2\/pages\/6209","targetHints":{"allow":["GET"]}}],"collection":[{"href":"https:\/\/www.kliinikum.ee\/kirurgiakliinik\/wp-json\/wp\/v2\/pages"}],"about":[{"href":"https:\/\/www.kliinikum.ee\/kirurgiakliinik\/wp-json\/wp\/v2\/types\/page"}],"author":[{"embeddable":true,"href":"https:\/\/www.kliinikum.ee\/kirurgiakliinik\/wp-json\/wp\/v2\/users\/32"}],"replies":[{"embeddable":true,"href":"https:\/\/www.kliinikum.ee\/kirurgiakliinik\/wp-json\/wp\/v2\/comments?post=6209"}],"version-history":[{"count":0,"href":"https:\/\/www.kliinikum.ee\/kirurgiakliinik\/wp-json\/wp\/v2\/pages\/6209\/revisions"}],"up":[{"embeddable":true,"href":"https:\/\/www.kliinikum.ee\/kirurgiakliinik\/wp-json\/wp\/v2\/pages\/17"}],"wp:attachment":[{"href":"https:\/\/www.kliinikum.ee\/kirurgiakliinik\/wp-json\/wp\/v2\/media?parent=6209"}],"curies":[{"name":"wp","href":"https:\/\/api.w.org\/{rel}","templated":true}]}}