{"id":6211,"date":"2023-04-19T14:28:53","date_gmt":"2023-04-19T12:28:53","guid":{"rendered":"https:\/\/www.kliinikum.ee\/kirurgiakliinik\/?page_id=6211"},"modified":"2024-01-15T14:57:12","modified_gmt":"2024-01-15T12:57:12","slug":"kirurgilise-ja-gunekoloogilise-onkoloogia-osakond","status":"publish","type":"page","link":"https:\/\/www.kliinikum.ee\/kirurgiakliinik\/kliinikust\/kirurgilise-ja-gunekoloogilise-onkoloogia-osakond\/","title":{"rendered":"Kirurgilise ja g\u00fcnekoloogilise onkoloogia osakond"},"content":{"rendered":"\n<p><strong>Kontaktandmed<\/strong><\/p>\n\n\n\n<p>L. Puusepa 8, K-korpus, 6. korrus<\/p>\n\n\n\n<p>Telefoninumbrid<\/p>\n\n\n\n<ul class=\"wp-block-list\">\n<li>Sekret\u00e4r&nbsp;Anneli Kauss: <strong>731 9828&nbsp;<\/strong>(E-R 08.00-16.00), e-post: anneli.kauss@kliinikum.ee<\/li>\n\n\n\n<li>Valve\u00f5de:&nbsp;<strong>731 9839<\/strong><\/li>\n<\/ul>\n\n\n\n<p>Kirurgilise ja g\u00fcnekoloogilise onkoloogia osakond on kompleksne struktuur, kus rakendatakse Eesti V\u00e4hit\u00f5rje tegevuskava 2021\u20132030 eesm\u00e4rke. Osakonda on tsentraliseeritud k\u00f5ikide meie valdkonna paikmetega kasvajad L\u00f5una-Eestist ja osaliselt Ida-Virumaalt.<\/p>\n\n\n\n<p>Osakonnas t\u00f6\u00f6tavad ainult v\u00e4hiravi lisap\u00e4devusega kirurgid ning g\u00fcnekoloogid. Osakond koosneb kahe eriala arstidest, sest v\u00e4hioperatsioonid \u00fcletavad sageli organite ja organs\u00fcsteemide piire ning n\u00f5uavad pidevat \u00fchist\u00f6\u00f6d alates diagnostikast, raviotsuste tegemisest konsiiliumis ja opereerimisest kuni t\u00fcsistuste lahendamiseni. Lisaks p\u00e4riliku v\u00e4hi operatsioonidel sageli vaja m\u00f5lema eriala arstide samaaegset tegevust.<\/p>\n\n\n\n<p>Kirurgilise ja g\u00fcnekoloogilise onkoloogia osakonnas uuritakse, luuakse konsiiliumi korras raviplaane ja ravitakse j\u00e4rgmisi haigusi:<\/p>\n\n\n\n<p>Seedetrakti organite kasvajad<br>G\u00fcnekoloogilised kasvajad<br>Nahakasvajad<br>Pehme- ja sidekoekasvajad<br>Rinnakasvajad<br>Endokriinn\u00e4\u00e4rmete kasvajad (v.a. kilpn\u00e4\u00e4re)<br>P\u00e4rilikest\/geeniriskist tingitud kasvajate kirurgia ja prof\u00fclaktiline kirurgia<br>Peritoneaalsele levinud kasvajate kirurgia vajadusel HIPEC protseduuriga<br>L\u00fcmfis\u00fcsteemi kasvajate diagnostilised ja ravieesm\u00e4rgilised operatsioonid Diagnostiline ja interventsionaalne endoskoopia<\/p>\n\n\n\n<div style=\"height:100px\" aria-hidden=\"true\" class=\"wp-block-spacer\"><\/div>\n\n\n<div class=\"wp-block-uagb-faq uagb-faq__outer-wrap uagb-block-784ef4f8 uagb-faq-icon-row uagb-faq-layout-accordion uagb-faq-expand-first-false uagb-faq-inactive-other-true uagb-faq__wrap uagb-buttons-layout-wrap uagb-faq-equal-height     \" data-faqtoggle=\"true\" role=\"tablist\"><div class=\"wp-block-uagb-faq-child uagb-faq-child__outer-wrap uagb-faq-item uagb-block-0f128580 \" role=\"tab\" tabindex=\"0\"><div class=\"uagb-faq-questions-button uagb-faq-questions\">\t\t\t<span class=\"uagb-icon uagb-faq-icon-wrap\">\n\t\t\t\t\t\t\t\t<svg xmlns=\"https:\/\/www.w3.org\/2000\/svg\" viewBox= \"0 0 448 512\"><path d=\"M432 256c0 17.69-14.33 32.01-32 32.01H256v144c0 17.69-14.33 31.99-32 31.99s-32-14.3-32-31.99v-144H48c-17.67 0-32-14.32-32-32.01s14.33-31.99 32-31.99H192v-144c0-17.69 14.33-32.01 32-32.01s32 14.32 32 32.01v144h144C417.7 224 432 238.3 432 256z\"><\/path><\/svg>\n\t\t\t\t\t\t\t<\/span>\n\t\t\t\t\t\t<span class=\"uagb-icon-active uagb-faq-icon-wrap\">\n\t\t\t\t\t\t\t\t<svg xmlns=\"https:\/\/www.w3.org\/2000\/svg\" viewBox= \"0 0 448 512\"><path d=\"M400 288h-352c-17.69 0-32-14.32-32-32.01s14.31-31.99 32-31.99h352c17.69 0 32 14.3 32 31.99S417.7 288 400 288z\"><\/path><\/svg>\n\t\t\t\t\t\t\t<\/span>\n\t\t\t<span class=\"uagb-question\">Ravimeeskonnad<\/span><\/div><div class=\"uagb-faq-content\"><p><strong>Rinnan\u00e4\u00e4rme kasvajate kirurgia<\/strong>: dr E. Eelma, dr J. Lehtsaar, dr A-T. Tiham\u00e4e <br><strong>Pahaloomuliste nahakasvajate kirurgia<\/strong>: dr E. Eelma, dr A-T. Tiham\u00e4e, dr A. J\u00e4\u00e4ger <br><strong>Pehmekoe sarkoomide kirurgia<\/strong>: dr T. P\u00f5dram\u00e4gi <br><strong>S\u00f6\u00f6gitoru- ja maokasvajate kirurgia<\/strong>: dr M. Kivisild, dr T. P\u00f5dram\u00e4gi, dr J. Soplepmann <br><strong>Maksa-, sapiteede- ja k\u00f5hun\u00e4\u00e4rme kasvajate kirurgia<\/strong>: dr M. Kivisild, dr T. P\u00f5dram\u00e4gi <br><strong>J\u00e4me- ja p\u00e4rasoole kasvajate kirurgia<\/strong>: dr J. Soplepmann, dr H. Reima, dr A. J\u00e4\u00e4ger <br><strong>G\u00fcnekoloogiliste kasvajate kirurgia<\/strong>: dr I. Vaasna, dr A. Uppin, dr I. Mikeltadze <br><strong>Ts\u00fctoreduktiivne kirurgia<\/strong>: dr T. P\u00f5dram\u00e4gi, dr H. Reima, dr I. Mikeltadze<\/p><\/div><\/div><\/div>\n\n<div class=\"wp-block-uagb-faq uagb-faq__outer-wrap uagb-block-119cf80d uagb-faq-icon-row uagb-faq-layout-accordion uagb-faq-expand-first-false uagb-faq-inactive-other-true uagb-faq__wrap uagb-buttons-layout-wrap uagb-faq-equal-height     \" data-faqtoggle=\"true\" role=\"tablist\"><div class=\"wp-block-uagb-faq-child uagb-faq-child__outer-wrap uagb-faq-item uagb-block-3b95bbb6 \" role=\"tab\" tabindex=\"0\"><div class=\"uagb-faq-questions-button uagb-faq-questions\">\t\t\t<span class=\"uagb-icon uagb-faq-icon-wrap\">\n\t\t\t\t\t\t\t\t<svg xmlns=\"https:\/\/www.w3.org\/2000\/svg\" viewBox= \"0 0 448 512\"><path d=\"M432 256c0 17.69-14.33 32.01-32 32.01H256v144c0 17.69-14.33 31.99-32 31.99s-32-14.3-32-31.99v-144H48c-17.67 0-32-14.32-32-32.01s14.33-31.99 32-31.99H192v-144c0-17.69 14.33-32.01 32-32.01s32 14.32 32 32.01v144h144C417.7 224 432 238.3 432 256z\"><\/path><\/svg>\n\t\t\t\t\t\t\t<\/span>\n\t\t\t\t\t\t<span class=\"uagb-icon-active uagb-faq-icon-wrap\">\n\t\t\t\t\t\t\t\t<svg xmlns=\"https:\/\/www.w3.org\/2000\/svg\" viewBox= \"0 0 448 512\"><path d=\"M400 288h-352c-17.69 0-32-14.32-32-32.01s14.31-31.99 32-31.99h352c17.69 0 32 14.3 32 31.99S417.7 288 400 288z\"><\/path><\/svg>\n\t\t\t\t\t\t\t<\/span>\n\t\t\t<span class=\"uagb-question\">Teadust\u00f6\u00f6 suunad<\/span><\/div><div class=\"uagb-faq-content\"><p>Kolorektaalv\u00e4hk<br>Uuring \u201eMikrobioomi roll j\u00e4mesoolev\u00e4hi tekkes\u201c. Osav\u00f5tjad dr-d J Soplepmann, H Reima, T P\u00f5dram\u00e4gi, A J\u00e4\u00e4ger. Uurimisgrupi juht T\u00dc genoomika instituudi kaasprofessor Elin Org.<br>Antud teemaga on seotud dr Andri J\u00e4\u00e4geri doktorantuuri uurimist\u00f6\u00f6d. Vastutav juhendaja dr Jaan Soplepmann, kaasjuhendaja dr Heigo Reima.<br>\u00a0<br>Dr Indrek Seire doktorantuuri uurimist\u00f6\u00f6 \u201eKolorektaalv\u00e4hi kirurgilise ravi hindamine Eests rahvastikup\u00f5hise kolorektaalv\u00e4hi registri abi\u201c. Kaasjuhendajad dr Jaan Soplepmann, dr Heigo Reima.<br>\u00a0<br>G\u00fcnekoloogiline v\u00e4hk<br>Dr Iveta Mikeltadze doktorantuuri uurimist\u00f6\u00f6 \u201cVaagnap\u00f5hjaelundite allavaje objektiivne ja subjektiivne hindamine (Subjective and Objective Evaluation of Pelvic Organ Prolapse)\u201d. Kaasjuhendaja dr Jaan Soplepmann.<br>Kolmandik uurimist\u00f6\u00f6st tegeleb vaagnap\u00f5hja organite allavajega peale g\u00fcnekoloogiliste v\u00e4hkide ravi.<br>\u00a0<br>P\u00e4rilikud v\u00e4his\u00fcndroomid<br>Dr Laura Roht (Geneetika ja personaalmeditsiini kliinik) doktorantuuri uurimist\u00f6\u00f6 \u201eP\u00e4rilikud kolorektaalv\u00e4hi s\u00fcndroomid Eestis\u201d Kaasjuhendaja dr Jaan Soplepmann.<\/p><\/div><\/div><div class=\"wp-block-uagb-faq-child uagb-faq-child__outer-wrap uagb-faq-item uagb-block-c981b404 \" role=\"tab\" tabindex=\"0\"><div class=\"uagb-faq-questions-button uagb-faq-questions\">\t\t\t<span class=\"uagb-icon uagb-faq-icon-wrap\">\n\t\t\t\t\t\t\t\t<svg xmlns=\"https:\/\/www.w3.org\/2000\/svg\" viewBox= \"0 0 448 512\"><path d=\"M432 256c0 17.69-14.33 32.01-32 32.01H256v144c0 17.69-14.33 31.99-32 31.99s-32-14.3-32-31.99v-144H48c-17.67 0-32-14.32-32-32.01s14.33-31.99 32-31.99H192v-144c0-17.69 14.33-32.01 32-32.01s32 14.32 32 32.01v144h144C417.7 224 432 238.3 432 256z\"><\/path><\/svg>\n\t\t\t\t\t\t\t<\/span>\n\t\t\t\t\t\t<span class=\"uagb-icon-active uagb-faq-icon-wrap\">\n\t\t\t\t\t\t\t\t<svg xmlns=\"https:\/\/www.w3.org\/2000\/svg\" viewBox= \"0 0 448 512\"><path d=\"M400 288h-352c-17.69 0-32-14.32-32-32.01s14.31-31.99 32-31.99h352c17.69 0 32 14.3 32 31.99S417.7 288 400 288z\"><\/path><\/svg>\n\t\t\t\t\t\t\t<\/span>\n\t\t\t<span class=\"uagb-question\"> Kaitstud dissertatsioonid<\/span><\/div><div class=\"uagb-faq-content\"><p>2003 Jaan Soplepmann  \u201ePeptic Ulcer Haemorrhage in Estonia: Epidemiology, Prognostic Factors, Treatment and Outcome\u201c.<br>2022 Heigo Reima  \u201cColorectal cancer care and outcomes \u2013 evaluation and possibilities for improvement in Estonia\u201d.<\/p><\/div><\/div><\/div>\n\n<div class=\"wp-block-uagb-faq uagb-faq__outer-wrap uagb-block-d7e15b19 uagb-faq-icon-row uagb-faq-layout-accordion uagb-faq-expand-first-false uagb-faq-inactive-other-true uagb-faq__wrap uagb-buttons-layout-wrap uagb-faq-equal-height     \" data-faqtoggle=\"true\" role=\"tablist\"><div class=\"wp-block-uagb-faq-child uagb-faq-child__outer-wrap uagb-faq-item uagb-block-40d3ba4e \" role=\"tab\" tabindex=\"0\"><div class=\"uagb-faq-questions-button uagb-faq-questions\">\t\t\t<span class=\"uagb-icon uagb-faq-icon-wrap\">\n\t\t\t\t\t\t\t\t<svg xmlns=\"https:\/\/www.w3.org\/2000\/svg\" viewBox= \"0 0 448 512\"><path d=\"M432 256c0 17.69-14.33 32.01-32 32.01H256v144c0 17.69-14.33 31.99-32 31.99s-32-14.3-32-31.99v-144H48c-17.67 0-32-14.32-32-32.01s14.33-31.99 32-31.99H192v-144c0-17.69 14.33-32.01 32-32.01s32 14.32 32 32.01v144h144C417.7 224 432 238.3 432 256z\"><\/path><\/svg>\n\t\t\t\t\t\t\t<\/span>\n\t\t\t\t\t\t<span class=\"uagb-icon-active uagb-faq-icon-wrap\">\n\t\t\t\t\t\t\t\t<svg xmlns=\"https:\/\/www.w3.org\/2000\/svg\" viewBox= \"0 0 448 512\"><path d=\"M400 288h-352c-17.69 0-32-14.32-32-32.01s14.31-31.99 32-31.99h352c17.69 0 32 14.3 32 31.99S417.7 288 400 288z\"><\/path><\/svg>\n\t\t\t\t\t\t\t<\/span>\n\t\t\t<span class=\"uagb-question\">Olulisemad osakonna t\u00f6\u00f6tajate publikatsioonid<\/span><\/div><div class=\"uagb-faq-content\"><p>1. Kakkar, AK.; Agnelli, G.; Fisher, W.; George, D.; Lassen, MR.; Mismetti, P.; Mouret, P.; Murphy, J.; Lawson, F.; Turpie, AG.; SAVE-ABDO Investigators (Soplepmann, J.; etc). Preoperative enoxaparin versus postoperative semuloparin thromboprophylaxis in major abdominal surgery: a randomized controlled trial. Ann Surg 2014;259: 1073-9.<br>2. Reima H, Saar H, Innos K, Soplepmann J. Methylene blue intra-arterial staining of resected colorectal cancer specimens improves accuracy of nodal staging: A\u00a0randomized controlled trial. Eur J Surg Oncol. 2016;42:1642-6.<br>3. Soplepmann J, Laidre P. Teenage colorectal polyposis and cancer may be caused by constitutional mismatch repair deficiency (CMMRD). Acta Oncol 2016;55:1503-5.<br>4. Innos K, Reima H, Baburin A, Paapsi K, Aareleid T, Soplepmann J. Subsite- and stage-specific colorectal cancer trends in Estonia prior to implementation of screening. Cancer Epidemiology 2018;53:112-9.<br>5. Heigo Reima, Jaan Soplepmann, Anneli Elme, Mari L\u00f5hmus, Rena Tiigi, Denis Uksov, Kaire Innos. Changes in the quality of care of colorectal cancer in Estonia: a population-based high-resolution study. BMJ Open 2020;10:e035556. doi:10.1136\/ bmjopen-2019-035556.<br>6. Heigo Reima, Jaan Soplepmann, Kaire Innos.\u00a0Stage-specific survival differences between colon cancer subsites: a population-based study.<br>Acta Oncologica 2021: DOI:\u00a0<a href=\"https:\/\/doi.org\/10.1080\/0284186X.2021.1987515\">10.1080\/0284186X.2021.1987515<\/a>\u00a0<br>7. Peters M, Mikeltadze I, Karro H, Saare M, Estonian Biobank Research Team, Salumets A, M\u00e4gi R, Laisk T. Endometriosis and irritable bowel syndrome: similarities and differences in the spectrum of comorbidities.<br>Human Reproduction. 2022 Aug 25;37(9):2186-2196. doi: 10.1093\/humrep\/deac140.<br>8. Saare M, Lawarde A, Modhukur V, Mikeltadze I, Karro H, Minajeva A, Salumets A, Peters M. The expression pattern of endometrial receptivity genes is desynchronized between endometrium and matched endometriomas. Reproductive BioMedicine Online. 2022 Oct;45(4):713-720.<br>doi: 10.1016\/j.rbmo.2022.05.028<br>9. Oselin K, Kaplinski, L., J\u00e4\u00e4ger A, Valter A, Puurand T, Almre I, Remm M, Vanakesa T. Comparative Genomic Analysis to Distinguish Triple Metachronous Lung Carcinoma from Metastatic Recurrence: Brief Report on First Case Treated with Three Consecutive VATS Lobectomies. Annals of Medical and Clinical Oncology 2023; 5:145. DOI:<a href=\"https:\/\/doi.org\/10.29011\/2833-3497.000145\">https:\/\/doi.org\/10.29011\/2833-3497.000145<\/a>\u00a0<br>10. Roht, L., Laidre, P., Tooming, M., T\u00f5nisson, N., N\u00f5ukas, M., Nurm, M., Roomere, H.,<br>Rekker, K., Toome, K., Fjodorova, O., Murumets, \u00dc., \u0160amarina, U., Pajusalu, S., Aasp\u00f5llu, A., Salum\u00e4e, L., Muhu, K., Soplepmann, J., \u00d5unap, K., &amp; Kahre, T. (2023). The Prevalence and Molecular Landscape of Lynch Syndrome in the Affected and General Population. <em>Cancers, 15<\/em>(14). <a href=\"https:\/\/doi.org\/10.3390\/cancers15143663\">https:\/\/doi.org\/10.3390\/cancers15143663<\/a><br>11. Mikeltadze, I; T\u00e4\u00e4r, K; Kadastik, \u00dc; Soplepmann, P; Rull, K. (2023) Validation of the short forms of the Pelvic Floor Distress Inventory and the Pelvic Floor Impact Questionnaire in Estonian. International Urogynecology Journal. DOI: 10.1007\/s00192-023-05532-2.<br><br>12. Padrik P, Soplepmann J, Hussar K, Teras J, Teras M, Putnik K, Ojamaa K, Adamson A, Saretok M. Kliinilise auditi \u201eNaha melanoomi diagnostika ja ravi 2012. Aastal esmashaigestunud patsientidel\u201c kokkuv\u00f5te. Eesti Arst 2014;93:445-7.<br>13. Laidre P, Soplepmann J, Uibo O, Raime K, Yakoreva M, Mirka G, Roomere H, \u00d5unap K. Perekondlik adenomatoosne pol\u00fcpoos: \u00fclevaade ja \u00fche perekonna haigusjuht. Eesti Arst 2015;94:38-43.<br>14. Laidre P, Soplepmann J. P\u00e4rilik v\u00e4hk: diagnoos kinnitatud 23 aastat hiljem. Eesti Arst 2016;95:610-3.<br>15. Soplepmann J. Vaikne tapja k\u00f5hun\u00e4\u00e4rme- ehk pankreasev\u00e4hk. Perearst 2022;8:20-2.<br>16. Jaan Kirss, Andri J\u00e4\u00e4ger, Kaur Liivak, J\u00fcri Kivim\u00e4e. Soolepidamatuse ravi sakraalse neuromodulatsiooniga. Eesti Arst 2022;101(2):101\u2013106.<br>\u00a0<br>17. Autorite kollektiivis Jaan Soplepmann, Taavi P\u00f5dram\u00e4gi, Jaak Lehtsaar. V\u00e4hit\u00f5rje tegevuskava 2021-2030. Tallinn: Sotsiaalministeerium, Tervise Arengu Instituut; 2021.<\/p><\/div><\/div><\/div>\n\n\n<div style=\"height:100px\" aria-hidden=\"true\" class=\"wp-block-spacer\"><\/div>\n","protected":false},"excerpt":{"rendered":"<p>Kontaktandmed L. Puusepa 8, K-korpus, 6. korrus Telefoninumbrid Kirurgilise ja g\u00fcnekoloogilise onkoloogia osakond on kompleksne struktuur, kus rakendatakse Eesti V\u00e4hit\u00f5rje tegevuskava 2021\u20132030 eesm\u00e4rke. Osakonda on tsentraliseeritud k\u00f5ikide meie valdkonna paikmetega kasvajad L\u00f5una-Eestist ja osaliselt Ida-Virumaalt. Osakonnas t\u00f6\u00f6tavad ainult v\u00e4hiravi lisap\u00e4devusega kirurgid ning g\u00fcnekoloogid. Osakond koosneb kahe eriala arstidest, sest v\u00e4hioperatsioonid \u00fcletavad sageli organite ja organs\u00fcsteemide [&hellip;]<\/p>\n","protected":false},"author":32,"featured_media":0,"parent":17,"menu_order":3,"comment_status":"closed","ping_status":"closed","template":"","meta":{"_acf_changed":false,"_uag_custom_page_level_css":"","footnotes":""},"class_list":["post-6211","page","type-page","status-publish","hentry"],"acf":[],"yoast_head":"<!-- This site is optimized with the Yoast SEO plugin v27.3 - https:\/\/yoast.com\/product\/yoast-seo-wordpress\/ -->\n<title>Kirurgilise ja g\u00fcnekoloogilise onkoloogia osakond - Kirurgiakliinik<\/title>\n<meta name=\"robots\" content=\"index, follow, max-snippet:-1, max-image-preview:large, max-video-preview:-1\" \/>\n<link rel=\"canonical\" href=\"https:\/\/www.kliinikum.ee\/kirurgiakliinik\/kliinikust\/kirurgilise-ja-gunekoloogilise-onkoloogia-osakond\/\" \/>\n<meta property=\"og:locale\" content=\"et_EE\" \/>\n<meta property=\"og:type\" content=\"article\" \/>\n<meta property=\"og:title\" content=\"Kirurgilise ja g\u00fcnekoloogilise onkoloogia osakond - Kirurgiakliinik\" \/>\n<meta property=\"og:description\" content=\"Kontaktandmed L. Puusepa 8, K-korpus, 6. korrus Telefoninumbrid Kirurgilise ja g\u00fcnekoloogilise onkoloogia osakond on kompleksne struktuur, kus rakendatakse Eesti V\u00e4hit\u00f5rje tegevuskava 2021\u20132030 eesm\u00e4rke. Osakonda on tsentraliseeritud k\u00f5ikide meie valdkonna paikmetega kasvajad L\u00f5una-Eestist ja osaliselt Ida-Virumaalt. Osakonnas t\u00f6\u00f6tavad ainult v\u00e4hiravi lisap\u00e4devusega kirurgid ning g\u00fcnekoloogid. Osakond koosneb kahe eriala arstidest, sest v\u00e4hioperatsioonid \u00fcletavad sageli organite ja organs\u00fcsteemide [&hellip;]\" \/>\n<meta property=\"og:url\" content=\"https:\/\/www.kliinikum.ee\/kirurgiakliinik\/kliinikust\/kirurgilise-ja-gunekoloogilise-onkoloogia-osakond\/\" \/>\n<meta property=\"og:site_name\" content=\"Kirurgiakliinik\" \/>\n<meta property=\"article:modified_time\" content=\"2024-01-15T12:57:12+00:00\" \/>\n<meta name=\"twitter:card\" content=\"summary_large_image\" \/>\n<meta name=\"twitter:label1\" content=\"Est. reading time\" \/>\n\t<meta name=\"twitter:data1\" content=\"6 minutit\" \/>\n<script type=\"application\/ld+json\" class=\"yoast-schema-graph\">{\"@context\":\"https:\\\/\\\/schema.org\",\"@graph\":[{\"@type\":\"WebPage\",\"@id\":\"https:\\\/\\\/www.kliinikum.ee\\\/kirurgiakliinik\\\/kliinikust\\\/kirurgilise-ja-gunekoloogilise-onkoloogia-osakond\\\/\",\"url\":\"https:\\\/\\\/www.kliinikum.ee\\\/kirurgiakliinik\\\/kliinikust\\\/kirurgilise-ja-gunekoloogilise-onkoloogia-osakond\\\/\",\"name\":\"Kirurgilise ja g\u00fcnekoloogilise onkoloogia osakond - Kirurgiakliinik\",\"isPartOf\":{\"@id\":\"https:\\\/\\\/www.kliinikum.ee\\\/kirurgiakliinik\\\/#website\"},\"datePublished\":\"2023-04-19T12:28:53+00:00\",\"dateModified\":\"2024-01-15T12:57:12+00:00\",\"breadcrumb\":{\"@id\":\"https:\\\/\\\/www.kliinikum.ee\\\/kirurgiakliinik\\\/kliinikust\\\/kirurgilise-ja-gunekoloogilise-onkoloogia-osakond\\\/#breadcrumb\"},\"inLanguage\":\"et\",\"potentialAction\":[{\"@type\":\"ReadAction\",\"target\":[\"https:\\\/\\\/www.kliinikum.ee\\\/kirurgiakliinik\\\/kliinikust\\\/kirurgilise-ja-gunekoloogilise-onkoloogia-osakond\\\/\"]}]},{\"@type\":\"BreadcrumbList\",\"@id\":\"https:\\\/\\\/www.kliinikum.ee\\\/kirurgiakliinik\\\/kliinikust\\\/kirurgilise-ja-gunekoloogilise-onkoloogia-osakond\\\/#breadcrumb\",\"itemListElement\":[{\"@type\":\"ListItem\",\"position\":1,\"name\":\"Home\",\"item\":\"https:\\\/\\\/www.kliinikum.ee\\\/kirurgiakliinik\\\/\"},{\"@type\":\"ListItem\",\"position\":2,\"name\":\"Kliinikust\",\"item\":\"https:\\\/\\\/www.kliinikum.ee\\\/kirurgiakliinik\\\/kliinikust\\\/\"},{\"@type\":\"ListItem\",\"position\":3,\"name\":\"Kirurgilise ja g\u00fcnekoloogilise onkoloogia osakond\"}]},{\"@type\":\"WebSite\",\"@id\":\"https:\\\/\\\/www.kliinikum.ee\\\/kirurgiakliinik\\\/#website\",\"url\":\"https:\\\/\\\/www.kliinikum.ee\\\/kirurgiakliinik\\\/\",\"name\":\"Kirurgiakliinik\",\"description\":\"Hoolivus, Uuendusmeelsus, P\u00e4devus ja Usaldusv\u00e4\u00e4rsus\",\"potentialAction\":[{\"@type\":\"SearchAction\",\"target\":{\"@type\":\"EntryPoint\",\"urlTemplate\":\"https:\\\/\\\/www.kliinikum.ee\\\/kirurgiakliinik\\\/?s={search_term_string}\"},\"query-input\":{\"@type\":\"PropertyValueSpecification\",\"valueRequired\":true,\"valueName\":\"search_term_string\"}}],\"inLanguage\":\"et\"}]}<\/script>\n<!-- \/ Yoast SEO plugin. -->","yoast_head_json":{"title":"Kirurgilise ja g\u00fcnekoloogilise onkoloogia osakond - Kirurgiakliinik","robots":{"index":"index","follow":"follow","max-snippet":"max-snippet:-1","max-image-preview":"max-image-preview:large","max-video-preview":"max-video-preview:-1"},"canonical":"https:\/\/www.kliinikum.ee\/kirurgiakliinik\/kliinikust\/kirurgilise-ja-gunekoloogilise-onkoloogia-osakond\/","og_locale":"et_EE","og_type":"article","og_title":"Kirurgilise ja g\u00fcnekoloogilise onkoloogia osakond - Kirurgiakliinik","og_description":"Kontaktandmed L. Puusepa 8, K-korpus, 6. korrus Telefoninumbrid Kirurgilise ja g\u00fcnekoloogilise onkoloogia osakond on kompleksne struktuur, kus rakendatakse Eesti V\u00e4hit\u00f5rje tegevuskava 2021\u20132030 eesm\u00e4rke. Osakonda on tsentraliseeritud k\u00f5ikide meie valdkonna paikmetega kasvajad L\u00f5una-Eestist ja osaliselt Ida-Virumaalt. Osakonnas t\u00f6\u00f6tavad ainult v\u00e4hiravi lisap\u00e4devusega kirurgid ning g\u00fcnekoloogid. Osakond koosneb kahe eriala arstidest, sest v\u00e4hioperatsioonid \u00fcletavad sageli organite ja organs\u00fcsteemide [&hellip;]","og_url":"https:\/\/www.kliinikum.ee\/kirurgiakliinik\/kliinikust\/kirurgilise-ja-gunekoloogilise-onkoloogia-osakond\/","og_site_name":"Kirurgiakliinik","article_modified_time":"2024-01-15T12:57:12+00:00","twitter_card":"summary_large_image","twitter_misc":{"Est. reading time":"6 minutit"},"schema":{"@context":"https:\/\/schema.org","@graph":[{"@type":"WebPage","@id":"https:\/\/www.kliinikum.ee\/kirurgiakliinik\/kliinikust\/kirurgilise-ja-gunekoloogilise-onkoloogia-osakond\/","url":"https:\/\/www.kliinikum.ee\/kirurgiakliinik\/kliinikust\/kirurgilise-ja-gunekoloogilise-onkoloogia-osakond\/","name":"Kirurgilise ja g\u00fcnekoloogilise onkoloogia osakond - Kirurgiakliinik","isPartOf":{"@id":"https:\/\/www.kliinikum.ee\/kirurgiakliinik\/#website"},"datePublished":"2023-04-19T12:28:53+00:00","dateModified":"2024-01-15T12:57:12+00:00","breadcrumb":{"@id":"https:\/\/www.kliinikum.ee\/kirurgiakliinik\/kliinikust\/kirurgilise-ja-gunekoloogilise-onkoloogia-osakond\/#breadcrumb"},"inLanguage":"et","potentialAction":[{"@type":"ReadAction","target":["https:\/\/www.kliinikum.ee\/kirurgiakliinik\/kliinikust\/kirurgilise-ja-gunekoloogilise-onkoloogia-osakond\/"]}]},{"@type":"BreadcrumbList","@id":"https:\/\/www.kliinikum.ee\/kirurgiakliinik\/kliinikust\/kirurgilise-ja-gunekoloogilise-onkoloogia-osakond\/#breadcrumb","itemListElement":[{"@type":"ListItem","position":1,"name":"Home","item":"https:\/\/www.kliinikum.ee\/kirurgiakliinik\/"},{"@type":"ListItem","position":2,"name":"Kliinikust","item":"https:\/\/www.kliinikum.ee\/kirurgiakliinik\/kliinikust\/"},{"@type":"ListItem","position":3,"name":"Kirurgilise ja g\u00fcnekoloogilise onkoloogia osakond"}]},{"@type":"WebSite","@id":"https:\/\/www.kliinikum.ee\/kirurgiakliinik\/#website","url":"https:\/\/www.kliinikum.ee\/kirurgiakliinik\/","name":"Kirurgiakliinik","description":"Hoolivus, Uuendusmeelsus, P\u00e4devus ja Usaldusv\u00e4\u00e4rsus","potentialAction":[{"@type":"SearchAction","target":{"@type":"EntryPoint","urlTemplate":"https:\/\/www.kliinikum.ee\/kirurgiakliinik\/?s={search_term_string}"},"query-input":{"@type":"PropertyValueSpecification","valueRequired":true,"valueName":"search_term_string"}}],"inLanguage":"et"}]}},"uagb_featured_image_src":{"full":false,"thumbnail":false,"medium":false,"medium_large":false,"large":false,"1536x1536":false,"2048x2048":false},"uagb_author_info":{"display_name":"Jane Freimann","author_link":"https:\/\/www.kliinikum.ee\/kirurgiakliinik\/author\/janef\/"},"uagb_comment_info":0,"uagb_excerpt":"Kontaktandmed L. Puusepa 8, K-korpus, 6. korrus Telefoninumbrid Kirurgilise ja g\u00fcnekoloogilise onkoloogia osakond on kompleksne struktuur, kus rakendatakse Eesti V\u00e4hit\u00f5rje tegevuskava 2021\u20132030 eesm\u00e4rke. Osakonda on tsentraliseeritud k\u00f5ikide meie valdkonna paikmetega kasvajad L\u00f5una-Eestist ja osaliselt Ida-Virumaalt. Osakonnas t\u00f6\u00f6tavad ainult v\u00e4hiravi lisap\u00e4devusega kirurgid ning g\u00fcnekoloogid. Osakond koosneb kahe eriala arstidest, sest v\u00e4hioperatsioonid \u00fcletavad sageli organite ja organs\u00fcsteemide&hellip;","_links":{"self":[{"href":"https:\/\/www.kliinikum.ee\/kirurgiakliinik\/wp-json\/wp\/v2\/pages\/6211","targetHints":{"allow":["GET"]}}],"collection":[{"href":"https:\/\/www.kliinikum.ee\/kirurgiakliinik\/wp-json\/wp\/v2\/pages"}],"about":[{"href":"https:\/\/www.kliinikum.ee\/kirurgiakliinik\/wp-json\/wp\/v2\/types\/page"}],"author":[{"embeddable":true,"href":"https:\/\/www.kliinikum.ee\/kirurgiakliinik\/wp-json\/wp\/v2\/users\/32"}],"replies":[{"embeddable":true,"href":"https:\/\/www.kliinikum.ee\/kirurgiakliinik\/wp-json\/wp\/v2\/comments?post=6211"}],"version-history":[{"count":0,"href":"https:\/\/www.kliinikum.ee\/kirurgiakliinik\/wp-json\/wp\/v2\/pages\/6211\/revisions"}],"up":[{"embeddable":true,"href":"https:\/\/www.kliinikum.ee\/kirurgiakliinik\/wp-json\/wp\/v2\/pages\/17"}],"wp:attachment":[{"href":"https:\/\/www.kliinikum.ee\/kirurgiakliinik\/wp-json\/wp\/v2\/media?parent=6211"}],"curies":[{"name":"wp","href":"https:\/\/api.w.org\/{rel}","templated":true}]}}