{"id":6213,"date":"2023-04-19T14:32:54","date_gmt":"2023-04-19T12:32:54","guid":{"rendered":"https:\/\/www.kliinikum.ee\/kirurgiakliinik\/?page_id=6213"},"modified":"2025-07-30T08:46:37","modified_gmt":"2025-07-30T06:46:37","slug":"lastekirurgia-osakond","status":"publish","type":"page","link":"https:\/\/www.kliinikum.ee\/kirurgiakliinik\/kliinikust\/lastekirurgia-osakond\/","title":{"rendered":"Lastekirurgia osakond"},"content":{"rendered":"\n<p>Kontaktandmed:<\/p>\n\n\n\n<p>L. Puusepa 8,  M korpus, 4. korrus<\/p>\n\n\n\n<p>Telefonid:<\/p>\n\n\n\n<ul class=\"wp-block-list\">\n<li>Sekret\u00e4r Piret Madisson: <strong>731 8262<\/strong>, <strong>5331 8262<\/strong> (kl 8.00-16.00), e-post: <a href=\"mailto:piret.madisson@kliinikum.ee\">piret.madisson@kliinikum.ee<\/a><\/li>\n\n\n\n<li>Valve\u00f5de: <strong>731 8263; 5331 8263<\/strong><\/li>\n\n\n\n<li>Arstide tuba: <strong>731 8260; 731 8266<\/strong><\/li>\n<\/ul>\n\n\n\n<p>Lastekirurgia on \u00fcks traditsioonilistest kirurgilistest erialadest, mis tegeleb lapseea kirurgiliste haiguste raviga, \u00f5petab lapseea kirurgiliste haiguste kulgu, diagnoosimist ja ravi, arvestades sealjuures lapse organismi anatoomilis-f\u00fcsioloogilisi ise\u00e4rasusi. Eriala tegeleb kaasas\u00fcndinud v\u00e4\u00e4raarengute, omandatud kirurgiliste haiguste ja vigastuste diagnostika ning kirurgilise raviga lapseeas. Lastekirurgiale on iseloomulik multidistsiplinaarsus, h\u00f5lmates nii abdominaal- kui ka torakaalkirurgia, ortopeedia, uroloogia, onkoloogia.<\/p>\n\n\n\n<p>Lasteekirurgia osakond ei tegele kardiokirurgiliste, neurokirurgiliste ja n\u00e4o- l\u00f5ualuukirurgiliste patsientide raviga, silma ning k\u00f5rva-nina-kurguhaigustega.<\/p>\n\n\n\n<ul class=\"wp-block-list\">\n<li>Sagedasemad osakonnas ravitavad plaanilised haigused on:<ul><li>Naha- ja nahaaluskoe kasvajad<\/li><\/ul><ul><li>Kubemesong, h\u00fcdrotseele, funikulotseele<\/li><\/ul><ul><li>K\u00f5huseinasongad<\/li><\/ul><ul><li>Seedetrakti kirurgilised haigused<\/li><\/ul><ul><li>Kaasas\u00fcndinud ja omandatud uroloogilised haigused<\/li><\/ul><ul><li>Seedetrakti kaasas\u00fcndinud anomaaliad<\/li><\/ul><ul><li>\u00dcla- ja alaj\u00e4semete kaasas\u00fcndinud ja omandatud deformsused<\/li><\/ul><ul><li>Rindkere deformatsioonid<\/li><\/ul><ul><li>Puusaliigeste arenguline d\u00fcsplaasia.<\/li><\/ul><ul><li>Juveniilsed osteokondroosid. Juveniilne epif\u00fcsiol\u00fc\u00fcs. Skolioos<\/li><\/ul>\n<ul class=\"wp-block-list\">\n<li>Luukasvajad<\/li>\n<\/ul>\n<\/li>\n\n\n\n<li>Sagedasemad osakonnas ravitavad erakorralised haigused on:<ul><li>\u00c4ge k\u00f5ht (apenditsiit, peritoniit)<\/li><\/ul><ul><li>\u00c4gedad skrootumi ja eesnaha haigused<\/li><\/ul><ul><li>P\u00f5letused<\/li><\/ul><ul><li>Luumurrud<\/li><\/ul>\n<ul class=\"wp-block-list\">\n<li>Seedetrakti v\u00f5\u00f5rkehad<\/li>\n<\/ul>\n<\/li>\n<\/ul>\n\n\n\n<div style=\"height:100px\" aria-hidden=\"true\" class=\"wp-block-spacer\"><\/div>\n\n\n<div class=\"wp-block-uagb-faq uagb-faq__outer-wrap uagb-block-6c822c01 uagb-faq-icon-row uagb-faq-layout-accordion uagb-faq-expand-first-false uagb-faq-inactive-other-true uagb-faq__wrap uagb-buttons-layout-wrap uagb-faq-equal-height     \" data-faqtoggle=\"true\" role=\"tablist\"><div class=\"wp-block-uagb-faq-child uagb-faq-child__outer-wrap uagb-faq-item uagb-block-04696c96 \" role=\"tab\" tabindex=\"0\"><div class=\"uagb-faq-questions-button uagb-faq-questions\">\t\t\t<span class=\"uagb-icon uagb-faq-icon-wrap\">\n\t\t\t\t\t\t\t\t<svg xmlns=\"https:\/\/www.w3.org\/2000\/svg\" viewBox= \"0 0 448 512\"><path d=\"M432 256c0 17.69-14.33 32.01-32 32.01H256v144c0 17.69-14.33 31.99-32 31.99s-32-14.3-32-31.99v-144H48c-17.67 0-32-14.32-32-32.01s14.33-31.99 32-31.99H192v-144c0-17.69 14.33-32.01 32-32.01s32 14.32 32 32.01v144h144C417.7 224 432 238.3 432 256z\"><\/path><\/svg>\n\t\t\t\t\t\t\t<\/span>\n\t\t\t\t\t\t<span class=\"uagb-icon-active uagb-faq-icon-wrap\">\n\t\t\t\t\t\t\t\t<svg xmlns=\"https:\/\/www.w3.org\/2000\/svg\" viewBox= \"0 0 448 512\"><path d=\"M400 288h-352c-17.69 0-32-14.32-32-32.01s14.31-31.99 32-31.99h352c17.69 0 32 14.3 32 31.99S417.7 288 400 288z\"><\/path><\/svg>\n\t\t\t\t\t\t\t<\/span>\n\t\t\t<span class=\"uagb-question\">Ravimeeskonnad<\/span><\/div><div class=\"uagb-faq-content\"><p><strong>Pehmekoe arenguanomaaliate kirurgia<\/strong>: dr V. K\u00fcbarsepp, dr J. Nerman <br><strong>Seedetrakti arenguanomaaliate kirurgia<\/strong>: dr V. K\u00fcbarsepp, dr J. Nerman <br><strong>K\u00e4te arenguanomaaliate kirurgia<\/strong>: dr P-R. V\u00e4rk, dr J. R\u00fcnk, dr A. Metsa <br><strong>Laste uroloogia<\/strong>: dr V. K\u00fcbarsepp, dr J. Nerman <br><strong>Rindkere deformatsioonide kirurgia<\/strong>: dr R. L\u00f5ivukene, dr J. R\u00fcnk <br><strong>Laserkirurgia<\/strong>: dr V. K\u00fcbarsepp <br><strong>Laste ortopeedia<\/strong>: dr R. L\u00f5ivukene, dr J. R\u00fcnk, dr P-R. V\u00e4rk<\/p><\/div><\/div><\/div>","protected":false},"excerpt":{"rendered":"<p>Kontaktandmed: L. Puusepa 8, M korpus, 4. korrus Telefonid: Lastekirurgia on \u00fcks traditsioonilistest kirurgilistest erialadest, mis tegeleb lapseea kirurgiliste haiguste raviga, \u00f5petab lapseea kirurgiliste haiguste kulgu, diagnoosimist ja ravi, arvestades sealjuures lapse organismi anatoomilis-f\u00fcsioloogilisi ise\u00e4rasusi. Eriala tegeleb kaasas\u00fcndinud v\u00e4\u00e4raarengute, omandatud kirurgiliste haiguste ja vigastuste diagnostika ning kirurgilise raviga lapseeas. Lastekirurgiale on iseloomulik multidistsiplinaarsus, h\u00f5lmates nii [&hellip;]<\/p>\n","protected":false},"author":32,"featured_media":0,"parent":17,"menu_order":4,"comment_status":"closed","ping_status":"closed","template":"","meta":{"_acf_changed":false,"_uag_custom_page_level_css":"","footnotes":""},"class_list":["post-6213","page","type-page","status-publish","hentry"],"acf":[],"yoast_head":"<!-- This site is optimized with the Yoast SEO plugin v27.5 - https:\/\/yoast.com\/product\/yoast-seo-wordpress\/ -->\n<title>Lastekirurgia osakond - Kirurgiakliinik<\/title>\n<meta name=\"robots\" content=\"index, follow, max-snippet:-1, max-image-preview:large, max-video-preview:-1\" \/>\n<link rel=\"canonical\" href=\"https:\/\/www.kliinikum.ee\/kirurgiakliinik\/kliinikust\/lastekirurgia-osakond\/\" \/>\n<meta property=\"og:locale\" content=\"et_EE\" \/>\n<meta property=\"og:type\" content=\"article\" \/>\n<meta property=\"og:title\" content=\"Lastekirurgia osakond - Kirurgiakliinik\" \/>\n<meta property=\"og:description\" content=\"Kontaktandmed: L. Puusepa 8, M korpus, 4. korrus Telefonid: Lastekirurgia on \u00fcks traditsioonilistest kirurgilistest erialadest, mis tegeleb lapseea kirurgiliste haiguste raviga, \u00f5petab lapseea kirurgiliste haiguste kulgu, diagnoosimist ja ravi, arvestades sealjuures lapse organismi anatoomilis-f\u00fcsioloogilisi ise\u00e4rasusi. Eriala tegeleb kaasas\u00fcndinud v\u00e4\u00e4raarengute, omandatud kirurgiliste haiguste ja vigastuste diagnostika ning kirurgilise raviga lapseeas. Lastekirurgiale on iseloomulik multidistsiplinaarsus, h\u00f5lmates nii [&hellip;]\" \/>\n<meta property=\"og:url\" content=\"https:\/\/www.kliinikum.ee\/kirurgiakliinik\/kliinikust\/lastekirurgia-osakond\/\" \/>\n<meta property=\"og:site_name\" content=\"Kirurgiakliinik\" \/>\n<meta property=\"article:modified_time\" content=\"2025-07-30T06:46:37+00:00\" \/>\n<meta name=\"twitter:card\" content=\"summary_large_image\" \/>\n<meta name=\"twitter:label1\" content=\"Est. reading time\" \/>\n\t<meta name=\"twitter:data1\" content=\"1 minut\" \/>\n<script type=\"application\/ld+json\" class=\"yoast-schema-graph\">{\"@context\":\"https:\\\/\\\/schema.org\",\"@graph\":[{\"@type\":\"WebPage\",\"@id\":\"https:\\\/\\\/www.kliinikum.ee\\\/kirurgiakliinik\\\/kliinikust\\\/lastekirurgia-osakond\\\/\",\"url\":\"https:\\\/\\\/www.kliinikum.ee\\\/kirurgiakliinik\\\/kliinikust\\\/lastekirurgia-osakond\\\/\",\"name\":\"Lastekirurgia osakond - Kirurgiakliinik\",\"isPartOf\":{\"@id\":\"https:\\\/\\\/www.kliinikum.ee\\\/kirurgiakliinik\\\/#website\"},\"datePublished\":\"2023-04-19T12:32:54+00:00\",\"dateModified\":\"2025-07-30T06:46:37+00:00\",\"breadcrumb\":{\"@id\":\"https:\\\/\\\/www.kliinikum.ee\\\/kirurgiakliinik\\\/kliinikust\\\/lastekirurgia-osakond\\\/#breadcrumb\"},\"inLanguage\":\"et\",\"potentialAction\":[{\"@type\":\"ReadAction\",\"target\":[\"https:\\\/\\\/www.kliinikum.ee\\\/kirurgiakliinik\\\/kliinikust\\\/lastekirurgia-osakond\\\/\"]}]},{\"@type\":\"BreadcrumbList\",\"@id\":\"https:\\\/\\\/www.kliinikum.ee\\\/kirurgiakliinik\\\/kliinikust\\\/lastekirurgia-osakond\\\/#breadcrumb\",\"itemListElement\":[{\"@type\":\"ListItem\",\"position\":1,\"name\":\"Home\",\"item\":\"https:\\\/\\\/www.kliinikum.ee\\\/kirurgiakliinik\\\/\"},{\"@type\":\"ListItem\",\"position\":2,\"name\":\"Kliinikust\",\"item\":\"https:\\\/\\\/www.kliinikum.ee\\\/kirurgiakliinik\\\/kliinikust\\\/\"},{\"@type\":\"ListItem\",\"position\":3,\"name\":\"Lastekirurgia osakond\"}]},{\"@type\":\"WebSite\",\"@id\":\"https:\\\/\\\/www.kliinikum.ee\\\/kirurgiakliinik\\\/#website\",\"url\":\"https:\\\/\\\/www.kliinikum.ee\\\/kirurgiakliinik\\\/\",\"name\":\"Kirurgiakliinik\",\"description\":\"Hoolivus, Uuendusmeelsus, P\u00e4devus ja Usaldusv\u00e4\u00e4rsus\",\"potentialAction\":[{\"@type\":\"SearchAction\",\"target\":{\"@type\":\"EntryPoint\",\"urlTemplate\":\"https:\\\/\\\/www.kliinikum.ee\\\/kirurgiakliinik\\\/?s={search_term_string}\"},\"query-input\":{\"@type\":\"PropertyValueSpecification\",\"valueRequired\":true,\"valueName\":\"search_term_string\"}}],\"inLanguage\":\"et\"}]}<\/script>\n<!-- \/ Yoast SEO plugin. -->","yoast_head_json":{"title":"Lastekirurgia osakond - Kirurgiakliinik","robots":{"index":"index","follow":"follow","max-snippet":"max-snippet:-1","max-image-preview":"max-image-preview:large","max-video-preview":"max-video-preview:-1"},"canonical":"https:\/\/www.kliinikum.ee\/kirurgiakliinik\/kliinikust\/lastekirurgia-osakond\/","og_locale":"et_EE","og_type":"article","og_title":"Lastekirurgia osakond - Kirurgiakliinik","og_description":"Kontaktandmed: L. Puusepa 8, M korpus, 4. korrus Telefonid: Lastekirurgia on \u00fcks traditsioonilistest kirurgilistest erialadest, mis tegeleb lapseea kirurgiliste haiguste raviga, \u00f5petab lapseea kirurgiliste haiguste kulgu, diagnoosimist ja ravi, arvestades sealjuures lapse organismi anatoomilis-f\u00fcsioloogilisi ise\u00e4rasusi. Eriala tegeleb kaasas\u00fcndinud v\u00e4\u00e4raarengute, omandatud kirurgiliste haiguste ja vigastuste diagnostika ning kirurgilise raviga lapseeas. Lastekirurgiale on iseloomulik multidistsiplinaarsus, h\u00f5lmates nii [&hellip;]","og_url":"https:\/\/www.kliinikum.ee\/kirurgiakliinik\/kliinikust\/lastekirurgia-osakond\/","og_site_name":"Kirurgiakliinik","article_modified_time":"2025-07-30T06:46:37+00:00","twitter_card":"summary_large_image","twitter_misc":{"Est. reading time":"1 minut"},"schema":{"@context":"https:\/\/schema.org","@graph":[{"@type":"WebPage","@id":"https:\/\/www.kliinikum.ee\/kirurgiakliinik\/kliinikust\/lastekirurgia-osakond\/","url":"https:\/\/www.kliinikum.ee\/kirurgiakliinik\/kliinikust\/lastekirurgia-osakond\/","name":"Lastekirurgia osakond - Kirurgiakliinik","isPartOf":{"@id":"https:\/\/www.kliinikum.ee\/kirurgiakliinik\/#website"},"datePublished":"2023-04-19T12:32:54+00:00","dateModified":"2025-07-30T06:46:37+00:00","breadcrumb":{"@id":"https:\/\/www.kliinikum.ee\/kirurgiakliinik\/kliinikust\/lastekirurgia-osakond\/#breadcrumb"},"inLanguage":"et","potentialAction":[{"@type":"ReadAction","target":["https:\/\/www.kliinikum.ee\/kirurgiakliinik\/kliinikust\/lastekirurgia-osakond\/"]}]},{"@type":"BreadcrumbList","@id":"https:\/\/www.kliinikum.ee\/kirurgiakliinik\/kliinikust\/lastekirurgia-osakond\/#breadcrumb","itemListElement":[{"@type":"ListItem","position":1,"name":"Home","item":"https:\/\/www.kliinikum.ee\/kirurgiakliinik\/"},{"@type":"ListItem","position":2,"name":"Kliinikust","item":"https:\/\/www.kliinikum.ee\/kirurgiakliinik\/kliinikust\/"},{"@type":"ListItem","position":3,"name":"Lastekirurgia osakond"}]},{"@type":"WebSite","@id":"https:\/\/www.kliinikum.ee\/kirurgiakliinik\/#website","url":"https:\/\/www.kliinikum.ee\/kirurgiakliinik\/","name":"Kirurgiakliinik","description":"Hoolivus, Uuendusmeelsus, P\u00e4devus ja Usaldusv\u00e4\u00e4rsus","potentialAction":[{"@type":"SearchAction","target":{"@type":"EntryPoint","urlTemplate":"https:\/\/www.kliinikum.ee\/kirurgiakliinik\/?s={search_term_string}"},"query-input":{"@type":"PropertyValueSpecification","valueRequired":true,"valueName":"search_term_string"}}],"inLanguage":"et"}]}},"uagb_featured_image_src":{"full":false,"thumbnail":false,"medium":false,"medium_large":false,"large":false,"1536x1536":false,"2048x2048":false},"uagb_author_info":{"display_name":"Jane Freimann","author_link":"https:\/\/www.kliinikum.ee\/kirurgiakliinik\/author\/janef\/"},"uagb_comment_info":0,"uagb_excerpt":"Kontaktandmed: L. Puusepa 8, M korpus, 4. korrus Telefonid: Lastekirurgia on \u00fcks traditsioonilistest kirurgilistest erialadest, mis tegeleb lapseea kirurgiliste haiguste raviga, \u00f5petab lapseea kirurgiliste haiguste kulgu, diagnoosimist ja ravi, arvestades sealjuures lapse organismi anatoomilis-f\u00fcsioloogilisi ise\u00e4rasusi. Eriala tegeleb kaasas\u00fcndinud v\u00e4\u00e4raarengute, omandatud kirurgiliste haiguste ja vigastuste diagnostika ning kirurgilise raviga lapseeas. Lastekirurgiale on iseloomulik multidistsiplinaarsus, h\u00f5lmates nii&hellip;","_links":{"self":[{"href":"https:\/\/www.kliinikum.ee\/kirurgiakliinik\/wp-json\/wp\/v2\/pages\/6213","targetHints":{"allow":["GET"]}}],"collection":[{"href":"https:\/\/www.kliinikum.ee\/kirurgiakliinik\/wp-json\/wp\/v2\/pages"}],"about":[{"href":"https:\/\/www.kliinikum.ee\/kirurgiakliinik\/wp-json\/wp\/v2\/types\/page"}],"author":[{"embeddable":true,"href":"https:\/\/www.kliinikum.ee\/kirurgiakliinik\/wp-json\/wp\/v2\/users\/32"}],"replies":[{"embeddable":true,"href":"https:\/\/www.kliinikum.ee\/kirurgiakliinik\/wp-json\/wp\/v2\/comments?post=6213"}],"version-history":[{"count":0,"href":"https:\/\/www.kliinikum.ee\/kirurgiakliinik\/wp-json\/wp\/v2\/pages\/6213\/revisions"}],"up":[{"embeddable":true,"href":"https:\/\/www.kliinikum.ee\/kirurgiakliinik\/wp-json\/wp\/v2\/pages\/17"}],"wp:attachment":[{"href":"https:\/\/www.kliinikum.ee\/kirurgiakliinik\/wp-json\/wp\/v2\/media?parent=6213"}],"curies":[{"name":"wp","href":"https:\/\/api.w.org\/{rel}","templated":true}]}}