{"id":6219,"date":"2023-04-19T14:40:46","date_gmt":"2023-04-19T12:40:46","guid":{"rendered":"https:\/\/www.kliinikum.ee\/kirurgiakliinik\/?page_id=6219"},"modified":"2023-12-21T13:42:52","modified_gmt":"2023-12-21T11:42:52","slug":"ambulatoorse-kirurgia-osakond","status":"publish","type":"page","link":"https:\/\/www.kliinikum.ee\/kirurgiakliinik\/kliinikust\/ambulatoorse-kirurgia-osakond\/","title":{"rendered":"Ambulatoorse kirurgia osakond"},"content":{"rendered":"\n<p><strong>Kontaktandmed<\/strong><\/p>\n\n\n\n<p>L. Puusepa 8, A-korpuse 1. korrus<\/p>\n\n\n\n<p>\u00d5endusjuht (vanem\u00f5de):&nbsp;<strong>731 9460<\/strong> (E-R 08.00-16.00)<\/p>\n\n\n\n<p><\/p>\n\n\n\n<p><\/p>\n\n\n\n<p><\/p>\n\n\n\n<p>Ambulatoorse kirurgia osakonnas toimuvad vastuv\u00f5tud&nbsp;kuuel kirurgilisel erialal (\u00fcldkirurgia, lastekirurgia, kirurgiline ja g\u00fcnekoloogiline onkoloogia, veresoontekirurgia, uroloogia ja plastikakirurgia)<\/p>\n\n\n\n<p>Ambulatoorsele vastuv\u00f5tule registreerimine telefonil\u00a0 <strong>731 9100<\/strong>, \u00fcleriigilises <a href=\"https:\/\/www.terviseportaal.ee\/\">digiregistratuuris<\/a>, portaali <a href=\"https:\/\/epatsient.kliinikum.ee\/login\">ePatsient<\/a> kaudu v\u00f5i <a href=\"https:\/\/www.kliinikum.ee\/patsiendile\/eriarsti-vastuvott\/aja-broneerimine\/\">kodulehe vormi<\/a> kaudu. Vastuv\u00f5tule tuleb tulla l\u00e4bi registratuuri v\u00e4hemalt 20 min enne vastuv\u00f5tu aega. \u00a0<\/p>\n\n\n\n<p>\u00dcldkirurgia, veresoontekirurgia, uroloogia ja plastikakirurgia vastuv\u00f5tukabinetid asuvad A korpuse 1. korrusel<\/p>\n\n\n\n<p>Lastekirurgia vastuv\u00f5tukabinetid asuvad M korpuse 1. korrusel, laste korduvtrauma vastuv\u00f5tt toimub &nbsp;A korpuse 1. korrusel<\/p>\n\n\n\n<p>Onkokirurgia vastuv\u00f5tukabinetid asuvad J korpuse 1. korrusel ja A korpuse 1. korrusel<\/p>\n\n\n\n<p>\u00d5e iseseisev vastuv\u00f5tt on j\u00e4rgmisetel erialadel<\/p>\n\n\n\n<ol class=\"wp-block-list\" style=\"list-style-type:1\">\n<li>Uroloogia<\/li>\n\n\n\n<li>Stoomi hooldus (kolostoom, ileostoom)<\/li>\n\n\n\n<li>Haavahooldus<\/li>\n\n\n\n<li>Onkokirurgia<\/li>\n\n\n\n<li>Bariaatria<\/li>\n<\/ol>\n\n\n\n<p>Ambulatoorses kirurgias toimuvad patsientide vastuv\u00f5tud koos pisiprotseduuridega (varbak\u00fc\u00fcnte eemaldamine, haavandite sidumine, ts\u00fcstoskoopia, jm). Vastuv\u00f5tu pikkuseks on planeeritud 15 min-25 min. Protseduuridele kuluv aeg orienteeruvalt 30min-1 tund.<\/p>\n\n\n\n<div style=\"height:100px\" aria-hidden=\"true\" class=\"wp-block-spacer\"><\/div>\n","protected":false},"excerpt":{"rendered":"<p>Kontaktandmed L. Puusepa 8, A-korpuse 1. korrus \u00d5endusjuht (vanem\u00f5de):&nbsp;731 9460 (E-R 08.00-16.00) Ambulatoorse kirurgia osakonnas toimuvad vastuv\u00f5tud&nbsp;kuuel kirurgilisel erialal (\u00fcldkirurgia, lastekirurgia, kirurgiline ja g\u00fcnekoloogiline onkoloogia, veresoontekirurgia, uroloogia ja plastikakirurgia) Ambulatoorsele vastuv\u00f5tule registreerimine telefonil\u00a0 731 9100, \u00fcleriigilises digiregistratuuris, portaali ePatsient kaudu v\u00f5i kodulehe vormi kaudu. Vastuv\u00f5tule tuleb tulla l\u00e4bi registratuuri v\u00e4hemalt 20 min enne vastuv\u00f5tu aega. [&hellip;]<\/p>\n","protected":false},"author":32,"featured_media":0,"parent":17,"menu_order":7,"comment_status":"closed","ping_status":"closed","template":"","meta":{"_acf_changed":false,"_uag_custom_page_level_css":"","footnotes":""},"class_list":["post-6219","page","type-page","status-publish","hentry"],"acf":[],"yoast_head":"<!-- This site is optimized with the Yoast SEO plugin v27.3 - https:\/\/yoast.com\/product\/yoast-seo-wordpress\/ -->\n<title>Ambulatoorse kirurgia osakond - Kirurgiakliinik<\/title>\n<meta name=\"robots\" content=\"index, follow, max-snippet:-1, max-image-preview:large, max-video-preview:-1\" \/>\n<link rel=\"canonical\" href=\"https:\/\/www.kliinikum.ee\/kirurgiakliinik\/kliinikust\/ambulatoorse-kirurgia-osakond\/\" \/>\n<meta property=\"og:locale\" content=\"et_EE\" \/>\n<meta property=\"og:type\" content=\"article\" \/>\n<meta property=\"og:title\" content=\"Ambulatoorse kirurgia osakond - Kirurgiakliinik\" \/>\n<meta property=\"og:description\" content=\"Kontaktandmed L. Puusepa 8, A-korpuse 1. korrus \u00d5endusjuht (vanem\u00f5de):&nbsp;731 9460 (E-R 08.00-16.00) Ambulatoorse kirurgia osakonnas toimuvad vastuv\u00f5tud&nbsp;kuuel kirurgilisel erialal (\u00fcldkirurgia, lastekirurgia, kirurgiline ja g\u00fcnekoloogiline onkoloogia, veresoontekirurgia, uroloogia ja plastikakirurgia) Ambulatoorsele vastuv\u00f5tule registreerimine telefonil\u00a0 731 9100, \u00fcleriigilises digiregistratuuris, portaali ePatsient kaudu v\u00f5i kodulehe vormi kaudu. Vastuv\u00f5tule tuleb tulla l\u00e4bi registratuuri v\u00e4hemalt 20 min enne vastuv\u00f5tu aega. [&hellip;]\" \/>\n<meta property=\"og:url\" content=\"https:\/\/www.kliinikum.ee\/kirurgiakliinik\/kliinikust\/ambulatoorse-kirurgia-osakond\/\" \/>\n<meta property=\"og:site_name\" content=\"Kirurgiakliinik\" \/>\n<meta property=\"article:modified_time\" content=\"2023-12-21T11:42:52+00:00\" \/>\n<meta name=\"twitter:card\" content=\"summary_large_image\" \/>\n<meta name=\"twitter:label1\" content=\"Est. reading time\" \/>\n\t<meta name=\"twitter:data1\" content=\"1 minut\" \/>\n<script type=\"application\/ld+json\" class=\"yoast-schema-graph\">{\"@context\":\"https:\\\/\\\/schema.org\",\"@graph\":[{\"@type\":\"WebPage\",\"@id\":\"https:\\\/\\\/www.kliinikum.ee\\\/kirurgiakliinik\\\/kliinikust\\\/ambulatoorse-kirurgia-osakond\\\/\",\"url\":\"https:\\\/\\\/www.kliinikum.ee\\\/kirurgiakliinik\\\/kliinikust\\\/ambulatoorse-kirurgia-osakond\\\/\",\"name\":\"Ambulatoorse kirurgia osakond - Kirurgiakliinik\",\"isPartOf\":{\"@id\":\"https:\\\/\\\/www.kliinikum.ee\\\/kirurgiakliinik\\\/#website\"},\"datePublished\":\"2023-04-19T12:40:46+00:00\",\"dateModified\":\"2023-12-21T11:42:52+00:00\",\"breadcrumb\":{\"@id\":\"https:\\\/\\\/www.kliinikum.ee\\\/kirurgiakliinik\\\/kliinikust\\\/ambulatoorse-kirurgia-osakond\\\/#breadcrumb\"},\"inLanguage\":\"et\",\"potentialAction\":[{\"@type\":\"ReadAction\",\"target\":[\"https:\\\/\\\/www.kliinikum.ee\\\/kirurgiakliinik\\\/kliinikust\\\/ambulatoorse-kirurgia-osakond\\\/\"]}]},{\"@type\":\"BreadcrumbList\",\"@id\":\"https:\\\/\\\/www.kliinikum.ee\\\/kirurgiakliinik\\\/kliinikust\\\/ambulatoorse-kirurgia-osakond\\\/#breadcrumb\",\"itemListElement\":[{\"@type\":\"ListItem\",\"position\":1,\"name\":\"Home\",\"item\":\"https:\\\/\\\/www.kliinikum.ee\\\/kirurgiakliinik\\\/\"},{\"@type\":\"ListItem\",\"position\":2,\"name\":\"Kliinikust\",\"item\":\"https:\\\/\\\/www.kliinikum.ee\\\/kirurgiakliinik\\\/kliinikust\\\/\"},{\"@type\":\"ListItem\",\"position\":3,\"name\":\"Ambulatoorse kirurgia osakond\"}]},{\"@type\":\"WebSite\",\"@id\":\"https:\\\/\\\/www.kliinikum.ee\\\/kirurgiakliinik\\\/#website\",\"url\":\"https:\\\/\\\/www.kliinikum.ee\\\/kirurgiakliinik\\\/\",\"name\":\"Kirurgiakliinik\",\"description\":\"Hoolivus, Uuendusmeelsus, P\u00e4devus ja Usaldusv\u00e4\u00e4rsus\",\"potentialAction\":[{\"@type\":\"SearchAction\",\"target\":{\"@type\":\"EntryPoint\",\"urlTemplate\":\"https:\\\/\\\/www.kliinikum.ee\\\/kirurgiakliinik\\\/?s={search_term_string}\"},\"query-input\":{\"@type\":\"PropertyValueSpecification\",\"valueRequired\":true,\"valueName\":\"search_term_string\"}}],\"inLanguage\":\"et\"}]}<\/script>\n<!-- \/ Yoast SEO plugin. -->","yoast_head_json":{"title":"Ambulatoorse kirurgia osakond - Kirurgiakliinik","robots":{"index":"index","follow":"follow","max-snippet":"max-snippet:-1","max-image-preview":"max-image-preview:large","max-video-preview":"max-video-preview:-1"},"canonical":"https:\/\/www.kliinikum.ee\/kirurgiakliinik\/kliinikust\/ambulatoorse-kirurgia-osakond\/","og_locale":"et_EE","og_type":"article","og_title":"Ambulatoorse kirurgia osakond - Kirurgiakliinik","og_description":"Kontaktandmed L. Puusepa 8, A-korpuse 1. korrus \u00d5endusjuht (vanem\u00f5de):&nbsp;731 9460 (E-R 08.00-16.00) Ambulatoorse kirurgia osakonnas toimuvad vastuv\u00f5tud&nbsp;kuuel kirurgilisel erialal (\u00fcldkirurgia, lastekirurgia, kirurgiline ja g\u00fcnekoloogiline onkoloogia, veresoontekirurgia, uroloogia ja plastikakirurgia) Ambulatoorsele vastuv\u00f5tule registreerimine telefonil\u00a0 731 9100, \u00fcleriigilises digiregistratuuris, portaali ePatsient kaudu v\u00f5i kodulehe vormi kaudu. Vastuv\u00f5tule tuleb tulla l\u00e4bi registratuuri v\u00e4hemalt 20 min enne vastuv\u00f5tu aega. [&hellip;]","og_url":"https:\/\/www.kliinikum.ee\/kirurgiakliinik\/kliinikust\/ambulatoorse-kirurgia-osakond\/","og_site_name":"Kirurgiakliinik","article_modified_time":"2023-12-21T11:42:52+00:00","twitter_card":"summary_large_image","twitter_misc":{"Est. reading time":"1 minut"},"schema":{"@context":"https:\/\/schema.org","@graph":[{"@type":"WebPage","@id":"https:\/\/www.kliinikum.ee\/kirurgiakliinik\/kliinikust\/ambulatoorse-kirurgia-osakond\/","url":"https:\/\/www.kliinikum.ee\/kirurgiakliinik\/kliinikust\/ambulatoorse-kirurgia-osakond\/","name":"Ambulatoorse kirurgia osakond - Kirurgiakliinik","isPartOf":{"@id":"https:\/\/www.kliinikum.ee\/kirurgiakliinik\/#website"},"datePublished":"2023-04-19T12:40:46+00:00","dateModified":"2023-12-21T11:42:52+00:00","breadcrumb":{"@id":"https:\/\/www.kliinikum.ee\/kirurgiakliinik\/kliinikust\/ambulatoorse-kirurgia-osakond\/#breadcrumb"},"inLanguage":"et","potentialAction":[{"@type":"ReadAction","target":["https:\/\/www.kliinikum.ee\/kirurgiakliinik\/kliinikust\/ambulatoorse-kirurgia-osakond\/"]}]},{"@type":"BreadcrumbList","@id":"https:\/\/www.kliinikum.ee\/kirurgiakliinik\/kliinikust\/ambulatoorse-kirurgia-osakond\/#breadcrumb","itemListElement":[{"@type":"ListItem","position":1,"name":"Home","item":"https:\/\/www.kliinikum.ee\/kirurgiakliinik\/"},{"@type":"ListItem","position":2,"name":"Kliinikust","item":"https:\/\/www.kliinikum.ee\/kirurgiakliinik\/kliinikust\/"},{"@type":"ListItem","position":3,"name":"Ambulatoorse kirurgia osakond"}]},{"@type":"WebSite","@id":"https:\/\/www.kliinikum.ee\/kirurgiakliinik\/#website","url":"https:\/\/www.kliinikum.ee\/kirurgiakliinik\/","name":"Kirurgiakliinik","description":"Hoolivus, Uuendusmeelsus, P\u00e4devus ja Usaldusv\u00e4\u00e4rsus","potentialAction":[{"@type":"SearchAction","target":{"@type":"EntryPoint","urlTemplate":"https:\/\/www.kliinikum.ee\/kirurgiakliinik\/?s={search_term_string}"},"query-input":{"@type":"PropertyValueSpecification","valueRequired":true,"valueName":"search_term_string"}}],"inLanguage":"et"}]}},"uagb_featured_image_src":{"full":false,"thumbnail":false,"medium":false,"medium_large":false,"large":false,"1536x1536":false,"2048x2048":false},"uagb_author_info":{"display_name":"Jane Freimann","author_link":"https:\/\/www.kliinikum.ee\/kirurgiakliinik\/author\/janef\/"},"uagb_comment_info":0,"uagb_excerpt":"Kontaktandmed L. Puusepa 8, A-korpuse 1. korrus \u00d5endusjuht (vanem\u00f5de):&nbsp;731 9460 (E-R 08.00-16.00) Ambulatoorse kirurgia osakonnas toimuvad vastuv\u00f5tud&nbsp;kuuel kirurgilisel erialal (\u00fcldkirurgia, lastekirurgia, kirurgiline ja g\u00fcnekoloogiline onkoloogia, veresoontekirurgia, uroloogia ja plastikakirurgia) Ambulatoorsele vastuv\u00f5tule registreerimine telefonil\u00a0 731 9100, \u00fcleriigilises digiregistratuuris, portaali ePatsient kaudu v\u00f5i kodulehe vormi kaudu. Vastuv\u00f5tule tuleb tulla l\u00e4bi registratuuri v\u00e4hemalt 20 min enne vastuv\u00f5tu aega.&hellip;","_links":{"self":[{"href":"https:\/\/www.kliinikum.ee\/kirurgiakliinik\/wp-json\/wp\/v2\/pages\/6219","targetHints":{"allow":["GET"]}}],"collection":[{"href":"https:\/\/www.kliinikum.ee\/kirurgiakliinik\/wp-json\/wp\/v2\/pages"}],"about":[{"href":"https:\/\/www.kliinikum.ee\/kirurgiakliinik\/wp-json\/wp\/v2\/types\/page"}],"author":[{"embeddable":true,"href":"https:\/\/www.kliinikum.ee\/kirurgiakliinik\/wp-json\/wp\/v2\/users\/32"}],"replies":[{"embeddable":true,"href":"https:\/\/www.kliinikum.ee\/kirurgiakliinik\/wp-json\/wp\/v2\/comments?post=6219"}],"version-history":[{"count":0,"href":"https:\/\/www.kliinikum.ee\/kirurgiakliinik\/wp-json\/wp\/v2\/pages\/6219\/revisions"}],"up":[{"embeddable":true,"href":"https:\/\/www.kliinikum.ee\/kirurgiakliinik\/wp-json\/wp\/v2\/pages\/17"}],"wp:attachment":[{"href":"https:\/\/www.kliinikum.ee\/kirurgiakliinik\/wp-json\/wp\/v2\/media?parent=6219"}],"curies":[{"name":"wp","href":"https:\/\/api.w.org\/{rel}","templated":true}]}}