{"id":6228,"date":"2023-04-19T14:56:02","date_gmt":"2023-04-19T12:56:02","guid":{"rendered":"https:\/\/www.kliinikum.ee\/kirurgiakliinik\/?page_id=6228"},"modified":"2025-07-08T11:10:59","modified_gmt":"2025-07-08T09:10:59","slug":"eriarstide-vastuvott","status":"publish","type":"page","link":"https:\/\/www.kliinikum.ee\/kirurgiakliinik\/patsiendile\/eriarstide-vastuvott\/","title":{"rendered":"Eriarsti vastuv\u00f5tt"},"content":{"rendered":"\n<p><strong>Eriarsti esmasele vastuv\u00f5tule<\/strong>\u00a0saab aega broneerida <a href=\"https:\/\/www.digilugu.ee\/login\" target=\"_blank\" rel=\"noreferrer noopener\">Terviseportaalis<\/a>, <a href=\"https:\/\/epatsient.kliinikum.ee\/\" target=\"_blank\" rel=\"noreferrer noopener\">ePatsiendi<\/a>\u00a0portaalis, kodulehe\u00a0<a href=\"https:\/\/www.kliinikum.ee\/patsiendile\/eriarsti-vastuvott\/aja-broneerimine\/\">vormi<\/a>\u00a0kaudu, k\u00f5nekeskuse telefonil 731 9100 (E-R 07.30-18.00) v\u00f5i registratuuris kohapeal.<\/p>\n\n\n\n<p>Vajalik perearsti saatekiri. Visiiditasu 20\u20ac.<\/p>\n\n\n\n<p><\/p>\n\n\n\n<p>Vastuv\u00f5tule palume tulla l\u00e4bi registratuuri.<\/p>\n\n\n\n<p>T\u00e4psem info eriarsti vastuv\u00f5tule tulemise kohta <a href=\"https:\/\/www.kliinikum.ee\/patsiendile\/eriarsti-vastuvott\/\">SIIN<\/a><\/p>\n\n\n\n<p><\/p>\n","protected":false},"excerpt":{"rendered":"<p>Eriarsti esmasele vastuv\u00f5tule\u00a0saab aega broneerida Terviseportaalis, ePatsiendi\u00a0portaalis, kodulehe\u00a0vormi\u00a0kaudu, k\u00f5nekeskuse telefonil 731 9100 (E-R 07.30-18.00) v\u00f5i registratuuris kohapeal. Vajalik perearsti saatekiri. Visiiditasu 20\u20ac. Vastuv\u00f5tule palume tulla l\u00e4bi registratuuri. T\u00e4psem info eriarsti vastuv\u00f5tule tulemise kohta SIIN<\/p>\n","protected":false},"author":32,"featured_media":0,"parent":15,"menu_order":1,"comment_status":"closed","ping_status":"closed","template":"","meta":{"_acf_changed":false,"_uag_custom_page_level_css":"","footnotes":""},"class_list":["post-6228","page","type-page","status-publish","hentry"],"acf":[],"yoast_head":"<!-- This site is optimized with the Yoast SEO plugin v27.3 - https:\/\/yoast.com\/product\/yoast-seo-wordpress\/ -->\n<title>Eriarsti vastuv\u00f5tt - Kirurgiakliinik<\/title>\n<meta name=\"robots\" content=\"index, follow, max-snippet:-1, max-image-preview:large, max-video-preview:-1\" \/>\n<link rel=\"canonical\" href=\"https:\/\/www.kliinikum.ee\/kirurgiakliinik\/patsiendile\/eriarstide-vastuvott\/\" \/>\n<meta property=\"og:locale\" content=\"et_EE\" \/>\n<meta property=\"og:type\" content=\"article\" \/>\n<meta property=\"og:title\" content=\"Eriarsti vastuv\u00f5tt - Kirurgiakliinik\" \/>\n<meta property=\"og:description\" content=\"Eriarsti esmasele vastuv\u00f5tule\u00a0saab aega broneerida Terviseportaalis, ePatsiendi\u00a0portaalis, kodulehe\u00a0vormi\u00a0kaudu, k\u00f5nekeskuse telefonil 731 9100 (E-R 07.30-18.00) v\u00f5i registratuuris kohapeal. Vajalik perearsti saatekiri. Visiiditasu 20\u20ac. Vastuv\u00f5tule palume tulla l\u00e4bi registratuuri. T\u00e4psem info eriarsti vastuv\u00f5tule tulemise kohta SIIN\" \/>\n<meta property=\"og:url\" content=\"https:\/\/www.kliinikum.ee\/kirurgiakliinik\/patsiendile\/eriarstide-vastuvott\/\" \/>\n<meta property=\"og:site_name\" content=\"Kirurgiakliinik\" \/>\n<meta property=\"article:modified_time\" content=\"2025-07-08T09:10:59+00:00\" \/>\n<meta name=\"twitter:card\" content=\"summary_large_image\" \/>\n<meta name=\"twitter:label1\" content=\"Est. reading time\" \/>\n\t<meta name=\"twitter:data1\" content=\"1 minut\" \/>\n<script type=\"application\/ld+json\" class=\"yoast-schema-graph\">{\"@context\":\"https:\\\/\\\/schema.org\",\"@graph\":[{\"@type\":\"WebPage\",\"@id\":\"https:\\\/\\\/www.kliinikum.ee\\\/kirurgiakliinik\\\/patsiendile\\\/eriarstide-vastuvott\\\/\",\"url\":\"https:\\\/\\\/www.kliinikum.ee\\\/kirurgiakliinik\\\/patsiendile\\\/eriarstide-vastuvott\\\/\",\"name\":\"Eriarsti vastuv\u00f5tt - Kirurgiakliinik\",\"isPartOf\":{\"@id\":\"https:\\\/\\\/www.kliinikum.ee\\\/kirurgiakliinik\\\/#website\"},\"datePublished\":\"2023-04-19T12:56:02+00:00\",\"dateModified\":\"2025-07-08T09:10:59+00:00\",\"breadcrumb\":{\"@id\":\"https:\\\/\\\/www.kliinikum.ee\\\/kirurgiakliinik\\\/patsiendile\\\/eriarstide-vastuvott\\\/#breadcrumb\"},\"inLanguage\":\"et\",\"potentialAction\":[{\"@type\":\"ReadAction\",\"target\":[\"https:\\\/\\\/www.kliinikum.ee\\\/kirurgiakliinik\\\/patsiendile\\\/eriarstide-vastuvott\\\/\"]}]},{\"@type\":\"BreadcrumbList\",\"@id\":\"https:\\\/\\\/www.kliinikum.ee\\\/kirurgiakliinik\\\/patsiendile\\\/eriarstide-vastuvott\\\/#breadcrumb\",\"itemListElement\":[{\"@type\":\"ListItem\",\"position\":1,\"name\":\"Home\",\"item\":\"https:\\\/\\\/www.kliinikum.ee\\\/kirurgiakliinik\\\/\"},{\"@type\":\"ListItem\",\"position\":2,\"name\":\"Patsiendile\",\"item\":\"https:\\\/\\\/www.kliinikum.ee\\\/kirurgiakliinik\\\/patsiendile\\\/\"},{\"@type\":\"ListItem\",\"position\":3,\"name\":\"Eriarsti vastuv\u00f5tt\"}]},{\"@type\":\"WebSite\",\"@id\":\"https:\\\/\\\/www.kliinikum.ee\\\/kirurgiakliinik\\\/#website\",\"url\":\"https:\\\/\\\/www.kliinikum.ee\\\/kirurgiakliinik\\\/\",\"name\":\"Kirurgiakliinik\",\"description\":\"Hoolivus, Uuendusmeelsus, P\u00e4devus ja Usaldusv\u00e4\u00e4rsus\",\"potentialAction\":[{\"@type\":\"SearchAction\",\"target\":{\"@type\":\"EntryPoint\",\"urlTemplate\":\"https:\\\/\\\/www.kliinikum.ee\\\/kirurgiakliinik\\\/?s={search_term_string}\"},\"query-input\":{\"@type\":\"PropertyValueSpecification\",\"valueRequired\":true,\"valueName\":\"search_term_string\"}}],\"inLanguage\":\"et\"}]}<\/script>\n<!-- \/ Yoast SEO plugin. -->","yoast_head_json":{"title":"Eriarsti vastuv\u00f5tt - Kirurgiakliinik","robots":{"index":"index","follow":"follow","max-snippet":"max-snippet:-1","max-image-preview":"max-image-preview:large","max-video-preview":"max-video-preview:-1"},"canonical":"https:\/\/www.kliinikum.ee\/kirurgiakliinik\/patsiendile\/eriarstide-vastuvott\/","og_locale":"et_EE","og_type":"article","og_title":"Eriarsti vastuv\u00f5tt - Kirurgiakliinik","og_description":"Eriarsti esmasele vastuv\u00f5tule\u00a0saab aega broneerida Terviseportaalis, ePatsiendi\u00a0portaalis, kodulehe\u00a0vormi\u00a0kaudu, k\u00f5nekeskuse telefonil 731 9100 (E-R 07.30-18.00) v\u00f5i registratuuris kohapeal. Vajalik perearsti saatekiri. Visiiditasu 20\u20ac. Vastuv\u00f5tule palume tulla l\u00e4bi registratuuri. T\u00e4psem info eriarsti vastuv\u00f5tule tulemise kohta SIIN","og_url":"https:\/\/www.kliinikum.ee\/kirurgiakliinik\/patsiendile\/eriarstide-vastuvott\/","og_site_name":"Kirurgiakliinik","article_modified_time":"2025-07-08T09:10:59+00:00","twitter_card":"summary_large_image","twitter_misc":{"Est. reading time":"1 minut"},"schema":{"@context":"https:\/\/schema.org","@graph":[{"@type":"WebPage","@id":"https:\/\/www.kliinikum.ee\/kirurgiakliinik\/patsiendile\/eriarstide-vastuvott\/","url":"https:\/\/www.kliinikum.ee\/kirurgiakliinik\/patsiendile\/eriarstide-vastuvott\/","name":"Eriarsti vastuv\u00f5tt - Kirurgiakliinik","isPartOf":{"@id":"https:\/\/www.kliinikum.ee\/kirurgiakliinik\/#website"},"datePublished":"2023-04-19T12:56:02+00:00","dateModified":"2025-07-08T09:10:59+00:00","breadcrumb":{"@id":"https:\/\/www.kliinikum.ee\/kirurgiakliinik\/patsiendile\/eriarstide-vastuvott\/#breadcrumb"},"inLanguage":"et","potentialAction":[{"@type":"ReadAction","target":["https:\/\/www.kliinikum.ee\/kirurgiakliinik\/patsiendile\/eriarstide-vastuvott\/"]}]},{"@type":"BreadcrumbList","@id":"https:\/\/www.kliinikum.ee\/kirurgiakliinik\/patsiendile\/eriarstide-vastuvott\/#breadcrumb","itemListElement":[{"@type":"ListItem","position":1,"name":"Home","item":"https:\/\/www.kliinikum.ee\/kirurgiakliinik\/"},{"@type":"ListItem","position":2,"name":"Patsiendile","item":"https:\/\/www.kliinikum.ee\/kirurgiakliinik\/patsiendile\/"},{"@type":"ListItem","position":3,"name":"Eriarsti vastuv\u00f5tt"}]},{"@type":"WebSite","@id":"https:\/\/www.kliinikum.ee\/kirurgiakliinik\/#website","url":"https:\/\/www.kliinikum.ee\/kirurgiakliinik\/","name":"Kirurgiakliinik","description":"Hoolivus, Uuendusmeelsus, P\u00e4devus ja Usaldusv\u00e4\u00e4rsus","potentialAction":[{"@type":"SearchAction","target":{"@type":"EntryPoint","urlTemplate":"https:\/\/www.kliinikum.ee\/kirurgiakliinik\/?s={search_term_string}"},"query-input":{"@type":"PropertyValueSpecification","valueRequired":true,"valueName":"search_term_string"}}],"inLanguage":"et"}]}},"uagb_featured_image_src":{"full":false,"thumbnail":false,"medium":false,"medium_large":false,"large":false,"1536x1536":false,"2048x2048":false},"uagb_author_info":{"display_name":"Jane Freimann","author_link":"https:\/\/www.kliinikum.ee\/kirurgiakliinik\/author\/janef\/"},"uagb_comment_info":0,"uagb_excerpt":"Eriarsti esmasele vastuv\u00f5tule\u00a0saab aega broneerida Terviseportaalis, ePatsiendi\u00a0portaalis, kodulehe\u00a0vormi\u00a0kaudu, k\u00f5nekeskuse telefonil 731 9100 (E-R 07.30-18.00) v\u00f5i registratuuris kohapeal. Vajalik perearsti saatekiri. Visiiditasu 20\u20ac. Vastuv\u00f5tule palume tulla l\u00e4bi registratuuri. T\u00e4psem info eriarsti vastuv\u00f5tule tulemise kohta SIIN","_links":{"self":[{"href":"https:\/\/www.kliinikum.ee\/kirurgiakliinik\/wp-json\/wp\/v2\/pages\/6228","targetHints":{"allow":["GET"]}}],"collection":[{"href":"https:\/\/www.kliinikum.ee\/kirurgiakliinik\/wp-json\/wp\/v2\/pages"}],"about":[{"href":"https:\/\/www.kliinikum.ee\/kirurgiakliinik\/wp-json\/wp\/v2\/types\/page"}],"author":[{"embeddable":true,"href":"https:\/\/www.kliinikum.ee\/kirurgiakliinik\/wp-json\/wp\/v2\/users\/32"}],"replies":[{"embeddable":true,"href":"https:\/\/www.kliinikum.ee\/kirurgiakliinik\/wp-json\/wp\/v2\/comments?post=6228"}],"version-history":[{"count":0,"href":"https:\/\/www.kliinikum.ee\/kirurgiakliinik\/wp-json\/wp\/v2\/pages\/6228\/revisions"}],"up":[{"embeddable":true,"href":"https:\/\/www.kliinikum.ee\/kirurgiakliinik\/wp-json\/wp\/v2\/pages\/15"}],"wp:attachment":[{"href":"https:\/\/www.kliinikum.ee\/kirurgiakliinik\/wp-json\/wp\/v2\/media?parent=6228"}],"curies":[{"name":"wp","href":"https:\/\/api.w.org\/{rel}","templated":true}]}}