{"id":6393,"date":"2023-08-24T12:06:25","date_gmt":"2023-08-24T10:06:25","guid":{"rendered":"https:\/\/www.kliinikum.ee\/kirurgiakliinik\/?page_id=6393"},"modified":"2026-01-30T11:04:51","modified_gmt":"2026-01-30T09:04:51","slug":"ambulatoorne-ravi","status":"publish","type":"page","link":"https:\/\/www.kliinikum.ee\/kirurgiakliinik\/patsiendile\/ravile-tulijale\/ambulatoorne-ravi\/","title":{"rendered":"Ambulatoorne ravi"},"content":{"rendered":"\n<p>Ambulatoorses kirurgias toimuvad patsientide vastuv\u00f5tud koos pisiprotseduuridega (varbak\u00fc\u00fcnte eemaldamine, haavandite sidumine, ts\u00fcstoskoopia, jm). Vastuv\u00f5tu pikkuseks on planeeritud 15 min-25 min. Protseduuridele kuluv aeg orienteeruvalt 30min-1 tund.<\/p>\n\n\n\n<p>Ambulatoorsele vastuv\u00f5tule registreerimine telefonil&nbsp; 731 9100, \u00fcleriigilises digiregistratuuris, portaali ePatsient kaudu v\u00f5i kodulehe vormi kaudu. Vastuv\u00f5tule tuleb tulla l\u00e4bi registratuuri v\u00e4hemalt 20 min enne vastuv\u00f5tu aega. &nbsp;<\/p>\n","protected":false},"excerpt":{"rendered":"<p>Ambulatoorses kirurgias toimuvad patsientide vastuv\u00f5tud koos pisiprotseduuridega (varbak\u00fc\u00fcnte eemaldamine, haavandite sidumine, ts\u00fcstoskoopia, jm). Vastuv\u00f5tu pikkuseks on planeeritud 15 min-25 min. Protseduuridele kuluv aeg orienteeruvalt 30min-1 tund. Ambulatoorsele vastuv\u00f5tule registreerimine telefonil&nbsp; 731 9100, \u00fcleriigilises digiregistratuuris, portaali ePatsient kaudu v\u00f5i kodulehe vormi kaudu. Vastuv\u00f5tule tuleb tulla l\u00e4bi registratuuri v\u00e4hemalt 20 min enne vastuv\u00f5tu aega. &nbsp;<\/p>\n","protected":false},"author":32,"featured_media":0,"parent":6385,"menu_order":2,"comment_status":"closed","ping_status":"closed","template":"","meta":{"_acf_changed":false,"_uag_custom_page_level_css":"","footnotes":""},"class_list":["post-6393","page","type-page","status-publish","hentry"],"acf":[],"yoast_head":"<!-- This site is optimized with the Yoast SEO plugin v27.3 - https:\/\/yoast.com\/product\/yoast-seo-wordpress\/ -->\n<title>Ambulatoorne ravi - Kirurgiakliinik<\/title>\n<meta name=\"robots\" content=\"index, follow, max-snippet:-1, max-image-preview:large, max-video-preview:-1\" \/>\n<link rel=\"canonical\" href=\"https:\/\/www.kliinikum.ee\/kirurgiakliinik\/patsiendile\/ravile-tulijale\/ambulatoorne-ravi\/\" \/>\n<meta property=\"og:locale\" content=\"et_EE\" \/>\n<meta property=\"og:type\" content=\"article\" \/>\n<meta property=\"og:title\" content=\"Ambulatoorne ravi - Kirurgiakliinik\" \/>\n<meta property=\"og:description\" content=\"Ambulatoorses kirurgias toimuvad patsientide vastuv\u00f5tud koos pisiprotseduuridega (varbak\u00fc\u00fcnte eemaldamine, haavandite sidumine, ts\u00fcstoskoopia, jm). Vastuv\u00f5tu pikkuseks on planeeritud 15 min-25 min. Protseduuridele kuluv aeg orienteeruvalt 30min-1 tund. Ambulatoorsele vastuv\u00f5tule registreerimine telefonil&nbsp; 731 9100, \u00fcleriigilises digiregistratuuris, portaali ePatsient kaudu v\u00f5i kodulehe vormi kaudu. Vastuv\u00f5tule tuleb tulla l\u00e4bi registratuuri v\u00e4hemalt 20 min enne vastuv\u00f5tu aega. &nbsp;\" \/>\n<meta property=\"og:url\" content=\"https:\/\/www.kliinikum.ee\/kirurgiakliinik\/patsiendile\/ravile-tulijale\/ambulatoorne-ravi\/\" \/>\n<meta property=\"og:site_name\" content=\"Kirurgiakliinik\" \/>\n<meta property=\"article:modified_time\" content=\"2026-01-30T09:04:51+00:00\" \/>\n<meta name=\"twitter:card\" content=\"summary_large_image\" \/>\n<meta name=\"twitter:label1\" content=\"Est. reading time\" \/>\n\t<meta name=\"twitter:data1\" content=\"1 minut\" \/>\n<script type=\"application\/ld+json\" class=\"yoast-schema-graph\">{\"@context\":\"https:\\\/\\\/schema.org\",\"@graph\":[{\"@type\":\"WebPage\",\"@id\":\"https:\\\/\\\/www.kliinikum.ee\\\/kirurgiakliinik\\\/patsiendile\\\/ravile-tulijale\\\/ambulatoorne-ravi\\\/\",\"url\":\"https:\\\/\\\/www.kliinikum.ee\\\/kirurgiakliinik\\\/patsiendile\\\/ravile-tulijale\\\/ambulatoorne-ravi\\\/\",\"name\":\"Ambulatoorne ravi - Kirurgiakliinik\",\"isPartOf\":{\"@id\":\"https:\\\/\\\/www.kliinikum.ee\\\/kirurgiakliinik\\\/#website\"},\"datePublished\":\"2023-08-24T10:06:25+00:00\",\"dateModified\":\"2026-01-30T09:04:51+00:00\",\"breadcrumb\":{\"@id\":\"https:\\\/\\\/www.kliinikum.ee\\\/kirurgiakliinik\\\/patsiendile\\\/ravile-tulijale\\\/ambulatoorne-ravi\\\/#breadcrumb\"},\"inLanguage\":\"et\",\"potentialAction\":[{\"@type\":\"ReadAction\",\"target\":[\"https:\\\/\\\/www.kliinikum.ee\\\/kirurgiakliinik\\\/patsiendile\\\/ravile-tulijale\\\/ambulatoorne-ravi\\\/\"]}]},{\"@type\":\"BreadcrumbList\",\"@id\":\"https:\\\/\\\/www.kliinikum.ee\\\/kirurgiakliinik\\\/patsiendile\\\/ravile-tulijale\\\/ambulatoorne-ravi\\\/#breadcrumb\",\"itemListElement\":[{\"@type\":\"ListItem\",\"position\":1,\"name\":\"Home\",\"item\":\"https:\\\/\\\/www.kliinikum.ee\\\/kirurgiakliinik\\\/\"},{\"@type\":\"ListItem\",\"position\":2,\"name\":\"Patsiendile\",\"item\":\"https:\\\/\\\/www.kliinikum.ee\\\/kirurgiakliinik\\\/patsiendile\\\/\"},{\"@type\":\"ListItem\",\"position\":3,\"name\":\"Ravile tulijale\",\"item\":\"https:\\\/\\\/www.kliinikum.ee\\\/kirurgiakliinik\\\/patsiendile\\\/ravile-tulijale\\\/\"},{\"@type\":\"ListItem\",\"position\":4,\"name\":\"Ambulatoorne ravi\"}]},{\"@type\":\"WebSite\",\"@id\":\"https:\\\/\\\/www.kliinikum.ee\\\/kirurgiakliinik\\\/#website\",\"url\":\"https:\\\/\\\/www.kliinikum.ee\\\/kirurgiakliinik\\\/\",\"name\":\"Kirurgiakliinik\",\"description\":\"Hoolivus, Uuendusmeelsus, P\u00e4devus ja Usaldusv\u00e4\u00e4rsus\",\"potentialAction\":[{\"@type\":\"SearchAction\",\"target\":{\"@type\":\"EntryPoint\",\"urlTemplate\":\"https:\\\/\\\/www.kliinikum.ee\\\/kirurgiakliinik\\\/?s={search_term_string}\"},\"query-input\":{\"@type\":\"PropertyValueSpecification\",\"valueRequired\":true,\"valueName\":\"search_term_string\"}}],\"inLanguage\":\"et\"}]}<\/script>\n<!-- \/ Yoast SEO plugin. -->","yoast_head_json":{"title":"Ambulatoorne ravi - Kirurgiakliinik","robots":{"index":"index","follow":"follow","max-snippet":"max-snippet:-1","max-image-preview":"max-image-preview:large","max-video-preview":"max-video-preview:-1"},"canonical":"https:\/\/www.kliinikum.ee\/kirurgiakliinik\/patsiendile\/ravile-tulijale\/ambulatoorne-ravi\/","og_locale":"et_EE","og_type":"article","og_title":"Ambulatoorne ravi - Kirurgiakliinik","og_description":"Ambulatoorses kirurgias toimuvad patsientide vastuv\u00f5tud koos pisiprotseduuridega (varbak\u00fc\u00fcnte eemaldamine, haavandite sidumine, ts\u00fcstoskoopia, jm). Vastuv\u00f5tu pikkuseks on planeeritud 15 min-25 min. Protseduuridele kuluv aeg orienteeruvalt 30min-1 tund. Ambulatoorsele vastuv\u00f5tule registreerimine telefonil&nbsp; 731 9100, \u00fcleriigilises digiregistratuuris, portaali ePatsient kaudu v\u00f5i kodulehe vormi kaudu. Vastuv\u00f5tule tuleb tulla l\u00e4bi registratuuri v\u00e4hemalt 20 min enne vastuv\u00f5tu aega. &nbsp;","og_url":"https:\/\/www.kliinikum.ee\/kirurgiakliinik\/patsiendile\/ravile-tulijale\/ambulatoorne-ravi\/","og_site_name":"Kirurgiakliinik","article_modified_time":"2026-01-30T09:04:51+00:00","twitter_card":"summary_large_image","twitter_misc":{"Est. reading time":"1 minut"},"schema":{"@context":"https:\/\/schema.org","@graph":[{"@type":"WebPage","@id":"https:\/\/www.kliinikum.ee\/kirurgiakliinik\/patsiendile\/ravile-tulijale\/ambulatoorne-ravi\/","url":"https:\/\/www.kliinikum.ee\/kirurgiakliinik\/patsiendile\/ravile-tulijale\/ambulatoorne-ravi\/","name":"Ambulatoorne ravi - Kirurgiakliinik","isPartOf":{"@id":"https:\/\/www.kliinikum.ee\/kirurgiakliinik\/#website"},"datePublished":"2023-08-24T10:06:25+00:00","dateModified":"2026-01-30T09:04:51+00:00","breadcrumb":{"@id":"https:\/\/www.kliinikum.ee\/kirurgiakliinik\/patsiendile\/ravile-tulijale\/ambulatoorne-ravi\/#breadcrumb"},"inLanguage":"et","potentialAction":[{"@type":"ReadAction","target":["https:\/\/www.kliinikum.ee\/kirurgiakliinik\/patsiendile\/ravile-tulijale\/ambulatoorne-ravi\/"]}]},{"@type":"BreadcrumbList","@id":"https:\/\/www.kliinikum.ee\/kirurgiakliinik\/patsiendile\/ravile-tulijale\/ambulatoorne-ravi\/#breadcrumb","itemListElement":[{"@type":"ListItem","position":1,"name":"Home","item":"https:\/\/www.kliinikum.ee\/kirurgiakliinik\/"},{"@type":"ListItem","position":2,"name":"Patsiendile","item":"https:\/\/www.kliinikum.ee\/kirurgiakliinik\/patsiendile\/"},{"@type":"ListItem","position":3,"name":"Ravile tulijale","item":"https:\/\/www.kliinikum.ee\/kirurgiakliinik\/patsiendile\/ravile-tulijale\/"},{"@type":"ListItem","position":4,"name":"Ambulatoorne ravi"}]},{"@type":"WebSite","@id":"https:\/\/www.kliinikum.ee\/kirurgiakliinik\/#website","url":"https:\/\/www.kliinikum.ee\/kirurgiakliinik\/","name":"Kirurgiakliinik","description":"Hoolivus, Uuendusmeelsus, P\u00e4devus ja Usaldusv\u00e4\u00e4rsus","potentialAction":[{"@type":"SearchAction","target":{"@type":"EntryPoint","urlTemplate":"https:\/\/www.kliinikum.ee\/kirurgiakliinik\/?s={search_term_string}"},"query-input":{"@type":"PropertyValueSpecification","valueRequired":true,"valueName":"search_term_string"}}],"inLanguage":"et"}]}},"uagb_featured_image_src":{"full":false,"thumbnail":false,"medium":false,"medium_large":false,"large":false,"1536x1536":false,"2048x2048":false},"uagb_author_info":{"display_name":"Jane Freimann","author_link":"https:\/\/www.kliinikum.ee\/kirurgiakliinik\/author\/janef\/"},"uagb_comment_info":0,"uagb_excerpt":"Ambulatoorses kirurgias toimuvad patsientide vastuv\u00f5tud koos pisiprotseduuridega (varbak\u00fc\u00fcnte eemaldamine, haavandite sidumine, ts\u00fcstoskoopia, jm). Vastuv\u00f5tu pikkuseks on planeeritud 15 min-25 min. Protseduuridele kuluv aeg orienteeruvalt 30min-1 tund. Ambulatoorsele vastuv\u00f5tule registreerimine telefonil&nbsp; 731 9100, \u00fcleriigilises digiregistratuuris, portaali ePatsient kaudu v\u00f5i kodulehe vormi kaudu. Vastuv\u00f5tule tuleb tulla l\u00e4bi registratuuri v\u00e4hemalt 20 min enne vastuv\u00f5tu aega. &nbsp;","_links":{"self":[{"href":"https:\/\/www.kliinikum.ee\/kirurgiakliinik\/wp-json\/wp\/v2\/pages\/6393","targetHints":{"allow":["GET"]}}],"collection":[{"href":"https:\/\/www.kliinikum.ee\/kirurgiakliinik\/wp-json\/wp\/v2\/pages"}],"about":[{"href":"https:\/\/www.kliinikum.ee\/kirurgiakliinik\/wp-json\/wp\/v2\/types\/page"}],"author":[{"embeddable":true,"href":"https:\/\/www.kliinikum.ee\/kirurgiakliinik\/wp-json\/wp\/v2\/users\/32"}],"replies":[{"embeddable":true,"href":"https:\/\/www.kliinikum.ee\/kirurgiakliinik\/wp-json\/wp\/v2\/comments?post=6393"}],"version-history":[{"count":0,"href":"https:\/\/www.kliinikum.ee\/kirurgiakliinik\/wp-json\/wp\/v2\/pages\/6393\/revisions"}],"up":[{"embeddable":true,"href":"https:\/\/www.kliinikum.ee\/kirurgiakliinik\/wp-json\/wp\/v2\/pages\/6385"}],"wp:attachment":[{"href":"https:\/\/www.kliinikum.ee\/kirurgiakliinik\/wp-json\/wp\/v2\/media?parent=6393"}],"curies":[{"name":"wp","href":"https:\/\/api.w.org\/{rel}","templated":true}]}}