{"id":6396,"date":"2023-08-24T12:07:30","date_gmt":"2023-08-24T10:07:30","guid":{"rendered":"https:\/\/www.kliinikum.ee\/kirurgiakliinik\/?page_id=6396"},"modified":"2026-01-30T11:00:31","modified_gmt":"2026-01-30T09:00:31","slug":"paevakirurgiline-operatsioon","status":"publish","type":"page","link":"https:\/\/www.kliinikum.ee\/kirurgiakliinik\/paevakirurgiline-operatsioon\/","title":{"rendered":"P\u00e4evakirurgiline operatsioon"},"content":{"rendered":"\n<p><strong>Hea patsient!<\/strong><\/p>\n\n\n\n<p>Tulles p\u00e4evakirurgilisele operatsioonile, p\u00f6\u00f6rduge esmalt L. Puusepa t\u00e4nava poolsesse registratuuri, kus j\u00e4rjekorra automaadist valige p\u00e4evakirurgia. Registratuur on avatud E\u2013R 08.00\u201317.00. \u00dcleriided j\u00e4tke haigla garderoobi.<\/p>\n\n\n\n<p><strong>Operatsioonile tulles kaasa v\u00f5tta<\/strong>:<\/p>\n\n\n\n<ul class=\"wp-block-list\">\n<li>isikut t\u00f5endav dokument<\/li>\n\n\n\n<li>t\u00e4idetud anesteesia-eelne k\u00fcsitlusleht<\/li>\n<\/ul>\n\n\n\n<p><strong>Operatsiooni ei toimu, kui<\/strong><\/p>\n\n\n\n<ul class=\"wp-block-list\">\n<li>Te olete haige (k\u00f6ha, nohu, palavik, vms)<\/li>\n\n\n\n<li>Teil on kroonilise haiguse \u00e4genemine<\/li>\n<\/ul>\n\n\n\n<p>Eelnimetatud p\u00f5hjustest teavitage telefoni teel oma raviarsti, \u00f5de ja\/v\u00f5i vastava osakonna sekret\u00e4ri ning Teile antakse uus operatsiooni toimumise aeg.&nbsp;<\/p>\n\n\n\n<p><strong>Operatsiooniks ettevalmistus kodus<\/strong><\/p>\n\n\n\n<ul class=\"wp-block-list\">\n<li>Kuus tundi enne haiglasse minekut l\u00f5petage tahke toidu ja j\u00e4\u00e4giga vedelike (piim, keefir, jogurt, viljalihaga mahl) tarbimine. 1 tund enne haiglasse tulekut l\u00f5petage selgete vedelike (vesi, viljalihata mahl, gaseerimata spordijoogid, must kohv, tee) joomine.<\/li>\n\n\n\n<li>\u00c4rge&nbsp; kasutage tubakatooteid (sh. tavasigarette, e-sigarette, n\u00e4rimistubakat) v\u00e4hemalt 24 tundi enne operatsiooni. Suitsetamisest loobumine v\u00e4hemalt 4-6 n\u00e4dalat enne planeeritavat operatsiooni ja suitsuvabaks j\u00e4\u00e4mine v\u00e4hemalt 4 n\u00e4dalat peale operatsiooni v\u00e4hendab operatsiooniga seotud t\u00fcsistuste riski.<\/li>\n\n\n\n<li>\u00c4rge tarbige alkoholi v\u00e4hemalt 48 tundi enne operatsiooni.<\/li>\n\n\n\n<li>Paikse tuimastusega operatsioonide korral, kus rahustite tarvitamine pole vajalik, on soovitav mitte s\u00fc\u00fca 2 tundi enne operatsiooni.<\/li>\n\n\n\n<li>Kui Te v\u00f5tate verd vedeldavaid ravimeid, siis informeerige sellest kindlasti eelnevalt oma raviarsti, kes annab soovitused, kuidas operatsioonieelsel perioodil neid ravimeid v\u00f5tta.<\/li>\n\n\n\n<li>Operatsioonip\u00e4eva hommikul k\u00e4ige du\u0161i all, \u00e4rge kasutage kosmeetikat, k\u00fc\u00fcnelakki, l\u00f5hna\u00f5li. Tehke korda jalad (k\u00fc\u00fcned, kannad).<\/li>\n\n\n\n<li>Operatsioonile tulles riietuge mugavalt, \u00e4rge v\u00f5tke kaasa v\u00e4\u00e4rtesemeid (k.a. ehted) ega suuremat summat raha.<\/li>\n<\/ul>\n\n\n\n<p><strong>Operatsiooniks ettevalmistus haiglas<\/strong><\/p>\n\n\n\n<ul class=\"wp-block-list\">\n<li>P\u00e4evakirurgia osakonnas vormistatakse vajalikud dokumendid ja juhendatakse Teid operatsiooniks ettevalmistumisel.<\/li>\n\n\n\n<li>Operatsioonile eelnevalt peate Te t\u00e4itma ja allkirjastama m\u00f5ned dokumendid (operatsiooniks n\u00f5usoleku leht, anesteesiaeelne k\u00fcsitlusleht, tasulise teenuse korral leping kirurgilise ravi teostamiseks).<\/li>\n\n\n\n<li>Informeerige kirurgi ja narkoosiarsti k\u00f5igist \u00e4gedatest haigustest, krooniliste haiguste \u00e4genemistest, p\u00f5letikulistest protsessidest, allergiatest ja ravimitest mida tarvitate.<\/li>\n\n\n\n<li>Operatsioonile minnes eemaldage lahtised hambaproteesid, kontaktl\u00e4\u00e4tsed, &nbsp;k\u00e4ekell ja ehted.<\/li>\n\n\n\n<li>Operatsiooni piirkonna karvad raseeritakse vajadusel vahetult enne operatsiooni. Palun kodus ise mitte raseerida!<\/li>\n<\/ul>\n\n\n\n<p><strong>P\u00e4rast operatsiooni haiglas<\/strong><\/p>\n\n\n\n<ul class=\"wp-block-list\">\n<li>Teid j\u00e4lgitakse m\u00f5ne tunni jooksul anesteesia m\u00f6\u00f6dumiseni ning kontrollitakse operatsiooni piirkonda.<\/li>\n\n\n\n<li>Saate kerge eine.<\/li>\n\n\n\n<li>Enamasti lubatakse p\u00e4evakirurgia patsiendid p\u00e4rast operatsiooni koju samal p\u00e4eval.<\/li>\n\n\n\n<li>Operatsiooni k\u00e4igus manustatud ravimid v\u00f5ivad tekitada uimasust, mist\u00f5ttu soovitame haiglast lahkuda koos saatjaga.<\/li>\n\n\n\n<li>24 tunni jooksul p\u00e4rast operatsiooni \u00e4rge juhtige autot, hoiduge elektriliste kodumasinate kasutamisest ja v\u00f5imalusel \u00e4rge v\u00f5tke vastu t\u00e4htsaid otsuseid.<\/li>\n\n\n\n<li>Vajadusel v\u00e4ljastatakse t\u00f6\u00f6v\u00f5imetusleht. Vajadusel pikendab seda perearst (soovituslikult 2\u22124 n\u00e4dalat).<\/li>\n<\/ul>\n\n\n\n<p><strong>P\u00e4rast operatsiooni kodus<\/strong><\/p>\n\n\n\n<ul class=\"wp-block-list\">\n<li><strong>Valuravi<\/strong>: Heale paranemisele aitab kaasa operatsioonij\u00e4rgse haavavalu vaigistamine. Valuvaigistitest sobivad n\u00e4iteks paratsetamool, ibuprofeen, ketoprofeen vm k\u00e4sim\u00fc\u00fcgi valuvaigisti. Annustamine vastavalt raviarsti soovitustele.<\/li>\n\n\n\n<li><strong>Haavahooldus<\/strong>: Du\u0161i all v\u00f5ib pesta 1.-2. operatsioonij\u00e4rgsel p\u00e4eval (voolava veega haavad loputada, v\u00e4ltida tugevat h\u00f5\u00f5rumist-n\u00fchkimist). Du\u0161i j\u00e4rgselt haavad puhastada antiseptilise lahusega, peale steriilne plaaster. Vanni, kuuma sauna ja ujuma ei soovita minna enne 2 n\u00e4dala m\u00f6\u00f6dumist operatsioonist.<\/li>\n\n\n\n<li><strong>Haavaniidid<\/strong>: Haavaniitide eemaldamine toimub vastavalt soovitustele<\/li>\n\n\n\n<li><strong>F\u00fc\u00fcsiline koormus<\/strong>: S\u00e4\u00e4stev re\u017eiim vastavalt operatsiooni raskusele. See t\u00e4hendab v\u00e4ltida rasket f\u00fc\u00fcsilist t\u00f6\u00f6d ning raskuste t\u00f5stmist.<\/li>\n\n\n\n<li>Normaalselt operatsioonij\u00e4rgselt \u00fcldine enesetunne paraneb iga p\u00e4evaga (suureneb j\u00f5udlus, paraneb s\u00f6\u00f6giisu, v\u00e4heneb haavavalu). Juhul, kui m\u00e4rkate mingeid k\u00f5rvalekaldeid, siis t\u00f6\u00f6p\u00e4evadel p\u00f6\u00f6rduge perearsti poole v\u00f5i v\u00f5tke \u00fchendust raviarstiga (kontaktid leitavad <a href=\"http:\/\/www.kliinikum.ee\/kirurgiakliinik\/kliinikust\/arstid\">www.kliinikum.ee\/kirurgiakliinik\/kliinikust\/arstid<\/a> ). T\u00f6\u00f6v\u00e4lisel ajal\/\u00e4gedate kaebuste (k\u00f5rge palavik, tugev valu, haavast vere\/m\u00e4da eritus, haava lahti minek jms.) tekkimisel p\u00f6\u00f6rduge erakorralise meditsiini osakonda.<\/li>\n\n\n\n<li>T\u00e4psemad ravij\u00e4rgsed juhendid on saadaval ka kodulehel <a href=\"http:\/\/www.kliinikum.ee\/kirurgiakliinik\/patsiendile\/juhendid-parast-ravi\">www.kliinikum.ee\/kirurgiakliinik\/patsiendile\/juhendid-parast-ravi<\/a><\/li>\n<\/ul>\n\n\n\n<p><strong>Telefonid<\/strong><\/p>\n\n\n\n<p>Kliinikumi \u00fcldine infotelefon 7 318 111<\/p>\n\n\n\n<p><\/p>\n\n\n\n<p class=\"has-medium-font-size\"><\/p>\n\n\n\n<p><\/p>\n","protected":false},"excerpt":{"rendered":"<p>Hea patsient! Tulles p\u00e4evakirurgilisele operatsioonile, p\u00f6\u00f6rduge esmalt L. Puusepa t\u00e4nava poolsesse registratuuri, kus j\u00e4rjekorra automaadist valige p\u00e4evakirurgia. Registratuur on avatud E\u2013R 08.00\u201317.00. \u00dcleriided j\u00e4tke haigla garderoobi. Operatsioonile tulles kaasa v\u00f5tta: Operatsiooni ei toimu, kui Eelnimetatud p\u00f5hjustest teavitage telefoni teel oma raviarsti, \u00f5de ja\/v\u00f5i vastava osakonna sekret\u00e4ri ning Teile antakse uus operatsiooni toimumise aeg.&nbsp; Operatsiooniks ettevalmistus [&hellip;]<\/p>\n","protected":false},"author":32,"featured_media":0,"parent":0,"menu_order":0,"comment_status":"closed","ping_status":"closed","template":"","meta":{"_acf_changed":false,"_uag_custom_page_level_css":"","footnotes":""},"class_list":["post-6396","page","type-page","status-publish","hentry"],"acf":[],"yoast_head":"<!-- This site is optimized with the Yoast SEO plugin v27.3 - https:\/\/yoast.com\/product\/yoast-seo-wordpress\/ -->\n<title>P\u00e4evakirurgiline operatsioon - Kirurgiakliinik<\/title>\n<meta name=\"robots\" content=\"index, follow, max-snippet:-1, max-image-preview:large, max-video-preview:-1\" \/>\n<link rel=\"canonical\" href=\"https:\/\/www.kliinikum.ee\/kirurgiakliinik\/paevakirurgiline-operatsioon\/\" \/>\n<meta property=\"og:locale\" content=\"et_EE\" \/>\n<meta property=\"og:type\" content=\"article\" \/>\n<meta property=\"og:title\" content=\"P\u00e4evakirurgiline operatsioon - Kirurgiakliinik\" \/>\n<meta property=\"og:description\" content=\"Hea patsient! Tulles p\u00e4evakirurgilisele operatsioonile, p\u00f6\u00f6rduge esmalt L. Puusepa t\u00e4nava poolsesse registratuuri, kus j\u00e4rjekorra automaadist valige p\u00e4evakirurgia. Registratuur on avatud E\u2013R 08.00\u201317.00. \u00dcleriided j\u00e4tke haigla garderoobi. Operatsioonile tulles kaasa v\u00f5tta: Operatsiooni ei toimu, kui Eelnimetatud p\u00f5hjustest teavitage telefoni teel oma raviarsti, \u00f5de ja\/v\u00f5i vastava osakonna sekret\u00e4ri ning Teile antakse uus operatsiooni toimumise aeg.&nbsp; Operatsiooniks ettevalmistus [&hellip;]\" \/>\n<meta property=\"og:url\" content=\"https:\/\/www.kliinikum.ee\/kirurgiakliinik\/paevakirurgiline-operatsioon\/\" \/>\n<meta property=\"og:site_name\" content=\"Kirurgiakliinik\" \/>\n<meta property=\"article:modified_time\" content=\"2026-01-30T09:00:31+00:00\" \/>\n<meta name=\"twitter:card\" content=\"summary_large_image\" \/>\n<meta name=\"twitter:label1\" content=\"Est. reading time\" \/>\n\t<meta name=\"twitter:data1\" content=\"3 minutit\" \/>\n<script type=\"application\/ld+json\" class=\"yoast-schema-graph\">{\"@context\":\"https:\\\/\\\/schema.org\",\"@graph\":[{\"@type\":\"WebPage\",\"@id\":\"https:\\\/\\\/www.kliinikum.ee\\\/kirurgiakliinik\\\/paevakirurgiline-operatsioon\\\/\",\"url\":\"https:\\\/\\\/www.kliinikum.ee\\\/kirurgiakliinik\\\/paevakirurgiline-operatsioon\\\/\",\"name\":\"P\u00e4evakirurgiline operatsioon - Kirurgiakliinik\",\"isPartOf\":{\"@id\":\"https:\\\/\\\/www.kliinikum.ee\\\/kirurgiakliinik\\\/#website\"},\"datePublished\":\"2023-08-24T10:07:30+00:00\",\"dateModified\":\"2026-01-30T09:00:31+00:00\",\"breadcrumb\":{\"@id\":\"https:\\\/\\\/www.kliinikum.ee\\\/kirurgiakliinik\\\/paevakirurgiline-operatsioon\\\/#breadcrumb\"},\"inLanguage\":\"et\",\"potentialAction\":[{\"@type\":\"ReadAction\",\"target\":[\"https:\\\/\\\/www.kliinikum.ee\\\/kirurgiakliinik\\\/paevakirurgiline-operatsioon\\\/\"]}]},{\"@type\":\"BreadcrumbList\",\"@id\":\"https:\\\/\\\/www.kliinikum.ee\\\/kirurgiakliinik\\\/paevakirurgiline-operatsioon\\\/#breadcrumb\",\"itemListElement\":[{\"@type\":\"ListItem\",\"position\":1,\"name\":\"Home\",\"item\":\"https:\\\/\\\/www.kliinikum.ee\\\/kirurgiakliinik\\\/\"},{\"@type\":\"ListItem\",\"position\":2,\"name\":\"P\u00e4evakirurgiline operatsioon\"}]},{\"@type\":\"WebSite\",\"@id\":\"https:\\\/\\\/www.kliinikum.ee\\\/kirurgiakliinik\\\/#website\",\"url\":\"https:\\\/\\\/www.kliinikum.ee\\\/kirurgiakliinik\\\/\",\"name\":\"Kirurgiakliinik\",\"description\":\"Hoolivus, Uuendusmeelsus, P\u00e4devus ja Usaldusv\u00e4\u00e4rsus\",\"potentialAction\":[{\"@type\":\"SearchAction\",\"target\":{\"@type\":\"EntryPoint\",\"urlTemplate\":\"https:\\\/\\\/www.kliinikum.ee\\\/kirurgiakliinik\\\/?s={search_term_string}\"},\"query-input\":{\"@type\":\"PropertyValueSpecification\",\"valueRequired\":true,\"valueName\":\"search_term_string\"}}],\"inLanguage\":\"et\"}]}<\/script>\n<!-- \/ Yoast SEO plugin. -->","yoast_head_json":{"title":"P\u00e4evakirurgiline operatsioon - Kirurgiakliinik","robots":{"index":"index","follow":"follow","max-snippet":"max-snippet:-1","max-image-preview":"max-image-preview:large","max-video-preview":"max-video-preview:-1"},"canonical":"https:\/\/www.kliinikum.ee\/kirurgiakliinik\/paevakirurgiline-operatsioon\/","og_locale":"et_EE","og_type":"article","og_title":"P\u00e4evakirurgiline operatsioon - Kirurgiakliinik","og_description":"Hea patsient! Tulles p\u00e4evakirurgilisele operatsioonile, p\u00f6\u00f6rduge esmalt L. Puusepa t\u00e4nava poolsesse registratuuri, kus j\u00e4rjekorra automaadist valige p\u00e4evakirurgia. Registratuur on avatud E\u2013R 08.00\u201317.00. \u00dcleriided j\u00e4tke haigla garderoobi. Operatsioonile tulles kaasa v\u00f5tta: Operatsiooni ei toimu, kui Eelnimetatud p\u00f5hjustest teavitage telefoni teel oma raviarsti, \u00f5de ja\/v\u00f5i vastava osakonna sekret\u00e4ri ning Teile antakse uus operatsiooni toimumise aeg.&nbsp; Operatsiooniks ettevalmistus [&hellip;]","og_url":"https:\/\/www.kliinikum.ee\/kirurgiakliinik\/paevakirurgiline-operatsioon\/","og_site_name":"Kirurgiakliinik","article_modified_time":"2026-01-30T09:00:31+00:00","twitter_card":"summary_large_image","twitter_misc":{"Est. reading time":"3 minutit"},"schema":{"@context":"https:\/\/schema.org","@graph":[{"@type":"WebPage","@id":"https:\/\/www.kliinikum.ee\/kirurgiakliinik\/paevakirurgiline-operatsioon\/","url":"https:\/\/www.kliinikum.ee\/kirurgiakliinik\/paevakirurgiline-operatsioon\/","name":"P\u00e4evakirurgiline operatsioon - Kirurgiakliinik","isPartOf":{"@id":"https:\/\/www.kliinikum.ee\/kirurgiakliinik\/#website"},"datePublished":"2023-08-24T10:07:30+00:00","dateModified":"2026-01-30T09:00:31+00:00","breadcrumb":{"@id":"https:\/\/www.kliinikum.ee\/kirurgiakliinik\/paevakirurgiline-operatsioon\/#breadcrumb"},"inLanguage":"et","potentialAction":[{"@type":"ReadAction","target":["https:\/\/www.kliinikum.ee\/kirurgiakliinik\/paevakirurgiline-operatsioon\/"]}]},{"@type":"BreadcrumbList","@id":"https:\/\/www.kliinikum.ee\/kirurgiakliinik\/paevakirurgiline-operatsioon\/#breadcrumb","itemListElement":[{"@type":"ListItem","position":1,"name":"Home","item":"https:\/\/www.kliinikum.ee\/kirurgiakliinik\/"},{"@type":"ListItem","position":2,"name":"P\u00e4evakirurgiline operatsioon"}]},{"@type":"WebSite","@id":"https:\/\/www.kliinikum.ee\/kirurgiakliinik\/#website","url":"https:\/\/www.kliinikum.ee\/kirurgiakliinik\/","name":"Kirurgiakliinik","description":"Hoolivus, Uuendusmeelsus, P\u00e4devus ja Usaldusv\u00e4\u00e4rsus","potentialAction":[{"@type":"SearchAction","target":{"@type":"EntryPoint","urlTemplate":"https:\/\/www.kliinikum.ee\/kirurgiakliinik\/?s={search_term_string}"},"query-input":{"@type":"PropertyValueSpecification","valueRequired":true,"valueName":"search_term_string"}}],"inLanguage":"et"}]}},"uagb_featured_image_src":{"full":false,"thumbnail":false,"medium":false,"medium_large":false,"large":false,"1536x1536":false,"2048x2048":false},"uagb_author_info":{"display_name":"Jane Freimann","author_link":"https:\/\/www.kliinikum.ee\/kirurgiakliinik\/author\/janef\/"},"uagb_comment_info":0,"uagb_excerpt":"Hea patsient! Tulles p\u00e4evakirurgilisele operatsioonile, p\u00f6\u00f6rduge esmalt L. Puusepa t\u00e4nava poolsesse registratuuri, kus j\u00e4rjekorra automaadist valige p\u00e4evakirurgia. Registratuur on avatud E\u2013R 08.00\u201317.00. \u00dcleriided j\u00e4tke haigla garderoobi. Operatsioonile tulles kaasa v\u00f5tta: Operatsiooni ei toimu, kui Eelnimetatud p\u00f5hjustest teavitage telefoni teel oma raviarsti, \u00f5de ja\/v\u00f5i vastava osakonna sekret\u00e4ri ning Teile antakse uus operatsiooni toimumise aeg.&nbsp; Operatsiooniks ettevalmistus&hellip;","_links":{"self":[{"href":"https:\/\/www.kliinikum.ee\/kirurgiakliinik\/wp-json\/wp\/v2\/pages\/6396","targetHints":{"allow":["GET"]}}],"collection":[{"href":"https:\/\/www.kliinikum.ee\/kirurgiakliinik\/wp-json\/wp\/v2\/pages"}],"about":[{"href":"https:\/\/www.kliinikum.ee\/kirurgiakliinik\/wp-json\/wp\/v2\/types\/page"}],"author":[{"embeddable":true,"href":"https:\/\/www.kliinikum.ee\/kirurgiakliinik\/wp-json\/wp\/v2\/users\/32"}],"replies":[{"embeddable":true,"href":"https:\/\/www.kliinikum.ee\/kirurgiakliinik\/wp-json\/wp\/v2\/comments?post=6396"}],"version-history":[{"count":0,"href":"https:\/\/www.kliinikum.ee\/kirurgiakliinik\/wp-json\/wp\/v2\/pages\/6396\/revisions"}],"wp:attachment":[{"href":"https:\/\/www.kliinikum.ee\/kirurgiakliinik\/wp-json\/wp\/v2\/media?parent=6396"}],"curies":[{"name":"wp","href":"https:\/\/api.w.org\/{rel}","templated":true}]}}