{"id":6428,"date":"2023-08-24T13:10:23","date_gmt":"2023-08-24T11:10:23","guid":{"rendered":"https:\/\/www.kliinikum.ee\/kirurgiakliinik\/?page_id=6428"},"modified":"2026-03-09T08:54:09","modified_gmt":"2026-03-09T06:54:09","slug":"arstid","status":"publish","type":"page","link":"https:\/\/www.kliinikum.ee\/kirurgiakliinik\/kliinikust\/arstid\/","title":{"rendered":"Arstid"},"content":{"rendered":"\n<h3 class=\"wp-block-heading has-large-font-size\"><strong>Administratsioon<\/strong><\/h3>\n\n\n\n<figure class=\"wp-block-table\"><table class=\"has-fixed-layout\"><tbody><tr><td><\/td><td><\/td><td><\/td><td><\/td><\/tr><tr><td><a href=\"file:\/\/\/U:\/My%20documents\/Kirugiakliinik\/KODULEHT\/Uus%20kaust\/CV%20kodulehele%20(M.%20Murruste).pdf\">M<\/a><a href=\"https:\/\/www.kliinikum.ee\/kirurgiakliinik\/wp-content\/uploads\/2023\/11\/CV-M.-Murruste.pdf\">arko Murruste<\/a><br><\/td><td>Kliinikujuht, vanemarst-\u00f5ppej\u00f5ud, \u00fcldkirurg<br><\/td><td>7318065<br><\/td><td><a href=\"mailto:marko.murruste@kliinikum.ee\">marko.murruste@kliinikum.ee<\/a><br><\/td><\/tr><tr><td><a href=\"https:\/\/www.kliinikum.ee\/kirurgiakliinik\/wp-content\/uploads\/2023\/11\/CV-U.-Lepner.pdf\">Urmas Lepner<\/a><\/td><td>\u00dclemarst-\u00f5ppej\u00f5ud, \u00fcldkirurg<\/td><td>7318201<\/td><td><a href=\"mailto:urmas.lepner@kliinikum.ee\">urmas.lepner@kliinikum.ee<\/a><\/td><\/tr><\/tbody><\/table><\/figure>\n\n\n\n<p class=\"has-large-font-size\"><strong>Abdominaalkirurgia osakond<\/strong><\/p>\n\n\n\n<figure class=\"wp-block-table\"><table class=\"has-fixed-layout\"><tbody><tr><td><\/td><td><\/td><td><\/td><td><\/td><\/tr><tr><td><a href=\"https:\/\/www.kliinikum.ee\/kirurgiakliinik\/wp-content\/uploads\/2024\/01\/CV-A.-Uksov.pdf\">Andrei Uksov<\/a><\/td><td>Osakonnajuht, vanemarst-\u00f5ppej\u00f5ud, \u00fcldkirurg, <\/td><td>7318230<\/td><td><a href=\"mailto:andrei.uksov@kliinikum.ee\">andrei.uksov@kliinikum.ee<\/a><\/td><\/tr><tr><td><a href=\"https:\/\/www.kliinikum.ee\/kirurgiakliinik\/wp-content\/uploads\/2023\/11\/CV-T.-Sillakivi.pdf\">Toomas Sillakivi<\/a><\/td><td>Vanemarst-\u00f5ppej\u00f5ud, \u00fcldkirurg<\/td><td>7318249<\/td><td><a href=\"mailto:toomas.sillakivi@kliinikum.ee\">toomas.sillakivi@kliinikum.ee<\/a><\/td><\/tr><tr><td>Margot Peetsalu<\/td><td>Vanemarst-\u00f5ppej\u00f5ud, \u00fcldkirurg<\/td><td>7318061<\/td><td><a href=\"mailto:margot.peetsalu@kliinikum.ee\">margot.peetsalu@kliinikum.ee<\/a><\/td><\/tr><tr><td>Andres Tein<\/td><td>Vanemarst-\u00f5ppej\u00f5ud, \u00fcldkirurg<\/td><td>7318249<\/td><td><a href=\"mailto:andres.tein@kliinikum.ee\">andres.tein@kliinikum.ee<\/a><\/td><\/tr><tr><td><a href=\"https:\/\/www.kliinikum.ee\/kirurgiakliinik\/wp-content\/uploads\/2024\/04\/CV-kodulehele-J.-Suumann.pdf\">Jaanus Suumann<\/a><\/td><td>Vanemarst-\u00f5ppej\u00f5ud, \u00fcldkirurg<\/td><td>7319082<\/td><td><a href=\"mailto:jaanus.suumann@kliinikum.ee\">jaanus.suumann@kliinikum.ee<\/a> <\/td><\/tr><tr><td><a href=\"https:\/\/www.kliinikum.ee\/kirurgiakliinik\/wp-content\/uploads\/2023\/11\/CV-M-H.Lohmus.pdf\">Marie-Helene L\u00f5hmus<\/a><\/td><td>Arst-\u00f5ppej\u00f5ud, \u00fcldkirurg<\/td><td>7318232<\/td><td><a href=\"mailto:marie-helene.lohmus@kliinikum.ee\">marie-helene.lohmus@kliinikum.ee<\/a><\/td><\/tr><\/tbody><\/table><\/figure>\n\n\n\n<p class=\"has-large-font-size\"><strong>\u00dcldkirurgia ja plastilise kirurgia osakond<\/strong><\/p>\n\n\n\n<div class=\"wp-block-group is-vertical is-layout-flex wp-container-core-group-is-layout-fe9cc265 wp-block-group-is-layout-flex\">\n<figure class=\"wp-block-table alignright is-style-regular\"><table class=\"has-fixed-layout\"><tbody><tr><td class=\"has-text-align-left\" data-align=\"left\"><\/td><td><\/td><td><\/td><td><\/td><\/tr><tr><td class=\"has-text-align-left\" data-align=\"left\"><a href=\"https:\/\/www.kliinikum.ee\/kirurgiakliinik\/wp-content\/uploads\/2023\/12\/CV-C.-Nikkolo.pdf\">Ceith Nikkolo <\/a><\/td><td>Osakonnajuht, vanemarst-\u00f5ppej\u00f5ud, \u00fcldkirurg<\/td><td>7319082<\/td><td><a href=\"mailto:tiit.vaasna@kliinikum.ee\"><br><\/a><a href=\"mailto:ceith.nikkolo@kliinikum.ee\">ceith.nikkolo@kliinikum.ee<\/a> <\/td><\/tr><tr><td class=\"has-text-align-left\" data-align=\"left\">Tiit Vaasna<\/td><td>Vanemarst-\u00f5ppej\u00f5ud, \u00fcldkirurg<\/td><td>7318245<\/td><td><a href=\"mailto:tiit.vaasna@kliinikum.ee\">tiit.vaasna@kliinikum.ee<\/a><\/td><\/tr><tr><td class=\"has-text-align-left\" data-align=\"left\"><a href=\"https:\/\/www.kliinikum.ee\/kirurgiakliinik\/wp-content\/uploads\/2023\/12\/CV-S.-Saarniit.pdf\">Simo Saarniit<\/a><\/td><td>Arst-\u00f5ppej\u00f5ud, \u00fcldkirurg<\/td><td>7318398<\/td><td><a href=\"mailto:simo.saarniit@kliinikum.ee\">simo.saarniit@kliinikum.ee<\/a><\/td><\/tr><tr><td class=\"has-text-align-left\" data-align=\"left\"><a href=\"https:\/\/www.kliinikum.ee\/kirurgiakliinik\/wp-content\/uploads\/2023\/12\/CV-K.-Kase.pdf\">Karri Kase<\/a><\/td><td>Arst-\u00f5ppej\u00f5ud, \u00fcldkirurg<\/td><td>7318047<\/td><td><a href=\"mailto:karri.kase@kliinikum.ee\">karri.kase@kliinikum.ee<\/a><\/td><\/tr><tr><td class=\"has-text-align-left\" data-align=\"left\"><a href=\"https:\/\/www.kliinikum.ee\/kirurgiakliinik\/wp-content\/uploads\/2024\/10\/CV-kodulehele-L.-Jaanimae.pdf\">Liis Jaanim\u00e4e<\/a><\/td><td>Arst-\u00f5ppej\u00f5ud, \u00fcldkirurg<\/td><td>7317427<\/td><td><a href=\"mailto:liis.jaanimae@kliinikum.ee\">liis.jaanimae@kliinikum.ee<\/a><\/td><\/tr><tr><td class=\"has-text-align-left\" data-align=\"left\">Terje Arak<\/td><td>Vanemarst-\u00f5ppej\u00f5ud, plastikakirurg<\/td><td>7318094<\/td><td><a href=\"mailto:terje.arak@kliinikum.ee\">terje.arak@kliinikum.ee<\/a><\/td><\/tr><tr><td class=\"has-text-align-left\" data-align=\"left\"><a href=\"https:\/\/www.kliinikum.ee\/kirurgiakliinik\/wp-content\/uploads\/2024\/01\/CV-A.-Tuulik.pdf\">Anastassia Tuulik<\/a><\/td><td>Arst-\u00f5ppej\u00f5ud, plastikakirurg<\/td><td>7318094<\/td><td><a href=\"mailto:anastassia.tuulik@kliinikum.ee\">anastassia.tuulik@kliinikum.ee<\/a><\/td><\/tr><\/tbody><\/table><\/figure>\n<\/div>\n\n\n\n<p class=\"has-large-font-size\"><strong>Kirurgilise ja g\u00fcnekoloogilise onkoloogia osakond<\/strong><\/p>\n\n\n\n<figure class=\"wp-block-table\"><table class=\"has-fixed-layout\"><tbody><tr><td><\/td><td><\/td><td><\/td><td><\/td><\/tr><tr><td><a href=\"https:\/\/www.kliinikum.ee\/kirurgiakliinik\/wp-content\/uploads\/2023\/12\/CV-E.-Eelma.pdf\">Evelyn<\/a><a href=\"https:\/\/www.kliinikum.ee\/kirurgiakliinik\/wp-content\/uploads\/2024\/01\/CV-E.-Eelma.pdf\"> Eelma<\/a><\/td><td>Osakonnajuht, arst-\u00f5ppej\u00f5ud, \u00fcldkirurg (mammol), <\/td><td>7319822<\/td><td><a href=\"mailto:evelyn.eelma@kliinikum.ee\">evelyn.eelma@kliinikum.ee<\/a><\/td><\/tr><tr><td><a href=\"https:\/\/www.kliinikum.ee\/kirurgiakliinik\/wp-content\/uploads\/2023\/12\/CV-J.-Soplepmann.pdf\">Jaan Soplepmann<\/a><\/td><td>Vanemarst-\u00f5ppej\u00f5ud, \u00fcldkirurg<\/td><td>7319838<\/td><td><a href=\"mailto:jaan.soplepmann@kliinikum.ee\">jaan.soplepmann@kliinikum.ee<\/a><\/td><\/tr><tr><td>Heigo Reima<\/td><td>Vanemarst-\u00f5ppej\u00f5ud, \u00fcldkirurg<\/td><td>7317282<\/td><td><a href=\"mailto:heigo.reima@kliinikum.ee\">heigo.reima@kliinikum.ee<\/a><\/td><\/tr><tr><td>Olav Tammik<\/td><td>Vanemarst-\u00f5ppej\u00f5ud, \u00fcldkirurg<\/td><td>7319828<\/td><td><a href=\"mailto:olav.tammik@kliinikum.ee\">olav.tammik@kliinikum.ee<\/a><\/td><\/tr><tr><td><a href=\"https:\/\/www.kliinikum.ee\/kirurgiakliinik\/wp-content\/uploads\/2023\/12\/CV-I.-Vaasna.pdf\">Inga Vaasna<\/a><\/td><td>Vanemarst-\u00f5ppej\u00f5ud (g\u00fcn)<\/td><td>7319822<\/td><td><a href=\"mailto:inga.vaasna@kliinikum.ee\">inga.vaasna@kliinikum.ee<\/a><\/td><\/tr><tr><td>Jaak Lehtsaar<\/td><td>Vanemarst-\u00f5ppej\u00f5ud (g\u00fcn ja mammol)<\/td><td>7319806<\/td><td><a href=\"mailto:jaak.lehtsaar@kliinikum.ee\">jaak.lehtsaar@kliinikum.ee<\/a><\/td><\/tr><tr><td><a href=\"https:\/\/www.kliinikum.ee\/kirurgiakliinik\/wp-content\/uploads\/2023\/12\/CV-A.-Uppin.pdf\">Arno Uppin<\/a><\/td><td>Arst-\u00f5ppej\u00f5ud (g\u00fcn)<\/td><td>7319895<\/td><td><a href=\"mailto:arno.uppin@kliinikum.ee\">arno.uppin@kliinikum.ee<\/a><\/td><\/tr><tr><td>Ave-Triin Tiham\u00e4e<\/td><td>Arst-\u00f5ppej\u00f5ud, \u00fcldkirurg (mammol)<\/td><td>7319822<\/td><td><a href=\"mailto:ave-triin.tihamae@kliinikum.ee\">ave-triin.tihamae@kliinikum.ee<\/a><\/td><\/tr><tr><td>Margus Kivisild<\/td><td>Arst-\u00f5ppej\u00f5ud, \u00fcldkirurg<\/td><td>7319847<\/td><td><a href=\"mailto:margus.kivisild@kliinikum.ee\">margus.kivisild@kliinikum.ee<\/a><\/td><\/tr><tr><td><a href=\"https:\/\/www.kliinikum.ee\/kirurgiakliinik\/wp-content\/uploads\/2023\/12\/CV-I.-Mikeltadze.pdf\">Iveta Mikeltadze<\/a><\/td><td>Arst-\u00f5ppej\u00f5ud (g\u00fcn)<\/td><td>7319822<\/td><td><a href=\"mailto:iveta.mikeltadze@kliinikum.ee\">iveta.mikeltadze@kliinikum.ee<\/a><\/td><\/tr><tr><td>Taavi P\u00f5dram\u00e4gi<\/td><td>Arst-\u00f5ppej\u00f5ud, \u00fcldkirurg<\/td><td>7319840<\/td><td><a href=\"mailto:taavi.podramagi@kliinikum.ee\">taavi.podramagi@kliinikum.ee<\/a><\/td><\/tr><tr><td><a href=\"https:\/\/www.kliinikum.ee\/kirurgiakliinik\/wp-content\/uploads\/2023\/12\/CV-A.-Jaager.pdf\">Andri J\u00e4\u00e4ger<\/a><\/td><td>Arst-\u00f5ppej\u00f5ud, \u00fcldkirurg<\/td><td>7319828<\/td><td><a href=\"mailto:andri.jaager@kliinikum.ee\">andri.jaager@kliinikum.ee<\/a><\/td><\/tr><tr><td>Helena Lill<\/td><td>Arst (g\u00fcn)<\/td><td>7319822<\/td><td><a href=\"mailto:helena.lill@kliinikum.ee\">helena.lill@kliinikum.ee<\/a><\/td><\/tr><tr><td><a href=\"https:\/\/www.kliinikum.ee\/kirurgiakliinik\/wp-content\/uploads\/2023\/12\/CV-R.-Heido.pdf\">Ragnar Heido<\/a><\/td><td>Arst-\u00f5ppej\u00f5ud (mammol)<\/td><td><\/td><td><a href=\"mailto:ragnar.heido@kliinikum.ee\">ragnar.heido@kliinikum.ee<\/a><\/td><\/tr><\/tbody><\/table><\/figure>\n\n\n\n<p class=\"has-large-font-size\"><strong>Lastekirurgia osakond<\/strong><\/p>\n\n\n\n<figure class=\"wp-block-table\"><table class=\"has-fixed-layout\"><tbody><tr><td><\/td><td><\/td><td><\/td><td><\/td><\/tr><tr><td><a href=\"https:\/\/www.kliinikum.ee\/kirurgiakliinik\/wp-content\/uploads\/2023\/12\/CV-V.-Kubarsepp.pdf\">Viljo K\u00fcbarsepp<\/a><\/td><td>Osakonnajuht, vanemarst-\u00f5ppej\u00f5ud, lastekirurg<\/td><td>7318260<\/td><td><a href=\"mailto:viljo.kybarsepp@kliinikum.ee\">viljo.kybarsepp@kliinikum.ee<\/a><\/td><\/tr><tr><td>Ragnar L\u00f5ivukene<\/td><td>Vanemarst-\u00f5ppej\u00f5ud, lastekirurg<\/td><td>7318264<\/td><td><a href=\"mailto:ragnar.loivukene@kliinikum.ee\">ragnar.loivukene@kliinikum.ee<\/a><\/td><\/tr><tr><td>Eda-Ann V\u00e4rim\u00e4e<\/td><td>Vanemarst-\u00f5ppej\u00f5ud, lastekirurg<\/td><td>7318266<\/td><td><a href=\"mailto:eda-ann.varimae@kliinikum.ee\">eda-ann.varimae@kliinikum.ee<\/a><\/td><\/tr><tr><td>Pille-Riin V\u00e4rk<\/td><td>Arst-\u00f5ppej\u00f5ud, lastekirurg<\/td><td>7318266<\/td><td><a href=\"mailto:pille-riin.vark@kliinikum.ee\">pille-riin.vark@kliinikum.ee<\/a><\/td><\/tr><tr><td><a href=\"https:\/\/www.kliinikum.ee\/kirurgiakliinik\/wp-content\/uploads\/2023\/12\/CV-J.-Nerman.pdf\">Jekaterina Nerman<\/a><\/td><td>Arst-\u00f5ppej\u00f5ud, lastekirurg<\/td><td>7318260<\/td><td><a href=\"mailto:jekaterina.nerman@kliinikum.ee\">jekaterina.nerman@kliinikum.ee<\/a><\/td><\/tr><tr><td><a href=\"https:\/\/www.kliinikum.ee\/kirurgiakliinik\/wp-content\/uploads\/2024\/01\/CV-J.-Runk.pdf\">J\u00fcrgen R\u00fcnk<\/a><\/td><td>Arst-\u00f5ppej\u00f5ud, lastekirurg<\/td><td>7318260<\/td><td><a href=\"mailto:jurgen.runk@kliinikum.ee\">jurgen.runk@kliinikum.ee<\/a>&nbsp;<\/td><\/tr><\/tbody><\/table><\/figure>\n\n\n\n<p class=\"has-large-font-size\"><strong>Uroloogia ja neerusiirdamise osakond<\/strong><\/p>\n\n\n\n<figure class=\"wp-block-table\"><table class=\"has-fixed-layout\"><tbody><tr><td><\/td><td><\/td><td><\/td><td><\/td><\/tr><tr><td><a href=\"https:\/\/www.kliinikum.ee\/kirurgiakliinik\/wp-content\/uploads\/2023\/12\/CV-M.-Zarkovski.pdf\">Mihhail \u017darkovski<\/a><\/td><td>Osakonnajuht, vanemarst-\u00f5ppej\u00f5ud, uroloog<\/td><td>7319045<\/td><td><a href=\"mailto:mihhail.zarkovski@kliinikum.ee\">mihhail.zarkovski@kliinikum.ee<\/a><\/td><\/tr><tr><td>Andres Kotsar<\/td><td>Vanemarst-\u00f5ppej\u00f5ud, uroloog<\/td><td>7318258<\/td><td><a href=\"mailto:andres.kotsar@kliinikum.ee\">andres.kotsar@kliinikum.ee<\/a><\/td><\/tr><tr><td>Roomet Ots<\/td><td>Vanemarst-\u00f5ppej\u00f5ud, uroloog<\/td><td>7318250<\/td><td><a href=\"mailto:roomet.ots@kliiniikum.ee\">roomet.ots@kliinikum.ee<\/a><\/td><\/tr><tr><td><a href=\"https:\/\/www.kliinikum.ee\/kirurgiakliinik\/wp-content\/uploads\/2023\/12\/CV-T.-Muul.pdf\">Tanel Muul<\/a><\/td><td>Vanemarst-\u00f5ppej\u00f5ud, uroloog<\/td><td>7318254&nbsp;<\/td><td><a href=\"mailto:tanel.muul@kliinikum.ee\">tanel.muul@kliinikum.ee<\/a><\/td><\/tr><tr><td>Jaanus Kahu<\/td><td>Vanemarst-\u00f5ppej\u00f5ud, uroloog<\/td><td>7318044<\/td><td><a href=\"mailto:jaanus.kahu@kliinikum.ee\">jaanus.kahu@kliinikum.ee<\/a><\/td><\/tr><tr><td>Aleksander L\u00f5hmus<\/td><td>Vanemarst-\u00f5ppej\u00f5ud, uroloog<\/td><td>7318044<\/td><td><a href=\"mailto:aleksander.lohmus@kliinikum.ee\">aleksander.lohmus@kliinikum.ee<\/a><\/td><\/tr><tr><td>Priit Veskim\u00e4e<\/td><td>Arst-\u00f5ppej\u00f5ud, uroloog<\/td><td>7318252<\/td><td><a href=\"mailto:priit.veskimae@kliinikum.ee\">priit.veskimae@kliinikum.ee<\/a><\/td><\/tr><tr><td>Maris Niibek<\/td><td>Arst-\u00f5ppej\u00f5ud, uroloog<\/td><td>7318252<\/td><td><a href=\"mailto:maris.niibek@kliinikum.ee\">maris.niibek@kliinikum.ee<\/a><\/td><\/tr><tr><td><\/td><td><\/td><td><\/td><td><\/td><\/tr><\/tbody><\/table><\/figure>\n\n\n\n<p class=\"has-large-font-size\"><strong>Veresoontekirurgia osakond<\/strong><\/p>\n\n\n\n<figure class=\"wp-block-table\"><table class=\"has-fixed-layout\"><tbody><tr><td><\/td><td><\/td><td><\/td><td><\/td><\/tr><tr><td><a href=\"https:\/\/www.kliinikum.ee\/kirurgiakliinik\/wp-content\/uploads\/2023\/12\/CV-J.-Kals.pdf\">Jaak Kals<\/a><\/td><td>Osakonnajuht, vanemarst-\u00f5ppej\u00f5ud, kardiovaskulaarkirurg<\/td><td>7318290<\/td><td><a href=\"mailto:jaak.kals@kliinikum.ee\">jaak.kals@kliinikum.ee<\/a><\/td><\/tr><tr><td>J\u00fcri Lieberg<\/td><td>Vanemarst-\u00f5ppej\u00f5ud, kardiovaskulaarkirurg<\/td><td>7318292<\/td><td><a href=\"mailto:jyri.lieberg@kliinikum.ee\">jyri.lieberg@kliinikum.ee<\/a><\/td><\/tr><tr><td>Toomas Ellervee<\/td><td>Vanemarst-\u00f5ppej\u00f5ud, kardiovaskulaarkirurg<\/td><td>7318396<\/td><td><a href=\"mailto:toomas.ellervee@kliinikum.ee\">toomas.ellervee@kliinikum.ee<\/a><\/td><\/tr><tr><td><a href=\"https:\/\/www.kliinikum.ee\/kirurgiakliinik\/wp-content\/uploads\/2023\/12\/CV-A.-Aavik.pdf\">Asser Aavik<\/a><\/td><td>Vanemarst-\u00f5ppej\u00f5ud, kardiovaskulaarkirurg<\/td><td>7318394<\/td><td><a href=\"mailto:asser.aavik@kliinikum.ee\">asser.aavik@kliinikum.ee<\/a><\/td><\/tr><tr><td>Heli J\u00e4rve<\/td><td>Vanemarst-\u00f5ppej\u00f5ud, kardiovaskulaarkirurg<\/td><td>7318396<\/td><td><a href=\"mailto:heli.jarve@kliinikum.ee\">heli.jarve@kliinikum.ee<\/a><\/td><\/tr><tr><td><a href=\"https:\/\/www.kliinikum.ee\/kirurgiakliinik\/wp-content\/uploads\/2023\/12\/CV-A.-Metsa.pdf\">Andrus Metsa<\/a><\/td><td>Arst-\u00f5ppej\u00f5ud, kardiovaskulaarkirurg<\/td><td>7318392<\/td><td><a href=\"mailto:andrus.metsa@kliinikum.ee\">andrus.metsa@kliinikum.ee<\/a><\/td><\/tr><tr><td><a href=\"https:\/\/www.kliinikum.ee\/kirurgiakliinik\/wp-content\/uploads\/2023\/12\/CV-V.-Kalbus.pdf\">Viljar Kalbus<\/a><\/td><td>Arst-\u00f5ppej\u00f5ud, vaskulaarkirurg<\/td><td>7318394<\/td><td><a href=\"mailto:viljar.kalbus@kliinikum.ee\">viljar.kalbus@kliinikum.ee<\/a><\/td><\/tr><tr><td>Katrin Reima<\/td><td>Arst-\u00f5ppej\u00f5ud (sisehaigused)<\/td><td>7318391<\/td><td><a href=\"mailto:katrin.reima@kliinikum.ee\">katrin.reima@kliinikum.ee<\/a><\/td><\/tr><\/tbody><\/table><\/figure>\n\n\n\n<p class=\"has-large-font-size\"><strong>Ambulatoorse kirurgia osakond<\/strong><\/p>\n\n\n\n<figure class=\"wp-block-table\"><table class=\"has-fixed-layout\"><tbody><tr><td><\/td><td><\/td><td><\/td><td><\/td><\/tr><tr><td><a href=\"https:\/\/www.kliinikum.ee\/kirurgiakliinik\/wp-content\/uploads\/2024\/01\/CV-K.-Saarniit.pdf\">Kaisa Saarniit<\/a><\/td><td>Arst-\u00f5ppej\u00f5ud, \u00fcldkirurg<\/td><td>7317570<\/td><td><a href=\"mailto:kaisa.saarniit@kliinikum.ee\">kaisa.saarniit@kliinikum.ee<\/a><\/td><\/tr><\/tbody><\/table><\/figure>\n","protected":false},"excerpt":{"rendered":"<p>Administratsioon Marko Murruste Kliinikujuht, vanemarst-\u00f5ppej\u00f5ud, \u00fcldkirurg 7318065 marko.murruste@kliinikum.ee Urmas Lepner \u00dclemarst-\u00f5ppej\u00f5ud, \u00fcldkirurg 7318201 urmas.lepner@kliinikum.ee Abdominaalkirurgia osakond Andrei Uksov Osakonnajuht, vanemarst-\u00f5ppej\u00f5ud, \u00fcldkirurg, 7318230 andrei.uksov@kliinikum.ee Toomas Sillakivi Vanemarst-\u00f5ppej\u00f5ud, \u00fcldkirurg 7318249 toomas.sillakivi@kliinikum.ee Margot Peetsalu Vanemarst-\u00f5ppej\u00f5ud, \u00fcldkirurg 7318061 margot.peetsalu@kliinikum.ee Andres Tein Vanemarst-\u00f5ppej\u00f5ud, \u00fcldkirurg 7318249 andres.tein@kliinikum.ee Jaanus Suumann Vanemarst-\u00f5ppej\u00f5ud, \u00fcldkirurg 7319082 jaanus.suumann@kliinikum.ee Marie-Helene L\u00f5hmus Arst-\u00f5ppej\u00f5ud, \u00fcldkirurg 7318232 marie-helene.lohmus@kliinikum.ee \u00dcldkirurgia ja [&hellip;]<\/p>\n","protected":false},"author":32,"featured_media":0,"parent":17,"menu_order":10,"comment_status":"closed","ping_status":"closed","template":"","meta":{"_acf_changed":false,"_uag_custom_page_level_css":"","footnotes":""},"class_list":["post-6428","page","type-page","status-publish","hentry"],"acf":[],"yoast_head":"<!-- This site is optimized with the Yoast SEO plugin v27.3 - https:\/\/yoast.com\/product\/yoast-seo-wordpress\/ -->\n<title>Arstid - Kirurgiakliinik<\/title>\n<meta name=\"robots\" content=\"index, follow, max-snippet:-1, max-image-preview:large, max-video-preview:-1\" \/>\n<link rel=\"canonical\" href=\"https:\/\/www.kliinikum.ee\/kirurgiakliinik\/kliinikust\/arstid\/\" \/>\n<meta property=\"og:locale\" content=\"et_EE\" \/>\n<meta property=\"og:type\" content=\"article\" \/>\n<meta property=\"og:title\" content=\"Arstid - Kirurgiakliinik\" \/>\n<meta property=\"og:description\" content=\"Administratsioon Marko Murruste Kliinikujuht, vanemarst-\u00f5ppej\u00f5ud, \u00fcldkirurg 7318065 marko.murruste@kliinikum.ee Urmas Lepner \u00dclemarst-\u00f5ppej\u00f5ud, \u00fcldkirurg 7318201 urmas.lepner@kliinikum.ee Abdominaalkirurgia osakond Andrei Uksov Osakonnajuht, vanemarst-\u00f5ppej\u00f5ud, \u00fcldkirurg, 7318230 andrei.uksov@kliinikum.ee Toomas Sillakivi Vanemarst-\u00f5ppej\u00f5ud, \u00fcldkirurg 7318249 toomas.sillakivi@kliinikum.ee Margot Peetsalu Vanemarst-\u00f5ppej\u00f5ud, \u00fcldkirurg 7318061 margot.peetsalu@kliinikum.ee Andres Tein Vanemarst-\u00f5ppej\u00f5ud, \u00fcldkirurg 7318249 andres.tein@kliinikum.ee Jaanus Suumann Vanemarst-\u00f5ppej\u00f5ud, \u00fcldkirurg 7319082 jaanus.suumann@kliinikum.ee Marie-Helene L\u00f5hmus Arst-\u00f5ppej\u00f5ud, \u00fcldkirurg 7318232 marie-helene.lohmus@kliinikum.ee \u00dcldkirurgia ja [&hellip;]\" \/>\n<meta property=\"og:url\" content=\"https:\/\/www.kliinikum.ee\/kirurgiakliinik\/kliinikust\/arstid\/\" \/>\n<meta property=\"og:site_name\" content=\"Kirurgiakliinik\" \/>\n<meta property=\"article:modified_time\" content=\"2026-03-09T06:54:09+00:00\" \/>\n<meta name=\"twitter:card\" content=\"summary_large_image\" \/>\n<meta name=\"twitter:label1\" content=\"Est. reading time\" \/>\n\t<meta name=\"twitter:data1\" content=\"2 minutit\" \/>\n<script type=\"application\/ld+json\" class=\"yoast-schema-graph\">{\"@context\":\"https:\\\/\\\/schema.org\",\"@graph\":[{\"@type\":\"WebPage\",\"@id\":\"https:\\\/\\\/www.kliinikum.ee\\\/kirurgiakliinik\\\/kliinikust\\\/arstid\\\/\",\"url\":\"https:\\\/\\\/www.kliinikum.ee\\\/kirurgiakliinik\\\/kliinikust\\\/arstid\\\/\",\"name\":\"Arstid - Kirurgiakliinik\",\"isPartOf\":{\"@id\":\"https:\\\/\\\/www.kliinikum.ee\\\/kirurgiakliinik\\\/#website\"},\"datePublished\":\"2023-08-24T11:10:23+00:00\",\"dateModified\":\"2026-03-09T06:54:09+00:00\",\"breadcrumb\":{\"@id\":\"https:\\\/\\\/www.kliinikum.ee\\\/kirurgiakliinik\\\/kliinikust\\\/arstid\\\/#breadcrumb\"},\"inLanguage\":\"et\",\"potentialAction\":[{\"@type\":\"ReadAction\",\"target\":[\"https:\\\/\\\/www.kliinikum.ee\\\/kirurgiakliinik\\\/kliinikust\\\/arstid\\\/\"]}]},{\"@type\":\"BreadcrumbList\",\"@id\":\"https:\\\/\\\/www.kliinikum.ee\\\/kirurgiakliinik\\\/kliinikust\\\/arstid\\\/#breadcrumb\",\"itemListElement\":[{\"@type\":\"ListItem\",\"position\":1,\"name\":\"Home\",\"item\":\"https:\\\/\\\/www.kliinikum.ee\\\/kirurgiakliinik\\\/\"},{\"@type\":\"ListItem\",\"position\":2,\"name\":\"Kliinikust\",\"item\":\"https:\\\/\\\/www.kliinikum.ee\\\/kirurgiakliinik\\\/kliinikust\\\/\"},{\"@type\":\"ListItem\",\"position\":3,\"name\":\"Arstid\"}]},{\"@type\":\"WebSite\",\"@id\":\"https:\\\/\\\/www.kliinikum.ee\\\/kirurgiakliinik\\\/#website\",\"url\":\"https:\\\/\\\/www.kliinikum.ee\\\/kirurgiakliinik\\\/\",\"name\":\"Kirurgiakliinik\",\"description\":\"Hoolivus, Uuendusmeelsus, P\u00e4devus ja Usaldusv\u00e4\u00e4rsus\",\"potentialAction\":[{\"@type\":\"SearchAction\",\"target\":{\"@type\":\"EntryPoint\",\"urlTemplate\":\"https:\\\/\\\/www.kliinikum.ee\\\/kirurgiakliinik\\\/?s={search_term_string}\"},\"query-input\":{\"@type\":\"PropertyValueSpecification\",\"valueRequired\":true,\"valueName\":\"search_term_string\"}}],\"inLanguage\":\"et\"}]}<\/script>\n<!-- \/ Yoast SEO plugin. -->","yoast_head_json":{"title":"Arstid - Kirurgiakliinik","robots":{"index":"index","follow":"follow","max-snippet":"max-snippet:-1","max-image-preview":"max-image-preview:large","max-video-preview":"max-video-preview:-1"},"canonical":"https:\/\/www.kliinikum.ee\/kirurgiakliinik\/kliinikust\/arstid\/","og_locale":"et_EE","og_type":"article","og_title":"Arstid - Kirurgiakliinik","og_description":"Administratsioon Marko Murruste Kliinikujuht, vanemarst-\u00f5ppej\u00f5ud, \u00fcldkirurg 7318065 marko.murruste@kliinikum.ee Urmas Lepner \u00dclemarst-\u00f5ppej\u00f5ud, \u00fcldkirurg 7318201 urmas.lepner@kliinikum.ee Abdominaalkirurgia osakond Andrei Uksov Osakonnajuht, vanemarst-\u00f5ppej\u00f5ud, \u00fcldkirurg, 7318230 andrei.uksov@kliinikum.ee Toomas Sillakivi Vanemarst-\u00f5ppej\u00f5ud, \u00fcldkirurg 7318249 toomas.sillakivi@kliinikum.ee Margot Peetsalu Vanemarst-\u00f5ppej\u00f5ud, \u00fcldkirurg 7318061 margot.peetsalu@kliinikum.ee Andres Tein Vanemarst-\u00f5ppej\u00f5ud, \u00fcldkirurg 7318249 andres.tein@kliinikum.ee Jaanus Suumann Vanemarst-\u00f5ppej\u00f5ud, \u00fcldkirurg 7319082 jaanus.suumann@kliinikum.ee Marie-Helene L\u00f5hmus Arst-\u00f5ppej\u00f5ud, \u00fcldkirurg 7318232 marie-helene.lohmus@kliinikum.ee \u00dcldkirurgia ja [&hellip;]","og_url":"https:\/\/www.kliinikum.ee\/kirurgiakliinik\/kliinikust\/arstid\/","og_site_name":"Kirurgiakliinik","article_modified_time":"2026-03-09T06:54:09+00:00","twitter_card":"summary_large_image","twitter_misc":{"Est. reading time":"2 minutit"},"schema":{"@context":"https:\/\/schema.org","@graph":[{"@type":"WebPage","@id":"https:\/\/www.kliinikum.ee\/kirurgiakliinik\/kliinikust\/arstid\/","url":"https:\/\/www.kliinikum.ee\/kirurgiakliinik\/kliinikust\/arstid\/","name":"Arstid - Kirurgiakliinik","isPartOf":{"@id":"https:\/\/www.kliinikum.ee\/kirurgiakliinik\/#website"},"datePublished":"2023-08-24T11:10:23+00:00","dateModified":"2026-03-09T06:54:09+00:00","breadcrumb":{"@id":"https:\/\/www.kliinikum.ee\/kirurgiakliinik\/kliinikust\/arstid\/#breadcrumb"},"inLanguage":"et","potentialAction":[{"@type":"ReadAction","target":["https:\/\/www.kliinikum.ee\/kirurgiakliinik\/kliinikust\/arstid\/"]}]},{"@type":"BreadcrumbList","@id":"https:\/\/www.kliinikum.ee\/kirurgiakliinik\/kliinikust\/arstid\/#breadcrumb","itemListElement":[{"@type":"ListItem","position":1,"name":"Home","item":"https:\/\/www.kliinikum.ee\/kirurgiakliinik\/"},{"@type":"ListItem","position":2,"name":"Kliinikust","item":"https:\/\/www.kliinikum.ee\/kirurgiakliinik\/kliinikust\/"},{"@type":"ListItem","position":3,"name":"Arstid"}]},{"@type":"WebSite","@id":"https:\/\/www.kliinikum.ee\/kirurgiakliinik\/#website","url":"https:\/\/www.kliinikum.ee\/kirurgiakliinik\/","name":"Kirurgiakliinik","description":"Hoolivus, Uuendusmeelsus, P\u00e4devus ja Usaldusv\u00e4\u00e4rsus","potentialAction":[{"@type":"SearchAction","target":{"@type":"EntryPoint","urlTemplate":"https:\/\/www.kliinikum.ee\/kirurgiakliinik\/?s={search_term_string}"},"query-input":{"@type":"PropertyValueSpecification","valueRequired":true,"valueName":"search_term_string"}}],"inLanguage":"et"}]}},"uagb_featured_image_src":{"full":false,"thumbnail":false,"medium":false,"medium_large":false,"large":false,"1536x1536":false,"2048x2048":false},"uagb_author_info":{"display_name":"Jane Freimann","author_link":"https:\/\/www.kliinikum.ee\/kirurgiakliinik\/author\/janef\/"},"uagb_comment_info":0,"uagb_excerpt":"Administratsioon Marko Murruste Kliinikujuht, vanemarst-\u00f5ppej\u00f5ud, \u00fcldkirurg 7318065 marko.murruste@kliinikum.ee Urmas Lepner \u00dclemarst-\u00f5ppej\u00f5ud, \u00fcldkirurg 7318201 urmas.lepner@kliinikum.ee Abdominaalkirurgia osakond Andrei Uksov Osakonnajuht, vanemarst-\u00f5ppej\u00f5ud, \u00fcldkirurg, 7318230 andrei.uksov@kliinikum.ee Toomas Sillakivi Vanemarst-\u00f5ppej\u00f5ud, \u00fcldkirurg 7318249 toomas.sillakivi@kliinikum.ee Margot Peetsalu Vanemarst-\u00f5ppej\u00f5ud, \u00fcldkirurg 7318061 margot.peetsalu@kliinikum.ee Andres Tein Vanemarst-\u00f5ppej\u00f5ud, \u00fcldkirurg 7318249 andres.tein@kliinikum.ee Jaanus Suumann Vanemarst-\u00f5ppej\u00f5ud, \u00fcldkirurg 7319082 jaanus.suumann@kliinikum.ee Marie-Helene L\u00f5hmus Arst-\u00f5ppej\u00f5ud, \u00fcldkirurg 7318232 marie-helene.lohmus@kliinikum.ee \u00dcldkirurgia ja&hellip;","_links":{"self":[{"href":"https:\/\/www.kliinikum.ee\/kirurgiakliinik\/wp-json\/wp\/v2\/pages\/6428","targetHints":{"allow":["GET"]}}],"collection":[{"href":"https:\/\/www.kliinikum.ee\/kirurgiakliinik\/wp-json\/wp\/v2\/pages"}],"about":[{"href":"https:\/\/www.kliinikum.ee\/kirurgiakliinik\/wp-json\/wp\/v2\/types\/page"}],"author":[{"embeddable":true,"href":"https:\/\/www.kliinikum.ee\/kirurgiakliinik\/wp-json\/wp\/v2\/users\/32"}],"replies":[{"embeddable":true,"href":"https:\/\/www.kliinikum.ee\/kirurgiakliinik\/wp-json\/wp\/v2\/comments?post=6428"}],"version-history":[{"count":0,"href":"https:\/\/www.kliinikum.ee\/kirurgiakliinik\/wp-json\/wp\/v2\/pages\/6428\/revisions"}],"up":[{"embeddable":true,"href":"https:\/\/www.kliinikum.ee\/kirurgiakliinik\/wp-json\/wp\/v2\/pages\/17"}],"wp:attachment":[{"href":"https:\/\/www.kliinikum.ee\/kirurgiakliinik\/wp-json\/wp\/v2\/media?parent=6428"}],"curies":[{"name":"wp","href":"https:\/\/api.w.org\/{rel}","templated":true}]}}