{"id":6677,"date":"2023-12-14T11:06:44","date_gmt":"2023-12-14T09:06:44","guid":{"rendered":"https:\/\/www.kliinikum.ee\/kirurgiakliinik\/?page_id=6677"},"modified":"2023-12-21T13:48:14","modified_gmt":"2023-12-21T11:48:14","slug":"majainfo","status":"publish","type":"page","link":"https:\/\/www.kliinikum.ee\/kirurgiakliinik\/patsiendile\/majainfo\/","title":{"rendered":"Majainfo"},"content":{"rendered":"\n<ul class=\"wp-block-list\">\n<li><a href=\"https:\/\/www.kliinikum.ee\/house-floor\/1-korrus\/\">L. Puusepa 8 majainfo<\/a><\/li>\n\n\n\n<li><a href=\"https:\/\/www.kliinikum.ee\/patsiendile\/majainfo\/registratuurid\/\">Registratuurid<\/a><\/li>\n\n\n\n<li><a href=\"https:\/\/www.kliinikum.ee\/patsiendile\/majainfo\/liikumispuudega-inimesele\/\">Liikumispuudega inimesele<\/a><\/li>\n\n\n\n<li><a href=\"https:\/\/www.kliinikum.ee\/patsiendile\/majainfo\/lisateenused\/\">Kohvikud ja muud teenused<\/a><\/li>\n\n\n\n<li><a href=\"https:\/\/www.kliinikum.ee\/patsiendile\/majainfo\/bussiinfo\/\">Bussiinfo<\/a><\/li>\n\n\n\n<li><a href=\"https:\/\/www.kliinikum.ee\/patsiendile\/majainfo\/rattaparkla\/\">Rattaparkla<\/a><\/li>\n<\/ul>\n\n\n\n<p>Kirurgiakliinik paikneb oma osakondadega mitmel korrusel erinevates korpustes.<\/p>\n\n\n\n<figure class=\"wp-block-table\"><table><tbody><tr><td>A korpus<br><br><\/td><td>1. korrus<br>3. korrus<br>4. korrus<\/td><td>Ambulatoorne vastuv\u00f5tt<br>Abdominaalkirurgia osakond<br>\u00dcldkirurgia ja plastilise kirurgia osakond<\/td><\/tr><tr><td>H korpus<\/td><td>2. korrus<\/td><td>Veresoontekirurgia osakond<\/td><\/tr><tr><td>K korpus<br><\/td><td>5. korrus<br>6. korrus<\/td><td>Uroloogia ja neerusiirdamise osakond<br>Kirurgilise ja g\u00fcnekoloogilise onkoloogia osakond<\/td><\/tr><tr><td>M korpus<\/td><td>4. korrus<\/td><td>Lastekirurgia osakond<\/td><\/tr><\/tbody><\/table><\/figure>\n\n\n\n<div style=\"height:100px\" aria-hidden=\"true\" class=\"wp-block-spacer\"><\/div>\n\n\n\n<figure class=\"wp-block-image\"><img decoding=\"async\" src=\"https:\/\/www.kliinikum.ee\/wp-content\/uploads\/2023\/05\/1-korrus.svg\" alt=\"\"\/><\/figure>\n","protected":false},"excerpt":{"rendered":"<p>Kirurgiakliinik paikneb oma osakondadega mitmel korrusel erinevates korpustes. A korpus 1. korrus3. korrus4. korrus Ambulatoorne vastuv\u00f5ttAbdominaalkirurgia osakond\u00dcldkirurgia ja plastilise kirurgia osakond H korpus 2. korrus Veresoontekirurgia osakond K korpus 5. korrus6. korrus Uroloogia ja neerusiirdamise osakondKirurgilise ja g\u00fcnekoloogilise onkoloogia osakond M korpus 4. korrus Lastekirurgia osakond<\/p>\n","protected":false},"author":32,"featured_media":0,"parent":15,"menu_order":6,"comment_status":"closed","ping_status":"closed","template":"","meta":{"_acf_changed":false,"_uag_custom_page_level_css":"","footnotes":""},"class_list":["post-6677","page","type-page","status-publish","hentry"],"acf":[],"yoast_head":"<!-- This site is optimized with the Yoast SEO plugin v27.5 - https:\/\/yoast.com\/product\/yoast-seo-wordpress\/ -->\n<title>Majainfo - Kirurgiakliinik<\/title>\n<meta name=\"robots\" content=\"index, follow, max-snippet:-1, max-image-preview:large, max-video-preview:-1\" \/>\n<link rel=\"canonical\" href=\"https:\/\/www.kliinikum.ee\/kirurgiakliinik\/patsiendile\/majainfo\/\" \/>\n<meta property=\"og:locale\" content=\"et_EE\" \/>\n<meta property=\"og:type\" content=\"article\" \/>\n<meta property=\"og:title\" content=\"Majainfo - Kirurgiakliinik\" \/>\n<meta property=\"og:description\" content=\"Kirurgiakliinik paikneb oma osakondadega mitmel korrusel erinevates korpustes. A korpus 1. korrus3. korrus4. korrus Ambulatoorne vastuv\u00f5ttAbdominaalkirurgia osakond\u00dcldkirurgia ja plastilise kirurgia osakond H korpus 2. korrus Veresoontekirurgia osakond K korpus 5. korrus6. korrus Uroloogia ja neerusiirdamise osakondKirurgilise ja g\u00fcnekoloogilise onkoloogia osakond M korpus 4. korrus Lastekirurgia osakond\" \/>\n<meta property=\"og:url\" content=\"https:\/\/www.kliinikum.ee\/kirurgiakliinik\/patsiendile\/majainfo\/\" \/>\n<meta property=\"og:site_name\" content=\"Kirurgiakliinik\" \/>\n<meta property=\"article:modified_time\" content=\"2023-12-21T11:48:14+00:00\" \/>\n<meta property=\"og:image\" content=\"https:\/\/www.kliinikum.ee\/wp-content\/uploads\/2023\/05\/1-korrus.svg\" \/>\n<meta name=\"twitter:card\" content=\"summary_large_image\" \/>\n<meta name=\"twitter:label1\" content=\"Est. reading time\" \/>\n\t<meta name=\"twitter:data1\" content=\"1 minut\" \/>\n<script type=\"application\/ld+json\" class=\"yoast-schema-graph\">{\"@context\":\"https:\\\/\\\/schema.org\",\"@graph\":[{\"@type\":\"WebPage\",\"@id\":\"https:\\\/\\\/www.kliinikum.ee\\\/kirurgiakliinik\\\/patsiendile\\\/majainfo\\\/\",\"url\":\"https:\\\/\\\/www.kliinikum.ee\\\/kirurgiakliinik\\\/patsiendile\\\/majainfo\\\/\",\"name\":\"Majainfo - Kirurgiakliinik\",\"isPartOf\":{\"@id\":\"https:\\\/\\\/www.kliinikum.ee\\\/kirurgiakliinik\\\/#website\"},\"primaryImageOfPage\":{\"@id\":\"https:\\\/\\\/www.kliinikum.ee\\\/kirurgiakliinik\\\/patsiendile\\\/majainfo\\\/#primaryimage\"},\"image\":{\"@id\":\"https:\\\/\\\/www.kliinikum.ee\\\/kirurgiakliinik\\\/patsiendile\\\/majainfo\\\/#primaryimage\"},\"thumbnailUrl\":\"https:\\\/\\\/www.kliinikum.ee\\\/wp-content\\\/uploads\\\/2023\\\/05\\\/1-korrus.svg\",\"datePublished\":\"2023-12-14T09:06:44+00:00\",\"dateModified\":\"2023-12-21T11:48:14+00:00\",\"breadcrumb\":{\"@id\":\"https:\\\/\\\/www.kliinikum.ee\\\/kirurgiakliinik\\\/patsiendile\\\/majainfo\\\/#breadcrumb\"},\"inLanguage\":\"et\",\"potentialAction\":[{\"@type\":\"ReadAction\",\"target\":[\"https:\\\/\\\/www.kliinikum.ee\\\/kirurgiakliinik\\\/patsiendile\\\/majainfo\\\/\"]}]},{\"@type\":\"ImageObject\",\"inLanguage\":\"et\",\"@id\":\"https:\\\/\\\/www.kliinikum.ee\\\/kirurgiakliinik\\\/patsiendile\\\/majainfo\\\/#primaryimage\",\"url\":\"https:\\\/\\\/www.kliinikum.ee\\\/wp-content\\\/uploads\\\/2023\\\/05\\\/1-korrus.svg\",\"contentUrl\":\"https:\\\/\\\/www.kliinikum.ee\\\/wp-content\\\/uploads\\\/2023\\\/05\\\/1-korrus.svg\"},{\"@type\":\"BreadcrumbList\",\"@id\":\"https:\\\/\\\/www.kliinikum.ee\\\/kirurgiakliinik\\\/patsiendile\\\/majainfo\\\/#breadcrumb\",\"itemListElement\":[{\"@type\":\"ListItem\",\"position\":1,\"name\":\"Home\",\"item\":\"https:\\\/\\\/www.kliinikum.ee\\\/kirurgiakliinik\\\/\"},{\"@type\":\"ListItem\",\"position\":2,\"name\":\"Patsiendile\",\"item\":\"https:\\\/\\\/www.kliinikum.ee\\\/kirurgiakliinik\\\/patsiendile\\\/\"},{\"@type\":\"ListItem\",\"position\":3,\"name\":\"Majainfo\"}]},{\"@type\":\"WebSite\",\"@id\":\"https:\\\/\\\/www.kliinikum.ee\\\/kirurgiakliinik\\\/#website\",\"url\":\"https:\\\/\\\/www.kliinikum.ee\\\/kirurgiakliinik\\\/\",\"name\":\"Kirurgiakliinik\",\"description\":\"Hoolivus, Uuendusmeelsus, P\u00e4devus ja Usaldusv\u00e4\u00e4rsus\",\"potentialAction\":[{\"@type\":\"SearchAction\",\"target\":{\"@type\":\"EntryPoint\",\"urlTemplate\":\"https:\\\/\\\/www.kliinikum.ee\\\/kirurgiakliinik\\\/?s={search_term_string}\"},\"query-input\":{\"@type\":\"PropertyValueSpecification\",\"valueRequired\":true,\"valueName\":\"search_term_string\"}}],\"inLanguage\":\"et\"}]}<\/script>\n<!-- \/ Yoast SEO plugin. -->","yoast_head_json":{"title":"Majainfo - Kirurgiakliinik","robots":{"index":"index","follow":"follow","max-snippet":"max-snippet:-1","max-image-preview":"max-image-preview:large","max-video-preview":"max-video-preview:-1"},"canonical":"https:\/\/www.kliinikum.ee\/kirurgiakliinik\/patsiendile\/majainfo\/","og_locale":"et_EE","og_type":"article","og_title":"Majainfo - Kirurgiakliinik","og_description":"Kirurgiakliinik paikneb oma osakondadega mitmel korrusel erinevates korpustes. A korpus 1. korrus3. korrus4. korrus Ambulatoorne vastuv\u00f5ttAbdominaalkirurgia osakond\u00dcldkirurgia ja plastilise kirurgia osakond H korpus 2. korrus Veresoontekirurgia osakond K korpus 5. korrus6. korrus Uroloogia ja neerusiirdamise osakondKirurgilise ja g\u00fcnekoloogilise onkoloogia osakond M korpus 4. korrus Lastekirurgia osakond","og_url":"https:\/\/www.kliinikum.ee\/kirurgiakliinik\/patsiendile\/majainfo\/","og_site_name":"Kirurgiakliinik","article_modified_time":"2023-12-21T11:48:14+00:00","og_image":[{"url":"https:\/\/www.kliinikum.ee\/wp-content\/uploads\/2023\/05\/1-korrus.svg","type":"","width":"","height":""}],"twitter_card":"summary_large_image","twitter_misc":{"Est. reading time":"1 minut"},"schema":{"@context":"https:\/\/schema.org","@graph":[{"@type":"WebPage","@id":"https:\/\/www.kliinikum.ee\/kirurgiakliinik\/patsiendile\/majainfo\/","url":"https:\/\/www.kliinikum.ee\/kirurgiakliinik\/patsiendile\/majainfo\/","name":"Majainfo - Kirurgiakliinik","isPartOf":{"@id":"https:\/\/www.kliinikum.ee\/kirurgiakliinik\/#website"},"primaryImageOfPage":{"@id":"https:\/\/www.kliinikum.ee\/kirurgiakliinik\/patsiendile\/majainfo\/#primaryimage"},"image":{"@id":"https:\/\/www.kliinikum.ee\/kirurgiakliinik\/patsiendile\/majainfo\/#primaryimage"},"thumbnailUrl":"https:\/\/www.kliinikum.ee\/wp-content\/uploads\/2023\/05\/1-korrus.svg","datePublished":"2023-12-14T09:06:44+00:00","dateModified":"2023-12-21T11:48:14+00:00","breadcrumb":{"@id":"https:\/\/www.kliinikum.ee\/kirurgiakliinik\/patsiendile\/majainfo\/#breadcrumb"},"inLanguage":"et","potentialAction":[{"@type":"ReadAction","target":["https:\/\/www.kliinikum.ee\/kirurgiakliinik\/patsiendile\/majainfo\/"]}]},{"@type":"ImageObject","inLanguage":"et","@id":"https:\/\/www.kliinikum.ee\/kirurgiakliinik\/patsiendile\/majainfo\/#primaryimage","url":"https:\/\/www.kliinikum.ee\/wp-content\/uploads\/2023\/05\/1-korrus.svg","contentUrl":"https:\/\/www.kliinikum.ee\/wp-content\/uploads\/2023\/05\/1-korrus.svg"},{"@type":"BreadcrumbList","@id":"https:\/\/www.kliinikum.ee\/kirurgiakliinik\/patsiendile\/majainfo\/#breadcrumb","itemListElement":[{"@type":"ListItem","position":1,"name":"Home","item":"https:\/\/www.kliinikum.ee\/kirurgiakliinik\/"},{"@type":"ListItem","position":2,"name":"Patsiendile","item":"https:\/\/www.kliinikum.ee\/kirurgiakliinik\/patsiendile\/"},{"@type":"ListItem","position":3,"name":"Majainfo"}]},{"@type":"WebSite","@id":"https:\/\/www.kliinikum.ee\/kirurgiakliinik\/#website","url":"https:\/\/www.kliinikum.ee\/kirurgiakliinik\/","name":"Kirurgiakliinik","description":"Hoolivus, Uuendusmeelsus, P\u00e4devus ja Usaldusv\u00e4\u00e4rsus","potentialAction":[{"@type":"SearchAction","target":{"@type":"EntryPoint","urlTemplate":"https:\/\/www.kliinikum.ee\/kirurgiakliinik\/?s={search_term_string}"},"query-input":{"@type":"PropertyValueSpecification","valueRequired":true,"valueName":"search_term_string"}}],"inLanguage":"et"}]}},"uagb_featured_image_src":{"full":false,"thumbnail":false,"medium":false,"medium_large":false,"large":false,"1536x1536":false,"2048x2048":false},"uagb_author_info":{"display_name":"Jane Freimann","author_link":"https:\/\/www.kliinikum.ee\/kirurgiakliinik\/author\/janef\/"},"uagb_comment_info":0,"uagb_excerpt":"Kirurgiakliinik paikneb oma osakondadega mitmel korrusel erinevates korpustes. A korpus 1. korrus3. korrus4. korrus Ambulatoorne vastuv\u00f5ttAbdominaalkirurgia osakond\u00dcldkirurgia ja plastilise kirurgia osakond H korpus 2. korrus Veresoontekirurgia osakond K korpus 5. korrus6. korrus Uroloogia ja neerusiirdamise osakondKirurgilise ja g\u00fcnekoloogilise onkoloogia osakond M korpus 4. korrus Lastekirurgia osakond","_links":{"self":[{"href":"https:\/\/www.kliinikum.ee\/kirurgiakliinik\/wp-json\/wp\/v2\/pages\/6677","targetHints":{"allow":["GET"]}}],"collection":[{"href":"https:\/\/www.kliinikum.ee\/kirurgiakliinik\/wp-json\/wp\/v2\/pages"}],"about":[{"href":"https:\/\/www.kliinikum.ee\/kirurgiakliinik\/wp-json\/wp\/v2\/types\/page"}],"author":[{"embeddable":true,"href":"https:\/\/www.kliinikum.ee\/kirurgiakliinik\/wp-json\/wp\/v2\/users\/32"}],"replies":[{"embeddable":true,"href":"https:\/\/www.kliinikum.ee\/kirurgiakliinik\/wp-json\/wp\/v2\/comments?post=6677"}],"version-history":[{"count":0,"href":"https:\/\/www.kliinikum.ee\/kirurgiakliinik\/wp-json\/wp\/v2\/pages\/6677\/revisions"}],"up":[{"embeddable":true,"href":"https:\/\/www.kliinikum.ee\/kirurgiakliinik\/wp-json\/wp\/v2\/pages\/15"}],"wp:attachment":[{"href":"https:\/\/www.kliinikum.ee\/kirurgiakliinik\/wp-json\/wp\/v2\/media?parent=6677"}],"curies":[{"name":"wp","href":"https:\/\/api.w.org\/{rel}","templated":true}]}}