{"id":6979,"date":"2024-05-28T08:26:31","date_gmt":"2024-05-28T06:26:31","guid":{"rendered":"https:\/\/www.kliinikum.ee\/kirurgiakliinik\/?page_id=6979"},"modified":"2026-02-19T08:23:56","modified_gmt":"2026-02-19T06:23:56","slug":"patsiendiinfo-4","status":"publish","type":"page","link":"https:\/\/www.kliinikum.ee\/kirurgiakliinik\/patsiendiinfo-4\/","title":{"rendered":"Patsiendiinfo"},"content":{"rendered":"\n<p class=\"has-large-font-size\"><strong>UROLOOGIA JA NEERUSIIRDAMISE OSAKOND<\/strong><\/p>\n\n\n\n<p><strong>Kodune operatsiooniks ettevalmistus<\/strong><\/p>\n\n\n\n<p><strong>Ravimid<\/strong><br>Operatsioonieelselt j\u00e4tkake oma regulaarselt tarvitatavate ravimite v\u00f5tmist, kui Teid ei ole<br>informeeritud teisiti. Kui Teie raviskeemis on verd vedeldavad ravimed, siis t\u00e4psustage<br>arsti\/\u00f5e\/sekret\u00e4ri k\u00e4est \u00fcle, kas ja millal peate ravimi v\u00f5tmise katkestama.<\/p>\n\n\n\n<p><strong>Toitumine<\/strong><br>Kui Teid ei ole informeeritud eridieedi vajadusest, siis v\u00f5ite toituda operatsioonieelselt tavap\u00e4raselt.<br>\u00c4rge tarbige alkoholi v\u00e4hemalt 48 tundi enne haiglasse tulekut.<br>Juhul, kui Teie operatsioon toimub haiglasse minekule j\u00e4rgneval p\u00e4eval, siis v\u00f5ite kodus s\u00fc\u00fca.<br>Kui Teie operatsioon toimub haiglasse mineku p\u00e4eval, siis 6 tundi enne haiglasse minekut l\u00f5petage<br>tahke toidu ja j\u00e4\u00e4giga vedelike (piim, keefir, jogurt, viljalihaga mahl) tarbimine. 1 tund enne haiglasse<br>tulekut l\u00f5petage selgete vedelike (vesi, viljalihata mahl, gaseerimata spordijoogid, must kohv, tee)<br>joomine.<\/p>\n\n\n\n<p><strong>Suitsetamine<\/strong><br>\u00c4rge kasutage tubakatooteid (sh. tavasigarette, e-sigarette, n\u00e4rimistubakat) v\u00e4hemalt 24 tundi enne<br>operatsiooni. Suitsetamisest loobumine v\u00e4hemalt 4-6 n\u00e4dalat enne planeeritavat operatsiooni ja<br>suitsuvabaks j\u00e4\u00e4mine v\u00e4hemalt 4 n\u00e4dalat peale operatsiooni v\u00e4hendab operatsiooniga seotud<br>t\u00fcsistuste riski.<\/p>\n\n\n\n<p><strong>F\u00fc\u00fcsiline aktiivsus<\/strong><br>Enamasti operatsioonieelselt ei ole f\u00fc\u00fcsiline koormus piiratud. Parem f\u00fc\u00fcsiline vorm aitab Teie kehal<br>operatsioonist tuleneva stressiga paremini toime tulla ja v\u00e4hendab operatsiooniga seotud riske.<br>Aktiivne elustiil on kasulik Teie \u00fcldisele tervisele ja kui olete tavaliselt aktiivne inimene, siis on oluline<br>seda ka enne operatsiooni j\u00e4tkata. V\u00e4hese f\u00fc\u00fcsilise aktiivsusega inimesed saavad aga regulaarse<br>liikumisega (igap\u00e4evane jalutamine, kepik\u00f5nd, kerged treeningud) oma vormi oluliselt parandada juba<br>m\u00f5ne n\u00e4dala jooksul, mis v\u00f5imaldab kiiremat operatsioonij\u00e4rgset taastumist.<\/p>\n\n\n\n<p><strong>Anestesioloogi vastuv\u00f5tt<\/strong><br>Juhul, kui arst\/\u00f5de on pidanud vajalikuks, et l\u00e4hete operatsioonieelselt anestesioloogi ehk<br>narkoosiarsti vastuv\u00f5tule, siis operatsiooni t\u00e4pse kuup\u00e4eva selgudes osakonna sekret\u00e4r helistab ja<br>teatab Teile nii anestesioloogi vastuv\u00f5tu kui haiglasse tuleku aja.<\/p>\n\n\n\n<p><strong>H\u00fcgieen<\/strong><br>Haiglasse tuleku eelselt k\u00e4ige pesemas (du\u0161i all, saunas) ning korrastage s\u00f5rme- ja varbak\u00fc\u00fcned.<br>Eemaldage s\u00f5rmek\u00fc\u00fcntelt k\u00fc\u00fcnelakk\/kunstk\u00fc\u00fcned, kuna need v\u00f5ivad takistada operatsioonil<br>kasutatavate j\u00e4lgimisandurite t\u00f6\u00f6d.<br>\u00c4rge raseerige operatsiooni piirkonda.<\/p>\n\n\n\n<p><strong>Haiglasse tulek<\/strong><br>Osakonna sekret\u00e4r helistab Teile ja teatab t\u00e4pse kuup\u00e4eva ja kellaaja, millal tulla haiglasse.<br>Juhul, kui Teil ei ole v\u00f5imalik kokkulepitud ajal haiglasse tulla, siis palun teavitage sellest koheselt<br>osakonna sekret\u00e4ri v\u00f5i valve\u00f5de.<\/p>\n\n\n\n<p>Haiglasse tulles v\u00f5tke kaasa:<br>- ID kaart\/pass<br>- igap\u00e4evaselt tarvitatavad ravimid originaalpakendis (tabletid, insuliinid, inhalaatorid,<br>silmatilgad jms.)<br>- kasutatavate ravimite nimekiri. Pange kirja nii retsepti- kui k\u00e4sim\u00fc\u00fcgiravimid. Lisage ravimi<br>nimi, kui palju ja kui sageli Te ravimit v\u00f5tate ning millal Te viimane kord ravimit v\u00f5tsite<br>- isiklikud h\u00fcgieenitarbed<br>- vahetusjalan\u00f5ud ja soovi korral ka vahetusriided (haiglas viibimise ajal tagame Teile<br>haiglariided)<br>- vajaminevad abivahendid<br>- kui Teile anti arsti\/\u00f5e vastuv\u00f5tul kodus t\u00e4itmiseks anesteesiaeelne k\u00fcsitlusleht, siis t\u00e4itke see<br>\u00e4ra ja v\u00f5tke haiglasse kaasa<\/p>\n\n\n\n<p>Haiglasse tulles palun sisenege hoonesse N. Lunini tn. poolse sissep\u00e4\u00e4su kaudu. V\u00f5tke registratuuri<br>juures olevast numbriautomaadist j\u00e4rjekorranumber ja seej\u00e4rel p\u00f6\u00f6rduge registratuuri, kus<br>vormistatakse Teie saabumine. \u00dcleriideid riidehoidu andma ei pea - Te saate need paigutada<br>osakonnas lukustatavasse kappi.<br>Registratuurist juhatatakse Teid edasi osakonda, mis asub K korpuses 5. korrusel. Liikumisraskustega<br>patsiendid saavad vajadusel kasutada registratuuri l\u00e4hedal asuvaid ratastoole, mille palume saatjal<br>p\u00e4rast tagasi viia. Osakonnas palun andke oma saabumisest teada \u00f5ele.<\/p>\n\n\n\n<p><strong>Parkimine<\/strong><br>Kliinikumi peahoone \u00fcmbruses on parkimine tasuline. Parkimistsoonis EP326 ja EP327 on liikumispuudega v\u00f5i pimedat inimest teenindava s\u00f5iduki parkimiskaardiga parkimine tasuta. T\u00e4psem info parkimistsoonide ja -tasude kohta kodulehel: <a href=\"http:\/\/www.kliinikum.ee\/patsiendile\/parkimine\">www.kliinikum.ee\/patsiendile\/parkimine<\/a><\/p>\n\n\n\n<p><strong>Haiglas olek<\/strong><br>Informeerige osakonna \u00f5de ja raviarsti enda haigustest, kasutatavatest ravimitest ja allergiatest. Kui<br>Teile anti arsti\/\u00f5e vastuv\u00f5tul koju kaasa anesteesiaeelne k\u00fcsitlusleht, siis palun andke t\u00e4idetud ankeet<br>osakonna \u00f5ele. Juhul, kui Teile pole varasemalt seda antud, siis palub osakonna \u00f5de t\u00e4ita ja<br>allkirjastada selle k\u00fcsitluslehe haiglasse saabumisel.<br>Operatsioonieelselt tehakse Teile vajadusel t\u00e4iendavaid uuringuid (vereanal\u00fc\u00fcsid, verer\u00f5hu<br>m\u00f5\u00f5tmine, EKG jms.). Enne operatsiooni kohtute ka oma raviarstiga, kes annab Teile t\u00e4iendavat<br>informatsiooni nii operatsiooni kui operatsioonij\u00e4rgse perioodi kohta. Kui Te varasemalt ei k\u00e4inud<br>anestesioloogi vastuv\u00f5tul, siis tuleb Teiega vestlema ka anestesioloog.<br>Operatsioonip\u00e4eva hommikul tehakse vajalikud ettevalmistused (h\u00fcgieen, operatsiooni piirkonna<br>raseerimine jms.). Vajadusel antakse Teile enne operatsiooni rahusteid.<br>Operatsioonile minnes tuleb eemaldada lahtised hambaproteesid, kontaktl\u00e4\u00e4tsed, k\u00e4ekell, ehted.<br>Operatsioonituppa mineku jaoks antakse Teile selga operatsioonis\u00e4rk ja pannakse p\u00e4he m\u00fcts.<\/p>\n\n\n\n<p><strong>Isiklike asjade hoiustamine<\/strong><br>Palume j\u00e4tta v\u00e4\u00e4risesemed (sh. ehted) koju. Palume haiglasse mitte kaasa v\u00f5tta suurt rahasummat. Kui<br>Teil siiski on kaasas v\u00e4\u00e4risesemeid, raha vms., siis palume need anda osakonna \u00f5ele seifi hoiule.<\/p>\n\n\n\n<p><strong>Tubakavaba haigla<\/strong><br>Kliinikum on tubakavaba haigla. Suitsetamine (sh. e-sigareti kasutamine) on kliinikumi ruumides ja<br>territooriumil 30 m raadiuses keelatud. Kui suitsetamisest loobumine pole olnud v\u00f5imalik, siis saame<br>Teile pakkuda haiglasoleku perioodil nikotiiniplaastreid.<\/p>\n\n\n\n<p><strong>Voodip\u00e4evatasu<\/strong><br>Tartu \u00dclikooli Kliinikumis on voodip\u00e4evatasu 5\u20ac. Tasu tuleb maksta maksimaalselt k\u00fcmne haiglaravil<br>oldud p\u00e4eva eest (seega kokku mitte enam kui 50\u20ac). Maksta saab sularahas, kaardimaksena v\u00f5i<br>panga\u00fclekandega seitsme p\u00e4eva jooksul arvel m\u00e4rgitud kontole. T\u00e4psemat informatsiooni saate<br>osakonna personalilt.<\/p>\n\n\n\n<p><strong>Patsiendi k\u00fclastamine<\/strong><br>Soovitatav k\u00fclastusaeg on E-R 14:00-19:00, L-P 10:00-19:00. K\u00fclastajatel palume j\u00e4tta \u00fcleriided<br>v\u00f5imalusel riidehoidu. Enne palatisse sisenemist ja sealt lahkumist teha k\u00e4te antiseptika. Arsti visiidi ja<br>protseduuride ajal palume k\u00fclastajatel palatist v\u00e4ljuda. Palume patsiente mitte k\u00fclastada, kui esinevad<br>viirushaiguste tunnused.<\/p>\n\n\n\n<p><strong>Tagasiside<\/strong><br>Kliinikumi teenuste kohta saab esitada ettepanekuid, t\u00e4nuavaldusi ja kaebuseid elektrooniliselt<br>kliinikumi kodulehel v\u00f5i paberkandjal. Osakonnas t\u00e4idetud blanketid asetage ettepanekute ja<br>t\u00e4nuavalduste kasti. Kastil on ka QR-koodi skaneerimise v\u00f5imalus tagasiside andmiseks. K\u00f5igile<br>vormikohastele avaldustele vastatakse soovi korral 10 t\u00f6\u00f6p\u00e4eva jooksul.<\/p>\n\n\n\n<p><strong>Muu info<\/strong><br>T\u00e4psema info osakonna kodukorra kohta saate palatis olevast vastavast infomaterjalist ja osakonna<br>personalilt.<\/p>\n\n\n\n<p><strong>Haiglast lahkumine<\/strong><br>Haiglast v\u00e4ljakirjutamine toimub enamasti kell 10:00-12:00. Operatsioonij\u00e4rgselt v\u00f5ivad j\u00f5uvarud olla<br>piiratud ja seega paluge oma l\u00e4hedastel Teile haiglasse j\u00e4rele tulla.<br>Haiglast lahkudes antakse Teile nii suuliselt kui kirjalikult edasised juhised (haavahooldus, muutused<br>raviskeemis jne.). Osakonnast lahkumisel teavitage sellest ka valve\u00f5de. Palun \u00e4rge lahkuge osakonnast<br>veenikan\u00fc\u00fcli, vahetamata haavaplaastritega vms.<\/p>\n\n\n\n<p><strong>Kodune enesej\u00e4lgimine<\/strong><br>Kodus j\u00e4rgige Teile haiglas antud soovitusi (ravimid, haavahooldus, f\u00fc\u00fcsiline koormus jne.).<br>Normaalselt operatsioonij\u00e4rgselt \u00fcldine enesetunne paraneb iga p\u00e4evaga (suureneb j\u00f5udlus, paraneb<br>s\u00f6\u00f6giisu, v\u00e4heneb haavavalu). Juhul, kui m\u00e4rkate mingeid k\u00f5rvalekaldeid, siis t\u00f6\u00f6p\u00e4evadel p\u00f6\u00f6rduge<br>perearsti poole v\u00f5i v\u00f5tke \u00fchendust raviarstiga (kontaktid leitavad<br><a href=\"https:\/\/www.kliinikum.ee\/kirurgiakliinik\/kliinikust\/arstid\/\">www.kliinikum.ee\/kirurgiakliinik\/kliinikust\/arstid<\/a> ). T\u00f6\u00f6v\u00e4lisel ajal\/\u00e4gedate kaebuste (k\u00f5rge palavik,<br>tugev valu, haavast vere\/m\u00e4da eritus, haava lahtiminek jms.) tekkimisel p\u00f6\u00f6rduge erakorralise<br>meditsiini osakonda.<br>T\u00e4psemad ravij\u00e4rgsed juhendid on saadaval ka kodulehel<br><a href=\"https:\/\/www.kliinikum.ee\/kirurgiakliinik\/patsiendile\/juhendid-parast-ravi\/\">www.kliinikum.ee\/kirurgiakliinik\/patsiendile\/juhendid-parast-ravi<\/a><\/p>\n\n\n\n<p><strong>Kontaktid<\/strong><br>Tartu \u00dclikooli Kliinikumi kirurgiakliinik<br>Uroloogia ja neerusiirdamise osakond<br>L. Puusepa 8, K korpus, 5. korrus<br>Valve\u00f5de 731 8253<br>\u00d5de-koordinaator (E-R 13:00-15:00) 5331 9462; uroloogia@kliinikum.ee<br>Sekret\u00e4r (E-R 08:00-16:00) 731 8258<\/p>\n","protected":false},"excerpt":{"rendered":"<p>UROLOOGIA JA NEERUSIIRDAMISE OSAKOND Kodune operatsiooniks ettevalmistus RavimidOperatsioonieelselt j\u00e4tkake oma regulaarselt tarvitatavate ravimite v\u00f5tmist, kui Teid ei oleinformeeritud teisiti. Kui Teie raviskeemis on verd vedeldavad ravimed, siis t\u00e4psustagearsti\/\u00f5e\/sekret\u00e4ri k\u00e4est \u00fcle, kas ja millal peate ravimi v\u00f5tmise katkestama. ToitumineKui Teid ei ole informeeritud eridieedi vajadusest, siis v\u00f5ite toituda operatsioonieelselt tavap\u00e4raselt.\u00c4rge tarbige alkoholi v\u00e4hemalt 48 tundi enne [&hellip;]<\/p>\n","protected":false},"author":30,"featured_media":0,"parent":0,"menu_order":0,"comment_status":"closed","ping_status":"closed","template":"","meta":{"_acf_changed":false,"_uag_custom_page_level_css":"","footnotes":""},"class_list":["post-6979","page","type-page","status-publish","hentry"],"acf":[],"yoast_head":"<!-- This site is optimized with the Yoast SEO plugin v27.3 - https:\/\/yoast.com\/product\/yoast-seo-wordpress\/ -->\n<title>Patsiendiinfo - Kirurgiakliinik<\/title>\n<meta name=\"robots\" content=\"index, follow, max-snippet:-1, max-image-preview:large, max-video-preview:-1\" \/>\n<link rel=\"canonical\" href=\"https:\/\/www.kliinikum.ee\/kirurgiakliinik\/patsiendiinfo-4\/\" \/>\n<meta property=\"og:locale\" content=\"et_EE\" \/>\n<meta property=\"og:type\" content=\"article\" \/>\n<meta property=\"og:title\" content=\"Patsiendiinfo - Kirurgiakliinik\" \/>\n<meta property=\"og:description\" content=\"UROLOOGIA JA NEERUSIIRDAMISE OSAKOND Kodune operatsiooniks ettevalmistus RavimidOperatsioonieelselt j\u00e4tkake oma regulaarselt tarvitatavate ravimite v\u00f5tmist, kui Teid ei oleinformeeritud teisiti. Kui Teie raviskeemis on verd vedeldavad ravimed, siis t\u00e4psustagearsti\/\u00f5e\/sekret\u00e4ri k\u00e4est \u00fcle, kas ja millal peate ravimi v\u00f5tmise katkestama. ToitumineKui Teid ei ole informeeritud eridieedi vajadusest, siis v\u00f5ite toituda operatsioonieelselt tavap\u00e4raselt.\u00c4rge tarbige alkoholi v\u00e4hemalt 48 tundi enne [&hellip;]\" \/>\n<meta property=\"og:url\" content=\"https:\/\/www.kliinikum.ee\/kirurgiakliinik\/patsiendiinfo-4\/\" \/>\n<meta property=\"og:site_name\" content=\"Kirurgiakliinik\" \/>\n<meta property=\"article:modified_time\" content=\"2026-02-19T06:23:56+00:00\" \/>\n<meta name=\"twitter:card\" content=\"summary_large_image\" \/>\n<meta name=\"twitter:label1\" content=\"Est. reading time\" \/>\n\t<meta name=\"twitter:data1\" content=\"6 minutit\" \/>\n<script type=\"application\/ld+json\" class=\"yoast-schema-graph\">{\"@context\":\"https:\\\/\\\/schema.org\",\"@graph\":[{\"@type\":\"WebPage\",\"@id\":\"https:\\\/\\\/www.kliinikum.ee\\\/kirurgiakliinik\\\/patsiendiinfo-4\\\/\",\"url\":\"https:\\\/\\\/www.kliinikum.ee\\\/kirurgiakliinik\\\/patsiendiinfo-4\\\/\",\"name\":\"Patsiendiinfo - Kirurgiakliinik\",\"isPartOf\":{\"@id\":\"https:\\\/\\\/www.kliinikum.ee\\\/kirurgiakliinik\\\/#website\"},\"datePublished\":\"2024-05-28T06:26:31+00:00\",\"dateModified\":\"2026-02-19T06:23:56+00:00\",\"breadcrumb\":{\"@id\":\"https:\\\/\\\/www.kliinikum.ee\\\/kirurgiakliinik\\\/patsiendiinfo-4\\\/#breadcrumb\"},\"inLanguage\":\"et\",\"potentialAction\":[{\"@type\":\"ReadAction\",\"target\":[\"https:\\\/\\\/www.kliinikum.ee\\\/kirurgiakliinik\\\/patsiendiinfo-4\\\/\"]}]},{\"@type\":\"BreadcrumbList\",\"@id\":\"https:\\\/\\\/www.kliinikum.ee\\\/kirurgiakliinik\\\/patsiendiinfo-4\\\/#breadcrumb\",\"itemListElement\":[{\"@type\":\"ListItem\",\"position\":1,\"name\":\"Home\",\"item\":\"https:\\\/\\\/www.kliinikum.ee\\\/kirurgiakliinik\\\/\"},{\"@type\":\"ListItem\",\"position\":2,\"name\":\"Patsiendiinfo\"}]},{\"@type\":\"WebSite\",\"@id\":\"https:\\\/\\\/www.kliinikum.ee\\\/kirurgiakliinik\\\/#website\",\"url\":\"https:\\\/\\\/www.kliinikum.ee\\\/kirurgiakliinik\\\/\",\"name\":\"Kirurgiakliinik\",\"description\":\"Hoolivus, Uuendusmeelsus, P\u00e4devus ja Usaldusv\u00e4\u00e4rsus\",\"potentialAction\":[{\"@type\":\"SearchAction\",\"target\":{\"@type\":\"EntryPoint\",\"urlTemplate\":\"https:\\\/\\\/www.kliinikum.ee\\\/kirurgiakliinik\\\/?s={search_term_string}\"},\"query-input\":{\"@type\":\"PropertyValueSpecification\",\"valueRequired\":true,\"valueName\":\"search_term_string\"}}],\"inLanguage\":\"et\"}]}<\/script>\n<!-- \/ Yoast SEO plugin. -->","yoast_head_json":{"title":"Patsiendiinfo - Kirurgiakliinik","robots":{"index":"index","follow":"follow","max-snippet":"max-snippet:-1","max-image-preview":"max-image-preview:large","max-video-preview":"max-video-preview:-1"},"canonical":"https:\/\/www.kliinikum.ee\/kirurgiakliinik\/patsiendiinfo-4\/","og_locale":"et_EE","og_type":"article","og_title":"Patsiendiinfo - Kirurgiakliinik","og_description":"UROLOOGIA JA NEERUSIIRDAMISE OSAKOND Kodune operatsiooniks ettevalmistus RavimidOperatsioonieelselt j\u00e4tkake oma regulaarselt tarvitatavate ravimite v\u00f5tmist, kui Teid ei oleinformeeritud teisiti. Kui Teie raviskeemis on verd vedeldavad ravimed, siis t\u00e4psustagearsti\/\u00f5e\/sekret\u00e4ri k\u00e4est \u00fcle, kas ja millal peate ravimi v\u00f5tmise katkestama. ToitumineKui Teid ei ole informeeritud eridieedi vajadusest, siis v\u00f5ite toituda operatsioonieelselt tavap\u00e4raselt.\u00c4rge tarbige alkoholi v\u00e4hemalt 48 tundi enne [&hellip;]","og_url":"https:\/\/www.kliinikum.ee\/kirurgiakliinik\/patsiendiinfo-4\/","og_site_name":"Kirurgiakliinik","article_modified_time":"2026-02-19T06:23:56+00:00","twitter_card":"summary_large_image","twitter_misc":{"Est. reading time":"6 minutit"},"schema":{"@context":"https:\/\/schema.org","@graph":[{"@type":"WebPage","@id":"https:\/\/www.kliinikum.ee\/kirurgiakliinik\/patsiendiinfo-4\/","url":"https:\/\/www.kliinikum.ee\/kirurgiakliinik\/patsiendiinfo-4\/","name":"Patsiendiinfo - Kirurgiakliinik","isPartOf":{"@id":"https:\/\/www.kliinikum.ee\/kirurgiakliinik\/#website"},"datePublished":"2024-05-28T06:26:31+00:00","dateModified":"2026-02-19T06:23:56+00:00","breadcrumb":{"@id":"https:\/\/www.kliinikum.ee\/kirurgiakliinik\/patsiendiinfo-4\/#breadcrumb"},"inLanguage":"et","potentialAction":[{"@type":"ReadAction","target":["https:\/\/www.kliinikum.ee\/kirurgiakliinik\/patsiendiinfo-4\/"]}]},{"@type":"BreadcrumbList","@id":"https:\/\/www.kliinikum.ee\/kirurgiakliinik\/patsiendiinfo-4\/#breadcrumb","itemListElement":[{"@type":"ListItem","position":1,"name":"Home","item":"https:\/\/www.kliinikum.ee\/kirurgiakliinik\/"},{"@type":"ListItem","position":2,"name":"Patsiendiinfo"}]},{"@type":"WebSite","@id":"https:\/\/www.kliinikum.ee\/kirurgiakliinik\/#website","url":"https:\/\/www.kliinikum.ee\/kirurgiakliinik\/","name":"Kirurgiakliinik","description":"Hoolivus, Uuendusmeelsus, P\u00e4devus ja Usaldusv\u00e4\u00e4rsus","potentialAction":[{"@type":"SearchAction","target":{"@type":"EntryPoint","urlTemplate":"https:\/\/www.kliinikum.ee\/kirurgiakliinik\/?s={search_term_string}"},"query-input":{"@type":"PropertyValueSpecification","valueRequired":true,"valueName":"search_term_string"}}],"inLanguage":"et"}]}},"uagb_featured_image_src":{"full":false,"thumbnail":false,"medium":false,"medium_large":false,"large":false,"1536x1536":false,"2048x2048":false},"uagb_author_info":{"display_name":"Kaia Linkberg","author_link":"https:\/\/www.kliinikum.ee\/kirurgiakliinik\/author\/kaia\/"},"uagb_comment_info":0,"uagb_excerpt":"UROLOOGIA JA NEERUSIIRDAMISE OSAKOND Kodune operatsiooniks ettevalmistus RavimidOperatsioonieelselt j\u00e4tkake oma regulaarselt tarvitatavate ravimite v\u00f5tmist, kui Teid ei oleinformeeritud teisiti. Kui Teie raviskeemis on verd vedeldavad ravimed, siis t\u00e4psustagearsti\/\u00f5e\/sekret\u00e4ri k\u00e4est \u00fcle, kas ja millal peate ravimi v\u00f5tmise katkestama. ToitumineKui Teid ei ole informeeritud eridieedi vajadusest, siis v\u00f5ite toituda operatsioonieelselt tavap\u00e4raselt.\u00c4rge tarbige alkoholi v\u00e4hemalt 48 tundi enne&hellip;","_links":{"self":[{"href":"https:\/\/www.kliinikum.ee\/kirurgiakliinik\/wp-json\/wp\/v2\/pages\/6979","targetHints":{"allow":["GET"]}}],"collection":[{"href":"https:\/\/www.kliinikum.ee\/kirurgiakliinik\/wp-json\/wp\/v2\/pages"}],"about":[{"href":"https:\/\/www.kliinikum.ee\/kirurgiakliinik\/wp-json\/wp\/v2\/types\/page"}],"author":[{"embeddable":true,"href":"https:\/\/www.kliinikum.ee\/kirurgiakliinik\/wp-json\/wp\/v2\/users\/30"}],"replies":[{"embeddable":true,"href":"https:\/\/www.kliinikum.ee\/kirurgiakliinik\/wp-json\/wp\/v2\/comments?post=6979"}],"version-history":[{"count":0,"href":"https:\/\/www.kliinikum.ee\/kirurgiakliinik\/wp-json\/wp\/v2\/pages\/6979\/revisions"}],"wp:attachment":[{"href":"https:\/\/www.kliinikum.ee\/kirurgiakliinik\/wp-json\/wp\/v2\/media?parent=6979"}],"curies":[{"name":"wp","href":"https:\/\/api.w.org\/{rel}","templated":true}]}}