{"id":7188,"date":"2025-04-28T08:43:28","date_gmt":"2025-04-28T06:43:28","guid":{"rendered":"https:\/\/www.kliinikum.ee\/kirurgiakliinik\/?page_id=7188"},"modified":"2026-02-10T10:42:32","modified_gmt":"2026-02-10T08:42:32","slug":"teoreetilised-taiendustsuklid-2025-2026","status":"publish","type":"page","link":"https:\/\/www.kliinikum.ee\/kirurgiakliinik\/teoreetilised-taiendustsuklid-2025-2026\/","title":{"rendered":"Teoreetilised t\u00e4iendusts\u00fcklid 2025\/2026"},"content":{"rendered":"\n<figure class=\"wp-block-table\"><table class=\"has-fixed-layout\"><tbody><tr><td>1. aasta residendid<\/td><td><\/td><td><\/td><\/tr><tr><td><\/td><td>\u00dcldkirurgia 1 (laparoskoopiline kirurgia )<\/td><td>29.09-3.10.2025<\/td><\/tr><tr><td><\/td><td>Radioloogia<\/td><td>20.-22.10.2025<\/td><\/tr><tr><td><\/td><td>\u00dcldkirurgia 2 (\u00fcldkirurgia)<\/td><td>17.-18.12.2025<\/td><\/tr><tr><td><\/td><td>Anestesioloogia-intensiivravi<\/td><td>21.-23.01.2026<\/td><\/tr><tr><td><\/td><td>Ortopeedia<\/td><td>1.-2.04.2026<\/td><\/tr><tr><td>2. aasta residendid<\/td><td><\/td><td><\/td><\/tr><tr><td><\/td><td>Veresoontekirurgia<\/td><td>12.-13.11.2025<\/td><\/tr><tr><td><\/td><td>Plastikakirurgia<\/td><td>27.-29.01.2026<\/td><\/tr><tr><td><\/td><td>Torakaalkirurgia<\/td><td>9.-10.02.2026<\/td><\/tr><tr><td><\/td><td>Uroloogia<\/td><td>2.-3.03.2026<\/td><\/tr><tr><td><\/td><td>Lastekirurgia<\/td><td>5.-7.05.2026<\/td><\/tr><tr><td><\/td><td>Onkoloogia<\/td><td>25.-26.05.2026 (2 p\u00e4eva)<\/td><\/tr><tr><td>3. aasta residendid<\/td><td><\/td><td><\/td><\/tr><tr><td><\/td><td>K\u00e4ekirurgia<\/td><td>1.-2.04.2026<\/td><\/tr><\/tbody><\/table><\/figure>\n","protected":false},"excerpt":{"rendered":"<p>1. aasta residendid \u00dcldkirurgia 1 (laparoskoopiline kirurgia ) 29.09-3.10.2025 Radioloogia 20.-22.10.2025 \u00dcldkirurgia 2 (\u00fcldkirurgia) 17.-18.12.2025 Anestesioloogia-intensiivravi 21.-23.01.2026 Ortopeedia 1.-2.04.2026 2. aasta residendid Veresoontekirurgia 12.-13.11.2025 Plastikakirurgia 27.-29.01.2026 Torakaalkirurgia 9.-10.02.2026 Uroloogia 2.-3.03.2026 Lastekirurgia 5.-7.05.2026 Onkoloogia 25.-26.05.2026 (2 p\u00e4eva) 3. aasta residendid K\u00e4ekirurgia 1.-2.04.2026<\/p>\n","protected":false},"author":30,"featured_media":0,"parent":0,"menu_order":0,"comment_status":"closed","ping_status":"closed","template":"","meta":{"_acf_changed":false,"_uag_custom_page_level_css":"","footnotes":""},"class_list":["post-7188","page","type-page","status-publish","hentry"],"acf":[],"yoast_head":"<!-- This site is optimized with the Yoast SEO plugin v27.3 - https:\/\/yoast.com\/product\/yoast-seo-wordpress\/ -->\n<title>Teoreetilised t\u00e4iendusts\u00fcklid 2025\/2026 - Kirurgiakliinik<\/title>\n<meta name=\"robots\" content=\"index, follow, max-snippet:-1, max-image-preview:large, max-video-preview:-1\" \/>\n<link rel=\"canonical\" href=\"https:\/\/www.kliinikum.ee\/kirurgiakliinik\/teoreetilised-taiendustsuklid-2025-2026\/\" \/>\n<meta property=\"og:locale\" content=\"et_EE\" \/>\n<meta property=\"og:type\" content=\"article\" \/>\n<meta property=\"og:title\" content=\"Teoreetilised t\u00e4iendusts\u00fcklid 2025\/2026 - Kirurgiakliinik\" \/>\n<meta property=\"og:description\" content=\"1. aasta residendid \u00dcldkirurgia 1 (laparoskoopiline kirurgia ) 29.09-3.10.2025 Radioloogia 20.-22.10.2025 \u00dcldkirurgia 2 (\u00fcldkirurgia) 17.-18.12.2025 Anestesioloogia-intensiivravi 21.-23.01.2026 Ortopeedia 1.-2.04.2026 2. aasta residendid Veresoontekirurgia 12.-13.11.2025 Plastikakirurgia 27.-29.01.2026 Torakaalkirurgia 9.-10.02.2026 Uroloogia 2.-3.03.2026 Lastekirurgia 5.-7.05.2026 Onkoloogia 25.-26.05.2026 (2 p\u00e4eva) 3. aasta residendid K\u00e4ekirurgia 1.-2.04.2026\" \/>\n<meta property=\"og:url\" content=\"https:\/\/www.kliinikum.ee\/kirurgiakliinik\/teoreetilised-taiendustsuklid-2025-2026\/\" \/>\n<meta property=\"og:site_name\" content=\"Kirurgiakliinik\" \/>\n<meta property=\"article:modified_time\" content=\"2026-02-10T08:42:32+00:00\" \/>\n<meta name=\"twitter:card\" content=\"summary_large_image\" \/>\n<meta name=\"twitter:label1\" content=\"Est. reading time\" \/>\n\t<meta name=\"twitter:data1\" content=\"1 minut\" \/>\n<script type=\"application\/ld+json\" class=\"yoast-schema-graph\">{\"@context\":\"https:\\\/\\\/schema.org\",\"@graph\":[{\"@type\":\"WebPage\",\"@id\":\"https:\\\/\\\/www.kliinikum.ee\\\/kirurgiakliinik\\\/teoreetilised-taiendustsuklid-2025-2026\\\/\",\"url\":\"https:\\\/\\\/www.kliinikum.ee\\\/kirurgiakliinik\\\/teoreetilised-taiendustsuklid-2025-2026\\\/\",\"name\":\"Teoreetilised t\u00e4iendusts\u00fcklid 2025\\\/2026 - Kirurgiakliinik\",\"isPartOf\":{\"@id\":\"https:\\\/\\\/www.kliinikum.ee\\\/kirurgiakliinik\\\/#website\"},\"datePublished\":\"2025-04-28T06:43:28+00:00\",\"dateModified\":\"2026-02-10T08:42:32+00:00\",\"breadcrumb\":{\"@id\":\"https:\\\/\\\/www.kliinikum.ee\\\/kirurgiakliinik\\\/teoreetilised-taiendustsuklid-2025-2026\\\/#breadcrumb\"},\"inLanguage\":\"et\",\"potentialAction\":[{\"@type\":\"ReadAction\",\"target\":[\"https:\\\/\\\/www.kliinikum.ee\\\/kirurgiakliinik\\\/teoreetilised-taiendustsuklid-2025-2026\\\/\"]}]},{\"@type\":\"BreadcrumbList\",\"@id\":\"https:\\\/\\\/www.kliinikum.ee\\\/kirurgiakliinik\\\/teoreetilised-taiendustsuklid-2025-2026\\\/#breadcrumb\",\"itemListElement\":[{\"@type\":\"ListItem\",\"position\":1,\"name\":\"Home\",\"item\":\"https:\\\/\\\/www.kliinikum.ee\\\/kirurgiakliinik\\\/\"},{\"@type\":\"ListItem\",\"position\":2,\"name\":\"Teoreetilised t\u00e4iendusts\u00fcklid 2025\\\/2026\"}]},{\"@type\":\"WebSite\",\"@id\":\"https:\\\/\\\/www.kliinikum.ee\\\/kirurgiakliinik\\\/#website\",\"url\":\"https:\\\/\\\/www.kliinikum.ee\\\/kirurgiakliinik\\\/\",\"name\":\"Kirurgiakliinik\",\"description\":\"Hoolivus, Uuendusmeelsus, P\u00e4devus ja Usaldusv\u00e4\u00e4rsus\",\"potentialAction\":[{\"@type\":\"SearchAction\",\"target\":{\"@type\":\"EntryPoint\",\"urlTemplate\":\"https:\\\/\\\/www.kliinikum.ee\\\/kirurgiakliinik\\\/?s={search_term_string}\"},\"query-input\":{\"@type\":\"PropertyValueSpecification\",\"valueRequired\":true,\"valueName\":\"search_term_string\"}}],\"inLanguage\":\"et\"}]}<\/script>\n<!-- \/ Yoast SEO plugin. -->","yoast_head_json":{"title":"Teoreetilised t\u00e4iendusts\u00fcklid 2025\/2026 - Kirurgiakliinik","robots":{"index":"index","follow":"follow","max-snippet":"max-snippet:-1","max-image-preview":"max-image-preview:large","max-video-preview":"max-video-preview:-1"},"canonical":"https:\/\/www.kliinikum.ee\/kirurgiakliinik\/teoreetilised-taiendustsuklid-2025-2026\/","og_locale":"et_EE","og_type":"article","og_title":"Teoreetilised t\u00e4iendusts\u00fcklid 2025\/2026 - Kirurgiakliinik","og_description":"1. aasta residendid \u00dcldkirurgia 1 (laparoskoopiline kirurgia ) 29.09-3.10.2025 Radioloogia 20.-22.10.2025 \u00dcldkirurgia 2 (\u00fcldkirurgia) 17.-18.12.2025 Anestesioloogia-intensiivravi 21.-23.01.2026 Ortopeedia 1.-2.04.2026 2. aasta residendid Veresoontekirurgia 12.-13.11.2025 Plastikakirurgia 27.-29.01.2026 Torakaalkirurgia 9.-10.02.2026 Uroloogia 2.-3.03.2026 Lastekirurgia 5.-7.05.2026 Onkoloogia 25.-26.05.2026 (2 p\u00e4eva) 3. aasta residendid K\u00e4ekirurgia 1.-2.04.2026","og_url":"https:\/\/www.kliinikum.ee\/kirurgiakliinik\/teoreetilised-taiendustsuklid-2025-2026\/","og_site_name":"Kirurgiakliinik","article_modified_time":"2026-02-10T08:42:32+00:00","twitter_card":"summary_large_image","twitter_misc":{"Est. reading time":"1 minut"},"schema":{"@context":"https:\/\/schema.org","@graph":[{"@type":"WebPage","@id":"https:\/\/www.kliinikum.ee\/kirurgiakliinik\/teoreetilised-taiendustsuklid-2025-2026\/","url":"https:\/\/www.kliinikum.ee\/kirurgiakliinik\/teoreetilised-taiendustsuklid-2025-2026\/","name":"Teoreetilised t\u00e4iendusts\u00fcklid 2025\/2026 - Kirurgiakliinik","isPartOf":{"@id":"https:\/\/www.kliinikum.ee\/kirurgiakliinik\/#website"},"datePublished":"2025-04-28T06:43:28+00:00","dateModified":"2026-02-10T08:42:32+00:00","breadcrumb":{"@id":"https:\/\/www.kliinikum.ee\/kirurgiakliinik\/teoreetilised-taiendustsuklid-2025-2026\/#breadcrumb"},"inLanguage":"et","potentialAction":[{"@type":"ReadAction","target":["https:\/\/www.kliinikum.ee\/kirurgiakliinik\/teoreetilised-taiendustsuklid-2025-2026\/"]}]},{"@type":"BreadcrumbList","@id":"https:\/\/www.kliinikum.ee\/kirurgiakliinik\/teoreetilised-taiendustsuklid-2025-2026\/#breadcrumb","itemListElement":[{"@type":"ListItem","position":1,"name":"Home","item":"https:\/\/www.kliinikum.ee\/kirurgiakliinik\/"},{"@type":"ListItem","position":2,"name":"Teoreetilised t\u00e4iendusts\u00fcklid 2025\/2026"}]},{"@type":"WebSite","@id":"https:\/\/www.kliinikum.ee\/kirurgiakliinik\/#website","url":"https:\/\/www.kliinikum.ee\/kirurgiakliinik\/","name":"Kirurgiakliinik","description":"Hoolivus, Uuendusmeelsus, P\u00e4devus ja Usaldusv\u00e4\u00e4rsus","potentialAction":[{"@type":"SearchAction","target":{"@type":"EntryPoint","urlTemplate":"https:\/\/www.kliinikum.ee\/kirurgiakliinik\/?s={search_term_string}"},"query-input":{"@type":"PropertyValueSpecification","valueRequired":true,"valueName":"search_term_string"}}],"inLanguage":"et"}]}},"uagb_featured_image_src":{"full":false,"thumbnail":false,"medium":false,"medium_large":false,"large":false,"1536x1536":false,"2048x2048":false},"uagb_author_info":{"display_name":"Kaia Linkberg","author_link":"https:\/\/www.kliinikum.ee\/kirurgiakliinik\/author\/kaia\/"},"uagb_comment_info":0,"uagb_excerpt":"1. aasta residendid \u00dcldkirurgia 1 (laparoskoopiline kirurgia ) 29.09-3.10.2025 Radioloogia 20.-22.10.2025 \u00dcldkirurgia 2 (\u00fcldkirurgia) 17.-18.12.2025 Anestesioloogia-intensiivravi 21.-23.01.2026 Ortopeedia 1.-2.04.2026 2. aasta residendid Veresoontekirurgia 12.-13.11.2025 Plastikakirurgia 27.-29.01.2026 Torakaalkirurgia 9.-10.02.2026 Uroloogia 2.-3.03.2026 Lastekirurgia 5.-7.05.2026 Onkoloogia 25.-26.05.2026 (2 p\u00e4eva) 3. aasta residendid K\u00e4ekirurgia 1.-2.04.2026","_links":{"self":[{"href":"https:\/\/www.kliinikum.ee\/kirurgiakliinik\/wp-json\/wp\/v2\/pages\/7188","targetHints":{"allow":["GET"]}}],"collection":[{"href":"https:\/\/www.kliinikum.ee\/kirurgiakliinik\/wp-json\/wp\/v2\/pages"}],"about":[{"href":"https:\/\/www.kliinikum.ee\/kirurgiakliinik\/wp-json\/wp\/v2\/types\/page"}],"author":[{"embeddable":true,"href":"https:\/\/www.kliinikum.ee\/kirurgiakliinik\/wp-json\/wp\/v2\/users\/30"}],"replies":[{"embeddable":true,"href":"https:\/\/www.kliinikum.ee\/kirurgiakliinik\/wp-json\/wp\/v2\/comments?post=7188"}],"version-history":[{"count":0,"href":"https:\/\/www.kliinikum.ee\/kirurgiakliinik\/wp-json\/wp\/v2\/pages\/7188\/revisions"}],"wp:attachment":[{"href":"https:\/\/www.kliinikum.ee\/kirurgiakliinik\/wp-json\/wp\/v2\/media?parent=7188"}],"curies":[{"name":"wp","href":"https:\/\/api.w.org\/{rel}","templated":true}]}}