{"id":7331,"date":"2026-01-30T10:58:46","date_gmt":"2026-01-30T08:58:46","guid":{"rendered":"https:\/\/www.kliinikum.ee\/kirurgiakliinik\/?page_id=7331"},"modified":"2026-01-30T11:02:18","modified_gmt":"2026-01-30T09:02:18","slug":"paevakirurgiline-ravi","status":"publish","type":"page","link":"https:\/\/www.kliinikum.ee\/kirurgiakliinik\/patsiendile\/ravile-tulijale\/paevakirurgiline-ravi\/","title":{"rendered":"P\u00e4evakirurgiline ravi"},"content":{"rendered":"\n<p><a href=\"https:\/\/www.kliinikum.ee\/kirurgiakliinik\/paevakirurgiline-operatsioon\/\" type=\"link\" id=\"https:\/\/www.kliinikum.ee\/kirurgiakliinik\/paevakirurgiline-operatsioon\/\">P\u00e4evakirurgiline operatsioon<\/a><\/p>\n\n\n\n<p><a href=\"https:\/\/www.kliinikum.ee\/kirurgiakliinik\/2024\/08\/07\/veenilaiendite-operatsioon-paevakirurgias\/\">Veenilaiendite operatsioon p\u00e4evakirurgias<\/a><\/p>\n\n\n\n<p><a href=\"https:\/\/www.kliinikum.ee\/patsiendiinfo-andmebaas\/ambulatoorne-operatsioon\/\">Ambulatoorne operatsioon lokaalanesteesias<\/a><\/p>\n\n\n\n<p><\/p>\n","protected":false},"excerpt":{"rendered":"<p>P\u00e4evakirurgiline operatsioon Veenilaiendite operatsioon p\u00e4evakirurgias Ambulatoorne operatsioon lokaalanesteesias<\/p>\n","protected":false},"author":33,"featured_media":0,"parent":6385,"menu_order":1,"comment_status":"closed","ping_status":"closed","template":"","meta":{"_acf_changed":false,"_uag_custom_page_level_css":"","footnotes":""},"class_list":["post-7331","page","type-page","status-publish","hentry"],"acf":[],"yoast_head":"<!-- This site is optimized with the Yoast SEO plugin v27.3 - https:\/\/yoast.com\/product\/yoast-seo-wordpress\/ -->\n<title>P\u00e4evakirurgiline ravi - Kirurgiakliinik<\/title>\n<meta name=\"robots\" content=\"index, follow, max-snippet:-1, max-image-preview:large, max-video-preview:-1\" \/>\n<link rel=\"canonical\" href=\"https:\/\/www.kliinikum.ee\/kirurgiakliinik\/patsiendile\/ravile-tulijale\/paevakirurgiline-ravi\/\" \/>\n<meta property=\"og:locale\" content=\"et_EE\" \/>\n<meta property=\"og:type\" content=\"article\" \/>\n<meta property=\"og:title\" content=\"P\u00e4evakirurgiline ravi - Kirurgiakliinik\" \/>\n<meta property=\"og:description\" content=\"P\u00e4evakirurgiline operatsioon Veenilaiendite operatsioon p\u00e4evakirurgias Ambulatoorne operatsioon lokaalanesteesias\" \/>\n<meta property=\"og:url\" content=\"https:\/\/www.kliinikum.ee\/kirurgiakliinik\/patsiendile\/ravile-tulijale\/paevakirurgiline-ravi\/\" \/>\n<meta property=\"og:site_name\" content=\"Kirurgiakliinik\" \/>\n<meta property=\"article:modified_time\" content=\"2026-01-30T09:02:18+00:00\" \/>\n<meta name=\"twitter:card\" content=\"summary_large_image\" \/>\n<meta name=\"twitter:label1\" content=\"Est. reading time\" \/>\n\t<meta name=\"twitter:data1\" content=\"1 minut\" \/>\n<script type=\"application\/ld+json\" class=\"yoast-schema-graph\">{\"@context\":\"https:\\\/\\\/schema.org\",\"@graph\":[{\"@type\":\"WebPage\",\"@id\":\"https:\\\/\\\/www.kliinikum.ee\\\/kirurgiakliinik\\\/patsiendile\\\/ravile-tulijale\\\/paevakirurgiline-ravi\\\/\",\"url\":\"https:\\\/\\\/www.kliinikum.ee\\\/kirurgiakliinik\\\/patsiendile\\\/ravile-tulijale\\\/paevakirurgiline-ravi\\\/\",\"name\":\"P\u00e4evakirurgiline ravi - Kirurgiakliinik\",\"isPartOf\":{\"@id\":\"https:\\\/\\\/www.kliinikum.ee\\\/kirurgiakliinik\\\/#website\"},\"datePublished\":\"2026-01-30T08:58:46+00:00\",\"dateModified\":\"2026-01-30T09:02:18+00:00\",\"breadcrumb\":{\"@id\":\"https:\\\/\\\/www.kliinikum.ee\\\/kirurgiakliinik\\\/patsiendile\\\/ravile-tulijale\\\/paevakirurgiline-ravi\\\/#breadcrumb\"},\"inLanguage\":\"et\",\"potentialAction\":[{\"@type\":\"ReadAction\",\"target\":[\"https:\\\/\\\/www.kliinikum.ee\\\/kirurgiakliinik\\\/patsiendile\\\/ravile-tulijale\\\/paevakirurgiline-ravi\\\/\"]}]},{\"@type\":\"BreadcrumbList\",\"@id\":\"https:\\\/\\\/www.kliinikum.ee\\\/kirurgiakliinik\\\/patsiendile\\\/ravile-tulijale\\\/paevakirurgiline-ravi\\\/#breadcrumb\",\"itemListElement\":[{\"@type\":\"ListItem\",\"position\":1,\"name\":\"Home\",\"item\":\"https:\\\/\\\/www.kliinikum.ee\\\/kirurgiakliinik\\\/\"},{\"@type\":\"ListItem\",\"position\":2,\"name\":\"Patsiendile\",\"item\":\"https:\\\/\\\/www.kliinikum.ee\\\/kirurgiakliinik\\\/patsiendile\\\/\"},{\"@type\":\"ListItem\",\"position\":3,\"name\":\"Ravile tulijale\",\"item\":\"https:\\\/\\\/www.kliinikum.ee\\\/kirurgiakliinik\\\/patsiendile\\\/ravile-tulijale\\\/\"},{\"@type\":\"ListItem\",\"position\":4,\"name\":\"P\u00e4evakirurgiline ravi\"}]},{\"@type\":\"WebSite\",\"@id\":\"https:\\\/\\\/www.kliinikum.ee\\\/kirurgiakliinik\\\/#website\",\"url\":\"https:\\\/\\\/www.kliinikum.ee\\\/kirurgiakliinik\\\/\",\"name\":\"Kirurgiakliinik\",\"description\":\"Hoolivus, Uuendusmeelsus, P\u00e4devus ja Usaldusv\u00e4\u00e4rsus\",\"potentialAction\":[{\"@type\":\"SearchAction\",\"target\":{\"@type\":\"EntryPoint\",\"urlTemplate\":\"https:\\\/\\\/www.kliinikum.ee\\\/kirurgiakliinik\\\/?s={search_term_string}\"},\"query-input\":{\"@type\":\"PropertyValueSpecification\",\"valueRequired\":true,\"valueName\":\"search_term_string\"}}],\"inLanguage\":\"et\"}]}<\/script>\n<!-- \/ Yoast SEO plugin. -->","yoast_head_json":{"title":"P\u00e4evakirurgiline ravi - Kirurgiakliinik","robots":{"index":"index","follow":"follow","max-snippet":"max-snippet:-1","max-image-preview":"max-image-preview:large","max-video-preview":"max-video-preview:-1"},"canonical":"https:\/\/www.kliinikum.ee\/kirurgiakliinik\/patsiendile\/ravile-tulijale\/paevakirurgiline-ravi\/","og_locale":"et_EE","og_type":"article","og_title":"P\u00e4evakirurgiline ravi - Kirurgiakliinik","og_description":"P\u00e4evakirurgiline operatsioon Veenilaiendite operatsioon p\u00e4evakirurgias Ambulatoorne operatsioon lokaalanesteesias","og_url":"https:\/\/www.kliinikum.ee\/kirurgiakliinik\/patsiendile\/ravile-tulijale\/paevakirurgiline-ravi\/","og_site_name":"Kirurgiakliinik","article_modified_time":"2026-01-30T09:02:18+00:00","twitter_card":"summary_large_image","twitter_misc":{"Est. reading time":"1 minut"},"schema":{"@context":"https:\/\/schema.org","@graph":[{"@type":"WebPage","@id":"https:\/\/www.kliinikum.ee\/kirurgiakliinik\/patsiendile\/ravile-tulijale\/paevakirurgiline-ravi\/","url":"https:\/\/www.kliinikum.ee\/kirurgiakliinik\/patsiendile\/ravile-tulijale\/paevakirurgiline-ravi\/","name":"P\u00e4evakirurgiline ravi - Kirurgiakliinik","isPartOf":{"@id":"https:\/\/www.kliinikum.ee\/kirurgiakliinik\/#website"},"datePublished":"2026-01-30T08:58:46+00:00","dateModified":"2026-01-30T09:02:18+00:00","breadcrumb":{"@id":"https:\/\/www.kliinikum.ee\/kirurgiakliinik\/patsiendile\/ravile-tulijale\/paevakirurgiline-ravi\/#breadcrumb"},"inLanguage":"et","potentialAction":[{"@type":"ReadAction","target":["https:\/\/www.kliinikum.ee\/kirurgiakliinik\/patsiendile\/ravile-tulijale\/paevakirurgiline-ravi\/"]}]},{"@type":"BreadcrumbList","@id":"https:\/\/www.kliinikum.ee\/kirurgiakliinik\/patsiendile\/ravile-tulijale\/paevakirurgiline-ravi\/#breadcrumb","itemListElement":[{"@type":"ListItem","position":1,"name":"Home","item":"https:\/\/www.kliinikum.ee\/kirurgiakliinik\/"},{"@type":"ListItem","position":2,"name":"Patsiendile","item":"https:\/\/www.kliinikum.ee\/kirurgiakliinik\/patsiendile\/"},{"@type":"ListItem","position":3,"name":"Ravile tulijale","item":"https:\/\/www.kliinikum.ee\/kirurgiakliinik\/patsiendile\/ravile-tulijale\/"},{"@type":"ListItem","position":4,"name":"P\u00e4evakirurgiline ravi"}]},{"@type":"WebSite","@id":"https:\/\/www.kliinikum.ee\/kirurgiakliinik\/#website","url":"https:\/\/www.kliinikum.ee\/kirurgiakliinik\/","name":"Kirurgiakliinik","description":"Hoolivus, Uuendusmeelsus, P\u00e4devus ja Usaldusv\u00e4\u00e4rsus","potentialAction":[{"@type":"SearchAction","target":{"@type":"EntryPoint","urlTemplate":"https:\/\/www.kliinikum.ee\/kirurgiakliinik\/?s={search_term_string}"},"query-input":{"@type":"PropertyValueSpecification","valueRequired":true,"valueName":"search_term_string"}}],"inLanguage":"et"}]}},"uagb_featured_image_src":{"full":false,"thumbnail":false,"medium":false,"medium_large":false,"large":false,"1536x1536":false,"2048x2048":false},"uagb_author_info":{"display_name":"Haldur","author_link":"https:\/\/www.kliinikum.ee\/kirurgiakliinik\/author\/haldur\/"},"uagb_comment_info":0,"uagb_excerpt":"P\u00e4evakirurgiline operatsioon Veenilaiendite operatsioon p\u00e4evakirurgias Ambulatoorne operatsioon lokaalanesteesias","_links":{"self":[{"href":"https:\/\/www.kliinikum.ee\/kirurgiakliinik\/wp-json\/wp\/v2\/pages\/7331","targetHints":{"allow":["GET"]}}],"collection":[{"href":"https:\/\/www.kliinikum.ee\/kirurgiakliinik\/wp-json\/wp\/v2\/pages"}],"about":[{"href":"https:\/\/www.kliinikum.ee\/kirurgiakliinik\/wp-json\/wp\/v2\/types\/page"}],"author":[{"embeddable":true,"href":"https:\/\/www.kliinikum.ee\/kirurgiakliinik\/wp-json\/wp\/v2\/users\/33"}],"replies":[{"embeddable":true,"href":"https:\/\/www.kliinikum.ee\/kirurgiakliinik\/wp-json\/wp\/v2\/comments?post=7331"}],"version-history":[{"count":0,"href":"https:\/\/www.kliinikum.ee\/kirurgiakliinik\/wp-json\/wp\/v2\/pages\/7331\/revisions"}],"up":[{"embeddable":true,"href":"https:\/\/www.kliinikum.ee\/kirurgiakliinik\/wp-json\/wp\/v2\/pages\/6385"}],"wp:attachment":[{"href":"https:\/\/www.kliinikum.ee\/kirurgiakliinik\/wp-json\/wp\/v2\/media?parent=7331"}],"curies":[{"name":"wp","href":"https:\/\/api.w.org\/{rel}","templated":true}]}}