{"id":19,"date":"2022-11-14T10:01:01","date_gmt":"2022-11-14T10:01:01","guid":{"rendered":"http:\/\/localhost\/?page_id=19"},"modified":"2025-06-10T09:43:11","modified_gmt":"2025-06-10T07:43:11","slug":"infomaterjalid","status":"publish","type":"page","link":"https:\/\/www.kliinikum.ee\/kopsukliinik\/infomaterjalid\/","title":{"rendered":"Infomaterjalid"},"content":{"rendered":"\n<p class=\"has-medium-font-size\"><a href=\"https:\/\/www.kliinikum.ee\/patsiendiinfo-kategooria\/hingamine-ja-kopsud\/\">Patsiendiinfo andmebaas. Hingamine ja kopsud<\/a><\/p>\n\n\n\n<p class=\"has-medium-font-size\"><a href=\"https:\/\/www.kliinikum.ee\/kopsukliinik\/wp-content\/uploads\/2024\/01\/KOK_raamat_210x250mm_preview-est_5.pdf\">Krooniline obstruktiivne kopsuhaigus (EST)<\/a><\/p>\n\n\n\n<p class=\"has-medium-font-size\"><a href=\"https:\/\/www.kliinikum.ee\/kopsukliinik\/wp-content\/uploads\/2024\/01\/KOK_raamat_210x250mm_preview-rus_2.pdf\">Krooniline obstruktiivne kopsuhaigus (RUS)<\/a><\/p>\n\n\n\n<p class=\"has-medium-font-size\"><a href=\"https:\/\/www.kliinikum.ee\/kopsukliinik\/wp-content\/uploads\/2024\/01\/OHUPUUDUS_EST_trykk-1.pdf\">Kuidas leevendada \u00f5hupuudust?<\/a><\/p>\n\n\n\n<p class=\"has-medium-font-size\"><a href=\"https:\/\/www.kliinikum.ee\/kopsukliinik\/wp-content\/uploads\/2024\/01\/pj-nikotiinisoltuvus.pdf\">Tubakast loobumine<\/a><\/p>\n\n\n\n<p class=\"has-medium-font-size\"><a href=\"https:\/\/www.youtube.com\/watch?v=6K1a4bd3cig\">Hingamisteede funktsionaalsed uuringud - video<\/a><\/p>\n\n\n\n<p class=\"has-medium-font-size\"><a href=\"https:\/\/www.kliinikum.ee\/kopsukliinik\/wp-content\/uploads\/2025\/05\/Bioloogilise-ravi-infoteatmik-taiskasvanud-astma-patsiendile.pdf\">Bioloogiline ravi t\u00e4iskasvanud astma patsiendile<\/a><\/p>\n\n\n\n<p><a href=\"https:\/\/www.kliinikum.ee\/kopsukliinik\/wp-content\/uploads\/2025\/05\/Patsiendijuhend_Kopsu-_ja_kopsuvaline_tuberkuloos.pdf\">Patsiendijuhend kopsu- ja kopsuv\u00e4line tuberkuloos<\/a><\/p>\n\n\n\n<h3 class=\"wp-block-heading has-medium-font-size\"><strong>Inhalaatorite \u00f5ppevideod<\/strong><\/h3>\n\n\n\n<p class=\"has-medium-font-size\"><a href=\"https:\/\/www.hyvinvointini.com\/o\/bde-fp.php?id=13c2952d-a163-49c6-a976-f6a698ccbb40\" target=\"_blank\" rel=\"noreferrer noopener\">Easyhaler<\/a><\/p>\n\n\n\n<p class=\"has-medium-font-size\"><a href=\"https:\/\/www.kliinikum.ee\/kopsukliinik\/wp-content\/uploads\/2025\/05\/ELLIPTA-inhalaatori-tutvustus.mp4\">Ellipta inhalaatori tutvustus<\/a><\/p>\n\n\n\n<p class=\"has-medium-font-size\"><\/p>\n\n\n\n<p class=\"has-medium-font-size\"><a href=\"https:\/\/www.norameda.com\/et\/terapeutilised-alad\/video\/\" target=\"_blank\" rel=\"noreferrer noopener\">Modulite<\/a><\/p>\n\n\n\n<p class=\"has-medium-font-size\"><a href=\"https:\/\/cdnapisec.kaltura.com\/html5\/html5lib\/v2.85\/mwEmbedFrame.php\/p\/2076321\/uiconf_id\/46846993\/entry_id\/1_6tprrzi7?wid=_2076321&amp;iframeembed=true&amp;playerId=kaltura_player_310407728\" target=\"_blank\" rel=\"noreferrer noopener\">Forspiro<\/a><\/p>\n\n\n\n<p class=\"has-medium-font-size\"><a href=\"https:\/\/www.genuair.com\/ee\/instructions-page.html\" target=\"_blank\" rel=\"noreferrer noopener\">Genuair<\/a><\/p>\n\n\n\n<p class=\"has-medium-font-size\"><a href=\"https:\/\/www.youtube.com\/watch?v=cEC8v6d90ZM\">Kuidas kasutada igap\u00e4evaselt Respimat \u00ae inhalaatorit? <\/a><\/p>\n\n\n\n<p class=\"has-medium-font-size\"><a href=\"https:\/\/www.youtube.com\/watch?v=2-x0Xm9X3oc\">Respimat \u00ae inhalaatori esmakordseks kasutamiseks ettevalmistamine <\/a><\/p>\n\n\n\n<p class=\"has-medium-font-size\"><a href=\"https:\/\/www.youtube.com\/watch?v=7elviDUcJuU\">Kuidas vahetada Respimat \u00ae inhalaatoris kolbampulli? <\/a><\/p>\n\n\n\n<p class=\"has-medium-font-size\"><a href=\"https:\/\/az.app.box.com\/s\/sji0pio0bb2xm4tw72ws0rpryse7mvns\">Turbuhaler<\/a><\/p>\n\n\n\n<h3 class=\"wp-block-heading has-medium-font-size\">Patsiendiinfo videod<\/h3>\n\n\n\n<p class=\"has-medium-font-size\"><a href=\"https:\/\/www.youtube.com\/watch?v=pIJtYfQLq1I&amp;t=122s\">Arst selgitab: mis on KOK?<\/a> <\/p>\n\n\n\n<p class=\"has-medium-font-size\"><a href=\"https:\/\/www.youtube.com\/watch?v=b1VCxbfz6-4&amp;t=247s\">\u0412\u0440\u0430\u0447 \u0433\u043e\u0432\u043e\u0440\u0438\u0442 \u043e \u0442\u044f\u0436\u0435\u043b\u043e\u043c \u0437\u0430\u0431\u043e\u043b\u0435\u0432\u0430\u043d\u0438\u0438 \u043b\u0435\u0433\u043a\u0438\u0445: \u0447\u0442\u043e \u0442\u0430\u043a\u043e\u0435 \u0425\u041e\u0411\u041b? <\/a> <\/p>\n\n\n\n<p class=\"has-medium-font-size\"><a href=\"https:\/\/www.youtube.com\/watch?v=BitcXo0enVY\">Idiopaatiline kopsufibroos <\/a><\/p>\n","protected":false},"excerpt":{"rendered":"<p>Patsiendiinfo andmebaas. Hingamine ja kopsud Krooniline obstruktiivne kopsuhaigus (EST) Krooniline obstruktiivne kopsuhaigus (RUS) Kuidas leevendada \u00f5hupuudust? Tubakast loobumine Hingamisteede funktsionaalsed uuringud - video Bioloogiline ravi t\u00e4iskasvanud astma patsiendile Patsiendijuhend kopsu- ja kopsuv\u00e4line tuberkuloos Inhalaatorite \u00f5ppevideod Easyhaler Ellipta inhalaatori tutvustus Modulite Forspiro Genuair Kuidas kasutada igap\u00e4evaselt Respimat \u00ae inhalaatorit? Respimat \u00ae inhalaatori esmakordseks kasutamiseks ettevalmistamine Kuidas [&hellip;]<\/p>\n","protected":false},"author":33,"featured_media":0,"parent":0,"menu_order":6,"comment_status":"closed","ping_status":"closed","template":"","meta":{"_acf_changed":false,"_uag_custom_page_level_css":"","footnotes":""},"class_list":["post-19","page","type-page","status-publish","hentry"],"acf":[],"yoast_head":"<!-- This site is optimized with the Yoast SEO plugin v27.3 - https:\/\/yoast.com\/product\/yoast-seo-wordpress\/ -->\n<title>Infomaterjalid - Kopsukliinik<\/title>\n<meta name=\"robots\" content=\"index, follow, max-snippet:-1, max-image-preview:large, max-video-preview:-1\" \/>\n<link rel=\"canonical\" href=\"https:\/\/www.kliinikum.ee\/kopsukliinik\/infomaterjalid\/\" \/>\n<meta property=\"og:locale\" content=\"et_EE\" \/>\n<meta property=\"og:type\" content=\"article\" \/>\n<meta property=\"og:title\" content=\"Infomaterjalid - Kopsukliinik\" \/>\n<meta property=\"og:description\" content=\"Patsiendiinfo andmebaas. Hingamine ja kopsud Krooniline obstruktiivne kopsuhaigus (EST) Krooniline obstruktiivne kopsuhaigus (RUS) Kuidas leevendada \u00f5hupuudust? Tubakast loobumine Hingamisteede funktsionaalsed uuringud - video Bioloogiline ravi t\u00e4iskasvanud astma patsiendile Patsiendijuhend kopsu- ja kopsuv\u00e4line tuberkuloos Inhalaatorite \u00f5ppevideod Easyhaler Ellipta inhalaatori tutvustus Modulite Forspiro Genuair Kuidas kasutada igap\u00e4evaselt Respimat \u00ae inhalaatorit? Respimat \u00ae inhalaatori esmakordseks kasutamiseks ettevalmistamine Kuidas [&hellip;]\" \/>\n<meta property=\"og:url\" content=\"https:\/\/www.kliinikum.ee\/kopsukliinik\/infomaterjalid\/\" \/>\n<meta property=\"og:site_name\" content=\"Kopsukliinik\" \/>\n<meta property=\"article:modified_time\" content=\"2025-06-10T07:43:11+00:00\" \/>\n<meta name=\"twitter:card\" content=\"summary_large_image\" \/>\n<meta name=\"twitter:label1\" content=\"Est. reading time\" \/>\n\t<meta name=\"twitter:data1\" content=\"1 minut\" \/>\n<script type=\"application\/ld+json\" class=\"yoast-schema-graph\">{\"@context\":\"https:\\\/\\\/schema.org\",\"@graph\":[{\"@type\":\"WebPage\",\"@id\":\"https:\\\/\\\/www.kliinikum.ee\\\/kopsukliinik\\\/infomaterjalid\\\/\",\"url\":\"https:\\\/\\\/www.kliinikum.ee\\\/kopsukliinik\\\/infomaterjalid\\\/\",\"name\":\"Infomaterjalid - Kopsukliinik\",\"isPartOf\":{\"@id\":\"https:\\\/\\\/www.kliinikum.ee\\\/kopsukliinik\\\/#website\"},\"datePublished\":\"2022-11-14T10:01:01+00:00\",\"dateModified\":\"2025-06-10T07:43:11+00:00\",\"breadcrumb\":{\"@id\":\"https:\\\/\\\/www.kliinikum.ee\\\/kopsukliinik\\\/infomaterjalid\\\/#breadcrumb\"},\"inLanguage\":\"et\",\"potentialAction\":[{\"@type\":\"ReadAction\",\"target\":[\"https:\\\/\\\/www.kliinikum.ee\\\/kopsukliinik\\\/infomaterjalid\\\/\"]}]},{\"@type\":\"BreadcrumbList\",\"@id\":\"https:\\\/\\\/www.kliinikum.ee\\\/kopsukliinik\\\/infomaterjalid\\\/#breadcrumb\",\"itemListElement\":[{\"@type\":\"ListItem\",\"position\":1,\"name\":\"Home\",\"item\":\"https:\\\/\\\/www.kliinikum.ee\\\/kopsukliinik\\\/\"},{\"@type\":\"ListItem\",\"position\":2,\"name\":\"Infomaterjalid\"}]},{\"@type\":\"WebSite\",\"@id\":\"https:\\\/\\\/www.kliinikum.ee\\\/kopsukliinik\\\/#website\",\"url\":\"https:\\\/\\\/www.kliinikum.ee\\\/kopsukliinik\\\/\",\"name\":\"Kopsukliinik\",\"description\":\"Hoolivus, Uuendusmeelsus, P\u00e4devus ja Usaldusv\u00e4\u00e4rsus\",\"potentialAction\":[{\"@type\":\"SearchAction\",\"target\":{\"@type\":\"EntryPoint\",\"urlTemplate\":\"https:\\\/\\\/www.kliinikum.ee\\\/kopsukliinik\\\/?s={search_term_string}\"},\"query-input\":{\"@type\":\"PropertyValueSpecification\",\"valueRequired\":true,\"valueName\":\"search_term_string\"}}],\"inLanguage\":\"et\"}]}<\/script>\n<!-- \/ Yoast SEO plugin. -->","yoast_head_json":{"title":"Infomaterjalid - Kopsukliinik","robots":{"index":"index","follow":"follow","max-snippet":"max-snippet:-1","max-image-preview":"max-image-preview:large","max-video-preview":"max-video-preview:-1"},"canonical":"https:\/\/www.kliinikum.ee\/kopsukliinik\/infomaterjalid\/","og_locale":"et_EE","og_type":"article","og_title":"Infomaterjalid - Kopsukliinik","og_description":"Patsiendiinfo andmebaas. Hingamine ja kopsud Krooniline obstruktiivne kopsuhaigus (EST) Krooniline obstruktiivne kopsuhaigus (RUS) Kuidas leevendada \u00f5hupuudust? Tubakast loobumine Hingamisteede funktsionaalsed uuringud - video Bioloogiline ravi t\u00e4iskasvanud astma patsiendile Patsiendijuhend kopsu- ja kopsuv\u00e4line tuberkuloos Inhalaatorite \u00f5ppevideod Easyhaler Ellipta inhalaatori tutvustus Modulite Forspiro Genuair Kuidas kasutada igap\u00e4evaselt Respimat \u00ae inhalaatorit? Respimat \u00ae inhalaatori esmakordseks kasutamiseks ettevalmistamine Kuidas [&hellip;]","og_url":"https:\/\/www.kliinikum.ee\/kopsukliinik\/infomaterjalid\/","og_site_name":"Kopsukliinik","article_modified_time":"2025-06-10T07:43:11+00:00","twitter_card":"summary_large_image","twitter_misc":{"Est. reading time":"1 minut"},"schema":{"@context":"https:\/\/schema.org","@graph":[{"@type":"WebPage","@id":"https:\/\/www.kliinikum.ee\/kopsukliinik\/infomaterjalid\/","url":"https:\/\/www.kliinikum.ee\/kopsukliinik\/infomaterjalid\/","name":"Infomaterjalid - Kopsukliinik","isPartOf":{"@id":"https:\/\/www.kliinikum.ee\/kopsukliinik\/#website"},"datePublished":"2022-11-14T10:01:01+00:00","dateModified":"2025-06-10T07:43:11+00:00","breadcrumb":{"@id":"https:\/\/www.kliinikum.ee\/kopsukliinik\/infomaterjalid\/#breadcrumb"},"inLanguage":"et","potentialAction":[{"@type":"ReadAction","target":["https:\/\/www.kliinikum.ee\/kopsukliinik\/infomaterjalid\/"]}]},{"@type":"BreadcrumbList","@id":"https:\/\/www.kliinikum.ee\/kopsukliinik\/infomaterjalid\/#breadcrumb","itemListElement":[{"@type":"ListItem","position":1,"name":"Home","item":"https:\/\/www.kliinikum.ee\/kopsukliinik\/"},{"@type":"ListItem","position":2,"name":"Infomaterjalid"}]},{"@type":"WebSite","@id":"https:\/\/www.kliinikum.ee\/kopsukliinik\/#website","url":"https:\/\/www.kliinikum.ee\/kopsukliinik\/","name":"Kopsukliinik","description":"Hoolivus, Uuendusmeelsus, P\u00e4devus ja Usaldusv\u00e4\u00e4rsus","potentialAction":[{"@type":"SearchAction","target":{"@type":"EntryPoint","urlTemplate":"https:\/\/www.kliinikum.ee\/kopsukliinik\/?s={search_term_string}"},"query-input":{"@type":"PropertyValueSpecification","valueRequired":true,"valueName":"search_term_string"}}],"inLanguage":"et"}]}},"uagb_featured_image_src":{"full":false,"thumbnail":false,"medium":false,"medium_large":false,"large":false,"1536x1536":false,"2048x2048":false},"uagb_author_info":{"display_name":"erkky","author_link":"https:\/\/www.kliinikum.ee\/kopsukliinik\/author\/erkky\/"},"uagb_comment_info":0,"uagb_excerpt":"Patsiendiinfo andmebaas. Hingamine ja kopsud Krooniline obstruktiivne kopsuhaigus (EST) Krooniline obstruktiivne kopsuhaigus (RUS) Kuidas leevendada \u00f5hupuudust? Tubakast loobumine Hingamisteede funktsionaalsed uuringud - video Bioloogiline ravi t\u00e4iskasvanud astma patsiendile Patsiendijuhend kopsu- ja kopsuv\u00e4line tuberkuloos Inhalaatorite \u00f5ppevideod Easyhaler Ellipta inhalaatori tutvustus Modulite Forspiro Genuair Kuidas kasutada igap\u00e4evaselt Respimat \u00ae inhalaatorit? Respimat \u00ae inhalaatori esmakordseks kasutamiseks ettevalmistamine Kuidas&hellip;","_links":{"self":[{"href":"https:\/\/www.kliinikum.ee\/kopsukliinik\/wp-json\/wp\/v2\/pages\/19","targetHints":{"allow":["GET"]}}],"collection":[{"href":"https:\/\/www.kliinikum.ee\/kopsukliinik\/wp-json\/wp\/v2\/pages"}],"about":[{"href":"https:\/\/www.kliinikum.ee\/kopsukliinik\/wp-json\/wp\/v2\/types\/page"}],"author":[{"embeddable":true,"href":"https:\/\/www.kliinikum.ee\/kopsukliinik\/wp-json\/wp\/v2\/users\/33"}],"replies":[{"embeddable":true,"href":"https:\/\/www.kliinikum.ee\/kopsukliinik\/wp-json\/wp\/v2\/comments?post=19"}],"version-history":[{"count":0,"href":"https:\/\/www.kliinikum.ee\/kopsukliinik\/wp-json\/wp\/v2\/pages\/19\/revisions"}],"wp:attachment":[{"href":"https:\/\/www.kliinikum.ee\/kopsukliinik\/wp-json\/wp\/v2\/media?parent=19"}],"curies":[{"name":"wp","href":"https:\/\/api.w.org\/{rel}","templated":true}]}}