{"id":6173,"date":"2024-01-03T15:25:57","date_gmt":"2024-01-03T13:25:57","guid":{"rendered":"https:\/\/www.kliinikum.ee\/kopsukliinik\/?page_id=6173"},"modified":"2024-01-22T15:21:59","modified_gmt":"2024-01-22T13:21:59","slug":"vastuvotule-registreerimine","status":"publish","type":"page","link":"https:\/\/www.kliinikum.ee\/kopsukliinik\/vastuvotule-registreerimine\/","title":{"rendered":"Vastuv\u00f5tule registreerimine"},"content":{"rendered":"\n<p class=\"has-medium-font-size\">Kopsuarsti, torakaalkirurgi ja kopsu\u00f5e vastuv\u00f5tule registreerimiseks on vajalik pere- v\u00f5i eriarsti saatekiri.<\/p>\n\n\n\n<p class=\"has-medium-font-size\">Tuberkuloosiarsti vastuv\u00f5tule ja suitsetamisest loobumise n\u00f5ustamisele registreerumiseks saatekirja vaja ei ole. Suitsetamisest loobumise n\u00f5ustamise ja tuberkuloosi kahtluse korral p\u00f6\u00f6rdumisel ei ole visiiditasu ning vastuv\u00f5tt on tasuta ka tervisekindlustust mitteomavatele isikutele.<\/p>\n\n\n\n<p class=\"has-medium-font-size\">Vastuv\u00f5tule saab registreerida\u00a0<a href=\"https:\/\/www.digilugu.ee\/login\" target=\"_blank\" rel=\"noreferrer noopener\">digiregistratuuri<\/a>, portaali\u00a0<a href=\"https:\/\/epatsient.kliinikum.ee\/\" target=\"_blank\" rel=\"noreferrer noopener\">ePatsient<\/a>\u00a0ja kodulehe\u00a0<a href=\"https:\/\/www.kliinikum.ee\/patsiendile\/eriarsti-vastuvott\/aja-broneerimine\/\">vormi<\/a>\u00a0kaudu ning telefoni teel <strong>731 8911 <\/strong>(E-R 8.00 - 16.00), <strong>731 9100<\/strong> (E-R 07.30 - 18.00) v\u00f5i registraatori juures kohapeal. Tuberkuloosiarstile saab registreerida ka helistades tuberkuloosi kabinetti tel <strong>731 8949<\/strong> (E-N 8.00 - 12.00).<\/p>\n\n\n\n<p class=\"has-medium-font-size\"><strong>Torakaalkirurgide ambulatoorsele vastuv\u00f5tule Ida-Viru Keskhaiglas saab registreeruda telefonil 331 1133 v\u00f5i <\/strong><a href=\"https:\/\/registratuur.ivkh.ee\/et\/toraalkirurgia\">https:\/\/registratuur.ivkh.ee\/et\/toraalkirurgia<\/a><\/p>\n","protected":false},"excerpt":{"rendered":"<p>Kopsuarsti, torakaalkirurgi ja kopsu\u00f5e vastuv\u00f5tule registreerimiseks on vajalik pere- v\u00f5i eriarsti saatekiri. Tuberkuloosiarsti vastuv\u00f5tule ja suitsetamisest loobumise n\u00f5ustamisele registreerumiseks saatekirja vaja ei ole. Suitsetamisest loobumise n\u00f5ustamise ja tuberkuloosi kahtluse korral p\u00f6\u00f6rdumisel ei ole visiiditasu ning vastuv\u00f5tt on tasuta ka tervisekindlustust mitteomavatele isikutele. Vastuv\u00f5tule saab registreerida\u00a0digiregistratuuri, portaali\u00a0ePatsient\u00a0ja kodulehe\u00a0vormi\u00a0kaudu ning telefoni teel 731 8911 (E-R 8.00 - [&hellip;]<\/p>\n","protected":false},"author":35,"featured_media":0,"parent":0,"menu_order":1,"comment_status":"closed","ping_status":"closed","template":"","meta":{"_acf_changed":false,"_uag_custom_page_level_css":"","footnotes":""},"class_list":["post-6173","page","type-page","status-publish","hentry"],"acf":[],"yoast_head":"<!-- This site is optimized with the Yoast SEO plugin v27.3 - https:\/\/yoast.com\/product\/yoast-seo-wordpress\/ -->\n<title>Vastuv\u00f5tule registreerimine - Kopsukliinik<\/title>\n<meta name=\"robots\" content=\"index, follow, max-snippet:-1, max-image-preview:large, max-video-preview:-1\" \/>\n<link rel=\"canonical\" href=\"https:\/\/www.kliinikum.ee\/kopsukliinik\/vastuvotule-registreerimine\/\" \/>\n<meta property=\"og:locale\" content=\"et_EE\" \/>\n<meta property=\"og:type\" content=\"article\" \/>\n<meta property=\"og:title\" content=\"Vastuv\u00f5tule registreerimine - Kopsukliinik\" \/>\n<meta property=\"og:description\" content=\"Kopsuarsti, torakaalkirurgi ja kopsu\u00f5e vastuv\u00f5tule registreerimiseks on vajalik pere- v\u00f5i eriarsti saatekiri. Tuberkuloosiarsti vastuv\u00f5tule ja suitsetamisest loobumise n\u00f5ustamisele registreerumiseks saatekirja vaja ei ole. Suitsetamisest loobumise n\u00f5ustamise ja tuberkuloosi kahtluse korral p\u00f6\u00f6rdumisel ei ole visiiditasu ning vastuv\u00f5tt on tasuta ka tervisekindlustust mitteomavatele isikutele. Vastuv\u00f5tule saab registreerida\u00a0digiregistratuuri, portaali\u00a0ePatsient\u00a0ja kodulehe\u00a0vormi\u00a0kaudu ning telefoni teel 731 8911 (E-R 8.00 - [&hellip;]\" \/>\n<meta property=\"og:url\" content=\"https:\/\/www.kliinikum.ee\/kopsukliinik\/vastuvotule-registreerimine\/\" \/>\n<meta property=\"og:site_name\" content=\"Kopsukliinik\" \/>\n<meta property=\"article:modified_time\" content=\"2024-01-22T13:21:59+00:00\" \/>\n<meta name=\"twitter:card\" content=\"summary_large_image\" \/>\n<meta name=\"twitter:label1\" content=\"Est. reading time\" \/>\n\t<meta name=\"twitter:data1\" content=\"1 minut\" \/>\n<script type=\"application\/ld+json\" class=\"yoast-schema-graph\">{\"@context\":\"https:\\\/\\\/schema.org\",\"@graph\":[{\"@type\":\"WebPage\",\"@id\":\"https:\\\/\\\/www.kliinikum.ee\\\/kopsukliinik\\\/vastuvotule-registreerimine\\\/\",\"url\":\"https:\\\/\\\/www.kliinikum.ee\\\/kopsukliinik\\\/vastuvotule-registreerimine\\\/\",\"name\":\"Vastuv\u00f5tule registreerimine - Kopsukliinik\",\"isPartOf\":{\"@id\":\"https:\\\/\\\/www.kliinikum.ee\\\/kopsukliinik\\\/#website\"},\"datePublished\":\"2024-01-03T13:25:57+00:00\",\"dateModified\":\"2024-01-22T13:21:59+00:00\",\"breadcrumb\":{\"@id\":\"https:\\\/\\\/www.kliinikum.ee\\\/kopsukliinik\\\/vastuvotule-registreerimine\\\/#breadcrumb\"},\"inLanguage\":\"et\",\"potentialAction\":[{\"@type\":\"ReadAction\",\"target\":[\"https:\\\/\\\/www.kliinikum.ee\\\/kopsukliinik\\\/vastuvotule-registreerimine\\\/\"]}]},{\"@type\":\"BreadcrumbList\",\"@id\":\"https:\\\/\\\/www.kliinikum.ee\\\/kopsukliinik\\\/vastuvotule-registreerimine\\\/#breadcrumb\",\"itemListElement\":[{\"@type\":\"ListItem\",\"position\":1,\"name\":\"Home\",\"item\":\"https:\\\/\\\/www.kliinikum.ee\\\/kopsukliinik\\\/\"},{\"@type\":\"ListItem\",\"position\":2,\"name\":\"Vastuv\u00f5tule registreerimine\"}]},{\"@type\":\"WebSite\",\"@id\":\"https:\\\/\\\/www.kliinikum.ee\\\/kopsukliinik\\\/#website\",\"url\":\"https:\\\/\\\/www.kliinikum.ee\\\/kopsukliinik\\\/\",\"name\":\"Kopsukliinik\",\"description\":\"Hoolivus, Uuendusmeelsus, P\u00e4devus ja Usaldusv\u00e4\u00e4rsus\",\"potentialAction\":[{\"@type\":\"SearchAction\",\"target\":{\"@type\":\"EntryPoint\",\"urlTemplate\":\"https:\\\/\\\/www.kliinikum.ee\\\/kopsukliinik\\\/?s={search_term_string}\"},\"query-input\":{\"@type\":\"PropertyValueSpecification\",\"valueRequired\":true,\"valueName\":\"search_term_string\"}}],\"inLanguage\":\"et\"}]}<\/script>\n<!-- \/ Yoast SEO plugin. -->","yoast_head_json":{"title":"Vastuv\u00f5tule registreerimine - Kopsukliinik","robots":{"index":"index","follow":"follow","max-snippet":"max-snippet:-1","max-image-preview":"max-image-preview:large","max-video-preview":"max-video-preview:-1"},"canonical":"https:\/\/www.kliinikum.ee\/kopsukliinik\/vastuvotule-registreerimine\/","og_locale":"et_EE","og_type":"article","og_title":"Vastuv\u00f5tule registreerimine - Kopsukliinik","og_description":"Kopsuarsti, torakaalkirurgi ja kopsu\u00f5e vastuv\u00f5tule registreerimiseks on vajalik pere- v\u00f5i eriarsti saatekiri. Tuberkuloosiarsti vastuv\u00f5tule ja suitsetamisest loobumise n\u00f5ustamisele registreerumiseks saatekirja vaja ei ole. Suitsetamisest loobumise n\u00f5ustamise ja tuberkuloosi kahtluse korral p\u00f6\u00f6rdumisel ei ole visiiditasu ning vastuv\u00f5tt on tasuta ka tervisekindlustust mitteomavatele isikutele. Vastuv\u00f5tule saab registreerida\u00a0digiregistratuuri, portaali\u00a0ePatsient\u00a0ja kodulehe\u00a0vormi\u00a0kaudu ning telefoni teel 731 8911 (E-R 8.00 - [&hellip;]","og_url":"https:\/\/www.kliinikum.ee\/kopsukliinik\/vastuvotule-registreerimine\/","og_site_name":"Kopsukliinik","article_modified_time":"2024-01-22T13:21:59+00:00","twitter_card":"summary_large_image","twitter_misc":{"Est. reading time":"1 minut"},"schema":{"@context":"https:\/\/schema.org","@graph":[{"@type":"WebPage","@id":"https:\/\/www.kliinikum.ee\/kopsukliinik\/vastuvotule-registreerimine\/","url":"https:\/\/www.kliinikum.ee\/kopsukliinik\/vastuvotule-registreerimine\/","name":"Vastuv\u00f5tule registreerimine - Kopsukliinik","isPartOf":{"@id":"https:\/\/www.kliinikum.ee\/kopsukliinik\/#website"},"datePublished":"2024-01-03T13:25:57+00:00","dateModified":"2024-01-22T13:21:59+00:00","breadcrumb":{"@id":"https:\/\/www.kliinikum.ee\/kopsukliinik\/vastuvotule-registreerimine\/#breadcrumb"},"inLanguage":"et","potentialAction":[{"@type":"ReadAction","target":["https:\/\/www.kliinikum.ee\/kopsukliinik\/vastuvotule-registreerimine\/"]}]},{"@type":"BreadcrumbList","@id":"https:\/\/www.kliinikum.ee\/kopsukliinik\/vastuvotule-registreerimine\/#breadcrumb","itemListElement":[{"@type":"ListItem","position":1,"name":"Home","item":"https:\/\/www.kliinikum.ee\/kopsukliinik\/"},{"@type":"ListItem","position":2,"name":"Vastuv\u00f5tule registreerimine"}]},{"@type":"WebSite","@id":"https:\/\/www.kliinikum.ee\/kopsukliinik\/#website","url":"https:\/\/www.kliinikum.ee\/kopsukliinik\/","name":"Kopsukliinik","description":"Hoolivus, Uuendusmeelsus, P\u00e4devus ja Usaldusv\u00e4\u00e4rsus","potentialAction":[{"@type":"SearchAction","target":{"@type":"EntryPoint","urlTemplate":"https:\/\/www.kliinikum.ee\/kopsukliinik\/?s={search_term_string}"},"query-input":{"@type":"PropertyValueSpecification","valueRequired":true,"valueName":"search_term_string"}}],"inLanguage":"et"}]}},"uagb_featured_image_src":{"full":false,"thumbnail":false,"medium":false,"medium_large":false,"large":false,"1536x1536":false,"2048x2048":false},"uagb_author_info":{"display_name":"Jane Freimann","author_link":"https:\/\/www.kliinikum.ee\/kopsukliinik\/author\/janef\/"},"uagb_comment_info":0,"uagb_excerpt":"Kopsuarsti, torakaalkirurgi ja kopsu\u00f5e vastuv\u00f5tule registreerimiseks on vajalik pere- v\u00f5i eriarsti saatekiri. Tuberkuloosiarsti vastuv\u00f5tule ja suitsetamisest loobumise n\u00f5ustamisele registreerumiseks saatekirja vaja ei ole. Suitsetamisest loobumise n\u00f5ustamise ja tuberkuloosi kahtluse korral p\u00f6\u00f6rdumisel ei ole visiiditasu ning vastuv\u00f5tt on tasuta ka tervisekindlustust mitteomavatele isikutele. Vastuv\u00f5tule saab registreerida\u00a0digiregistratuuri, portaali\u00a0ePatsient\u00a0ja kodulehe\u00a0vormi\u00a0kaudu ning telefoni teel 731 8911 (E-R 8.00 -&hellip;","_links":{"self":[{"href":"https:\/\/www.kliinikum.ee\/kopsukliinik\/wp-json\/wp\/v2\/pages\/6173","targetHints":{"allow":["GET"]}}],"collection":[{"href":"https:\/\/www.kliinikum.ee\/kopsukliinik\/wp-json\/wp\/v2\/pages"}],"about":[{"href":"https:\/\/www.kliinikum.ee\/kopsukliinik\/wp-json\/wp\/v2\/types\/page"}],"author":[{"embeddable":true,"href":"https:\/\/www.kliinikum.ee\/kopsukliinik\/wp-json\/wp\/v2\/users\/35"}],"replies":[{"embeddable":true,"href":"https:\/\/www.kliinikum.ee\/kopsukliinik\/wp-json\/wp\/v2\/comments?post=6173"}],"version-history":[{"count":0,"href":"https:\/\/www.kliinikum.ee\/kopsukliinik\/wp-json\/wp\/v2\/pages\/6173\/revisions"}],"wp:attachment":[{"href":"https:\/\/www.kliinikum.ee\/kopsukliinik\/wp-json\/wp\/v2\/media?parent=6173"}],"curies":[{"name":"wp","href":"https:\/\/api.w.org\/{rel}","templated":true}]}}