{"id":6175,"date":"2024-01-03T15:26:53","date_gmt":"2024-01-03T13:26:53","guid":{"rendered":"https:\/\/www.kliinikum.ee\/kopsukliinik\/?page_id=6175"},"modified":"2024-01-22T15:17:32","modified_gmt":"2024-01-22T13:17:32","slug":"vastuvotule-poordumine","status":"publish","type":"page","link":"https:\/\/www.kliinikum.ee\/kopsukliinik\/vastuvotule-poordumine\/","title":{"rendered":"Vastuv\u00f5tule p\u00f6\u00f6rdumine"},"content":{"rendered":"\n<p class=\"has-medium-font-size\">Kopsuarstide ja torakaalkirurgide ambulatoorne vastuv\u00f5tt toimub <strong>Tartus Riia 167, C korpuse 1. korrusel. <\/strong>Palume siseneda haigla peauksest ja enne vastuv\u00f5ttu p\u00f6\u00f6rduda k\u00f5igepealt registratuuri.<\/p>\n\n\n\n<p class=\"has-medium-font-size\">Torakaalkirurgide ambulatoorne vastuv\u00f5tt toimub ka <strong>Ida-Viru Keskhaiglas Ahtme tervisemajas <\/strong>(L-korpus), Ilmajaama 14. Palume p\u00f6\u00f6rduda k\u00f5igepealt registratuuri.<\/p>\n\n\n\n<p class=\"has-medium-font-size\">Tuberkuloosiarsti vastuv\u00f5tt toimub Tartus <strong>Riia 167 A korpuse 1. korrusel, <\/strong>palume siseneda peauksest vasemale j\u00e4\u00e4vast uksest ja p\u00f6\u00f6rduda kabinetti A124.<\/p>\n\n\n\n<p class=\"has-medium-font-size\">Kopsuarsti vastuv\u00f5tule tulles palume v\u00f5imalusel vastuv\u00f5tup\u00e4eva hommikul inhaleeritavaid ravimeid mitte kasutada ning 6 tunni jooksul mitte suitsetada. Esmakordsel p\u00f6\u00f6rdumisel palume allergiatablette (antihistamiinikumi) 7 p\u00e4eva enne vastuv\u00f5ttu mitte kasutada, et saaks vajadusel visiidil teha ka allergia nahatorketestid.<\/p>\n\n\n\n<p class=\"has-medium-font-size\">Vastuv\u00f5tu raames teostatakse samal p\u00e4eval esmased vajalikud uuringud ja samal p\u00e4eval saab patsient teada ka uuringute vastused.<\/p>\n\n\n\n<p class=\"has-medium-font-size\">Palume vastuv\u00f5tule tulles arvestada ajakuluks 1 - 1,5 tundi.<\/p>\n","protected":false},"excerpt":{"rendered":"<p>Kopsuarstide ja torakaalkirurgide ambulatoorne vastuv\u00f5tt toimub Tartus Riia 167, C korpuse 1. korrusel. Palume siseneda haigla peauksest ja enne vastuv\u00f5ttu p\u00f6\u00f6rduda k\u00f5igepealt registratuuri. Torakaalkirurgide ambulatoorne vastuv\u00f5tt toimub ka Ida-Viru Keskhaiglas Ahtme tervisemajas (L-korpus), Ilmajaama 14. Palume p\u00f6\u00f6rduda k\u00f5igepealt registratuuri. Tuberkuloosiarsti vastuv\u00f5tt toimub Tartus Riia 167 A korpuse 1. korrusel, palume siseneda peauksest vasemale j\u00e4\u00e4vast uksest [&hellip;]<\/p>\n","protected":false},"author":35,"featured_media":0,"parent":0,"menu_order":2,"comment_status":"closed","ping_status":"closed","template":"","meta":{"_acf_changed":false,"_uag_custom_page_level_css":"","footnotes":""},"class_list":["post-6175","page","type-page","status-publish","hentry"],"acf":[],"yoast_head":"<!-- This site is optimized with the Yoast SEO plugin v27.3 - https:\/\/yoast.com\/product\/yoast-seo-wordpress\/ -->\n<title>Vastuv\u00f5tule p\u00f6\u00f6rdumine - Kopsukliinik<\/title>\n<meta name=\"robots\" content=\"index, follow, max-snippet:-1, max-image-preview:large, max-video-preview:-1\" \/>\n<link rel=\"canonical\" href=\"https:\/\/www.kliinikum.ee\/kopsukliinik\/vastuvotule-poordumine\/\" \/>\n<meta property=\"og:locale\" content=\"et_EE\" \/>\n<meta property=\"og:type\" content=\"article\" \/>\n<meta property=\"og:title\" content=\"Vastuv\u00f5tule p\u00f6\u00f6rdumine - Kopsukliinik\" \/>\n<meta property=\"og:description\" content=\"Kopsuarstide ja torakaalkirurgide ambulatoorne vastuv\u00f5tt toimub Tartus Riia 167, C korpuse 1. korrusel. Palume siseneda haigla peauksest ja enne vastuv\u00f5ttu p\u00f6\u00f6rduda k\u00f5igepealt registratuuri. Torakaalkirurgide ambulatoorne vastuv\u00f5tt toimub ka Ida-Viru Keskhaiglas Ahtme tervisemajas (L-korpus), Ilmajaama 14. Palume p\u00f6\u00f6rduda k\u00f5igepealt registratuuri. Tuberkuloosiarsti vastuv\u00f5tt toimub Tartus Riia 167 A korpuse 1. korrusel, palume siseneda peauksest vasemale j\u00e4\u00e4vast uksest [&hellip;]\" \/>\n<meta property=\"og:url\" content=\"https:\/\/www.kliinikum.ee\/kopsukliinik\/vastuvotule-poordumine\/\" \/>\n<meta property=\"og:site_name\" content=\"Kopsukliinik\" \/>\n<meta property=\"article:modified_time\" content=\"2024-01-22T13:17:32+00:00\" \/>\n<meta name=\"twitter:card\" content=\"summary_large_image\" \/>\n<meta name=\"twitter:label1\" content=\"Est. reading time\" \/>\n\t<meta name=\"twitter:data1\" content=\"1 minut\" \/>\n<script type=\"application\/ld+json\" class=\"yoast-schema-graph\">{\"@context\":\"https:\\\/\\\/schema.org\",\"@graph\":[{\"@type\":\"WebPage\",\"@id\":\"https:\\\/\\\/www.kliinikum.ee\\\/kopsukliinik\\\/vastuvotule-poordumine\\\/\",\"url\":\"https:\\\/\\\/www.kliinikum.ee\\\/kopsukliinik\\\/vastuvotule-poordumine\\\/\",\"name\":\"Vastuv\u00f5tule p\u00f6\u00f6rdumine - Kopsukliinik\",\"isPartOf\":{\"@id\":\"https:\\\/\\\/www.kliinikum.ee\\\/kopsukliinik\\\/#website\"},\"datePublished\":\"2024-01-03T13:26:53+00:00\",\"dateModified\":\"2024-01-22T13:17:32+00:00\",\"breadcrumb\":{\"@id\":\"https:\\\/\\\/www.kliinikum.ee\\\/kopsukliinik\\\/vastuvotule-poordumine\\\/#breadcrumb\"},\"inLanguage\":\"et\",\"potentialAction\":[{\"@type\":\"ReadAction\",\"target\":[\"https:\\\/\\\/www.kliinikum.ee\\\/kopsukliinik\\\/vastuvotule-poordumine\\\/\"]}]},{\"@type\":\"BreadcrumbList\",\"@id\":\"https:\\\/\\\/www.kliinikum.ee\\\/kopsukliinik\\\/vastuvotule-poordumine\\\/#breadcrumb\",\"itemListElement\":[{\"@type\":\"ListItem\",\"position\":1,\"name\":\"Home\",\"item\":\"https:\\\/\\\/www.kliinikum.ee\\\/kopsukliinik\\\/\"},{\"@type\":\"ListItem\",\"position\":2,\"name\":\"Vastuv\u00f5tule p\u00f6\u00f6rdumine\"}]},{\"@type\":\"WebSite\",\"@id\":\"https:\\\/\\\/www.kliinikum.ee\\\/kopsukliinik\\\/#website\",\"url\":\"https:\\\/\\\/www.kliinikum.ee\\\/kopsukliinik\\\/\",\"name\":\"Kopsukliinik\",\"description\":\"Hoolivus, Uuendusmeelsus, P\u00e4devus ja Usaldusv\u00e4\u00e4rsus\",\"potentialAction\":[{\"@type\":\"SearchAction\",\"target\":{\"@type\":\"EntryPoint\",\"urlTemplate\":\"https:\\\/\\\/www.kliinikum.ee\\\/kopsukliinik\\\/?s={search_term_string}\"},\"query-input\":{\"@type\":\"PropertyValueSpecification\",\"valueRequired\":true,\"valueName\":\"search_term_string\"}}],\"inLanguage\":\"et\"}]}<\/script>\n<!-- \/ Yoast SEO plugin. -->","yoast_head_json":{"title":"Vastuv\u00f5tule p\u00f6\u00f6rdumine - Kopsukliinik","robots":{"index":"index","follow":"follow","max-snippet":"max-snippet:-1","max-image-preview":"max-image-preview:large","max-video-preview":"max-video-preview:-1"},"canonical":"https:\/\/www.kliinikum.ee\/kopsukliinik\/vastuvotule-poordumine\/","og_locale":"et_EE","og_type":"article","og_title":"Vastuv\u00f5tule p\u00f6\u00f6rdumine - Kopsukliinik","og_description":"Kopsuarstide ja torakaalkirurgide ambulatoorne vastuv\u00f5tt toimub Tartus Riia 167, C korpuse 1. korrusel. Palume siseneda haigla peauksest ja enne vastuv\u00f5ttu p\u00f6\u00f6rduda k\u00f5igepealt registratuuri. Torakaalkirurgide ambulatoorne vastuv\u00f5tt toimub ka Ida-Viru Keskhaiglas Ahtme tervisemajas (L-korpus), Ilmajaama 14. Palume p\u00f6\u00f6rduda k\u00f5igepealt registratuuri. Tuberkuloosiarsti vastuv\u00f5tt toimub Tartus Riia 167 A korpuse 1. korrusel, palume siseneda peauksest vasemale j\u00e4\u00e4vast uksest [&hellip;]","og_url":"https:\/\/www.kliinikum.ee\/kopsukliinik\/vastuvotule-poordumine\/","og_site_name":"Kopsukliinik","article_modified_time":"2024-01-22T13:17:32+00:00","twitter_card":"summary_large_image","twitter_misc":{"Est. reading time":"1 minut"},"schema":{"@context":"https:\/\/schema.org","@graph":[{"@type":"WebPage","@id":"https:\/\/www.kliinikum.ee\/kopsukliinik\/vastuvotule-poordumine\/","url":"https:\/\/www.kliinikum.ee\/kopsukliinik\/vastuvotule-poordumine\/","name":"Vastuv\u00f5tule p\u00f6\u00f6rdumine - Kopsukliinik","isPartOf":{"@id":"https:\/\/www.kliinikum.ee\/kopsukliinik\/#website"},"datePublished":"2024-01-03T13:26:53+00:00","dateModified":"2024-01-22T13:17:32+00:00","breadcrumb":{"@id":"https:\/\/www.kliinikum.ee\/kopsukliinik\/vastuvotule-poordumine\/#breadcrumb"},"inLanguage":"et","potentialAction":[{"@type":"ReadAction","target":["https:\/\/www.kliinikum.ee\/kopsukliinik\/vastuvotule-poordumine\/"]}]},{"@type":"BreadcrumbList","@id":"https:\/\/www.kliinikum.ee\/kopsukliinik\/vastuvotule-poordumine\/#breadcrumb","itemListElement":[{"@type":"ListItem","position":1,"name":"Home","item":"https:\/\/www.kliinikum.ee\/kopsukliinik\/"},{"@type":"ListItem","position":2,"name":"Vastuv\u00f5tule p\u00f6\u00f6rdumine"}]},{"@type":"WebSite","@id":"https:\/\/www.kliinikum.ee\/kopsukliinik\/#website","url":"https:\/\/www.kliinikum.ee\/kopsukliinik\/","name":"Kopsukliinik","description":"Hoolivus, Uuendusmeelsus, P\u00e4devus ja Usaldusv\u00e4\u00e4rsus","potentialAction":[{"@type":"SearchAction","target":{"@type":"EntryPoint","urlTemplate":"https:\/\/www.kliinikum.ee\/kopsukliinik\/?s={search_term_string}"},"query-input":{"@type":"PropertyValueSpecification","valueRequired":true,"valueName":"search_term_string"}}],"inLanguage":"et"}]}},"uagb_featured_image_src":{"full":false,"thumbnail":false,"medium":false,"medium_large":false,"large":false,"1536x1536":false,"2048x2048":false},"uagb_author_info":{"display_name":"Jane Freimann","author_link":"https:\/\/www.kliinikum.ee\/kopsukliinik\/author\/janef\/"},"uagb_comment_info":0,"uagb_excerpt":"Kopsuarstide ja torakaalkirurgide ambulatoorne vastuv\u00f5tt toimub Tartus Riia 167, C korpuse 1. korrusel. Palume siseneda haigla peauksest ja enne vastuv\u00f5ttu p\u00f6\u00f6rduda k\u00f5igepealt registratuuri. Torakaalkirurgide ambulatoorne vastuv\u00f5tt toimub ka Ida-Viru Keskhaiglas Ahtme tervisemajas (L-korpus), Ilmajaama 14. Palume p\u00f6\u00f6rduda k\u00f5igepealt registratuuri. Tuberkuloosiarsti vastuv\u00f5tt toimub Tartus Riia 167 A korpuse 1. korrusel, palume siseneda peauksest vasemale j\u00e4\u00e4vast uksest&hellip;","_links":{"self":[{"href":"https:\/\/www.kliinikum.ee\/kopsukliinik\/wp-json\/wp\/v2\/pages\/6175","targetHints":{"allow":["GET"]}}],"collection":[{"href":"https:\/\/www.kliinikum.ee\/kopsukliinik\/wp-json\/wp\/v2\/pages"}],"about":[{"href":"https:\/\/www.kliinikum.ee\/kopsukliinik\/wp-json\/wp\/v2\/types\/page"}],"author":[{"embeddable":true,"href":"https:\/\/www.kliinikum.ee\/kopsukliinik\/wp-json\/wp\/v2\/users\/35"}],"replies":[{"embeddable":true,"href":"https:\/\/www.kliinikum.ee\/kopsukliinik\/wp-json\/wp\/v2\/comments?post=6175"}],"version-history":[{"count":0,"href":"https:\/\/www.kliinikum.ee\/kopsukliinik\/wp-json\/wp\/v2\/pages\/6175\/revisions"}],"wp:attachment":[{"href":"https:\/\/www.kliinikum.ee\/kopsukliinik\/wp-json\/wp\/v2\/media?parent=6175"}],"curies":[{"name":"wp","href":"https:\/\/api.w.org\/{rel}","templated":true}]}}