{"id":6179,"date":"2024-01-03T15:28:21","date_gmt":"2024-01-03T13:28:21","guid":{"rendered":"https:\/\/www.kliinikum.ee\/kopsukliinik\/?page_id=6179"},"modified":"2024-01-31T08:51:31","modified_gmt":"2024-01-31T06:51:31","slug":"poordumine-haiglasse","status":"publish","type":"page","link":"https:\/\/www.kliinikum.ee\/kopsukliinik\/poordumine-haiglasse\/","title":{"rendered":"P\u00f6\u00f6rdumine haiglasse"},"content":{"rendered":"\n<p class=\"has-medium-font-size\">Plaanilises korras haiglaravile tulekul on&nbsp;<strong>vajalik perearsti v\u00f5i eriarsti digitaalne saatekiri&nbsp;<\/strong>ja kokkulepe osakonnajuhiga.<\/p>\n\n\n\n<p class=\"has-medium-font-size\"><strong>Pulmonoloogia ja torakaalkirurgia osakonna<\/strong> plaaniliste haigete vastuv\u00f5tt toimub L. Puusepa 8 D-korpuses 1. korrusel asuvas plaaniliste haigete vastuv\u00f5tus (L. Puusepa t\u00e4navapoolse peaukse juures olevas registratuuris). P\u00e4rast haiglasse registreerimist saadetakse Teid pulmonoloogia (F-korpuse 6. korrusel) v\u00f5i torakaalkirurgia (A korpuse 6. korrusel) osakonda. Osakonna valve\u00f5de vormistab Teie saabumise, tutvustab osakonda ja saadab Teid palatisse. Kui j\u00f5uate osakonda enne kella 13.00, kindlustatakse Teile saabumisp\u00e4eval \u00f5htus\u00f6\u00f6k. Soovi korral saate kasutada haigla kohvikut v\u00f5i R-kioskit.<\/p>\n\n\n\n<p class=\"has-medium-font-size\">Tuberkuloosiosakonda saabuvate patsienti vastuv\u00f5tt toimub Riia 167, B-korpuse 3. korrusel. Sissep\u00e4\u00e4s haigla peauksest vasemale j\u00e4\u00e4vast uksest. Kui vajate 3. korrusele tulemiseks lifti, helistage eelnevalt valve\u00f5ele tel 7318945. Saabumisp\u00e4eval kindlustatakse teile s\u00f6\u00f6k.<\/p>\n\n\n\n<p class=\"has-medium-font-size\"><strong>Haiglaravile tulevale patsiendile:<\/strong><\/p>\n\n\n\n<ul class=\"wp-block-list\">\n<li class=\"has-medium-font-size\">v\u00f5tke kaasa h\u00fcgieenitarbed, vahetusjalatsid ja oma igap\u00e4evaselt tarvitatavad ravimid (v\u00f5i nende nimekiri);<\/li>\n\n\n\n<li class=\"has-medium-font-size\">patsientidel on lubatud haiglas kanda oma riideid;<\/li>\n\n\n\n<li class=\"has-medium-font-size\">patsientide v\u00e4ljakirjutamine osakonnast toimub kell 10.00 - 12.00 ja haiglast v\u00e4ljakirjutatud patsientidel palume palatist lahkuda v\u00f5imalusel hiljemalt kell 12.00;<\/li>\n\n\n\n<li class=\"has-medium-font-size\">ravi ajal ei ole lubatud haiglast omavoliline lahkumine;<\/li>\n\n\n\n<li class=\"has-medium-font-size\">kui siiski on vaja haiglast lahkuda, palume see koosk\u00f5lastada valvepersonali v\u00f5i raviarstiga;<\/li>\n\n\n\n<li class=\"has-medium-font-size\">t\u00f6\u00f6v\u00f5imetuslehe saavad patsiendid osakonna sekret\u00e4rilt.<\/li>\n<\/ul>\n\n\n\n<p class=\"has-medium-font-size\"><strong>Haiglast lahkumine<\/strong><\/p>\n\n\n\n<p class=\"has-medium-font-size\">Haiglast lahkudes tuleb tasuda voodip\u00e4evatasu 2,50 eur\/p\u00e4ev, maksimaalselt 10 p\u00e4eva eest. Tuberkuloosiosakonnas ravil viibivad patsiendid voodip\u00e4evatasu maksma ei pea. Voodip\u00e4evatasu saab maksta osakonna sekret\u00e4ridele.<\/p>\n\n\n\n<p>Patsientide k\u00fclastamine<\/p>\n\n\n\n<p class=\"has-medium-font-size\">Soovitatav k\u00fclastusaeg t\u00f6\u00f6p\u00e4evadel kell 14.00 - 19.00, laup\u00e4eval ja p\u00fchap\u00e4eval kell 10.00 - 17.00.<\/p>\n","protected":false},"excerpt":{"rendered":"<p>Plaanilises korras haiglaravile tulekul on&nbsp;vajalik perearsti v\u00f5i eriarsti digitaalne saatekiri&nbsp;ja kokkulepe osakonnajuhiga. Pulmonoloogia ja torakaalkirurgia osakonna plaaniliste haigete vastuv\u00f5tt toimub L. Puusepa 8 D-korpuses 1. korrusel asuvas plaaniliste haigete vastuv\u00f5tus (L. Puusepa t\u00e4navapoolse peaukse juures olevas registratuuris). P\u00e4rast haiglasse registreerimist saadetakse Teid pulmonoloogia (F-korpuse 6. korrusel) v\u00f5i torakaalkirurgia (A korpuse 6. korrusel) osakonda. Osakonna valve\u00f5de [&hellip;]<\/p>\n","protected":false},"author":35,"featured_media":0,"parent":0,"menu_order":4,"comment_status":"closed","ping_status":"closed","template":"","meta":{"_acf_changed":false,"_uag_custom_page_level_css":"","footnotes":""},"class_list":["post-6179","page","type-page","status-publish","hentry"],"acf":[],"yoast_head":"<!-- This site is optimized with the Yoast SEO plugin v27.3 - https:\/\/yoast.com\/product\/yoast-seo-wordpress\/ -->\n<title>P\u00f6\u00f6rdumine haiglasse - Kopsukliinik<\/title>\n<meta name=\"robots\" content=\"index, follow, max-snippet:-1, max-image-preview:large, max-video-preview:-1\" \/>\n<link rel=\"canonical\" href=\"https:\/\/www.kliinikum.ee\/kopsukliinik\/poordumine-haiglasse\/\" \/>\n<meta property=\"og:locale\" content=\"et_EE\" \/>\n<meta property=\"og:type\" content=\"article\" \/>\n<meta property=\"og:title\" content=\"P\u00f6\u00f6rdumine haiglasse - Kopsukliinik\" \/>\n<meta property=\"og:description\" content=\"Plaanilises korras haiglaravile tulekul on&nbsp;vajalik perearsti v\u00f5i eriarsti digitaalne saatekiri&nbsp;ja kokkulepe osakonnajuhiga. Pulmonoloogia ja torakaalkirurgia osakonna plaaniliste haigete vastuv\u00f5tt toimub L. Puusepa 8 D-korpuses 1. korrusel asuvas plaaniliste haigete vastuv\u00f5tus (L. Puusepa t\u00e4navapoolse peaukse juures olevas registratuuris). P\u00e4rast haiglasse registreerimist saadetakse Teid pulmonoloogia (F-korpuse 6. korrusel) v\u00f5i torakaalkirurgia (A korpuse 6. korrusel) osakonda. Osakonna valve\u00f5de [&hellip;]\" \/>\n<meta property=\"og:url\" content=\"https:\/\/www.kliinikum.ee\/kopsukliinik\/poordumine-haiglasse\/\" \/>\n<meta property=\"og:site_name\" content=\"Kopsukliinik\" \/>\n<meta property=\"article:modified_time\" content=\"2024-01-31T06:51:31+00:00\" \/>\n<meta name=\"twitter:card\" content=\"summary_large_image\" \/>\n<meta name=\"twitter:label1\" content=\"Est. reading time\" \/>\n\t<meta name=\"twitter:data1\" content=\"2 minutit\" \/>\n<script type=\"application\/ld+json\" class=\"yoast-schema-graph\">{\"@context\":\"https:\\\/\\\/schema.org\",\"@graph\":[{\"@type\":\"WebPage\",\"@id\":\"https:\\\/\\\/www.kliinikum.ee\\\/kopsukliinik\\\/poordumine-haiglasse\\\/\",\"url\":\"https:\\\/\\\/www.kliinikum.ee\\\/kopsukliinik\\\/poordumine-haiglasse\\\/\",\"name\":\"P\u00f6\u00f6rdumine haiglasse - Kopsukliinik\",\"isPartOf\":{\"@id\":\"https:\\\/\\\/www.kliinikum.ee\\\/kopsukliinik\\\/#website\"},\"datePublished\":\"2024-01-03T13:28:21+00:00\",\"dateModified\":\"2024-01-31T06:51:31+00:00\",\"breadcrumb\":{\"@id\":\"https:\\\/\\\/www.kliinikum.ee\\\/kopsukliinik\\\/poordumine-haiglasse\\\/#breadcrumb\"},\"inLanguage\":\"et\",\"potentialAction\":[{\"@type\":\"ReadAction\",\"target\":[\"https:\\\/\\\/www.kliinikum.ee\\\/kopsukliinik\\\/poordumine-haiglasse\\\/\"]}]},{\"@type\":\"BreadcrumbList\",\"@id\":\"https:\\\/\\\/www.kliinikum.ee\\\/kopsukliinik\\\/poordumine-haiglasse\\\/#breadcrumb\",\"itemListElement\":[{\"@type\":\"ListItem\",\"position\":1,\"name\":\"Home\",\"item\":\"https:\\\/\\\/www.kliinikum.ee\\\/kopsukliinik\\\/\"},{\"@type\":\"ListItem\",\"position\":2,\"name\":\"P\u00f6\u00f6rdumine haiglasse\"}]},{\"@type\":\"WebSite\",\"@id\":\"https:\\\/\\\/www.kliinikum.ee\\\/kopsukliinik\\\/#website\",\"url\":\"https:\\\/\\\/www.kliinikum.ee\\\/kopsukliinik\\\/\",\"name\":\"Kopsukliinik\",\"description\":\"Hoolivus, Uuendusmeelsus, P\u00e4devus ja Usaldusv\u00e4\u00e4rsus\",\"potentialAction\":[{\"@type\":\"SearchAction\",\"target\":{\"@type\":\"EntryPoint\",\"urlTemplate\":\"https:\\\/\\\/www.kliinikum.ee\\\/kopsukliinik\\\/?s={search_term_string}\"},\"query-input\":{\"@type\":\"PropertyValueSpecification\",\"valueRequired\":true,\"valueName\":\"search_term_string\"}}],\"inLanguage\":\"et\"}]}<\/script>\n<!-- \/ Yoast SEO plugin. -->","yoast_head_json":{"title":"P\u00f6\u00f6rdumine haiglasse - Kopsukliinik","robots":{"index":"index","follow":"follow","max-snippet":"max-snippet:-1","max-image-preview":"max-image-preview:large","max-video-preview":"max-video-preview:-1"},"canonical":"https:\/\/www.kliinikum.ee\/kopsukliinik\/poordumine-haiglasse\/","og_locale":"et_EE","og_type":"article","og_title":"P\u00f6\u00f6rdumine haiglasse - Kopsukliinik","og_description":"Plaanilises korras haiglaravile tulekul on&nbsp;vajalik perearsti v\u00f5i eriarsti digitaalne saatekiri&nbsp;ja kokkulepe osakonnajuhiga. Pulmonoloogia ja torakaalkirurgia osakonna plaaniliste haigete vastuv\u00f5tt toimub L. Puusepa 8 D-korpuses 1. korrusel asuvas plaaniliste haigete vastuv\u00f5tus (L. Puusepa t\u00e4navapoolse peaukse juures olevas registratuuris). P\u00e4rast haiglasse registreerimist saadetakse Teid pulmonoloogia (F-korpuse 6. korrusel) v\u00f5i torakaalkirurgia (A korpuse 6. korrusel) osakonda. Osakonna valve\u00f5de [&hellip;]","og_url":"https:\/\/www.kliinikum.ee\/kopsukliinik\/poordumine-haiglasse\/","og_site_name":"Kopsukliinik","article_modified_time":"2024-01-31T06:51:31+00:00","twitter_card":"summary_large_image","twitter_misc":{"Est. reading time":"2 minutit"},"schema":{"@context":"https:\/\/schema.org","@graph":[{"@type":"WebPage","@id":"https:\/\/www.kliinikum.ee\/kopsukliinik\/poordumine-haiglasse\/","url":"https:\/\/www.kliinikum.ee\/kopsukliinik\/poordumine-haiglasse\/","name":"P\u00f6\u00f6rdumine haiglasse - Kopsukliinik","isPartOf":{"@id":"https:\/\/www.kliinikum.ee\/kopsukliinik\/#website"},"datePublished":"2024-01-03T13:28:21+00:00","dateModified":"2024-01-31T06:51:31+00:00","breadcrumb":{"@id":"https:\/\/www.kliinikum.ee\/kopsukliinik\/poordumine-haiglasse\/#breadcrumb"},"inLanguage":"et","potentialAction":[{"@type":"ReadAction","target":["https:\/\/www.kliinikum.ee\/kopsukliinik\/poordumine-haiglasse\/"]}]},{"@type":"BreadcrumbList","@id":"https:\/\/www.kliinikum.ee\/kopsukliinik\/poordumine-haiglasse\/#breadcrumb","itemListElement":[{"@type":"ListItem","position":1,"name":"Home","item":"https:\/\/www.kliinikum.ee\/kopsukliinik\/"},{"@type":"ListItem","position":2,"name":"P\u00f6\u00f6rdumine haiglasse"}]},{"@type":"WebSite","@id":"https:\/\/www.kliinikum.ee\/kopsukliinik\/#website","url":"https:\/\/www.kliinikum.ee\/kopsukliinik\/","name":"Kopsukliinik","description":"Hoolivus, Uuendusmeelsus, P\u00e4devus ja Usaldusv\u00e4\u00e4rsus","potentialAction":[{"@type":"SearchAction","target":{"@type":"EntryPoint","urlTemplate":"https:\/\/www.kliinikum.ee\/kopsukliinik\/?s={search_term_string}"},"query-input":{"@type":"PropertyValueSpecification","valueRequired":true,"valueName":"search_term_string"}}],"inLanguage":"et"}]}},"uagb_featured_image_src":{"full":false,"thumbnail":false,"medium":false,"medium_large":false,"large":false,"1536x1536":false,"2048x2048":false},"uagb_author_info":{"display_name":"Jane Freimann","author_link":"https:\/\/www.kliinikum.ee\/kopsukliinik\/author\/janef\/"},"uagb_comment_info":0,"uagb_excerpt":"Plaanilises korras haiglaravile tulekul on&nbsp;vajalik perearsti v\u00f5i eriarsti digitaalne saatekiri&nbsp;ja kokkulepe osakonnajuhiga. Pulmonoloogia ja torakaalkirurgia osakonna plaaniliste haigete vastuv\u00f5tt toimub L. Puusepa 8 D-korpuses 1. korrusel asuvas plaaniliste haigete vastuv\u00f5tus (L. Puusepa t\u00e4navapoolse peaukse juures olevas registratuuris). P\u00e4rast haiglasse registreerimist saadetakse Teid pulmonoloogia (F-korpuse 6. korrusel) v\u00f5i torakaalkirurgia (A korpuse 6. korrusel) osakonda. Osakonna valve\u00f5de&hellip;","_links":{"self":[{"href":"https:\/\/www.kliinikum.ee\/kopsukliinik\/wp-json\/wp\/v2\/pages\/6179","targetHints":{"allow":["GET"]}}],"collection":[{"href":"https:\/\/www.kliinikum.ee\/kopsukliinik\/wp-json\/wp\/v2\/pages"}],"about":[{"href":"https:\/\/www.kliinikum.ee\/kopsukliinik\/wp-json\/wp\/v2\/types\/page"}],"author":[{"embeddable":true,"href":"https:\/\/www.kliinikum.ee\/kopsukliinik\/wp-json\/wp\/v2\/users\/35"}],"replies":[{"embeddable":true,"href":"https:\/\/www.kliinikum.ee\/kopsukliinik\/wp-json\/wp\/v2\/comments?post=6179"}],"version-history":[{"count":0,"href":"https:\/\/www.kliinikum.ee\/kopsukliinik\/wp-json\/wp\/v2\/pages\/6179\/revisions"}],"wp:attachment":[{"href":"https:\/\/www.kliinikum.ee\/kopsukliinik\/wp-json\/wp\/v2\/media?parent=6179"}],"curies":[{"name":"wp","href":"https:\/\/api.w.org\/{rel}","templated":true}]}}