{"id":6181,"date":"2024-01-03T15:29:42","date_gmt":"2024-01-03T13:29:42","guid":{"rendered":"https:\/\/www.kliinikum.ee\/kopsukliinik\/?page_id=6181"},"modified":"2024-01-25T15:40:26","modified_gmt":"2024-01-25T13:40:26","slug":"bronhoskoopia","status":"publish","type":"page","link":"https:\/\/www.kliinikum.ee\/kopsukliinik\/bronhoskoopia\/","title":{"rendered":"Bronhoskoopia"},"content":{"rendered":"\n<p class=\"has-medium-font-size\"><strong>L. Puusepa 8<\/strong><br><strong>A-korpus, 6. korrus<\/strong><br><strong>kabinet A621<\/strong><br><strong>tel: 731 8925<\/strong><\/p>\n\n\n\n<p class=\"has-medium-font-size\">Bronhoskoopia kabinetis teostatakse plaanilises korras lokaalses anesteesias fiiberbronhoskoopat ja endobronhiaalset ultraheli bronhoskoopiat.<\/p>\n\n\n\n<p class=\"has-medium-font-size\">2 korda kuus tehakse narkoosis invasiivse bronhoskoopia protseduure, kaasa arvatud navigatsioonibronhoskoopiad.<\/p>\n\n\n\n<p class=\"has-medium-font-size\">Tartu \u00dclikooli Kliinikumis teostatakse j\u00e4rgnevaid invasiivse bronhoskoopia protseduure:<\/p>\n\n\n\n<ul class=\"has-medium-font-size wp-block-list\">\n<li>hingamisteede kr\u00fcoteraapia<\/li>\n\n\n\n<li>perifeerse kopsukoe kr\u00fcobiopsiad<\/li>\n\n\n\n<li>hingamisteede stentimine<\/li>\n\n\n\n<li>v\u00f5\u00f5rkehade eemaldamine.<\/li>\n<\/ul>\n\n\n\n<p class=\"has-medium-font-size\">Erakorralised invasiivsed uuringud ja endoskoopiline ravi toimub enamasti erakorralises operatsioonitoas.<\/p>\n\n\n\n<p class=\"has-medium-font-size\"><strong>Informatsioon bronhoskoopiale tulevale patsiendile:<\/strong><\/p>\n\n\n\n<ul class=\"wp-block-list\">\n<li class=\"has-medium-font-size\">\u00c4rge s\u00f6\u00f6ge ega jooge 6 tundi enne bronhoskoopiat.<\/li>\n\n\n\n<li class=\"has-medium-font-size\">Kui tarvitate igap\u00e4evaselt k\u00f5rgverer\u00f5hut\u00f5ve ravimeid, tuleb need protseduurip\u00e4eva varahommikul v\u00e4hese veega sisse v\u00f5tta.<\/li>\n\n\n\n<li class=\"has-medium-font-size\">Kui Te v\u00f5tate antikoagulanti ehk \u201everevedeldajat\u201c siis peab ravi katkestama enne planeeritavat protseduuri:<\/li>\n\n\n\n<li class=\"has-medium-font-size\">48 tundi varem kasutades raviks dabigatrani (Pradaxa\u00ae, Telexer\u00ae,Dabigatran Etexilate Accord\u00ae), rivaroxabani (Xarelto\u00ae), apixabani (Eliquis\u00ae) v\u00f5i edoxabani (Lixiana\u00ae).<\/li>\n\n\n\n<li class=\"has-medium-font-size\">5 p\u00e4eva varem kasutades raviks warfarini (Marevan\u00ae).<\/li>\n\n\n\n<li class=\"has-medium-font-size\">24 tundi varem kasutades raviks madalamolekulaarset hepariini enoksopariini (Losmina\u00ae\/\u0421lexane\u00ae) v\u00f5i daltepariini (Fragmin\u00ae).<\/li>\n\n\n\n<li class=\"has-medium-font-size\">Vajadusel konsulteerige ravimite v\u00f5tmise osas uuringu m\u00e4\u00e4ranud arstiga.<\/li>\n\n\n\n<li class=\"has-medium-font-size\">Inhaleeritavaid ravimeid tarvitage vastavalt tavap\u00e4rasele raviskeemile.<\/li>\n\n\n\n<li class=\"has-medium-font-size\">12 tundi enne protseduuri on soovitav mitte suitsetada.<\/li>\n\n\n\n<li class=\"has-medium-font-size\">Informeerige arsti kasutatavatest ravimitest (tehke nimekiri) ja allergiatest.<\/li>\n<\/ul>\n\n\n\n<p class=\"has-medium-font-size\">Tulge uuringule koos saatjaga, kes saadab Teid p\u00e4rast protseduuri. 6 - 8 tunni v\u00e4ltel p\u00e4rast protseduuri ei tohi Te juhtida liiklusvahendit, kuna uuringu k\u00e4igus manustatud ravimid v\u00e4hendavad t\u00e4helepanu ja reageerimisv\u00f5imet.&nbsp;<\/p>\n\n\n\n<p class=\"has-medium-font-size\"><a href=\"https:\/\/www.kliinikum.ee\/kopsukliinik\/wp-content\/uploads\/2024\/01\/Bronhoskoopia_e.k_23.01.24.doc\">Teavitatud n\u00f5usolek bronhoskoopiliseks uuringuks eesti keeles<\/a><\/p>\n\n\n\n<p class=\"has-medium-font-size\"><a href=\"https:\/\/www.kliinikum.ee\/kopsukliinik\/wp-content\/uploads\/2024\/01\/Bronhoskoopia_vk_25.01.24.docx\">Teavitatud n\u00f5usolek bronhoskoopiliseks uuringuks vene keeles<\/a><\/p>\n","protected":false},"excerpt":{"rendered":"<p>L. Puusepa 8A-korpus, 6. korruskabinet A621tel: 731 8925 Bronhoskoopia kabinetis teostatakse plaanilises korras lokaalses anesteesias fiiberbronhoskoopat ja endobronhiaalset ultraheli bronhoskoopiat. 2 korda kuus tehakse narkoosis invasiivse bronhoskoopia protseduure, kaasa arvatud navigatsioonibronhoskoopiad. Tartu \u00dclikooli Kliinikumis teostatakse j\u00e4rgnevaid invasiivse bronhoskoopia protseduure: Erakorralised invasiivsed uuringud ja endoskoopiline ravi toimub enamasti erakorralises operatsioonitoas. Informatsioon bronhoskoopiale tulevale patsiendile: Tulge uuringule [&hellip;]<\/p>\n","protected":false},"author":35,"featured_media":0,"parent":0,"menu_order":5,"comment_status":"closed","ping_status":"closed","template":"","meta":{"_acf_changed":false,"_uag_custom_page_level_css":"","footnotes":""},"class_list":["post-6181","page","type-page","status-publish","hentry"],"acf":[],"yoast_head":"<!-- This site is optimized with the Yoast SEO plugin v27.3 - https:\/\/yoast.com\/product\/yoast-seo-wordpress\/ -->\n<title>Bronhoskoopia - Kopsukliinik<\/title>\n<meta name=\"robots\" content=\"index, follow, max-snippet:-1, max-image-preview:large, max-video-preview:-1\" \/>\n<link rel=\"canonical\" href=\"https:\/\/www.kliinikum.ee\/kopsukliinik\/bronhoskoopia\/\" \/>\n<meta property=\"og:locale\" content=\"et_EE\" \/>\n<meta property=\"og:type\" content=\"article\" \/>\n<meta property=\"og:title\" content=\"Bronhoskoopia - Kopsukliinik\" \/>\n<meta property=\"og:description\" content=\"L. Puusepa 8A-korpus, 6. korruskabinet A621tel: 731 8925 Bronhoskoopia kabinetis teostatakse plaanilises korras lokaalses anesteesias fiiberbronhoskoopat ja endobronhiaalset ultraheli bronhoskoopiat. 2 korda kuus tehakse narkoosis invasiivse bronhoskoopia protseduure, kaasa arvatud navigatsioonibronhoskoopiad. Tartu \u00dclikooli Kliinikumis teostatakse j\u00e4rgnevaid invasiivse bronhoskoopia protseduure: Erakorralised invasiivsed uuringud ja endoskoopiline ravi toimub enamasti erakorralises operatsioonitoas. Informatsioon bronhoskoopiale tulevale patsiendile: Tulge uuringule [&hellip;]\" \/>\n<meta property=\"og:url\" content=\"https:\/\/www.kliinikum.ee\/kopsukliinik\/bronhoskoopia\/\" \/>\n<meta property=\"og:site_name\" content=\"Kopsukliinik\" \/>\n<meta property=\"article:modified_time\" content=\"2024-01-25T13:40:26+00:00\" \/>\n<meta name=\"twitter:card\" content=\"summary_large_image\" \/>\n<meta name=\"twitter:label1\" content=\"Est. reading time\" \/>\n\t<meta name=\"twitter:data1\" content=\"2 minutit\" \/>\n<script type=\"application\/ld+json\" class=\"yoast-schema-graph\">{\"@context\":\"https:\\\/\\\/schema.org\",\"@graph\":[{\"@type\":\"WebPage\",\"@id\":\"https:\\\/\\\/www.kliinikum.ee\\\/kopsukliinik\\\/bronhoskoopia\\\/\",\"url\":\"https:\\\/\\\/www.kliinikum.ee\\\/kopsukliinik\\\/bronhoskoopia\\\/\",\"name\":\"Bronhoskoopia - Kopsukliinik\",\"isPartOf\":{\"@id\":\"https:\\\/\\\/www.kliinikum.ee\\\/kopsukliinik\\\/#website\"},\"datePublished\":\"2024-01-03T13:29:42+00:00\",\"dateModified\":\"2024-01-25T13:40:26+00:00\",\"breadcrumb\":{\"@id\":\"https:\\\/\\\/www.kliinikum.ee\\\/kopsukliinik\\\/bronhoskoopia\\\/#breadcrumb\"},\"inLanguage\":\"et\",\"potentialAction\":[{\"@type\":\"ReadAction\",\"target\":[\"https:\\\/\\\/www.kliinikum.ee\\\/kopsukliinik\\\/bronhoskoopia\\\/\"]}]},{\"@type\":\"BreadcrumbList\",\"@id\":\"https:\\\/\\\/www.kliinikum.ee\\\/kopsukliinik\\\/bronhoskoopia\\\/#breadcrumb\",\"itemListElement\":[{\"@type\":\"ListItem\",\"position\":1,\"name\":\"Home\",\"item\":\"https:\\\/\\\/www.kliinikum.ee\\\/kopsukliinik\\\/\"},{\"@type\":\"ListItem\",\"position\":2,\"name\":\"Bronhoskoopia\"}]},{\"@type\":\"WebSite\",\"@id\":\"https:\\\/\\\/www.kliinikum.ee\\\/kopsukliinik\\\/#website\",\"url\":\"https:\\\/\\\/www.kliinikum.ee\\\/kopsukliinik\\\/\",\"name\":\"Kopsukliinik\",\"description\":\"Hoolivus, Uuendusmeelsus, P\u00e4devus ja Usaldusv\u00e4\u00e4rsus\",\"potentialAction\":[{\"@type\":\"SearchAction\",\"target\":{\"@type\":\"EntryPoint\",\"urlTemplate\":\"https:\\\/\\\/www.kliinikum.ee\\\/kopsukliinik\\\/?s={search_term_string}\"},\"query-input\":{\"@type\":\"PropertyValueSpecification\",\"valueRequired\":true,\"valueName\":\"search_term_string\"}}],\"inLanguage\":\"et\"}]}<\/script>\n<!-- \/ Yoast SEO plugin. -->","yoast_head_json":{"title":"Bronhoskoopia - Kopsukliinik","robots":{"index":"index","follow":"follow","max-snippet":"max-snippet:-1","max-image-preview":"max-image-preview:large","max-video-preview":"max-video-preview:-1"},"canonical":"https:\/\/www.kliinikum.ee\/kopsukliinik\/bronhoskoopia\/","og_locale":"et_EE","og_type":"article","og_title":"Bronhoskoopia - Kopsukliinik","og_description":"L. Puusepa 8A-korpus, 6. korruskabinet A621tel: 731 8925 Bronhoskoopia kabinetis teostatakse plaanilises korras lokaalses anesteesias fiiberbronhoskoopat ja endobronhiaalset ultraheli bronhoskoopiat. 2 korda kuus tehakse narkoosis invasiivse bronhoskoopia protseduure, kaasa arvatud navigatsioonibronhoskoopiad. Tartu \u00dclikooli Kliinikumis teostatakse j\u00e4rgnevaid invasiivse bronhoskoopia protseduure: Erakorralised invasiivsed uuringud ja endoskoopiline ravi toimub enamasti erakorralises operatsioonitoas. Informatsioon bronhoskoopiale tulevale patsiendile: Tulge uuringule [&hellip;]","og_url":"https:\/\/www.kliinikum.ee\/kopsukliinik\/bronhoskoopia\/","og_site_name":"Kopsukliinik","article_modified_time":"2024-01-25T13:40:26+00:00","twitter_card":"summary_large_image","twitter_misc":{"Est. reading time":"2 minutit"},"schema":{"@context":"https:\/\/schema.org","@graph":[{"@type":"WebPage","@id":"https:\/\/www.kliinikum.ee\/kopsukliinik\/bronhoskoopia\/","url":"https:\/\/www.kliinikum.ee\/kopsukliinik\/bronhoskoopia\/","name":"Bronhoskoopia - Kopsukliinik","isPartOf":{"@id":"https:\/\/www.kliinikum.ee\/kopsukliinik\/#website"},"datePublished":"2024-01-03T13:29:42+00:00","dateModified":"2024-01-25T13:40:26+00:00","breadcrumb":{"@id":"https:\/\/www.kliinikum.ee\/kopsukliinik\/bronhoskoopia\/#breadcrumb"},"inLanguage":"et","potentialAction":[{"@type":"ReadAction","target":["https:\/\/www.kliinikum.ee\/kopsukliinik\/bronhoskoopia\/"]}]},{"@type":"BreadcrumbList","@id":"https:\/\/www.kliinikum.ee\/kopsukliinik\/bronhoskoopia\/#breadcrumb","itemListElement":[{"@type":"ListItem","position":1,"name":"Home","item":"https:\/\/www.kliinikum.ee\/kopsukliinik\/"},{"@type":"ListItem","position":2,"name":"Bronhoskoopia"}]},{"@type":"WebSite","@id":"https:\/\/www.kliinikum.ee\/kopsukliinik\/#website","url":"https:\/\/www.kliinikum.ee\/kopsukliinik\/","name":"Kopsukliinik","description":"Hoolivus, Uuendusmeelsus, P\u00e4devus ja Usaldusv\u00e4\u00e4rsus","potentialAction":[{"@type":"SearchAction","target":{"@type":"EntryPoint","urlTemplate":"https:\/\/www.kliinikum.ee\/kopsukliinik\/?s={search_term_string}"},"query-input":{"@type":"PropertyValueSpecification","valueRequired":true,"valueName":"search_term_string"}}],"inLanguage":"et"}]}},"uagb_featured_image_src":{"full":false,"thumbnail":false,"medium":false,"medium_large":false,"large":false,"1536x1536":false,"2048x2048":false},"uagb_author_info":{"display_name":"Jane Freimann","author_link":"https:\/\/www.kliinikum.ee\/kopsukliinik\/author\/janef\/"},"uagb_comment_info":0,"uagb_excerpt":"L. Puusepa 8A-korpus, 6. korruskabinet A621tel: 731 8925 Bronhoskoopia kabinetis teostatakse plaanilises korras lokaalses anesteesias fiiberbronhoskoopat ja endobronhiaalset ultraheli bronhoskoopiat. 2 korda kuus tehakse narkoosis invasiivse bronhoskoopia protseduure, kaasa arvatud navigatsioonibronhoskoopiad. Tartu \u00dclikooli Kliinikumis teostatakse j\u00e4rgnevaid invasiivse bronhoskoopia protseduure: Erakorralised invasiivsed uuringud ja endoskoopiline ravi toimub enamasti erakorralises operatsioonitoas. Informatsioon bronhoskoopiale tulevale patsiendile: Tulge uuringule&hellip;","_links":{"self":[{"href":"https:\/\/www.kliinikum.ee\/kopsukliinik\/wp-json\/wp\/v2\/pages\/6181","targetHints":{"allow":["GET"]}}],"collection":[{"href":"https:\/\/www.kliinikum.ee\/kopsukliinik\/wp-json\/wp\/v2\/pages"}],"about":[{"href":"https:\/\/www.kliinikum.ee\/kopsukliinik\/wp-json\/wp\/v2\/types\/page"}],"author":[{"embeddable":true,"href":"https:\/\/www.kliinikum.ee\/kopsukliinik\/wp-json\/wp\/v2\/users\/35"}],"replies":[{"embeddable":true,"href":"https:\/\/www.kliinikum.ee\/kopsukliinik\/wp-json\/wp\/v2\/comments?post=6181"}],"version-history":[{"count":0,"href":"https:\/\/www.kliinikum.ee\/kopsukliinik\/wp-json\/wp\/v2\/pages\/6181\/revisions"}],"wp:attachment":[{"href":"https:\/\/www.kliinikum.ee\/kopsukliinik\/wp-json\/wp\/v2\/media?parent=6181"}],"curies":[{"name":"wp","href":"https:\/\/api.w.org\/{rel}","templated":true}]}}