{"id":6185,"date":"2024-01-03T15:36:14","date_gmt":"2024-01-03T13:36:14","guid":{"rendered":"https:\/\/www.kliinikum.ee\/kopsukliinik\/?page_id=6185"},"modified":"2024-01-25T15:02:59","modified_gmt":"2024-01-25T13:02:59","slug":"pulmonoloogia-osakond","status":"publish","type":"page","link":"https:\/\/www.kliinikum.ee\/kopsukliinik\/kliinikust\/pulmonoloogia-osakond\/","title":{"rendered":"Pulmonoloogia osakond"},"content":{"rendered":"\n<p class=\"has-medium-font-size\"><strong>Osakonnajuht Sulev Meriste<\/strong>&nbsp;|&nbsp;vanemarst-\u00f5ppej\u00f5ud |&nbsp;tel 731 8930 <strong>|<\/strong> <a href=\"mailto:sulev.meriste@kliinikum.ee\">sulev.meriste@kliinikum.ee<\/a><br><strong>\u00d5endusjuht<\/strong>&nbsp;|&nbsp;Anneliis P\u00e4hn&nbsp;|&nbsp;tel 731 8931 |&nbsp;<a href=\"mailto:anneliis.pahn@kliinikum.ee\">anneliis.pahn@kliinikum.ee<\/a><br><strong>Sekret\u00e4r<\/strong>&nbsp;|&nbsp;Mare Puusepp&nbsp;|&nbsp;tel 731 8931 |&nbsp;<a href=\"mailto:mare.puusepp@kliinikum.ee\">mare.puusepp@kliinikum.ee<\/a><br><strong>Arstide tuba<\/strong>&nbsp;|&nbsp;tel 7318932<br><strong>Valve\u00f5de<\/strong>&nbsp;|&nbsp;tel 7318933<\/p>\n\n\n\n<p class=\"has-medium-font-size\">Pulmonoloogia osakonna p\u00f5hitegevuseks on statsionaarne eriarstiabi - \u00e4gedate ja krooniliste hingamisteede ning kopsuhaiguste diagnostika ja ravi.<\/p>\n\n\n\n<ul class=\"wp-block-list\">\n<li class=\"has-medium-font-size\">Kopsup\u00f5letik, t\u00fcsistustega kopsuv\u00e4hk, kopsukelme p\u00f5letikulised haigused ja krooniline obstruktiivne kopsuhaigus on sagedasemad statsionaarset ravi vajavad haigused.<\/li>\n\n\n\n<li class=\"has-medium-font-size\">Interstitsiaalsed kopsuhaigused, kopsukahjustusega kulgevad s\u00fcsteemsed sidekoehaigused ja vaskuliidid on haiguste grupp, mille k\u00e4sitlus toimub sageli pulmonoloogia osakonnas ja diagnoosimiseks on vajalik erinevate erialaspetsialistide kompetents.&nbsp;<\/li>\n\n\n\n<li class=\"has-medium-font-size\">Kopsuveresoonte kahjustusega seotud haiguste (pulmonaalh\u00fcpertensiooni erinevad vormid) diagnostika ja ravi koost\u00f6\u00f6s s\u00fcdamehaiguste kliinikuga.<\/li>\n\n\n\n<li class=\"has-medium-font-size\">Harva esinevate kopsuhaiguste (harvikhaiguste) diagnostika ja ravi.<\/li>\n\n\n\n<li class=\"has-medium-font-size\">Uneaegsete hingamish\u00e4irete diagnostika ja ravi.<\/li>\n\n\n\n<li class=\"has-medium-font-size\">Kroonilise hingamispuudulikkusega seotud hapnik- ja ventilaatorravi vajaduse testimine. Vajadusel koduse raviplaani koostamine hapnik- ja ventilaatorravi haigetele.<\/li>\n<\/ul>\n\n\n\n<figure class=\"wp-block-image size-large\"><img loading=\"lazy\" decoding=\"async\" width=\"1024\" height=\"683\" src=\"https:\/\/www.kliinikum.ee\/kopsukliinik\/wp-content\/uploads\/2024\/01\/IMG_7379-1024x683.jpg\" alt=\"\" class=\"wp-image-6334\" srcset=\"https:\/\/www.kliinikum.ee\/kopsukliinik\/wp-content\/uploads\/2024\/01\/IMG_7379-1024x683.jpg 1024w, https:\/\/www.kliinikum.ee\/kopsukliinik\/wp-content\/uploads\/2024\/01\/IMG_7379-300x200.jpg 300w, https:\/\/www.kliinikum.ee\/kopsukliinik\/wp-content\/uploads\/2024\/01\/IMG_7379-768x512.jpg 768w, https:\/\/www.kliinikum.ee\/kopsukliinik\/wp-content\/uploads\/2024\/01\/IMG_7379-1536x1024.jpg 1536w, https:\/\/www.kliinikum.ee\/kopsukliinik\/wp-content\/uploads\/2024\/01\/IMG_7379-2048x1365.jpg 2048w, https:\/\/www.kliinikum.ee\/kopsukliinik\/wp-content\/uploads\/2024\/01\/IMG_7379-scaled.jpg 2560w\" sizes=\"auto, (max-width: 1024px) 100vw, 1024px\" \/><\/figure>\n\n\n\n<p class=\"has-medium-font-size\">Pulmonoloogia osakonna koosseisu kuulub <strong>bronhoskoopia \u00fcksus<\/strong>. P\u00f5hit\u00f6\u00f6 on hingamisteede kasvajate diagnostika ja kasvajate endoskoopililine ravi meditsiiniliste n\u00e4idustuste olemasolu korral. Lisaks tavap\u00e4rasele fiiberbronhoskoopiale teostatakse ultraheli-bronhoskoopiat, rigiidse bronhoskoobiga invasiivset endoskoopiat.<\/p>\n\n\n\n<p class=\"has-medium-font-size\">2023. aasta l\u00f5pul on alustatud uudse metoodikana navigatsioonibronhoskoopia teostamist, mis v\u00f5imaldab perifeersete kopsukollete diagnostikat.<\/p>\n\n\n\n<p class=\"has-medium-font-size\">Olulise osa pulmonoloogia osakonna t\u00f6\u00f6st moodustab <strong>\u00fcli\u00f5pilaste ja residentide koolitamine<\/strong>.<\/p>\n\n\n\n<figure class=\"wp-block-gallery has-nested-images columns-default is-cropped wp-block-gallery-1 is-layout-flex wp-block-gallery-is-layout-flex\">\n<figure class=\"wp-block-image size-large\"><img loading=\"lazy\" decoding=\"async\" width=\"1024\" height=\"683\" data-id=\"6336\" src=\"https:\/\/www.kliinikum.ee\/kopsukliinik\/wp-content\/uploads\/2024\/01\/IMG_7998-1024x683.jpg\" alt=\"\" class=\"wp-image-6336\" srcset=\"https:\/\/www.kliinikum.ee\/kopsukliinik\/wp-content\/uploads\/2024\/01\/IMG_7998-1024x683.jpg 1024w, https:\/\/www.kliinikum.ee\/kopsukliinik\/wp-content\/uploads\/2024\/01\/IMG_7998-300x200.jpg 300w, https:\/\/www.kliinikum.ee\/kopsukliinik\/wp-content\/uploads\/2024\/01\/IMG_7998-768x512.jpg 768w, https:\/\/www.kliinikum.ee\/kopsukliinik\/wp-content\/uploads\/2024\/01\/IMG_7998-1536x1024.jpg 1536w, https:\/\/www.kliinikum.ee\/kopsukliinik\/wp-content\/uploads\/2024\/01\/IMG_7998-2048x1365.jpg 2048w, https:\/\/www.kliinikum.ee\/kopsukliinik\/wp-content\/uploads\/2024\/01\/IMG_7998-scaled.jpg 2560w\" sizes=\"auto, (max-width: 1024px) 100vw, 1024px\" \/><\/figure>\n\n\n\n<figure class=\"wp-block-image size-large\"><img loading=\"lazy\" decoding=\"async\" width=\"1024\" height=\"683\" data-id=\"6338\" src=\"https:\/\/www.kliinikum.ee\/kopsukliinik\/wp-content\/uploads\/2024\/01\/IMG_8029-1024x683.jpg\" alt=\"\" class=\"wp-image-6338\" srcset=\"https:\/\/www.kliinikum.ee\/kopsukliinik\/wp-content\/uploads\/2024\/01\/IMG_8029-1024x683.jpg 1024w, https:\/\/www.kliinikum.ee\/kopsukliinik\/wp-content\/uploads\/2024\/01\/IMG_8029-300x200.jpg 300w, https:\/\/www.kliinikum.ee\/kopsukliinik\/wp-content\/uploads\/2024\/01\/IMG_8029-768x512.jpg 768w, https:\/\/www.kliinikum.ee\/kopsukliinik\/wp-content\/uploads\/2024\/01\/IMG_8029-1536x1024.jpg 1536w, https:\/\/www.kliinikum.ee\/kopsukliinik\/wp-content\/uploads\/2024\/01\/IMG_8029-2048x1365.jpg 2048w, https:\/\/www.kliinikum.ee\/kopsukliinik\/wp-content\/uploads\/2024\/01\/IMG_8029-scaled.jpg 2560w\" sizes=\"auto, (max-width: 1024px) 100vw, 1024px\" \/><\/figure>\n\n\n\n<figure class=\"wp-block-image size-large\"><img loading=\"lazy\" decoding=\"async\" width=\"1024\" height=\"683\" data-id=\"6340\" src=\"https:\/\/www.kliinikum.ee\/kopsukliinik\/wp-content\/uploads\/2024\/01\/IMG_7323-1-1024x683.jpg\" alt=\"\" class=\"wp-image-6340\" srcset=\"https:\/\/www.kliinikum.ee\/kopsukliinik\/wp-content\/uploads\/2024\/01\/IMG_7323-1-1024x683.jpg 1024w, https:\/\/www.kliinikum.ee\/kopsukliinik\/wp-content\/uploads\/2024\/01\/IMG_7323-1-300x200.jpg 300w, https:\/\/www.kliinikum.ee\/kopsukliinik\/wp-content\/uploads\/2024\/01\/IMG_7323-1-768x512.jpg 768w, https:\/\/www.kliinikum.ee\/kopsukliinik\/wp-content\/uploads\/2024\/01\/IMG_7323-1-1536x1024.jpg 1536w, https:\/\/www.kliinikum.ee\/kopsukliinik\/wp-content\/uploads\/2024\/01\/IMG_7323-1-2048x1365.jpg 2048w, https:\/\/www.kliinikum.ee\/kopsukliinik\/wp-content\/uploads\/2024\/01\/IMG_7323-1-scaled.jpg 2560w\" sizes=\"auto, (max-width: 1024px) 100vw, 1024px\" \/><\/figure>\n<\/figure>\n","protected":false},"excerpt":{"rendered":"<p>Osakonnajuht Sulev Meriste&nbsp;|&nbsp;vanemarst-\u00f5ppej\u00f5ud |&nbsp;tel 731 8930 | sulev.meriste@kliinikum.ee\u00d5endusjuht&nbsp;|&nbsp;Anneliis P\u00e4hn&nbsp;|&nbsp;tel 731 8931 |&nbsp;anneliis.pahn@kliinikum.eeSekret\u00e4r&nbsp;|&nbsp;Mare Puusepp&nbsp;|&nbsp;tel 731 8931 |&nbsp;mare.puusepp@kliinikum.eeArstide tuba&nbsp;|&nbsp;tel 7318932Valve\u00f5de&nbsp;|&nbsp;tel 7318933 Pulmonoloogia osakonna p\u00f5hitegevuseks on statsionaarne eriarstiabi - \u00e4gedate ja krooniliste hingamisteede ning kopsuhaiguste diagnostika ja ravi. Pulmonoloogia osakonna koosseisu kuulub bronhoskoopia \u00fcksus. P\u00f5hit\u00f6\u00f6 on hingamisteede kasvajate diagnostika ja kasvajate endoskoopililine ravi meditsiiniliste n\u00e4idustuste olemasolu korral. Lisaks [&hellip;]<\/p>\n","protected":false},"author":35,"featured_media":0,"parent":17,"menu_order":2,"comment_status":"closed","ping_status":"closed","template":"","meta":{"_acf_changed":false,"_uag_custom_page_level_css":"","footnotes":""},"class_list":["post-6185","page","type-page","status-publish","hentry"],"acf":[],"yoast_head":"<!-- This site is optimized with the Yoast SEO plugin v27.1.1 - https:\/\/yoast.com\/product\/yoast-seo-wordpress\/ -->\n<title>Pulmonoloogia osakond - Kopsukliinik<\/title>\n<meta name=\"robots\" content=\"index, follow, max-snippet:-1, max-image-preview:large, max-video-preview:-1\" \/>\n<link rel=\"canonical\" href=\"https:\/\/www.kliinikum.ee\/kopsukliinik\/kliinikust\/pulmonoloogia-osakond\/\" \/>\n<meta property=\"og:locale\" content=\"et_EE\" \/>\n<meta property=\"og:type\" content=\"article\" \/>\n<meta property=\"og:title\" content=\"Pulmonoloogia osakond - Kopsukliinik\" \/>\n<meta property=\"og:description\" content=\"Osakonnajuht Sulev Meriste&nbsp;|&nbsp;vanemarst-\u00f5ppej\u00f5ud |&nbsp;tel 731 8930 | sulev.meriste@kliinikum.ee\u00d5endusjuht&nbsp;|&nbsp;Anneliis P\u00e4hn&nbsp;|&nbsp;tel 731 8931 |&nbsp;anneliis.pahn@kliinikum.eeSekret\u00e4r&nbsp;|&nbsp;Mare Puusepp&nbsp;|&nbsp;tel 731 8931 |&nbsp;mare.puusepp@kliinikum.eeArstide tuba&nbsp;|&nbsp;tel 7318932Valve\u00f5de&nbsp;|&nbsp;tel 7318933 Pulmonoloogia osakonna p\u00f5hitegevuseks on statsionaarne eriarstiabi - \u00e4gedate ja krooniliste hingamisteede ning kopsuhaiguste diagnostika ja ravi. Pulmonoloogia osakonna koosseisu kuulub bronhoskoopia \u00fcksus. P\u00f5hit\u00f6\u00f6 on hingamisteede kasvajate diagnostika ja kasvajate endoskoopililine ravi meditsiiniliste n\u00e4idustuste olemasolu korral. Lisaks [&hellip;]\" \/>\n<meta property=\"og:url\" content=\"https:\/\/www.kliinikum.ee\/kopsukliinik\/kliinikust\/pulmonoloogia-osakond\/\" \/>\n<meta property=\"og:site_name\" content=\"Kopsukliinik\" \/>\n<meta property=\"article:modified_time\" content=\"2024-01-25T13:02:59+00:00\" \/>\n<meta property=\"og:image\" content=\"https:\/\/www.kliinikum.ee\/kopsukliinik\/wp-content\/uploads\/2024\/01\/IMG_7379-1024x683.jpg\" \/>\n<meta name=\"twitter:card\" content=\"summary_large_image\" \/>\n<meta name=\"twitter:label1\" content=\"Est. reading time\" \/>\n\t<meta name=\"twitter:data1\" content=\"2 minutit\" \/>\n<script type=\"application\/ld+json\" class=\"yoast-schema-graph\">{\"@context\":\"https:\/\/schema.org\",\"@graph\":[{\"@type\":\"WebPage\",\"@id\":\"https:\/\/www.kliinikum.ee\/kopsukliinik\/kliinikust\/pulmonoloogia-osakond\/\",\"url\":\"https:\/\/www.kliinikum.ee\/kopsukliinik\/kliinikust\/pulmonoloogia-osakond\/\",\"name\":\"Pulmonoloogia osakond - Kopsukliinik\",\"isPartOf\":{\"@id\":\"https:\/\/www.kliinikum.ee\/kopsukliinik\/#website\"},\"primaryImageOfPage\":{\"@id\":\"https:\/\/www.kliinikum.ee\/kopsukliinik\/kliinikust\/pulmonoloogia-osakond\/#primaryimage\"},\"image\":{\"@id\":\"https:\/\/www.kliinikum.ee\/kopsukliinik\/kliinikust\/pulmonoloogia-osakond\/#primaryimage\"},\"thumbnailUrl\":\"https:\/\/www.kliinikum.ee\/kopsukliinik\/wp-content\/uploads\/2024\/01\/IMG_7379-1024x683.jpg\",\"datePublished\":\"2024-01-03T13:36:14+00:00\",\"dateModified\":\"2024-01-25T13:02:59+00:00\",\"breadcrumb\":{\"@id\":\"https:\/\/www.kliinikum.ee\/kopsukliinik\/kliinikust\/pulmonoloogia-osakond\/#breadcrumb\"},\"inLanguage\":\"et\",\"potentialAction\":[{\"@type\":\"ReadAction\",\"target\":[\"https:\/\/www.kliinikum.ee\/kopsukliinik\/kliinikust\/pulmonoloogia-osakond\/\"]}]},{\"@type\":\"ImageObject\",\"inLanguage\":\"et\",\"@id\":\"https:\/\/www.kliinikum.ee\/kopsukliinik\/kliinikust\/pulmonoloogia-osakond\/#primaryimage\",\"url\":\"https:\/\/www.kliinikum.ee\/kopsukliinik\/wp-content\/uploads\/2024\/01\/IMG_7379-scaled.jpg\",\"contentUrl\":\"https:\/\/www.kliinikum.ee\/kopsukliinik\/wp-content\/uploads\/2024\/01\/IMG_7379-scaled.jpg\",\"width\":2560,\"height\":1706},{\"@type\":\"BreadcrumbList\",\"@id\":\"https:\/\/www.kliinikum.ee\/kopsukliinik\/kliinikust\/pulmonoloogia-osakond\/#breadcrumb\",\"itemListElement\":[{\"@type\":\"ListItem\",\"position\":1,\"name\":\"Home\",\"item\":\"https:\/\/www.kliinikum.ee\/kopsukliinik\/\"},{\"@type\":\"ListItem\",\"position\":2,\"name\":\"Kliinikust\",\"item\":\"https:\/\/www.kliinikum.ee\/kopsukliinik\/kliinikust\/\"},{\"@type\":\"ListItem\",\"position\":3,\"name\":\"Pulmonoloogia osakond\"}]},{\"@type\":\"WebSite\",\"@id\":\"https:\/\/www.kliinikum.ee\/kopsukliinik\/#website\",\"url\":\"https:\/\/www.kliinikum.ee\/kopsukliinik\/\",\"name\":\"Kopsukliinik\",\"description\":\"Hoolivus, Uuendusmeelsus, P\u00e4devus ja Usaldusv\u00e4\u00e4rsus\",\"potentialAction\":[{\"@type\":\"SearchAction\",\"target\":{\"@type\":\"EntryPoint\",\"urlTemplate\":\"https:\/\/www.kliinikum.ee\/kopsukliinik\/?s={search_term_string}\"},\"query-input\":{\"@type\":\"PropertyValueSpecification\",\"valueRequired\":true,\"valueName\":\"search_term_string\"}}],\"inLanguage\":\"et\"}]}<\/script>\n<!-- \/ Yoast SEO plugin. -->","yoast_head_json":{"title":"Pulmonoloogia osakond - Kopsukliinik","robots":{"index":"index","follow":"follow","max-snippet":"max-snippet:-1","max-image-preview":"max-image-preview:large","max-video-preview":"max-video-preview:-1"},"canonical":"https:\/\/www.kliinikum.ee\/kopsukliinik\/kliinikust\/pulmonoloogia-osakond\/","og_locale":"et_EE","og_type":"article","og_title":"Pulmonoloogia osakond - Kopsukliinik","og_description":"Osakonnajuht Sulev Meriste&nbsp;|&nbsp;vanemarst-\u00f5ppej\u00f5ud |&nbsp;tel 731 8930 | sulev.meriste@kliinikum.ee\u00d5endusjuht&nbsp;|&nbsp;Anneliis P\u00e4hn&nbsp;|&nbsp;tel 731 8931 |&nbsp;anneliis.pahn@kliinikum.eeSekret\u00e4r&nbsp;|&nbsp;Mare Puusepp&nbsp;|&nbsp;tel 731 8931 |&nbsp;mare.puusepp@kliinikum.eeArstide tuba&nbsp;|&nbsp;tel 7318932Valve\u00f5de&nbsp;|&nbsp;tel 7318933 Pulmonoloogia osakonna p\u00f5hitegevuseks on statsionaarne eriarstiabi - \u00e4gedate ja krooniliste hingamisteede ning kopsuhaiguste diagnostika ja ravi. Pulmonoloogia osakonna koosseisu kuulub bronhoskoopia \u00fcksus. P\u00f5hit\u00f6\u00f6 on hingamisteede kasvajate diagnostika ja kasvajate endoskoopililine ravi meditsiiniliste n\u00e4idustuste olemasolu korral. Lisaks [&hellip;]","og_url":"https:\/\/www.kliinikum.ee\/kopsukliinik\/kliinikust\/pulmonoloogia-osakond\/","og_site_name":"Kopsukliinik","article_modified_time":"2024-01-25T13:02:59+00:00","og_image":[{"url":"https:\/\/www.kliinikum.ee\/kopsukliinik\/wp-content\/uploads\/2024\/01\/IMG_7379-1024x683.jpg","type":"","width":"","height":""}],"twitter_card":"summary_large_image","twitter_misc":{"Est. reading time":"2 minutit"},"schema":{"@context":"https:\/\/schema.org","@graph":[{"@type":"WebPage","@id":"https:\/\/www.kliinikum.ee\/kopsukliinik\/kliinikust\/pulmonoloogia-osakond\/","url":"https:\/\/www.kliinikum.ee\/kopsukliinik\/kliinikust\/pulmonoloogia-osakond\/","name":"Pulmonoloogia osakond - Kopsukliinik","isPartOf":{"@id":"https:\/\/www.kliinikum.ee\/kopsukliinik\/#website"},"primaryImageOfPage":{"@id":"https:\/\/www.kliinikum.ee\/kopsukliinik\/kliinikust\/pulmonoloogia-osakond\/#primaryimage"},"image":{"@id":"https:\/\/www.kliinikum.ee\/kopsukliinik\/kliinikust\/pulmonoloogia-osakond\/#primaryimage"},"thumbnailUrl":"https:\/\/www.kliinikum.ee\/kopsukliinik\/wp-content\/uploads\/2024\/01\/IMG_7379-1024x683.jpg","datePublished":"2024-01-03T13:36:14+00:00","dateModified":"2024-01-25T13:02:59+00:00","breadcrumb":{"@id":"https:\/\/www.kliinikum.ee\/kopsukliinik\/kliinikust\/pulmonoloogia-osakond\/#breadcrumb"},"inLanguage":"et","potentialAction":[{"@type":"ReadAction","target":["https:\/\/www.kliinikum.ee\/kopsukliinik\/kliinikust\/pulmonoloogia-osakond\/"]}]},{"@type":"ImageObject","inLanguage":"et","@id":"https:\/\/www.kliinikum.ee\/kopsukliinik\/kliinikust\/pulmonoloogia-osakond\/#primaryimage","url":"https:\/\/www.kliinikum.ee\/kopsukliinik\/wp-content\/uploads\/2024\/01\/IMG_7379-scaled.jpg","contentUrl":"https:\/\/www.kliinikum.ee\/kopsukliinik\/wp-content\/uploads\/2024\/01\/IMG_7379-scaled.jpg","width":2560,"height":1706},{"@type":"BreadcrumbList","@id":"https:\/\/www.kliinikum.ee\/kopsukliinik\/kliinikust\/pulmonoloogia-osakond\/#breadcrumb","itemListElement":[{"@type":"ListItem","position":1,"name":"Home","item":"https:\/\/www.kliinikum.ee\/kopsukliinik\/"},{"@type":"ListItem","position":2,"name":"Kliinikust","item":"https:\/\/www.kliinikum.ee\/kopsukliinik\/kliinikust\/"},{"@type":"ListItem","position":3,"name":"Pulmonoloogia osakond"}]},{"@type":"WebSite","@id":"https:\/\/www.kliinikum.ee\/kopsukliinik\/#website","url":"https:\/\/www.kliinikum.ee\/kopsukliinik\/","name":"Kopsukliinik","description":"Hoolivus, Uuendusmeelsus, P\u00e4devus ja Usaldusv\u00e4\u00e4rsus","potentialAction":[{"@type":"SearchAction","target":{"@type":"EntryPoint","urlTemplate":"https:\/\/www.kliinikum.ee\/kopsukliinik\/?s={search_term_string}"},"query-input":{"@type":"PropertyValueSpecification","valueRequired":true,"valueName":"search_term_string"}}],"inLanguage":"et"}]}},"uagb_featured_image_src":{"full":false,"thumbnail":false,"medium":false,"medium_large":false,"large":false,"1536x1536":false,"2048x2048":false},"uagb_author_info":{"display_name":"Jane Freimann","author_link":"https:\/\/www.kliinikum.ee\/kopsukliinik\/author\/janef\/"},"uagb_comment_info":0,"uagb_excerpt":"Osakonnajuht Sulev Meriste&nbsp;|&nbsp;vanemarst-\u00f5ppej\u00f5ud |&nbsp;tel 731 8930 | sulev.meriste@kliinikum.ee\u00d5endusjuht&nbsp;|&nbsp;Anneliis P\u00e4hn&nbsp;|&nbsp;tel 731 8931 |&nbsp;anneliis.pahn@kliinikum.eeSekret\u00e4r&nbsp;|&nbsp;Mare Puusepp&nbsp;|&nbsp;tel 731 8931 |&nbsp;mare.puusepp@kliinikum.eeArstide tuba&nbsp;|&nbsp;tel 7318932Valve\u00f5de&nbsp;|&nbsp;tel 7318933 Pulmonoloogia osakonna p\u00f5hitegevuseks on statsionaarne eriarstiabi - \u00e4gedate ja krooniliste hingamisteede ning kopsuhaiguste diagnostika ja ravi. Pulmonoloogia osakonna koosseisu kuulub bronhoskoopia \u00fcksus. P\u00f5hit\u00f6\u00f6 on hingamisteede kasvajate diagnostika ja kasvajate endoskoopililine ravi meditsiiniliste n\u00e4idustuste olemasolu korral. Lisaks&hellip;","_links":{"self":[{"href":"https:\/\/www.kliinikum.ee\/kopsukliinik\/wp-json\/wp\/v2\/pages\/6185","targetHints":{"allow":["GET"]}}],"collection":[{"href":"https:\/\/www.kliinikum.ee\/kopsukliinik\/wp-json\/wp\/v2\/pages"}],"about":[{"href":"https:\/\/www.kliinikum.ee\/kopsukliinik\/wp-json\/wp\/v2\/types\/page"}],"author":[{"embeddable":true,"href":"https:\/\/www.kliinikum.ee\/kopsukliinik\/wp-json\/wp\/v2\/users\/35"}],"replies":[{"embeddable":true,"href":"https:\/\/www.kliinikum.ee\/kopsukliinik\/wp-json\/wp\/v2\/comments?post=6185"}],"version-history":[{"count":6,"href":"https:\/\/www.kliinikum.ee\/kopsukliinik\/wp-json\/wp\/v2\/pages\/6185\/revisions"}],"predecessor-version":[{"id":6344,"href":"https:\/\/www.kliinikum.ee\/kopsukliinik\/wp-json\/wp\/v2\/pages\/6185\/revisions\/6344"}],"up":[{"embeddable":true,"href":"https:\/\/www.kliinikum.ee\/kopsukliinik\/wp-json\/wp\/v2\/pages\/17"}],"wp:attachment":[{"href":"https:\/\/www.kliinikum.ee\/kopsukliinik\/wp-json\/wp\/v2\/media?parent=6185"}],"curies":[{"name":"wp","href":"https:\/\/api.w.org\/{rel}","templated":true}]}}