{"id":6189,"date":"2024-01-03T15:39:10","date_gmt":"2024-01-03T13:39:10","guid":{"rendered":"https:\/\/www.kliinikum.ee\/kopsukliinik\/?page_id=6189"},"modified":"2024-01-29T13:11:41","modified_gmt":"2024-01-29T11:11:41","slug":"tuberkuloosi-osakond","status":"publish","type":"page","link":"https:\/\/www.kliinikum.ee\/kopsukliinik\/kliinikust\/tuberkuloosi-osakond\/","title":{"rendered":"Tuberkuloosi osakond"},"content":{"rendered":"\n<p class=\"has-medium-font-size\"><strong>Riia 167, Tartu<\/strong><\/p>\n\n\n\n<p class=\"has-medium-font-size\"><strong>Osakonnajuht<\/strong> | Lea Pehme | 731 8940 |&nbsp;<a href=\"mailto:lea.pehme@kliinikum.ee\">lea.pehme@kliinikum.ee<\/a><br><strong>Osakonna \u00f5endusjuht<\/strong> | Agne Saar | 731 8941 |&nbsp;<a href=\"mailto:agne.saar@kliinikum.ee\">agne.saar@kliinikum.ee<\/a><br><strong>Sekret\u00e4r<\/strong> | Milvi Miil | 731 8941 |<a href=\"mailto:milvi.miil@kliinikum.ee\">&nbsp;milvi.miil@kliinikum.ee<\/a><br><strong>Valvearst<\/strong> | 731 8942<br><strong>Valve\u00f5de<\/strong> | 731 8945<\/p>\n\n\n\n<p class=\"has-medium-font-size\">Tuberkuloosiosakond asub Riia 167, ambulatoorne vastuv\u00f5tt vastavalt 1. korrusel ja statsionaarne osakond 3. korrusel. M\u00f5lemasse osakonda p\u00e4\u00e4seb v\u00e4lisuksest, mis asub peauksest j\u00e4rgmise uksena haiglahoone teises servas.&nbsp;&nbsp;<\/p>\n\n\n\n<p class=\"has-medium-font-size\">Tuberkuloosiarsti vastuv\u00f5tule p\u00f6\u00f6rdumiseks ei ole vaja saatekirja. &nbsp;&nbsp;&nbsp;&nbsp;&nbsp;&nbsp;&nbsp;&nbsp;&nbsp;&nbsp;&nbsp;&nbsp;&nbsp;&nbsp;&nbsp;&nbsp;&nbsp;&nbsp;&nbsp;&nbsp;&nbsp;&nbsp;&nbsp;&nbsp;&nbsp;&nbsp;&nbsp;&nbsp;&nbsp;&nbsp;&nbsp;&nbsp;&nbsp;&nbsp;&nbsp;&nbsp;&nbsp;&nbsp;&nbsp;&nbsp;&nbsp;&nbsp;<\/p>\n\n\n\n<p class=\"has-medium-font-size\">Kopsukliiniku tuberkuloosiosakond on kopsu- ja kopsuv\u00e4lise tuberkuloosi (TB) ning teiste m\u00fckobakteriooside diagnostika ja ravi kompetentsikeskus Eestis:<\/p>\n\n\n\n<ul class=\"wp-block-list\">\n<li class=\"has-medium-font-size\">Tuberkuloosiosakonna arstid koordineerivad tuberkuloosialast t\u00f6\u00f6d L\u00f5una-Eestis ja konsulteerivad patsiente \u00fcle kogu vabariigi. Koost\u00f6\u00f6s Tervise Arengu Instituudiga toimub tuberkuloosi ja m\u00fckobakterioosi haigusjuhtude konsiiliumide l\u00e4biviimine, ravijuhendite rakendamine ning meditsiinit\u00f6\u00f6tajate (arstide ja \u00f5dede) tuberkuloosialane koolitamine.<\/li>\n\n\n\n<li class=\"has-medium-font-size\">Osakonnas on k\u00e4ttesaadavad t\u00e4nap\u00e4evased mitteinvasiivsed ja invasiivsed diagnostikameetodid &nbsp;ning koost\u00f6\u00f6s \u00dchendlaboriga on v\u00f5imalik teostada TB ravimite ravimseire anal\u00fc\u00fcse.<\/li>\n\n\n\n<li class=\"has-medium-font-size\">Tuberkuloosiosakonnas saame diagnoosida ja ravida ka ebat\u00fc\u00fcpilisi ja komplitseeritud tuberkuloosijuhte,&nbsp; kus rasked kaasuvad haigused raskendavad TB ravi (hulgit\u00fcsistustega diabeet, terminaalne neerupuudulikkus, kaasuvad infektsioonid).<\/li>\n\n\n\n<li class=\"has-medium-font-size\">Tuberkuloosi kaasaegne ravi toimub \u00fcha enam ambulatoorselt. Ravi viiakse l\u00e4bi otseselt kontrollitava ravina (OKR). OKR v\u00f5imaldab paindlikult ning juhup\u00f5hiselt arvestada patsiendi soove ja harjumusi ning korraldada ravi vastavalt vajadusele (igap\u00e4evased kontaktvisiidid\/ kontaktid telefoni teel \/kontaktid Skype\u2019i teel). Sotsiaalsete probleemide korral on tagatud abi sotsiaalt\u00f6\u00f6taja poolt.<br>Kopsukliiniku teeninduspiirkonnas ei olnud 2021\u20132023 aastal \u00fchtegi tuberkuloosiravi katkestajat ega ebaefektiivselt l\u00f5ppenud haigusjuhtu.<\/li>\n\n\n\n<li class=\"has-medium-font-size\">K\u00f5rvuti ravit\u00f6\u00f6ga panustatakse tuberkuloosiosakonnas igap\u00e4evaselt teadus- ja arendust\u00f6\u00f6sse.<\/li>\n\n\n\n<li class=\"has-medium-font-size\">Koost\u00f6\u00f6s Tervisekassa ja Ravimiametiga toimub tuberkuloosiravimite vajaduse prognoosimine ja hulgiost. Kliinikumi apteek saadab TB ravimid Eestisiseselt vastavalt vajadusele.<\/li>\n<\/ul>\n\n\n\n<figure class=\"wp-block-image size-large\"><img loading=\"lazy\" decoding=\"async\" width=\"1024\" height=\"683\" src=\"https:\/\/www.kliinikum.ee\/kopsukliinik\/wp-content\/uploads\/2024\/01\/IMG_8594-1024x683.jpg\" alt=\"\" class=\"wp-image-6292\" srcset=\"https:\/\/www.kliinikum.ee\/kopsukliinik\/wp-content\/uploads\/2024\/01\/IMG_8594-1024x683.jpg 1024w, https:\/\/www.kliinikum.ee\/kopsukliinik\/wp-content\/uploads\/2024\/01\/IMG_8594-300x200.jpg 300w, https:\/\/www.kliinikum.ee\/kopsukliinik\/wp-content\/uploads\/2024\/01\/IMG_8594-768x512.jpg 768w, https:\/\/www.kliinikum.ee\/kopsukliinik\/wp-content\/uploads\/2024\/01\/IMG_8594-1536x1024.jpg 1536w, https:\/\/www.kliinikum.ee\/kopsukliinik\/wp-content\/uploads\/2024\/01\/IMG_8594-2048x1365.jpg 2048w, https:\/\/www.kliinikum.ee\/kopsukliinik\/wp-content\/uploads\/2024\/01\/IMG_8594-scaled.jpg 2560w\" sizes=\"auto, (max-width: 1024px) 100vw, 1024px\" \/><\/figure>\n\n\n\n<p class=\"has-medium-font-size\"><strong>Ambulatoorne vastuv\u00f5tt<\/strong><\/p>\n\n\n\n<p class=\"has-medium-font-size\">Tuberkuloosi ambulatoorsele vastuv\u00f5tule on v\u00f5imalik p\u00f6\u00f6rduda&nbsp; k\u00f5igi probleemidega, mis puudutavad v\u00f5imalikku tuberkuloosi haigestumist, nakatumist ja kontakte nakkusohtliku tuberkuloosihaigega.<\/p>\n\n\n\n<p class=\"has-medium-font-size\">Tuberkuloosi kohta on v\u00f5imalik lisaks lugeda <a href=\"https:\/\/www.kliinikum.ee\/patsiendiinfo-kategooria\/hingamine-ja-kopsud\/\">siit<\/a>.<\/p>\n\n\n\n<figure class=\"wp-block-gallery has-nested-images columns-default is-cropped wp-block-gallery-1 is-layout-flex wp-block-gallery-is-layout-flex\">\n<figure class=\"wp-block-image size-large\"><img loading=\"lazy\" decoding=\"async\" width=\"1024\" height=\"683\" data-id=\"6286\" src=\"https:\/\/www.kliinikum.ee\/kopsukliinik\/wp-content\/uploads\/2024\/01\/IMG_8264-1024x683.jpg\" alt=\"\" class=\"wp-image-6286\" srcset=\"https:\/\/www.kliinikum.ee\/kopsukliinik\/wp-content\/uploads\/2024\/01\/IMG_8264-1024x683.jpg 1024w, https:\/\/www.kliinikum.ee\/kopsukliinik\/wp-content\/uploads\/2024\/01\/IMG_8264-300x200.jpg 300w, https:\/\/www.kliinikum.ee\/kopsukliinik\/wp-content\/uploads\/2024\/01\/IMG_8264-768x512.jpg 768w, https:\/\/www.kliinikum.ee\/kopsukliinik\/wp-content\/uploads\/2024\/01\/IMG_8264-1536x1024.jpg 1536w, https:\/\/www.kliinikum.ee\/kopsukliinik\/wp-content\/uploads\/2024\/01\/IMG_8264-2048x1365.jpg 2048w, https:\/\/www.kliinikum.ee\/kopsukliinik\/wp-content\/uploads\/2024\/01\/IMG_8264-scaled.jpg 2560w\" sizes=\"auto, (max-width: 1024px) 100vw, 1024px\" \/><\/figure>\n\n\n\n<figure class=\"wp-block-image size-large\"><img loading=\"lazy\" decoding=\"async\" width=\"1024\" height=\"683\" data-id=\"6288\" src=\"https:\/\/www.kliinikum.ee\/kopsukliinik\/wp-content\/uploads\/2024\/01\/IMG_8321-1024x683.jpg\" alt=\"\" class=\"wp-image-6288\" srcset=\"https:\/\/www.kliinikum.ee\/kopsukliinik\/wp-content\/uploads\/2024\/01\/IMG_8321-1024x683.jpg 1024w, https:\/\/www.kliinikum.ee\/kopsukliinik\/wp-content\/uploads\/2024\/01\/IMG_8321-300x200.jpg 300w, https:\/\/www.kliinikum.ee\/kopsukliinik\/wp-content\/uploads\/2024\/01\/IMG_8321-768x512.jpg 768w, https:\/\/www.kliinikum.ee\/kopsukliinik\/wp-content\/uploads\/2024\/01\/IMG_8321-1536x1024.jpg 1536w, https:\/\/www.kliinikum.ee\/kopsukliinik\/wp-content\/uploads\/2024\/01\/IMG_8321-2048x1365.jpg 2048w, https:\/\/www.kliinikum.ee\/kopsukliinik\/wp-content\/uploads\/2024\/01\/IMG_8321-scaled.jpg 2560w\" sizes=\"auto, (max-width: 1024px) 100vw, 1024px\" \/><\/figure>\n\n\n\n<figure class=\"wp-block-image size-large\"><img loading=\"lazy\" decoding=\"async\" width=\"1024\" height=\"683\" data-id=\"6290\" src=\"https:\/\/www.kliinikum.ee\/kopsukliinik\/wp-content\/uploads\/2024\/01\/IMG_8490-1024x683.jpg\" alt=\"\" class=\"wp-image-6290\" srcset=\"https:\/\/www.kliinikum.ee\/kopsukliinik\/wp-content\/uploads\/2024\/01\/IMG_8490-1024x683.jpg 1024w, https:\/\/www.kliinikum.ee\/kopsukliinik\/wp-content\/uploads\/2024\/01\/IMG_8490-300x200.jpg 300w, https:\/\/www.kliinikum.ee\/kopsukliinik\/wp-content\/uploads\/2024\/01\/IMG_8490-768x512.jpg 768w, https:\/\/www.kliinikum.ee\/kopsukliinik\/wp-content\/uploads\/2024\/01\/IMG_8490-1536x1024.jpg 1536w, https:\/\/www.kliinikum.ee\/kopsukliinik\/wp-content\/uploads\/2024\/01\/IMG_8490-2048x1365.jpg 2048w, https:\/\/www.kliinikum.ee\/kopsukliinik\/wp-content\/uploads\/2024\/01\/IMG_8490-scaled.jpg 2560w\" sizes=\"auto, (max-width: 1024px) 100vw, 1024px\" \/><\/figure>\n<\/figure>\n","protected":false},"excerpt":{"rendered":"<p>Riia 167, Tartu Osakonnajuht | Lea Pehme | 731 8940 |&nbsp;lea.pehme@kliinikum.eeOsakonna \u00f5endusjuht | Agne Saar | 731 8941 |&nbsp;agne.saar@kliinikum.eeSekret\u00e4r | Milvi Miil | 731 8941 |&nbsp;milvi.miil@kliinikum.eeValvearst | 731 8942Valve\u00f5de | 731 8945 Tuberkuloosiosakond asub Riia 167, ambulatoorne vastuv\u00f5tt vastavalt 1. korrusel ja statsionaarne osakond 3. korrusel. M\u00f5lemasse osakonda p\u00e4\u00e4seb v\u00e4lisuksest, mis asub peauksest j\u00e4rgmise uksena [&hellip;]<\/p>\n","protected":false},"author":35,"featured_media":0,"parent":17,"menu_order":3,"comment_status":"closed","ping_status":"closed","template":"","meta":{"_acf_changed":false,"_uag_custom_page_level_css":"","footnotes":""},"class_list":["post-6189","page","type-page","status-publish","hentry"],"acf":[],"yoast_head":"<!-- This site is optimized with the Yoast SEO plugin v27.3 - https:\/\/yoast.com\/product\/yoast-seo-wordpress\/ -->\n<title>Tuberkuloosi osakond - Kopsukliinik<\/title>\n<meta name=\"robots\" content=\"index, follow, max-snippet:-1, max-image-preview:large, max-video-preview:-1\" \/>\n<link rel=\"canonical\" href=\"https:\/\/www.kliinikum.ee\/kopsukliinik\/kliinikust\/tuberkuloosi-osakond\/\" \/>\n<meta property=\"og:locale\" content=\"et_EE\" \/>\n<meta property=\"og:type\" content=\"article\" \/>\n<meta property=\"og:title\" content=\"Tuberkuloosi osakond - Kopsukliinik\" \/>\n<meta property=\"og:description\" content=\"Riia 167, Tartu Osakonnajuht | Lea Pehme | 731 8940 |&nbsp;lea.pehme@kliinikum.eeOsakonna \u00f5endusjuht | Agne Saar | 731 8941 |&nbsp;agne.saar@kliinikum.eeSekret\u00e4r | Milvi Miil | 731 8941 |&nbsp;milvi.miil@kliinikum.eeValvearst | 731 8942Valve\u00f5de | 731 8945 Tuberkuloosiosakond asub Riia 167, ambulatoorne vastuv\u00f5tt vastavalt 1. korrusel ja statsionaarne osakond 3. korrusel. M\u00f5lemasse osakonda p\u00e4\u00e4seb v\u00e4lisuksest, mis asub peauksest j\u00e4rgmise uksena [&hellip;]\" \/>\n<meta property=\"og:url\" content=\"https:\/\/www.kliinikum.ee\/kopsukliinik\/kliinikust\/tuberkuloosi-osakond\/\" \/>\n<meta property=\"og:site_name\" content=\"Kopsukliinik\" \/>\n<meta property=\"article:modified_time\" content=\"2024-01-29T11:11:41+00:00\" \/>\n<meta property=\"og:image\" content=\"https:\/\/www.kliinikum.ee\/kopsukliinik\/wp-content\/uploads\/2024\/01\/IMG_8594-1024x683.jpg\" \/>\n<meta name=\"twitter:card\" content=\"summary_large_image\" \/>\n<meta name=\"twitter:label1\" content=\"Est. reading time\" \/>\n\t<meta name=\"twitter:data1\" content=\"3 minutit\" \/>\n<script type=\"application\/ld+json\" class=\"yoast-schema-graph\">{\"@context\":\"https:\\\/\\\/schema.org\",\"@graph\":[{\"@type\":\"WebPage\",\"@id\":\"https:\\\/\\\/www.kliinikum.ee\\\/kopsukliinik\\\/kliinikust\\\/tuberkuloosi-osakond\\\/\",\"url\":\"https:\\\/\\\/www.kliinikum.ee\\\/kopsukliinik\\\/kliinikust\\\/tuberkuloosi-osakond\\\/\",\"name\":\"Tuberkuloosi osakond - Kopsukliinik\",\"isPartOf\":{\"@id\":\"https:\\\/\\\/www.kliinikum.ee\\\/kopsukliinik\\\/#website\"},\"primaryImageOfPage\":{\"@id\":\"https:\\\/\\\/www.kliinikum.ee\\\/kopsukliinik\\\/kliinikust\\\/tuberkuloosi-osakond\\\/#primaryimage\"},\"image\":{\"@id\":\"https:\\\/\\\/www.kliinikum.ee\\\/kopsukliinik\\\/kliinikust\\\/tuberkuloosi-osakond\\\/#primaryimage\"},\"thumbnailUrl\":\"https:\\\/\\\/www.kliinikum.ee\\\/kopsukliinik\\\/wp-content\\\/uploads\\\/2024\\\/01\\\/IMG_8594-1024x683.jpg\",\"datePublished\":\"2024-01-03T13:39:10+00:00\",\"dateModified\":\"2024-01-29T11:11:41+00:00\",\"breadcrumb\":{\"@id\":\"https:\\\/\\\/www.kliinikum.ee\\\/kopsukliinik\\\/kliinikust\\\/tuberkuloosi-osakond\\\/#breadcrumb\"},\"inLanguage\":\"et\",\"potentialAction\":[{\"@type\":\"ReadAction\",\"target\":[\"https:\\\/\\\/www.kliinikum.ee\\\/kopsukliinik\\\/kliinikust\\\/tuberkuloosi-osakond\\\/\"]}]},{\"@type\":\"ImageObject\",\"inLanguage\":\"et\",\"@id\":\"https:\\\/\\\/www.kliinikum.ee\\\/kopsukliinik\\\/kliinikust\\\/tuberkuloosi-osakond\\\/#primaryimage\",\"url\":\"https:\\\/\\\/www.kliinikum.ee\\\/kopsukliinik\\\/wp-content\\\/uploads\\\/2024\\\/01\\\/IMG_8594-scaled.jpg\",\"contentUrl\":\"https:\\\/\\\/www.kliinikum.ee\\\/kopsukliinik\\\/wp-content\\\/uploads\\\/2024\\\/01\\\/IMG_8594-scaled.jpg\",\"width\":2560,\"height\":1706},{\"@type\":\"BreadcrumbList\",\"@id\":\"https:\\\/\\\/www.kliinikum.ee\\\/kopsukliinik\\\/kliinikust\\\/tuberkuloosi-osakond\\\/#breadcrumb\",\"itemListElement\":[{\"@type\":\"ListItem\",\"position\":1,\"name\":\"Home\",\"item\":\"https:\\\/\\\/www.kliinikum.ee\\\/kopsukliinik\\\/\"},{\"@type\":\"ListItem\",\"position\":2,\"name\":\"Kliinikust\",\"item\":\"https:\\\/\\\/www.kliinikum.ee\\\/kopsukliinik\\\/kliinikust\\\/\"},{\"@type\":\"ListItem\",\"position\":3,\"name\":\"Tuberkuloosi osakond\"}]},{\"@type\":\"WebSite\",\"@id\":\"https:\\\/\\\/www.kliinikum.ee\\\/kopsukliinik\\\/#website\",\"url\":\"https:\\\/\\\/www.kliinikum.ee\\\/kopsukliinik\\\/\",\"name\":\"Kopsukliinik\",\"description\":\"Hoolivus, Uuendusmeelsus, P\u00e4devus ja Usaldusv\u00e4\u00e4rsus\",\"potentialAction\":[{\"@type\":\"SearchAction\",\"target\":{\"@type\":\"EntryPoint\",\"urlTemplate\":\"https:\\\/\\\/www.kliinikum.ee\\\/kopsukliinik\\\/?s={search_term_string}\"},\"query-input\":{\"@type\":\"PropertyValueSpecification\",\"valueRequired\":true,\"valueName\":\"search_term_string\"}}],\"inLanguage\":\"et\"}]}<\/script>\n<!-- \/ Yoast SEO plugin. -->","yoast_head_json":{"title":"Tuberkuloosi osakond - Kopsukliinik","robots":{"index":"index","follow":"follow","max-snippet":"max-snippet:-1","max-image-preview":"max-image-preview:large","max-video-preview":"max-video-preview:-1"},"canonical":"https:\/\/www.kliinikum.ee\/kopsukliinik\/kliinikust\/tuberkuloosi-osakond\/","og_locale":"et_EE","og_type":"article","og_title":"Tuberkuloosi osakond - Kopsukliinik","og_description":"Riia 167, Tartu Osakonnajuht | Lea Pehme | 731 8940 |&nbsp;lea.pehme@kliinikum.eeOsakonna \u00f5endusjuht | Agne Saar | 731 8941 |&nbsp;agne.saar@kliinikum.eeSekret\u00e4r | Milvi Miil | 731 8941 |&nbsp;milvi.miil@kliinikum.eeValvearst | 731 8942Valve\u00f5de | 731 8945 Tuberkuloosiosakond asub Riia 167, ambulatoorne vastuv\u00f5tt vastavalt 1. korrusel ja statsionaarne osakond 3. korrusel. M\u00f5lemasse osakonda p\u00e4\u00e4seb v\u00e4lisuksest, mis asub peauksest j\u00e4rgmise uksena [&hellip;]","og_url":"https:\/\/www.kliinikum.ee\/kopsukliinik\/kliinikust\/tuberkuloosi-osakond\/","og_site_name":"Kopsukliinik","article_modified_time":"2024-01-29T11:11:41+00:00","og_image":[{"url":"https:\/\/www.kliinikum.ee\/kopsukliinik\/wp-content\/uploads\/2024\/01\/IMG_8594-1024x683.jpg","type":"","width":"","height":""}],"twitter_card":"summary_large_image","twitter_misc":{"Est. reading time":"3 minutit"},"schema":{"@context":"https:\/\/schema.org","@graph":[{"@type":"WebPage","@id":"https:\/\/www.kliinikum.ee\/kopsukliinik\/kliinikust\/tuberkuloosi-osakond\/","url":"https:\/\/www.kliinikum.ee\/kopsukliinik\/kliinikust\/tuberkuloosi-osakond\/","name":"Tuberkuloosi osakond - Kopsukliinik","isPartOf":{"@id":"https:\/\/www.kliinikum.ee\/kopsukliinik\/#website"},"primaryImageOfPage":{"@id":"https:\/\/www.kliinikum.ee\/kopsukliinik\/kliinikust\/tuberkuloosi-osakond\/#primaryimage"},"image":{"@id":"https:\/\/www.kliinikum.ee\/kopsukliinik\/kliinikust\/tuberkuloosi-osakond\/#primaryimage"},"thumbnailUrl":"https:\/\/www.kliinikum.ee\/kopsukliinik\/wp-content\/uploads\/2024\/01\/IMG_8594-1024x683.jpg","datePublished":"2024-01-03T13:39:10+00:00","dateModified":"2024-01-29T11:11:41+00:00","breadcrumb":{"@id":"https:\/\/www.kliinikum.ee\/kopsukliinik\/kliinikust\/tuberkuloosi-osakond\/#breadcrumb"},"inLanguage":"et","potentialAction":[{"@type":"ReadAction","target":["https:\/\/www.kliinikum.ee\/kopsukliinik\/kliinikust\/tuberkuloosi-osakond\/"]}]},{"@type":"ImageObject","inLanguage":"et","@id":"https:\/\/www.kliinikum.ee\/kopsukliinik\/kliinikust\/tuberkuloosi-osakond\/#primaryimage","url":"https:\/\/www.kliinikum.ee\/kopsukliinik\/wp-content\/uploads\/2024\/01\/IMG_8594-scaled.jpg","contentUrl":"https:\/\/www.kliinikum.ee\/kopsukliinik\/wp-content\/uploads\/2024\/01\/IMG_8594-scaled.jpg","width":2560,"height":1706},{"@type":"BreadcrumbList","@id":"https:\/\/www.kliinikum.ee\/kopsukliinik\/kliinikust\/tuberkuloosi-osakond\/#breadcrumb","itemListElement":[{"@type":"ListItem","position":1,"name":"Home","item":"https:\/\/www.kliinikum.ee\/kopsukliinik\/"},{"@type":"ListItem","position":2,"name":"Kliinikust","item":"https:\/\/www.kliinikum.ee\/kopsukliinik\/kliinikust\/"},{"@type":"ListItem","position":3,"name":"Tuberkuloosi osakond"}]},{"@type":"WebSite","@id":"https:\/\/www.kliinikum.ee\/kopsukliinik\/#website","url":"https:\/\/www.kliinikum.ee\/kopsukliinik\/","name":"Kopsukliinik","description":"Hoolivus, Uuendusmeelsus, P\u00e4devus ja Usaldusv\u00e4\u00e4rsus","potentialAction":[{"@type":"SearchAction","target":{"@type":"EntryPoint","urlTemplate":"https:\/\/www.kliinikum.ee\/kopsukliinik\/?s={search_term_string}"},"query-input":{"@type":"PropertyValueSpecification","valueRequired":true,"valueName":"search_term_string"}}],"inLanguage":"et"}]}},"uagb_featured_image_src":{"full":false,"thumbnail":false,"medium":false,"medium_large":false,"large":false,"1536x1536":false,"2048x2048":false},"uagb_author_info":{"display_name":"Jane Freimann","author_link":"https:\/\/www.kliinikum.ee\/kopsukliinik\/author\/janef\/"},"uagb_comment_info":0,"uagb_excerpt":"Riia 167, Tartu Osakonnajuht | Lea Pehme | 731 8940 |&nbsp;lea.pehme@kliinikum.eeOsakonna \u00f5endusjuht | Agne Saar | 731 8941 |&nbsp;agne.saar@kliinikum.eeSekret\u00e4r | Milvi Miil | 731 8941 |&nbsp;milvi.miil@kliinikum.eeValvearst | 731 8942Valve\u00f5de | 731 8945 Tuberkuloosiosakond asub Riia 167, ambulatoorne vastuv\u00f5tt vastavalt 1. korrusel ja statsionaarne osakond 3. korrusel. M\u00f5lemasse osakonda p\u00e4\u00e4seb v\u00e4lisuksest, mis asub peauksest j\u00e4rgmise uksena&hellip;","_links":{"self":[{"href":"https:\/\/www.kliinikum.ee\/kopsukliinik\/wp-json\/wp\/v2\/pages\/6189","targetHints":{"allow":["GET"]}}],"collection":[{"href":"https:\/\/www.kliinikum.ee\/kopsukliinik\/wp-json\/wp\/v2\/pages"}],"about":[{"href":"https:\/\/www.kliinikum.ee\/kopsukliinik\/wp-json\/wp\/v2\/types\/page"}],"author":[{"embeddable":true,"href":"https:\/\/www.kliinikum.ee\/kopsukliinik\/wp-json\/wp\/v2\/users\/35"}],"replies":[{"embeddable":true,"href":"https:\/\/www.kliinikum.ee\/kopsukliinik\/wp-json\/wp\/v2\/comments?post=6189"}],"version-history":[{"count":0,"href":"https:\/\/www.kliinikum.ee\/kopsukliinik\/wp-json\/wp\/v2\/pages\/6189\/revisions"}],"up":[{"embeddable":true,"href":"https:\/\/www.kliinikum.ee\/kopsukliinik\/wp-json\/wp\/v2\/pages\/17"}],"wp:attachment":[{"href":"https:\/\/www.kliinikum.ee\/kopsukliinik\/wp-json\/wp\/v2\/media?parent=6189"}],"curies":[{"name":"wp","href":"https:\/\/api.w.org\/{rel}","templated":true}]}}