{"id":6196,"date":"2024-01-03T15:45:20","date_gmt":"2024-01-03T13:45:20","guid":{"rendered":"https:\/\/www.kliinikum.ee\/kopsukliinik\/?page_id=6196"},"modified":"2025-05-27T12:12:24","modified_gmt":"2025-05-27T10:12:24","slug":"ravijuhised","status":"publish","type":"page","link":"https:\/\/www.kliinikum.ee\/kopsukliinik\/kolleegile\/ravijuhised\/","title":{"rendered":"Ravijuhised"},"content":{"rendered":"\n<h3 class=\"wp-block-heading\">Eesti ravijuhendid<\/h3>\n\n\n\n<p class=\"has-medium-font-size\"><strong><a href=\"https:\/\/www.ravijuhend.ee\/tervishoiuvarav\/juhendid\/167\/kroonilise-obstruktiivse-kopsuhaiguse-kasitlus\">Kroonilise obstruktiivse kopsuhaiguse k\u00e4sitlus <\/a><\/strong><\/p>\n\n\n\n<p class=\"has-medium-font-size\"><a href=\"https:\/\/www.ravijuhend.ee\/tervishoiuvarav\/juhendid\/152\/kroonilise-obstruktiivse-kopsuhaigusega-patsiendi-taastusravi\"><strong>Kroonilise obstruktiivse kopsuhaigusega patsiendi taastusravi<\/strong> <\/a><\/p>\n\n\n\n<p class=\"has-medium-font-size\"><a href=\"https:\/\/www.ravijuhend.ee\/tervishoiuvarav\/juhendid\/178\/tubaka-voi-nikotiinitoodetest-loobumise-noustamine\"><strong>Tubaka- v\u00f5i nikotiinitoodetest loobumise n\u00f5ustamine<\/strong> <\/a><\/p>\n\n\n\n<p class=\"has-medium-font-size\"><strong><a href=\"https:\/\/www.kliinikum.ee\/kopsukliinik\/wp-content\/uploads\/2025\/05\/Ravijuhend_Kopsu-_ja_kopsuvalise_tuberkuloosi_kasitlus.pdf\">Kopsu- ja kopsuv\u00e4lise tuberkuloosi k\u00e4sitlus<\/a> <\/strong><\/p>\n\n\n\n<p class=\"has-medium-font-size\"><strong><a href=\"https:\/\/www.ravijuhend.ee\/tervishoiuvarav\/juhendid\/221\/taiskasvanute-astma-kasitlus-esmatasandil\">T\u00e4iskasvanute astma k\u00e4sitlus esmatasandil <\/a><\/strong><\/p>\n\n\n\n<p class=\"has-medium-font-size\"><strong><a href=\"https:\/\/www.ravijuhend.ee\/tervishoiuvarav\/juhendid\/193\/taiskasvanute-unehairete-esmane-diagnostika\">T\u00e4iskasvanute uneh\u00e4irete esmane diagnostika <\/a><\/strong><\/p>\n\n\n\n<p class=\"has-medium-font-size\"><a href=\"https:\/\/www.kliinikum.ee\/kopsukliinik\/wp-content\/uploads\/2025\/04\/Bioloogilise-ravi-infoteatmik-taiskasvanud-astma-patsiendile.pdf\"><strong>Bioloogilise ravi infoteatmik t\u00e4iskasvanud astma patsiendile<\/strong><\/a><\/p>\n\n\n\n<p><a href=\"https:\/\/www.kliinikum.ee\/kopsukliinik\/wp-content\/uploads\/2025\/05\/Raske-astma-kontrollleht.pdf\"><strong>Raske astma kontrollleht<\/strong><\/a><\/p>\n\n\n\n<h3 class=\"wp-block-heading\">Rahvusvahelised ravijuhendid<\/h3>\n\n\n\n<p class=\"has-medium-font-size\"><strong><a href=\"https:\/\/ginasthma.org\/2023-gina-main-report\/\">Global Strategy for Asthma Management and Prevention, 2023 GINA Report <\/a><\/strong><\/p>\n\n\n\n<p class=\"has-medium-font-size\"><strong><a href=\"https:\/\/goldcopd.org\/2024-gold-report\/\">Global Strategy for Prevention, Diagnosis and Managemanet of COPD, 2024 Report <\/a><\/strong><\/p>\n\n\n\n<p class=\"has-medium-font-size\"><strong><a href=\"https:\/\/www.escardio.org\/Guidelines\/Clinical-Practice-Guidelines\/Pulmonary-Hypertension-Guidelines-on-Diagnosis-and-Treatment-of\">ESC\/ERS Guidelines for the diagnosis and treatment of pulmonary hypertension.&nbsp; ESC Clinical Practice Guidelines<\/a><\/strong><\/p>\n\n\n\n<p class=\"has-medium-font-size\"><strong><a href=\"https:\/\/www.escardio.org\/Guidelines\/Clinical-Practice-Guidelines\/Acute-Pulmonary-Embolism-Diagnosis-and-Management-of\">2019 Guidelines on Acute Pulmonary Embolism (Diagnosis and Management of). ESC Clinical Practice Guidelines<\/a><\/strong><\/p>\n","protected":false},"excerpt":{"rendered":"<p>Eesti ravijuhendid Kroonilise obstruktiivse kopsuhaiguse k\u00e4sitlus Kroonilise obstruktiivse kopsuhaigusega patsiendi taastusravi Tubaka- v\u00f5i nikotiinitoodetest loobumise n\u00f5ustamine Kopsu- ja kopsuv\u00e4lise tuberkuloosi k\u00e4sitlus T\u00e4iskasvanute astma k\u00e4sitlus esmatasandil T\u00e4iskasvanute uneh\u00e4irete esmane diagnostika Bioloogilise ravi infoteatmik t\u00e4iskasvanud astma patsiendile Raske astma kontrollleht Rahvusvahelised ravijuhendid Global Strategy for Asthma Management and Prevention, 2023 GINA Report Global Strategy for Prevention, Diagnosis [&hellip;]<\/p>\n","protected":false},"author":35,"featured_media":0,"parent":6193,"menu_order":1,"comment_status":"closed","ping_status":"closed","template":"","meta":{"_acf_changed":false,"_uag_custom_page_level_css":"","footnotes":""},"class_list":["post-6196","page","type-page","status-publish","hentry"],"acf":[],"yoast_head":"<!-- This site is optimized with the Yoast SEO plugin v27.3 - https:\/\/yoast.com\/product\/yoast-seo-wordpress\/ -->\n<title>Ravijuhised - Kopsukliinik<\/title>\n<meta name=\"robots\" content=\"index, follow, max-snippet:-1, max-image-preview:large, max-video-preview:-1\" \/>\n<link rel=\"canonical\" href=\"https:\/\/www.kliinikum.ee\/kopsukliinik\/kolleegile\/ravijuhised\/\" \/>\n<meta property=\"og:locale\" content=\"et_EE\" \/>\n<meta property=\"og:type\" content=\"article\" \/>\n<meta property=\"og:title\" content=\"Ravijuhised - Kopsukliinik\" \/>\n<meta property=\"og:description\" content=\"Eesti ravijuhendid Kroonilise obstruktiivse kopsuhaiguse k\u00e4sitlus Kroonilise obstruktiivse kopsuhaigusega patsiendi taastusravi Tubaka- v\u00f5i nikotiinitoodetest loobumise n\u00f5ustamine Kopsu- ja kopsuv\u00e4lise tuberkuloosi k\u00e4sitlus T\u00e4iskasvanute astma k\u00e4sitlus esmatasandil T\u00e4iskasvanute uneh\u00e4irete esmane diagnostika Bioloogilise ravi infoteatmik t\u00e4iskasvanud astma patsiendile Raske astma kontrollleht Rahvusvahelised ravijuhendid Global Strategy for Asthma Management and Prevention, 2023 GINA Report Global Strategy for Prevention, Diagnosis [&hellip;]\" \/>\n<meta property=\"og:url\" content=\"https:\/\/www.kliinikum.ee\/kopsukliinik\/kolleegile\/ravijuhised\/\" \/>\n<meta property=\"og:site_name\" content=\"Kopsukliinik\" \/>\n<meta property=\"article:modified_time\" content=\"2025-05-27T10:12:24+00:00\" \/>\n<meta name=\"twitter:card\" content=\"summary_large_image\" \/>\n<meta name=\"twitter:label1\" content=\"Est. reading time\" \/>\n\t<meta name=\"twitter:data1\" content=\"1 minut\" \/>\n<script type=\"application\/ld+json\" class=\"yoast-schema-graph\">{\"@context\":\"https:\\\/\\\/schema.org\",\"@graph\":[{\"@type\":\"WebPage\",\"@id\":\"https:\\\/\\\/www.kliinikum.ee\\\/kopsukliinik\\\/kolleegile\\\/ravijuhised\\\/\",\"url\":\"https:\\\/\\\/www.kliinikum.ee\\\/kopsukliinik\\\/kolleegile\\\/ravijuhised\\\/\",\"name\":\"Ravijuhised - Kopsukliinik\",\"isPartOf\":{\"@id\":\"https:\\\/\\\/www.kliinikum.ee\\\/kopsukliinik\\\/#website\"},\"datePublished\":\"2024-01-03T13:45:20+00:00\",\"dateModified\":\"2025-05-27T10:12:24+00:00\",\"breadcrumb\":{\"@id\":\"https:\\\/\\\/www.kliinikum.ee\\\/kopsukliinik\\\/kolleegile\\\/ravijuhised\\\/#breadcrumb\"},\"inLanguage\":\"et\",\"potentialAction\":[{\"@type\":\"ReadAction\",\"target\":[\"https:\\\/\\\/www.kliinikum.ee\\\/kopsukliinik\\\/kolleegile\\\/ravijuhised\\\/\"]}]},{\"@type\":\"BreadcrumbList\",\"@id\":\"https:\\\/\\\/www.kliinikum.ee\\\/kopsukliinik\\\/kolleegile\\\/ravijuhised\\\/#breadcrumb\",\"itemListElement\":[{\"@type\":\"ListItem\",\"position\":1,\"name\":\"Home\",\"item\":\"https:\\\/\\\/www.kliinikum.ee\\\/kopsukliinik\\\/\"},{\"@type\":\"ListItem\",\"position\":2,\"name\":\"Kolleegile\",\"item\":\"https:\\\/\\\/www.kliinikum.ee\\\/kopsukliinik\\\/kolleegile\\\/\"},{\"@type\":\"ListItem\",\"position\":3,\"name\":\"Ravijuhised\"}]},{\"@type\":\"WebSite\",\"@id\":\"https:\\\/\\\/www.kliinikum.ee\\\/kopsukliinik\\\/#website\",\"url\":\"https:\\\/\\\/www.kliinikum.ee\\\/kopsukliinik\\\/\",\"name\":\"Kopsukliinik\",\"description\":\"Hoolivus, Uuendusmeelsus, P\u00e4devus ja Usaldusv\u00e4\u00e4rsus\",\"potentialAction\":[{\"@type\":\"SearchAction\",\"target\":{\"@type\":\"EntryPoint\",\"urlTemplate\":\"https:\\\/\\\/www.kliinikum.ee\\\/kopsukliinik\\\/?s={search_term_string}\"},\"query-input\":{\"@type\":\"PropertyValueSpecification\",\"valueRequired\":true,\"valueName\":\"search_term_string\"}}],\"inLanguage\":\"et\"}]}<\/script>\n<!-- \/ Yoast SEO plugin. -->","yoast_head_json":{"title":"Ravijuhised - Kopsukliinik","robots":{"index":"index","follow":"follow","max-snippet":"max-snippet:-1","max-image-preview":"max-image-preview:large","max-video-preview":"max-video-preview:-1"},"canonical":"https:\/\/www.kliinikum.ee\/kopsukliinik\/kolleegile\/ravijuhised\/","og_locale":"et_EE","og_type":"article","og_title":"Ravijuhised - Kopsukliinik","og_description":"Eesti ravijuhendid Kroonilise obstruktiivse kopsuhaiguse k\u00e4sitlus Kroonilise obstruktiivse kopsuhaigusega patsiendi taastusravi Tubaka- v\u00f5i nikotiinitoodetest loobumise n\u00f5ustamine Kopsu- ja kopsuv\u00e4lise tuberkuloosi k\u00e4sitlus T\u00e4iskasvanute astma k\u00e4sitlus esmatasandil T\u00e4iskasvanute uneh\u00e4irete esmane diagnostika Bioloogilise ravi infoteatmik t\u00e4iskasvanud astma patsiendile Raske astma kontrollleht Rahvusvahelised ravijuhendid Global Strategy for Asthma Management and Prevention, 2023 GINA Report Global Strategy for Prevention, Diagnosis [&hellip;]","og_url":"https:\/\/www.kliinikum.ee\/kopsukliinik\/kolleegile\/ravijuhised\/","og_site_name":"Kopsukliinik","article_modified_time":"2025-05-27T10:12:24+00:00","twitter_card":"summary_large_image","twitter_misc":{"Est. reading time":"1 minut"},"schema":{"@context":"https:\/\/schema.org","@graph":[{"@type":"WebPage","@id":"https:\/\/www.kliinikum.ee\/kopsukliinik\/kolleegile\/ravijuhised\/","url":"https:\/\/www.kliinikum.ee\/kopsukliinik\/kolleegile\/ravijuhised\/","name":"Ravijuhised - Kopsukliinik","isPartOf":{"@id":"https:\/\/www.kliinikum.ee\/kopsukliinik\/#website"},"datePublished":"2024-01-03T13:45:20+00:00","dateModified":"2025-05-27T10:12:24+00:00","breadcrumb":{"@id":"https:\/\/www.kliinikum.ee\/kopsukliinik\/kolleegile\/ravijuhised\/#breadcrumb"},"inLanguage":"et","potentialAction":[{"@type":"ReadAction","target":["https:\/\/www.kliinikum.ee\/kopsukliinik\/kolleegile\/ravijuhised\/"]}]},{"@type":"BreadcrumbList","@id":"https:\/\/www.kliinikum.ee\/kopsukliinik\/kolleegile\/ravijuhised\/#breadcrumb","itemListElement":[{"@type":"ListItem","position":1,"name":"Home","item":"https:\/\/www.kliinikum.ee\/kopsukliinik\/"},{"@type":"ListItem","position":2,"name":"Kolleegile","item":"https:\/\/www.kliinikum.ee\/kopsukliinik\/kolleegile\/"},{"@type":"ListItem","position":3,"name":"Ravijuhised"}]},{"@type":"WebSite","@id":"https:\/\/www.kliinikum.ee\/kopsukliinik\/#website","url":"https:\/\/www.kliinikum.ee\/kopsukliinik\/","name":"Kopsukliinik","description":"Hoolivus, Uuendusmeelsus, P\u00e4devus ja Usaldusv\u00e4\u00e4rsus","potentialAction":[{"@type":"SearchAction","target":{"@type":"EntryPoint","urlTemplate":"https:\/\/www.kliinikum.ee\/kopsukliinik\/?s={search_term_string}"},"query-input":{"@type":"PropertyValueSpecification","valueRequired":true,"valueName":"search_term_string"}}],"inLanguage":"et"}]}},"uagb_featured_image_src":{"full":false,"thumbnail":false,"medium":false,"medium_large":false,"large":false,"1536x1536":false,"2048x2048":false},"uagb_author_info":{"display_name":"Jane Freimann","author_link":"https:\/\/www.kliinikum.ee\/kopsukliinik\/author\/janef\/"},"uagb_comment_info":0,"uagb_excerpt":"Eesti ravijuhendid Kroonilise obstruktiivse kopsuhaiguse k\u00e4sitlus Kroonilise obstruktiivse kopsuhaigusega patsiendi taastusravi Tubaka- v\u00f5i nikotiinitoodetest loobumise n\u00f5ustamine Kopsu- ja kopsuv\u00e4lise tuberkuloosi k\u00e4sitlus T\u00e4iskasvanute astma k\u00e4sitlus esmatasandil T\u00e4iskasvanute uneh\u00e4irete esmane diagnostika Bioloogilise ravi infoteatmik t\u00e4iskasvanud astma patsiendile Raske astma kontrollleht Rahvusvahelised ravijuhendid Global Strategy for Asthma Management and Prevention, 2023 GINA Report Global Strategy for Prevention, Diagnosis&hellip;","_links":{"self":[{"href":"https:\/\/www.kliinikum.ee\/kopsukliinik\/wp-json\/wp\/v2\/pages\/6196","targetHints":{"allow":["GET"]}}],"collection":[{"href":"https:\/\/www.kliinikum.ee\/kopsukliinik\/wp-json\/wp\/v2\/pages"}],"about":[{"href":"https:\/\/www.kliinikum.ee\/kopsukliinik\/wp-json\/wp\/v2\/types\/page"}],"author":[{"embeddable":true,"href":"https:\/\/www.kliinikum.ee\/kopsukliinik\/wp-json\/wp\/v2\/users\/35"}],"replies":[{"embeddable":true,"href":"https:\/\/www.kliinikum.ee\/kopsukliinik\/wp-json\/wp\/v2\/comments?post=6196"}],"version-history":[{"count":0,"href":"https:\/\/www.kliinikum.ee\/kopsukliinik\/wp-json\/wp\/v2\/pages\/6196\/revisions"}],"up":[{"embeddable":true,"href":"https:\/\/www.kliinikum.ee\/kopsukliinik\/wp-json\/wp\/v2\/pages\/6193"}],"wp:attachment":[{"href":"https:\/\/www.kliinikum.ee\/kopsukliinik\/wp-json\/wp\/v2\/media?parent=6196"}],"curies":[{"name":"wp","href":"https:\/\/api.w.org\/{rel}","templated":true}]}}