{"id":6198,"date":"2024-01-03T15:46:04","date_gmt":"2024-01-03T13:46:04","guid":{"rendered":"https:\/\/www.kliinikum.ee\/kopsukliinik\/?page_id=6198"},"modified":"2024-01-29T13:04:38","modified_gmt":"2024-01-29T11:04:38","slug":"erialaseltsid","status":"publish","type":"page","link":"https:\/\/www.kliinikum.ee\/kopsukliinik\/kolleegile\/erialaseltsid\/","title":{"rendered":"Erialaseltsid"},"content":{"rendered":"\n<p class=\"has-medium-font-size\"><a href=\"https:\/\/eks.org.ee\/\">Eesti Kopsuarstide Selts<\/a><\/p>\n\n\n\n<p class=\"has-medium-font-size\"><a href=\"http:\/\/eias.ee\/\">Eesti Immunoloogide ja Allergoloogide Selts<\/a><\/p>\n\n\n\n<p class=\"has-medium-font-size\"><a href=\"https:\/\/www.elundidoonorlus.ee\/kontakt\">Eesti Kudede ja Organite Transplantatsiooni \u00dching<\/a><\/p>\n\n\n\n<p class=\"has-medium-font-size\"><a href=\"https:\/\/www.ersnet.org\/\">European Respiratory Society<\/a> <\/p>\n\n\n\n<p class=\"has-medium-font-size\"><a href=\"https:\/\/theunion.org\/\">International Union Against Tuberculosis and Lung Disease<\/a> <\/p>\n\n\n\n<p class=\"has-medium-font-size\"><a href=\"https:\/\/www.nora.one\/\">Nordic Respiratory Academy<\/a> <\/p>\n\n\n\n<p class=\"has-medium-font-size\"><a href=\"https:\/\/www.ests.org\/\">European Society of Thoracic Surgeons <\/a><\/p>\n\n\n\n<p class=\"has-medium-font-size\"><a href=\"https:\/\/www.iaslc.org\/\">International Association for the Study of Lung Cancer<\/a> <\/p>\n\n\n\n<p class=\"has-medium-font-size\"><a href=\"https:\/\/www.ishlt.org\/\">International Society for Heart and Lung Transplantation<\/a><\/p>\n","protected":false},"excerpt":{"rendered":"<p>Eesti Kopsuarstide Selts Eesti Immunoloogide ja Allergoloogide Selts Eesti Kudede ja Organite Transplantatsiooni \u00dching European Respiratory Society International Union Against Tuberculosis and Lung Disease Nordic Respiratory Academy European Society of Thoracic Surgeons International Association for the Study of Lung Cancer International Society for Heart and Lung Transplantation<\/p>\n","protected":false},"author":35,"featured_media":0,"parent":6193,"menu_order":2,"comment_status":"closed","ping_status":"closed","template":"","meta":{"_acf_changed":false,"_uag_custom_page_level_css":"","footnotes":""},"class_list":["post-6198","page","type-page","status-publish","hentry"],"acf":[],"yoast_head":"<!-- This site is optimized with the Yoast SEO plugin v27.5 - https:\/\/yoast.com\/product\/yoast-seo-wordpress\/ -->\n<title>Erialaseltsid - Kopsukliinik<\/title>\n<meta name=\"robots\" content=\"index, follow, max-snippet:-1, max-image-preview:large, max-video-preview:-1\" \/>\n<link rel=\"canonical\" href=\"https:\/\/www.kliinikum.ee\/kopsukliinik\/kolleegile\/erialaseltsid\/\" \/>\n<meta property=\"og:locale\" content=\"et_EE\" \/>\n<meta property=\"og:type\" content=\"article\" \/>\n<meta property=\"og:title\" content=\"Erialaseltsid - Kopsukliinik\" \/>\n<meta property=\"og:description\" content=\"Eesti Kopsuarstide Selts Eesti Immunoloogide ja Allergoloogide Selts Eesti Kudede ja Organite Transplantatsiooni \u00dching European Respiratory Society International Union Against Tuberculosis and Lung Disease Nordic Respiratory Academy European Society of Thoracic Surgeons International Association for the Study of Lung Cancer International Society for Heart and Lung Transplantation\" \/>\n<meta property=\"og:url\" content=\"https:\/\/www.kliinikum.ee\/kopsukliinik\/kolleegile\/erialaseltsid\/\" \/>\n<meta property=\"og:site_name\" content=\"Kopsukliinik\" \/>\n<meta property=\"article:modified_time\" content=\"2024-01-29T11:04:38+00:00\" \/>\n<meta name=\"twitter:card\" content=\"summary_large_image\" \/>\n<meta name=\"twitter:label1\" content=\"Est. reading time\" \/>\n\t<meta name=\"twitter:data1\" content=\"1 minut\" \/>\n<script type=\"application\/ld+json\" class=\"yoast-schema-graph\">{\"@context\":\"https:\\\/\\\/schema.org\",\"@graph\":[{\"@type\":\"WebPage\",\"@id\":\"https:\\\/\\\/www.kliinikum.ee\\\/kopsukliinik\\\/kolleegile\\\/erialaseltsid\\\/\",\"url\":\"https:\\\/\\\/www.kliinikum.ee\\\/kopsukliinik\\\/kolleegile\\\/erialaseltsid\\\/\",\"name\":\"Erialaseltsid - Kopsukliinik\",\"isPartOf\":{\"@id\":\"https:\\\/\\\/www.kliinikum.ee\\\/kopsukliinik\\\/#website\"},\"datePublished\":\"2024-01-03T13:46:04+00:00\",\"dateModified\":\"2024-01-29T11:04:38+00:00\",\"breadcrumb\":{\"@id\":\"https:\\\/\\\/www.kliinikum.ee\\\/kopsukliinik\\\/kolleegile\\\/erialaseltsid\\\/#breadcrumb\"},\"inLanguage\":\"et\",\"potentialAction\":[{\"@type\":\"ReadAction\",\"target\":[\"https:\\\/\\\/www.kliinikum.ee\\\/kopsukliinik\\\/kolleegile\\\/erialaseltsid\\\/\"]}]},{\"@type\":\"BreadcrumbList\",\"@id\":\"https:\\\/\\\/www.kliinikum.ee\\\/kopsukliinik\\\/kolleegile\\\/erialaseltsid\\\/#breadcrumb\",\"itemListElement\":[{\"@type\":\"ListItem\",\"position\":1,\"name\":\"Home\",\"item\":\"https:\\\/\\\/www.kliinikum.ee\\\/kopsukliinik\\\/\"},{\"@type\":\"ListItem\",\"position\":2,\"name\":\"Kolleegile\",\"item\":\"https:\\\/\\\/www.kliinikum.ee\\\/kopsukliinik\\\/kolleegile\\\/\"},{\"@type\":\"ListItem\",\"position\":3,\"name\":\"Erialaseltsid\"}]},{\"@type\":\"WebSite\",\"@id\":\"https:\\\/\\\/www.kliinikum.ee\\\/kopsukliinik\\\/#website\",\"url\":\"https:\\\/\\\/www.kliinikum.ee\\\/kopsukliinik\\\/\",\"name\":\"Kopsukliinik\",\"description\":\"Hoolivus, Uuendusmeelsus, P\u00e4devus ja Usaldusv\u00e4\u00e4rsus\",\"potentialAction\":[{\"@type\":\"SearchAction\",\"target\":{\"@type\":\"EntryPoint\",\"urlTemplate\":\"https:\\\/\\\/www.kliinikum.ee\\\/kopsukliinik\\\/?s={search_term_string}\"},\"query-input\":{\"@type\":\"PropertyValueSpecification\",\"valueRequired\":true,\"valueName\":\"search_term_string\"}}],\"inLanguage\":\"et\"}]}<\/script>\n<!-- \/ Yoast SEO plugin. -->","yoast_head_json":{"title":"Erialaseltsid - Kopsukliinik","robots":{"index":"index","follow":"follow","max-snippet":"max-snippet:-1","max-image-preview":"max-image-preview:large","max-video-preview":"max-video-preview:-1"},"canonical":"https:\/\/www.kliinikum.ee\/kopsukliinik\/kolleegile\/erialaseltsid\/","og_locale":"et_EE","og_type":"article","og_title":"Erialaseltsid - Kopsukliinik","og_description":"Eesti Kopsuarstide Selts Eesti Immunoloogide ja Allergoloogide Selts Eesti Kudede ja Organite Transplantatsiooni \u00dching European Respiratory Society International Union Against Tuberculosis and Lung Disease Nordic Respiratory Academy European Society of Thoracic Surgeons International Association for the Study of Lung Cancer International Society for Heart and Lung Transplantation","og_url":"https:\/\/www.kliinikum.ee\/kopsukliinik\/kolleegile\/erialaseltsid\/","og_site_name":"Kopsukliinik","article_modified_time":"2024-01-29T11:04:38+00:00","twitter_card":"summary_large_image","twitter_misc":{"Est. reading time":"1 minut"},"schema":{"@context":"https:\/\/schema.org","@graph":[{"@type":"WebPage","@id":"https:\/\/www.kliinikum.ee\/kopsukliinik\/kolleegile\/erialaseltsid\/","url":"https:\/\/www.kliinikum.ee\/kopsukliinik\/kolleegile\/erialaseltsid\/","name":"Erialaseltsid - Kopsukliinik","isPartOf":{"@id":"https:\/\/www.kliinikum.ee\/kopsukliinik\/#website"},"datePublished":"2024-01-03T13:46:04+00:00","dateModified":"2024-01-29T11:04:38+00:00","breadcrumb":{"@id":"https:\/\/www.kliinikum.ee\/kopsukliinik\/kolleegile\/erialaseltsid\/#breadcrumb"},"inLanguage":"et","potentialAction":[{"@type":"ReadAction","target":["https:\/\/www.kliinikum.ee\/kopsukliinik\/kolleegile\/erialaseltsid\/"]}]},{"@type":"BreadcrumbList","@id":"https:\/\/www.kliinikum.ee\/kopsukliinik\/kolleegile\/erialaseltsid\/#breadcrumb","itemListElement":[{"@type":"ListItem","position":1,"name":"Home","item":"https:\/\/www.kliinikum.ee\/kopsukliinik\/"},{"@type":"ListItem","position":2,"name":"Kolleegile","item":"https:\/\/www.kliinikum.ee\/kopsukliinik\/kolleegile\/"},{"@type":"ListItem","position":3,"name":"Erialaseltsid"}]},{"@type":"WebSite","@id":"https:\/\/www.kliinikum.ee\/kopsukliinik\/#website","url":"https:\/\/www.kliinikum.ee\/kopsukliinik\/","name":"Kopsukliinik","description":"Hoolivus, Uuendusmeelsus, P\u00e4devus ja Usaldusv\u00e4\u00e4rsus","potentialAction":[{"@type":"SearchAction","target":{"@type":"EntryPoint","urlTemplate":"https:\/\/www.kliinikum.ee\/kopsukliinik\/?s={search_term_string}"},"query-input":{"@type":"PropertyValueSpecification","valueRequired":true,"valueName":"search_term_string"}}],"inLanguage":"et"}]}},"uagb_featured_image_src":{"full":false,"thumbnail":false,"medium":false,"medium_large":false,"large":false,"1536x1536":false,"2048x2048":false},"uagb_author_info":{"display_name":"Jane Freimann","author_link":"https:\/\/www.kliinikum.ee\/kopsukliinik\/author\/janef\/"},"uagb_comment_info":0,"uagb_excerpt":"Eesti Kopsuarstide Selts Eesti Immunoloogide ja Allergoloogide Selts Eesti Kudede ja Organite Transplantatsiooni \u00dching European Respiratory Society International Union Against Tuberculosis and Lung Disease Nordic Respiratory Academy European Society of Thoracic Surgeons International Association for the Study of Lung Cancer International Society for Heart and Lung Transplantation","_links":{"self":[{"href":"https:\/\/www.kliinikum.ee\/kopsukliinik\/wp-json\/wp\/v2\/pages\/6198","targetHints":{"allow":["GET"]}}],"collection":[{"href":"https:\/\/www.kliinikum.ee\/kopsukliinik\/wp-json\/wp\/v2\/pages"}],"about":[{"href":"https:\/\/www.kliinikum.ee\/kopsukliinik\/wp-json\/wp\/v2\/types\/page"}],"author":[{"embeddable":true,"href":"https:\/\/www.kliinikum.ee\/kopsukliinik\/wp-json\/wp\/v2\/users\/35"}],"replies":[{"embeddable":true,"href":"https:\/\/www.kliinikum.ee\/kopsukliinik\/wp-json\/wp\/v2\/comments?post=6198"}],"version-history":[{"count":0,"href":"https:\/\/www.kliinikum.ee\/kopsukliinik\/wp-json\/wp\/v2\/pages\/6198\/revisions"}],"up":[{"embeddable":true,"href":"https:\/\/www.kliinikum.ee\/kopsukliinik\/wp-json\/wp\/v2\/pages\/6193"}],"wp:attachment":[{"href":"https:\/\/www.kliinikum.ee\/kopsukliinik\/wp-json\/wp\/v2\/media?parent=6198"}],"curies":[{"name":"wp","href":"https:\/\/api.w.org\/{rel}","templated":true}]}}