{"id":6387,"date":"2024-01-29T12:49:23","date_gmt":"2024-01-29T10:49:23","guid":{"rendered":"https:\/\/www.kliinikum.ee\/kopsukliinik\/?page_id=6387"},"modified":"2025-05-27T11:56:47","modified_gmt":"2025-05-27T09:56:47","slug":"kontaktid","status":"publish","type":"page","link":"https:\/\/www.kliinikum.ee\/kopsukliinik\/kolleegile\/kontaktid\/","title":{"rendered":"Kontaktid"},"content":{"rendered":"\n<figure class=\"wp-block-table\"><table><tbody><tr><td colspan=\"5\"><strong>KOPSUKLIINIK<\/strong><\/td><\/tr><tr><td><strong>Tanel Laisaar&nbsp;<\/strong><\/td><td><strong>Kliinikujuht<\/strong>, vanemarst-\u00f5ppej\u00f5ud torakaalkirurgia erialal<\/td><td>731 8296<br>731 8937<br>53318055<\/td><td><a href=\"mailto:tanel.laisaar@kliinikum.ee\">tanel.laisaar@kliinikum.ee<\/a><\/td><\/tr><tr><td><strong>Rain J\u00f5gi&nbsp;<\/strong><\/td><td><strong>\u00fclemarst<\/strong>-\u00f5ppej\u00f5ud pulmonoloogia erialal<\/td><td>731 8918<br>53318918<\/td><td><a href=\"mailto:rain.jogi@kliinikum.ee\">rain.jogi@kliinikum.ee<\/a><\/td><\/tr><tr><td><strong>Kai Kliiman&nbsp;<\/strong><\/td><td><strong>Ambulatoorse osakonna juht<\/strong>,<br>vanemarst-\u00f5ppej\u00f5ud pulmonoloogia erialal<\/td><td>731 8938<\/td><td><a href=\"mailto:kai.kliiman@kliinikum.ee\">kai.kliiman@kliinikum.ee<\/a><\/td><\/tr><tr><td><strong>Lea Pehme&nbsp;<\/strong><\/td><td><strong>Tuberkuloosiosakonna juht<\/strong>,<br>vanemarst-\u00f5ppej\u00f5ud pulmonoloogia erialal<\/td><td>731 8940<\/td><td><a href=\"mailto:lea.pehme@kliinikum.ee\">lea.pehme@kliinikum.ee<\/a><\/td><\/tr><tr><td><strong>Sulev Meriste&nbsp;<\/strong><\/td><td><strong>Pulmonoloogiaosakonna juht<\/strong>,<br>vanemarst-\u00f5ppej\u00f5ud pulmonoloogia erialal<\/td><td>731 8930<br>731 8932<br>53318930<\/td><td><a href=\"mailto:sulev.meriste@kliinikum.ee\">sulev.meriste@kliinikum.ee<\/a><\/td><\/tr><tr><td><strong>Alan Altraja&nbsp;<\/strong><\/td><td>vanemarst-\u00f5ppej\u00f5ud pulmonoloogia erialal<\/td><td>731 8901<br>5071941<\/td><td><a href=\"mailto:alan.altraja@kliinikum.ee\">alan.altraja@kliinikum.ee<\/a><\/td><\/tr><tr><td><strong>Anneli Poola&nbsp;<\/strong><\/td><td>vanemarst-\u00f5ppej\u00f5ud pulmonoloogia erialal<\/td><td>731 8296 <br>731 8914<\/td><td><a href=\"mailto:anneli.poola@kliinikum.ee\">anneli.poola@kliinikum.ee<\/a><\/td><\/tr><tr><td><strong>Marget Savisaar&nbsp;<\/strong><\/td><td>vanemarst-\u00f5ppej\u00f5ud pulmonoloogia erialal<\/td><td>731 8932<br>731 7492<br>53318932<\/td><td><a href=\"mailto:marget.savisaar@kliinikum.ee\">marget.savisaar@kliinikum.ee<\/a><\/td><\/tr><tr><td><strong>Manfrid Danilovit\u0161&nbsp;<\/strong><\/td><td>arst-konsultant<\/td><td>5135951<\/td><td><a href=\"mailto:manfred.danilovits@kliinikum.ee\">manfred.danilovits@kliinikum.ee<\/a><\/td><\/tr><tr><td><strong>Anu Albrecht&nbsp;<\/strong><\/td><td>arst-\u00f5ppej\u00f5ud pulmonoloogia erialal<\/td><td>731 8949<\/td><td><a href=\"mailto:anu.albrecht@kliinikum.ee\">anu.albrecht@kliinikum.ee<\/a><\/td><\/tr><tr><td><strong>Anastassia Kam\u00f5nina&nbsp;<\/strong><\/td><td>arst-\u00f5ppej\u00f5ud pulmonoloogia erialal<\/td><td>731 8932<\/td><td><a href=\"mailto:anastassia.kamonina@kliinikum.ee\">anastassia.kamonina@kliinikum.ee<\/a><\/td><\/tr><tr><td><strong>Birgit Vatter&nbsp;<\/strong><\/td><td>arst-\u00f5ppej\u00f5ud pulmonoloogia erialal<\/td><td>731 8932<\/td><td><a href=\"mailto:birgit.vatter@kliinikum.ee\">birgit.vatter@kliinikum.ee<\/a><\/td><\/tr><tr><td><strong>Eve Rannu&nbsp;<\/strong><\/td><td>arst-\u00f5ppej\u00f5ud pulmonoloogia erialal<\/td><td>731 8932<\/td><td><a href=\"mailto:eve.rannu@kliinikum.ee\">eve.rannu@kliinikum.ee<\/a><\/td><\/tr><tr><td><strong>Helina Survo-Charaf&nbsp;<\/strong><\/td><td>arst-\u00f5ppej\u00f5ud pulmonoloogia erialal<\/td><td>731 8932<\/td><td><a href=\"mailto:helina.survo-charaf@kliinikum.ee\">helina.survo-charaf@kliinikum.ee<\/a><\/td><\/tr><tr><td><strong>Ivika Keskk\u00fcla&nbsp;<\/strong><\/td><td>arst-\u00f5ppej\u00f5ud pulmonoloogia erialal<\/td><td>731 8932<\/td><td><a href=\"mailto:ivika.keskkyla@kliinikum.ee\">ivika.keskkyla@kliinikum.ee<\/a><\/td><\/tr><tr><td><strong>Kaarel Kisant&nbsp;<\/strong><\/td><td>arst-\u00f5ppej\u00f5ud pulmonoloogia erialal<\/td><td>731 8942<\/td><td><a href=\"mailto:kaarel.kisant@kliinikum.ee\">kaarel.kisant@kliinikum.ee<\/a><\/td><\/tr><tr><td><strong>Kaidi Nigol&nbsp;<\/strong><\/td><td>arst-\u00f5ppej\u00f5ud pulmonoloogia erialal<\/td><td>731 8932<\/td><td><a href=\"mailto:kaidi.nigol@kliinikum.ee\">kaidi.nigol@kliinikum.ee<\/a><\/td><\/tr><tr><td><strong>Kaija Tammekivi&nbsp;<\/strong><\/td><td>arst-\u00f5ppej\u00f5ud pulmonoloogia erialal<\/td><td>731 8942<\/td><td><a href=\"mailto:kaija.tammekivi@kliinikum.ee\">kaija.tammekivi@kliinikum.ee<\/a><\/td><\/tr><tr><td><strong>Katre Benno&nbsp;<\/strong><\/td><td>arst-\u00f5ppej\u00f5ud pulmonoloogia erialal<\/td><td><\/td><td><a href=\"mailto:katre.benno@kliinikum.ee\">katre.benno@kliinikum.ee<\/a><\/td><\/tr><tr><td><strong>Ludmilla Malikova&nbsp;<\/strong><\/td><td>arst-\u00f5ppej\u00f5ud pulmonoloogia erialal<\/td><td>731 7915<\/td><td><a href=\"mailto:ludmilla.malikova@kliinikum.ee\">ludmilla.malikova@kliinikum.ee<\/a><\/td><\/tr><tr><td><strong>Ott Kiens&nbsp;<\/strong><\/td><td>arst-\u00f5ppej\u00f5ud pulmonoloogia erialal<\/td><td>731 8932<\/td><td><a href=\"mailto:ott.kiens@kliinikum.ee\">ott.kiens@kliinikum.ee<\/a><\/td><\/tr><tr><td><strong>Pilleriin Liiva&nbsp;<\/strong><\/td><td>arst-\u00f5ppej\u00f5ud pulmonoloogia erialal<\/td><td>731 8900<\/td><td><a href=\"mailto:pilleriin.liiva@kliinikum.ee\">pilleriin.liiva@kliinikum.ee<\/a><\/td><\/tr><tr><td><strong>Sirje Marran&nbsp;<\/strong><\/td><td>arst-\u00f5ppej\u00f5ud pulmonoloogia erialal<\/td><td>731 8932<\/td><td><a href=\"mailto:sirje.marran@kliinikum.ee\">sirje.marran@kliinikum.ee<\/a><\/td><\/tr><tr><td><strong>Viktoria Ivanova&nbsp;<\/strong><\/td><td>arst-\u00f5ppej\u00f5ud pulmonoloogia erialal<\/td><td>731 8932<\/td><td><a href=\"mailto:viktoria.ivanova@kliinikum.ee\">viktoria.ivanova@kliinikum.ee<\/a><\/td><\/tr><tr><td><strong>\u00dclle Ani&nbsp;<\/strong><\/td><td>arst-\u00f5ppej\u00f5ud pulmonoloogia erialal<\/td><td>731 8915<\/td><td><a href=\"mailto:ylle.ani@kliinikum.ee\">ylle.ani@kliinikum.ee<\/a><\/td><\/tr><tr><td><strong>Bruno Sarana&nbsp;<\/strong><\/td><td><strong>Torakaalkirurgia ja kopsusiirdamise osakonnajuht<\/strong>, <br>arst-\u00f5ppej\u00f5ud torakaalkirurgia erialal<\/td><td>731 8296<\/td><td><a href=\"mailto:bruno.sarana@kliinikum.ee\">bruno.sarana@kliinikum.ee<\/a><\/td><\/tr><tr><td><strong>Indrek Benno&nbsp;<\/strong><\/td><td>arst-\u00f5ppej\u00f5ud torakaalkirurgia erialal<\/td><td>731 8296<\/td><td><a href=\"mailto:indrek.benno@kliinikum.ee\">indrek.benno@kliinikum.ee<\/a><\/td><\/tr><tr><td><strong>Piret M\u00e4nnik&nbsp;<\/strong><\/td><td>arst-\u00f5ppej\u00f5ud torakaalkirurgia erialal<\/td><td>731 8296<\/td><td><a href=\"mailto:piret.mannik@kliinikum.ee\">piret.mannik@kliinikum.ee<\/a><\/td><\/tr><\/tbody><\/table><\/figure>\n","protected":false},"excerpt":{"rendered":"<p>KOPSUKLIINIK Tanel Laisaar&nbsp; Kliinikujuht, vanemarst-\u00f5ppej\u00f5ud torakaalkirurgia erialal 731 8296731 893753318055 tanel.laisaar@kliinikum.ee Rain J\u00f5gi&nbsp; \u00fclemarst-\u00f5ppej\u00f5ud pulmonoloogia erialal 731 891853318918 rain.jogi@kliinikum.ee Kai Kliiman&nbsp; Ambulatoorse osakonna juht,vanemarst-\u00f5ppej\u00f5ud pulmonoloogia erialal 731 8938 kai.kliiman@kliinikum.ee Lea Pehme&nbsp; Tuberkuloosiosakonna juht,vanemarst-\u00f5ppej\u00f5ud pulmonoloogia erialal 731 8940 lea.pehme@kliinikum.ee Sulev Meriste&nbsp; Pulmonoloogiaosakonna juht,vanemarst-\u00f5ppej\u00f5ud pulmonoloogia erialal 731 8930731 893253318930 sulev.meriste@kliinikum.ee Alan Altraja&nbsp; vanemarst-\u00f5ppej\u00f5ud pulmonoloogia erialal 731 89015071941 [&hellip;]<\/p>\n","protected":false},"author":35,"featured_media":0,"parent":6193,"menu_order":3,"comment_status":"closed","ping_status":"closed","template":"","meta":{"_acf_changed":false,"_uag_custom_page_level_css":"","footnotes":""},"class_list":["post-6387","page","type-page","status-publish","hentry"],"acf":[],"yoast_head":"<!-- This site is optimized with the Yoast SEO plugin v27.3 - https:\/\/yoast.com\/product\/yoast-seo-wordpress\/ -->\n<title>Kontaktid - Kopsukliinik<\/title>\n<meta name=\"robots\" content=\"index, follow, max-snippet:-1, max-image-preview:large, max-video-preview:-1\" \/>\n<link rel=\"canonical\" href=\"https:\/\/www.kliinikum.ee\/kopsukliinik\/kolleegile\/kontaktid\/\" \/>\n<meta property=\"og:locale\" content=\"et_EE\" \/>\n<meta property=\"og:type\" content=\"article\" \/>\n<meta property=\"og:title\" content=\"Kontaktid - Kopsukliinik\" \/>\n<meta property=\"og:description\" content=\"KOPSUKLIINIK Tanel Laisaar&nbsp; Kliinikujuht, vanemarst-\u00f5ppej\u00f5ud torakaalkirurgia erialal 731 8296731 893753318055 tanel.laisaar@kliinikum.ee Rain J\u00f5gi&nbsp; \u00fclemarst-\u00f5ppej\u00f5ud pulmonoloogia erialal 731 891853318918 rain.jogi@kliinikum.ee Kai Kliiman&nbsp; Ambulatoorse osakonna juht,vanemarst-\u00f5ppej\u00f5ud pulmonoloogia erialal 731 8938 kai.kliiman@kliinikum.ee Lea Pehme&nbsp; Tuberkuloosiosakonna juht,vanemarst-\u00f5ppej\u00f5ud pulmonoloogia erialal 731 8940 lea.pehme@kliinikum.ee Sulev Meriste&nbsp; Pulmonoloogiaosakonna juht,vanemarst-\u00f5ppej\u00f5ud pulmonoloogia erialal 731 8930731 893253318930 sulev.meriste@kliinikum.ee Alan Altraja&nbsp; vanemarst-\u00f5ppej\u00f5ud pulmonoloogia erialal 731 89015071941 [&hellip;]\" \/>\n<meta property=\"og:url\" content=\"https:\/\/www.kliinikum.ee\/kopsukliinik\/kolleegile\/kontaktid\/\" \/>\n<meta property=\"og:site_name\" content=\"Kopsukliinik\" \/>\n<meta property=\"article:modified_time\" content=\"2025-05-27T09:56:47+00:00\" \/>\n<meta name=\"twitter:card\" content=\"summary_large_image\" \/>\n<meta name=\"twitter:label1\" content=\"Est. reading time\" \/>\n\t<meta name=\"twitter:data1\" content=\"2 minutit\" \/>\n<script type=\"application\/ld+json\" class=\"yoast-schema-graph\">{\"@context\":\"https:\\\/\\\/schema.org\",\"@graph\":[{\"@type\":\"WebPage\",\"@id\":\"https:\\\/\\\/www.kliinikum.ee\\\/kopsukliinik\\\/kolleegile\\\/kontaktid\\\/\",\"url\":\"https:\\\/\\\/www.kliinikum.ee\\\/kopsukliinik\\\/kolleegile\\\/kontaktid\\\/\",\"name\":\"Kontaktid - Kopsukliinik\",\"isPartOf\":{\"@id\":\"https:\\\/\\\/www.kliinikum.ee\\\/kopsukliinik\\\/#website\"},\"datePublished\":\"2024-01-29T10:49:23+00:00\",\"dateModified\":\"2025-05-27T09:56:47+00:00\",\"breadcrumb\":{\"@id\":\"https:\\\/\\\/www.kliinikum.ee\\\/kopsukliinik\\\/kolleegile\\\/kontaktid\\\/#breadcrumb\"},\"inLanguage\":\"et\",\"potentialAction\":[{\"@type\":\"ReadAction\",\"target\":[\"https:\\\/\\\/www.kliinikum.ee\\\/kopsukliinik\\\/kolleegile\\\/kontaktid\\\/\"]}]},{\"@type\":\"BreadcrumbList\",\"@id\":\"https:\\\/\\\/www.kliinikum.ee\\\/kopsukliinik\\\/kolleegile\\\/kontaktid\\\/#breadcrumb\",\"itemListElement\":[{\"@type\":\"ListItem\",\"position\":1,\"name\":\"Home\",\"item\":\"https:\\\/\\\/www.kliinikum.ee\\\/kopsukliinik\\\/\"},{\"@type\":\"ListItem\",\"position\":2,\"name\":\"Kolleegile\",\"item\":\"https:\\\/\\\/www.kliinikum.ee\\\/kopsukliinik\\\/kolleegile\\\/\"},{\"@type\":\"ListItem\",\"position\":3,\"name\":\"Kontaktid\"}]},{\"@type\":\"WebSite\",\"@id\":\"https:\\\/\\\/www.kliinikum.ee\\\/kopsukliinik\\\/#website\",\"url\":\"https:\\\/\\\/www.kliinikum.ee\\\/kopsukliinik\\\/\",\"name\":\"Kopsukliinik\",\"description\":\"Hoolivus, Uuendusmeelsus, P\u00e4devus ja Usaldusv\u00e4\u00e4rsus\",\"potentialAction\":[{\"@type\":\"SearchAction\",\"target\":{\"@type\":\"EntryPoint\",\"urlTemplate\":\"https:\\\/\\\/www.kliinikum.ee\\\/kopsukliinik\\\/?s={search_term_string}\"},\"query-input\":{\"@type\":\"PropertyValueSpecification\",\"valueRequired\":true,\"valueName\":\"search_term_string\"}}],\"inLanguage\":\"et\"}]}<\/script>\n<!-- \/ Yoast SEO plugin. -->","yoast_head_json":{"title":"Kontaktid - Kopsukliinik","robots":{"index":"index","follow":"follow","max-snippet":"max-snippet:-1","max-image-preview":"max-image-preview:large","max-video-preview":"max-video-preview:-1"},"canonical":"https:\/\/www.kliinikum.ee\/kopsukliinik\/kolleegile\/kontaktid\/","og_locale":"et_EE","og_type":"article","og_title":"Kontaktid - Kopsukliinik","og_description":"KOPSUKLIINIK Tanel Laisaar&nbsp; Kliinikujuht, vanemarst-\u00f5ppej\u00f5ud torakaalkirurgia erialal 731 8296731 893753318055 tanel.laisaar@kliinikum.ee Rain J\u00f5gi&nbsp; \u00fclemarst-\u00f5ppej\u00f5ud pulmonoloogia erialal 731 891853318918 rain.jogi@kliinikum.ee Kai Kliiman&nbsp; Ambulatoorse osakonna juht,vanemarst-\u00f5ppej\u00f5ud pulmonoloogia erialal 731 8938 kai.kliiman@kliinikum.ee Lea Pehme&nbsp; Tuberkuloosiosakonna juht,vanemarst-\u00f5ppej\u00f5ud pulmonoloogia erialal 731 8940 lea.pehme@kliinikum.ee Sulev Meriste&nbsp; Pulmonoloogiaosakonna juht,vanemarst-\u00f5ppej\u00f5ud pulmonoloogia erialal 731 8930731 893253318930 sulev.meriste@kliinikum.ee Alan Altraja&nbsp; vanemarst-\u00f5ppej\u00f5ud pulmonoloogia erialal 731 89015071941 [&hellip;]","og_url":"https:\/\/www.kliinikum.ee\/kopsukliinik\/kolleegile\/kontaktid\/","og_site_name":"Kopsukliinik","article_modified_time":"2025-05-27T09:56:47+00:00","twitter_card":"summary_large_image","twitter_misc":{"Est. reading time":"2 minutit"},"schema":{"@context":"https:\/\/schema.org","@graph":[{"@type":"WebPage","@id":"https:\/\/www.kliinikum.ee\/kopsukliinik\/kolleegile\/kontaktid\/","url":"https:\/\/www.kliinikum.ee\/kopsukliinik\/kolleegile\/kontaktid\/","name":"Kontaktid - Kopsukliinik","isPartOf":{"@id":"https:\/\/www.kliinikum.ee\/kopsukliinik\/#website"},"datePublished":"2024-01-29T10:49:23+00:00","dateModified":"2025-05-27T09:56:47+00:00","breadcrumb":{"@id":"https:\/\/www.kliinikum.ee\/kopsukliinik\/kolleegile\/kontaktid\/#breadcrumb"},"inLanguage":"et","potentialAction":[{"@type":"ReadAction","target":["https:\/\/www.kliinikum.ee\/kopsukliinik\/kolleegile\/kontaktid\/"]}]},{"@type":"BreadcrumbList","@id":"https:\/\/www.kliinikum.ee\/kopsukliinik\/kolleegile\/kontaktid\/#breadcrumb","itemListElement":[{"@type":"ListItem","position":1,"name":"Home","item":"https:\/\/www.kliinikum.ee\/kopsukliinik\/"},{"@type":"ListItem","position":2,"name":"Kolleegile","item":"https:\/\/www.kliinikum.ee\/kopsukliinik\/kolleegile\/"},{"@type":"ListItem","position":3,"name":"Kontaktid"}]},{"@type":"WebSite","@id":"https:\/\/www.kliinikum.ee\/kopsukliinik\/#website","url":"https:\/\/www.kliinikum.ee\/kopsukliinik\/","name":"Kopsukliinik","description":"Hoolivus, Uuendusmeelsus, P\u00e4devus ja Usaldusv\u00e4\u00e4rsus","potentialAction":[{"@type":"SearchAction","target":{"@type":"EntryPoint","urlTemplate":"https:\/\/www.kliinikum.ee\/kopsukliinik\/?s={search_term_string}"},"query-input":{"@type":"PropertyValueSpecification","valueRequired":true,"valueName":"search_term_string"}}],"inLanguage":"et"}]}},"uagb_featured_image_src":{"full":false,"thumbnail":false,"medium":false,"medium_large":false,"large":false,"1536x1536":false,"2048x2048":false},"uagb_author_info":{"display_name":"Jane Freimann","author_link":"https:\/\/www.kliinikum.ee\/kopsukliinik\/author\/janef\/"},"uagb_comment_info":0,"uagb_excerpt":"KOPSUKLIINIK Tanel Laisaar&nbsp; Kliinikujuht, vanemarst-\u00f5ppej\u00f5ud torakaalkirurgia erialal 731 8296731 893753318055 tanel.laisaar@kliinikum.ee Rain J\u00f5gi&nbsp; \u00fclemarst-\u00f5ppej\u00f5ud pulmonoloogia erialal 731 891853318918 rain.jogi@kliinikum.ee Kai Kliiman&nbsp; Ambulatoorse osakonna juht,vanemarst-\u00f5ppej\u00f5ud pulmonoloogia erialal 731 8938 kai.kliiman@kliinikum.ee Lea Pehme&nbsp; Tuberkuloosiosakonna juht,vanemarst-\u00f5ppej\u00f5ud pulmonoloogia erialal 731 8940 lea.pehme@kliinikum.ee Sulev Meriste&nbsp; Pulmonoloogiaosakonna juht,vanemarst-\u00f5ppej\u00f5ud pulmonoloogia erialal 731 8930731 893253318930 sulev.meriste@kliinikum.ee Alan Altraja&nbsp; vanemarst-\u00f5ppej\u00f5ud pulmonoloogia erialal 731 89015071941&hellip;","_links":{"self":[{"href":"https:\/\/www.kliinikum.ee\/kopsukliinik\/wp-json\/wp\/v2\/pages\/6387","targetHints":{"allow":["GET"]}}],"collection":[{"href":"https:\/\/www.kliinikum.ee\/kopsukliinik\/wp-json\/wp\/v2\/pages"}],"about":[{"href":"https:\/\/www.kliinikum.ee\/kopsukliinik\/wp-json\/wp\/v2\/types\/page"}],"author":[{"embeddable":true,"href":"https:\/\/www.kliinikum.ee\/kopsukliinik\/wp-json\/wp\/v2\/users\/35"}],"replies":[{"embeddable":true,"href":"https:\/\/www.kliinikum.ee\/kopsukliinik\/wp-json\/wp\/v2\/comments?post=6387"}],"version-history":[{"count":0,"href":"https:\/\/www.kliinikum.ee\/kopsukliinik\/wp-json\/wp\/v2\/pages\/6387\/revisions"}],"up":[{"embeddable":true,"href":"https:\/\/www.kliinikum.ee\/kopsukliinik\/wp-json\/wp\/v2\/pages\/6193"}],"wp:attachment":[{"href":"https:\/\/www.kliinikum.ee\/kopsukliinik\/wp-json\/wp\/v2\/media?parent=6387"}],"curies":[{"name":"wp","href":"https:\/\/api.w.org\/{rel}","templated":true}]}}