{"id":15,"date":"2022-11-14T10:00:43","date_gmt":"2022-11-14T10:00:43","guid":{"rendered":"http:\/\/localhost\/?page_id=15"},"modified":"2025-01-15T10:38:30","modified_gmt":"2025-01-15T08:38:30","slug":"patsiendile","status":"publish","type":"page","link":"https:\/\/www.kliinikum.ee\/korvakliinik\/patsiendile\/","title":{"rendered":"Patsiendile"},"content":{"rendered":"\n<p class=\"has-medium-font-size\">Tartu \u00dclikooli Kliinikumi K\u00f5rvakliinik osutab teenust L. Puusepa 8, C-korpuses.<br>K\u00f5rvakliiniku ambulatoorsete patsientide sisenemistee k\u00f5rvakliinikusse toimub l\u00e4bi L. Puusepa t\u00e4nava poolse registratuuri, kust patsiendid juhatatakse kabinettidesse.<\/p>\n\n\n\n<p class=\"has-medium-font-size\"><strong>Vastuv\u00f5tule registreerimine<\/strong> <strong>ja loobumine<\/strong><br>731 9100<br><a href=\"https:\/\/www.kliinikum.ee\/patsiendile\/eriarsti-vastuvott\/aja-broneerimine\/\" target=\"_blank\" rel=\"noreferrer noopener\">Registreerimine internetis<\/a><br>Vastuv\u00f5tust loobumise teade j\u00e4ta automaatvastajale tel: 731 9099<\/p>\n\n\n\n<p class=\"has-medium-font-size\"><strong>Operatsioonile registreerimine ja loobumine<\/strong><br>731 9790<br>E-R 8.00-16:00<\/p>\n\n\n\n<p class=\"has-medium-font-size\"><strong>\u00d5e iseseisevale vastuv\u00f5tule registreerimine<\/strong> (vereanal\u00fc\u00fcs)<br>731 8591<br>731 9100<\/p>\n\n\n\n<p class=\"has-medium-font-size\"><strong>T\u00f6\u00f6v\u00f5imetuslehed<\/strong><br><a href=\"mailto:haigusleht.korvakliinik@kliinikum.ee\">haigusleht.korvakliinik@kliinikum.ee<\/a><\/p>\n\n\n\n<p class=\"has-medium-font-size\"><strong>Unekeskus<\/strong><br>731 9793<br>E-R 8.00-16.00<br><a href=\"mailto:korvakliinik.unekeskus@kliinikum.ee\">korvakliinik.unekeskus@kliinikum.ee<\/a><\/p>\n\n\n\n<p class=\"has-medium-font-size\"><strong>Kuulmisabivahendid ning nendega seotud teenused<\/strong><br>Tel: 731 9478<br>E-R 8.00-16.00<br><a href=\"mailto:katrin.korbun@kliinikum.ee\">katrin.korbun@kliinikum.ee<\/a><\/p>\n","protected":false},"excerpt":{"rendered":"<p>Tartu \u00dclikooli Kliinikumi K\u00f5rvakliinik osutab teenust L. Puusepa 8, C-korpuses.K\u00f5rvakliiniku ambulatoorsete patsientide sisenemistee k\u00f5rvakliinikusse toimub l\u00e4bi L. Puusepa t\u00e4nava poolse registratuuri, kust patsiendid juhatatakse kabinettidesse. Vastuv\u00f5tule registreerimine ja loobumine731 9100Registreerimine internetisVastuv\u00f5tust loobumise teade j\u00e4ta automaatvastajale tel: 731 9099 Operatsioonile registreerimine ja loobumine731 9790E-R 8.00-16:00 \u00d5e iseseisevale vastuv\u00f5tule registreerimine (vereanal\u00fc\u00fcs)731 8591731 9100 T\u00f6\u00f6v\u00f5imetuslehedhaigusleht.korvakliinik@kliinikum.ee Unekeskus731 9793E-R 8.00-16.00korvakliinik.unekeskus@kliinikum.ee [&hellip;]<\/p>\n","protected":false},"author":31,"featured_media":0,"parent":0,"menu_order":0,"comment_status":"closed","ping_status":"closed","template":"","meta":{"_acf_changed":false,"_uag_custom_page_level_css":"","footnotes":""},"class_list":["post-15","page","type-page","status-publish","hentry"],"acf":[],"yoast_head":"<!-- This site is optimized with the Yoast SEO plugin v27.3 - https:\/\/yoast.com\/product\/yoast-seo-wordpress\/ -->\n<title>Patsiendile - K\u00f5rvakliinik<\/title>\n<meta name=\"robots\" content=\"index, follow, max-snippet:-1, max-image-preview:large, max-video-preview:-1\" \/>\n<link rel=\"canonical\" href=\"https:\/\/www.kliinikum.ee\/korvakliinik\/patsiendile\/\" \/>\n<meta property=\"og:locale\" content=\"et_EE\" \/>\n<meta property=\"og:type\" content=\"article\" \/>\n<meta property=\"og:title\" content=\"Patsiendile - K\u00f5rvakliinik\" \/>\n<meta property=\"og:description\" content=\"Tartu \u00dclikooli Kliinikumi K\u00f5rvakliinik osutab teenust L. Puusepa 8, C-korpuses.K\u00f5rvakliiniku ambulatoorsete patsientide sisenemistee k\u00f5rvakliinikusse toimub l\u00e4bi L. Puusepa t\u00e4nava poolse registratuuri, kust patsiendid juhatatakse kabinettidesse. Vastuv\u00f5tule registreerimine ja loobumine731 9100Registreerimine internetisVastuv\u00f5tust loobumise teade j\u00e4ta automaatvastajale tel: 731 9099 Operatsioonile registreerimine ja loobumine731 9790E-R 8.00-16:00 \u00d5e iseseisevale vastuv\u00f5tule registreerimine (vereanal\u00fc\u00fcs)731 8591731 9100 T\u00f6\u00f6v\u00f5imetuslehedhaigusleht.korvakliinik@kliinikum.ee Unekeskus731 9793E-R 8.00-16.00korvakliinik.unekeskus@kliinikum.ee [&hellip;]\" \/>\n<meta property=\"og:url\" content=\"https:\/\/www.kliinikum.ee\/korvakliinik\/patsiendile\/\" \/>\n<meta property=\"og:site_name\" content=\"K\u00f5rvakliinik\" \/>\n<meta property=\"article:modified_time\" content=\"2025-01-15T08:38:30+00:00\" \/>\n<meta name=\"twitter:card\" content=\"summary_large_image\" \/>\n<meta name=\"twitter:label1\" content=\"Est. reading time\" \/>\n\t<meta name=\"twitter:data1\" content=\"1 minut\" \/>\n<script type=\"application\/ld+json\" class=\"yoast-schema-graph\">{\"@context\":\"https:\\\/\\\/schema.org\",\"@graph\":[{\"@type\":\"WebPage\",\"@id\":\"https:\\\/\\\/www.kliinikum.ee\\\/korvakliinik\\\/patsiendile\\\/\",\"url\":\"https:\\\/\\\/www.kliinikum.ee\\\/korvakliinik\\\/patsiendile\\\/\",\"name\":\"Patsiendile - K\u00f5rvakliinik\",\"isPartOf\":{\"@id\":\"https:\\\/\\\/www.kliinikum.ee\\\/korvakliinik\\\/#website\"},\"datePublished\":\"2022-11-14T10:00:43+00:00\",\"dateModified\":\"2025-01-15T08:38:30+00:00\",\"inLanguage\":\"et\",\"potentialAction\":[{\"@type\":\"ReadAction\",\"target\":[\"https:\\\/\\\/www.kliinikum.ee\\\/korvakliinik\\\/patsiendile\\\/\"]}]},{\"@type\":\"WebSite\",\"@id\":\"https:\\\/\\\/www.kliinikum.ee\\\/korvakliinik\\\/#website\",\"url\":\"https:\\\/\\\/www.kliinikum.ee\\\/korvakliinik\\\/\",\"name\":\"K\u00f5rvakliinik\",\"description\":\"Hoolivus, Uuendusmeelsus, P\u00e4devus ja Usaldusv\u00e4\u00e4rsus\",\"potentialAction\":[{\"@type\":\"SearchAction\",\"target\":{\"@type\":\"EntryPoint\",\"urlTemplate\":\"https:\\\/\\\/www.kliinikum.ee\\\/korvakliinik\\\/?s={search_term_string}\"},\"query-input\":{\"@type\":\"PropertyValueSpecification\",\"valueRequired\":true,\"valueName\":\"search_term_string\"}}],\"inLanguage\":\"et\"}]}<\/script>\n<!-- \/ Yoast SEO plugin. -->","yoast_head_json":{"title":"Patsiendile - K\u00f5rvakliinik","robots":{"index":"index","follow":"follow","max-snippet":"max-snippet:-1","max-image-preview":"max-image-preview:large","max-video-preview":"max-video-preview:-1"},"canonical":"https:\/\/www.kliinikum.ee\/korvakliinik\/patsiendile\/","og_locale":"et_EE","og_type":"article","og_title":"Patsiendile - K\u00f5rvakliinik","og_description":"Tartu \u00dclikooli Kliinikumi K\u00f5rvakliinik osutab teenust L. Puusepa 8, C-korpuses.K\u00f5rvakliiniku ambulatoorsete patsientide sisenemistee k\u00f5rvakliinikusse toimub l\u00e4bi L. Puusepa t\u00e4nava poolse registratuuri, kust patsiendid juhatatakse kabinettidesse. Vastuv\u00f5tule registreerimine ja loobumine731 9100Registreerimine internetisVastuv\u00f5tust loobumise teade j\u00e4ta automaatvastajale tel: 731 9099 Operatsioonile registreerimine ja loobumine731 9790E-R 8.00-16:00 \u00d5e iseseisevale vastuv\u00f5tule registreerimine (vereanal\u00fc\u00fcs)731 8591731 9100 T\u00f6\u00f6v\u00f5imetuslehedhaigusleht.korvakliinik@kliinikum.ee Unekeskus731 9793E-R 8.00-16.00korvakliinik.unekeskus@kliinikum.ee [&hellip;]","og_url":"https:\/\/www.kliinikum.ee\/korvakliinik\/patsiendile\/","og_site_name":"K\u00f5rvakliinik","article_modified_time":"2025-01-15T08:38:30+00:00","twitter_card":"summary_large_image","twitter_misc":{"Est. reading time":"1 minut"},"schema":{"@context":"https:\/\/schema.org","@graph":[{"@type":"WebPage","@id":"https:\/\/www.kliinikum.ee\/korvakliinik\/patsiendile\/","url":"https:\/\/www.kliinikum.ee\/korvakliinik\/patsiendile\/","name":"Patsiendile - K\u00f5rvakliinik","isPartOf":{"@id":"https:\/\/www.kliinikum.ee\/korvakliinik\/#website"},"datePublished":"2022-11-14T10:00:43+00:00","dateModified":"2025-01-15T08:38:30+00:00","inLanguage":"et","potentialAction":[{"@type":"ReadAction","target":["https:\/\/www.kliinikum.ee\/korvakliinik\/patsiendile\/"]}]},{"@type":"WebSite","@id":"https:\/\/www.kliinikum.ee\/korvakliinik\/#website","url":"https:\/\/www.kliinikum.ee\/korvakliinik\/","name":"K\u00f5rvakliinik","description":"Hoolivus, Uuendusmeelsus, P\u00e4devus ja Usaldusv\u00e4\u00e4rsus","potentialAction":[{"@type":"SearchAction","target":{"@type":"EntryPoint","urlTemplate":"https:\/\/www.kliinikum.ee\/korvakliinik\/?s={search_term_string}"},"query-input":{"@type":"PropertyValueSpecification","valueRequired":true,"valueName":"search_term_string"}}],"inLanguage":"et"}]}},"uagb_featured_image_src":{"full":false,"thumbnail":false,"medium":false,"medium_large":false,"large":false,"1536x1536":false,"2048x2048":false},"uagb_author_info":{"display_name":"erkky","author_link":"https:\/\/www.kliinikum.ee\/korvakliinik\/author\/erkky\/"},"uagb_comment_info":0,"uagb_excerpt":"Tartu \u00dclikooli Kliinikumi K\u00f5rvakliinik osutab teenust L. Puusepa 8, C-korpuses.K\u00f5rvakliiniku ambulatoorsete patsientide sisenemistee k\u00f5rvakliinikusse toimub l\u00e4bi L. Puusepa t\u00e4nava poolse registratuuri, kust patsiendid juhatatakse kabinettidesse. Vastuv\u00f5tule registreerimine ja loobumine731 9100Registreerimine internetisVastuv\u00f5tust loobumise teade j\u00e4ta automaatvastajale tel: 731 9099 Operatsioonile registreerimine ja loobumine731 9790E-R 8.00-16:00 \u00d5e iseseisevale vastuv\u00f5tule registreerimine (vereanal\u00fc\u00fcs)731 8591731 9100 T\u00f6\u00f6v\u00f5imetuslehedhaigusleht.korvakliinik@kliinikum.ee Unekeskus731 9793E-R 8.00-16.00korvakliinik.unekeskus@kliinikum.ee&hellip;","_links":{"self":[{"href":"https:\/\/www.kliinikum.ee\/korvakliinik\/wp-json\/wp\/v2\/pages\/15","targetHints":{"allow":["GET"]}}],"collection":[{"href":"https:\/\/www.kliinikum.ee\/korvakliinik\/wp-json\/wp\/v2\/pages"}],"about":[{"href":"https:\/\/www.kliinikum.ee\/korvakliinik\/wp-json\/wp\/v2\/types\/page"}],"author":[{"embeddable":true,"href":"https:\/\/www.kliinikum.ee\/korvakliinik\/wp-json\/wp\/v2\/users\/31"}],"replies":[{"embeddable":true,"href":"https:\/\/www.kliinikum.ee\/korvakliinik\/wp-json\/wp\/v2\/comments?post=15"}],"version-history":[{"count":0,"href":"https:\/\/www.kliinikum.ee\/korvakliinik\/wp-json\/wp\/v2\/pages\/15\/revisions"}],"wp:attachment":[{"href":"https:\/\/www.kliinikum.ee\/korvakliinik\/wp-json\/wp\/v2\/media?parent=15"}],"curies":[{"name":"wp","href":"https:\/\/api.w.org\/{rel}","templated":true}]}}