{"id":184,"date":"2022-11-27T17:26:50","date_gmt":"2022-11-27T17:26:50","guid":{"rendered":"https:\/\/kalev.kliinikum.ee\/aikliinik_new\/?page_id=184"},"modified":"2023-05-17T09:17:31","modified_gmt":"2023-05-17T07:17:31","slug":"erakorraline-abi","status":"publish","type":"page","link":"https:\/\/www.kliinikum.ee\/korvakliinik\/erakorraline-abi\/","title":{"rendered":"Erakorraline abi"},"content":{"rendered":"","protected":false},"excerpt":{"rendered":"","protected":false},"author":31,"featured_media":0,"parent":0,"menu_order":0,"comment_status":"closed","ping_status":"closed","template":"","meta":{"_acf_changed":false,"_uag_custom_page_level_css":"","footnotes":""},"class_list":["post-184","page","type-page","status-publish","hentry"],"acf":[],"yoast_head":"<!-- This site is optimized with the Yoast SEO plugin v27.2 - https:\/\/yoast.com\/product\/yoast-seo-wordpress\/ -->\n<title>Erakorraline abi - K\u00f5rvakliinik<\/title>\n<meta name=\"robots\" content=\"index, follow, max-snippet:-1, max-image-preview:large, max-video-preview:-1\" \/>\n<link rel=\"canonical\" href=\"https:\/\/www.kliinikum.ee\/korvakliinik\/erakorraline-abi\/\" \/>\n<meta property=\"og:locale\" content=\"et_EE\" \/>\n<meta property=\"og:type\" content=\"article\" \/>\n<meta property=\"og:title\" content=\"Erakorraline abi - K\u00f5rvakliinik\" \/>\n<meta property=\"og:url\" content=\"https:\/\/www.kliinikum.ee\/korvakliinik\/erakorraline-abi\/\" \/>\n<meta property=\"og:site_name\" content=\"K\u00f5rvakliinik\" \/>\n<meta property=\"article:modified_time\" content=\"2023-05-17T07:17:31+00:00\" \/>\n<meta name=\"twitter:card\" content=\"summary_large_image\" \/>\n<script type=\"application\/ld+json\" class=\"yoast-schema-graph\">{\"@context\":\"https:\/\/schema.org\",\"@graph\":[{\"@type\":\"WebPage\",\"@id\":\"https:\/\/www.kliinikum.ee\/korvakliinik\/erakorraline-abi\/\",\"url\":\"https:\/\/www.kliinikum.ee\/korvakliinik\/erakorraline-abi\/\",\"name\":\"Erakorraline abi - K\u00f5rvakliinik\",\"isPartOf\":{\"@id\":\"https:\/\/www.kliinikum.ee\/korvakliinik\/#website\"},\"datePublished\":\"2022-11-27T17:26:50+00:00\",\"dateModified\":\"2023-05-17T07:17:31+00:00\",\"inLanguage\":\"et\",\"potentialAction\":[{\"@type\":\"ReadAction\",\"target\":[\"https:\/\/www.kliinikum.ee\/korvakliinik\/erakorraline-abi\/\"]}]},{\"@type\":\"WebSite\",\"@id\":\"https:\/\/www.kliinikum.ee\/korvakliinik\/#website\",\"url\":\"https:\/\/www.kliinikum.ee\/korvakliinik\/\",\"name\":\"K\u00f5rvakliinik\",\"description\":\"Hoolivus, Uuendusmeelsus, P\u00e4devus ja Usaldusv\u00e4\u00e4rsus\",\"potentialAction\":[{\"@type\":\"SearchAction\",\"target\":{\"@type\":\"EntryPoint\",\"urlTemplate\":\"https:\/\/www.kliinikum.ee\/korvakliinik\/?s={search_term_string}\"},\"query-input\":{\"@type\":\"PropertyValueSpecification\",\"valueRequired\":true,\"valueName\":\"search_term_string\"}}],\"inLanguage\":\"et\"}]}<\/script>\n<!-- \/ Yoast SEO plugin. -->","yoast_head_json":{"title":"Erakorraline abi - K\u00f5rvakliinik","robots":{"index":"index","follow":"follow","max-snippet":"max-snippet:-1","max-image-preview":"max-image-preview:large","max-video-preview":"max-video-preview:-1"},"canonical":"https:\/\/www.kliinikum.ee\/korvakliinik\/erakorraline-abi\/","og_locale":"et_EE","og_type":"article","og_title":"Erakorraline abi - K\u00f5rvakliinik","og_url":"https:\/\/www.kliinikum.ee\/korvakliinik\/erakorraline-abi\/","og_site_name":"K\u00f5rvakliinik","article_modified_time":"2023-05-17T07:17:31+00:00","twitter_card":"summary_large_image","schema":{"@context":"https:\/\/schema.org","@graph":[{"@type":"WebPage","@id":"https:\/\/www.kliinikum.ee\/korvakliinik\/erakorraline-abi\/","url":"https:\/\/www.kliinikum.ee\/korvakliinik\/erakorraline-abi\/","name":"Erakorraline abi - K\u00f5rvakliinik","isPartOf":{"@id":"https:\/\/www.kliinikum.ee\/korvakliinik\/#website"},"datePublished":"2022-11-27T17:26:50+00:00","dateModified":"2023-05-17T07:17:31+00:00","inLanguage":"et","potentialAction":[{"@type":"ReadAction","target":["https:\/\/www.kliinikum.ee\/korvakliinik\/erakorraline-abi\/"]}]},{"@type":"WebSite","@id":"https:\/\/www.kliinikum.ee\/korvakliinik\/#website","url":"https:\/\/www.kliinikum.ee\/korvakliinik\/","name":"K\u00f5rvakliinik","description":"Hoolivus, Uuendusmeelsus, P\u00e4devus ja Usaldusv\u00e4\u00e4rsus","potentialAction":[{"@type":"SearchAction","target":{"@type":"EntryPoint","urlTemplate":"https:\/\/www.kliinikum.ee\/korvakliinik\/?s={search_term_string}"},"query-input":{"@type":"PropertyValueSpecification","valueRequired":true,"valueName":"search_term_string"}}],"inLanguage":"et"}]}},"uagb_featured_image_src":{"full":false,"thumbnail":false,"medium":false,"medium_large":false,"large":false,"1536x1536":false,"2048x2048":false},"uagb_author_info":{"display_name":"erkky","author_link":"https:\/\/www.kliinikum.ee\/korvakliinik\/author\/erkky\/"},"uagb_comment_info":0,"uagb_excerpt":null,"_links":{"self":[{"href":"https:\/\/www.kliinikum.ee\/korvakliinik\/wp-json\/wp\/v2\/pages\/184","targetHints":{"allow":["GET"]}}],"collection":[{"href":"https:\/\/www.kliinikum.ee\/korvakliinik\/wp-json\/wp\/v2\/pages"}],"about":[{"href":"https:\/\/www.kliinikum.ee\/korvakliinik\/wp-json\/wp\/v2\/types\/page"}],"author":[{"embeddable":true,"href":"https:\/\/www.kliinikum.ee\/korvakliinik\/wp-json\/wp\/v2\/users\/31"}],"replies":[{"embeddable":true,"href":"https:\/\/www.kliinikum.ee\/korvakliinik\/wp-json\/wp\/v2\/comments?post=184"}],"version-history":[{"count":3,"href":"https:\/\/www.kliinikum.ee\/korvakliinik\/wp-json\/wp\/v2\/pages\/184\/revisions"}],"predecessor-version":[{"id":6276,"href":"https:\/\/www.kliinikum.ee\/korvakliinik\/wp-json\/wp\/v2\/pages\/184\/revisions\/6276"}],"wp:attachment":[{"href":"https:\/\/www.kliinikum.ee\/korvakliinik\/wp-json\/wp\/v2\/media?parent=184"}],"curies":[{"name":"wp","href":"https:\/\/api.w.org\/{rel}","templated":true}]}}