{"id":6150,"date":"2023-04-12T09:13:35","date_gmt":"2023-04-12T07:13:35","guid":{"rendered":"https:\/\/www.kliinikum.ee\/korvakliinik\/?page_id=6150"},"modified":"2024-11-08T10:49:53","modified_gmt":"2024-11-08T08:49:53","slug":"kuulmiskeskus","status":"publish","type":"page","link":"https:\/\/www.kliinikum.ee\/korvakliinik\/kuulmiskeskus\/","title":{"rendered":"Kuulmise ja k\u00f5nestamise keskus"},"content":{"rendered":"\n<figure class=\"wp-block-image size-large is-resized\"><img loading=\"lazy\" decoding=\"async\" width=\"1024\" height=\"664\" src=\"https:\/\/www.kliinikum.ee\/korvakliinik\/wp-content\/uploads\/2023\/11\/IMG_8685-1024x664.jpg\" alt=\"\" class=\"wp-image-9304\" style=\"object-fit:cover;width:820px;height:420px\" srcset=\"https:\/\/www.kliinikum.ee\/korvakliinik\/wp-content\/uploads\/2023\/11\/IMG_8685-1024x664.jpg 1024w, https:\/\/www.kliinikum.ee\/korvakliinik\/wp-content\/uploads\/2023\/11\/IMG_8685-300x195.jpg 300w, https:\/\/www.kliinikum.ee\/korvakliinik\/wp-content\/uploads\/2023\/11\/IMG_8685-768x498.jpg 768w, https:\/\/www.kliinikum.ee\/korvakliinik\/wp-content\/uploads\/2023\/11\/IMG_8685-1536x997.jpg 1536w, https:\/\/www.kliinikum.ee\/korvakliinik\/wp-content\/uploads\/2023\/11\/IMG_8685-2048x1329.jpg 2048w, https:\/\/www.kliinikum.ee\/korvakliinik\/wp-content\/uploads\/2023\/11\/IMG_8685-scaled.jpg 2560w\" sizes=\"auto, (max-width: 1024px) 100vw, 1024px\" \/><\/figure>\n\n\n\n<p class=\"has-medium-font-size\">Kuulmise ja k\u00f5nestamise keskuses pakume Teile j\u00e4rgmisi teenuseid ja raviviise:<\/p>\n\n\n\n<ol class=\"wp-block-list\">\n<li class=\"has-medium-font-size\">kuulmisuuringud ja ravi, sh vasts\u00fcndinute kuulmisuuringud ja lapse l\u00e4hiv\u00f5rgustiku n\u00f5ustamine<\/li>\n\n\n\n<li class=\"has-medium-font-size\">tasakaalu-uuringud ja ravi<\/li>\n\n\n\n<li class=\"has-medium-font-size\">k\u00f5rvakohinate uuringud ja ravi<\/li>\n\n\n\n<li class=\"has-medium-font-size\">logopeedilised uuringud ja ravi - erinevas vanuses laste ja t\u00e4iskasvanute kuulmislangusest tulenevate k\u00f5neh\u00e4irete ja teiste k\u00f5neprobleemide diagnostika (sh afaasia, alaalia, d\u00fcsartria, kogelus, rinolaalia, h\u00e4\u00e4lduspuuded, lugemis- ja kirjutamisraskused, h\u00e4\u00e4leh\u00e4ired) ja (re)habilitatsioon<\/li>\n\n\n\n<li class=\"has-medium-font-size\">kuulmistehniline rehabilitatsioon:\n<ul class=\"wp-block-list\">\n<li>kuuldeaparaatide sobitamine, reguleerimine ja m\u00fc\u00fck (sh riigipoolse soodustusega), kuuldeaparaatide otsakute valmistamine, patareide ja akude m\u00fc\u00fck<\/li>\n\n\n\n<li>teiste kuulmisabivahendite alane n\u00f5ustamine ja m\u00fc\u00fck (sh riigipoolse soodustusega) - n\u00e4iteks raadio\u00fclekandes\u00fcsteemid<\/li>\n\n\n\n<li>sisek\u00f5rva implantatsiooniga seotud n\u00f5ustamine ja (re)habilitatsioon<\/li>\n<\/ul>\n<\/li>\n\n\n\n<li class=\"has-medium-font-size\">toetavad teenused - ps\u00fchholoogiline n\u00f5ustamine, sotsiaaln\u00f5ustamine<\/li>\n<\/ol>\n\n\n\n<p class=\"has-medium-font-size\">Kuulmisabivahendeid puudutava info saamiseks p\u00f6\u00f6rduge palun sekret\u00e4ri poole:<br>telefon 731 9478<br>E-R 8.00-15.00<br><a href=\"mailto:katrin.korbun@kliinikum.ee\">katrin.korbun@kliinikum.ee<\/a><\/p>\n\n\n\n<p class=\"has-medium-font-size\">Sotsiaalt\u00f6\u00f6taja<br>731 9479<br>5331 8985<br><a href=\"mailto:mari.reilson@kliinikum.ee\">mari.reilson@kliinikum.ee<\/a><\/p>\n","protected":false},"excerpt":{"rendered":"<p>Kuulmise ja k\u00f5nestamise keskuses pakume Teile j\u00e4rgmisi teenuseid ja raviviise: Kuulmisabivahendeid puudutava info saamiseks p\u00f6\u00f6rduge palun sekret\u00e4ri poole:telefon 731 9478E-R 8.00-15.00katrin.korbun@kliinikum.ee Sotsiaalt\u00f6\u00f6taja731 94795331 8985mari.reilson@kliinikum.ee<\/p>\n","protected":false},"author":32,"featured_media":0,"parent":0,"menu_order":0,"comment_status":"closed","ping_status":"closed","template":"","meta":{"_acf_changed":false,"_uag_custom_page_level_css":"","footnotes":""},"class_list":["post-6150","page","type-page","status-publish","hentry"],"acf":[],"yoast_head":"<!-- This site is optimized with the Yoast SEO plugin v27.3 - https:\/\/yoast.com\/product\/yoast-seo-wordpress\/ -->\n<title>Kuulmise ja k\u00f5nestamise keskus - K\u00f5rvakliinik<\/title>\n<meta name=\"robots\" content=\"index, follow, max-snippet:-1, max-image-preview:large, max-video-preview:-1\" \/>\n<link rel=\"canonical\" href=\"https:\/\/www.kliinikum.ee\/korvakliinik\/kuulmiskeskus\/\" \/>\n<meta property=\"og:locale\" content=\"et_EE\" \/>\n<meta property=\"og:type\" content=\"article\" \/>\n<meta property=\"og:title\" content=\"Kuulmise ja k\u00f5nestamise keskus - K\u00f5rvakliinik\" \/>\n<meta property=\"og:description\" content=\"Kuulmise ja k\u00f5nestamise keskuses pakume Teile j\u00e4rgmisi teenuseid ja raviviise: Kuulmisabivahendeid puudutava info saamiseks p\u00f6\u00f6rduge palun sekret\u00e4ri poole:telefon 731 9478E-R 8.00-15.00katrin.korbun@kliinikum.ee Sotsiaalt\u00f6\u00f6taja731 94795331 8985mari.reilson@kliinikum.ee\" \/>\n<meta property=\"og:url\" content=\"https:\/\/www.kliinikum.ee\/korvakliinik\/kuulmiskeskus\/\" \/>\n<meta property=\"og:site_name\" content=\"K\u00f5rvakliinik\" \/>\n<meta property=\"article:modified_time\" content=\"2024-11-08T08:49:53+00:00\" \/>\n<meta property=\"og:image\" content=\"https:\/\/www.kliinikum.ee\/korvakliinik\/wp-content\/uploads\/2023\/11\/IMG_8685-1024x664.jpg\" \/>\n<meta name=\"twitter:card\" content=\"summary_large_image\" \/>\n<meta name=\"twitter:label1\" content=\"Est. reading time\" \/>\n\t<meta name=\"twitter:data1\" content=\"1 minut\" \/>\n<script type=\"application\/ld+json\" class=\"yoast-schema-graph\">{\"@context\":\"https:\\\/\\\/schema.org\",\"@graph\":[{\"@type\":\"WebPage\",\"@id\":\"https:\\\/\\\/www.kliinikum.ee\\\/korvakliinik\\\/kuulmiskeskus\\\/\",\"url\":\"https:\\\/\\\/www.kliinikum.ee\\\/korvakliinik\\\/kuulmiskeskus\\\/\",\"name\":\"Kuulmise ja k\u00f5nestamise keskus - K\u00f5rvakliinik\",\"isPartOf\":{\"@id\":\"https:\\\/\\\/www.kliinikum.ee\\\/korvakliinik\\\/#website\"},\"primaryImageOfPage\":{\"@id\":\"https:\\\/\\\/www.kliinikum.ee\\\/korvakliinik\\\/kuulmiskeskus\\\/#primaryimage\"},\"image\":{\"@id\":\"https:\\\/\\\/www.kliinikum.ee\\\/korvakliinik\\\/kuulmiskeskus\\\/#primaryimage\"},\"thumbnailUrl\":\"https:\\\/\\\/www.kliinikum.ee\\\/korvakliinik\\\/wp-content\\\/uploads\\\/2023\\\/11\\\/IMG_8685-1024x664.jpg\",\"datePublished\":\"2023-04-12T07:13:35+00:00\",\"dateModified\":\"2024-11-08T08:49:53+00:00\",\"inLanguage\":\"et\",\"potentialAction\":[{\"@type\":\"ReadAction\",\"target\":[\"https:\\\/\\\/www.kliinikum.ee\\\/korvakliinik\\\/kuulmiskeskus\\\/\"]}]},{\"@type\":\"ImageObject\",\"inLanguage\":\"et\",\"@id\":\"https:\\\/\\\/www.kliinikum.ee\\\/korvakliinik\\\/kuulmiskeskus\\\/#primaryimage\",\"url\":\"https:\\\/\\\/www.kliinikum.ee\\\/korvakliinik\\\/wp-content\\\/uploads\\\/2023\\\/11\\\/IMG_8685-scaled.jpg\",\"contentUrl\":\"https:\\\/\\\/www.kliinikum.ee\\\/korvakliinik\\\/wp-content\\\/uploads\\\/2023\\\/11\\\/IMG_8685-scaled.jpg\",\"width\":2560,\"height\":1661},{\"@type\":\"WebSite\",\"@id\":\"https:\\\/\\\/www.kliinikum.ee\\\/korvakliinik\\\/#website\",\"url\":\"https:\\\/\\\/www.kliinikum.ee\\\/korvakliinik\\\/\",\"name\":\"K\u00f5rvakliinik\",\"description\":\"Hoolivus, Uuendusmeelsus, P\u00e4devus ja Usaldusv\u00e4\u00e4rsus\",\"potentialAction\":[{\"@type\":\"SearchAction\",\"target\":{\"@type\":\"EntryPoint\",\"urlTemplate\":\"https:\\\/\\\/www.kliinikum.ee\\\/korvakliinik\\\/?s={search_term_string}\"},\"query-input\":{\"@type\":\"PropertyValueSpecification\",\"valueRequired\":true,\"valueName\":\"search_term_string\"}}],\"inLanguage\":\"et\"}]}<\/script>\n<!-- \/ Yoast SEO plugin. -->","yoast_head_json":{"title":"Kuulmise ja k\u00f5nestamise keskus - K\u00f5rvakliinik","robots":{"index":"index","follow":"follow","max-snippet":"max-snippet:-1","max-image-preview":"max-image-preview:large","max-video-preview":"max-video-preview:-1"},"canonical":"https:\/\/www.kliinikum.ee\/korvakliinik\/kuulmiskeskus\/","og_locale":"et_EE","og_type":"article","og_title":"Kuulmise ja k\u00f5nestamise keskus - K\u00f5rvakliinik","og_description":"Kuulmise ja k\u00f5nestamise keskuses pakume Teile j\u00e4rgmisi teenuseid ja raviviise: Kuulmisabivahendeid puudutava info saamiseks p\u00f6\u00f6rduge palun sekret\u00e4ri poole:telefon 731 9478E-R 8.00-15.00katrin.korbun@kliinikum.ee Sotsiaalt\u00f6\u00f6taja731 94795331 8985mari.reilson@kliinikum.ee","og_url":"https:\/\/www.kliinikum.ee\/korvakliinik\/kuulmiskeskus\/","og_site_name":"K\u00f5rvakliinik","article_modified_time":"2024-11-08T08:49:53+00:00","og_image":[{"url":"https:\/\/www.kliinikum.ee\/korvakliinik\/wp-content\/uploads\/2023\/11\/IMG_8685-1024x664.jpg","type":"","width":"","height":""}],"twitter_card":"summary_large_image","twitter_misc":{"Est. reading time":"1 minut"},"schema":{"@context":"https:\/\/schema.org","@graph":[{"@type":"WebPage","@id":"https:\/\/www.kliinikum.ee\/korvakliinik\/kuulmiskeskus\/","url":"https:\/\/www.kliinikum.ee\/korvakliinik\/kuulmiskeskus\/","name":"Kuulmise ja k\u00f5nestamise keskus - K\u00f5rvakliinik","isPartOf":{"@id":"https:\/\/www.kliinikum.ee\/korvakliinik\/#website"},"primaryImageOfPage":{"@id":"https:\/\/www.kliinikum.ee\/korvakliinik\/kuulmiskeskus\/#primaryimage"},"image":{"@id":"https:\/\/www.kliinikum.ee\/korvakliinik\/kuulmiskeskus\/#primaryimage"},"thumbnailUrl":"https:\/\/www.kliinikum.ee\/korvakliinik\/wp-content\/uploads\/2023\/11\/IMG_8685-1024x664.jpg","datePublished":"2023-04-12T07:13:35+00:00","dateModified":"2024-11-08T08:49:53+00:00","inLanguage":"et","potentialAction":[{"@type":"ReadAction","target":["https:\/\/www.kliinikum.ee\/korvakliinik\/kuulmiskeskus\/"]}]},{"@type":"ImageObject","inLanguage":"et","@id":"https:\/\/www.kliinikum.ee\/korvakliinik\/kuulmiskeskus\/#primaryimage","url":"https:\/\/www.kliinikum.ee\/korvakliinik\/wp-content\/uploads\/2023\/11\/IMG_8685-scaled.jpg","contentUrl":"https:\/\/www.kliinikum.ee\/korvakliinik\/wp-content\/uploads\/2023\/11\/IMG_8685-scaled.jpg","width":2560,"height":1661},{"@type":"WebSite","@id":"https:\/\/www.kliinikum.ee\/korvakliinik\/#website","url":"https:\/\/www.kliinikum.ee\/korvakliinik\/","name":"K\u00f5rvakliinik","description":"Hoolivus, Uuendusmeelsus, P\u00e4devus ja Usaldusv\u00e4\u00e4rsus","potentialAction":[{"@type":"SearchAction","target":{"@type":"EntryPoint","urlTemplate":"https:\/\/www.kliinikum.ee\/korvakliinik\/?s={search_term_string}"},"query-input":{"@type":"PropertyValueSpecification","valueRequired":true,"valueName":"search_term_string"}}],"inLanguage":"et"}]}},"uagb_featured_image_src":{"full":false,"thumbnail":false,"medium":false,"medium_large":false,"large":false,"1536x1536":false,"2048x2048":false},"uagb_author_info":{"display_name":"Jane Freimann","author_link":"https:\/\/www.kliinikum.ee\/korvakliinik\/author\/janef\/"},"uagb_comment_info":0,"uagb_excerpt":"Kuulmise ja k\u00f5nestamise keskuses pakume Teile j\u00e4rgmisi teenuseid ja raviviise: Kuulmisabivahendeid puudutava info saamiseks p\u00f6\u00f6rduge palun sekret\u00e4ri poole:telefon 731 9478E-R 8.00-15.00katrin.korbun@kliinikum.ee Sotsiaalt\u00f6\u00f6taja731 94795331 8985mari.reilson@kliinikum.ee","_links":{"self":[{"href":"https:\/\/www.kliinikum.ee\/korvakliinik\/wp-json\/wp\/v2\/pages\/6150","targetHints":{"allow":["GET"]}}],"collection":[{"href":"https:\/\/www.kliinikum.ee\/korvakliinik\/wp-json\/wp\/v2\/pages"}],"about":[{"href":"https:\/\/www.kliinikum.ee\/korvakliinik\/wp-json\/wp\/v2\/types\/page"}],"author":[{"embeddable":true,"href":"https:\/\/www.kliinikum.ee\/korvakliinik\/wp-json\/wp\/v2\/users\/32"}],"replies":[{"embeddable":true,"href":"https:\/\/www.kliinikum.ee\/korvakliinik\/wp-json\/wp\/v2\/comments?post=6150"}],"version-history":[{"count":0,"href":"https:\/\/www.kliinikum.ee\/korvakliinik\/wp-json\/wp\/v2\/pages\/6150\/revisions"}],"wp:attachment":[{"href":"https:\/\/www.kliinikum.ee\/korvakliinik\/wp-json\/wp\/v2\/media?parent=6150"}],"curies":[{"name":"wp","href":"https:\/\/api.w.org\/{rel}","templated":true}]}}