{"id":6159,"date":"2023-04-12T10:18:06","date_gmt":"2023-04-12T08:18:06","guid":{"rendered":"https:\/\/www.kliinikum.ee\/korvakliinik\/?page_id=6159"},"modified":"2023-08-08T09:45:25","modified_gmt":"2023-08-08T07:45:25","slug":"vastuvotuajad","status":"publish","type":"page","link":"https:\/\/www.kliinikum.ee\/korvakliinik\/patsiendile\/vastuvotuajad\/","title":{"rendered":"Vastuv\u00f5tuajad"},"content":{"rendered":"\n<p class=\"has-medium-font-size\"><a href=\"https:\/\/www.kliinikum.ee\/valdkond\/otorinolarungoloogia\/\">Ambulatoorsed vastuv\u00f5tud&nbsp;\/ otorinolar\u00fcngoloogia<\/a><\/p>\n","protected":false},"excerpt":{"rendered":"<p>Ambulatoorsed vastuv\u00f5tud&nbsp;\/ otorinolar\u00fcngoloogia<\/p>\n","protected":false},"author":32,"featured_media":0,"parent":15,"menu_order":3,"comment_status":"closed","ping_status":"closed","template":"","meta":{"_acf_changed":false,"_uag_custom_page_level_css":"","footnotes":""},"class_list":["post-6159","page","type-page","status-publish","hentry"],"acf":[],"yoast_head":"<!-- This site is optimized with the Yoast SEO plugin v27.3 - https:\/\/yoast.com\/product\/yoast-seo-wordpress\/ -->\n<title>Vastuv\u00f5tuajad - K\u00f5rvakliinik<\/title>\n<meta name=\"robots\" content=\"index, follow, max-snippet:-1, max-image-preview:large, max-video-preview:-1\" \/>\n<link rel=\"canonical\" href=\"https:\/\/www.kliinikum.ee\/korvakliinik\/patsiendile\/vastuvotuajad\/\" \/>\n<meta property=\"og:locale\" content=\"et_EE\" \/>\n<meta property=\"og:type\" content=\"article\" \/>\n<meta property=\"og:title\" content=\"Vastuv\u00f5tuajad - K\u00f5rvakliinik\" \/>\n<meta property=\"og:description\" content=\"Ambulatoorsed vastuv\u00f5tud&nbsp;\/ otorinolar\u00fcngoloogia\" \/>\n<meta property=\"og:url\" content=\"https:\/\/www.kliinikum.ee\/korvakliinik\/patsiendile\/vastuvotuajad\/\" \/>\n<meta property=\"og:site_name\" content=\"K\u00f5rvakliinik\" \/>\n<meta property=\"article:modified_time\" content=\"2023-08-08T07:45:25+00:00\" \/>\n<meta name=\"twitter:card\" content=\"summary_large_image\" \/>\n<meta name=\"twitter:label1\" content=\"Est. reading time\" \/>\n\t<meta name=\"twitter:data1\" content=\"1 minut\" \/>\n<script type=\"application\/ld+json\" class=\"yoast-schema-graph\">{\"@context\":\"https:\\\/\\\/schema.org\",\"@graph\":[{\"@type\":\"WebPage\",\"@id\":\"https:\\\/\\\/www.kliinikum.ee\\\/korvakliinik\\\/patsiendile\\\/vastuvotuajad\\\/\",\"url\":\"https:\\\/\\\/www.kliinikum.ee\\\/korvakliinik\\\/patsiendile\\\/vastuvotuajad\\\/\",\"name\":\"Vastuv\u00f5tuajad - K\u00f5rvakliinik\",\"isPartOf\":{\"@id\":\"https:\\\/\\\/www.kliinikum.ee\\\/korvakliinik\\\/#website\"},\"datePublished\":\"2023-04-12T08:18:06+00:00\",\"dateModified\":\"2023-08-08T07:45:25+00:00\",\"breadcrumb\":{\"@id\":\"https:\\\/\\\/www.kliinikum.ee\\\/korvakliinik\\\/patsiendile\\\/vastuvotuajad\\\/#breadcrumb\"},\"inLanguage\":\"et\",\"potentialAction\":[{\"@type\":\"ReadAction\",\"target\":[\"https:\\\/\\\/www.kliinikum.ee\\\/korvakliinik\\\/patsiendile\\\/vastuvotuajad\\\/\"]}]},{\"@type\":\"BreadcrumbList\",\"@id\":\"https:\\\/\\\/www.kliinikum.ee\\\/korvakliinik\\\/patsiendile\\\/vastuvotuajad\\\/#breadcrumb\",\"itemListElement\":[{\"@type\":\"ListItem\",\"position\":1,\"name\":\"Patsiendile\",\"item\":\"https:\\\/\\\/www.kliinikum.ee\\\/korvakliinik\\\/patsiendile\\\/\"},{\"@type\":\"ListItem\",\"position\":2,\"name\":\"Vastuv\u00f5tuajad\"}]},{\"@type\":\"WebSite\",\"@id\":\"https:\\\/\\\/www.kliinikum.ee\\\/korvakliinik\\\/#website\",\"url\":\"https:\\\/\\\/www.kliinikum.ee\\\/korvakliinik\\\/\",\"name\":\"K\u00f5rvakliinik\",\"description\":\"Hoolivus, Uuendusmeelsus, P\u00e4devus ja Usaldusv\u00e4\u00e4rsus\",\"potentialAction\":[{\"@type\":\"SearchAction\",\"target\":{\"@type\":\"EntryPoint\",\"urlTemplate\":\"https:\\\/\\\/www.kliinikum.ee\\\/korvakliinik\\\/?s={search_term_string}\"},\"query-input\":{\"@type\":\"PropertyValueSpecification\",\"valueRequired\":true,\"valueName\":\"search_term_string\"}}],\"inLanguage\":\"et\"}]}<\/script>\n<!-- \/ Yoast SEO plugin. -->","yoast_head_json":{"title":"Vastuv\u00f5tuajad - K\u00f5rvakliinik","robots":{"index":"index","follow":"follow","max-snippet":"max-snippet:-1","max-image-preview":"max-image-preview:large","max-video-preview":"max-video-preview:-1"},"canonical":"https:\/\/www.kliinikum.ee\/korvakliinik\/patsiendile\/vastuvotuajad\/","og_locale":"et_EE","og_type":"article","og_title":"Vastuv\u00f5tuajad - K\u00f5rvakliinik","og_description":"Ambulatoorsed vastuv\u00f5tud&nbsp;\/ otorinolar\u00fcngoloogia","og_url":"https:\/\/www.kliinikum.ee\/korvakliinik\/patsiendile\/vastuvotuajad\/","og_site_name":"K\u00f5rvakliinik","article_modified_time":"2023-08-08T07:45:25+00:00","twitter_card":"summary_large_image","twitter_misc":{"Est. reading time":"1 minut"},"schema":{"@context":"https:\/\/schema.org","@graph":[{"@type":"WebPage","@id":"https:\/\/www.kliinikum.ee\/korvakliinik\/patsiendile\/vastuvotuajad\/","url":"https:\/\/www.kliinikum.ee\/korvakliinik\/patsiendile\/vastuvotuajad\/","name":"Vastuv\u00f5tuajad - K\u00f5rvakliinik","isPartOf":{"@id":"https:\/\/www.kliinikum.ee\/korvakliinik\/#website"},"datePublished":"2023-04-12T08:18:06+00:00","dateModified":"2023-08-08T07:45:25+00:00","breadcrumb":{"@id":"https:\/\/www.kliinikum.ee\/korvakliinik\/patsiendile\/vastuvotuajad\/#breadcrumb"},"inLanguage":"et","potentialAction":[{"@type":"ReadAction","target":["https:\/\/www.kliinikum.ee\/korvakliinik\/patsiendile\/vastuvotuajad\/"]}]},{"@type":"BreadcrumbList","@id":"https:\/\/www.kliinikum.ee\/korvakliinik\/patsiendile\/vastuvotuajad\/#breadcrumb","itemListElement":[{"@type":"ListItem","position":1,"name":"Patsiendile","item":"https:\/\/www.kliinikum.ee\/korvakliinik\/patsiendile\/"},{"@type":"ListItem","position":2,"name":"Vastuv\u00f5tuajad"}]},{"@type":"WebSite","@id":"https:\/\/www.kliinikum.ee\/korvakliinik\/#website","url":"https:\/\/www.kliinikum.ee\/korvakliinik\/","name":"K\u00f5rvakliinik","description":"Hoolivus, Uuendusmeelsus, P\u00e4devus ja Usaldusv\u00e4\u00e4rsus","potentialAction":[{"@type":"SearchAction","target":{"@type":"EntryPoint","urlTemplate":"https:\/\/www.kliinikum.ee\/korvakliinik\/?s={search_term_string}"},"query-input":{"@type":"PropertyValueSpecification","valueRequired":true,"valueName":"search_term_string"}}],"inLanguage":"et"}]}},"uagb_featured_image_src":{"full":false,"thumbnail":false,"medium":false,"medium_large":false,"large":false,"1536x1536":false,"2048x2048":false},"uagb_author_info":{"display_name":"Jane Freimann","author_link":"https:\/\/www.kliinikum.ee\/korvakliinik\/author\/janef\/"},"uagb_comment_info":0,"uagb_excerpt":"Ambulatoorsed vastuv\u00f5tud&nbsp;\/ otorinolar\u00fcngoloogia","_links":{"self":[{"href":"https:\/\/www.kliinikum.ee\/korvakliinik\/wp-json\/wp\/v2\/pages\/6159","targetHints":{"allow":["GET"]}}],"collection":[{"href":"https:\/\/www.kliinikum.ee\/korvakliinik\/wp-json\/wp\/v2\/pages"}],"about":[{"href":"https:\/\/www.kliinikum.ee\/korvakliinik\/wp-json\/wp\/v2\/types\/page"}],"author":[{"embeddable":true,"href":"https:\/\/www.kliinikum.ee\/korvakliinik\/wp-json\/wp\/v2\/users\/32"}],"replies":[{"embeddable":true,"href":"https:\/\/www.kliinikum.ee\/korvakliinik\/wp-json\/wp\/v2\/comments?post=6159"}],"version-history":[{"count":0,"href":"https:\/\/www.kliinikum.ee\/korvakliinik\/wp-json\/wp\/v2\/pages\/6159\/revisions"}],"up":[{"embeddable":true,"href":"https:\/\/www.kliinikum.ee\/korvakliinik\/wp-json\/wp\/v2\/pages\/15"}],"wp:attachment":[{"href":"https:\/\/www.kliinikum.ee\/korvakliinik\/wp-json\/wp\/v2\/media?parent=6159"}],"curies":[{"name":"wp","href":"https:\/\/api.w.org\/{rel}","templated":true}]}}