{"id":6186,"date":"2023-05-10T07:24:45","date_gmt":"2023-05-10T05:24:45","guid":{"rendered":"https:\/\/www.kliinikum.ee\/korvakliinik\/?page_id=6186"},"modified":"2025-04-03T07:44:29","modified_gmt":"2025-04-03T05:44:29","slug":"erakorraline-vastuvott","status":"publish","type":"page","link":"https:\/\/www.kliinikum.ee\/korvakliinik\/patsiendile\/erakorraline-vastuvott\/","title":{"rendered":"Erakorraline vastuv\u00f5tt"},"content":{"rendered":"\n<figure class=\"wp-block-image size-large is-resized\"><img loading=\"lazy\" decoding=\"async\" width=\"1024\" height=\"683\" src=\"https:\/\/www.kliinikum.ee\/korvakliinik\/wp-content\/uploads\/2023\/11\/C-corpus-1-korrus-ooteala-1024x683.jpg\" alt=\"\" class=\"wp-image-9282\" style=\"object-fit:cover;width:800px;height:400px\" srcset=\"https:\/\/www.kliinikum.ee\/korvakliinik\/wp-content\/uploads\/2023\/11\/C-corpus-1-korrus-ooteala-1024x683.jpg 1024w, https:\/\/www.kliinikum.ee\/korvakliinik\/wp-content\/uploads\/2023\/11\/C-corpus-1-korrus-ooteala-300x200.jpg 300w, https:\/\/www.kliinikum.ee\/korvakliinik\/wp-content\/uploads\/2023\/11\/C-corpus-1-korrus-ooteala-768x512.jpg 768w, https:\/\/www.kliinikum.ee\/korvakliinik\/wp-content\/uploads\/2023\/11\/C-corpus-1-korrus-ooteala-1536x1024.jpg 1536w, https:\/\/www.kliinikum.ee\/korvakliinik\/wp-content\/uploads\/2023\/11\/C-corpus-1-korrus-ooteala-2048x1365.jpg 2048w, https:\/\/www.kliinikum.ee\/korvakliinik\/wp-content\/uploads\/2023\/11\/C-corpus-1-korrus-ooteala-scaled.jpg 2560w\" sizes=\"auto, (max-width: 1024px) 100vw, 1024px\" \/><\/figure>\n\n\n\n<p class=\"has-medium-font-size\">L. Puusepa 8, C-korpus, I korrus<\/p>\n\n\n\n<p class=\"has-medium-font-size\">K\u00f5rvakliiniku erakorralise vastuv\u00f5tu kabinetis osutatakse k\u00f5rva-, nina- ja kurguhaigustega seotud erakorralist abi t\u00e4iskasvanutele ja lastele.<\/p>\n\n\n\n<p class=\"has-medium-font-size\">Enne erakorralisele vastuv\u00f5tule p\u00f6\u00f6rdumist soovitame kasutada&nbsp;<a href=\"https:\/\/www.kliinikum.ee\/enesetest\/korvakliinik\">ENESETESTI<\/a>&nbsp;ja leida esmased juhised k\u00f5rva-nina-kurgu kaebuste korral.<\/p>\n\n\n\n<p class=\"has-medium-font-size\">Erakorralise abi vajadusel palume patsiendil k\u00f5igepealt p\u00f6\u00f6rduda L. Puusepa t\u00e4nava poolsesse registratuuri selle lahtioleku aegadel. Sealt juhatatakse Teid C-korpuse esimese korruse kabinetti 47 (ruum C1002).<br>Kui v\u00e4lisuks on suletud, helistage fonolukul olevat kella, misj\u00e4rel antakse Teile juhised sisenemiseks.<\/p>\n\n\n\n<p class=\"has-medium-font-size\">K\u00f5rvakliinikusse kiirabiga saabuvad patsiendid sisenevad l\u00e4bi F-korpuse.<\/p>\n\n\n\n<p class=\"has-medium-font-size\">Rohkem infot siin: <a href=\"https:\/\/www.kliinikum.ee\/patsiendile\/erakorraline-vastuvott\/korvakliinik\/\" target=\"_blank\" rel=\"noreferrer noopener\">kliinikum.ee\/patsiendile\/erakorraline-vastuvott\/korvakliinik\/<\/a><\/p>\n\n\n\n<p><\/p>\n","protected":false},"excerpt":{"rendered":"<p>L. Puusepa 8, C-korpus, I korrus K\u00f5rvakliiniku erakorralise vastuv\u00f5tu kabinetis osutatakse k\u00f5rva-, nina- ja kurguhaigustega seotud erakorralist abi t\u00e4iskasvanutele ja lastele. Enne erakorralisele vastuv\u00f5tule p\u00f6\u00f6rdumist soovitame kasutada&nbsp;ENESETESTI&nbsp;ja leida esmased juhised k\u00f5rva-nina-kurgu kaebuste korral. Erakorralise abi vajadusel palume patsiendil k\u00f5igepealt p\u00f6\u00f6rduda L. Puusepa t\u00e4nava poolsesse registratuuri selle lahtioleku aegadel. Sealt juhatatakse Teid C-korpuse esimese korruse kabinetti [&hellip;]<\/p>\n","protected":false},"author":32,"featured_media":0,"parent":15,"menu_order":3,"comment_status":"closed","ping_status":"closed","template":"","meta":{"_acf_changed":false,"_uag_custom_page_level_css":"","footnotes":""},"class_list":["post-6186","page","type-page","status-publish","hentry"],"acf":[],"yoast_head":"<!-- This site is optimized with the Yoast SEO plugin v27.3 - https:\/\/yoast.com\/product\/yoast-seo-wordpress\/ -->\n<title>Erakorraline vastuv\u00f5tt - K\u00f5rvakliinik<\/title>\n<meta name=\"robots\" content=\"index, follow, max-snippet:-1, max-image-preview:large, max-video-preview:-1\" \/>\n<link rel=\"canonical\" href=\"https:\/\/www.kliinikum.ee\/korvakliinik\/patsiendile\/erakorraline-vastuvott\/\" \/>\n<meta property=\"og:locale\" content=\"et_EE\" \/>\n<meta property=\"og:type\" content=\"article\" \/>\n<meta property=\"og:title\" content=\"Erakorraline vastuv\u00f5tt - K\u00f5rvakliinik\" \/>\n<meta property=\"og:description\" content=\"L. Puusepa 8, C-korpus, I korrus K\u00f5rvakliiniku erakorralise vastuv\u00f5tu kabinetis osutatakse k\u00f5rva-, nina- ja kurguhaigustega seotud erakorralist abi t\u00e4iskasvanutele ja lastele. Enne erakorralisele vastuv\u00f5tule p\u00f6\u00f6rdumist soovitame kasutada&nbsp;ENESETESTI&nbsp;ja leida esmased juhised k\u00f5rva-nina-kurgu kaebuste korral. Erakorralise abi vajadusel palume patsiendil k\u00f5igepealt p\u00f6\u00f6rduda L. Puusepa t\u00e4nava poolsesse registratuuri selle lahtioleku aegadel. Sealt juhatatakse Teid C-korpuse esimese korruse kabinetti [&hellip;]\" \/>\n<meta property=\"og:url\" content=\"https:\/\/www.kliinikum.ee\/korvakliinik\/patsiendile\/erakorraline-vastuvott\/\" \/>\n<meta property=\"og:site_name\" content=\"K\u00f5rvakliinik\" \/>\n<meta property=\"article:modified_time\" content=\"2025-04-03T05:44:29+00:00\" \/>\n<meta property=\"og:image\" content=\"https:\/\/www.kliinikum.ee\/korvakliinik\/wp-content\/uploads\/2023\/11\/C-corpus-1-korrus-ooteala-scaled.jpg\" \/>\n\t<meta property=\"og:image:width\" content=\"2560\" \/>\n\t<meta property=\"og:image:height\" content=\"1706\" \/>\n\t<meta property=\"og:image:type\" content=\"image\/jpeg\" \/>\n<meta name=\"twitter:card\" content=\"summary_large_image\" \/>\n<meta name=\"twitter:label1\" content=\"Est. reading time\" \/>\n\t<meta name=\"twitter:data1\" content=\"1 minut\" \/>\n<script type=\"application\/ld+json\" class=\"yoast-schema-graph\">{\"@context\":\"https:\\\/\\\/schema.org\",\"@graph\":[{\"@type\":\"WebPage\",\"@id\":\"https:\\\/\\\/www.kliinikum.ee\\\/korvakliinik\\\/patsiendile\\\/erakorraline-vastuvott\\\/\",\"url\":\"https:\\\/\\\/www.kliinikum.ee\\\/korvakliinik\\\/patsiendile\\\/erakorraline-vastuvott\\\/\",\"name\":\"Erakorraline vastuv\u00f5tt - K\u00f5rvakliinik\",\"isPartOf\":{\"@id\":\"https:\\\/\\\/www.kliinikum.ee\\\/korvakliinik\\\/#website\"},\"primaryImageOfPage\":{\"@id\":\"https:\\\/\\\/www.kliinikum.ee\\\/korvakliinik\\\/patsiendile\\\/erakorraline-vastuvott\\\/#primaryimage\"},\"image\":{\"@id\":\"https:\\\/\\\/www.kliinikum.ee\\\/korvakliinik\\\/patsiendile\\\/erakorraline-vastuvott\\\/#primaryimage\"},\"thumbnailUrl\":\"https:\\\/\\\/www.kliinikum.ee\\\/korvakliinik\\\/wp-content\\\/uploads\\\/2023\\\/11\\\/C-corpus-1-korrus-ooteala-1024x683.jpg\",\"datePublished\":\"2023-05-10T05:24:45+00:00\",\"dateModified\":\"2025-04-03T05:44:29+00:00\",\"breadcrumb\":{\"@id\":\"https:\\\/\\\/www.kliinikum.ee\\\/korvakliinik\\\/patsiendile\\\/erakorraline-vastuvott\\\/#breadcrumb\"},\"inLanguage\":\"et\",\"potentialAction\":[{\"@type\":\"ReadAction\",\"target\":[\"https:\\\/\\\/www.kliinikum.ee\\\/korvakliinik\\\/patsiendile\\\/erakorraline-vastuvott\\\/\"]}]},{\"@type\":\"ImageObject\",\"inLanguage\":\"et\",\"@id\":\"https:\\\/\\\/www.kliinikum.ee\\\/korvakliinik\\\/patsiendile\\\/erakorraline-vastuvott\\\/#primaryimage\",\"url\":\"https:\\\/\\\/www.kliinikum.ee\\\/korvakliinik\\\/wp-content\\\/uploads\\\/2023\\\/11\\\/C-corpus-1-korrus-ooteala-scaled.jpg\",\"contentUrl\":\"https:\\\/\\\/www.kliinikum.ee\\\/korvakliinik\\\/wp-content\\\/uploads\\\/2023\\\/11\\\/C-corpus-1-korrus-ooteala-scaled.jpg\",\"width\":2560,\"height\":1706},{\"@type\":\"BreadcrumbList\",\"@id\":\"https:\\\/\\\/www.kliinikum.ee\\\/korvakliinik\\\/patsiendile\\\/erakorraline-vastuvott\\\/#breadcrumb\",\"itemListElement\":[{\"@type\":\"ListItem\",\"position\":1,\"name\":\"Patsiendile\",\"item\":\"https:\\\/\\\/www.kliinikum.ee\\\/korvakliinik\\\/patsiendile\\\/\"},{\"@type\":\"ListItem\",\"position\":2,\"name\":\"Erakorraline vastuv\u00f5tt\"}]},{\"@type\":\"WebSite\",\"@id\":\"https:\\\/\\\/www.kliinikum.ee\\\/korvakliinik\\\/#website\",\"url\":\"https:\\\/\\\/www.kliinikum.ee\\\/korvakliinik\\\/\",\"name\":\"K\u00f5rvakliinik\",\"description\":\"Hoolivus, Uuendusmeelsus, P\u00e4devus ja Usaldusv\u00e4\u00e4rsus\",\"potentialAction\":[{\"@type\":\"SearchAction\",\"target\":{\"@type\":\"EntryPoint\",\"urlTemplate\":\"https:\\\/\\\/www.kliinikum.ee\\\/korvakliinik\\\/?s={search_term_string}\"},\"query-input\":{\"@type\":\"PropertyValueSpecification\",\"valueRequired\":true,\"valueName\":\"search_term_string\"}}],\"inLanguage\":\"et\"}]}<\/script>\n<!-- \/ Yoast SEO plugin. -->","yoast_head_json":{"title":"Erakorraline vastuv\u00f5tt - K\u00f5rvakliinik","robots":{"index":"index","follow":"follow","max-snippet":"max-snippet:-1","max-image-preview":"max-image-preview:large","max-video-preview":"max-video-preview:-1"},"canonical":"https:\/\/www.kliinikum.ee\/korvakliinik\/patsiendile\/erakorraline-vastuvott\/","og_locale":"et_EE","og_type":"article","og_title":"Erakorraline vastuv\u00f5tt - K\u00f5rvakliinik","og_description":"L. Puusepa 8, C-korpus, I korrus K\u00f5rvakliiniku erakorralise vastuv\u00f5tu kabinetis osutatakse k\u00f5rva-, nina- ja kurguhaigustega seotud erakorralist abi t\u00e4iskasvanutele ja lastele. Enne erakorralisele vastuv\u00f5tule p\u00f6\u00f6rdumist soovitame kasutada&nbsp;ENESETESTI&nbsp;ja leida esmased juhised k\u00f5rva-nina-kurgu kaebuste korral. Erakorralise abi vajadusel palume patsiendil k\u00f5igepealt p\u00f6\u00f6rduda L. Puusepa t\u00e4nava poolsesse registratuuri selle lahtioleku aegadel. Sealt juhatatakse Teid C-korpuse esimese korruse kabinetti [&hellip;]","og_url":"https:\/\/www.kliinikum.ee\/korvakliinik\/patsiendile\/erakorraline-vastuvott\/","og_site_name":"K\u00f5rvakliinik","article_modified_time":"2025-04-03T05:44:29+00:00","og_image":[{"width":2560,"height":1706,"url":"https:\/\/www.kliinikum.ee\/korvakliinik\/wp-content\/uploads\/2023\/11\/C-corpus-1-korrus-ooteala-scaled.jpg","type":"image\/jpeg"}],"twitter_card":"summary_large_image","twitter_misc":{"Est. reading time":"1 minut"},"schema":{"@context":"https:\/\/schema.org","@graph":[{"@type":"WebPage","@id":"https:\/\/www.kliinikum.ee\/korvakliinik\/patsiendile\/erakorraline-vastuvott\/","url":"https:\/\/www.kliinikum.ee\/korvakliinik\/patsiendile\/erakorraline-vastuvott\/","name":"Erakorraline vastuv\u00f5tt - K\u00f5rvakliinik","isPartOf":{"@id":"https:\/\/www.kliinikum.ee\/korvakliinik\/#website"},"primaryImageOfPage":{"@id":"https:\/\/www.kliinikum.ee\/korvakliinik\/patsiendile\/erakorraline-vastuvott\/#primaryimage"},"image":{"@id":"https:\/\/www.kliinikum.ee\/korvakliinik\/patsiendile\/erakorraline-vastuvott\/#primaryimage"},"thumbnailUrl":"https:\/\/www.kliinikum.ee\/korvakliinik\/wp-content\/uploads\/2023\/11\/C-corpus-1-korrus-ooteala-1024x683.jpg","datePublished":"2023-05-10T05:24:45+00:00","dateModified":"2025-04-03T05:44:29+00:00","breadcrumb":{"@id":"https:\/\/www.kliinikum.ee\/korvakliinik\/patsiendile\/erakorraline-vastuvott\/#breadcrumb"},"inLanguage":"et","potentialAction":[{"@type":"ReadAction","target":["https:\/\/www.kliinikum.ee\/korvakliinik\/patsiendile\/erakorraline-vastuvott\/"]}]},{"@type":"ImageObject","inLanguage":"et","@id":"https:\/\/www.kliinikum.ee\/korvakliinik\/patsiendile\/erakorraline-vastuvott\/#primaryimage","url":"https:\/\/www.kliinikum.ee\/korvakliinik\/wp-content\/uploads\/2023\/11\/C-corpus-1-korrus-ooteala-scaled.jpg","contentUrl":"https:\/\/www.kliinikum.ee\/korvakliinik\/wp-content\/uploads\/2023\/11\/C-corpus-1-korrus-ooteala-scaled.jpg","width":2560,"height":1706},{"@type":"BreadcrumbList","@id":"https:\/\/www.kliinikum.ee\/korvakliinik\/patsiendile\/erakorraline-vastuvott\/#breadcrumb","itemListElement":[{"@type":"ListItem","position":1,"name":"Patsiendile","item":"https:\/\/www.kliinikum.ee\/korvakliinik\/patsiendile\/"},{"@type":"ListItem","position":2,"name":"Erakorraline vastuv\u00f5tt"}]},{"@type":"WebSite","@id":"https:\/\/www.kliinikum.ee\/korvakliinik\/#website","url":"https:\/\/www.kliinikum.ee\/korvakliinik\/","name":"K\u00f5rvakliinik","description":"Hoolivus, Uuendusmeelsus, P\u00e4devus ja Usaldusv\u00e4\u00e4rsus","potentialAction":[{"@type":"SearchAction","target":{"@type":"EntryPoint","urlTemplate":"https:\/\/www.kliinikum.ee\/korvakliinik\/?s={search_term_string}"},"query-input":{"@type":"PropertyValueSpecification","valueRequired":true,"valueName":"search_term_string"}}],"inLanguage":"et"}]}},"uagb_featured_image_src":{"full":false,"thumbnail":false,"medium":false,"medium_large":false,"large":false,"1536x1536":false,"2048x2048":false},"uagb_author_info":{"display_name":"Jane Freimann","author_link":"https:\/\/www.kliinikum.ee\/korvakliinik\/author\/janef\/"},"uagb_comment_info":0,"uagb_excerpt":"L. Puusepa 8, C-korpus, I korrus K\u00f5rvakliiniku erakorralise vastuv\u00f5tu kabinetis osutatakse k\u00f5rva-, nina- ja kurguhaigustega seotud erakorralist abi t\u00e4iskasvanutele ja lastele. Enne erakorralisele vastuv\u00f5tule p\u00f6\u00f6rdumist soovitame kasutada&nbsp;ENESETESTI&nbsp;ja leida esmased juhised k\u00f5rva-nina-kurgu kaebuste korral. Erakorralise abi vajadusel palume patsiendil k\u00f5igepealt p\u00f6\u00f6rduda L. Puusepa t\u00e4nava poolsesse registratuuri selle lahtioleku aegadel. Sealt juhatatakse Teid C-korpuse esimese korruse kabinetti&hellip;","_links":{"self":[{"href":"https:\/\/www.kliinikum.ee\/korvakliinik\/wp-json\/wp\/v2\/pages\/6186","targetHints":{"allow":["GET"]}}],"collection":[{"href":"https:\/\/www.kliinikum.ee\/korvakliinik\/wp-json\/wp\/v2\/pages"}],"about":[{"href":"https:\/\/www.kliinikum.ee\/korvakliinik\/wp-json\/wp\/v2\/types\/page"}],"author":[{"embeddable":true,"href":"https:\/\/www.kliinikum.ee\/korvakliinik\/wp-json\/wp\/v2\/users\/32"}],"replies":[{"embeddable":true,"href":"https:\/\/www.kliinikum.ee\/korvakliinik\/wp-json\/wp\/v2\/comments?post=6186"}],"version-history":[{"count":0,"href":"https:\/\/www.kliinikum.ee\/korvakliinik\/wp-json\/wp\/v2\/pages\/6186\/revisions"}],"up":[{"embeddable":true,"href":"https:\/\/www.kliinikum.ee\/korvakliinik\/wp-json\/wp\/v2\/pages\/15"}],"wp:attachment":[{"href":"https:\/\/www.kliinikum.ee\/korvakliinik\/wp-json\/wp\/v2\/media?parent=6186"}],"curies":[{"name":"wp","href":"https:\/\/api.w.org\/{rel}","templated":true}]}}