{"id":6190,"date":"2023-05-10T07:34:08","date_gmt":"2023-05-10T05:34:08","guid":{"rendered":"https:\/\/www.kliinikum.ee\/korvakliinik\/?page_id=6190"},"modified":"2025-06-16T08:49:48","modified_gmt":"2025-06-16T06:49:48","slug":"kuulmisabivahendite-taotlemine","status":"publish","type":"page","link":"https:\/\/www.kliinikum.ee\/korvakliinik\/kuulmiskeskus\/kuulmisabivahendite-taotlemine\/","title":{"rendered":"Kuulmisabivahendite taotlemine"},"content":{"rendered":"\n<p class=\"has-text-align-left has-medium-font-size\"><strong>KUULMISABIVAHENDI SOETAMINE<\/strong><br>Kuulmistehnilisi abivahendeid on v\u00f5imalik soetada Tartu \u00dclikooli Kliinikumi k\u00f5rvakliinikust nii riigipoolse soodustusega kui ka t\u00e4ishinnaga. T\u00e4ishinnaga ostes leppige kuuldeaparaadi saamiseks kokku sobitamise aeg.&nbsp;<br>Riikliku soodustusega abivahendite saamist korraldab <a href=\"https:\/\/sotsiaalkindlustusamet.ee\/puue-ja-hoolekanne\/abivahendid\/abivahendi-vajajale\">Sotsiaalkindlustusamet<\/a> (SKA).<br><strong>Riigipoolse soodustusega saab kuulmisabivahendeid isik, kellel on tuvastatud kuulmislangus&nbsp;alates&nbsp;30 detsibellist.<\/strong><br>Oma kuulmislanguse taset saate tuvastada kuulmisuuringutega k\u00f5rvaarsti juures, kelle vastuv\u00f5tule saamiseks on vajalik perearsti saatekiri.<br>K\u00f5rvaarst v\u00e4ljastab kuulmisabivahendi vajadust kirjeldava t\u00f5endi, millega saate p\u00f6\u00f6rduda otse kuulmisabivahenditega tegelevasse asutusse, kellega SKA on s\u00f5lminud lepingu (sh Tartu \u00dclikooli Kliinikumi k\u00f5rvakliinik).<\/p>\n\n\n\n<ul class=\"wp-block-list\">\n<li class=\"has-medium-font-size\"><strong>Abivahendit soetama minnes v\u00f5tke alati kaasa arsti poolt v\u00e4ljastatud t\u00f5end.<\/strong><\/li>\n\n\n\n<li class=\"has-medium-font-size\"><strong>Abivahendite saamiseks ei ole vaja isikliku abivahendi kaarti taotleda ega ka kaasas kanda.<\/strong><\/li>\n<\/ul>\n\n\n\n<p class=\"has-text-align-left has-medium-font-size\"><strong>KUULDEAPARAADID<\/strong><br>Kuuldeaparaadid on kuulmisabivahendid, mis v\u00f5imendavad helisid kuulmislanguse puhul\u00a0ja\u00a0proovivad\u00a0erinevates\u00a0kuulmissituatsioonides k\u00f5nest ning olmehelidest arusaamist lihtsamaks teha. <br>Riigipoolse soodustusega on v\u00f5imalik kuuldeaparaati saada:<br> \u2022 t\u00e4iskasvanutel iga nelja aasta tagant,<br> \u2022 lastel iga kolme aasta tagant.<br><br>Kahepoolse kuulmislangusega inimesel on \u00f5igus saada kaks aparaati. M\u00f5lema aparaadi soetamine ei pea toimuma samal p\u00e4eval.<br>Kuulmisabivahendi soodustust arvutatakse\u00a0<strong>abivahendite loetelus<\/strong>\u00a0toodud piirhinnast.<br><br><strong>INDIVIDUAALNE K\u00d5RVAOTSAK<\/strong><\/p>\n\n\n\n<p class=\"has-text-align-left has-medium-font-size\">Standardse otsiku asemel v\u00f5ib vajadus olla individuaalse otsaku tegemiseks, mis v\u00e4hendab kuuldeaparaadist tulenevat tagasisidet ja v\u00f5imaldab raskemates suhtlusolukordades&nbsp;paremini kuulda. Individuaalsete otsikute tegemiseks tehakse k\u00f5rvast j\u00e4ljend, mille alusel valmistatakse&nbsp;otsak.<\/p>\n\n\n\n<p class=\"has-medium-font-size\"><strong>Erandkorras abivahendi ostmisel tasu maksmise kohustuse riigi poolt \u00fclev\u00f5tmise taotlemine&nbsp;(edaspidi erimenetlus).<\/strong><br><strong>Erimenetluse juhud, kui Te taotlete:<\/strong><\/p>\n\n\n\n<ul class=\"wp-block-list\">\n<li class=\"has-medium-font-size\">omaosaluse v\u00e4hendamist, kui Teil on tulenevalt majanduslikust olukorrast raske omaosalust tasuda (vajalik isiku selgitus);<\/li>\n\n\n\n<li class=\"has-medium-font-size\">uut abivahendit enne Teile h\u00fcvitatud sama ISO-koodiga abivahendi kasutusaja l\u00f5ppu (abivahend on sobimatu tervislikel v\u00f5i temast mitteolenevatel p\u00f5hjustel) \u2013 vajalikud isikupoolsed selgitused\/p\u00f5hjendused;<\/li>\n\n\n\n<li class=\"has-medium-font-size\">abivahendit, mis puudub riigi poolt osaliselt h\u00fcvitatavate abivahendite loetelus (lisada kaks v\u00f5rdsetel alustel hinnapakkumist);<\/li>\n\n\n\n<li class=\"has-medium-font-size\">abivahendit, mille puhul on abivahendite loetelus piirhinna kohta m\u00e4rgitud \u201eeritaotlus\u201c (lisada kaks v\u00f5rdsetel alustel hinnapakkumist);<\/li>\n\n\n\n<li class=\"has-medium-font-size\">kasutusaja piirlimiidi suurendamist (p\u00f5hjendatud vajadus diagnoosist v\u00f5i funktsioonih\u00e4irest tulenevalt);<\/li>\n\n\n\n<li class=\"has-medium-font-size\">abivahendi piirhinna \u00fchekordset suurendamist (lisada kaks v\u00f5rdsetel alustel hinnapakkumist);<\/li>\n\n\n\n<li class=\"has-medium-font-size\">erimenetlust m\u00f5nel muul juhul.<\/li>\n<\/ul>\n\n\n\n<p class=\"has-medium-font-size\">Erimenetlust taotledes on Sotsiaalkindlustusametile vajalik esitada:<\/p>\n\n\n\n<ul class=\"wp-block-list\">\n<li class=\"has-medium-font-size\">erimenetluse taotlus, mis on k\u00e4ttesaadav Sotsiaalkindlustusameti kontorites v\u00f5i&nbsp;<a href=\"https:\/\/sotsiaalkindlustusamet.ee\/asutus-uudised-ja-kontakt\/dokumendid\/taotlused-blanketid#abivahendid\" target=\"_blank\" rel=\"noreferrer noopener\">kodulehel<\/a><\/li>\n\n\n\n<li class=\"has-medium-font-size\">eriarstit\u00f5end<\/li>\n\n\n\n<li class=\"has-medium-font-size\">kaks v\u00f5rdsetel alustel hinnapakkumist eeltoodud juhtudel<\/li>\n<\/ul>\n\n\n\n<p class=\"has-medium-font-size\">Taotlust saab esitada:<\/p>\n\n\n\n<ul class=\"wp-block-list\">\n<li class=\"has-medium-font-size\">digiallkirjastatult e-posti teel&nbsp;<a href=\"mailto:info@sotsiaalkindlustusamet.ee\"><\/a><a href=\"mailto:info@sotsiaalkindlustusamet.ee\">info@sotsiaalkindlustusamet.ee<\/a><\/li>\n\n\n\n<li class=\"has-medium-font-size\">paberkandjal posti teel v\u00f5i klienditeeninduses (klienditeeninduste asukohad ning lahtiolekuajad leiate SKA kodulehelt&nbsp;<a href=\"http:\/\/www.sotsiaalkindlustusamet.ee\/et\/organisatsioon-kontaktid\/klienditeenindused-loeteluna\" target=\"_blank\" rel=\"noreferrer noopener\">www.sotsiaalkindlustusamet.ee<\/a>)<\/li>\n<\/ul>\n\n\n\n<p class=\"has-medium-font-size\">SKA teeb erimenetluse taotluse osas kas rahuldamise v\u00f5i rahuldamata j\u00e4tmise otsuse 30 kalendrip\u00e4eva jooksul\u00a0ning teeb selle k\u00e4ttesaadavaks taotlejale sobival viisil. <br>Kuulmisabivahendi v\u00e4ljastamiseks on vajalik esitada erimenetluse otsus, arstit\u00f5end ning isikut t\u00f5endav dokument.<br><br><strong>SISEK\u00d5RVAIMPLANTAADID JA K\u00d5NEPROTSESSORID<\/strong><\/p>\n\n\n\n<p class=\"has-medium-font-size\">Sisek\u00f5rvaimplantaatide protsessorite programmeerimise vastuv\u00f5tule registreerimiseks kirjutage palun&nbsp;<a href=\"mailto:siimplantaat@kliinikum.ee\">siimplantaat@kliinikum.ee<\/a>&nbsp;v\u00f5i helistage telefonil 731 9474 (T, K, N).<br><br><strong>Varuosade soetamise soovi korral<\/strong>&nbsp;<strong>p\u00f6\u00f6rduge implantaate maale toova firma poole<\/strong>:<\/p>\n\n\n\n<p class=\"has-medium-font-size\">Firma\u00a0<strong>Med El<\/strong>\u00a0implantaatide kasutajatel (k\u00f5neprotsessorid Opus 2, Sonnet, Sonnet2, Rondo, Rondo2) palume kirjutada\u00a0<a href=\"mailto:info@kuuldeaparaadid.ee\">info@kuuldeaparaadid.ee<\/a>, telefon 17 800. <br>Firma\u00a0<strong>Cochlear<\/strong>\u00a0implantaatide kasutajatel (k\u00f5neprotsessorid CP800 (N5), CP900 (N6), CP1000 (N7), Kanso, Kanso2) palume kirjutada <a href=\"mailto:tellimus@audiomed.ee\"><\/a><a href=\"mailto:tellimus@audiomed.ee\">tellimus@audiomed.ee<\/a>.<br>M\u00f5lemal asutusel on leping sotsiaalkindlustusametiga (SKA).<br><br><strong>KONTAKTID<\/strong><br>Sotsiaalkindlustusameti iseteenindusest on v\u00f5imalik n\u00e4ha abivahenditehingute ajalugu ja kehtivaid limiite.<br><strong>Infot abivahendite s\u00fcsteemi kohta ja erimenetluste kohta ning sotsiaalministri poolt allkirjastatud m\u00e4\u00e4ruse riigi poolt<\/strong> <strong>h\u00fcvitatavate abivahendite ja piirhindade kohta saab:<\/strong><br>E-post:\u00a0<a href=\"mailto:info@sotsiaalkindlustusamet.ee\">info@sotsiaalkindlustusamet.ee<\/a> v\u00f5i\u00a0<a href=\"mailto:abivahendid@sotsiaalkindlustusamet.ee\">abivahendid@sotsiaalkindlustusamet.ee<\/a><br>Sotsiaalkindlustusameti kodulehelt:\u00a0<a href=\"http:\/\/www.sotsiaalkindlustusamet.ee\/\">www.sotsiaalkindlustusamet.ee<\/a><br>Sotsiaalkindlustusameti infotelefonilt: 16106<\/p>\n\n\n\n<p class=\"has-medium-font-size\"><strong>Alla 16 aastase isiku puude tuvastamise- ja sotsiaalse rehabilitatsiooni taotlust on v\u00f5imalik esitada l\u00e4bi <a href=\"https:\/\/iseteenindus.sotsiaalkindlustusamet.ee\/\">SKA iseteenindusportaali<\/a>.<\/strong><\/p>\n\n\n\n<p class=\"has-medium-font-size\"><strong>Alates 16. eluaastast on v\u00f5imalik puude raskusastme tuvastamist taotleda koos t\u00f6\u00f6v\u00f5ime hindamise- ja t\u00f6\u00f6v\u00f5imetoetuse taotlusega l\u00e4bi <a href=\"https:\/\/www.tootukassa.ee\/etootukassa\/logi-sisse\">e-t\u00f6\u00f6tukassa<\/a>.<\/strong><\/p>\n\n\n\n<p class=\"has-medium-font-size\"><strong>T\u00f6\u00f6ealise isiku (kes \u00f5pib, t\u00f6\u00f6tab v\u00f5i on t\u00f6\u00f6tuks registreeritud) rehabilitatsiooni teenuse vajaduse puhul tuleb samuti p\u00f6\u00f6rduda <a href=\"https:\/\/www.tootukassa.ee\/et\/teenused\/too-ja-tervis\/tooalane-rehabilitatsioon\">T\u00f6\u00f6tukassasse<\/a>.<\/strong><\/p>\n\n\n\n<p class=\"has-medium-font-size\"><strong>Sotsiaalse rehabilitatsiooni teenusega seotud majutus- ja s\u00f5idukulude kompenseerimise kohta on v\u00f5imalik t\u00e4psemalt lugeda <a href=\"https:\/\/sotsiaalkindlustusamet.ee\/puue-ja-hoolekanne\/sotsiaalne-rehabilitatsioon#komp\">siit<\/a>.<\/strong><\/p>\n\n\n\n<p class=\"has-medium-font-size\"><strong>Sotsiaalt\u00f6\u00f6taja abi<\/strong><br>Kohaliku omavalitsuse sotsiaalt\u00f6\u00f6taja annab infot teenuste ja toetuste kohta, vajadusel hindab sinu abivajadust ja sellest l\u00e4htuvalt pakub tuge ja toetavaid teenused s\u00f5ltumata sellest, kas sul on tuvastatud puue v\u00f5i mitte.<\/p>\n\n\n\n<p class=\"has-medium-font-size\">Tartu linna sotsiaal- ja tervishoiu osakonna kontaktid on leitavad <strong><a href=\"https:\/\/tartu.ee\/et\/sotsiaal-ja-tervishoiuosakond#osakonna-tutvustus\">siit<\/a>.<\/strong><\/p>\n\n\n\n<p><\/p>\n","protected":false},"excerpt":{"rendered":"<p>KUULMISABIVAHENDI SOETAMINEKuulmistehnilisi abivahendeid on v\u00f5imalik soetada Tartu \u00dclikooli Kliinikumi k\u00f5rvakliinikust nii riigipoolse soodustusega kui ka t\u00e4ishinnaga. T\u00e4ishinnaga ostes leppige kuuldeaparaadi saamiseks kokku sobitamise aeg.&nbsp;Riikliku soodustusega abivahendite saamist korraldab Sotsiaalkindlustusamet (SKA).Riigipoolse soodustusega saab kuulmisabivahendeid isik, kellel on tuvastatud kuulmislangus&nbsp;alates&nbsp;30 detsibellist.Oma kuulmislanguse taset saate tuvastada kuulmisuuringutega k\u00f5rvaarsti juures, kelle vastuv\u00f5tule saamiseks on vajalik perearsti saatekiri.K\u00f5rvaarst v\u00e4ljastab kuulmisabivahendi [&hellip;]<\/p>\n","protected":false},"author":32,"featured_media":0,"parent":6150,"menu_order":1,"comment_status":"closed","ping_status":"closed","template":"","meta":{"_acf_changed":false,"_uag_custom_page_level_css":"","footnotes":""},"class_list":["post-6190","page","type-page","status-publish","hentry"],"acf":[],"yoast_head":"<!-- This site is optimized with the Yoast SEO plugin v27.5 - https:\/\/yoast.com\/product\/yoast-seo-wordpress\/ -->\n<title>Kuulmisabivahendite taotlemine - K\u00f5rvakliinik<\/title>\n<meta name=\"robots\" content=\"index, follow, max-snippet:-1, max-image-preview:large, max-video-preview:-1\" \/>\n<link rel=\"canonical\" href=\"https:\/\/www.kliinikum.ee\/korvakliinik\/kuulmiskeskus\/kuulmisabivahendite-taotlemine\/\" \/>\n<meta property=\"og:locale\" content=\"et_EE\" \/>\n<meta property=\"og:type\" content=\"article\" \/>\n<meta property=\"og:title\" content=\"Kuulmisabivahendite taotlemine - K\u00f5rvakliinik\" \/>\n<meta property=\"og:description\" content=\"KUULMISABIVAHENDI SOETAMINEKuulmistehnilisi abivahendeid on v\u00f5imalik soetada Tartu \u00dclikooli Kliinikumi k\u00f5rvakliinikust nii riigipoolse soodustusega kui ka t\u00e4ishinnaga. T\u00e4ishinnaga ostes leppige kuuldeaparaadi saamiseks kokku sobitamise aeg.&nbsp;Riikliku soodustusega abivahendite saamist korraldab Sotsiaalkindlustusamet (SKA).Riigipoolse soodustusega saab kuulmisabivahendeid isik, kellel on tuvastatud kuulmislangus&nbsp;alates&nbsp;30 detsibellist.Oma kuulmislanguse taset saate tuvastada kuulmisuuringutega k\u00f5rvaarsti juures, kelle vastuv\u00f5tule saamiseks on vajalik perearsti saatekiri.K\u00f5rvaarst v\u00e4ljastab kuulmisabivahendi [&hellip;]\" \/>\n<meta property=\"og:url\" content=\"https:\/\/www.kliinikum.ee\/korvakliinik\/kuulmiskeskus\/kuulmisabivahendite-taotlemine\/\" \/>\n<meta property=\"og:site_name\" content=\"K\u00f5rvakliinik\" \/>\n<meta property=\"article:modified_time\" content=\"2025-06-16T06:49:48+00:00\" \/>\n<meta name=\"twitter:card\" content=\"summary_large_image\" \/>\n<meta name=\"twitter:label1\" content=\"Est. reading time\" \/>\n\t<meta name=\"twitter:data1\" content=\"4 minutit\" \/>\n<script type=\"application\/ld+json\" class=\"yoast-schema-graph\">{\"@context\":\"https:\\\/\\\/schema.org\",\"@graph\":[{\"@type\":\"WebPage\",\"@id\":\"https:\\\/\\\/www.kliinikum.ee\\\/korvakliinik\\\/kuulmiskeskus\\\/kuulmisabivahendite-taotlemine\\\/\",\"url\":\"https:\\\/\\\/www.kliinikum.ee\\\/korvakliinik\\\/kuulmiskeskus\\\/kuulmisabivahendite-taotlemine\\\/\",\"name\":\"Kuulmisabivahendite taotlemine - K\u00f5rvakliinik\",\"isPartOf\":{\"@id\":\"https:\\\/\\\/www.kliinikum.ee\\\/korvakliinik\\\/#website\"},\"datePublished\":\"2023-05-10T05:34:08+00:00\",\"dateModified\":\"2025-06-16T06:49:48+00:00\",\"breadcrumb\":{\"@id\":\"https:\\\/\\\/www.kliinikum.ee\\\/korvakliinik\\\/kuulmiskeskus\\\/kuulmisabivahendite-taotlemine\\\/#breadcrumb\"},\"inLanguage\":\"et\",\"potentialAction\":[{\"@type\":\"ReadAction\",\"target\":[\"https:\\\/\\\/www.kliinikum.ee\\\/korvakliinik\\\/kuulmiskeskus\\\/kuulmisabivahendite-taotlemine\\\/\"]}]},{\"@type\":\"BreadcrumbList\",\"@id\":\"https:\\\/\\\/www.kliinikum.ee\\\/korvakliinik\\\/kuulmiskeskus\\\/kuulmisabivahendite-taotlemine\\\/#breadcrumb\",\"itemListElement\":[{\"@type\":\"ListItem\",\"position\":1,\"name\":\"Kuulmise ja k\u00f5nestamise keskus\",\"item\":\"https:\\\/\\\/www.kliinikum.ee\\\/korvakliinik\\\/kuulmiskeskus\\\/\"},{\"@type\":\"ListItem\",\"position\":2,\"name\":\"Kuulmisabivahendite taotlemine\"}]},{\"@type\":\"WebSite\",\"@id\":\"https:\\\/\\\/www.kliinikum.ee\\\/korvakliinik\\\/#website\",\"url\":\"https:\\\/\\\/www.kliinikum.ee\\\/korvakliinik\\\/\",\"name\":\"K\u00f5rvakliinik\",\"description\":\"Hoolivus, Uuendusmeelsus, P\u00e4devus ja Usaldusv\u00e4\u00e4rsus\",\"potentialAction\":[{\"@type\":\"SearchAction\",\"target\":{\"@type\":\"EntryPoint\",\"urlTemplate\":\"https:\\\/\\\/www.kliinikum.ee\\\/korvakliinik\\\/?s={search_term_string}\"},\"query-input\":{\"@type\":\"PropertyValueSpecification\",\"valueRequired\":true,\"valueName\":\"search_term_string\"}}],\"inLanguage\":\"et\"}]}<\/script>\n<!-- \/ Yoast SEO plugin. -->","yoast_head_json":{"title":"Kuulmisabivahendite taotlemine - K\u00f5rvakliinik","robots":{"index":"index","follow":"follow","max-snippet":"max-snippet:-1","max-image-preview":"max-image-preview:large","max-video-preview":"max-video-preview:-1"},"canonical":"https:\/\/www.kliinikum.ee\/korvakliinik\/kuulmiskeskus\/kuulmisabivahendite-taotlemine\/","og_locale":"et_EE","og_type":"article","og_title":"Kuulmisabivahendite taotlemine - K\u00f5rvakliinik","og_description":"KUULMISABIVAHENDI SOETAMINEKuulmistehnilisi abivahendeid on v\u00f5imalik soetada Tartu \u00dclikooli Kliinikumi k\u00f5rvakliinikust nii riigipoolse soodustusega kui ka t\u00e4ishinnaga. T\u00e4ishinnaga ostes leppige kuuldeaparaadi saamiseks kokku sobitamise aeg.&nbsp;Riikliku soodustusega abivahendite saamist korraldab Sotsiaalkindlustusamet (SKA).Riigipoolse soodustusega saab kuulmisabivahendeid isik, kellel on tuvastatud kuulmislangus&nbsp;alates&nbsp;30 detsibellist.Oma kuulmislanguse taset saate tuvastada kuulmisuuringutega k\u00f5rvaarsti juures, kelle vastuv\u00f5tule saamiseks on vajalik perearsti saatekiri.K\u00f5rvaarst v\u00e4ljastab kuulmisabivahendi [&hellip;]","og_url":"https:\/\/www.kliinikum.ee\/korvakliinik\/kuulmiskeskus\/kuulmisabivahendite-taotlemine\/","og_site_name":"K\u00f5rvakliinik","article_modified_time":"2025-06-16T06:49:48+00:00","twitter_card":"summary_large_image","twitter_misc":{"Est. reading time":"4 minutit"},"schema":{"@context":"https:\/\/schema.org","@graph":[{"@type":"WebPage","@id":"https:\/\/www.kliinikum.ee\/korvakliinik\/kuulmiskeskus\/kuulmisabivahendite-taotlemine\/","url":"https:\/\/www.kliinikum.ee\/korvakliinik\/kuulmiskeskus\/kuulmisabivahendite-taotlemine\/","name":"Kuulmisabivahendite taotlemine - K\u00f5rvakliinik","isPartOf":{"@id":"https:\/\/www.kliinikum.ee\/korvakliinik\/#website"},"datePublished":"2023-05-10T05:34:08+00:00","dateModified":"2025-06-16T06:49:48+00:00","breadcrumb":{"@id":"https:\/\/www.kliinikum.ee\/korvakliinik\/kuulmiskeskus\/kuulmisabivahendite-taotlemine\/#breadcrumb"},"inLanguage":"et","potentialAction":[{"@type":"ReadAction","target":["https:\/\/www.kliinikum.ee\/korvakliinik\/kuulmiskeskus\/kuulmisabivahendite-taotlemine\/"]}]},{"@type":"BreadcrumbList","@id":"https:\/\/www.kliinikum.ee\/korvakliinik\/kuulmiskeskus\/kuulmisabivahendite-taotlemine\/#breadcrumb","itemListElement":[{"@type":"ListItem","position":1,"name":"Kuulmise ja k\u00f5nestamise keskus","item":"https:\/\/www.kliinikum.ee\/korvakliinik\/kuulmiskeskus\/"},{"@type":"ListItem","position":2,"name":"Kuulmisabivahendite taotlemine"}]},{"@type":"WebSite","@id":"https:\/\/www.kliinikum.ee\/korvakliinik\/#website","url":"https:\/\/www.kliinikum.ee\/korvakliinik\/","name":"K\u00f5rvakliinik","description":"Hoolivus, Uuendusmeelsus, P\u00e4devus ja Usaldusv\u00e4\u00e4rsus","potentialAction":[{"@type":"SearchAction","target":{"@type":"EntryPoint","urlTemplate":"https:\/\/www.kliinikum.ee\/korvakliinik\/?s={search_term_string}"},"query-input":{"@type":"PropertyValueSpecification","valueRequired":true,"valueName":"search_term_string"}}],"inLanguage":"et"}]}},"uagb_featured_image_src":{"full":false,"thumbnail":false,"medium":false,"medium_large":false,"large":false,"1536x1536":false,"2048x2048":false},"uagb_author_info":{"display_name":"Jane Freimann","author_link":"https:\/\/www.kliinikum.ee\/korvakliinik\/author\/janef\/"},"uagb_comment_info":0,"uagb_excerpt":"KUULMISABIVAHENDI SOETAMINEKuulmistehnilisi abivahendeid on v\u00f5imalik soetada Tartu \u00dclikooli Kliinikumi k\u00f5rvakliinikust nii riigipoolse soodustusega kui ka t\u00e4ishinnaga. T\u00e4ishinnaga ostes leppige kuuldeaparaadi saamiseks kokku sobitamise aeg.&nbsp;Riikliku soodustusega abivahendite saamist korraldab Sotsiaalkindlustusamet (SKA).Riigipoolse soodustusega saab kuulmisabivahendeid isik, kellel on tuvastatud kuulmislangus&nbsp;alates&nbsp;30 detsibellist.Oma kuulmislanguse taset saate tuvastada kuulmisuuringutega k\u00f5rvaarsti juures, kelle vastuv\u00f5tule saamiseks on vajalik perearsti saatekiri.K\u00f5rvaarst v\u00e4ljastab kuulmisabivahendi&hellip;","_links":{"self":[{"href":"https:\/\/www.kliinikum.ee\/korvakliinik\/wp-json\/wp\/v2\/pages\/6190","targetHints":{"allow":["GET"]}}],"collection":[{"href":"https:\/\/www.kliinikum.ee\/korvakliinik\/wp-json\/wp\/v2\/pages"}],"about":[{"href":"https:\/\/www.kliinikum.ee\/korvakliinik\/wp-json\/wp\/v2\/types\/page"}],"author":[{"embeddable":true,"href":"https:\/\/www.kliinikum.ee\/korvakliinik\/wp-json\/wp\/v2\/users\/32"}],"replies":[{"embeddable":true,"href":"https:\/\/www.kliinikum.ee\/korvakliinik\/wp-json\/wp\/v2\/comments?post=6190"}],"version-history":[{"count":0,"href":"https:\/\/www.kliinikum.ee\/korvakliinik\/wp-json\/wp\/v2\/pages\/6190\/revisions"}],"up":[{"embeddable":true,"href":"https:\/\/www.kliinikum.ee\/korvakliinik\/wp-json\/wp\/v2\/pages\/6150"}],"wp:attachment":[{"href":"https:\/\/www.kliinikum.ee\/korvakliinik\/wp-json\/wp\/v2\/media?parent=6190"}],"curies":[{"name":"wp","href":"https:\/\/api.w.org\/{rel}","templated":true}]}}