{"id":6298,"date":"2023-06-05T08:54:39","date_gmt":"2023-06-05T06:54:39","guid":{"rendered":"https:\/\/www.kliinikum.ee\/korvakliinik\/?page_id=6298"},"modified":"2023-11-28T11:08:33","modified_gmt":"2023-11-28T09:08:33","slug":"unekeskus","status":"publish","type":"page","link":"https:\/\/www.kliinikum.ee\/korvakliinik\/unekeskus\/","title":{"rendered":"Unekeskus"},"content":{"rendered":"\n<p class=\"has-medium-font-size\">L. Puusepa 8, C-korpus.<\/p>\n\n\n\n<p class=\"has-medium-font-size\">Registreerimine unearsti vastuv\u00f5tule (vajalik perearsti v\u00f5i eriarsti saatekiri) <strong>731 9100<\/strong><br>Ajast loobumine\/muutmine <strong>731 9793<\/strong><\/p>\n\n\n\n<p class=\"has-medium-font-size\"><strong>Unekeskuse ambulatoorses vastuv\u00f5tus toimub<\/strong><\/p>\n\n\n\n<ul class=\"wp-block-list\">\n<li class=\"has-medium-font-size\">Unen\u00f5ustamine<\/li>\n\n\n\n<li class=\"has-medium-font-size\">Diagnostiliste uuringute vajaduse hindamine ja suunamine<\/li>\n\n\n\n<li class=\"has-medium-font-size\">Terviseseisundi hindamine ja terviseriskide anal\u00fc\u00fcs<\/li>\n\n\n\n<li class=\"has-medium-font-size\">Une\u00f5e vastuv\u00f5tt, t\u00e4psema info leiate <a href=\"https:\/\/www.kliinikum.ee\/patsiendile\/oe-vastuvott\/unekeskuse-oe-vastuvott-korvakliinik\/\" target=\"_blank\" rel=\"noreferrer noopener\">SIIT<\/a><\/li>\n\n\n\n<li class=\"has-medium-font-size\">Enne vastuv\u00f5tule p\u00f6\u00f6rdumist palume t\u00e4ita ja vastuv\u00f5tule kaasa v\u00f5tta k\u00fcsimustikud. K\u00fcsimustikud leiate <a href=\"https:\/\/www.kliinikum.ee\/korvakliinik\/unekeskus\/unekeskuse-kusimustikud\/\" target=\"_blank\" rel=\"noreferrer noopener\">SIIT<\/a><\/li>\n<\/ul>\n\n\n\n<p class=\"has-medium-font-size\">Telefon: 731 9793<br>E-R 8.00-16.00<br><a href=\"mailto:korvakliinik.unekeskus@kliinikum.ee\">korvakliinik.unekeskus@kliinikum.ee<\/a><\/p>\n","protected":false},"excerpt":{"rendered":"<p>L. Puusepa 8, C-korpus. Registreerimine unearsti vastuv\u00f5tule (vajalik perearsti v\u00f5i eriarsti saatekiri) 731 9100Ajast loobumine\/muutmine 731 9793 Unekeskuse ambulatoorses vastuv\u00f5tus toimub Telefon: 731 9793E-R 8.00-16.00korvakliinik.unekeskus@kliinikum.ee<\/p>\n","protected":false},"author":32,"featured_media":0,"parent":0,"menu_order":3,"comment_status":"closed","ping_status":"closed","template":"","meta":{"_acf_changed":false,"_uag_custom_page_level_css":"","footnotes":""},"class_list":["post-6298","page","type-page","status-publish","hentry"],"acf":[],"yoast_head":"<!-- This site is optimized with the Yoast SEO plugin v27.5 - https:\/\/yoast.com\/product\/yoast-seo-wordpress\/ -->\n<title>Unekeskus - K\u00f5rvakliinik<\/title>\n<meta name=\"robots\" content=\"index, follow, max-snippet:-1, max-image-preview:large, max-video-preview:-1\" \/>\n<link rel=\"canonical\" href=\"https:\/\/www.kliinikum.ee\/korvakliinik\/unekeskus\/\" \/>\n<meta property=\"og:locale\" content=\"et_EE\" \/>\n<meta property=\"og:type\" content=\"article\" \/>\n<meta property=\"og:title\" content=\"Unekeskus - K\u00f5rvakliinik\" \/>\n<meta property=\"og:description\" content=\"L. Puusepa 8, C-korpus. Registreerimine unearsti vastuv\u00f5tule (vajalik perearsti v\u00f5i eriarsti saatekiri) 731 9100Ajast loobumine\/muutmine 731 9793 Unekeskuse ambulatoorses vastuv\u00f5tus toimub Telefon: 731 9793E-R 8.00-16.00korvakliinik.unekeskus@kliinikum.ee\" \/>\n<meta property=\"og:url\" content=\"https:\/\/www.kliinikum.ee\/korvakliinik\/unekeskus\/\" \/>\n<meta property=\"og:site_name\" content=\"K\u00f5rvakliinik\" \/>\n<meta property=\"article:modified_time\" content=\"2023-11-28T09:08:33+00:00\" \/>\n<meta name=\"twitter:card\" content=\"summary_large_image\" \/>\n<meta name=\"twitter:label1\" content=\"Est. reading time\" \/>\n\t<meta name=\"twitter:data1\" content=\"1 minut\" \/>\n<script type=\"application\/ld+json\" class=\"yoast-schema-graph\">{\"@context\":\"https:\\\/\\\/schema.org\",\"@graph\":[{\"@type\":\"WebPage\",\"@id\":\"https:\\\/\\\/www.kliinikum.ee\\\/korvakliinik\\\/unekeskus\\\/\",\"url\":\"https:\\\/\\\/www.kliinikum.ee\\\/korvakliinik\\\/unekeskus\\\/\",\"name\":\"Unekeskus - K\u00f5rvakliinik\",\"isPartOf\":{\"@id\":\"https:\\\/\\\/www.kliinikum.ee\\\/korvakliinik\\\/#website\"},\"datePublished\":\"2023-06-05T06:54:39+00:00\",\"dateModified\":\"2023-11-28T09:08:33+00:00\",\"inLanguage\":\"et\",\"potentialAction\":[{\"@type\":\"ReadAction\",\"target\":[\"https:\\\/\\\/www.kliinikum.ee\\\/korvakliinik\\\/unekeskus\\\/\"]}]},{\"@type\":\"WebSite\",\"@id\":\"https:\\\/\\\/www.kliinikum.ee\\\/korvakliinik\\\/#website\",\"url\":\"https:\\\/\\\/www.kliinikum.ee\\\/korvakliinik\\\/\",\"name\":\"K\u00f5rvakliinik\",\"description\":\"Hoolivus, Uuendusmeelsus, P\u00e4devus ja Usaldusv\u00e4\u00e4rsus\",\"potentialAction\":[{\"@type\":\"SearchAction\",\"target\":{\"@type\":\"EntryPoint\",\"urlTemplate\":\"https:\\\/\\\/www.kliinikum.ee\\\/korvakliinik\\\/?s={search_term_string}\"},\"query-input\":{\"@type\":\"PropertyValueSpecification\",\"valueRequired\":true,\"valueName\":\"search_term_string\"}}],\"inLanguage\":\"et\"}]}<\/script>\n<!-- \/ Yoast SEO plugin. -->","yoast_head_json":{"title":"Unekeskus - K\u00f5rvakliinik","robots":{"index":"index","follow":"follow","max-snippet":"max-snippet:-1","max-image-preview":"max-image-preview:large","max-video-preview":"max-video-preview:-1"},"canonical":"https:\/\/www.kliinikum.ee\/korvakliinik\/unekeskus\/","og_locale":"et_EE","og_type":"article","og_title":"Unekeskus - K\u00f5rvakliinik","og_description":"L. Puusepa 8, C-korpus. Registreerimine unearsti vastuv\u00f5tule (vajalik perearsti v\u00f5i eriarsti saatekiri) 731 9100Ajast loobumine\/muutmine 731 9793 Unekeskuse ambulatoorses vastuv\u00f5tus toimub Telefon: 731 9793E-R 8.00-16.00korvakliinik.unekeskus@kliinikum.ee","og_url":"https:\/\/www.kliinikum.ee\/korvakliinik\/unekeskus\/","og_site_name":"K\u00f5rvakliinik","article_modified_time":"2023-11-28T09:08:33+00:00","twitter_card":"summary_large_image","twitter_misc":{"Est. reading time":"1 minut"},"schema":{"@context":"https:\/\/schema.org","@graph":[{"@type":"WebPage","@id":"https:\/\/www.kliinikum.ee\/korvakliinik\/unekeskus\/","url":"https:\/\/www.kliinikum.ee\/korvakliinik\/unekeskus\/","name":"Unekeskus - K\u00f5rvakliinik","isPartOf":{"@id":"https:\/\/www.kliinikum.ee\/korvakliinik\/#website"},"datePublished":"2023-06-05T06:54:39+00:00","dateModified":"2023-11-28T09:08:33+00:00","inLanguage":"et","potentialAction":[{"@type":"ReadAction","target":["https:\/\/www.kliinikum.ee\/korvakliinik\/unekeskus\/"]}]},{"@type":"WebSite","@id":"https:\/\/www.kliinikum.ee\/korvakliinik\/#website","url":"https:\/\/www.kliinikum.ee\/korvakliinik\/","name":"K\u00f5rvakliinik","description":"Hoolivus, Uuendusmeelsus, P\u00e4devus ja Usaldusv\u00e4\u00e4rsus","potentialAction":[{"@type":"SearchAction","target":{"@type":"EntryPoint","urlTemplate":"https:\/\/www.kliinikum.ee\/korvakliinik\/?s={search_term_string}"},"query-input":{"@type":"PropertyValueSpecification","valueRequired":true,"valueName":"search_term_string"}}],"inLanguage":"et"}]}},"uagb_featured_image_src":{"full":false,"thumbnail":false,"medium":false,"medium_large":false,"large":false,"1536x1536":false,"2048x2048":false},"uagb_author_info":{"display_name":"Jane Freimann","author_link":"https:\/\/www.kliinikum.ee\/korvakliinik\/author\/janef\/"},"uagb_comment_info":0,"uagb_excerpt":"L. Puusepa 8, C-korpus. Registreerimine unearsti vastuv\u00f5tule (vajalik perearsti v\u00f5i eriarsti saatekiri) 731 9100Ajast loobumine\/muutmine 731 9793 Unekeskuse ambulatoorses vastuv\u00f5tus toimub Telefon: 731 9793E-R 8.00-16.00korvakliinik.unekeskus@kliinikum.ee","_links":{"self":[{"href":"https:\/\/www.kliinikum.ee\/korvakliinik\/wp-json\/wp\/v2\/pages\/6298","targetHints":{"allow":["GET"]}}],"collection":[{"href":"https:\/\/www.kliinikum.ee\/korvakliinik\/wp-json\/wp\/v2\/pages"}],"about":[{"href":"https:\/\/www.kliinikum.ee\/korvakliinik\/wp-json\/wp\/v2\/types\/page"}],"author":[{"embeddable":true,"href":"https:\/\/www.kliinikum.ee\/korvakliinik\/wp-json\/wp\/v2\/users\/32"}],"replies":[{"embeddable":true,"href":"https:\/\/www.kliinikum.ee\/korvakliinik\/wp-json\/wp\/v2\/comments?post=6298"}],"version-history":[{"count":0,"href":"https:\/\/www.kliinikum.ee\/korvakliinik\/wp-json\/wp\/v2\/pages\/6298\/revisions"}],"wp:attachment":[{"href":"https:\/\/www.kliinikum.ee\/korvakliinik\/wp-json\/wp\/v2\/media?parent=6298"}],"curies":[{"name":"wp","href":"https:\/\/api.w.org\/{rel}","templated":true}]}}