{"id":8404,"date":"2023-08-08T12:30:33","date_gmt":"2023-08-08T10:30:33","guid":{"rendered":"https:\/\/www.kliinikum.ee\/korvakliinik\/?page_id=8404"},"modified":"2026-03-25T12:25:40","modified_gmt":"2026-03-25T10:25:40","slug":"vastuvotud","status":"publish","type":"page","link":"https:\/\/www.kliinikum.ee\/korvakliinik\/patsiendile\/vastuvotud\/","title":{"rendered":"Vastuv\u00f5tud"},"content":{"rendered":"\n<figure class=\"wp-block-image size-large is-resized\"><img loading=\"lazy\" decoding=\"async\" width=\"1024\" height=\"606\" src=\"https:\/\/www.kliinikum.ee\/korvakliinik\/wp-content\/uploads\/2023\/11\/IMG_8281-1024x606.jpg\" alt=\"\" class=\"wp-image-9301\" style=\"object-fit:cover;width:820px;height:400px\" srcset=\"https:\/\/www.kliinikum.ee\/korvakliinik\/wp-content\/uploads\/2023\/11\/IMG_8281-1024x606.jpg 1024w, https:\/\/www.kliinikum.ee\/korvakliinik\/wp-content\/uploads\/2023\/11\/IMG_8281-300x178.jpg 300w, https:\/\/www.kliinikum.ee\/korvakliinik\/wp-content\/uploads\/2023\/11\/IMG_8281-768x454.jpg 768w, https:\/\/www.kliinikum.ee\/korvakliinik\/wp-content\/uploads\/2023\/11\/IMG_8281-1536x909.jpg 1536w, https:\/\/www.kliinikum.ee\/korvakliinik\/wp-content\/uploads\/2023\/11\/IMG_8281-2048x1212.jpg 2048w, https:\/\/www.kliinikum.ee\/korvakliinik\/wp-content\/uploads\/2023\/11\/IMG_8281-scaled.jpg 2560w\" sizes=\"auto, (max-width: 1024px) 100vw, 1024px\" \/><\/figure>\n\n\n\n<p class=\"has-medium-font-size\"><strong>Tartu \u00dclikooli Kliinikumi K\u00f5rvakliiniku ambulatoorsed vastuv\u00f5tud toimuvad aadressil L. Puusepa 8, <\/strong><br><strong>C-korpuse I korrusel.<\/strong><\/p>\n\n\n\n<p class=\"has-medium-font-size\">K\u00f5rvakliinikusse p\u00f6\u00f6rdudes registreerige oma saabumine L. Puusepa t\u00e4nava poolses registratuuris. <\/p>\n\n\n\n<p class=\"has-medium-font-size\"><strong>Vastuv\u00f5tule registreerimine<\/strong>&nbsp;<strong>ja loobumine<\/strong><br>731 9100<br><a href=\"https:\/\/www.kliinikum.ee\/patsiendile\/eriarsti-vastuvott\/aja-broneerimine\/\" target=\"_blank\" rel=\"noreferrer noopener\">Registreerimine internetis<\/a><br>Vastuv\u00f5tust loobumise teade j\u00e4ta automaatvastajale tel: 731 9099<\/p>\n\n\n\n<p class=\"has-medium-font-size\"><strong>Operatsioonile registreerimine ja loobumine<\/strong><br>731 9790<br>E-R 8.00-16:00<\/p>\n\n\n\n<p class=\"has-medium-font-size\"><strong>Kuuldeaparaadid<\/strong><br>731 9478<\/p>\n\n\n\n<p class=\"has-medium-font-size\"><strong>\u00d5e iseseisevale vastuv\u00f5tule registreerimine<\/strong>:<\/p>\n\n\n\n<ul class=\"wp-block-list\">\n<li class=\"has-medium-font-size\">operatsioonieelne \u00f5e vastuv\u00f5tt <br>731 8591<br>731 9100<\/li>\n\n\n\n<li class=\"has-medium-font-size\">uneaegsete hingamish\u00e4irete \u00f5e vastuv\u00f5tt<br>731 9793<br>731 9100<\/li>\n<\/ul>\n\n\n\n<p class=\"has-medium-font-size\"><strong>T\u00f6\u00f6v\u00f5imetuslehed<\/strong><br><a href=\"mailto:haigusleht.korvakliinik@kliinikum.ee\">haigusleht.korvakliinik@kliinikum.ee<\/a><\/p>\n","protected":false},"excerpt":{"rendered":"<p>Tartu \u00dclikooli Kliinikumi K\u00f5rvakliiniku ambulatoorsed vastuv\u00f5tud toimuvad aadressil L. Puusepa 8, C-korpuse I korrusel. K\u00f5rvakliinikusse p\u00f6\u00f6rdudes registreerige oma saabumine L. Puusepa t\u00e4nava poolses registratuuris. Vastuv\u00f5tule registreerimine&nbsp;ja loobumine731 9100Registreerimine internetisVastuv\u00f5tust loobumise teade j\u00e4ta automaatvastajale tel: 731 9099 Operatsioonile registreerimine ja loobumine731 9790E-R 8.00-16:00 Kuuldeaparaadid731 9478 \u00d5e iseseisevale vastuv\u00f5tule registreerimine: T\u00f6\u00f6v\u00f5imetuslehedhaigusleht.korvakliinik@kliinikum.ee<\/p>\n","protected":false},"author":32,"featured_media":0,"parent":15,"menu_order":0,"comment_status":"closed","ping_status":"closed","template":"","meta":{"_acf_changed":false,"_uag_custom_page_level_css":"","footnotes":""},"class_list":["post-8404","page","type-page","status-publish","hentry"],"acf":[],"yoast_head":"<!-- This site is optimized with the Yoast SEO plugin v27.3 - https:\/\/yoast.com\/product\/yoast-seo-wordpress\/ -->\n<title>Vastuv\u00f5tud - K\u00f5rvakliinik<\/title>\n<meta name=\"robots\" content=\"index, follow, max-snippet:-1, max-image-preview:large, max-video-preview:-1\" \/>\n<link rel=\"canonical\" href=\"https:\/\/www.kliinikum.ee\/korvakliinik\/patsiendile\/vastuvotud\/\" \/>\n<meta property=\"og:locale\" content=\"et_EE\" \/>\n<meta property=\"og:type\" content=\"article\" \/>\n<meta property=\"og:title\" content=\"Vastuv\u00f5tud - K\u00f5rvakliinik\" \/>\n<meta property=\"og:description\" content=\"Tartu \u00dclikooli Kliinikumi K\u00f5rvakliiniku ambulatoorsed vastuv\u00f5tud toimuvad aadressil L. Puusepa 8, C-korpuse I korrusel. K\u00f5rvakliinikusse p\u00f6\u00f6rdudes registreerige oma saabumine L. Puusepa t\u00e4nava poolses registratuuris. Vastuv\u00f5tule registreerimine&nbsp;ja loobumine731 9100Registreerimine internetisVastuv\u00f5tust loobumise teade j\u00e4ta automaatvastajale tel: 731 9099 Operatsioonile registreerimine ja loobumine731 9790E-R 8.00-16:00 Kuuldeaparaadid731 9478 \u00d5e iseseisevale vastuv\u00f5tule registreerimine: T\u00f6\u00f6v\u00f5imetuslehedhaigusleht.korvakliinik@kliinikum.ee\" \/>\n<meta property=\"og:url\" content=\"https:\/\/www.kliinikum.ee\/korvakliinik\/patsiendile\/vastuvotud\/\" \/>\n<meta property=\"og:site_name\" content=\"K\u00f5rvakliinik\" \/>\n<meta property=\"article:modified_time\" content=\"2026-03-25T10:25:40+00:00\" \/>\n<meta property=\"og:image\" content=\"https:\/\/www.kliinikum.ee\/korvakliinik\/wp-content\/uploads\/2023\/11\/IMG_8281-scaled.jpg\" \/>\n\t<meta property=\"og:image:width\" content=\"2560\" \/>\n\t<meta property=\"og:image:height\" content=\"1515\" \/>\n\t<meta property=\"og:image:type\" content=\"image\/jpeg\" \/>\n<meta name=\"twitter:card\" content=\"summary_large_image\" \/>\n<meta name=\"twitter:label1\" content=\"Est. reading time\" \/>\n\t<meta name=\"twitter:data1\" content=\"1 minut\" \/>\n<script type=\"application\/ld+json\" class=\"yoast-schema-graph\">{\"@context\":\"https:\\\/\\\/schema.org\",\"@graph\":[{\"@type\":\"WebPage\",\"@id\":\"https:\\\/\\\/www.kliinikum.ee\\\/korvakliinik\\\/patsiendile\\\/vastuvotud\\\/\",\"url\":\"https:\\\/\\\/www.kliinikum.ee\\\/korvakliinik\\\/patsiendile\\\/vastuvotud\\\/\",\"name\":\"Vastuv\u00f5tud - K\u00f5rvakliinik\",\"isPartOf\":{\"@id\":\"https:\\\/\\\/www.kliinikum.ee\\\/korvakliinik\\\/#website\"},\"primaryImageOfPage\":{\"@id\":\"https:\\\/\\\/www.kliinikum.ee\\\/korvakliinik\\\/patsiendile\\\/vastuvotud\\\/#primaryimage\"},\"image\":{\"@id\":\"https:\\\/\\\/www.kliinikum.ee\\\/korvakliinik\\\/patsiendile\\\/vastuvotud\\\/#primaryimage\"},\"thumbnailUrl\":\"https:\\\/\\\/www.kliinikum.ee\\\/korvakliinik\\\/wp-content\\\/uploads\\\/2023\\\/11\\\/IMG_8281-1024x606.jpg\",\"datePublished\":\"2023-08-08T10:30:33+00:00\",\"dateModified\":\"2026-03-25T10:25:40+00:00\",\"breadcrumb\":{\"@id\":\"https:\\\/\\\/www.kliinikum.ee\\\/korvakliinik\\\/patsiendile\\\/vastuvotud\\\/#breadcrumb\"},\"inLanguage\":\"et\",\"potentialAction\":[{\"@type\":\"ReadAction\",\"target\":[\"https:\\\/\\\/www.kliinikum.ee\\\/korvakliinik\\\/patsiendile\\\/vastuvotud\\\/\"]}]},{\"@type\":\"ImageObject\",\"inLanguage\":\"et\",\"@id\":\"https:\\\/\\\/www.kliinikum.ee\\\/korvakliinik\\\/patsiendile\\\/vastuvotud\\\/#primaryimage\",\"url\":\"https:\\\/\\\/www.kliinikum.ee\\\/korvakliinik\\\/wp-content\\\/uploads\\\/2023\\\/11\\\/IMG_8281-scaled.jpg\",\"contentUrl\":\"https:\\\/\\\/www.kliinikum.ee\\\/korvakliinik\\\/wp-content\\\/uploads\\\/2023\\\/11\\\/IMG_8281-scaled.jpg\",\"width\":2560,\"height\":1515},{\"@type\":\"BreadcrumbList\",\"@id\":\"https:\\\/\\\/www.kliinikum.ee\\\/korvakliinik\\\/patsiendile\\\/vastuvotud\\\/#breadcrumb\",\"itemListElement\":[{\"@type\":\"ListItem\",\"position\":1,\"name\":\"Patsiendile\",\"item\":\"https:\\\/\\\/www.kliinikum.ee\\\/korvakliinik\\\/patsiendile\\\/\"},{\"@type\":\"ListItem\",\"position\":2,\"name\":\"Vastuv\u00f5tud\"}]},{\"@type\":\"WebSite\",\"@id\":\"https:\\\/\\\/www.kliinikum.ee\\\/korvakliinik\\\/#website\",\"url\":\"https:\\\/\\\/www.kliinikum.ee\\\/korvakliinik\\\/\",\"name\":\"K\u00f5rvakliinik\",\"description\":\"Hoolivus, Uuendusmeelsus, P\u00e4devus ja Usaldusv\u00e4\u00e4rsus\",\"potentialAction\":[{\"@type\":\"SearchAction\",\"target\":{\"@type\":\"EntryPoint\",\"urlTemplate\":\"https:\\\/\\\/www.kliinikum.ee\\\/korvakliinik\\\/?s={search_term_string}\"},\"query-input\":{\"@type\":\"PropertyValueSpecification\",\"valueRequired\":true,\"valueName\":\"search_term_string\"}}],\"inLanguage\":\"et\"}]}<\/script>\n<!-- \/ Yoast SEO plugin. -->","yoast_head_json":{"title":"Vastuv\u00f5tud - K\u00f5rvakliinik","robots":{"index":"index","follow":"follow","max-snippet":"max-snippet:-1","max-image-preview":"max-image-preview:large","max-video-preview":"max-video-preview:-1"},"canonical":"https:\/\/www.kliinikum.ee\/korvakliinik\/patsiendile\/vastuvotud\/","og_locale":"et_EE","og_type":"article","og_title":"Vastuv\u00f5tud - K\u00f5rvakliinik","og_description":"Tartu \u00dclikooli Kliinikumi K\u00f5rvakliiniku ambulatoorsed vastuv\u00f5tud toimuvad aadressil L. Puusepa 8, C-korpuse I korrusel. K\u00f5rvakliinikusse p\u00f6\u00f6rdudes registreerige oma saabumine L. Puusepa t\u00e4nava poolses registratuuris. Vastuv\u00f5tule registreerimine&nbsp;ja loobumine731 9100Registreerimine internetisVastuv\u00f5tust loobumise teade j\u00e4ta automaatvastajale tel: 731 9099 Operatsioonile registreerimine ja loobumine731 9790E-R 8.00-16:00 Kuuldeaparaadid731 9478 \u00d5e iseseisevale vastuv\u00f5tule registreerimine: T\u00f6\u00f6v\u00f5imetuslehedhaigusleht.korvakliinik@kliinikum.ee","og_url":"https:\/\/www.kliinikum.ee\/korvakliinik\/patsiendile\/vastuvotud\/","og_site_name":"K\u00f5rvakliinik","article_modified_time":"2026-03-25T10:25:40+00:00","og_image":[{"width":2560,"height":1515,"url":"https:\/\/www.kliinikum.ee\/korvakliinik\/wp-content\/uploads\/2023\/11\/IMG_8281-scaled.jpg","type":"image\/jpeg"}],"twitter_card":"summary_large_image","twitter_misc":{"Est. reading time":"1 minut"},"schema":{"@context":"https:\/\/schema.org","@graph":[{"@type":"WebPage","@id":"https:\/\/www.kliinikum.ee\/korvakliinik\/patsiendile\/vastuvotud\/","url":"https:\/\/www.kliinikum.ee\/korvakliinik\/patsiendile\/vastuvotud\/","name":"Vastuv\u00f5tud - K\u00f5rvakliinik","isPartOf":{"@id":"https:\/\/www.kliinikum.ee\/korvakliinik\/#website"},"primaryImageOfPage":{"@id":"https:\/\/www.kliinikum.ee\/korvakliinik\/patsiendile\/vastuvotud\/#primaryimage"},"image":{"@id":"https:\/\/www.kliinikum.ee\/korvakliinik\/patsiendile\/vastuvotud\/#primaryimage"},"thumbnailUrl":"https:\/\/www.kliinikum.ee\/korvakliinik\/wp-content\/uploads\/2023\/11\/IMG_8281-1024x606.jpg","datePublished":"2023-08-08T10:30:33+00:00","dateModified":"2026-03-25T10:25:40+00:00","breadcrumb":{"@id":"https:\/\/www.kliinikum.ee\/korvakliinik\/patsiendile\/vastuvotud\/#breadcrumb"},"inLanguage":"et","potentialAction":[{"@type":"ReadAction","target":["https:\/\/www.kliinikum.ee\/korvakliinik\/patsiendile\/vastuvotud\/"]}]},{"@type":"ImageObject","inLanguage":"et","@id":"https:\/\/www.kliinikum.ee\/korvakliinik\/patsiendile\/vastuvotud\/#primaryimage","url":"https:\/\/www.kliinikum.ee\/korvakliinik\/wp-content\/uploads\/2023\/11\/IMG_8281-scaled.jpg","contentUrl":"https:\/\/www.kliinikum.ee\/korvakliinik\/wp-content\/uploads\/2023\/11\/IMG_8281-scaled.jpg","width":2560,"height":1515},{"@type":"BreadcrumbList","@id":"https:\/\/www.kliinikum.ee\/korvakliinik\/patsiendile\/vastuvotud\/#breadcrumb","itemListElement":[{"@type":"ListItem","position":1,"name":"Patsiendile","item":"https:\/\/www.kliinikum.ee\/korvakliinik\/patsiendile\/"},{"@type":"ListItem","position":2,"name":"Vastuv\u00f5tud"}]},{"@type":"WebSite","@id":"https:\/\/www.kliinikum.ee\/korvakliinik\/#website","url":"https:\/\/www.kliinikum.ee\/korvakliinik\/","name":"K\u00f5rvakliinik","description":"Hoolivus, Uuendusmeelsus, P\u00e4devus ja Usaldusv\u00e4\u00e4rsus","potentialAction":[{"@type":"SearchAction","target":{"@type":"EntryPoint","urlTemplate":"https:\/\/www.kliinikum.ee\/korvakliinik\/?s={search_term_string}"},"query-input":{"@type":"PropertyValueSpecification","valueRequired":true,"valueName":"search_term_string"}}],"inLanguage":"et"}]}},"uagb_featured_image_src":{"full":false,"thumbnail":false,"medium":false,"medium_large":false,"large":false,"1536x1536":false,"2048x2048":false},"uagb_author_info":{"display_name":"Jane Freimann","author_link":"https:\/\/www.kliinikum.ee\/korvakliinik\/author\/janef\/"},"uagb_comment_info":0,"uagb_excerpt":"Tartu \u00dclikooli Kliinikumi K\u00f5rvakliiniku ambulatoorsed vastuv\u00f5tud toimuvad aadressil L. Puusepa 8, C-korpuse I korrusel. K\u00f5rvakliinikusse p\u00f6\u00f6rdudes registreerige oma saabumine L. Puusepa t\u00e4nava poolses registratuuris. Vastuv\u00f5tule registreerimine&nbsp;ja loobumine731 9100Registreerimine internetisVastuv\u00f5tust loobumise teade j\u00e4ta automaatvastajale tel: 731 9099 Operatsioonile registreerimine ja loobumine731 9790E-R 8.00-16:00 Kuuldeaparaadid731 9478 \u00d5e iseseisevale vastuv\u00f5tule registreerimine: T\u00f6\u00f6v\u00f5imetuslehedhaigusleht.korvakliinik@kliinikum.ee","_links":{"self":[{"href":"https:\/\/www.kliinikum.ee\/korvakliinik\/wp-json\/wp\/v2\/pages\/8404","targetHints":{"allow":["GET"]}}],"collection":[{"href":"https:\/\/www.kliinikum.ee\/korvakliinik\/wp-json\/wp\/v2\/pages"}],"about":[{"href":"https:\/\/www.kliinikum.ee\/korvakliinik\/wp-json\/wp\/v2\/types\/page"}],"author":[{"embeddable":true,"href":"https:\/\/www.kliinikum.ee\/korvakliinik\/wp-json\/wp\/v2\/users\/32"}],"replies":[{"embeddable":true,"href":"https:\/\/www.kliinikum.ee\/korvakliinik\/wp-json\/wp\/v2\/comments?post=8404"}],"version-history":[{"count":0,"href":"https:\/\/www.kliinikum.ee\/korvakliinik\/wp-json\/wp\/v2\/pages\/8404\/revisions"}],"up":[{"embeddable":true,"href":"https:\/\/www.kliinikum.ee\/korvakliinik\/wp-json\/wp\/v2\/pages\/15"}],"wp:attachment":[{"href":"https:\/\/www.kliinikum.ee\/korvakliinik\/wp-json\/wp\/v2\/media?parent=8404"}],"curies":[{"name":"wp","href":"https:\/\/api.w.org\/{rel}","templated":true}]}}