{"id":15,"date":"2022-11-14T10:00:43","date_gmt":"2022-11-14T10:00:43","guid":{"rendered":"http:\/\/localhost\/?page_id=15"},"modified":"2023-08-17T09:33:32","modified_gmt":"2023-08-17T07:33:32","slug":"patsiendile","status":"publish","type":"page","link":"https:\/\/www.kliinikum.ee\/lastekliinik\/patsiendile\/","title":{"rendered":"Patsiendile"},"content":{"rendered":"\n<ul class=\"wp-block-list\">\n<li><a href=\"https:\/\/www.kliinikum.ee\/house-floor\/1-korrus\/\">L. Puusepa 8 majainfo<\/a><\/li>\n\n\n\n<li><a href=\"https:\/\/www.kliinikum.ee\/patsiendile\/majainfo\/uued-korpused\/\">Uued korpused<\/a><\/li>\n\n\n\n<li><a href=\"https:\/\/www.kliinikum.ee\/patsiendile\/majainfo\/liikumispuudega-inimesele\/\">Liikumispuudega inimesele<\/a><\/li>\n\n\n\n<li><a href=\"https:\/\/www.kliinikum.ee\/patsiendile\/majainfo\/lisateenused\/\">Kohvikud ja muud teenused<\/a><\/li>\n\n\n\n<li><a href=\"https:\/\/www.kliinikum.ee\/patsiendile\/majainfo\/bussiinfo\/\">Bussiinfo<\/a><\/li>\n\n\n\n<li><a href=\"https:\/\/www.kliinikum.ee\/patsiendile\/majainfo\/rattaparkla\/\">Rattaparkla<\/a><\/li>\n<\/ul>\n\n\n\n<p><strong>Lastekliinikusse p\u00f6\u00f6rdudes sisenege N. Lunini v\u00f5i L. Puusepa tn poolsest sissep\u00e4\u00e4sust ja liikuge otse lastekliiniku registratuuri ja riidehoidu M-korpuses. Erakorralise meditsiini osakonna (EMO) kaudu saavad siseneda vaid erakorralist abi vajavad lapsed ja t\u00e4iskasvanud.<\/strong><\/p>\n\n\n\n<figure class=\"wp-block-image size-full\"><img loading=\"lazy\" decoding=\"async\" width=\"658\" height=\"462\" src=\"https:\/\/www.kliinikum.ee\/lastekliinik\/wp-content\/uploads\/2023\/08\/majaplaan_lk3-1.jpg\" alt=\"\" class=\"wp-image-6267\" srcset=\"https:\/\/www.kliinikum.ee\/lastekliinik\/wp-content\/uploads\/2023\/08\/majaplaan_lk3-1.jpg 658w, https:\/\/www.kliinikum.ee\/lastekliinik\/wp-content\/uploads\/2023\/08\/majaplaan_lk3-1-300x211.jpg 300w\" sizes=\"auto, (max-width: 658px) 100vw, 658px\" \/><\/figure>\n\n\n\n<figure class=\"wp-block-image size-large\"><img loading=\"lazy\" decoding=\"async\" width=\"1024\" height=\"483\" src=\"https:\/\/www.kliinikum.ee\/lastekliinik\/wp-content\/uploads\/2023\/08\/n.-lunini-tanav-1-1024x483.jpg\" alt=\"\" class=\"wp-image-6270\" srcset=\"https:\/\/www.kliinikum.ee\/lastekliinik\/wp-content\/uploads\/2023\/08\/n.-lunini-tanav-1-1024x483.jpg 1024w, https:\/\/www.kliinikum.ee\/lastekliinik\/wp-content\/uploads\/2023\/08\/n.-lunini-tanav-1-300x142.jpg 300w, https:\/\/www.kliinikum.ee\/lastekliinik\/wp-content\/uploads\/2023\/08\/n.-lunini-tanav-1-768x362.jpg 768w, https:\/\/www.kliinikum.ee\/lastekliinik\/wp-content\/uploads\/2023\/08\/n.-lunini-tanav-1-1536x725.jpg 1536w, https:\/\/www.kliinikum.ee\/lastekliinik\/wp-content\/uploads\/2023\/08\/n.-lunini-tanav-1.jpg 1996w\" sizes=\"auto, (max-width: 1024px) 100vw, 1024px\" \/><\/figure>\n","protected":false},"excerpt":{"rendered":"<p>Lastekliinikusse p\u00f6\u00f6rdudes sisenege N. Lunini v\u00f5i L. Puusepa tn poolsest sissep\u00e4\u00e4sust ja liikuge otse lastekliiniku registratuuri ja riidehoidu M-korpuses. Erakorralise meditsiini osakonna (EMO) kaudu saavad siseneda vaid erakorralist abi vajavad lapsed ja t\u00e4iskasvanud.<\/p>\n","protected":false},"author":32,"featured_media":0,"parent":0,"menu_order":0,"comment_status":"closed","ping_status":"closed","template":"","meta":{"_acf_changed":false,"_uag_custom_page_level_css":"","footnotes":""},"class_list":["post-15","page","type-page","status-publish","hentry"],"acf":[],"yoast_head":"<!-- This site is optimized with the Yoast SEO plugin v27.4 - https:\/\/yoast.com\/product\/yoast-seo-wordpress\/ -->\n<title>Patsiendile - Lastekliinik<\/title>\n<meta name=\"robots\" content=\"index, follow, max-snippet:-1, max-image-preview:large, max-video-preview:-1\" \/>\n<link rel=\"canonical\" href=\"https:\/\/www.kliinikum.ee\/lastekliinik\/patsiendile\/\" \/>\n<meta property=\"og:locale\" content=\"et_EE\" \/>\n<meta property=\"og:type\" content=\"article\" \/>\n<meta property=\"og:title\" content=\"Patsiendile - Lastekliinik\" \/>\n<meta property=\"og:description\" content=\"Lastekliinikusse p\u00f6\u00f6rdudes sisenege N. Lunini v\u00f5i L. Puusepa tn poolsest sissep\u00e4\u00e4sust ja liikuge otse lastekliiniku registratuuri ja riidehoidu M-korpuses. Erakorralise meditsiini osakonna (EMO) kaudu saavad siseneda vaid erakorralist abi vajavad lapsed ja t\u00e4iskasvanud.\" \/>\n<meta property=\"og:url\" content=\"https:\/\/www.kliinikum.ee\/lastekliinik\/patsiendile\/\" \/>\n<meta property=\"og:site_name\" content=\"Lastekliinik\" \/>\n<meta property=\"article:modified_time\" content=\"2023-08-17T07:33:32+00:00\" \/>\n<meta property=\"og:image\" content=\"https:\/\/www.kliinikum.ee\/lastekliinik\/wp-content\/uploads\/2023\/08\/majaplaan_lk3-1.jpg\" \/>\n<meta name=\"twitter:card\" content=\"summary_large_image\" \/>\n<meta name=\"twitter:label1\" content=\"Est. reading time\" \/>\n\t<meta name=\"twitter:data1\" content=\"1 minut\" \/>\n<script type=\"application\/ld+json\" class=\"yoast-schema-graph\">{\"@context\":\"https:\\\/\\\/schema.org\",\"@graph\":[{\"@type\":\"WebPage\",\"@id\":\"https:\\\/\\\/www.kliinikum.ee\\\/lastekliinik\\\/patsiendile\\\/\",\"url\":\"https:\\\/\\\/www.kliinikum.ee\\\/lastekliinik\\\/patsiendile\\\/\",\"name\":\"Patsiendile - Lastekliinik\",\"isPartOf\":{\"@id\":\"https:\\\/\\\/www.kliinikum.ee\\\/lastekliinik\\\/#website\"},\"primaryImageOfPage\":{\"@id\":\"https:\\\/\\\/www.kliinikum.ee\\\/lastekliinik\\\/patsiendile\\\/#primaryimage\"},\"image\":{\"@id\":\"https:\\\/\\\/www.kliinikum.ee\\\/lastekliinik\\\/patsiendile\\\/#primaryimage\"},\"thumbnailUrl\":\"https:\\\/\\\/www.kliinikum.ee\\\/lastekliinik\\\/wp-content\\\/uploads\\\/2023\\\/08\\\/majaplaan_lk3-1.jpg\",\"datePublished\":\"2022-11-14T10:00:43+00:00\",\"dateModified\":\"2023-08-17T07:33:32+00:00\",\"inLanguage\":\"et\",\"potentialAction\":[{\"@type\":\"ReadAction\",\"target\":[\"https:\\\/\\\/www.kliinikum.ee\\\/lastekliinik\\\/patsiendile\\\/\"]}]},{\"@type\":\"ImageObject\",\"inLanguage\":\"et\",\"@id\":\"https:\\\/\\\/www.kliinikum.ee\\\/lastekliinik\\\/patsiendile\\\/#primaryimage\",\"url\":\"https:\\\/\\\/www.kliinikum.ee\\\/lastekliinik\\\/wp-content\\\/uploads\\\/2023\\\/08\\\/majaplaan_lk3-1.jpg\",\"contentUrl\":\"https:\\\/\\\/www.kliinikum.ee\\\/lastekliinik\\\/wp-content\\\/uploads\\\/2023\\\/08\\\/majaplaan_lk3-1.jpg\",\"width\":658,\"height\":462},{\"@type\":\"WebSite\",\"@id\":\"https:\\\/\\\/www.kliinikum.ee\\\/lastekliinik\\\/#website\",\"url\":\"https:\\\/\\\/www.kliinikum.ee\\\/lastekliinik\\\/\",\"name\":\"Lastekliinik\",\"description\":\"Hoolivus, Uuendusmeelsus, P\u00e4devus ja Usaldusv\u00e4\u00e4rsus\",\"potentialAction\":[{\"@type\":\"SearchAction\",\"target\":{\"@type\":\"EntryPoint\",\"urlTemplate\":\"https:\\\/\\\/www.kliinikum.ee\\\/lastekliinik\\\/?s={search_term_string}\"},\"query-input\":{\"@type\":\"PropertyValueSpecification\",\"valueRequired\":true,\"valueName\":\"search_term_string\"}}],\"inLanguage\":\"et\"}]}<\/script>\n<!-- \/ Yoast SEO plugin. -->","yoast_head_json":{"title":"Patsiendile - Lastekliinik","robots":{"index":"index","follow":"follow","max-snippet":"max-snippet:-1","max-image-preview":"max-image-preview:large","max-video-preview":"max-video-preview:-1"},"canonical":"https:\/\/www.kliinikum.ee\/lastekliinik\/patsiendile\/","og_locale":"et_EE","og_type":"article","og_title":"Patsiendile - Lastekliinik","og_description":"Lastekliinikusse p\u00f6\u00f6rdudes sisenege N. Lunini v\u00f5i L. Puusepa tn poolsest sissep\u00e4\u00e4sust ja liikuge otse lastekliiniku registratuuri ja riidehoidu M-korpuses. Erakorralise meditsiini osakonna (EMO) kaudu saavad siseneda vaid erakorralist abi vajavad lapsed ja t\u00e4iskasvanud.","og_url":"https:\/\/www.kliinikum.ee\/lastekliinik\/patsiendile\/","og_site_name":"Lastekliinik","article_modified_time":"2023-08-17T07:33:32+00:00","og_image":[{"url":"https:\/\/www.kliinikum.ee\/lastekliinik\/wp-content\/uploads\/2023\/08\/majaplaan_lk3-1.jpg","type":"","width":"","height":""}],"twitter_card":"summary_large_image","twitter_misc":{"Est. reading time":"1 minut"},"schema":{"@context":"https:\/\/schema.org","@graph":[{"@type":"WebPage","@id":"https:\/\/www.kliinikum.ee\/lastekliinik\/patsiendile\/","url":"https:\/\/www.kliinikum.ee\/lastekliinik\/patsiendile\/","name":"Patsiendile - Lastekliinik","isPartOf":{"@id":"https:\/\/www.kliinikum.ee\/lastekliinik\/#website"},"primaryImageOfPage":{"@id":"https:\/\/www.kliinikum.ee\/lastekliinik\/patsiendile\/#primaryimage"},"image":{"@id":"https:\/\/www.kliinikum.ee\/lastekliinik\/patsiendile\/#primaryimage"},"thumbnailUrl":"https:\/\/www.kliinikum.ee\/lastekliinik\/wp-content\/uploads\/2023\/08\/majaplaan_lk3-1.jpg","datePublished":"2022-11-14T10:00:43+00:00","dateModified":"2023-08-17T07:33:32+00:00","inLanguage":"et","potentialAction":[{"@type":"ReadAction","target":["https:\/\/www.kliinikum.ee\/lastekliinik\/patsiendile\/"]}]},{"@type":"ImageObject","inLanguage":"et","@id":"https:\/\/www.kliinikum.ee\/lastekliinik\/patsiendile\/#primaryimage","url":"https:\/\/www.kliinikum.ee\/lastekliinik\/wp-content\/uploads\/2023\/08\/majaplaan_lk3-1.jpg","contentUrl":"https:\/\/www.kliinikum.ee\/lastekliinik\/wp-content\/uploads\/2023\/08\/majaplaan_lk3-1.jpg","width":658,"height":462},{"@type":"WebSite","@id":"https:\/\/www.kliinikum.ee\/lastekliinik\/#website","url":"https:\/\/www.kliinikum.ee\/lastekliinik\/","name":"Lastekliinik","description":"Hoolivus, Uuendusmeelsus, P\u00e4devus ja Usaldusv\u00e4\u00e4rsus","potentialAction":[{"@type":"SearchAction","target":{"@type":"EntryPoint","urlTemplate":"https:\/\/www.kliinikum.ee\/lastekliinik\/?s={search_term_string}"},"query-input":{"@type":"PropertyValueSpecification","valueRequired":true,"valueName":"search_term_string"}}],"inLanguage":"et"}]}},"uagb_featured_image_src":{"full":false,"thumbnail":false,"medium":false,"medium_large":false,"large":false,"1536x1536":false,"2048x2048":false},"uagb_author_info":{"display_name":"erkky","author_link":"https:\/\/www.kliinikum.ee\/lastekliinik\/author\/erkky\/"},"uagb_comment_info":0,"uagb_excerpt":"Lastekliinikusse p\u00f6\u00f6rdudes sisenege N. Lunini v\u00f5i L. Puusepa tn poolsest sissep\u00e4\u00e4sust ja liikuge otse lastekliiniku registratuuri ja riidehoidu M-korpuses. Erakorralise meditsiini osakonna (EMO) kaudu saavad siseneda vaid erakorralist abi vajavad lapsed ja t\u00e4iskasvanud.","_links":{"self":[{"href":"https:\/\/www.kliinikum.ee\/lastekliinik\/wp-json\/wp\/v2\/pages\/15","targetHints":{"allow":["GET"]}}],"collection":[{"href":"https:\/\/www.kliinikum.ee\/lastekliinik\/wp-json\/wp\/v2\/pages"}],"about":[{"href":"https:\/\/www.kliinikum.ee\/lastekliinik\/wp-json\/wp\/v2\/types\/page"}],"author":[{"embeddable":true,"href":"https:\/\/www.kliinikum.ee\/lastekliinik\/wp-json\/wp\/v2\/users\/32"}],"replies":[{"embeddable":true,"href":"https:\/\/www.kliinikum.ee\/lastekliinik\/wp-json\/wp\/v2\/comments?post=15"}],"version-history":[{"count":0,"href":"https:\/\/www.kliinikum.ee\/lastekliinik\/wp-json\/wp\/v2\/pages\/15\/revisions"}],"wp:attachment":[{"href":"https:\/\/www.kliinikum.ee\/lastekliinik\/wp-json\/wp\/v2\/media?parent=15"}],"curies":[{"name":"wp","href":"https:\/\/api.w.org\/{rel}","templated":true}]}}