{"id":17,"date":"2022-11-14T10:00:52","date_gmt":"2022-11-14T10:00:52","guid":{"rendered":"http:\/\/localhost\/?page_id=17"},"modified":"2023-08-22T11:45:56","modified_gmt":"2023-08-22T09:45:56","slug":"kliinikust","status":"publish","type":"page","link":"https:\/\/www.kliinikum.ee\/lastekliinik\/kliinikust\/","title":{"rendered":"Kliinikust"},"content":{"rendered":"\n<p class=\"has-medium-font-size\"><strong> Tartu \u00dclikooli Kliinikumi lastekliinik v\u00f5tab alates 21. augustist patsiente vastu uues, Maarjam\u00f5isa meditsiinilinnaku L. Puusepa 8 hoone M-korpuses<\/strong>. Erakorralised vastuv\u00f5tud toimuvad kuni 23.08 endises N. Lunini 6 hoones. Erakorralised vastuv\u00f5tud kolivad uude hoonesse 23. augustil. Lastekliiniku osakonnad kolivad M-koprusesse vahemikus 18.\u201324. august.<\/p>\n\n\n\n<p class=\"has-medium-font-size\">Uues ravikorpuses paiknevad osakonnad j\u00e4rgmiselt:<\/p>\n\n\n\n<ul class=\"wp-block-list\">\n<li class=\"has-medium-font-size\">I korrus: ambulatoorsed vastuv\u00f5tud, erakorraline vastuv\u00f5tt, labor<\/li>\n\n\n\n<li class=\"has-medium-font-size\">II korrus: allergiakeskus, taastusravikeskus<\/li>\n\n\n\n<li class=\"has-medium-font-size\">III korrus: neonatoloogia osakond, lasteintensiivravi osakond<\/li>\n\n\n\n<li class=\"has-medium-font-size\">IV korrus: \u00fcldpediaatria osakond, neuroloogia osakond, lastekirurgia osakond<\/li>\n\n\n\n<li class=\"has-medium-font-size\">V korrus: \u00e4gedate infektsioonide osakond<\/li>\n<\/ul>\n","protected":false},"excerpt":{"rendered":"<p>Tartu \u00dclikooli Kliinikumi lastekliinik v\u00f5tab alates 21. augustist patsiente vastu uues, Maarjam\u00f5isa meditsiinilinnaku L. Puusepa 8 hoone M-korpuses. Erakorralised vastuv\u00f5tud toimuvad kuni 23.08 endises N. Lunini 6 hoones. Erakorralised vastuv\u00f5tud kolivad uude hoonesse 23. augustil. Lastekliiniku osakonnad kolivad M-koprusesse vahemikus 18.\u201324. august. Uues ravikorpuses paiknevad osakonnad j\u00e4rgmiselt:<\/p>\n","protected":false},"author":32,"featured_media":0,"parent":0,"menu_order":0,"comment_status":"closed","ping_status":"closed","template":"","meta":{"_acf_changed":false,"_uag_custom_page_level_css":"","footnotes":""},"class_list":["post-17","page","type-page","status-publish","hentry"],"acf":[],"yoast_head":"<!-- This site is optimized with the Yoast SEO plugin v27.5 - https:\/\/yoast.com\/product\/yoast-seo-wordpress\/ -->\n<title>Kliinikust - Lastekliinik<\/title>\n<meta name=\"robots\" content=\"index, follow, max-snippet:-1, max-image-preview:large, max-video-preview:-1\" \/>\n<link rel=\"canonical\" href=\"https:\/\/www.kliinikum.ee\/lastekliinik\/kliinikust\/\" \/>\n<meta property=\"og:locale\" content=\"et_EE\" \/>\n<meta property=\"og:type\" content=\"article\" \/>\n<meta property=\"og:title\" content=\"Kliinikust - Lastekliinik\" \/>\n<meta property=\"og:description\" content=\"Tartu \u00dclikooli Kliinikumi lastekliinik v\u00f5tab alates 21. augustist patsiente vastu uues, Maarjam\u00f5isa meditsiinilinnaku L. Puusepa 8 hoone M-korpuses. Erakorralised vastuv\u00f5tud toimuvad kuni 23.08 endises N. Lunini 6 hoones. Erakorralised vastuv\u00f5tud kolivad uude hoonesse 23. augustil. Lastekliiniku osakonnad kolivad M-koprusesse vahemikus 18.\u201324. august. Uues ravikorpuses paiknevad osakonnad j\u00e4rgmiselt:\" \/>\n<meta property=\"og:url\" content=\"https:\/\/www.kliinikum.ee\/lastekliinik\/kliinikust\/\" \/>\n<meta property=\"og:site_name\" content=\"Lastekliinik\" \/>\n<meta property=\"article:modified_time\" content=\"2023-08-22T09:45:56+00:00\" \/>\n<meta name=\"twitter:card\" content=\"summary_large_image\" \/>\n<meta name=\"twitter:label1\" content=\"Est. reading time\" \/>\n\t<meta name=\"twitter:data1\" content=\"1 minut\" \/>\n<script type=\"application\/ld+json\" class=\"yoast-schema-graph\">{\"@context\":\"https:\\\/\\\/schema.org\",\"@graph\":[{\"@type\":\"WebPage\",\"@id\":\"https:\\\/\\\/www.kliinikum.ee\\\/lastekliinik\\\/kliinikust\\\/\",\"url\":\"https:\\\/\\\/www.kliinikum.ee\\\/lastekliinik\\\/kliinikust\\\/\",\"name\":\"Kliinikust - Lastekliinik\",\"isPartOf\":{\"@id\":\"https:\\\/\\\/www.kliinikum.ee\\\/lastekliinik\\\/#website\"},\"datePublished\":\"2022-11-14T10:00:52+00:00\",\"dateModified\":\"2023-08-22T09:45:56+00:00\",\"inLanguage\":\"et\",\"potentialAction\":[{\"@type\":\"ReadAction\",\"target\":[\"https:\\\/\\\/www.kliinikum.ee\\\/lastekliinik\\\/kliinikust\\\/\"]}]},{\"@type\":\"WebSite\",\"@id\":\"https:\\\/\\\/www.kliinikum.ee\\\/lastekliinik\\\/#website\",\"url\":\"https:\\\/\\\/www.kliinikum.ee\\\/lastekliinik\\\/\",\"name\":\"Lastekliinik\",\"description\":\"Hoolivus, Uuendusmeelsus, P\u00e4devus ja Usaldusv\u00e4\u00e4rsus\",\"potentialAction\":[{\"@type\":\"SearchAction\",\"target\":{\"@type\":\"EntryPoint\",\"urlTemplate\":\"https:\\\/\\\/www.kliinikum.ee\\\/lastekliinik\\\/?s={search_term_string}\"},\"query-input\":{\"@type\":\"PropertyValueSpecification\",\"valueRequired\":true,\"valueName\":\"search_term_string\"}}],\"inLanguage\":\"et\"}]}<\/script>\n<!-- \/ Yoast SEO plugin. -->","yoast_head_json":{"title":"Kliinikust - Lastekliinik","robots":{"index":"index","follow":"follow","max-snippet":"max-snippet:-1","max-image-preview":"max-image-preview:large","max-video-preview":"max-video-preview:-1"},"canonical":"https:\/\/www.kliinikum.ee\/lastekliinik\/kliinikust\/","og_locale":"et_EE","og_type":"article","og_title":"Kliinikust - Lastekliinik","og_description":"Tartu \u00dclikooli Kliinikumi lastekliinik v\u00f5tab alates 21. augustist patsiente vastu uues, Maarjam\u00f5isa meditsiinilinnaku L. Puusepa 8 hoone M-korpuses. Erakorralised vastuv\u00f5tud toimuvad kuni 23.08 endises N. Lunini 6 hoones. Erakorralised vastuv\u00f5tud kolivad uude hoonesse 23. augustil. Lastekliiniku osakonnad kolivad M-koprusesse vahemikus 18.\u201324. august. Uues ravikorpuses paiknevad osakonnad j\u00e4rgmiselt:","og_url":"https:\/\/www.kliinikum.ee\/lastekliinik\/kliinikust\/","og_site_name":"Lastekliinik","article_modified_time":"2023-08-22T09:45:56+00:00","twitter_card":"summary_large_image","twitter_misc":{"Est. reading time":"1 minut"},"schema":{"@context":"https:\/\/schema.org","@graph":[{"@type":"WebPage","@id":"https:\/\/www.kliinikum.ee\/lastekliinik\/kliinikust\/","url":"https:\/\/www.kliinikum.ee\/lastekliinik\/kliinikust\/","name":"Kliinikust - Lastekliinik","isPartOf":{"@id":"https:\/\/www.kliinikum.ee\/lastekliinik\/#website"},"datePublished":"2022-11-14T10:00:52+00:00","dateModified":"2023-08-22T09:45:56+00:00","inLanguage":"et","potentialAction":[{"@type":"ReadAction","target":["https:\/\/www.kliinikum.ee\/lastekliinik\/kliinikust\/"]}]},{"@type":"WebSite","@id":"https:\/\/www.kliinikum.ee\/lastekliinik\/#website","url":"https:\/\/www.kliinikum.ee\/lastekliinik\/","name":"Lastekliinik","description":"Hoolivus, Uuendusmeelsus, P\u00e4devus ja Usaldusv\u00e4\u00e4rsus","potentialAction":[{"@type":"SearchAction","target":{"@type":"EntryPoint","urlTemplate":"https:\/\/www.kliinikum.ee\/lastekliinik\/?s={search_term_string}"},"query-input":{"@type":"PropertyValueSpecification","valueRequired":true,"valueName":"search_term_string"}}],"inLanguage":"et"}]}},"uagb_featured_image_src":{"full":false,"thumbnail":false,"medium":false,"medium_large":false,"large":false,"1536x1536":false,"2048x2048":false},"uagb_author_info":{"display_name":"erkky","author_link":"https:\/\/www.kliinikum.ee\/lastekliinik\/author\/erkky\/"},"uagb_comment_info":0,"uagb_excerpt":"Tartu \u00dclikooli Kliinikumi lastekliinik v\u00f5tab alates 21. augustist patsiente vastu uues, Maarjam\u00f5isa meditsiinilinnaku L. Puusepa 8 hoone M-korpuses. Erakorralised vastuv\u00f5tud toimuvad kuni 23.08 endises N. Lunini 6 hoones. Erakorralised vastuv\u00f5tud kolivad uude hoonesse 23. augustil. Lastekliiniku osakonnad kolivad M-koprusesse vahemikus 18.\u201324. august. Uues ravikorpuses paiknevad osakonnad j\u00e4rgmiselt:","_links":{"self":[{"href":"https:\/\/www.kliinikum.ee\/lastekliinik\/wp-json\/wp\/v2\/pages\/17","targetHints":{"allow":["GET"]}}],"collection":[{"href":"https:\/\/www.kliinikum.ee\/lastekliinik\/wp-json\/wp\/v2\/pages"}],"about":[{"href":"https:\/\/www.kliinikum.ee\/lastekliinik\/wp-json\/wp\/v2\/types\/page"}],"author":[{"embeddable":true,"href":"https:\/\/www.kliinikum.ee\/lastekliinik\/wp-json\/wp\/v2\/users\/32"}],"replies":[{"embeddable":true,"href":"https:\/\/www.kliinikum.ee\/lastekliinik\/wp-json\/wp\/v2\/comments?post=17"}],"version-history":[{"count":0,"href":"https:\/\/www.kliinikum.ee\/lastekliinik\/wp-json\/wp\/v2\/pages\/17\/revisions"}],"wp:attachment":[{"href":"https:\/\/www.kliinikum.ee\/lastekliinik\/wp-json\/wp\/v2\/media?parent=17"}],"curies":[{"name":"wp","href":"https:\/\/api.w.org\/{rel}","templated":true}]}}