{"id":5888,"date":"2023-04-19T12:22:30","date_gmt":"2023-04-19T10:22:30","guid":{"rendered":"https:\/\/www.kliinikum.ee\/lastekliinik\/?page_id=5888"},"modified":"2025-10-23T11:34:12","modified_gmt":"2025-10-23T09:34:12","slug":"agedate-infektsioonide-osakond","status":"publish","type":"page","link":"https:\/\/www.kliinikum.ee\/lastekliinik\/kliinikust\/agedate-infektsioonide-osakond\/","title":{"rendered":"\u00c4gedate infektsioonide osakond"},"content":{"rendered":"\n<p class=\"has-medium-font-size\"><strong>Asukoht: L. Puusepa 8, M-korpus V korrus. <\/strong><\/p>\n\n\n\n<p class=\"has-medium-font-size\"><strong>Osakonnajuht<\/strong>: Piia J\u00f5gi, tel 731 9640 <br><strong>Osakonna \u00f5endusjuht:<\/strong> Marika Metsoja,&nbsp;tel 731 9631; 5331 9631&nbsp;&nbsp;<br><strong>Sekret\u00e4r<\/strong>: Malle Kalk, tel 731 9634<br><strong>Valve\u00f5de<\/strong>: tel 731 9643<\/p>\n\n\n\n<p class=\"has-medium-font-size\"><strong>Osakonna arstid: <\/strong>Eda Tamm, Piia J\u00f5gi, Aime P\u00fctsepp, Anna-Liisa Kerna (lapsehoolduspuhkusel) , Hannes Vaas, Maarja K\u00e4rsin, Gerli Mirka, Ene Kenkmann, Jelena Svit\u0161kar<\/p>\n\n\n\n<p class=\"has-medium-font-size\">Infektsionisti ambulatoorne vastuv\u00f5tt ja vaktsineerimine: L. Puusepa 8 &nbsp;M-korpus, M 1083,&nbsp; tel 731 9513<\/p>\n\n\n\n<p class=\"has-medium-font-size\">Infektsionisti konsultatsioonile v\u00f5ib saata erinevate infektsioonhaigustega lapsi k.a. ebaselge palavik v\u00f5i perioodilised palavik, HIV\/AIDS , hepatiidid, tuberkuloos, mononukleoos , retsidiveeruvad nahainfektsioonid, reisimisega seotud infektsioonid, eelnevale ravile mitteallunud infektsioonid jne.<\/p>\n\n\n\n<p class=\"has-medium-font-size\">N\u00f5ustame vaktsineerimisega seotud k\u00fcsimuste osas, koostame vaktsineerimisplaane immuunpuudulikkusega patsientidele, mujalt riigist Eestisse \u00fcmberasunud lastele, &nbsp;immuniseerimise t\u00e4htaegadest mittekinnipidamise korral jne. N\u00f5ustame kalendriv\u00e4liste vaktsiinidega vaktsineerimisega seotud k\u00fcsimuste osas.<\/p>\n\n\n\n<p class=\"has-medium-font-size\"><strong>Osakonna juurde kuulub <a href=\"https:\/\/www.kliinikum.ee\/patsiendile\/erakorraline-vastuvott\/lastekliinik\/\">erakorraline vastuv\u00f5tt<\/a>, mis asub&nbsp;L. Puusepa 8, M-korpus M 1043), tel 731 9512 24h<\/strong>.<\/p>\n\n\n\n<p class=\"has-medium-font-size\"><strong>Osakonna iseloomustus<\/strong><\/p>\n\n\n\n<p class=\"has-medium-font-size\">Osakonda hospitaliseeritud laste haiguste struktuur s\u00f5ltub suuresti aastaajast ja epidemioloogilisest olukorrast. Ravil viibivatest lastest moodustavad suurema osa hingamisteede infektsioonidega (bronhiit, bronhioliit, k\u00f5riturse, astma \u00e4genemine, kopsup\u00f5letik jne) patsiendid. Ravitakse ka \u00e4gedaid sooleinfektsioone (noro- ja rotaviirusinfektsioon, salmonelloos jne), erinevate l\u00f6\u00f6vetega kulgevaid haigusi (sarlakid, tuuler\u00f5uged, k\u00e4e-jala suuhaigus jne) ja keskn\u00e4rvis\u00fcsteemi infektsioonidega lapsi.<\/p>\n\n\n\n<p class=\"has-medium-font-size\">Osakonda saabumisel on vajalik kaasa v\u00f5tta h\u00fcgieenitarbed, sisejalatsid, mugavad r\u00f5ivad ja lapse lemmikm\u00e4nguasi. Lapse jaoks on osakonnas erinevas suuruses riideid, m\u00e4hkmeid ning vajadusel ka piimasegu.<\/p>\n\n\n\n<p class=\"has-medium-font-size\">Ema v\u00f5i isa vormistatakse lapse hooldajaks ning talle on toitlustus 3 korral \u00f6\u00f6p\u00e4evas.<\/p>\n\n\n\n<p class=\"has-medium-font-size\">Osakonnas levib kliinikumi wi-fi.<\/p>\n\n\n\n<p class=\"has-medium-font-size\">Lapse hooldamise ja terviseprobleemide m\u00f5istmiseks kasulikud materjalid ning lingid asuvad siin: <a href=\"https:\/\/www.kliinikum.ee\/lastekliinik\/patsiendiinfo\">https:\/\/www.kliinikum.ee\/lastekliinik\/patsiendiinfo<\/a><\/p>\n","protected":false},"excerpt":{"rendered":"<p>Asukoht: L. Puusepa 8, M-korpus V korrus. Osakonnajuht: Piia J\u00f5gi, tel 731 9640 Osakonna \u00f5endusjuht: Marika Metsoja,&nbsp;tel 731 9631; 5331 9631&nbsp;&nbsp;Sekret\u00e4r: Malle Kalk, tel 731 9634Valve\u00f5de: tel 731 9643 Osakonna arstid: Eda Tamm, Piia J\u00f5gi, Aime P\u00fctsepp, Anna-Liisa Kerna (lapsehoolduspuhkusel) , Hannes Vaas, Maarja K\u00e4rsin, Gerli Mirka, Ene Kenkmann, Jelena Svit\u0161kar Infektsionisti ambulatoorne vastuv\u00f5tt ja [&hellip;]<\/p>\n","protected":false},"author":35,"featured_media":0,"parent":17,"menu_order":2,"comment_status":"closed","ping_status":"closed","template":"","meta":{"_acf_changed":false,"_uag_custom_page_level_css":"","footnotes":""},"class_list":["post-5888","page","type-page","status-publish","hentry"],"acf":[],"yoast_head":"<!-- This site is optimized with the Yoast SEO plugin v27.5 - https:\/\/yoast.com\/product\/yoast-seo-wordpress\/ -->\n<title>\u00c4gedate infektsioonide osakond - Lastekliinik<\/title>\n<meta name=\"robots\" content=\"index, follow, max-snippet:-1, max-image-preview:large, max-video-preview:-1\" \/>\n<link rel=\"canonical\" href=\"https:\/\/www.kliinikum.ee\/lastekliinik\/kliinikust\/agedate-infektsioonide-osakond\/\" \/>\n<meta property=\"og:locale\" content=\"et_EE\" \/>\n<meta property=\"og:type\" content=\"article\" \/>\n<meta property=\"og:title\" content=\"\u00c4gedate infektsioonide osakond - Lastekliinik\" \/>\n<meta property=\"og:description\" content=\"Asukoht: L. Puusepa 8, M-korpus V korrus. Osakonnajuht: Piia J\u00f5gi, tel 731 9640 Osakonna \u00f5endusjuht: Marika Metsoja,&nbsp;tel 731 9631; 5331 9631&nbsp;&nbsp;Sekret\u00e4r: Malle Kalk, tel 731 9634Valve\u00f5de: tel 731 9643 Osakonna arstid: Eda Tamm, Piia J\u00f5gi, Aime P\u00fctsepp, Anna-Liisa Kerna (lapsehoolduspuhkusel) , Hannes Vaas, Maarja K\u00e4rsin, Gerli Mirka, Ene Kenkmann, Jelena Svit\u0161kar Infektsionisti ambulatoorne vastuv\u00f5tt ja [&hellip;]\" \/>\n<meta property=\"og:url\" content=\"https:\/\/www.kliinikum.ee\/lastekliinik\/kliinikust\/agedate-infektsioonide-osakond\/\" \/>\n<meta property=\"og:site_name\" content=\"Lastekliinik\" \/>\n<meta property=\"article:modified_time\" content=\"2025-10-23T09:34:12+00:00\" \/>\n<meta name=\"twitter:card\" content=\"summary_large_image\" \/>\n<meta name=\"twitter:label1\" content=\"Est. reading time\" \/>\n\t<meta name=\"twitter:data1\" content=\"2 minutit\" \/>\n<script type=\"application\/ld+json\" class=\"yoast-schema-graph\">{\"@context\":\"https:\\\/\\\/schema.org\",\"@graph\":[{\"@type\":\"WebPage\",\"@id\":\"https:\\\/\\\/www.kliinikum.ee\\\/lastekliinik\\\/kliinikust\\\/agedate-infektsioonide-osakond\\\/\",\"url\":\"https:\\\/\\\/www.kliinikum.ee\\\/lastekliinik\\\/kliinikust\\\/agedate-infektsioonide-osakond\\\/\",\"name\":\"\u00c4gedate infektsioonide osakond - Lastekliinik\",\"isPartOf\":{\"@id\":\"https:\\\/\\\/www.kliinikum.ee\\\/lastekliinik\\\/#website\"},\"datePublished\":\"2023-04-19T10:22:30+00:00\",\"dateModified\":\"2025-10-23T09:34:12+00:00\",\"breadcrumb\":{\"@id\":\"https:\\\/\\\/www.kliinikum.ee\\\/lastekliinik\\\/kliinikust\\\/agedate-infektsioonide-osakond\\\/#breadcrumb\"},\"inLanguage\":\"et\",\"potentialAction\":[{\"@type\":\"ReadAction\",\"target\":[\"https:\\\/\\\/www.kliinikum.ee\\\/lastekliinik\\\/kliinikust\\\/agedate-infektsioonide-osakond\\\/\"]}]},{\"@type\":\"BreadcrumbList\",\"@id\":\"https:\\\/\\\/www.kliinikum.ee\\\/lastekliinik\\\/kliinikust\\\/agedate-infektsioonide-osakond\\\/#breadcrumb\",\"itemListElement\":[{\"@type\":\"ListItem\",\"position\":1,\"name\":\"Kliinikust\",\"item\":\"https:\\\/\\\/www.kliinikum.ee\\\/lastekliinik\\\/kliinikust\\\/\"},{\"@type\":\"ListItem\",\"position\":2,\"name\":\"\u00c4gedate infektsioonide osakond\"}]},{\"@type\":\"WebSite\",\"@id\":\"https:\\\/\\\/www.kliinikum.ee\\\/lastekliinik\\\/#website\",\"url\":\"https:\\\/\\\/www.kliinikum.ee\\\/lastekliinik\\\/\",\"name\":\"Lastekliinik\",\"description\":\"Hoolivus, Uuendusmeelsus, P\u00e4devus ja Usaldusv\u00e4\u00e4rsus\",\"potentialAction\":[{\"@type\":\"SearchAction\",\"target\":{\"@type\":\"EntryPoint\",\"urlTemplate\":\"https:\\\/\\\/www.kliinikum.ee\\\/lastekliinik\\\/?s={search_term_string}\"},\"query-input\":{\"@type\":\"PropertyValueSpecification\",\"valueRequired\":true,\"valueName\":\"search_term_string\"}}],\"inLanguage\":\"et\"}]}<\/script>\n<!-- \/ Yoast SEO plugin. -->","yoast_head_json":{"title":"\u00c4gedate infektsioonide osakond - Lastekliinik","robots":{"index":"index","follow":"follow","max-snippet":"max-snippet:-1","max-image-preview":"max-image-preview:large","max-video-preview":"max-video-preview:-1"},"canonical":"https:\/\/www.kliinikum.ee\/lastekliinik\/kliinikust\/agedate-infektsioonide-osakond\/","og_locale":"et_EE","og_type":"article","og_title":"\u00c4gedate infektsioonide osakond - Lastekliinik","og_description":"Asukoht: L. Puusepa 8, M-korpus V korrus. Osakonnajuht: Piia J\u00f5gi, tel 731 9640 Osakonna \u00f5endusjuht: Marika Metsoja,&nbsp;tel 731 9631; 5331 9631&nbsp;&nbsp;Sekret\u00e4r: Malle Kalk, tel 731 9634Valve\u00f5de: tel 731 9643 Osakonna arstid: Eda Tamm, Piia J\u00f5gi, Aime P\u00fctsepp, Anna-Liisa Kerna (lapsehoolduspuhkusel) , Hannes Vaas, Maarja K\u00e4rsin, Gerli Mirka, Ene Kenkmann, Jelena Svit\u0161kar Infektsionisti ambulatoorne vastuv\u00f5tt ja [&hellip;]","og_url":"https:\/\/www.kliinikum.ee\/lastekliinik\/kliinikust\/agedate-infektsioonide-osakond\/","og_site_name":"Lastekliinik","article_modified_time":"2025-10-23T09:34:12+00:00","twitter_card":"summary_large_image","twitter_misc":{"Est. reading time":"2 minutit"},"schema":{"@context":"https:\/\/schema.org","@graph":[{"@type":"WebPage","@id":"https:\/\/www.kliinikum.ee\/lastekliinik\/kliinikust\/agedate-infektsioonide-osakond\/","url":"https:\/\/www.kliinikum.ee\/lastekliinik\/kliinikust\/agedate-infektsioonide-osakond\/","name":"\u00c4gedate infektsioonide osakond - Lastekliinik","isPartOf":{"@id":"https:\/\/www.kliinikum.ee\/lastekliinik\/#website"},"datePublished":"2023-04-19T10:22:30+00:00","dateModified":"2025-10-23T09:34:12+00:00","breadcrumb":{"@id":"https:\/\/www.kliinikum.ee\/lastekliinik\/kliinikust\/agedate-infektsioonide-osakond\/#breadcrumb"},"inLanguage":"et","potentialAction":[{"@type":"ReadAction","target":["https:\/\/www.kliinikum.ee\/lastekliinik\/kliinikust\/agedate-infektsioonide-osakond\/"]}]},{"@type":"BreadcrumbList","@id":"https:\/\/www.kliinikum.ee\/lastekliinik\/kliinikust\/agedate-infektsioonide-osakond\/#breadcrumb","itemListElement":[{"@type":"ListItem","position":1,"name":"Kliinikust","item":"https:\/\/www.kliinikum.ee\/lastekliinik\/kliinikust\/"},{"@type":"ListItem","position":2,"name":"\u00c4gedate infektsioonide osakond"}]},{"@type":"WebSite","@id":"https:\/\/www.kliinikum.ee\/lastekliinik\/#website","url":"https:\/\/www.kliinikum.ee\/lastekliinik\/","name":"Lastekliinik","description":"Hoolivus, Uuendusmeelsus, P\u00e4devus ja Usaldusv\u00e4\u00e4rsus","potentialAction":[{"@type":"SearchAction","target":{"@type":"EntryPoint","urlTemplate":"https:\/\/www.kliinikum.ee\/lastekliinik\/?s={search_term_string}"},"query-input":{"@type":"PropertyValueSpecification","valueRequired":true,"valueName":"search_term_string"}}],"inLanguage":"et"}]}},"uagb_featured_image_src":{"full":false,"thumbnail":false,"medium":false,"medium_large":false,"large":false,"1536x1536":false,"2048x2048":false},"uagb_author_info":{"display_name":"Jane Freimann","author_link":"https:\/\/www.kliinikum.ee\/lastekliinik\/author\/janef\/"},"uagb_comment_info":0,"uagb_excerpt":"Asukoht: L. Puusepa 8, M-korpus V korrus. Osakonnajuht: Piia J\u00f5gi, tel 731 9640 Osakonna \u00f5endusjuht: Marika Metsoja,&nbsp;tel 731 9631; 5331 9631&nbsp;&nbsp;Sekret\u00e4r: Malle Kalk, tel 731 9634Valve\u00f5de: tel 731 9643 Osakonna arstid: Eda Tamm, Piia J\u00f5gi, Aime P\u00fctsepp, Anna-Liisa Kerna (lapsehoolduspuhkusel) , Hannes Vaas, Maarja K\u00e4rsin, Gerli Mirka, Ene Kenkmann, Jelena Svit\u0161kar Infektsionisti ambulatoorne vastuv\u00f5tt ja&hellip;","_links":{"self":[{"href":"https:\/\/www.kliinikum.ee\/lastekliinik\/wp-json\/wp\/v2\/pages\/5888","targetHints":{"allow":["GET"]}}],"collection":[{"href":"https:\/\/www.kliinikum.ee\/lastekliinik\/wp-json\/wp\/v2\/pages"}],"about":[{"href":"https:\/\/www.kliinikum.ee\/lastekliinik\/wp-json\/wp\/v2\/types\/page"}],"author":[{"embeddable":true,"href":"https:\/\/www.kliinikum.ee\/lastekliinik\/wp-json\/wp\/v2\/users\/35"}],"replies":[{"embeddable":true,"href":"https:\/\/www.kliinikum.ee\/lastekliinik\/wp-json\/wp\/v2\/comments?post=5888"}],"version-history":[{"count":0,"href":"https:\/\/www.kliinikum.ee\/lastekliinik\/wp-json\/wp\/v2\/pages\/5888\/revisions"}],"up":[{"embeddable":true,"href":"https:\/\/www.kliinikum.ee\/lastekliinik\/wp-json\/wp\/v2\/pages\/17"}],"wp:attachment":[{"href":"https:\/\/www.kliinikum.ee\/lastekliinik\/wp-json\/wp\/v2\/media?parent=5888"}],"curies":[{"name":"wp","href":"https:\/\/api.w.org\/{rel}","templated":true}]}}