{"id":5892,"date":"2023-04-19T12:24:14","date_gmt":"2023-04-19T10:24:14","guid":{"rendered":"https:\/\/www.kliinikum.ee\/lastekliinik\/?page_id=5892"},"modified":"2025-10-21T14:11:30","modified_gmt":"2025-10-21T12:11:30","slug":"laste-ja-noorukite-arenduse-ja-taastusravi-keskus","status":"publish","type":"page","link":"https:\/\/www.kliinikum.ee\/lastekliinik\/kliinikust\/laste-ja-noorukite-arenduse-ja-taastusravi-keskus\/","title":{"rendered":"Laste ja noorukite arenduse ja taastusravi keskus"},"content":{"rendered":"\n<p class=\"has-medium-font-size\"><strong>Asukoht: L. Puusepa 8, M-korpus II korrus<\/strong><\/p>\n\n\n\n<p class=\"has-medium-font-size\"><strong>Osakonnajuht: <\/strong>Tiina Lind, tel 731 9644<br><strong>Osakonna \u00f5endusjuht: <\/strong>Tiiu Vaher, tel 731 9017<br><strong>Sekret\u00e4r: <\/strong>Aile Luts, tel 731 9645<\/p>\n\n\n\n<p class=\"has-medium-font-size\"><strong>Taastusarstid:<\/strong> Imma Tiirmaa, Tiina Lind, Anet Kibin<br><strong>F\u00fcsioterapeudid: <\/strong>Karin Tammik (doktorikraad, vastutav f\u00fcsioterapeut),  Kaisa Karlis (vastutav f\u00fcsioterapeut), \u00dclle Utsal, K\u00fclliki V\u00e4r\u00e4, Irene Kalju, Piret Suur, Merlin Burov, Aimi Reimann, Ingrid Alumaa, Reilika Arjokesse, Karin Jesse<br><strong>Logopeedid: <\/strong>Inna Marats, Raili M\u00e4ll, Marina Tammik, K\u00fclli Reino, Helene Savolainen (vene keel)<br><strong>Kliinilised ps\u00fchholoogid: <\/strong>Mairi M\u00e4nnamaa (doktorikraad), Marianne Saard (doktorikraad) Kaili Trossmann, K\u00fclli Muug, Janne Jehe<br><strong>Sotsiaalt\u00f6\u00f6tajad: <\/strong>Helve Maripuu, Maida Michelson, tel <strong>53319602<\/strong><br><strong>F\u00fcsiaatria\u00f5ed: <\/strong>Elve Kalda<br><strong>Tegevusterapeut <\/strong>Pille P\u00e4rn<\/p>\n\n\n\n<p class=\"has-medium-font-size\">Laste ja noorukite arendus- ja taastusravi keskus v\u00f5tab vastu ambulatoorseid patsiente vanuses 0-19 aastat. Meie meeskonda kuuluvad f\u00fcsioterapeudid, kliinilised ps\u00fchholoogid, logopeedid, sotsiaalt\u00f6\u00f6tajad, taastusarstid, f\u00fcsiaatria\u00f5ed ja tegevusterapeut.<\/p>\n\n\n\n<p class=\"has-medium-font-size\"><strong>Taastusarsti<\/strong> vastuv\u00f5tule on oodatud neuroloogilise, ortopeedilise, reumatoloogilise, aga ka muu patoloogiaga patsiendid, kelle ravis on vaja arendada ja\/v\u00f5i taastada liikumise-, k\u00f5ne- ja k\u00e4elisi funktsioone ning toetada \u00fcldist arengut. Tegeleme ka \u00e4geda trauma ja operatsiooni j\u00e4rgsete patsientidega. Taastusarsti suunamisel on v\u00f5imalik lapse arengu hindamine logopeedi ja kliinilise ps\u00fchholoogi poolt.<\/p>\n\n\n\n<p class=\"has-medium-font-size\"><strong>F\u00fcsioterapeudid <\/strong>hindavad lapse liikumisfunktsiooni ning tegelevad selle taastamise ja arendamisega. Selle k\u00e4igus toimub koost\u00f6\u00f6s abivahendeid pakkuvate firmadega ka abivahendite soovitamine ja sobitamine. Meie f\u00fcsioterapeutide kasutada on Movement ABC test, k\u00f5nnirobot, k\u00e4erobot, Bioness funktsionaalne k\u00e4eortoos, liikurrada ja rakised, portatiivne elektrostimulatsiooni aparaat, kaasaegne j\u00f5usein j.m. hindamis- ja teraapiavahendid. Skolioosiga patsientidele pakume Schroth-teraapiat.<\/p>\n\n\n\n<p class=\"has-medium-font-size\">Lastekliiniku <strong>logopeedid <\/strong>teostavad kompleksset hindamist igas vanuses lastele nii k\u00f5ne-, s\u00f6\u00f6mis-,&nbsp; neelamis- kui m\u00fcofunktsionaalsete h\u00e4irete korral. Logopeedid hindavad arengut d\u00fcnaamikas, n\u00f5ustavad lapsevanemaid. Logopeedi vastuv\u00f5tule aja broneerimiseks on vajalik pere- v\u00f5i eriarsti saatekiri.<\/p>\n\n\n\n<p class=\"has-medium-font-size\"><strong>Kliinilised ps\u00fchholoogid <\/strong>teostavad kognitiivse funktsiooni, emotsionaalse seisundi, k\u00e4itumise ja isiksuse hindamist koos n\u00f5ustamisega. <\/p>\n\n\n\n<p class=\"has-medium-font-size\"><strong>Sotsiaalt\u00f6\u00f6tajad <\/strong>n\u00f5ustavad peret erinevate toimetulekuraskuste korral, samuti rehabilitatsiooniteenuste vajaduse korral. Kogemusn\u00f5ustamine lapse s\u00fcnnij\u00e4rgses kriisiolukorras.<\/p>\n\n\n\n<p class=\"has-medium-font-size\"><strong>F\u00fcsiaatria\u00f5ed <\/strong>teostavad erinevaid aparaatseid protseduure.<\/p>\n\n\n\n<p class=\"has-medium-font-size\"><strong>Tegevusterapeut <\/strong>koost\u00f6\u00f6s teiste spetsialistidega hindab ja arendab lapse k\u00e4elisi- ja koost\u00f6\u00f6soskusi ning vajadusel m\u00e4\u00e4rab abivahendeid. N\u00f5ustab alternatiivkommunikatsiooni vahendite kasutamise osas.<\/p>\n","protected":false},"excerpt":{"rendered":"<p>Asukoht: L. Puusepa 8, M-korpus II korrus Osakonnajuht: Tiina Lind, tel 731 9644Osakonna \u00f5endusjuht: Tiiu Vaher, tel 731 9017Sekret\u00e4r: Aile Luts, tel 731 9645 Taastusarstid: Imma Tiirmaa, Tiina Lind, Anet KibinF\u00fcsioterapeudid: Karin Tammik (doktorikraad, vastutav f\u00fcsioterapeut), Kaisa Karlis (vastutav f\u00fcsioterapeut), \u00dclle Utsal, K\u00fclliki V\u00e4r\u00e4, Irene Kalju, Piret Suur, Merlin Burov, Aimi Reimann, Ingrid Alumaa, Reilika [&hellip;]<\/p>\n","protected":false},"author":35,"featured_media":0,"parent":17,"menu_order":3,"comment_status":"closed","ping_status":"closed","template":"","meta":{"_acf_changed":false,"_uag_custom_page_level_css":"","footnotes":""},"class_list":["post-5892","page","type-page","status-publish","hentry"],"acf":[],"yoast_head":"<!-- This site is optimized with the Yoast SEO plugin v27.5 - https:\/\/yoast.com\/product\/yoast-seo-wordpress\/ -->\n<title>Laste ja noorukite arenduse ja taastusravi keskus - Lastekliinik<\/title>\n<meta name=\"robots\" content=\"index, follow, max-snippet:-1, max-image-preview:large, max-video-preview:-1\" \/>\n<link rel=\"canonical\" href=\"https:\/\/www.kliinikum.ee\/lastekliinik\/kliinikust\/laste-ja-noorukite-arenduse-ja-taastusravi-keskus\/\" \/>\n<meta property=\"og:locale\" content=\"et_EE\" \/>\n<meta property=\"og:type\" content=\"article\" \/>\n<meta property=\"og:title\" content=\"Laste ja noorukite arenduse ja taastusravi keskus - Lastekliinik\" \/>\n<meta property=\"og:description\" content=\"Asukoht: L. Puusepa 8, M-korpus II korrus Osakonnajuht: Tiina Lind, tel 731 9644Osakonna \u00f5endusjuht: Tiiu Vaher, tel 731 9017Sekret\u00e4r: Aile Luts, tel 731 9645 Taastusarstid: Imma Tiirmaa, Tiina Lind, Anet KibinF\u00fcsioterapeudid: Karin Tammik (doktorikraad, vastutav f\u00fcsioterapeut), Kaisa Karlis (vastutav f\u00fcsioterapeut), \u00dclle Utsal, K\u00fclliki V\u00e4r\u00e4, Irene Kalju, Piret Suur, Merlin Burov, Aimi Reimann, Ingrid Alumaa, Reilika [&hellip;]\" \/>\n<meta property=\"og:url\" content=\"https:\/\/www.kliinikum.ee\/lastekliinik\/kliinikust\/laste-ja-noorukite-arenduse-ja-taastusravi-keskus\/\" \/>\n<meta property=\"og:site_name\" content=\"Lastekliinik\" \/>\n<meta property=\"article:modified_time\" content=\"2025-10-21T12:11:30+00:00\" \/>\n<meta name=\"twitter:card\" content=\"summary_large_image\" \/>\n<meta name=\"twitter:label1\" content=\"Est. reading time\" \/>\n\t<meta name=\"twitter:data1\" content=\"2 minutit\" \/>\n<script type=\"application\/ld+json\" class=\"yoast-schema-graph\">{\"@context\":\"https:\\\/\\\/schema.org\",\"@graph\":[{\"@type\":\"WebPage\",\"@id\":\"https:\\\/\\\/www.kliinikum.ee\\\/lastekliinik\\\/kliinikust\\\/laste-ja-noorukite-arenduse-ja-taastusravi-keskus\\\/\",\"url\":\"https:\\\/\\\/www.kliinikum.ee\\\/lastekliinik\\\/kliinikust\\\/laste-ja-noorukite-arenduse-ja-taastusravi-keskus\\\/\",\"name\":\"Laste ja noorukite arenduse ja taastusravi keskus - Lastekliinik\",\"isPartOf\":{\"@id\":\"https:\\\/\\\/www.kliinikum.ee\\\/lastekliinik\\\/#website\"},\"datePublished\":\"2023-04-19T10:24:14+00:00\",\"dateModified\":\"2025-10-21T12:11:30+00:00\",\"breadcrumb\":{\"@id\":\"https:\\\/\\\/www.kliinikum.ee\\\/lastekliinik\\\/kliinikust\\\/laste-ja-noorukite-arenduse-ja-taastusravi-keskus\\\/#breadcrumb\"},\"inLanguage\":\"et\",\"potentialAction\":[{\"@type\":\"ReadAction\",\"target\":[\"https:\\\/\\\/www.kliinikum.ee\\\/lastekliinik\\\/kliinikust\\\/laste-ja-noorukite-arenduse-ja-taastusravi-keskus\\\/\"]}]},{\"@type\":\"BreadcrumbList\",\"@id\":\"https:\\\/\\\/www.kliinikum.ee\\\/lastekliinik\\\/kliinikust\\\/laste-ja-noorukite-arenduse-ja-taastusravi-keskus\\\/#breadcrumb\",\"itemListElement\":[{\"@type\":\"ListItem\",\"position\":1,\"name\":\"Kliinikust\",\"item\":\"https:\\\/\\\/www.kliinikum.ee\\\/lastekliinik\\\/kliinikust\\\/\"},{\"@type\":\"ListItem\",\"position\":2,\"name\":\"Laste ja noorukite arenduse ja taastusravi keskus\"}]},{\"@type\":\"WebSite\",\"@id\":\"https:\\\/\\\/www.kliinikum.ee\\\/lastekliinik\\\/#website\",\"url\":\"https:\\\/\\\/www.kliinikum.ee\\\/lastekliinik\\\/\",\"name\":\"Lastekliinik\",\"description\":\"Hoolivus, Uuendusmeelsus, P\u00e4devus ja Usaldusv\u00e4\u00e4rsus\",\"potentialAction\":[{\"@type\":\"SearchAction\",\"target\":{\"@type\":\"EntryPoint\",\"urlTemplate\":\"https:\\\/\\\/www.kliinikum.ee\\\/lastekliinik\\\/?s={search_term_string}\"},\"query-input\":{\"@type\":\"PropertyValueSpecification\",\"valueRequired\":true,\"valueName\":\"search_term_string\"}}],\"inLanguage\":\"et\"}]}<\/script>\n<!-- \/ Yoast SEO plugin. -->","yoast_head_json":{"title":"Laste ja noorukite arenduse ja taastusravi keskus - Lastekliinik","robots":{"index":"index","follow":"follow","max-snippet":"max-snippet:-1","max-image-preview":"max-image-preview:large","max-video-preview":"max-video-preview:-1"},"canonical":"https:\/\/www.kliinikum.ee\/lastekliinik\/kliinikust\/laste-ja-noorukite-arenduse-ja-taastusravi-keskus\/","og_locale":"et_EE","og_type":"article","og_title":"Laste ja noorukite arenduse ja taastusravi keskus - Lastekliinik","og_description":"Asukoht: L. Puusepa 8, M-korpus II korrus Osakonnajuht: Tiina Lind, tel 731 9644Osakonna \u00f5endusjuht: Tiiu Vaher, tel 731 9017Sekret\u00e4r: Aile Luts, tel 731 9645 Taastusarstid: Imma Tiirmaa, Tiina Lind, Anet KibinF\u00fcsioterapeudid: Karin Tammik (doktorikraad, vastutav f\u00fcsioterapeut), Kaisa Karlis (vastutav f\u00fcsioterapeut), \u00dclle Utsal, K\u00fclliki V\u00e4r\u00e4, Irene Kalju, Piret Suur, Merlin Burov, Aimi Reimann, Ingrid Alumaa, Reilika [&hellip;]","og_url":"https:\/\/www.kliinikum.ee\/lastekliinik\/kliinikust\/laste-ja-noorukite-arenduse-ja-taastusravi-keskus\/","og_site_name":"Lastekliinik","article_modified_time":"2025-10-21T12:11:30+00:00","twitter_card":"summary_large_image","twitter_misc":{"Est. reading time":"2 minutit"},"schema":{"@context":"https:\/\/schema.org","@graph":[{"@type":"WebPage","@id":"https:\/\/www.kliinikum.ee\/lastekliinik\/kliinikust\/laste-ja-noorukite-arenduse-ja-taastusravi-keskus\/","url":"https:\/\/www.kliinikum.ee\/lastekliinik\/kliinikust\/laste-ja-noorukite-arenduse-ja-taastusravi-keskus\/","name":"Laste ja noorukite arenduse ja taastusravi keskus - Lastekliinik","isPartOf":{"@id":"https:\/\/www.kliinikum.ee\/lastekliinik\/#website"},"datePublished":"2023-04-19T10:24:14+00:00","dateModified":"2025-10-21T12:11:30+00:00","breadcrumb":{"@id":"https:\/\/www.kliinikum.ee\/lastekliinik\/kliinikust\/laste-ja-noorukite-arenduse-ja-taastusravi-keskus\/#breadcrumb"},"inLanguage":"et","potentialAction":[{"@type":"ReadAction","target":["https:\/\/www.kliinikum.ee\/lastekliinik\/kliinikust\/laste-ja-noorukite-arenduse-ja-taastusravi-keskus\/"]}]},{"@type":"BreadcrumbList","@id":"https:\/\/www.kliinikum.ee\/lastekliinik\/kliinikust\/laste-ja-noorukite-arenduse-ja-taastusravi-keskus\/#breadcrumb","itemListElement":[{"@type":"ListItem","position":1,"name":"Kliinikust","item":"https:\/\/www.kliinikum.ee\/lastekliinik\/kliinikust\/"},{"@type":"ListItem","position":2,"name":"Laste ja noorukite arenduse ja taastusravi keskus"}]},{"@type":"WebSite","@id":"https:\/\/www.kliinikum.ee\/lastekliinik\/#website","url":"https:\/\/www.kliinikum.ee\/lastekliinik\/","name":"Lastekliinik","description":"Hoolivus, Uuendusmeelsus, P\u00e4devus ja Usaldusv\u00e4\u00e4rsus","potentialAction":[{"@type":"SearchAction","target":{"@type":"EntryPoint","urlTemplate":"https:\/\/www.kliinikum.ee\/lastekliinik\/?s={search_term_string}"},"query-input":{"@type":"PropertyValueSpecification","valueRequired":true,"valueName":"search_term_string"}}],"inLanguage":"et"}]}},"uagb_featured_image_src":{"full":false,"thumbnail":false,"medium":false,"medium_large":false,"large":false,"1536x1536":false,"2048x2048":false},"uagb_author_info":{"display_name":"Jane Freimann","author_link":"https:\/\/www.kliinikum.ee\/lastekliinik\/author\/janef\/"},"uagb_comment_info":0,"uagb_excerpt":"Asukoht: L. Puusepa 8, M-korpus II korrus Osakonnajuht: Tiina Lind, tel 731 9644Osakonna \u00f5endusjuht: Tiiu Vaher, tel 731 9017Sekret\u00e4r: Aile Luts, tel 731 9645 Taastusarstid: Imma Tiirmaa, Tiina Lind, Anet KibinF\u00fcsioterapeudid: Karin Tammik (doktorikraad, vastutav f\u00fcsioterapeut), Kaisa Karlis (vastutav f\u00fcsioterapeut), \u00dclle Utsal, K\u00fclliki V\u00e4r\u00e4, Irene Kalju, Piret Suur, Merlin Burov, Aimi Reimann, Ingrid Alumaa, Reilika&hellip;","_links":{"self":[{"href":"https:\/\/www.kliinikum.ee\/lastekliinik\/wp-json\/wp\/v2\/pages\/5892","targetHints":{"allow":["GET"]}}],"collection":[{"href":"https:\/\/www.kliinikum.ee\/lastekliinik\/wp-json\/wp\/v2\/pages"}],"about":[{"href":"https:\/\/www.kliinikum.ee\/lastekliinik\/wp-json\/wp\/v2\/types\/page"}],"author":[{"embeddable":true,"href":"https:\/\/www.kliinikum.ee\/lastekliinik\/wp-json\/wp\/v2\/users\/35"}],"replies":[{"embeddable":true,"href":"https:\/\/www.kliinikum.ee\/lastekliinik\/wp-json\/wp\/v2\/comments?post=5892"}],"version-history":[{"count":0,"href":"https:\/\/www.kliinikum.ee\/lastekliinik\/wp-json\/wp\/v2\/pages\/5892\/revisions"}],"up":[{"embeddable":true,"href":"https:\/\/www.kliinikum.ee\/lastekliinik\/wp-json\/wp\/v2\/pages\/17"}],"wp:attachment":[{"href":"https:\/\/www.kliinikum.ee\/lastekliinik\/wp-json\/wp\/v2\/media?parent=5892"}],"curies":[{"name":"wp","href":"https:\/\/api.w.org\/{rel}","templated":true}]}}