{"id":5894,"date":"2023-04-19T12:25:01","date_gmt":"2023-04-19T10:25:01","guid":{"rendered":"https:\/\/www.kliinikum.ee\/lastekliinik\/?page_id=5894"},"modified":"2026-01-07T12:19:45","modified_gmt":"2026-01-07T10:19:45","slug":"neonatoloogia-osakond","status":"publish","type":"page","link":"https:\/\/www.kliinikum.ee\/lastekliinik\/kliinikust\/neonatoloogia-osakond\/","title":{"rendered":"Neonatoloogia osakond"},"content":{"rendered":"\n<p class=\"has-medium-font-size\"><strong>Asukoht: L. Puusepa 8, M-korpus III korrus<\/strong><\/p>\n\n\n\n<p class=\"has-medium-font-size\"><strong>Osakonnajuht<\/strong>: Annika Tiit-Vesingi, tel 731 9610<br><strong>Osakonna \u00f5endusjuht<\/strong>: Airin Treiman-Kiveste, tel 731 9611<br><strong>Sekret\u00e4r<\/strong>: Maarja Lombiots, tel 731 9601<br><strong>Valve\u00f5de<\/strong>: tel 731 9613<\/p>\n\n\n\n<p class=\"has-medium-font-size\"><strong>Osakonna arstid<\/strong>: Anne Antson, Valve Astover,&nbsp;Anu B\u00e4renson, Eha Kallas, Jaanika Kuld, Piret K\u00fclasepp, Mirjam Merila,&nbsp;Georgi Nellis, Annika Tiit-Vesingi, Mari-Anne Vals, Heili Varendi, Maie Veinla<\/p>\n\n\n\n<p class=\"has-medium-font-size\"><strong>Ambulatoorse vastuv\u00f5tu kabinet M-korpus, II korrus&nbsp;kabinet 67,&nbsp;tel 731 9677<\/strong><\/p>\n\n\n\n<p class=\"has-medium-font-size\"><strong>Lisainfo&nbsp;&nbsp;<\/strong><\/p>\n\n\n\n<p class=\"has-medium-font-size\">Neonatoloogia e. vasts\u00fcndinute osakonnas viibib aastas ravil 500-600 beebit - vasts\u00fcndinud ja esimeste elukuude imikud, kes vajavad erinevatel p\u00f5hjustel haiglaravi, j\u00e4lgimist v\u00f5i uuringuid.<\/p>\n\n\n\n<p class=\"has-medium-font-size\">Neonatoloogia osakonna arstid ja \u00f5ed viibivad vajadusel nii s\u00fcnnitusosakonnas kui keisril\u00f5ikega s\u00fcndide juures ning aitavad lastel hingama hakata ja s\u00fcnni j\u00e4rel kohaneda, samuti j\u00e4lgivad ning ravivad nad varaste s\u00fcnnij\u00e4rgsete probleemidega beebisid. Kui beebi vajab erij\u00e4lgimist ja ravi, viiakse ta selleks neonatoloogia osakonda. Kui laps on v\u00e4ga tilluke v\u00f5i kui ta seisund on raske, kutsutakse appi lasteintensiivravi meeskond, kes toimetab lapse s\u00fcnnitusosakonna ja neonatoloogia osakonnaga samal korrusel M-kopruses asuvasse laste intensiivravi osakonda.<\/p>\n\n\n\n<p class=\"has-medium-font-size\">Neonatoloogia osakonnas on palatid beebidele ja imikutele, kes on tulnud ravile kas naistekliinikust, lasteintensiivravi osakonnast, teistest haiglatest v\u00f5i ka kodust. K\u00f5ik palatid on ehitatud \u00fche-pere printsiibil, st igas palatis on voodi lapse ema jaoks. On ka palateid, kus saab \u00f6\u00f6bida lisatasu eest ka isa v\u00f5i teine pereliige.<\/p>\n\n\n\n<p class=\"has-medium-font-size\">Kui ema tervislik seisund lubab, saab ta kohe p\u00e4rast s\u00fcnnitust lapse juurde ja asuda v\u00f5imaluste ning oskuste piires osalema oma lapse ravil. Emade eest hoolitseb ja imetamisalast n\u00f5u annab iga p\u00e4ev kell 08-16 osakonnas t\u00f6\u00f6tav \u00e4mmaemand.<\/p>\n\n\n\n<p class=\"has-medium-font-size\">Emad saavad (vastavalt enda tervisele ja toimetulekule) viibida intensiivravi vajavate lastega samas palatis, osaleda nende toitmisel ja hoolduses (sh k\u00e4nguruhooldus \u2013 vt ka infolehte) esialgu \u00f5e juhendamisel ja \u00f5petusel, sammhaaval.<\/p>\n\n\n\n<p class=\"has-medium-font-size\">Meie eesm\u00e4rgiks on perekesksus. Kui ema osaleb v\u00f5imalikult palju oma beebiga seotud toimingutel, siis \u00f5pivad nad juba varakult teineteist paremini tundma. Toetame rinnapiimaga toitmist ja l\u00e4hedussuhet lapsevanemaga.<\/p>\n\n\n\n<p class=\"has-medium-font-size\">Ema vormistatakse lapse hooldajaks ning talle on tasuta toitlustus 3 korral \u00f6\u00f6p\u00e4evas. Samuti on osakonnas rinnapumbad, peredele \u00fchine k\u00fclmkapp ning s\u00f6\u00f6gitoas veekeetja ja mikrolaineahi. Soovitame varuda lapse toitmisest \u00fcle j\u00e4\u00e4va rinnapiima k\u00fclmutamiseks s\u00e4ilituskotte.<\/p>\n\n\n\n<p class=\"has-medium-font-size\">Isad saavad osakonnas \u00f6\u00f6bida ja toitlustust lisatasu eest. Mitmikute hooldamiseks saab haiglas tasuta viibida ka isa. Ema ja lapse k\u00fclastamine s\u00f5ltub COVID-19 ja teiste viirushaiguste perioodil olukorrast, palun k\u00fcsige informatsiooni \u00f5dedelt ja arstilt.<\/p>\n\n\n\n<p class=\"has-medium-font-size\">Igal lapsel on oma raviarst, kes j\u00e4\u00e4b lapse tervist ja arengut j\u00e4lgima enamasti ka p\u00e4rast haiglast koju minekut. Vasts\u00fcndinute osakonnas t\u00f6\u00f6tavad ka imetamis\u2013 ja kogemusn\u00f5ustaja, f\u00fcsioterapeudid ja toitmisraskustega beebide n\u00f5ustamiseks logopeed.<\/p>\n\n\n\n<p class=\"has-medium-font-size\">Osakonda saabumisel palume v\u00f5tta kaasa enda h\u00fcgieenitarbed, sisejalatsid ning mugavad r\u00f5ivad.<\/p>\n\n\n\n<p class=\"has-medium-font-size\">V\u00e4lisriiete ja jalatsite tarbeks on osakonna sissep\u00e4\u00e4su l\u00e4hedal lukustatavad kapid. Peredele on 4. korrusel puhkeala. Sisseoste saab teha kliinikumi aatriumi I korrusel paiknevas apteegis ja R-kioskis.<\/p>\n\n\n\n<p class=\"has-medium-font-size\">Lapse jaoks on osakonnas erinevas suuruses riideid, m\u00e4hkmeid ning vajadusel ka piimasegu.<\/p>\n\n\n\n<p class=\"has-medium-font-size\">Osakonnas levib kliinikumi wi-fi.<\/p>\n\n\n\n<p class=\"has-medium-font-size\">Lapse hooldamise ja terviseprobleemide m\u00f5istmiseks kasulikud materjalid ning lingid asuvad siin: <a href=\"https:\/\/www.kliinikum.ee\/lastekliinik\/infomaterjalid\/\">https:\/\/www.kliinikum.ee\/lastekliinik\/infomaterjalid\/<\/a><\/p>\n\n\n\n<p><\/p>\n","protected":false},"excerpt":{"rendered":"<p>Asukoht: L. Puusepa 8, M-korpus III korrus Osakonnajuht: Annika Tiit-Vesingi, tel 731 9610Osakonna \u00f5endusjuht: Airin Treiman-Kiveste, tel 731 9611Sekret\u00e4r: Maarja Lombiots, tel 731 9601Valve\u00f5de: tel 731 9613 Osakonna arstid: Anne Antson, Valve Astover,&nbsp;Anu B\u00e4renson, Eha Kallas, Jaanika Kuld, Piret K\u00fclasepp, Mirjam Merila,&nbsp;Georgi Nellis, Annika Tiit-Vesingi, Mari-Anne Vals, Heili Varendi, Maie Veinla Ambulatoorse vastuv\u00f5tu kabinet M-korpus, [&hellip;]<\/p>\n","protected":false},"author":35,"featured_media":0,"parent":17,"menu_order":4,"comment_status":"closed","ping_status":"closed","template":"","meta":{"_acf_changed":false,"_uag_custom_page_level_css":"","footnotes":""},"class_list":["post-5894","page","type-page","status-publish","hentry"],"acf":[],"yoast_head":"<!-- This site is optimized with the Yoast SEO plugin v27.5 - https:\/\/yoast.com\/product\/yoast-seo-wordpress\/ -->\n<title>Neonatoloogia osakond - Lastekliinik<\/title>\n<meta name=\"robots\" content=\"index, follow, max-snippet:-1, max-image-preview:large, max-video-preview:-1\" \/>\n<link rel=\"canonical\" href=\"https:\/\/www.kliinikum.ee\/lastekliinik\/kliinikust\/neonatoloogia-osakond\/\" \/>\n<meta property=\"og:locale\" content=\"et_EE\" \/>\n<meta property=\"og:type\" content=\"article\" \/>\n<meta property=\"og:title\" content=\"Neonatoloogia osakond - Lastekliinik\" \/>\n<meta property=\"og:description\" content=\"Asukoht: L. Puusepa 8, M-korpus III korrus Osakonnajuht: Annika Tiit-Vesingi, tel 731 9610Osakonna \u00f5endusjuht: Airin Treiman-Kiveste, tel 731 9611Sekret\u00e4r: Maarja Lombiots, tel 731 9601Valve\u00f5de: tel 731 9613 Osakonna arstid: Anne Antson, Valve Astover,&nbsp;Anu B\u00e4renson, Eha Kallas, Jaanika Kuld, Piret K\u00fclasepp, Mirjam Merila,&nbsp;Georgi Nellis, Annika Tiit-Vesingi, Mari-Anne Vals, Heili Varendi, Maie Veinla Ambulatoorse vastuv\u00f5tu kabinet M-korpus, [&hellip;]\" \/>\n<meta property=\"og:url\" content=\"https:\/\/www.kliinikum.ee\/lastekliinik\/kliinikust\/neonatoloogia-osakond\/\" \/>\n<meta property=\"og:site_name\" content=\"Lastekliinik\" \/>\n<meta property=\"article:modified_time\" content=\"2026-01-07T10:19:45+00:00\" \/>\n<meta name=\"twitter:card\" content=\"summary_large_image\" \/>\n<meta name=\"twitter:label1\" content=\"Est. reading time\" \/>\n\t<meta name=\"twitter:data1\" content=\"3 minutit\" \/>\n<script type=\"application\/ld+json\" class=\"yoast-schema-graph\">{\"@context\":\"https:\\\/\\\/schema.org\",\"@graph\":[{\"@type\":\"WebPage\",\"@id\":\"https:\\\/\\\/www.kliinikum.ee\\\/lastekliinik\\\/kliinikust\\\/neonatoloogia-osakond\\\/\",\"url\":\"https:\\\/\\\/www.kliinikum.ee\\\/lastekliinik\\\/kliinikust\\\/neonatoloogia-osakond\\\/\",\"name\":\"Neonatoloogia osakond - Lastekliinik\",\"isPartOf\":{\"@id\":\"https:\\\/\\\/www.kliinikum.ee\\\/lastekliinik\\\/#website\"},\"datePublished\":\"2023-04-19T10:25:01+00:00\",\"dateModified\":\"2026-01-07T10:19:45+00:00\",\"breadcrumb\":{\"@id\":\"https:\\\/\\\/www.kliinikum.ee\\\/lastekliinik\\\/kliinikust\\\/neonatoloogia-osakond\\\/#breadcrumb\"},\"inLanguage\":\"et\",\"potentialAction\":[{\"@type\":\"ReadAction\",\"target\":[\"https:\\\/\\\/www.kliinikum.ee\\\/lastekliinik\\\/kliinikust\\\/neonatoloogia-osakond\\\/\"]}]},{\"@type\":\"BreadcrumbList\",\"@id\":\"https:\\\/\\\/www.kliinikum.ee\\\/lastekliinik\\\/kliinikust\\\/neonatoloogia-osakond\\\/#breadcrumb\",\"itemListElement\":[{\"@type\":\"ListItem\",\"position\":1,\"name\":\"Kliinikust\",\"item\":\"https:\\\/\\\/www.kliinikum.ee\\\/lastekliinik\\\/kliinikust\\\/\"},{\"@type\":\"ListItem\",\"position\":2,\"name\":\"Neonatoloogia osakond\"}]},{\"@type\":\"WebSite\",\"@id\":\"https:\\\/\\\/www.kliinikum.ee\\\/lastekliinik\\\/#website\",\"url\":\"https:\\\/\\\/www.kliinikum.ee\\\/lastekliinik\\\/\",\"name\":\"Lastekliinik\",\"description\":\"Hoolivus, Uuendusmeelsus, P\u00e4devus ja Usaldusv\u00e4\u00e4rsus\",\"potentialAction\":[{\"@type\":\"SearchAction\",\"target\":{\"@type\":\"EntryPoint\",\"urlTemplate\":\"https:\\\/\\\/www.kliinikum.ee\\\/lastekliinik\\\/?s={search_term_string}\"},\"query-input\":{\"@type\":\"PropertyValueSpecification\",\"valueRequired\":true,\"valueName\":\"search_term_string\"}}],\"inLanguage\":\"et\"}]}<\/script>\n<!-- \/ Yoast SEO plugin. -->","yoast_head_json":{"title":"Neonatoloogia osakond - Lastekliinik","robots":{"index":"index","follow":"follow","max-snippet":"max-snippet:-1","max-image-preview":"max-image-preview:large","max-video-preview":"max-video-preview:-1"},"canonical":"https:\/\/www.kliinikum.ee\/lastekliinik\/kliinikust\/neonatoloogia-osakond\/","og_locale":"et_EE","og_type":"article","og_title":"Neonatoloogia osakond - Lastekliinik","og_description":"Asukoht: L. Puusepa 8, M-korpus III korrus Osakonnajuht: Annika Tiit-Vesingi, tel 731 9610Osakonna \u00f5endusjuht: Airin Treiman-Kiveste, tel 731 9611Sekret\u00e4r: Maarja Lombiots, tel 731 9601Valve\u00f5de: tel 731 9613 Osakonna arstid: Anne Antson, Valve Astover,&nbsp;Anu B\u00e4renson, Eha Kallas, Jaanika Kuld, Piret K\u00fclasepp, Mirjam Merila,&nbsp;Georgi Nellis, Annika Tiit-Vesingi, Mari-Anne Vals, Heili Varendi, Maie Veinla Ambulatoorse vastuv\u00f5tu kabinet M-korpus, [&hellip;]","og_url":"https:\/\/www.kliinikum.ee\/lastekliinik\/kliinikust\/neonatoloogia-osakond\/","og_site_name":"Lastekliinik","article_modified_time":"2026-01-07T10:19:45+00:00","twitter_card":"summary_large_image","twitter_misc":{"Est. reading time":"3 minutit"},"schema":{"@context":"https:\/\/schema.org","@graph":[{"@type":"WebPage","@id":"https:\/\/www.kliinikum.ee\/lastekliinik\/kliinikust\/neonatoloogia-osakond\/","url":"https:\/\/www.kliinikum.ee\/lastekliinik\/kliinikust\/neonatoloogia-osakond\/","name":"Neonatoloogia osakond - Lastekliinik","isPartOf":{"@id":"https:\/\/www.kliinikum.ee\/lastekliinik\/#website"},"datePublished":"2023-04-19T10:25:01+00:00","dateModified":"2026-01-07T10:19:45+00:00","breadcrumb":{"@id":"https:\/\/www.kliinikum.ee\/lastekliinik\/kliinikust\/neonatoloogia-osakond\/#breadcrumb"},"inLanguage":"et","potentialAction":[{"@type":"ReadAction","target":["https:\/\/www.kliinikum.ee\/lastekliinik\/kliinikust\/neonatoloogia-osakond\/"]}]},{"@type":"BreadcrumbList","@id":"https:\/\/www.kliinikum.ee\/lastekliinik\/kliinikust\/neonatoloogia-osakond\/#breadcrumb","itemListElement":[{"@type":"ListItem","position":1,"name":"Kliinikust","item":"https:\/\/www.kliinikum.ee\/lastekliinik\/kliinikust\/"},{"@type":"ListItem","position":2,"name":"Neonatoloogia osakond"}]},{"@type":"WebSite","@id":"https:\/\/www.kliinikum.ee\/lastekliinik\/#website","url":"https:\/\/www.kliinikum.ee\/lastekliinik\/","name":"Lastekliinik","description":"Hoolivus, Uuendusmeelsus, P\u00e4devus ja Usaldusv\u00e4\u00e4rsus","potentialAction":[{"@type":"SearchAction","target":{"@type":"EntryPoint","urlTemplate":"https:\/\/www.kliinikum.ee\/lastekliinik\/?s={search_term_string}"},"query-input":{"@type":"PropertyValueSpecification","valueRequired":true,"valueName":"search_term_string"}}],"inLanguage":"et"}]}},"uagb_featured_image_src":{"full":false,"thumbnail":false,"medium":false,"medium_large":false,"large":false,"1536x1536":false,"2048x2048":false},"uagb_author_info":{"display_name":"Jane Freimann","author_link":"https:\/\/www.kliinikum.ee\/lastekliinik\/author\/janef\/"},"uagb_comment_info":0,"uagb_excerpt":"Asukoht: L. Puusepa 8, M-korpus III korrus Osakonnajuht: Annika Tiit-Vesingi, tel 731 9610Osakonna \u00f5endusjuht: Airin Treiman-Kiveste, tel 731 9611Sekret\u00e4r: Maarja Lombiots, tel 731 9601Valve\u00f5de: tel 731 9613 Osakonna arstid: Anne Antson, Valve Astover,&nbsp;Anu B\u00e4renson, Eha Kallas, Jaanika Kuld, Piret K\u00fclasepp, Mirjam Merila,&nbsp;Georgi Nellis, Annika Tiit-Vesingi, Mari-Anne Vals, Heili Varendi, Maie Veinla Ambulatoorse vastuv\u00f5tu kabinet M-korpus,&hellip;","_links":{"self":[{"href":"https:\/\/www.kliinikum.ee\/lastekliinik\/wp-json\/wp\/v2\/pages\/5894","targetHints":{"allow":["GET"]}}],"collection":[{"href":"https:\/\/www.kliinikum.ee\/lastekliinik\/wp-json\/wp\/v2\/pages"}],"about":[{"href":"https:\/\/www.kliinikum.ee\/lastekliinik\/wp-json\/wp\/v2\/types\/page"}],"author":[{"embeddable":true,"href":"https:\/\/www.kliinikum.ee\/lastekliinik\/wp-json\/wp\/v2\/users\/35"}],"replies":[{"embeddable":true,"href":"https:\/\/www.kliinikum.ee\/lastekliinik\/wp-json\/wp\/v2\/comments?post=5894"}],"version-history":[{"count":0,"href":"https:\/\/www.kliinikum.ee\/lastekliinik\/wp-json\/wp\/v2\/pages\/5894\/revisions"}],"up":[{"embeddable":true,"href":"https:\/\/www.kliinikum.ee\/lastekliinik\/wp-json\/wp\/v2\/pages\/17"}],"wp:attachment":[{"href":"https:\/\/www.kliinikum.ee\/lastekliinik\/wp-json\/wp\/v2\/media?parent=5894"}],"curies":[{"name":"wp","href":"https:\/\/api.w.org\/{rel}","templated":true}]}}