{"id":5900,"date":"2023-04-19T13:11:50","date_gmt":"2023-04-19T11:11:50","guid":{"rendered":"https:\/\/www.kliinikum.ee\/lastekliinik\/?page_id=5900"},"modified":"2024-09-04T10:43:59","modified_gmt":"2024-09-04T08:43:59","slug":"haiglaopetaja","status":"publish","type":"page","link":"https:\/\/www.kliinikum.ee\/lastekliinik\/patsiendile\/haiglaopetaja\/","title":{"rendered":"Haigla\u00f5petaja"},"content":{"rendered":"\n<p class=\"has-medium-font-size\"><strong>Igal lapsel on \u00f5igus haridusele!<\/strong><\/p>\n\n\n<div class=\"wp-block-image\">\n<figure class=\"alignright size-large is-resized\"><img loading=\"lazy\" decoding=\"async\" width=\"1024\" height=\"683\" src=\"https:\/\/www.kliinikum.ee\/lastekliinik\/wp-content\/uploads\/2024\/02\/IMG_7267-1024x683.jpg\" alt=\"\" class=\"wp-image-6574\" style=\"width:520px;height:auto\" srcset=\"https:\/\/www.kliinikum.ee\/lastekliinik\/wp-content\/uploads\/2024\/02\/IMG_7267-1024x683.jpg 1024w, https:\/\/www.kliinikum.ee\/lastekliinik\/wp-content\/uploads\/2024\/02\/IMG_7267-300x200.jpg 300w, https:\/\/www.kliinikum.ee\/lastekliinik\/wp-content\/uploads\/2024\/02\/IMG_7267-768x512.jpg 768w, https:\/\/www.kliinikum.ee\/lastekliinik\/wp-content\/uploads\/2024\/02\/IMG_7267-1536x1024.jpg 1536w, https:\/\/www.kliinikum.ee\/lastekliinik\/wp-content\/uploads\/2024\/02\/IMG_7267-2048x1365.jpg 2048w, https:\/\/www.kliinikum.ee\/lastekliinik\/wp-content\/uploads\/2024\/02\/IMG_7267-scaled.jpg 2560w\" sizes=\"auto, (max-width: 1024px) 100vw, 1024px\" \/><\/figure>\n<\/div>\n\n\n<p class=\"has-medium-font-size\"><strong>\u00d5ppekorraldus haiglas on paindlik. Iga \u00f5pilase puhul arvestatakse eelk\u00f5ige tema tervisliku seisundiga \u2013 esikohal on meditsiiniline pool.<\/strong><\/p>\n\n\n\n<p class=\"has-medium-font-size\"><strong><em>Palun v\u00f5imalusel kaasa v\u00f5tta \u00f5ppevahendid!<\/em><\/strong><br><img decoding=\"async\" class=\"wp-image-6646\" style=\"width: NaNpx;\" src=\"https:\/\/www.kliinikum.ee\/lastekliinik\/wp-content\/uploads\/2024\/09\/plakat.docx\" alt=\"\"><\/p>\n\n\n\n<figure class=\"wp-block-image size-large\"><img loading=\"lazy\" decoding=\"async\" width=\"724\" height=\"1024\" src=\"https:\/\/www.kliinikum.ee\/lastekliinik\/wp-content\/uploads\/2024\/09\/plakat_page-0001-724x1024.jpg\" alt=\"\" class=\"wp-image-6650\" srcset=\"https:\/\/www.kliinikum.ee\/lastekliinik\/wp-content\/uploads\/2024\/09\/plakat_page-0001-724x1024.jpg 724w, https:\/\/www.kliinikum.ee\/lastekliinik\/wp-content\/uploads\/2024\/09\/plakat_page-0001-212x300.jpg 212w, https:\/\/www.kliinikum.ee\/lastekliinik\/wp-content\/uploads\/2024\/09\/plakat_page-0001-768x1086.jpg 768w, https:\/\/www.kliinikum.ee\/lastekliinik\/wp-content\/uploads\/2024\/09\/plakat_page-0001-1086x1536.jpg 1086w, https:\/\/www.kliinikum.ee\/lastekliinik\/wp-content\/uploads\/2024\/09\/plakat_page-0001.jpg 1241w\" sizes=\"auto, (max-width: 724px) 100vw, 724px\" \/><\/figure>\n","protected":false},"excerpt":{"rendered":"<p>Igal lapsel on \u00f5igus haridusele! \u00d5ppekorraldus haiglas on paindlik. Iga \u00f5pilase puhul arvestatakse eelk\u00f5ige tema tervisliku seisundiga \u2013 esikohal on meditsiiniline pool. Palun v\u00f5imalusel kaasa v\u00f5tta \u00f5ppevahendid!<\/p>\n","protected":false},"author":35,"featured_media":0,"parent":15,"menu_order":2,"comment_status":"closed","ping_status":"closed","template":"","meta":{"_acf_changed":false,"_uag_custom_page_level_css":"","footnotes":""},"class_list":["post-5900","page","type-page","status-publish","hentry"],"acf":[],"yoast_head":"<!-- This site is optimized with the Yoast SEO plugin v27.5 - https:\/\/yoast.com\/product\/yoast-seo-wordpress\/ -->\n<title>Haigla\u00f5petaja - Lastekliinik<\/title>\n<meta name=\"robots\" content=\"index, follow, max-snippet:-1, max-image-preview:large, max-video-preview:-1\" \/>\n<link rel=\"canonical\" href=\"https:\/\/www.kliinikum.ee\/lastekliinik\/patsiendile\/haiglaopetaja\/\" \/>\n<meta property=\"og:locale\" content=\"et_EE\" \/>\n<meta property=\"og:type\" content=\"article\" \/>\n<meta property=\"og:title\" content=\"Haigla\u00f5petaja - Lastekliinik\" \/>\n<meta property=\"og:description\" content=\"Igal lapsel on \u00f5igus haridusele! \u00d5ppekorraldus haiglas on paindlik. Iga \u00f5pilase puhul arvestatakse eelk\u00f5ige tema tervisliku seisundiga \u2013 esikohal on meditsiiniline pool. Palun v\u00f5imalusel kaasa v\u00f5tta \u00f5ppevahendid!\" \/>\n<meta property=\"og:url\" content=\"https:\/\/www.kliinikum.ee\/lastekliinik\/patsiendile\/haiglaopetaja\/\" \/>\n<meta property=\"og:site_name\" content=\"Lastekliinik\" \/>\n<meta property=\"article:modified_time\" content=\"2024-09-04T08:43:59+00:00\" \/>\n<meta property=\"og:image\" content=\"https:\/\/www.kliinikum.ee\/lastekliinik\/wp-content\/uploads\/2024\/02\/IMG_7267-1024x683.jpg\" \/>\n<meta name=\"twitter:card\" content=\"summary_large_image\" \/>\n<meta name=\"twitter:label1\" content=\"Est. reading time\" \/>\n\t<meta name=\"twitter:data1\" content=\"1 minut\" \/>\n<script type=\"application\/ld+json\" class=\"yoast-schema-graph\">{\"@context\":\"https:\\\/\\\/schema.org\",\"@graph\":[{\"@type\":\"WebPage\",\"@id\":\"https:\\\/\\\/www.kliinikum.ee\\\/lastekliinik\\\/patsiendile\\\/haiglaopetaja\\\/\",\"url\":\"https:\\\/\\\/www.kliinikum.ee\\\/lastekliinik\\\/patsiendile\\\/haiglaopetaja\\\/\",\"name\":\"Haigla\u00f5petaja - Lastekliinik\",\"isPartOf\":{\"@id\":\"https:\\\/\\\/www.kliinikum.ee\\\/lastekliinik\\\/#website\"},\"primaryImageOfPage\":{\"@id\":\"https:\\\/\\\/www.kliinikum.ee\\\/lastekliinik\\\/patsiendile\\\/haiglaopetaja\\\/#primaryimage\"},\"image\":{\"@id\":\"https:\\\/\\\/www.kliinikum.ee\\\/lastekliinik\\\/patsiendile\\\/haiglaopetaja\\\/#primaryimage\"},\"thumbnailUrl\":\"https:\\\/\\\/www.kliinikum.ee\\\/lastekliinik\\\/wp-content\\\/uploads\\\/2024\\\/02\\\/IMG_7267-1024x683.jpg\",\"datePublished\":\"2023-04-19T11:11:50+00:00\",\"dateModified\":\"2024-09-04T08:43:59+00:00\",\"breadcrumb\":{\"@id\":\"https:\\\/\\\/www.kliinikum.ee\\\/lastekliinik\\\/patsiendile\\\/haiglaopetaja\\\/#breadcrumb\"},\"inLanguage\":\"et\",\"potentialAction\":[{\"@type\":\"ReadAction\",\"target\":[\"https:\\\/\\\/www.kliinikum.ee\\\/lastekliinik\\\/patsiendile\\\/haiglaopetaja\\\/\"]}]},{\"@type\":\"ImageObject\",\"inLanguage\":\"et\",\"@id\":\"https:\\\/\\\/www.kliinikum.ee\\\/lastekliinik\\\/patsiendile\\\/haiglaopetaja\\\/#primaryimage\",\"url\":\"https:\\\/\\\/www.kliinikum.ee\\\/lastekliinik\\\/wp-content\\\/uploads\\\/2024\\\/02\\\/IMG_7267-scaled.jpg\",\"contentUrl\":\"https:\\\/\\\/www.kliinikum.ee\\\/lastekliinik\\\/wp-content\\\/uploads\\\/2024\\\/02\\\/IMG_7267-scaled.jpg\",\"width\":2560,\"height\":1706},{\"@type\":\"BreadcrumbList\",\"@id\":\"https:\\\/\\\/www.kliinikum.ee\\\/lastekliinik\\\/patsiendile\\\/haiglaopetaja\\\/#breadcrumb\",\"itemListElement\":[{\"@type\":\"ListItem\",\"position\":1,\"name\":\"Patsiendile\",\"item\":\"https:\\\/\\\/www.kliinikum.ee\\\/lastekliinik\\\/patsiendile\\\/\"},{\"@type\":\"ListItem\",\"position\":2,\"name\":\"Haigla\u00f5petaja\"}]},{\"@type\":\"WebSite\",\"@id\":\"https:\\\/\\\/www.kliinikum.ee\\\/lastekliinik\\\/#website\",\"url\":\"https:\\\/\\\/www.kliinikum.ee\\\/lastekliinik\\\/\",\"name\":\"Lastekliinik\",\"description\":\"Hoolivus, Uuendusmeelsus, P\u00e4devus ja Usaldusv\u00e4\u00e4rsus\",\"potentialAction\":[{\"@type\":\"SearchAction\",\"target\":{\"@type\":\"EntryPoint\",\"urlTemplate\":\"https:\\\/\\\/www.kliinikum.ee\\\/lastekliinik\\\/?s={search_term_string}\"},\"query-input\":{\"@type\":\"PropertyValueSpecification\",\"valueRequired\":true,\"valueName\":\"search_term_string\"}}],\"inLanguage\":\"et\"}]}<\/script>\n<!-- \/ Yoast SEO plugin. -->","yoast_head_json":{"title":"Haigla\u00f5petaja - Lastekliinik","robots":{"index":"index","follow":"follow","max-snippet":"max-snippet:-1","max-image-preview":"max-image-preview:large","max-video-preview":"max-video-preview:-1"},"canonical":"https:\/\/www.kliinikum.ee\/lastekliinik\/patsiendile\/haiglaopetaja\/","og_locale":"et_EE","og_type":"article","og_title":"Haigla\u00f5petaja - Lastekliinik","og_description":"Igal lapsel on \u00f5igus haridusele! \u00d5ppekorraldus haiglas on paindlik. Iga \u00f5pilase puhul arvestatakse eelk\u00f5ige tema tervisliku seisundiga \u2013 esikohal on meditsiiniline pool. Palun v\u00f5imalusel kaasa v\u00f5tta \u00f5ppevahendid!","og_url":"https:\/\/www.kliinikum.ee\/lastekliinik\/patsiendile\/haiglaopetaja\/","og_site_name":"Lastekliinik","article_modified_time":"2024-09-04T08:43:59+00:00","og_image":[{"url":"https:\/\/www.kliinikum.ee\/lastekliinik\/wp-content\/uploads\/2024\/02\/IMG_7267-1024x683.jpg","type":"","width":"","height":""}],"twitter_card":"summary_large_image","twitter_misc":{"Est. reading time":"1 minut"},"schema":{"@context":"https:\/\/schema.org","@graph":[{"@type":"WebPage","@id":"https:\/\/www.kliinikum.ee\/lastekliinik\/patsiendile\/haiglaopetaja\/","url":"https:\/\/www.kliinikum.ee\/lastekliinik\/patsiendile\/haiglaopetaja\/","name":"Haigla\u00f5petaja - Lastekliinik","isPartOf":{"@id":"https:\/\/www.kliinikum.ee\/lastekliinik\/#website"},"primaryImageOfPage":{"@id":"https:\/\/www.kliinikum.ee\/lastekliinik\/patsiendile\/haiglaopetaja\/#primaryimage"},"image":{"@id":"https:\/\/www.kliinikum.ee\/lastekliinik\/patsiendile\/haiglaopetaja\/#primaryimage"},"thumbnailUrl":"https:\/\/www.kliinikum.ee\/lastekliinik\/wp-content\/uploads\/2024\/02\/IMG_7267-1024x683.jpg","datePublished":"2023-04-19T11:11:50+00:00","dateModified":"2024-09-04T08:43:59+00:00","breadcrumb":{"@id":"https:\/\/www.kliinikum.ee\/lastekliinik\/patsiendile\/haiglaopetaja\/#breadcrumb"},"inLanguage":"et","potentialAction":[{"@type":"ReadAction","target":["https:\/\/www.kliinikum.ee\/lastekliinik\/patsiendile\/haiglaopetaja\/"]}]},{"@type":"ImageObject","inLanguage":"et","@id":"https:\/\/www.kliinikum.ee\/lastekliinik\/patsiendile\/haiglaopetaja\/#primaryimage","url":"https:\/\/www.kliinikum.ee\/lastekliinik\/wp-content\/uploads\/2024\/02\/IMG_7267-scaled.jpg","contentUrl":"https:\/\/www.kliinikum.ee\/lastekliinik\/wp-content\/uploads\/2024\/02\/IMG_7267-scaled.jpg","width":2560,"height":1706},{"@type":"BreadcrumbList","@id":"https:\/\/www.kliinikum.ee\/lastekliinik\/patsiendile\/haiglaopetaja\/#breadcrumb","itemListElement":[{"@type":"ListItem","position":1,"name":"Patsiendile","item":"https:\/\/www.kliinikum.ee\/lastekliinik\/patsiendile\/"},{"@type":"ListItem","position":2,"name":"Haigla\u00f5petaja"}]},{"@type":"WebSite","@id":"https:\/\/www.kliinikum.ee\/lastekliinik\/#website","url":"https:\/\/www.kliinikum.ee\/lastekliinik\/","name":"Lastekliinik","description":"Hoolivus, Uuendusmeelsus, P\u00e4devus ja Usaldusv\u00e4\u00e4rsus","potentialAction":[{"@type":"SearchAction","target":{"@type":"EntryPoint","urlTemplate":"https:\/\/www.kliinikum.ee\/lastekliinik\/?s={search_term_string}"},"query-input":{"@type":"PropertyValueSpecification","valueRequired":true,"valueName":"search_term_string"}}],"inLanguage":"et"}]}},"uagb_featured_image_src":{"full":false,"thumbnail":false,"medium":false,"medium_large":false,"large":false,"1536x1536":false,"2048x2048":false},"uagb_author_info":{"display_name":"Jane Freimann","author_link":"https:\/\/www.kliinikum.ee\/lastekliinik\/author\/janef\/"},"uagb_comment_info":0,"uagb_excerpt":"Igal lapsel on \u00f5igus haridusele! \u00d5ppekorraldus haiglas on paindlik. Iga \u00f5pilase puhul arvestatakse eelk\u00f5ige tema tervisliku seisundiga \u2013 esikohal on meditsiiniline pool. Palun v\u00f5imalusel kaasa v\u00f5tta \u00f5ppevahendid!","_links":{"self":[{"href":"https:\/\/www.kliinikum.ee\/lastekliinik\/wp-json\/wp\/v2\/pages\/5900","targetHints":{"allow":["GET"]}}],"collection":[{"href":"https:\/\/www.kliinikum.ee\/lastekliinik\/wp-json\/wp\/v2\/pages"}],"about":[{"href":"https:\/\/www.kliinikum.ee\/lastekliinik\/wp-json\/wp\/v2\/types\/page"}],"author":[{"embeddable":true,"href":"https:\/\/www.kliinikum.ee\/lastekliinik\/wp-json\/wp\/v2\/users\/35"}],"replies":[{"embeddable":true,"href":"https:\/\/www.kliinikum.ee\/lastekliinik\/wp-json\/wp\/v2\/comments?post=5900"}],"version-history":[{"count":0,"href":"https:\/\/www.kliinikum.ee\/lastekliinik\/wp-json\/wp\/v2\/pages\/5900\/revisions"}],"up":[{"embeddable":true,"href":"https:\/\/www.kliinikum.ee\/lastekliinik\/wp-json\/wp\/v2\/pages\/15"}],"wp:attachment":[{"href":"https:\/\/www.kliinikum.ee\/lastekliinik\/wp-json\/wp\/v2\/media?parent=5900"}],"curies":[{"name":"wp","href":"https:\/\/api.w.org\/{rel}","templated":true}]}}