{"id":5908,"date":"2023-04-19T13:34:13","date_gmt":"2023-04-19T11:34:13","guid":{"rendered":"https:\/\/www.kliinikum.ee\/lastekliinik\/?page_id=5908"},"modified":"2023-08-15T08:44:32","modified_gmt":"2023-08-15T06:44:32","slug":"nouandetelefonid","status":"publish","type":"page","link":"https:\/\/www.kliinikum.ee\/lastekliinik\/patsiendile\/nouandetelefonid\/","title":{"rendered":"N\u00f5uandetelefonid"},"content":{"rendered":"\n<p class=\"has-medium-font-size\"><strong>\u201eLastearst kuuleb\u201c<\/strong>\u00a0\u00a0telefon <strong>1599\u00a0<\/strong>on tasuline n\u00f5uandetelefon, millele saate helistada kas laua- v\u00f5i mobiiltelefonilt. N\u00f5uandetelefon t\u00f6\u00f6tab \u00f6\u00f6p\u00e4evaringselt 24\/7 (k.a riigip\u00fchad ja n\u00e4dalavahetused).<\/p>\n\n\n\n<p class=\"has-medium-font-size\">Tasuta <strong>perearsti n\u00f5uandetelefon<\/strong>&nbsp;<strong>1220<\/strong> saate n\u00f5u lihtsamate terviseprobleemide korral, juhiseid esmaseks abiks ning vajadusel ka infot tervishoiukorraldust puudutavates k\u00fcsimustes.<\/p>\n\n\n\n<p class=\"has-medium-font-size\"><strong>M\u00fcrgistusinfo<\/strong>&nbsp;<strong>16662<\/strong>&nbsp;on k\u00f5nedele avatud \u00f6\u00f6p\u00e4evaringselt. Telefoniliinile helistamine on anon\u00fc\u00fcmne ning kohaliku k\u00f5ne hinnaga.<\/p>\n\n\n\n<p class=\"has-medium-font-size\"><strong>Lasteabitelefon<\/strong>\u00a0<strong>116 111\u00a0<\/strong>\u00a0teata abivajavast lapsest, info, n\u00f5uanded ja esmane kriisin\u00f5ustamine. Telefon t\u00f6\u00f6tab 24\/7, helistamine on tasuta ja anon\u00fc\u00fcmne.<\/p>\n","protected":false},"excerpt":{"rendered":"<p>\u201eLastearst kuuleb\u201c\u00a0\u00a0telefon 1599\u00a0on tasuline n\u00f5uandetelefon, millele saate helistada kas laua- v\u00f5i mobiiltelefonilt. N\u00f5uandetelefon t\u00f6\u00f6tab \u00f6\u00f6p\u00e4evaringselt 24\/7 (k.a riigip\u00fchad ja n\u00e4dalavahetused). Tasuta perearsti n\u00f5uandetelefon&nbsp;1220 saate n\u00f5u lihtsamate terviseprobleemide korral, juhiseid esmaseks abiks ning vajadusel ka infot tervishoiukorraldust puudutavates k\u00fcsimustes. M\u00fcrgistusinfo&nbsp;16662&nbsp;on k\u00f5nedele avatud \u00f6\u00f6p\u00e4evaringselt. Telefoniliinile helistamine on anon\u00fc\u00fcmne ning kohaliku k\u00f5ne hinnaga. Lasteabitelefon\u00a0116 111\u00a0\u00a0teata abivajavast lapsest, info, [&hellip;]<\/p>\n","protected":false},"author":35,"featured_media":0,"parent":15,"menu_order":3,"comment_status":"closed","ping_status":"closed","template":"","meta":{"_acf_changed":false,"_uag_custom_page_level_css":"","footnotes":""},"class_list":["post-5908","page","type-page","status-publish","hentry"],"acf":[],"yoast_head":"<!-- This site is optimized with the Yoast SEO plugin v27.5 - https:\/\/yoast.com\/product\/yoast-seo-wordpress\/ -->\n<title>N\u00f5uandetelefonid - Lastekliinik<\/title>\n<meta name=\"robots\" content=\"index, follow, max-snippet:-1, max-image-preview:large, max-video-preview:-1\" \/>\n<link rel=\"canonical\" href=\"https:\/\/www.kliinikum.ee\/lastekliinik\/patsiendile\/nouandetelefonid\/\" \/>\n<meta property=\"og:locale\" content=\"et_EE\" \/>\n<meta property=\"og:type\" content=\"article\" \/>\n<meta property=\"og:title\" content=\"N\u00f5uandetelefonid - Lastekliinik\" \/>\n<meta property=\"og:description\" content=\"\u201eLastearst kuuleb\u201c\u00a0\u00a0telefon 1599\u00a0on tasuline n\u00f5uandetelefon, millele saate helistada kas laua- v\u00f5i mobiiltelefonilt. N\u00f5uandetelefon t\u00f6\u00f6tab \u00f6\u00f6p\u00e4evaringselt 24\/7 (k.a riigip\u00fchad ja n\u00e4dalavahetused). Tasuta perearsti n\u00f5uandetelefon&nbsp;1220 saate n\u00f5u lihtsamate terviseprobleemide korral, juhiseid esmaseks abiks ning vajadusel ka infot tervishoiukorraldust puudutavates k\u00fcsimustes. M\u00fcrgistusinfo&nbsp;16662&nbsp;on k\u00f5nedele avatud \u00f6\u00f6p\u00e4evaringselt. Telefoniliinile helistamine on anon\u00fc\u00fcmne ning kohaliku k\u00f5ne hinnaga. Lasteabitelefon\u00a0116 111\u00a0\u00a0teata abivajavast lapsest, info, [&hellip;]\" \/>\n<meta property=\"og:url\" content=\"https:\/\/www.kliinikum.ee\/lastekliinik\/patsiendile\/nouandetelefonid\/\" \/>\n<meta property=\"og:site_name\" content=\"Lastekliinik\" \/>\n<meta property=\"article:modified_time\" content=\"2023-08-15T06:44:32+00:00\" \/>\n<meta name=\"twitter:card\" content=\"summary_large_image\" \/>\n<meta name=\"twitter:label1\" content=\"Est. reading time\" \/>\n\t<meta name=\"twitter:data1\" content=\"1 minut\" \/>\n<script type=\"application\/ld+json\" class=\"yoast-schema-graph\">{\"@context\":\"https:\\\/\\\/schema.org\",\"@graph\":[{\"@type\":\"WebPage\",\"@id\":\"https:\\\/\\\/www.kliinikum.ee\\\/lastekliinik\\\/patsiendile\\\/nouandetelefonid\\\/\",\"url\":\"https:\\\/\\\/www.kliinikum.ee\\\/lastekliinik\\\/patsiendile\\\/nouandetelefonid\\\/\",\"name\":\"N\u00f5uandetelefonid - Lastekliinik\",\"isPartOf\":{\"@id\":\"https:\\\/\\\/www.kliinikum.ee\\\/lastekliinik\\\/#website\"},\"datePublished\":\"2023-04-19T11:34:13+00:00\",\"dateModified\":\"2023-08-15T06:44:32+00:00\",\"breadcrumb\":{\"@id\":\"https:\\\/\\\/www.kliinikum.ee\\\/lastekliinik\\\/patsiendile\\\/nouandetelefonid\\\/#breadcrumb\"},\"inLanguage\":\"et\",\"potentialAction\":[{\"@type\":\"ReadAction\",\"target\":[\"https:\\\/\\\/www.kliinikum.ee\\\/lastekliinik\\\/patsiendile\\\/nouandetelefonid\\\/\"]}]},{\"@type\":\"BreadcrumbList\",\"@id\":\"https:\\\/\\\/www.kliinikum.ee\\\/lastekliinik\\\/patsiendile\\\/nouandetelefonid\\\/#breadcrumb\",\"itemListElement\":[{\"@type\":\"ListItem\",\"position\":1,\"name\":\"Patsiendile\",\"item\":\"https:\\\/\\\/www.kliinikum.ee\\\/lastekliinik\\\/patsiendile\\\/\"},{\"@type\":\"ListItem\",\"position\":2,\"name\":\"N\u00f5uandetelefonid\"}]},{\"@type\":\"WebSite\",\"@id\":\"https:\\\/\\\/www.kliinikum.ee\\\/lastekliinik\\\/#website\",\"url\":\"https:\\\/\\\/www.kliinikum.ee\\\/lastekliinik\\\/\",\"name\":\"Lastekliinik\",\"description\":\"Hoolivus, Uuendusmeelsus, P\u00e4devus ja Usaldusv\u00e4\u00e4rsus\",\"potentialAction\":[{\"@type\":\"SearchAction\",\"target\":{\"@type\":\"EntryPoint\",\"urlTemplate\":\"https:\\\/\\\/www.kliinikum.ee\\\/lastekliinik\\\/?s={search_term_string}\"},\"query-input\":{\"@type\":\"PropertyValueSpecification\",\"valueRequired\":true,\"valueName\":\"search_term_string\"}}],\"inLanguage\":\"et\"}]}<\/script>\n<!-- \/ Yoast SEO plugin. -->","yoast_head_json":{"title":"N\u00f5uandetelefonid - Lastekliinik","robots":{"index":"index","follow":"follow","max-snippet":"max-snippet:-1","max-image-preview":"max-image-preview:large","max-video-preview":"max-video-preview:-1"},"canonical":"https:\/\/www.kliinikum.ee\/lastekliinik\/patsiendile\/nouandetelefonid\/","og_locale":"et_EE","og_type":"article","og_title":"N\u00f5uandetelefonid - Lastekliinik","og_description":"\u201eLastearst kuuleb\u201c\u00a0\u00a0telefon 1599\u00a0on tasuline n\u00f5uandetelefon, millele saate helistada kas laua- v\u00f5i mobiiltelefonilt. N\u00f5uandetelefon t\u00f6\u00f6tab \u00f6\u00f6p\u00e4evaringselt 24\/7 (k.a riigip\u00fchad ja n\u00e4dalavahetused). Tasuta perearsti n\u00f5uandetelefon&nbsp;1220 saate n\u00f5u lihtsamate terviseprobleemide korral, juhiseid esmaseks abiks ning vajadusel ka infot tervishoiukorraldust puudutavates k\u00fcsimustes. M\u00fcrgistusinfo&nbsp;16662&nbsp;on k\u00f5nedele avatud \u00f6\u00f6p\u00e4evaringselt. Telefoniliinile helistamine on anon\u00fc\u00fcmne ning kohaliku k\u00f5ne hinnaga. Lasteabitelefon\u00a0116 111\u00a0\u00a0teata abivajavast lapsest, info, [&hellip;]","og_url":"https:\/\/www.kliinikum.ee\/lastekliinik\/patsiendile\/nouandetelefonid\/","og_site_name":"Lastekliinik","article_modified_time":"2023-08-15T06:44:32+00:00","twitter_card":"summary_large_image","twitter_misc":{"Est. reading time":"1 minut"},"schema":{"@context":"https:\/\/schema.org","@graph":[{"@type":"WebPage","@id":"https:\/\/www.kliinikum.ee\/lastekliinik\/patsiendile\/nouandetelefonid\/","url":"https:\/\/www.kliinikum.ee\/lastekliinik\/patsiendile\/nouandetelefonid\/","name":"N\u00f5uandetelefonid - Lastekliinik","isPartOf":{"@id":"https:\/\/www.kliinikum.ee\/lastekliinik\/#website"},"datePublished":"2023-04-19T11:34:13+00:00","dateModified":"2023-08-15T06:44:32+00:00","breadcrumb":{"@id":"https:\/\/www.kliinikum.ee\/lastekliinik\/patsiendile\/nouandetelefonid\/#breadcrumb"},"inLanguage":"et","potentialAction":[{"@type":"ReadAction","target":["https:\/\/www.kliinikum.ee\/lastekliinik\/patsiendile\/nouandetelefonid\/"]}]},{"@type":"BreadcrumbList","@id":"https:\/\/www.kliinikum.ee\/lastekliinik\/patsiendile\/nouandetelefonid\/#breadcrumb","itemListElement":[{"@type":"ListItem","position":1,"name":"Patsiendile","item":"https:\/\/www.kliinikum.ee\/lastekliinik\/patsiendile\/"},{"@type":"ListItem","position":2,"name":"N\u00f5uandetelefonid"}]},{"@type":"WebSite","@id":"https:\/\/www.kliinikum.ee\/lastekliinik\/#website","url":"https:\/\/www.kliinikum.ee\/lastekliinik\/","name":"Lastekliinik","description":"Hoolivus, Uuendusmeelsus, P\u00e4devus ja Usaldusv\u00e4\u00e4rsus","potentialAction":[{"@type":"SearchAction","target":{"@type":"EntryPoint","urlTemplate":"https:\/\/www.kliinikum.ee\/lastekliinik\/?s={search_term_string}"},"query-input":{"@type":"PropertyValueSpecification","valueRequired":true,"valueName":"search_term_string"}}],"inLanguage":"et"}]}},"uagb_featured_image_src":{"full":false,"thumbnail":false,"medium":false,"medium_large":false,"large":false,"1536x1536":false,"2048x2048":false},"uagb_author_info":{"display_name":"Jane Freimann","author_link":"https:\/\/www.kliinikum.ee\/lastekliinik\/author\/janef\/"},"uagb_comment_info":0,"uagb_excerpt":"\u201eLastearst kuuleb\u201c\u00a0\u00a0telefon 1599\u00a0on tasuline n\u00f5uandetelefon, millele saate helistada kas laua- v\u00f5i mobiiltelefonilt. N\u00f5uandetelefon t\u00f6\u00f6tab \u00f6\u00f6p\u00e4evaringselt 24\/7 (k.a riigip\u00fchad ja n\u00e4dalavahetused). Tasuta perearsti n\u00f5uandetelefon&nbsp;1220 saate n\u00f5u lihtsamate terviseprobleemide korral, juhiseid esmaseks abiks ning vajadusel ka infot tervishoiukorraldust puudutavates k\u00fcsimustes. M\u00fcrgistusinfo&nbsp;16662&nbsp;on k\u00f5nedele avatud \u00f6\u00f6p\u00e4evaringselt. Telefoniliinile helistamine on anon\u00fc\u00fcmne ning kohaliku k\u00f5ne hinnaga. Lasteabitelefon\u00a0116 111\u00a0\u00a0teata abivajavast lapsest, info,&hellip;","_links":{"self":[{"href":"https:\/\/www.kliinikum.ee\/lastekliinik\/wp-json\/wp\/v2\/pages\/5908","targetHints":{"allow":["GET"]}}],"collection":[{"href":"https:\/\/www.kliinikum.ee\/lastekliinik\/wp-json\/wp\/v2\/pages"}],"about":[{"href":"https:\/\/www.kliinikum.ee\/lastekliinik\/wp-json\/wp\/v2\/types\/page"}],"author":[{"embeddable":true,"href":"https:\/\/www.kliinikum.ee\/lastekliinik\/wp-json\/wp\/v2\/users\/35"}],"replies":[{"embeddable":true,"href":"https:\/\/www.kliinikum.ee\/lastekliinik\/wp-json\/wp\/v2\/comments?post=5908"}],"version-history":[{"count":0,"href":"https:\/\/www.kliinikum.ee\/lastekliinik\/wp-json\/wp\/v2\/pages\/5908\/revisions"}],"up":[{"embeddable":true,"href":"https:\/\/www.kliinikum.ee\/lastekliinik\/wp-json\/wp\/v2\/pages\/15"}],"wp:attachment":[{"href":"https:\/\/www.kliinikum.ee\/lastekliinik\/wp-json\/wp\/v2\/media?parent=5908"}],"curies":[{"name":"wp","href":"https:\/\/api.w.org\/{rel}","templated":true}]}}